{"id":12733,"date":"2024-08-17T06:00:00","date_gmt":"2024-08-17T06:00:00","guid":{"rendered":"https:\/\/georgiavoyage.web-reflection.com\/information-juridiques\/"},"modified":"2025-02-20T04:05:45","modified_gmt":"2025-02-20T04:05:45","slug":"legal-information","status":"publish","type":"page","link":"https:\/\/georgiavoyage.ge\/fr\/legal-information\/","title":{"rendered":"INFORMATION JURIDIQUE"},"content":{"rendered":"\t\t<div data-elementor-type=\"wp-page\" data-elementor-id=\"12733\" class=\"elementor elementor-12733 elementor-12715\">\n\t\t\t\t<div class=\"elementor-element elementor-element-a3db806 blogi e-flex e-con-boxed e-con e-parent\" data-id=\"a3db806\" data-element_type=\"container\" data-settings=\"{&quot;background_background&quot;:&quot;classic&quot;}\">\n\t\t\t\t\t<div class=\"e-con-inner\">\n\t\t<div class=\"elementor-element elementor-element-242f925 e-con-full e-flex e-con e-child\" data-id=\"242f925\" data-element_type=\"container\">\n\t\t\t\t<div class=\"elementor-element elementor-element-b9818e8 elementor-widget elementor-widget-heading\" data-id=\"b9818e8\" data-element_type=\"widget\" data-widget_type=\"heading.default\">\n\t\t\t\t<div class=\"elementor-widget-container\">\n\t\t\t\t\t<h6 class=\"elementor-heading-title elementor-size-default\">INFORMATION JURIDIQUE<\/h6>\t\t\t\t<\/div>\n\t\t\t\t<\/div>\n\t\t\t\t<div class=\"elementor-element elementor-element-64deca8 elementor-widget elementor-widget-image\" data-id=\"64deca8\" data-element_type=\"widget\" data-widget_type=\"image.default\">\n\t\t\t\t<div class=\"elementor-widget-container\">\n\t\t\t\t\t\t\t\t\t\t\t\t\t\t\t<img fetchpriority=\"high\" decoding=\"async\" width=\"800\" height=\"235\" src=\"https:\/\/georgiavoyage.ge\/wp-content\/uploads\/2024\/12\/Legal-information.jpg\" class=\"attachment-large size-large wp-image-27711\" alt=\"Legal information\" srcset=\"https:\/\/georgiavoyage.ge\/wp-content\/uploads\/2024\/12\/Legal-information.jpg 850w, https:\/\/georgiavoyage.ge\/wp-content\/uploads\/2024\/12\/Legal-information-300x88.jpg 300w, https:\/\/georgiavoyage.ge\/wp-content\/uploads\/2024\/12\/Legal-information-768x226.jpg 768w, https:\/\/georgiavoyage.ge\/wp-content\/uploads\/2024\/12\/Legal-information-600x176.jpg 600w\" sizes=\"(max-width: 800px) 100vw, 800px\" \/>\t\t\t\t\t\t\t\t\t\t\t\t\t\t\t<\/div>\n\t\t\t\t<\/div>\n\t\t\t\t<div class=\"elementor-element elementor-element-c68d262 elementor-widget elementor-widget-text-editor\" data-id=\"c68d262\" data-element_type=\"widget\" data-widget_type=\"text-editor.default\">\n\t\t\t\t<div class=\"elementor-widget-container\">\n\t\t\t\t\t\t\t\t\t<h5><span style=\"color: #333399;\"><em><span style=\"text-decoration: underline;\">L&rsquo;information de base de l&rsquo;entreprise\u00a0<\/span><\/em><\/span><\/h5><h6><span style=\"color: #000080;\"><em><span style=\"text-decoration: underline;\"><strong>SARL \u00abGeorgia Voyage\u00bb<\/strong><\/span><\/em><\/span><br \/><span style=\"color: #000080;\"><em><span style=\"text-decoration: underline;\">Le num\u00e9ro du certificat du registre gouvernemental: \u041216017848<\/span><\/em><\/span><br \/><span style=\"color: #0000ff;\"><em><span style=\"text-decoration: underline;\">(http:\/\/public.reestri.gov.ge)<\/span><\/em><\/span><br \/><span style=\"color: #000080;\"><em><span style=\"text-decoration: underline;\">NIF (num\u00e9ro d\u2019identification fiscale): 400162854<\/span><\/em><\/span><br \/><span style=\"color: #0000ff;\"><em><span style=\"text-decoration: underline;\">(http:\/\/public.reestri.gov.ge)<\/span><\/em><\/span><br \/><span style=\"color: #000080;\"><em><span style=\"text-decoration: underline;\">Adresse juridique: 14, rue Khertvissi,<\/span><\/em><\/span><br \/><span style=\"color: #000080;\"><em><span style=\"text-decoration: underline;\">0104 Tbilissi, G\u00e9orgie<\/span><\/em><\/span><br \/><span style=\"color: #ff0000;\"><em><span style=\"text-decoration: underline;\"><span style=\"color: #333399; text-decoration: underline;\">T\u00e9l:<\/span> + 995 599256519 (WhatsApp, Viber)<\/span><\/em><\/span><br \/><span style=\"color: #ff0000;\"><em><span style=\"text-decoration: underline;\"><span style=\"color: #333399; text-decoration: underline;\">Email:<\/span> <span style=\"color: #ff0000; text-decoration: underline;\"><a style=\"color: #ff0000; text-decoration: underline;\" href=\"mailto:info@georgiavoyage.ge\">info@georgiavoyage.ge<\/a><\/span><\/span><\/em><\/span><br \/><span style=\"color: #000080;\"><em><span style=\"text-decoration: underline;\">Coordonn\u00e9es bancaires:<\/span><\/em><\/span><br \/><span style=\"color: #000080;\"><em><span style=\"text-decoration: underline;\">Nom de la banque: TBC<\/span><\/em><\/span><br \/><span style=\"color: #000080;\"><em><span style=\"text-decoration: underline;\">BIC: TBCBGE22<\/span><\/em><\/span><br \/><span style=\"color: #000080;\"><em><span style=\"text-decoration: underline;\">Num\u00e9ro de compte: GE24 TB75 0334 5067 8000 05 (LARI,USD,EUR)<\/span><\/em><\/span><\/h6>\t\t\t\t\t\t\t\t<\/div>\n\t\t\t\t<\/div>\n\t\t\t\t<\/div>\n\t\t\t\t\t<\/div>\n\t\t\t\t<\/div>\n\t\t\t\t<\/div>\n\t\t","protected":false},"excerpt":{"rendered":"<p>INFORMATION JURIDIQUE L&rsquo;information de base de l&rsquo;entreprise\u00a0 SARL \u00abGeorgia Voyage\u00bbLe num\u00e9ro du certificat du registre gouvernemental: \u041216017848(http:\/\/public.reestri.gov.ge)NIF (num\u00e9ro d\u2019identification fiscale): 400162854(http:\/\/public.reestri.gov.ge)Adresse juridique: 14, rue Khertvissi,0104 Tbilissi, G\u00e9orgieT\u00e9l: + 995 599256519 (WhatsApp, Viber)Email: info@georgiavoyage.geCoordonn\u00e9es bancaires:Nom de la banque: TBCBIC: TBCBGE22Num\u00e9ro de compte: GE24 TB75 0334 5067 8000 05 (LARI,USD,EUR)<\/p>\n","protected":false},"author":1,"featured_media":0,"parent":0,"menu_order":0,"comment_status":"closed","ping_status":"closed","template":"","meta":{"footnotes":""},"class_list":["post-12733","page","type-page","status-publish","hentry"],"_links":{"self":[{"href":"https:\/\/georgiavoyage.ge\/fr\/wp-json\/wp\/v2\/pages\/12733","targetHints":{"allow":["GET"]}}],"collection":[{"href":"https:\/\/georgiavoyage.ge\/fr\/wp-json\/wp\/v2\/pages"}],"about":[{"href":"https:\/\/georgiavoyage.ge\/fr\/wp-json\/wp\/v2\/types\/page"}],"author":[{"embeddable":true,"href":"https:\/\/georgiavoyage.ge\/fr\/wp-json\/wp\/v2\/users\/1"}],"replies":[{"embeddable":true,"href":"https:\/\/georgiavoyage.ge\/fr\/wp-json\/wp\/v2\/comments?post=12733"}],"version-history":[{"count":0,"href":"https:\/\/georgiavoyage.ge\/fr\/wp-json\/wp\/v2\/pages\/12733\/revisions"}],"wp:attachment":[{"href":"https:\/\/georgiavoyage.ge\/fr\/wp-json\/wp\/v2\/media?parent=12733"}],"curies":[{"name":"wp","href":"https:\/\/api.w.org\/{rel}","templated":true}]}}