{"id":12837,"date":"2024-08-17T06:10:00","date_gmt":"2024-08-17T06:10:00","guid":{"rendered":"https:\/\/georgiavoyage.web-reflection.com\/conditions-de-reservations\/"},"modified":"2025-02-20T04:28:16","modified_gmt":"2025-02-20T04:28:16","slug":"booking-conditions","status":"publish","type":"page","link":"https:\/\/georgiavoyage.ge\/fr\/booking-conditions\/","title":{"rendered":"CONDITIONS DE R\u00c9SERVATIONS"},"content":{"rendered":"\t\t<div data-elementor-type=\"wp-page\" data-elementor-id=\"12837\" class=\"elementor elementor-12837 elementor-12716\">\n\t\t\t\t<div class=\"elementor-element elementor-element-a3db806 blogi e-flex e-con-boxed e-con e-parent\" data-id=\"a3db806\" data-element_type=\"container\" data-settings=\"{&quot;background_background&quot;:&quot;classic&quot;}\">\n\t\t\t\t\t<div class=\"e-con-inner\">\n\t\t<div class=\"elementor-element elementor-element-242f925 e-con-full e-flex e-con e-child\" data-id=\"242f925\" data-element_type=\"container\">\n\t\t\t\t<div class=\"elementor-element elementor-element-efce88a elementor-widget elementor-widget-image\" data-id=\"efce88a\" data-element_type=\"widget\" data-widget_type=\"image.default\">\n\t\t\t\t<div class=\"elementor-widget-container\">\n\t\t\t\t\t\t\t\t\t\t\t\t\t\t\t<img fetchpriority=\"high\" decoding=\"async\" width=\"800\" height=\"266\" src=\"https:\/\/georgiavoyage.ge\/wp-content\/uploads\/2024\/12\/Booking-Conditions.jpg\" class=\"attachment-large size-large wp-image-27713\" alt=\"Booking Conditions\" srcset=\"https:\/\/georgiavoyage.ge\/wp-content\/uploads\/2024\/12\/Booking-Conditions.jpg 850w, https:\/\/georgiavoyage.ge\/wp-content\/uploads\/2024\/12\/Booking-Conditions-300x100.jpg 300w, https:\/\/georgiavoyage.ge\/wp-content\/uploads\/2024\/12\/Booking-Conditions-768x256.jpg 768w, https:\/\/georgiavoyage.ge\/wp-content\/uploads\/2024\/12\/Booking-Conditions-600x200.jpg 600w\" sizes=\"(max-width: 800px) 100vw, 800px\" \/>\t\t\t\t\t\t\t\t\t\t\t\t\t\t\t<\/div>\n\t\t\t\t<\/div>\n\t\t\t\t<div class=\"elementor-element elementor-element-bf79590 elementor-widget elementor-widget-heading\" data-id=\"bf79590\" data-element_type=\"widget\" data-widget_type=\"heading.default\">\n\t\t\t\t<div class=\"elementor-widget-container\">\n\t\t\t\t\t<h2 class=\"elementor-heading-title elementor-size-default\">CONDITIONS DE R\u00c9SERVATIONS<\/h2>\t\t\t\t<\/div>\n\t\t\t\t<\/div>\n\t\t\t\t<div class=\"elementor-element elementor-element-a6e0fc3 elementor-widget elementor-widget-text-editor\" data-id=\"a6e0fc3\" data-element_type=\"widget\" data-widget_type=\"text-editor.default\">\n\t\t\t\t<div class=\"elementor-widget-container\">\n\t\t\t\t\t\t\t\t\t<h6><span style=\"text-decoration: underline; color: #000000;\">Vous pouvez r\u00e9server votre circuit de l&rsquo;une des mani\u00e8res suivantes :<\/span><br \/><span style=\"text-decoration: underline;\"><span style=\"color: #000000; text-decoration: underline;\">Sur la page du circuit qui vous int\u00e9resse, remplissez le formulaire de r\u00e9servation et cliquez ensuite sur le bouton &#8211;<\/span> <span style=\"color: #ff0000; text-decoration: underline;\"><span>R\u00c9SERVER<\/span>.<\/span><\/span><br \/><span style=\"text-decoration: underline;\"><span style=\"color: #000000; text-decoration: underline;\">Envoyez votre application \u00e0 l&rsquo;adresse \u00e9lectronique suivante :<\/span> <span style=\"color: #ff0000; text-decoration: underline;\"><a style=\"color: #ff0000; text-decoration: underline;\" href=\"mailto:info@georgiavoyage.ge\"><span>info@georgiavoyage.ge<\/span><\/a><\/span><\/span><br \/><span style=\"text-decoration: underline;\"><span style=\"color: #000000; text-decoration: underline;\">Contactez-nous par t\u00e9l\u00e9phone &#8211;<\/span> <span style=\"color: #ff0000; text-decoration: underline;\">Viber\/WhatsApp + 995 599 25 65 19<\/span><\/span><br \/><strong><span style=\"text-decoration: underline; color: #0000ff;\">Conditions de r\u00e9servation<\/span><\/strong><br \/><span style=\"text-decoration: underline; color: #000000;\">Apr\u00e8s avoir re\u00e7u votre demande et discut\u00e9 de tous les d\u00e9tails, nous vous enverrons une facture pour un acompte non remboursable.<br \/>Apr\u00e8s avoir re\u00e7u l&rsquo;acompte de 5 \u00e0 10 % du prix total du voyage, vous recevrez une lettre de confirmation, confirmant tous les d\u00e9tails et conditions de votre voyage. <\/span><br \/><span style=\"color: #0000ff;\"><strong><span style=\"text-decoration: underline;\">Conditions de paiement<\/span><\/strong><\/span><br \/><span style=\"text-decoration: underline; color: #000000;\">Apr\u00e8s la r\u00e9servation, un d\u00e9p\u00f4t non remboursable est requis, qui permettra \u00e0 nos coordinateurs de commencer \u00e0 organiser le voyage (r\u00e9servations d&rsquo;h\u00f4tel, repas, transport, etc.).<\/span><br \/><span style=\"color: #000000;\"><span style=\"text-decoration: underline;\">Vous pouvez verser le paiement final apr\u00e8s votre arriv\u00e9e en G\u00e9orgie. Cependant, nous nous r\u00e9servons le droit d\u2019annuler la r\u00e9servation si les paiements ne sont pas effectu\u00e9s \u00e0 temps<\/span><span style=\"text-decoration: underline;\">.<\/span><\/span><br \/><strong><span style=\"text-decoration: underline; color: #0000ff;\">Forme de paiement<\/span><\/strong><br \/><span style=\"color: #000000;\"><strong><span style=\"text-decoration: underline;\">Notre compagnie fournit les modes de paiement suivants::<\/span><\/strong><\/span><br \/><span style=\"text-decoration: underline; color: #ff0000;\">Virement bancaire ;<\/span><br \/><span style=\"text-decoration: underline; color: #ff0000;\">Carte de cr\u00e9dit (en cas de paiement par carte de cr\u00e9dit, le service pr\u00e9l\u00e8ve 2 % du montant total).<\/span><br \/><span style=\"color: #000000;\"><strong><span style=\"text-decoration: underline;\">Le paiement final peut \u00eatre effectu\u00e9 de la mani\u00e8re suivante :<\/span><\/strong><\/span><br \/><span style=\"text-decoration: underline; color: #ff0000;\">Paiement en esp\u00e8ces ;<\/span><br \/><span style=\"text-decoration: underline; color: #ff0000;\">Carte de cr\u00e9dit (en cas de paiement par carte de cr\u00e9dit, le service pr\u00e9l\u00e8ve 2 % du montant total).<\/span><br \/><strong><span style=\"text-decoration: underline; color: #0000ff;\">Conditions d&rsquo;annulation du voyage <\/span><\/strong><br \/><span style=\"text-decoration: underline; color: #000000;\">Si vous ou un membre de votre groupe souhaitez annuler le voyage, veuillez en informer notre soci\u00e9t\u00e9 par \u00e9crit le plus t\u00f4t possible.<br \/>Veuillez noter que dans ce cas, le pr\u00e9paiement n&rsquo;est pas remboursable, mais vous pourrez l&rsquo;utiliser tout au long de l&rsquo;ann\u00e9e et r\u00e9server un autre voyage. <\/span><br \/><span style=\"color: #0000ff;\"><strong><span style=\"text-decoration: underline;\">Droits et obligations des parties<\/span><\/strong><\/span><br \/><span style=\"text-decoration: underline; color: #000000;\">En raison de circonstances imp\u00e9rieuses (conditions m\u00e9t\u00e9orologiques), il se peut que nous modifiions l&rsquo;itin\u00e9raire, mais tout ce qui concerne le service et les attractions restera inchang\u00e9.<\/span><br \/><span style=\"text-decoration: underline; color: #000000;\">Nous vous demandons \u00e9galement de nous faire part de tout m\u00e9contentement ou de toute r\u00e9clamation imm\u00e9diatement et sans d\u00e9lai pendant le voyage.<br \/>Dans la mesure du possible, tous les probl\u00e8mes seront r\u00e9solus.<br \/>Si le touriste ne signale aucun probl\u00e8me, aucune compensation ne sera accord\u00e9e. <\/span><br \/><span style=\"text-decoration: underline; color: #000000;\">Veuillez \u00e9galement noter que Georgia Voyage n&rsquo;est pas responsable des services non inclus dans le prix du voyage, ni de ce que le touriste fait pendant son temps libre.<br \/>Notre responsabilit\u00e9 n&rsquo;est limit\u00e9e que dans les limites du circuit qui vous est propos\u00e9. <\/span><br \/><span style=\"text-decoration: underline; color: #000000;\">La force majeure ou tout autre \u00e9v\u00e9nement ind\u00e9pendant de notre volont\u00e9 et que nous ne pouvons emp\u00eacher lib\u00e8re les deux parties de toute obligation et responsabilit\u00e9.<br \/>En cas de force majeure, nous n&rsquo;accordons aucune indemnit\u00e9. <\/span><br \/><strong><span style=\"text-decoration: underline; color: #0000ff;\">Assurance insolvabilit\u00e9 des entreprises<\/span><\/strong><br \/><span style=\"text-decoration: underline; color: #000000;\">Georgia Voyage garantit le remboursement aux clients des services non ex\u00e9cut\u00e9s, m\u00eame en cas d&rsquo;insolvabilit\u00e9.<\/span><br \/><span style=\"text-decoration: underline; color: #000000;\">Si vous avez d&rsquo;autres questions, n&rsquo;h\u00e9sitez pas \u00e0 nous contacter.<\/span><br \/><span style=\"text-decoration: underline; color: #000000;\">Nous sommes toujours pr\u00eats \u00e0 r\u00e9pondre \u00e0 toutes vos questions, \u00e0 vous donner des conseils et des recommandations qualifi\u00e9s.<\/span><\/h6>\t\t\t\t\t\t\t\t<\/div>\n\t\t\t\t<\/div>\n\t\t\t\t<\/div>\n\t\t\t\t\t<\/div>\n\t\t\t\t<\/div>\n\t\t\t\t<\/div>\n\t\t","protected":false},"excerpt":{"rendered":"<p>CONDITIONS DE R\u00c9SERVATIONS Vous pouvez r\u00e9server votre circuit de l&rsquo;une des mani\u00e8res suivantes :Sur la page du circuit qui vous int\u00e9resse, remplissez le formulaire de r\u00e9servation et cliquez ensuite sur le bouton &#8211; R\u00c9SERVER.Envoyez votre application \u00e0 l&rsquo;adresse \u00e9lectronique suivante : info@georgiavoyage.geContactez-nous par t\u00e9l\u00e9phone &#8211; Viber\/WhatsApp + 995 599 25 65 19Conditions de r\u00e9servationApr\u00e8s avoir [&hellip;]<\/p>\n","protected":false},"author":1,"featured_media":0,"parent":0,"menu_order":0,"comment_status":"closed","ping_status":"closed","template":"","meta":{"footnotes":""},"class_list":["post-12837","page","type-page","status-publish","hentry"],"_links":{"self":[{"href":"https:\/\/georgiavoyage.ge\/fr\/wp-json\/wp\/v2\/pages\/12837","targetHints":{"allow":["GET"]}}],"collection":[{"href":"https:\/\/georgiavoyage.ge\/fr\/wp-json\/wp\/v2\/pages"}],"about":[{"href":"https:\/\/georgiavoyage.ge\/fr\/wp-json\/wp\/v2\/types\/page"}],"author":[{"embeddable":true,"href":"https:\/\/georgiavoyage.ge\/fr\/wp-json\/wp\/v2\/users\/1"}],"replies":[{"embeddable":true,"href":"https:\/\/georgiavoyage.ge\/fr\/wp-json\/wp\/v2\/comments?post=12837"}],"version-history":[{"count":0,"href":"https:\/\/georgiavoyage.ge\/fr\/wp-json\/wp\/v2\/pages\/12837\/revisions"}],"wp:attachment":[{"href":"https:\/\/georgiavoyage.ge\/fr\/wp-json\/wp\/v2\/media?parent=12837"}],"curies":[{"name":"wp","href":"https:\/\/api.w.org\/{rel}","templated":true}]}}