{"id":12895,"date":"2024-08-17T12:39:55","date_gmt":"2024-08-17T12:39:55","guid":{"rendered":"https:\/\/georgiavoyage.web-reflection.com\/payment-conditions\/"},"modified":"2025-02-20T04:41:02","modified_gmt":"2025-02-20T04:41:02","slug":"payment-conditions","status":"publish","type":"page","link":"https:\/\/georgiavoyage.ge\/fr\/payment-conditions\/","title":{"rendered":"MODALIT\u00c9S DE PAIEMENTS"},"content":{"rendered":"\t\t<div data-elementor-type=\"wp-page\" data-elementor-id=\"12895\" class=\"elementor elementor-12895 elementor-12729\">\n\t\t\t\t<div class=\"elementor-element elementor-element-a3db806 blogi e-flex e-con-boxed e-con e-parent\" data-id=\"a3db806\" data-element_type=\"container\" data-settings=\"{&quot;background_background&quot;:&quot;classic&quot;}\">\n\t\t\t\t\t<div class=\"e-con-inner\">\n\t\t<div class=\"elementor-element elementor-element-242f925 e-con-full e-flex e-con e-child\" data-id=\"242f925\" data-element_type=\"container\">\n\t\t\t\t<div class=\"elementor-element elementor-element-fd9cd6a elementor-widget elementor-widget-image\" data-id=\"fd9cd6a\" data-element_type=\"widget\" data-widget_type=\"image.default\">\n\t\t\t\t<div class=\"elementor-widget-container\">\n\t\t\t\t\t\t\t\t\t\t\t\t\t\t\t<img fetchpriority=\"high\" decoding=\"async\" width=\"800\" height=\"235\" src=\"https:\/\/georgiavoyage.ge\/wp-content\/uploads\/2024\/12\/Payment-conditions.jpg\" class=\"attachment-large size-large wp-image-27715\" alt=\"Payment conditions\" srcset=\"https:\/\/georgiavoyage.ge\/wp-content\/uploads\/2024\/12\/Payment-conditions.jpg 850w, https:\/\/georgiavoyage.ge\/wp-content\/uploads\/2024\/12\/Payment-conditions-300x88.jpg 300w, https:\/\/georgiavoyage.ge\/wp-content\/uploads\/2024\/12\/Payment-conditions-768x226.jpg 768w, https:\/\/georgiavoyage.ge\/wp-content\/uploads\/2024\/12\/Payment-conditions-600x176.jpg 600w\" sizes=\"(max-width: 800px) 100vw, 800px\" \/>\t\t\t\t\t\t\t\t\t\t\t\t\t\t\t<\/div>\n\t\t\t\t<\/div>\n\t\t\t\t<div class=\"elementor-element elementor-element-ae677b6 elementor-widget elementor-widget-heading\" data-id=\"ae677b6\" data-element_type=\"widget\" data-widget_type=\"heading.default\">\n\t\t\t\t<div class=\"elementor-widget-container\">\n\t\t\t\t\t<h2 class=\"elementor-heading-title elementor-size-default\">MODALIT\u00c9S DE PAIEMENTS<\/h2>\t\t\t\t<\/div>\n\t\t\t\t<\/div>\n\t\t\t\t<div class=\"elementor-element elementor-element-c68d262 elementor-widget elementor-widget-text-editor\" data-id=\"c68d262\" data-element_type=\"widget\" data-widget_type=\"text-editor.default\">\n\t\t\t\t<div class=\"elementor-widget-container\">\n\t\t\t\t\t\t\t\t\t<h6><span style=\"text-decoration: underline; color: #000000;\">Les tours doivent \u00eatre pay\u00e9s en deux parties: le pr\u00e9paiement et le paiement final.<\/span><br \/><span style=\"text-decoration: underline;\"><strong><span style=\"color: #0000ff; text-decoration: underline;\">Le pr\u00e9paiement<\/span><\/strong><\/span><br \/><span style=\"text-decoration: underline; color: #000000;\">Vous pouvez effectuer un pr\u00e9paiement par l\u2019une des fa\u00e7ons suivantes:<\/span><br \/><span style=\"text-decoration: underline;\"><span style=\"color: #0000ff; text-decoration: underline;\">1. Carte de cr\u00e9dit<\/span><\/span><br \/><span style=\"text-decoration: underline; color: #000000;\">Afin de suivre des demandes banqueaires, apr\u00e8s chaque transaction, nous demandons au d\u00e9tenteur de la carte de cr\u00e9dit de nous envoyer un scan de son passeport. Ceci est n\u00e9cessaire pour se prot\u00e9ger contre les machinations. Veuillez noter que des frais de service de carte de 2% sont appliqu\u00e9s \u00e0 partir de ce montant.<\/span><br \/><span style=\"text-decoration: underline;\"><span style=\"color: #0000ff; text-decoration: underline;\">2. Virement bancaire<\/span><\/span><br \/><span style=\"text-decoration: underline; color: #000000;\">Dans ce cas, nous vous fournissons une facture avec les d\u00e9tails et la somme pour le paiement. La facture sera fournie dans des devises pr\u00e9f\u00e9re\u00e9s (l\u2019euro\/dollars).<\/span><br \/><span style=\"text-decoration: underline;\"><strong><span style=\"color: #0000ff; text-decoration: underline;\">Le paiement final<\/span><\/strong><\/span><br \/><span style=\"text-decoration: underline; color: #000000;\">Le paiement final est effectu\u00e9 apr\u00e8s votre arriv\u00e9e en G\u00e9orgie avant le d\u00e9but de la tourn\u00e9e. Vous pouvez le faire par l\u2019une des fa\u00e7ons suivantes:<\/span><br \/><span style=\"color: #0000ff;\">1. <span style=\"text-decoration: underline;\">Carte de cr\u00e9dit\u00a0 (<\/span><span style=\"text-decoration: underline;\">En cas de paiement par\u00a0 un carte de cr\u00e9dit, 2% de charge est appliqu\u00e9).<\/span><\/span><br \/><span style=\"text-decoration: underline; color: #0000ff;\">2. Les esp\u00e8ces<\/span><\/h6><h6 style=\"text-align: center;\"><span style=\"text-decoration: underline; color: #000000;\"><strong>Paiement par virement bancaire<\/strong><\/span><\/h6><h6 style=\"text-align: center;\"><span style=\"text-decoration: underline; color: #000000;\">LLC GEORGIA VOYAGE<\/span><br \/><span style=\"text-decoration: underline; color: #000000;\">Service Bank: TBC Bank<\/span><br \/><span style=\"text-decoration: underline; color: #000000;\">Bank swift code: TBCBGE22<\/span><br \/><span style=\"text-decoration: underline; color: #000000;\">Bank account Number<\/span><br \/><span style=\"text-decoration: underline; color: #000000;\">GE24 TB75 0334 5067 8000 05 (LARI,USD,EUR)<\/span><\/h6><h6 style=\"text-align: center;\"><span style=\"text-decoration: underline;\"><span style=\"color: #0000ff; text-decoration: underline;\">LLC GEORGIA VOYAGE<\/span><\/span><br \/><span style=\"text-decoration: underline;\"><span style=\"color: #0000ff; text-decoration: underline;\">400162854<\/span><\/span><br \/><span style=\"text-decoration: underline;\"><span style=\"color: #0000ff; text-decoration: underline;\">Khertvisi str. 14<\/span><\/span><br \/><span style=\"text-decoration: underline;\"><span style=\"color: #0000ff; text-decoration: underline;\">0104 Tbilisi<\/span><\/span><br \/><span style=\"text-decoration: underline;\"><span style=\"color: #0000ff; text-decoration: underline;\">Georgia<\/span><\/span><\/h6>\t\t\t\t\t\t\t\t<\/div>\n\t\t\t\t<\/div>\n\t\t\t\t<\/div>\n\t\t\t\t\t<\/div>\n\t\t\t\t<\/div>\n\t\t\t\t<\/div>\n\t\t","protected":false},"excerpt":{"rendered":"<p>MODALIT\u00c9S DE PAIEMENTS Les tours doivent \u00eatre pay\u00e9s en deux parties: le pr\u00e9paiement et le paiement final.Le pr\u00e9paiementVous pouvez effectuer un pr\u00e9paiement par l\u2019une des fa\u00e7ons suivantes:1. Carte de cr\u00e9ditAfin de suivre des demandes banqueaires, apr\u00e8s chaque transaction, nous demandons au d\u00e9tenteur de la carte de cr\u00e9dit de nous envoyer un scan de son passeport. [&hellip;]<\/p>\n","protected":false},"author":1,"featured_media":0,"parent":0,"menu_order":0,"comment_status":"closed","ping_status":"closed","template":"","meta":{"footnotes":""},"class_list":["post-12895","page","type-page","status-publish","hentry"],"_links":{"self":[{"href":"https:\/\/georgiavoyage.ge\/fr\/wp-json\/wp\/v2\/pages\/12895","targetHints":{"allow":["GET"]}}],"collection":[{"href":"https:\/\/georgiavoyage.ge\/fr\/wp-json\/wp\/v2\/pages"}],"about":[{"href":"https:\/\/georgiavoyage.ge\/fr\/wp-json\/wp\/v2\/types\/page"}],"author":[{"embeddable":true,"href":"https:\/\/georgiavoyage.ge\/fr\/wp-json\/wp\/v2\/users\/1"}],"replies":[{"embeddable":true,"href":"https:\/\/georgiavoyage.ge\/fr\/wp-json\/wp\/v2\/comments?post=12895"}],"version-history":[{"count":0,"href":"https:\/\/georgiavoyage.ge\/fr\/wp-json\/wp\/v2\/pages\/12895\/revisions"}],"wp:attachment":[{"href":"https:\/\/georgiavoyage.ge\/fr\/wp-json\/wp\/v2\/media?parent=12895"}],"curies":[{"name":"wp","href":"https:\/\/api.w.org\/{rel}","templated":true}]}}