{"id":12978,"date":"2024-08-17T17:44:59","date_gmt":"2024-08-17T17:44:59","guid":{"rendered":"https:\/\/georgiavoyage.web-reflection.com\/confidentiality\/"},"modified":"2025-02-20T05:33:11","modified_gmt":"2025-02-20T05:33:11","slug":"confidentiality","status":"publish","type":"page","link":"https:\/\/georgiavoyage.ge\/fr\/confidentiality\/","title":{"rendered":"CONFIDENTIALIT\u00c9"},"content":{"rendered":"\t\t<div data-elementor-type=\"wp-page\" data-elementor-id=\"12978\" class=\"elementor elementor-12978 elementor-12954\">\n\t\t\t\t<div class=\"elementor-element elementor-element-a3db806 blogi e-flex e-con-boxed e-con e-parent\" data-id=\"a3db806\" data-element_type=\"container\" data-settings=\"{&quot;background_background&quot;:&quot;classic&quot;}\">\n\t\t\t\t\t<div class=\"e-con-inner\">\n\t\t<div class=\"elementor-element elementor-element-242f925 e-con-full e-flex e-con e-child\" data-id=\"242f925\" data-element_type=\"container\">\n\t\t\t\t<div class=\"elementor-element elementor-element-6712fdb elementor-widget elementor-widget-image\" data-id=\"6712fdb\" data-element_type=\"widget\" data-widget_type=\"image.default\">\n\t\t\t\t<div class=\"elementor-widget-container\">\n\t\t\t\t\t\t\t\t\t\t\t\t\t\t\t<img fetchpriority=\"high\" decoding=\"async\" width=\"800\" height=\"235\" src=\"https:\/\/georgiavoyage.ge\/wp-content\/uploads\/2024\/12\/Confidentiality.jpg\" class=\"attachment-large size-large wp-image-27719\" alt=\"Confidentiality\" srcset=\"https:\/\/georgiavoyage.ge\/wp-content\/uploads\/2024\/12\/Confidentiality.jpg 850w, https:\/\/georgiavoyage.ge\/wp-content\/uploads\/2024\/12\/Confidentiality-300x88.jpg 300w, https:\/\/georgiavoyage.ge\/wp-content\/uploads\/2024\/12\/Confidentiality-768x226.jpg 768w, https:\/\/georgiavoyage.ge\/wp-content\/uploads\/2024\/12\/Confidentiality-600x176.jpg 600w\" sizes=\"(max-width: 800px) 100vw, 800px\" \/>\t\t\t\t\t\t\t\t\t\t\t\t\t\t\t<\/div>\n\t\t\t\t<\/div>\n\t\t\t\t<div class=\"elementor-element elementor-element-f7a8850 elementor-widget elementor-widget-heading\" data-id=\"f7a8850\" data-element_type=\"widget\" data-widget_type=\"heading.default\">\n\t\t\t\t<div class=\"elementor-widget-container\">\n\t\t\t\t\t<h2 class=\"elementor-heading-title elementor-size-default\">CONFIDENTIALIT\u00c9<\/h2>\t\t\t\t<\/div>\n\t\t\t\t<\/div>\n\t\t\t\t<div class=\"elementor-element elementor-element-c68d262 elementor-widget elementor-widget-text-editor\" data-id=\"c68d262\" data-element_type=\"widget\" data-widget_type=\"text-editor.default\">\n\t\t\t\t<div class=\"elementor-widget-container\">\n\t\t\t\t\t\t\t\t\t<h6><span style=\"text-decoration: underline; color: #0000ff;\"><strong>D\u00e9claration de confidentialit\u00e9<\/strong><\/span><br \/><span style=\"text-decoration: underline; color: #000000;\">Agence de Voyage \u00abGeorgia Voyage\u00bb, ne recueille pas d\u2019information personnelle de ses clients, \u00e0 moins qu\u2019ils se la souhaitent pr\u00e9senter, qu\u2019est tout \u00e0 fait volontaire. Nous utilisons l\u2019information personnelle seulement pour vous fournir avec l\u2019information demand\u00e9e ou r\u00e9pondre \u00e0 vos questions ou messages.<\/span><br \/><span style=\"text-decoration: underline; color: #000000;\">Il y a aussi quelques types d\u2019information qui sont stock\u00e9es automatiquement sur notre site: votre adresse IP et la date de vos visites au site. Cette information est n\u00e9cessaire pour compter les visiteurs et faire le site plus utile.<\/span><br \/><span style=\"text-decoration: underline; color: #0000ff;\"><strong>Les ressources sociales<\/strong><\/span><br \/><span style=\"text-decoration: underline; color: #000000;\">Sur notre site, vous pouvez trouver des liens vers les ressources sociales. Nous les utilisons pour communiquer avec le public \u00e0 travers le monde, d\u2019informer sur les diff\u00e9rentes activit\u00e9s et tourn\u00e9es, ainsi que d\u2019interagir avec le public. Cependant, nous ne utilisons pas ces web pages pour recueillir ou stocker de l\u2019information personnelle. Aucune information personnelle ne sera \u00e9t\u00e9 divulgu\u00e9e, vendue ou transf\u00e9r\u00e9e aux autres personnes qui ne font pas partie de notre agence de Voyage.<\/span><br \/><span style=\"text-decoration: underline; color: #000000;\">De temps en temps, nous pouvons organiser des sondages en ligne pour apprendre les opinions de nos visiteurs. Cette \u00e9tude ainsi ne recueille aucune information personnelle, et la participation ne est pas obligatoire.<\/span><br \/><span style=\"text-decoration: underline; color: #0000ff;\"><strong>L\u2019 information du suivi (cookies)<\/strong><\/span><br \/><span style=\"text-decoration: underline; color: #000000;\">Les cookies sont de petits files de texte qui sont cr\u00e9\u00e9s lors de votre visite sur le site et sont envoy\u00e9s \u00e0 votre ordinateur pour enregistrer des informations sp\u00e9cifiques sur votre session. Il est important de noter que l\u2019information stock\u00e9e dans le \u00ab cookie \u00bb est accessible seulement pour le Web site qui l\u2019envoye.<\/span><br \/><span style=\"text-decoration: underline; color: #000000;\">Il existe des cookies sessions et persistantes, qui sont utilis\u00e9s pour stocker des pr\u00e9f\u00e9rences personnelles des clients, optimiser la navigation sur le site et d\u00e9terminer si l\u2019utilisateur a entr\u00e9 le site pour la premi\u00e8re fois.<\/span><br \/><span style=\"color: #000000;\"><span style=\"text-decoration: underline;\">Si pour une raison quelconque, vous ne voulez pas les cookies \u00eatre stock\u00e9s sur votre ordinateur, il suffit de d\u00e9sactiver cette option dans votre<\/span> navigateur.<\/span><\/h6>\t\t\t\t\t\t\t\t<\/div>\n\t\t\t\t<\/div>\n\t\t\t\t<\/div>\n\t\t\t\t\t<\/div>\n\t\t\t\t<\/div>\n\t\t\t\t<\/div>\n\t\t","protected":false},"excerpt":{"rendered":"<p>CONFIDENTIALIT\u00c9 D\u00e9claration de confidentialit\u00e9Agence de Voyage \u00abGeorgia Voyage\u00bb, ne recueille pas d\u2019information personnelle de ses clients, \u00e0 moins qu\u2019ils se la souhaitent pr\u00e9senter, qu\u2019est tout \u00e0 fait volontaire. Nous utilisons l\u2019information personnelle seulement pour vous fournir avec l\u2019information demand\u00e9e ou r\u00e9pondre \u00e0 vos questions ou messages.Il y a aussi quelques types d\u2019information qui sont stock\u00e9es [&hellip;]<\/p>\n","protected":false},"author":1,"featured_media":0,"parent":0,"menu_order":0,"comment_status":"closed","ping_status":"closed","template":"","meta":{"footnotes":""},"class_list":["post-12978","page","type-page","status-publish","hentry"],"_links":{"self":[{"href":"https:\/\/georgiavoyage.ge\/fr\/wp-json\/wp\/v2\/pages\/12978","targetHints":{"allow":["GET"]}}],"collection":[{"href":"https:\/\/georgiavoyage.ge\/fr\/wp-json\/wp\/v2\/pages"}],"about":[{"href":"https:\/\/georgiavoyage.ge\/fr\/wp-json\/wp\/v2\/types\/page"}],"author":[{"embeddable":true,"href":"https:\/\/georgiavoyage.ge\/fr\/wp-json\/wp\/v2\/users\/1"}],"replies":[{"embeddable":true,"href":"https:\/\/georgiavoyage.ge\/fr\/wp-json\/wp\/v2\/comments?post=12978"}],"version-history":[{"count":0,"href":"https:\/\/georgiavoyage.ge\/fr\/wp-json\/wp\/v2\/pages\/12978\/revisions"}],"wp:attachment":[{"href":"https:\/\/georgiavoyage.ge\/fr\/wp-json\/wp\/v2\/media?parent=12978"}],"curies":[{"name":"wp","href":"https:\/\/api.w.org\/{rel}","templated":true}]}}