{"id":13045,"date":"2024-08-17T21:35:07","date_gmt":"2024-08-17T21:35:07","guid":{"rendered":"https:\/\/georgiavoyage.web-reflection.com\/visa-requirements\/"},"modified":"2025-02-20T16:55:21","modified_gmt":"2025-02-20T16:55:21","slug":"visa-requirements-in-georgia","status":"publish","type":"page","link":"https:\/\/georgiavoyage.ge\/fr\/visa-requirements-in-georgia\/","title":{"rendered":"FORMALIT\u00c9S D\u2019ENTR\u00c9E"},"content":{"rendered":"\t\t<div data-elementor-type=\"wp-page\" data-elementor-id=\"13045\" class=\"elementor elementor-13045 elementor-12988\">\n\t\t\t\t<div class=\"elementor-element elementor-element-a3db806 blogi e-flex e-con-boxed e-con e-parent\" data-id=\"a3db806\" data-element_type=\"container\" data-settings=\"{&quot;background_background&quot;:&quot;classic&quot;}\">\n\t\t\t\t\t<div class=\"e-con-inner\">\n\t\t<div class=\"elementor-element elementor-element-242f925 e-con-full e-flex e-con e-child\" data-id=\"242f925\" data-element_type=\"container\">\n\t\t\t\t<div class=\"elementor-element elementor-element-b9818e8 elementor-widget elementor-widget-heading\" data-id=\"b9818e8\" data-element_type=\"widget\" data-widget_type=\"heading.default\">\n\t\t\t\t<div class=\"elementor-widget-container\">\n\t\t\t\t\t<h6 class=\"elementor-heading-title elementor-size-default\">FORMALIT\u00c9S D\u2019ENTR\u00c9E<\/h6>\t\t\t\t<\/div>\n\t\t\t\t<\/div>\n\t\t\t\t<div class=\"elementor-element elementor-element-f4e0191 elementor-widget elementor-widget-image\" data-id=\"f4e0191\" data-element_type=\"widget\" data-widget_type=\"image.default\">\n\t\t\t\t<div class=\"elementor-widget-container\">\n\t\t\t\t\t\t\t\t\t\t\t\t\t\t\t<img fetchpriority=\"high\" decoding=\"async\" width=\"800\" height=\"282\" src=\"https:\/\/georgiavoyage.ge\/wp-content\/uploads\/2024\/12\/Visa-requirements.jpg\" class=\"attachment-large size-large wp-image-27721\" alt=\"Visa requirements\" srcset=\"https:\/\/georgiavoyage.ge\/wp-content\/uploads\/2024\/12\/Visa-requirements.jpg 850w, https:\/\/georgiavoyage.ge\/wp-content\/uploads\/2024\/12\/Visa-requirements-300x106.jpg 300w, https:\/\/georgiavoyage.ge\/wp-content\/uploads\/2024\/12\/Visa-requirements-768x271.jpg 768w, https:\/\/georgiavoyage.ge\/wp-content\/uploads\/2024\/12\/Visa-requirements-600x212.jpg 600w\" sizes=\"(max-width: 800px) 100vw, 800px\" \/>\t\t\t\t\t\t\t\t\t\t\t\t\t\t\t<\/div>\n\t\t\t\t<\/div>\n\t\t\t\t<div class=\"elementor-element elementor-element-c68d262 elementor-widget elementor-widget-text-editor\" data-id=\"c68d262\" data-element_type=\"widget\" data-widget_type=\"text-editor.default\">\n\t\t\t\t<div class=\"elementor-widget-container\">\n\t\t\t\t\t\t\t\t\t<h6><span style=\"text-decoration: underline; color: #000000;\">Formalit\u00e9s d&rsquo;entr\u00e9e en G\u00e9orgie<\/span><\/h6><h6><span style=\"text-decoration: underline; color: #000000;\">Les citoyens de l&rsquo;ex-URSS et des pays de l&rsquo;UE n&rsquo;ont pas besoin de visa pour entrer en G\u00e9orgie.<br \/>Dans le m\u00eame temps, la dur\u00e9e du s\u00e9jour dans le pays ne peut exc\u00e9der 360 jours par an.<br \/>Lors du passage de la fronti\u00e8re, il est n\u00e9cessaire de pr\u00e9senter un passeport \u00e9tranger valable pour toute la dur\u00e9e du s\u00e9jour dans le pays.<br \/>une autorisation parentale notari\u00e9e pour l&rsquo;exportation d&rsquo;un enfant mineur, des documents relatifs \u00e0 la voiture, une police d&rsquo;assurance. <\/span><\/h6><h6><span style=\"text-decoration: underline; color: #000000;\">Les ressortissants \u00e9trangers d&rsquo;autres pays ne peuvent entrer dans le pays ou transiter par son territoire que s&rsquo;ils sont en possession d&rsquo;un visa d&rsquo;entr\u00e9e en G\u00e9orgie.<\/span><\/h6><h6><span style=\"text-decoration: underline; color: #000000;\">Le minist\u00e8re des affaires \u00e9trang\u00e8res de la G\u00e9orgie, les missions diplomatiques et les bureaux consulaires de la G\u00e9orgie \u00e0 l&rsquo;\u00e9tranger d\u00e9cident de la d\u00e9livrance d&rsquo;un visa \u00e9lectronique de courte dur\u00e9e pour la G\u00e9orgie, sur pr\u00e9sentation de la demande de visa correspondante.<\/span><\/h6><h6><span style=\"text-decoration: underline; color: #000000;\">Le visa \u00e9lectronique de courte dur\u00e9e de la G\u00e9orgie est d\u00e9livr\u00e9 apr\u00e8s l&rsquo;introduction d&rsquo;une demande de visa sur une page sp\u00e9ciale du minist\u00e8re des affaires \u00e9trang\u00e8res de la G\u00e9orgie <span style=\"color: #ff0000; text-decoration: underline;\"><a style=\"color: #ff0000; text-decoration: underline;\" href=\"https:\/\/www.evisa.gov.ge\/GeoVisa\/fr\">(https:\/\/www.evisa.gov.ge) <em><strong><a href=\"mailto:info@georgiavoyage.ge\"><img decoding=\"async\" class=\"\" src=\"https:\/\/georgiavoyage.ge\/wp-content\/uploads\/2024\/08\/Pointer.png\" width=\"23\" height=\"23\" \/><\/a>\u00a0<\/strong><\/em><\/a><\/span><\/span><\/h6><h6><span style=\"text-decoration: underline; color: #000000;\">Les personnes dont le passeport porte des marques indiquant qu&rsquo;elles se sont rendues en Abkhazie ou en Oss\u00e9tie du Sud se verront refuser l&rsquo;entr\u00e9e en G\u00e9orgie.<br \/>L&rsquo;entr\u00e9e des \u00e9trangers en G\u00e9orgie directement par l&rsquo;Oss\u00e9tie du Sud et l&rsquo;Abkhazie est interdite &#8211; dans ce cas, les autorit\u00e9s g\u00e9orgiennes consid\u00e8rent cette entr\u00e9e comme ill\u00e9gale, avec toutes les cons\u00e9quences que cela implique. <\/span><\/h6><h6><span style=\"text-decoration: underline; color: #0000ff;\">Liste des pays dont les ressortissants peuvent s\u00e9journer en G\u00e9orgie sans visa pendant un an :<\/span><\/h6><ul><li><h6><span style=\"text-decoration: underline; color: #0000ff;\">Australie, Autriche, Azerba\u00efdjan, Albanie, Andorre, Antigua-et-Barbuda, Argentine, Arm\u00e9nie,<\/span><\/h6><\/li><li><h6><span style=\"text-decoration: underline; color: #0000ff;\">Barbade, Bahre\u00efn, Bi\u00e9lorussie, Belgique, Belize, Bosnie-Herz\u00e9govine, Botswana, Br\u00e9sil, Brunei, Bulgarie,<\/span><\/h6><\/li><li><h6><span style=\"text-decoration: underline; color: #0000ff;\">Royaume-Uni, territoires britanniques d&rsquo;outre-mer, Hongrie, Cit\u00e9 du Vatican,<\/span><\/h6><\/li><li><h6><span style=\"text-decoration: underline; color: #0000ff;\">Allemagne, Gr\u00e8ce, Honduras,<\/span><\/h6><\/li><li><h6><span style=\"text-decoration: underline; color: #0000ff;\">Danemark, Territoires du Royaume du Danemark, Dominique,<\/span><\/h6><\/li><li><h6><span style=\"text-decoration: underline; color: #0000ff;\">Isra\u00ebl, Irlande, Islande, Espagne, Italie,<\/span><\/h6><\/li><li><h6><span style=\"text-decoration: underline; color: #0000ff;\">Canada, Colombie, Costa Rica, Chypre, Qatar, Kowe\u00eft, Kirghizstan, Kazakhstan,<\/span><\/h6><\/li><li><h6><span style=\"text-decoration: underline; color: #0000ff;\">Lettonie, Lituanie, Liban, Liechtenstein, Luxembourg,<\/span><\/h6><\/li><li><h6><span style=\"text-decoration: underline; color: #0000ff;\">Malaisie, Malte, Maurice, Mexique, Monaco, Moldavie, Mont\u00e9n\u00e9gro,<\/span><\/h6><\/li><li><h6><span style=\"text-decoration: underline; color: #0000ff;\">Nouvelle-Z\u00e9lande, Pays-Bas, Territoires n\u00e9erlandais, Norv\u00e8ge,<\/span><\/h6><\/li><li><h6><span style=\"text-decoration: underline; color: #0000ff;\">\u00c9mirats arabes unis, Oman,<\/span><\/h6><\/li><li><h6><span style=\"text-decoration: underline; color: #0000ff;\">Panama, Pologne, Portugal,<\/span><\/h6><\/li><li><h6><span style=\"text-decoration: underline; color: #0000ff;\">Roumanie, Russie,<\/span><\/h6><\/li><li><h6><span style=\"text-decoration: underline; color: #0000ff;\">El Salvador, Saint-Marin, Arabie Saoudite, Seychelles,<\/span><\/h6><\/li><li><h6><span style=\"text-decoration: underline; color: #0000ff;\">Saint-Vincent-et-les-Grenadines, Serbie, Singapour,<\/span><\/h6><\/li><li><h6><span style=\"text-decoration: underline; color: #0000ff;\">Slovaquie, Slov\u00e9nie, \u00c9tats-Unis, Commonwealth des Bahamas,<\/span><\/h6><\/li><li><h6><span style=\"text-decoration: underline; color: #0000ff;\">Turquie, Turkm\u00e9nistan, Tha\u00eflande, Tadjikistan,<\/span><\/h6><\/li><li><h6><span style=\"text-decoration: underline; color: #0000ff;\">Ukraine, Ouzb\u00e9kistan,<\/span><\/h6><\/li><li><h6><span style=\"text-decoration: underline; color: #0000ff;\">Finlande, France, Territoires fran\u00e7ais,<\/span><\/h6><\/li><li><h6><span style=\"text-decoration: underline; color: #0000ff;\">Croatie,<\/span><\/h6><\/li><li><h6><span style=\"text-decoration: underline; color: #0000ff;\">R\u00e9publique tch\u00e8que,<\/span><\/h6><\/li><li><h6><span style=\"text-decoration: underline; color: #0000ff;\">Su\u00e8de, Suisse,<\/span><\/h6><\/li><li><h6><span style=\"text-decoration: underline; color: #0000ff;\">\u00c9quateur, Estonie,<\/span><\/h6><\/li><li><h6><span style=\"text-decoration: underline; color: #0000ff;\">Cor\u00e9e du Sud, Afrique du Sud,<\/span><\/h6><\/li><li><h6><span style=\"text-decoration: underline; color: #0000ff;\">Japon.<\/span><\/h6><\/li><\/ul>\t\t\t\t\t\t\t\t<\/div>\n\t\t\t\t<\/div>\n\t\t\t\t<\/div>\n\t\t\t\t\t<\/div>\n\t\t\t\t<\/div>\n\t\t\t\t<\/div>\n\t\t","protected":false},"excerpt":{"rendered":"<p>FORMALIT\u00c9S D\u2019ENTR\u00c9E Formalit\u00e9s d&rsquo;entr\u00e9e en G\u00e9orgie Les citoyens de l&rsquo;ex-URSS et des pays de l&rsquo;UE n&rsquo;ont pas besoin de visa pour entrer en G\u00e9orgie.Dans le m\u00eame temps, la dur\u00e9e du s\u00e9jour dans le pays ne peut exc\u00e9der 360 jours par an.Lors du passage de la fronti\u00e8re, il est n\u00e9cessaire de pr\u00e9senter un passeport \u00e9tranger valable [&hellip;]<\/p>\n","protected":false},"author":1,"featured_media":0,"parent":0,"menu_order":0,"comment_status":"closed","ping_status":"closed","template":"","meta":{"footnotes":""},"class_list":["post-13045","page","type-page","status-publish","hentry"],"_links":{"self":[{"href":"https:\/\/georgiavoyage.ge\/fr\/wp-json\/wp\/v2\/pages\/13045","targetHints":{"allow":["GET"]}}],"collection":[{"href":"https:\/\/georgiavoyage.ge\/fr\/wp-json\/wp\/v2\/pages"}],"about":[{"href":"https:\/\/georgiavoyage.ge\/fr\/wp-json\/wp\/v2\/types\/page"}],"author":[{"embeddable":true,"href":"https:\/\/georgiavoyage.ge\/fr\/wp-json\/wp\/v2\/users\/1"}],"replies":[{"embeddable":true,"href":"https:\/\/georgiavoyage.ge\/fr\/wp-json\/wp\/v2\/comments?post=13045"}],"version-history":[{"count":0,"href":"https:\/\/georgiavoyage.ge\/fr\/wp-json\/wp\/v2\/pages\/13045\/revisions"}],"wp:attachment":[{"href":"https:\/\/georgiavoyage.ge\/fr\/wp-json\/wp\/v2\/media?parent=13045"}],"curies":[{"name":"wp","href":"https:\/\/api.w.org\/{rel}","templated":true}]}}