{"id":13059,"date":"2024-08-18T04:51:37","date_gmt":"2024-08-18T04:51:37","guid":{"rendered":"https:\/\/georgiavoyage.web-reflection.com\/georgian-folklore\/"},"modified":"2025-02-21T07:10:14","modified_gmt":"2025-02-21T07:10:14","slug":"georgian-folklore","status":"publish","type":"page","link":"https:\/\/georgiavoyage.ge\/fr\/georgian-folklore\/","title":{"rendered":"FOLKLORE G\u00c9ORGIEN"},"content":{"rendered":"\t\t<div data-elementor-type=\"wp-page\" data-elementor-id=\"13059\" class=\"elementor elementor-13059 elementor-12718\">\n\t\t\t\t<div class=\"elementor-element elementor-element-a3db806 blogi e-flex e-con-boxed e-con e-parent\" data-id=\"a3db806\" data-element_type=\"container\" data-settings=\"{&quot;background_background&quot;:&quot;classic&quot;}\">\n\t\t\t\t\t<div class=\"e-con-inner\">\n\t\t<div class=\"elementor-element elementor-element-242f925 e-con-full e-flex e-con e-child\" data-id=\"242f925\" data-element_type=\"container\">\n\t\t\t\t<div class=\"elementor-element elementor-element-f4e0191 elementor-widget elementor-widget-image\" data-id=\"f4e0191\" data-element_type=\"widget\" data-widget_type=\"image.default\">\n\t\t\t\t<div class=\"elementor-widget-container\">\n\t\t\t\t\t\t\t\t\t\t\t\t\t\t\t<img fetchpriority=\"high\" decoding=\"async\" width=\"800\" height=\"358\" src=\"https:\/\/georgiavoyage.ge\/wp-content\/uploads\/2025\/02\/Georgian-Folklor.jpg\" class=\"attachment-large size-large wp-image-32550\" alt=\"Georgian folklore - The expressions of the Georgian identity\" srcset=\"https:\/\/georgiavoyage.ge\/wp-content\/uploads\/2025\/02\/Georgian-Folklor.jpg 850w, https:\/\/georgiavoyage.ge\/wp-content\/uploads\/2025\/02\/Georgian-Folklor-300x134.jpg 300w, https:\/\/georgiavoyage.ge\/wp-content\/uploads\/2025\/02\/Georgian-Folklor-768x343.jpg 768w, https:\/\/georgiavoyage.ge\/wp-content\/uploads\/2025\/02\/Georgian-Folklor-600x268.jpg 600w\" sizes=\"(max-width: 800px) 100vw, 800px\" \/>\t\t\t\t\t\t\t\t\t\t\t\t\t\t\t<\/div>\n\t\t\t\t<\/div>\n\t\t\t\t<div class=\"elementor-element elementor-element-b9818e8 elementor-widget elementor-widget-heading\" data-id=\"b9818e8\" data-element_type=\"widget\" data-widget_type=\"heading.default\">\n\t\t\t\t<div class=\"elementor-widget-container\">\n\t\t\t\t\t<h6 class=\"elementor-heading-title elementor-size-default\">FOLKLORE G\u00c9ORGIEN<\/h6>\t\t\t\t<\/div>\n\t\t\t\t<\/div>\n\t\t\t\t<div class=\"elementor-element elementor-element-c68d262 elementor-widget elementor-widget-text-editor\" data-id=\"c68d262\" data-element_type=\"widget\" data-widget_type=\"text-editor.default\">\n\t\t\t\t<div class=\"elementor-widget-container\">\n\t\t\t\t\t\t\t\t\t<h6><span style=\"text-decoration: underline; color: #000000;\">Le folklore g\u00e9orgien est l\u2019une des parties les plus remarquables du patrimoine culturel mondial. Le peuple g\u00e9orgien est connu pour sa culture et ses traditions uniques, un peuple o\u00f9 l\u2019on peut trouver un grand talent chez chaque personne sur deux et o\u00f9 chaque personne sur deux a une bonne oreille pour la musique et une bonne voix. Au fil des si\u00e8cles, des \u00e9chantillons uniques du folklore g\u00e9orgien ont \u00e9t\u00e9 cr\u00e9\u00e9s \u2013 des \u0153uvres inimitables de chanteurs, danseurs, musiciens folkloriques, ma\u00eetres des beaux-arts et des arts appliqu\u00e9s. Chanson polyphonique g\u00e9orgienne, litt\u00e9rature, danse g\u00e9orgienne, ornement g\u00e9orgien, c\u00e9ramique, \u00e9mail cloisonn\u00e9, peinture murale, v\u00eatements g\u00e9orgiens, broderies d\u2019or et d\u2019argent, armes et armures g\u00e9orgiennes \u2026<\/span><\/h6><h6><span style=\"text-decoration: underline; color: #000000;\"><span>Le folklore g\u00e9orgien remonte \u00e0 l\u2019Antiquit\u00e9 et constitue l\u2019histoire du peuple g\u00e9orgien. La description des chants et des danses g\u00e9orgiennes se trouve pour la premi\u00e8re fois dans d\u2019anciennes sources \u00e9crites assyriennes et grecques. Le roi assyrien Sargon (714 avant JC) raconte leurs \u00abjoyeux chants\u00bb pendant la guerre avec les lointains anc\u00eatres des G\u00e9orgiens. L\u2019historien grec X\u00e9nophon (V-IV si\u00e8cles avant JC) \u00e0 Anabasis d\u00e9crit les danses de combat et les chants des tribus kartveliennes, accompagn\u00e9s d\u2019instruments de musique. Les premiers instruments folkloriques d\u00e9couverts lors de fouilles arch\u00e9ologiques en G\u00e9orgie remontent \u00e0 la premi\u00e8re moiti\u00e9 du IIe mill\u00e9naire avant notre \u00e8re. Pendant des mill\u00e9naires, les G\u00e9orgiens ont utilis\u00e9 des instruments tels que<\/span> <span style=\"color: #0000ff;\">Salamouri, Goudastviri, Bouki,\u00a0 Fandouri, Chongouri, Chianouri, Doli, Daira, Diplipito.<\/span><\/span><\/h6><h6><span style=\"text-decoration: underline; color: #000000;\">La G\u00e9orgie est un pays classique de polyphonie vocale et la polyphonie vocale est le point de d\u00e9part de la pens\u00e9e musicale g\u00e9orgienne. Le chant polyphonique folklorique g\u00e9orgien a connu une longue p\u00e9riode de d\u00e9veloppement et d\u2019am\u00e9lioration. Le folklore musical g\u00e9orgien s\u2019est accumul\u00e9 au fil du temps, changeant qualitativement et quantitativement. Le folklore lui-m\u00eame pr\u00e9suppose le syncr\u00e9tisme et inclut la danse, le chant, la musique et la po\u00e9sie dans son ensemble organique. La musique folklorique g\u00e9orgienne se caract\u00e9rise par une improvisation libre, une variabilit\u00e9 et un processus cr\u00e9atif anim\u00e9. <\/span><\/h6><h6><span style=\"text-decoration: underline; color: #0000ff;\">En 2001, l\u2019UNESCO a reconnu le chant polyphonique g\u00e9orgien comme un chef-d\u2019\u0153uvre du patrimoine culturel oral et immat\u00e9riel, et en 2008, il a \u00e9t\u00e9 inclus dans la liste des chefs-d\u2019\u0153uvre du patrimoine culturel oral et immat\u00e9riel de l\u2019humanit\u00e9, confirmant ainsi l\u2019importance universelle de la polyphonie traditionnelle g\u00e9orgienne.<\/span><\/h6><h6><span style=\"text-decoration: underline; color: #000000;\">Le son et la polyphonie inhabituels des chansons g\u00e9orgiennes sont devenus la raison pour laquelle, d\u00e8s que des moyens techniques d\u2019enregistrement de la m\u00e9lodie et du son sont apparus dans le monde, de nombreux studios d\u2019enregistrement \u00e9trangers se sont int\u00e9ress\u00e9s au folklore g\u00e9orgien. C\u2019est ainsi que sont apparues des collections de chansons folkloriques g\u00e9orgiennes, enregistr\u00e9es \u00e0 diff\u00e9rentes \u00e9poques dans les mus\u00e9es de Londres, Berlin, Vienne, Riga, Moscou et Saint-P\u00e9tersbourg. Des scientifiques \u00e9trangers ont not\u00e9 que la polyphonie sous une forme aussi d\u00e9velopp\u00e9e n\u2019existe pas dans le monde. Ceci est reconnu par d\u2019\u00e9minents scientifiques, folkloristes, ethnomusicologues, compositeurs et musiciens. <\/span><\/h6><h6><span style=\"text-decoration: underline; color: #0000ff;\">L\u2019un des chefs-d\u2019\u0153uvre de la musique folklorique g\u00e9orgienne, la polyphonie g\u00e9orgienne \u2013 \u00abChakroulo\u00bb, ainsi que d\u2019autres chefs-d\u2019\u0153uvre cr\u00e9\u00e9s par l\u2019homme, a \u00e9t\u00e9 enregistr\u00e9 sur la plaque d\u2019or de la NASA fix\u00e9e aux vaisseaux spatiaux interstellaires Voyager 1 et Voyager 2, qui ont \u00e9t\u00e9 lanc\u00e9s depuis Lands le 20 ao\u00fbt , 1977.<\/span><\/h6><h6><span style=\"text-decoration: underline; color: #000000;\"><span>La musique folklorique g\u00e9orgienne avec ses formes diverses et complexes de polyphonie vocale, ses hauts niveaux de pens\u00e9e polyphonique attirent l\u2019attention des sp\u00e9cialistes. Au fil du temps, l\u2019int\u00e9r\u00eat pour elle grandit. Par cons\u00e9quent, une \u00e9tude approfondie de la cr\u00e9ativit\u00e9 musicale g\u00e9orgienne non native est tr\u00e8s pertinente. La musique folklorique g\u00e9orgienne est un concept collectif car c\u2019est une collection de dialectes musicaux. Le folklore g\u00e9orgien contient 15 dialectes musicaux:<\/span> <span>Kartlie, Kakh\u00e9tiie, Kh\u00e9vi, Mtioul\u00e9tie, Touch\u00e9tie, Pchavi, Khevsour\u00e9tie, Ratcha, Sam\u00e9gr\u00e9lo, Gouria, Svan\u00e9tie, etc.<\/span> Parmi les principaux genres de musique folklorique figurent:<\/span><\/h6><ul><li><h6><span style=\"text-decoration: underline; color: #0000ff;\">Travail \u2013 \u00abGoutnouri\u00bb, \u00abK\u00e9vrouli\u00bb, \u00abOurmouli\u00bb, \u00abH\u00e9rio\u00bb, \u00abGoutnouri\u00bb, \u00abK\u00e9vrouli\u00bb, \u00abKalospirouli\u00bb, \u00abNamgalo\u00bb et autres.<\/span><\/h6><\/li><li><h6><span style=\"text-decoration: underline; color: #0000ff;\">Culte \u2013 \u00abKviriya\u00bb, \u00abLashari\u00bb, \u00abChona\u00bb, \u00abAlilo\u00bb, \u00abLazar\u00e9\u00bb, \u00abSabodicho\u00bb, \u00abDid\u00e9ba\u00bb, \u00abDala\u00bb, \u00abZari\u00bb, \u00abLile\u00bb, \u00abJvarouli\u00bb et autres.<\/span><\/h6><\/li><li><h6><span style=\"text-decoration: underline; color: #0000ff;\">Domestique \u2013 \u00abMravaljami\u00e9ri\u00bb, \u00abChakroulo\u00bb, \u00abCh\u00e9mozakhili\u00bb, \u00abIavnana\u00bb, \u00abBaton\u00e9bo\u00bb, \u00abB\u00e9rikatsi\u00bb, \u00abMirangoula\u00bb, \u00abTsangala\u00bb et autres.<\/span><\/h6><\/li><\/ul><h6><span style=\"text-decoration: underline; color: #000000;\">Les danses folkloriques occupent une place particuli\u00e8re dans la culture ethnique cr\u00e9\u00e9e par le peuple g\u00e9orgien. Les danses montrent clairement le caract\u00e8re national et l\u2019\u00e2me du peuple g\u00e9orgien. Les danses d\u00e9montrent l\u2019h\u00e9ro\u00efsme g\u00e9orgien, le lyrisme, l\u2019escalade et la tendresse pour une femme, le courage d\u2019un fils, la noblesse, la chevalerie, le courage, une lutte h\u00e9ro\u00efque pour la terre. De nombreuses danses sont construites sur la tension dramatique des sc\u00e8nes de bataille et se composent de plusieurs \u00e9pisodes. Ce sont: la pr\u00e9paration au combat, la reconnaissance, la rencontre et le combat contre l\u2019ennemi, la d\u00e9faite de l\u2019ennemi et le retour au pays. Les sc\u00e8nes de bataille et de victoire se distinguent par leur \u00e9nergie, leur vitesse et leur expressivit\u00e9. Les danses folkloriques g\u00e9orgiennes sont c\u00e9l\u00e8bres dans le monde entier. De beaux costumes m\u00ealent histoire et art en une seule harmonie. Chaque danse est unique et ex\u00e9cute des actions telles que mariage, guerre, comp\u00e9tition, c\u00e9l\u00e9bration, vie de village et de ville.<\/span><\/h6><h6><span style=\"text-decoration: underline; color: #000000;\"><span>La chor\u00e9graphie folklorique g\u00e9orgienne est n\u00e9e dans un pass\u00e9 lointain. Les monuments arch\u00e9ologiques et litt\u00e9raires anciens qui subsistent prouvent que la danse de la chasse \u00e9tait le pr\u00e9d\u00e9cesseur historique de la chor\u00e9graphie folklorique g\u00e9orgienne. La figure d\u2019une femme dansante (VIe si\u00e8cle avant JC), repr\u00e9sent\u00e9e sur une plaque d\u2019os d\u00e9couverte lors de fouilles \u00e0 Bagineti, t\u00e9moigne que des danses rituelles de femmes se d\u00e9roulaient au temple du dieu de la fertilit\u00e9. De nombreuses danses g\u00e9orgiennes sont bas\u00e9es sur l\u2019id\u00e9e de comp\u00e9tition. Pendant la danse, ils participent \u00e0 une bataille \u00e9nergique avec l\u2019\u00e9p\u00e9e et le bouclier, \u00e9tant la personnification de la bataille avec l\u2019ennemi. La G\u00e9orgie ayant connu de nombreuses guerres au cours de son histoire, la danse est un appel du pass\u00e9 et nous rappelle de lutter pour la paix. La combinaison d\u2019\u00e9l\u00e9ments de danse sacr\u00e9e avec des rituels et des rituels du jeu a conduit \u00e0 la cr\u00e9ation de danses telles que:<\/span> <span style=\"color: #0000ff;\">\u00ab Qartouli\u00bb, \u00abGandagana \u00bb, \u00abKhoroumi\u00bb, \u00ab F\u00e9rkhouli\u00bb, \u00abSamaia\u00bb, \u00abKhanjlouri\u00bb, \u00abMtioulouri\u00bb , \u00abDavlouri\u00bb, \u00abBaghdadouri\u00bb et autres.<\/span><\/span><\/h6><h6><span style=\"text-decoration: underline; color: #000000;\">Le summum de la chor\u00e9graphie folklorique g\u00e9orgienne est la danse \u00abQartouli\u00bb (g\u00e9orgien). Il est associ\u00e9 \u00e0 une s\u00e9rie de danses satiriques ex\u00e9cut\u00e9es par un homme et une femme. La danse hautement plastique se compose de cinq parties: une invitation \u00e0 danser, une ouverture commune, un solo f\u00e9minin, un solo masculin et un accord final combin\u00e9. La danse est aussi appel\u00e9e le \u00abpo\u00e8me d\u2019amour\u00bb. C\u2019est une danse pleine d\u2019esprit chevaleresque et romantique. La danse \u00abQartouli\u00bb se distingue par une technique complexe de performance et un motif plastique. La danse met l\u2019accent sur un trait caract\u00e9ristique de la chor\u00e9graphie folklorique g\u00e9orgienne \u2013 dans toute danse g\u00e9orgienne, quelle que soit la partie historique et ethnographique de la G\u00e9orgie dans laquelle elle se d\u00e9veloppe, un homme et une femme ne se touchent pas. L\u2019homme concentre ses yeux sur sa partenaire comme si elle \u00e9tait la seule femme au monde. Le respect des femmes refl\u00e8te la culture g\u00e9orgienne \u00e0 son plus haut niveau.<\/span><\/h6><h6>\u00a0<\/h6>\t\t\t\t\t\t\t\t<\/div>\n\t\t\t\t<\/div>\n\t\t\t\t<\/div>\n\t\t\t\t\t<\/div>\n\t\t\t\t<\/div>\n\t\t\t\t<\/div>\n\t\t","protected":false},"excerpt":{"rendered":"<p>FOLKLORE G\u00c9ORGIEN Le folklore g\u00e9orgien est l\u2019une des parties les plus remarquables du patrimoine culturel mondial. Le peuple g\u00e9orgien est connu pour sa culture et ses traditions uniques, un peuple o\u00f9 l\u2019on peut trouver un grand talent chez chaque personne sur deux et o\u00f9 chaque personne sur deux a une bonne oreille pour la musique [&hellip;]<\/p>\n","protected":false},"author":1,"featured_media":0,"parent":0,"menu_order":0,"comment_status":"closed","ping_status":"closed","template":"","meta":{"footnotes":""},"class_list":["post-13059","page","type-page","status-publish","hentry"],"_links":{"self":[{"href":"https:\/\/georgiavoyage.ge\/fr\/wp-json\/wp\/v2\/pages\/13059","targetHints":{"allow":["GET"]}}],"collection":[{"href":"https:\/\/georgiavoyage.ge\/fr\/wp-json\/wp\/v2\/pages"}],"about":[{"href":"https:\/\/georgiavoyage.ge\/fr\/wp-json\/wp\/v2\/types\/page"}],"author":[{"embeddable":true,"href":"https:\/\/georgiavoyage.ge\/fr\/wp-json\/wp\/v2\/users\/1"}],"replies":[{"embeddable":true,"href":"https:\/\/georgiavoyage.ge\/fr\/wp-json\/wp\/v2\/comments?post=13059"}],"version-history":[{"count":0,"href":"https:\/\/georgiavoyage.ge\/fr\/wp-json\/wp\/v2\/pages\/13059\/revisions"}],"wp:attachment":[{"href":"https:\/\/georgiavoyage.ge\/fr\/wp-json\/wp\/v2\/media?parent=13059"}],"curies":[{"name":"wp","href":"https:\/\/api.w.org\/{rel}","templated":true}]}}