{"id":13078,"date":"2024-08-18T09:06:38","date_gmt":"2024-08-18T09:06:38","guid":{"rendered":"https:\/\/georgiavoyage.web-reflection.com\/georgian-folklore-festivals\/"},"modified":"2025-02-21T12:24:30","modified_gmt":"2025-02-21T12:24:30","slug":"georgian-folklore-festivals","status":"publish","type":"page","link":"https:\/\/georgiavoyage.ge\/fr\/georgian-folklore-festivals\/","title":{"rendered":"FESTIVALS FOLQLORIQUES"},"content":{"rendered":"\t\t<div data-elementor-type=\"wp-page\" data-elementor-id=\"13078\" class=\"elementor elementor-13078 elementor-12727\">\n\t\t\t\t<div class=\"elementor-element elementor-element-a3db806 blogi e-flex e-con-boxed e-con e-parent\" data-id=\"a3db806\" data-element_type=\"container\" data-settings=\"{&quot;background_background&quot;:&quot;classic&quot;}\">\n\t\t\t\t\t<div class=\"e-con-inner\">\n\t\t<div class=\"elementor-element elementor-element-242f925 e-con-full e-flex e-con e-child\" data-id=\"242f925\" data-element_type=\"container\">\n\t\t\t\t<div class=\"elementor-element elementor-element-b27375c elementor-widget elementor-widget-image\" data-id=\"b27375c\" data-element_type=\"widget\" data-widget_type=\"image.default\">\n\t\t\t\t<div class=\"elementor-widget-container\">\n\t\t\t\t\t\t\t\t\t\t\t\t\t\t\t<img fetchpriority=\"high\" decoding=\"async\" width=\"800\" height=\"358\" src=\"https:\/\/georgiavoyage.ge\/wp-content\/uploads\/2025\/02\/Georgian-Folklor.jpg\" class=\"attachment-large size-large wp-image-32550\" alt=\"Georgian folklore - The expressions of the Georgian identity\" srcset=\"https:\/\/georgiavoyage.ge\/wp-content\/uploads\/2025\/02\/Georgian-Folklor.jpg 850w, https:\/\/georgiavoyage.ge\/wp-content\/uploads\/2025\/02\/Georgian-Folklor-300x134.jpg 300w, https:\/\/georgiavoyage.ge\/wp-content\/uploads\/2025\/02\/Georgian-Folklor-768x343.jpg 768w, https:\/\/georgiavoyage.ge\/wp-content\/uploads\/2025\/02\/Georgian-Folklor-600x268.jpg 600w\" sizes=\"(max-width: 800px) 100vw, 800px\" \/>\t\t\t\t\t\t\t\t\t\t\t\t\t\t\t<\/div>\n\t\t\t\t<\/div>\n\t\t\t\t<div class=\"elementor-element elementor-element-770dac9 elementor-widget elementor-widget-heading\" data-id=\"770dac9\" data-element_type=\"widget\" data-widget_type=\"heading.default\">\n\t\t\t\t<div class=\"elementor-widget-container\">\n\t\t\t\t\t<h2 class=\"elementor-heading-title elementor-size-default\">FESTIVALS FOLKLORIQUES<\/h2>\t\t\t\t<\/div>\n\t\t\t\t<\/div>\n\t\t\t\t<div class=\"elementor-element elementor-element-c68d262 elementor-widget elementor-widget-text-editor\" data-id=\"c68d262\" data-element_type=\"widget\" data-widget_type=\"text-editor.default\">\n\t\t\t\t<div class=\"elementor-widget-container\">\n\t\t\t\t\t\t\t\t\t<h6><span style=\"text-decoration: underline;\">F\u00eates et festivals folkloriques<\/span><\/h6><h6><span style=\"text-decoration: underline; color: #000000;\">La vie spirituelle et culturelle de la G\u00e9orgie est riche et vari\u00e9e.<br \/>Le pays accueille toujours des festivals int\u00e9ressants, des \u00e9v\u00e9nements culturels, des repr\u00e9sentations th\u00e9\u00e2trales et des concerts.<br \/>Voici les endroits o\u00f9 vous pourrez passer un moment inoubliable et vous plonger dans la vie culturelle du pays avec une vraie saveur g\u00e9orgienne. <\/span><\/h6><h6><span style=\"text-decoration: underline; color: #0000ff;\">Festival Art Gene (juin-juillet)<\/span><\/h6><h6><span style=\"text-decoration: underline; color: #000000;\">Le festival folklorique annuel \u00ab\u00a0Art Gene\u00a0\u00bb se d\u00e9roule dans diff\u00e9rentes r\u00e9gions et se termine traditionnellement \u00e0 Tbilissi.<br \/>Dans l&rsquo;atmosph\u00e8re f\u00e9erique du festival, on peut appr\u00e9cier les chants traditionnels g\u00e9orgiens, les danses nationales joyeuses, s&rsquo;initier aux arts martiaux locaux, participer \u00e0 diverses classes de ma\u00eetre et acheter des objets artisanaux en guise de souvenirs.<br \/>Ce festival de neuf jours, dont le th\u00e8me change chaque ann\u00e9e, se termine par un grand concert de gala au mus\u00e9e ethnographique de Tbilissi. <\/span><\/h6><h6><span style=\"text-decoration: underline; color: #0000ff;\">\u00ab\u00a0Tbilissoba\u00a0\u00bb &#8211; Journ\u00e9e de la ville de Tbilissi (octobre)<\/span><\/h6><h6><span style=\"text-decoration: underline; color: #000000;\">La c\u00e9l\u00e9bration color\u00e9e de la f\u00eate de la ville a lieu chaque ann\u00e9e le premier week-end d&rsquo;octobre.<br \/>Pour les touristes, \u00ab\u00a0Tbilissoba\u00a0\u00bb est une excellente occasion de d\u00e9couvrir les traditions du pays et, bien s\u00fbr, de profiter d&rsquo;un spectacle lumineux et inoubliable.<br \/>Chaque ann\u00e9e, l&rsquo;\u00e9v\u00e9nement prend de plus en plus d&rsquo;ampleur et attire des voyageurs de diff\u00e9rents pays.<br \/>Les visiteurs ont une occasion unique de voir des danses folkloriques, d&rsquo;entendre le c\u00e9l\u00e8bre chant choral g\u00e9orgien et d&rsquo;acheter des souvenirs inestimables fabriqu\u00e9s par des artisans locaux. <\/span><\/h6><h6><span style=\"text-decoration: underline; color: #0000ff;\">Journ\u00e9es folkloriques \u00e0 Batoumi (ao\u00fbt)<\/span><\/h6><h6><span style=\"text-decoration: underline; color: #000000;\">Le festival se d\u00e9roule traditionnellement tout au long du mois d&rsquo;ao\u00fbt, du dernier week-end de juillet au dernier week-end d&rsquo;ao\u00fbt.<br \/>Le folklore g\u00e9orgien, unique en son genre, suscite un vif int\u00e9r\u00eat de la part des visiteurs \u00e9trangers.<br \/>Des concerts gratuits ont eu lieu tous les jours \u00e0 partir de 20 heures sur le boulevard Batumi, pr\u00e8s de la tour Alphabet.<br \/>Le festival est organis\u00e9 par le Centre national du folklore de G\u00e9orgie avec le soutien de l&rsquo;Administration nationale du tourisme.<br \/>L&rsquo;\u00e9v\u00e9nement s&rsquo;inscrit dans le cadre du projet national \u00ab\u00a0Check in Georgia\u00a0\u00bb. <\/span><\/h6><h6><span style=\"text-decoration: underline; color: #0000ff;\">Festival folklorique de Svan\u00e9toba \u00e0 Mestia (juillet)<\/span><\/h6><h6><span style=\"text-decoration: underline; color: #000000;\">La meilleure fa\u00e7on de d\u00e9couvrir les traditions s\u00e9culaires des Svans est de visiter le festival folklorique de Svan\u00e9toba, qui a lieu le dernier week-end de juillet.<br \/>Ce festival est organis\u00e9 pour faire d\u00e9couvrir aux visiteurs les traditions s\u00e9culaires de la r\u00e9gion des hauts plateaux.<br \/>Les visiteurs du festival sont traditionnellement accueillis par un programme culturel, divertissant et gastronomique vari\u00e9.<br \/>Des expositions gastronomiques sont organis\u00e9es avec des plats de la cuisine nationale Svan\u00e9tienne, qui ne sont pas connus du grand public. <\/span><\/h6><h6><span style=\"text-decoration: underline; color: #0000ff;\">Ratcha Agro Festival \u00e0 Oni (ao\u00fbt)<\/span><\/h6><h6><span style=\"text-decoration: underline; color: #000000;\">L&rsquo;Agro-Festival annuel, qui a lieu \u00e0 la fin du mois d&rsquo;ao\u00fbt, pr\u00e9sentera une cuisine color\u00e9e, des vins et des sucreries de la r\u00e9gion de Ratcha-L\u00e9chkhoumie. Les visiteurs auront l&rsquo;occasion de go\u00fbter et d&rsquo;acheter des produits biologiques locaux : vin, miel, jambon, noix, produits laitiers et carn\u00e9s, fruits secs, pommes, vinaigre de framboise et bien d&rsquo;autres choses encore.<br \/>Le programme de l&rsquo;Agro-Festival comprend des divertissements, des \u00e9v\u00e9nements \u00e9ducatifs et culturels, ainsi que des concerts avec des groupes folkloriques locaux. <\/span><\/h6><h6><span style=\"text-decoration: underline; color: #0000ff;\">Festival folklorique d&rsquo;Adjarie \u00ab\u00a0Chouamtoba\u00a0\u00bb (ao\u00fbt)<\/span><\/h6><h6><span style=\"text-decoration: underline; color: #000000;\">L&rsquo;ancienne f\u00eate folklorique adjarienne \u00ab\u00a0Chouamtoba\u00a0\u00bb est c\u00e9l\u00e9br\u00e9e dans le village montagneux de Beshumi (Adjarie) le premier week-end d&rsquo;ao\u00fbt.<br \/>C&rsquo;est \u00e0 cette p\u00e9riode que la population quitte les vall\u00e9es pour les montagnes, vers les alpages, o\u00f9 les habitants des villages de montagne font pa\u00eetre leur b\u00e9tail.<br \/>Traditionnellement, des courses et des comp\u00e9titions de divers sports sont organis\u00e9es ce jour-l\u00e0, les invit\u00e9s du festival sont r\u00e9gal\u00e9s de plats traditionnels et des ensembles folkloriques et pop se produisent. <\/span><\/h6><h6><span style=\"text-decoration: underline; color: #0000ff;\">Festival folklorique de Touch\u00e9toba \u00e0 Omalo (ao\u00fbt)<\/span><\/h6><h6><span style=\"text-decoration: underline; color: #000000;\">La f\u00eate traditionnelle \u00ab\u00a0Touch\u00e9toba\u00a0\u00bb (Journ\u00e9e du berger) a lieu chaque ann\u00e9e en juillet-ao\u00fbt dans l&rsquo;une des r\u00e9gions les plus pittoresques de G\u00e9orgie &#8211; Touch\u00e9tie, dans le village de haute montagne d&rsquo;Omalo.<br \/>Il s&rsquo;agit d&rsquo;un festival en plein air spectaculaire qui pr\u00e9sente les \u0153uvres d&rsquo;artisans locaux et invit\u00e9s.<br \/>Des comp\u00e9titions folkloriques traditionnelles sont organis\u00e9es : tir \u00e0 l&rsquo;arc, courses de chevaux, tir \u00e0 la corde, soul\u00e8vement de sacs et de pierres lourdes et saut de burka. <\/span><\/h6><h6><span style=\"text-decoration: underline; color: #0000ff;\">Festival folklorique de Chatiloba \u00e0 Chatili (ao\u00fbt-septembre)<\/span><\/h6><h6><span style=\"text-decoration: underline; color: #000000;\">Fin ao\u00fbt et d\u00e9but septembre, l&rsquo;une des plus belles r\u00e9gions montagneuses de G\u00e9orgie, Khevsour\u00e9tie, c\u00e9l\u00e8bre le festival folklorique \u00ab\u00a0Chatiloba\u00a0\u00bb, qui s&rsquo;accompagne d&rsquo;un festival \u00e0 grande \u00e9chelle.<br \/>Diverses manifestations culturelles et sportives sont organis\u00e9es : courses de chevaux, d\u00e9monstration d&rsquo;arts martiaux g\u00e9orgiens, spectacle de feu, concerts avec la participation d&rsquo;ensembles folkloriques et bien d&rsquo;autres encore.<br \/>Ce jour-l\u00e0, \u00e0 Chatili, on brasse de la bi\u00e8re Kh\u00e9vsourienne et on pr\u00e9pare des friandises locales traditionnelles. <\/span><\/h6><h6><span style=\"text-decoration: underline; color: #0000ff;\">F\u00eates gastronomiques<\/span><\/h6><h6><span style=\"text-decoration: underline; color: #0000ff;\">Festival g\u00e9orgien du fromage \u00e0 Tbilissi (juillet)<\/span><\/h6><h6><span style=\"text-decoration: underline; color: #000000;\">Le festival g\u00e9orgien du fromage se tient dans le parc Mtatsminda de Tbilissi durant la deuxi\u00e8me quinzaine de juillet.<br \/>Les visiteurs peuvent d\u00e9guster des produits fromagers et participer \u00e0 des ateliers de ma\u00eetre.<br \/>Le fromage dans le vin, dans la chacha, dans la bi\u00e8re, avec du miel, avec des noix, avec des poivrons doux et amers et des nouveaut\u00e9s du march\u00e9, que les invit\u00e9s du festival apprendront directement sur place.<br \/>Outre les entreprises, le festival accueillera des repr\u00e9sentants des fromageries m\u00e9tropolitaines et r\u00e9gionales. <\/span><\/h6><h6><span style=\"text-decoration: underline; color: #0000ff;\">Festival des glaces \u00e0 Tbilissi (juillet)<\/span><\/h6><h6><span style=\"text-decoration: underline; color: #000000;\">Le traditionnel festival de la glace se tient \u00e0 la mi-juillet, au milieu de l&rsquo;\u00e9t\u00e9 chaud de Tbilissi, dans le parc Mtatsminda de Tbilissi.<br \/>Chaque ann\u00e9e, l&rsquo;\u00e9v\u00e9nement suscite un int\u00e9r\u00eat croissant.<br \/>Dans le cadre du festival, les entreprises participantes organisent de nombreux tirages au sort, qui ne laissent pas les invit\u00e9s de l&rsquo;\u00e9v\u00e9nement sans cadeaux.<br \/>Les invit\u00e9s peuvent go\u00fbter \u00e0 la fois des vari\u00e9t\u00e9s traditionnelles de desserts rafra\u00eechissants et des combinaisons de saveurs nouvelles et originales.<br \/>Des animateurs et un spectacle costum\u00e9 attendent les plus jeunes. <\/span><\/h6><h6><span style=\"text-decoration: underline; color: #0000ff;\">Festival des fruits de Mtskh\u00e9ta (septembre)<\/span><\/h6><h6><span style=\"text-decoration: underline; color: #000000;\">L&rsquo;Agence nationale du tourisme de G\u00e9orgie organise le Festival des fruits \u00e0 Mtskh\u00e9ta, l&rsquo;ancienne capitale du pays.<br \/>Les invit\u00e9s du festival peuvent d\u00e9guster les meilleurs fruits et sucreries g\u00e9orgiens.<br \/>Ils peuvent \u00e9galement faire le plein d&rsquo;\u00e9nergie positive.<br \/>Le festival de Mtskh\u00e9ta n&rsquo;est que la premi\u00e8re \u00e9tape de festivals similaires organis\u00e9s dans tout le pays.<br \/>Des \u00e9v\u00e9nements similaires sont organis\u00e9s dans diff\u00e9rentes r\u00e9gions du pays tous les week-ends jusqu&rsquo;\u00e0 la mi-septembre. <\/span><\/h6><h6><span style=\"text-decoration: underline; color: #0000ff;\">Festival du pain \u00e0 Tbilissi (octobre)<\/span><\/h6><h6><span style=\"text-decoration: underline; color: #000000;\">Le festival donne aux boulangeries et autres producteurs de produits de boulangerie l&rsquo;occasion de pr\u00e9senter leurs produits.<br \/>L&rsquo;\u00e9v\u00e9nement se d\u00e9roule dans l&rsquo;espace festif ouvert du jardin botanique de Tbilissi.<br \/>Au festival du pain, vous pouvez go\u00fbter et acheter vos produits pr\u00e9f\u00e9r\u00e9s.<br \/>L&rsquo;id\u00e9e de cr\u00e9er ce festival est n\u00e9e du fait que les collections du jardin botanique de Tbilissi contiennent des \u00e9chantillons anciens et rares de cultures c\u00e9r\u00e9ali\u00e8res g\u00e9orgiennes, y compris des vari\u00e9t\u00e9s presque en voie de disparition. <\/span><\/h6><h6><span style=\"text-decoration: underline; color: #0000ff;\">Festival du chocolat de Tbilissi (novembre)<\/span><\/h6><h6><span style=\"text-decoration: underline; color: #000000;\">Le festival du chocolat se tient au jardin botanique national de Tbilissi au cours de la premi\u00e8re d\u00e9cennie de novembre.<br \/>Les participants au festival sont \u00e0 la fois des producteurs locaux et des chocolatiers import\u00e9s.<br \/>Les invit\u00e9s du festival se verront offrir un bar et du chocolat chaud, une fontaine de chocolat, du th\u00e9, du caf\u00e9, du vin chaud, des brioches chaudes et d&rsquo;autres d\u00e9lices.<br \/>En outre, un arbre de No\u00ebl et le P\u00e8re No\u00ebl d\u00e9coreront le festival.<br \/>Cet \u00e9v\u00e9nement gratuit est organis\u00e9 dans l&rsquo;espace festif ext\u00e9rieur du Botanical Gardens Event Square. <\/span><\/h6><h6><span style=\"text-decoration: underline; color: #0000ff;\">F\u00eates du vin<\/span><\/h6><h6><span style=\"text-decoration: underline; color: #0000ff;\">Festival du jeune vin \u00e0 Tbilissi (mai)<\/span><\/h6><h6><span style=\"text-decoration: underline; color: #000000;\">Le festival du vin nouveau se tient dans le parc Mtatsminda de Tbilissi.<br \/>Chaque ann\u00e9e, de plus en plus de nouvelles caves familiales et d&rsquo;entreprises vinicoles se joignent \u00e0 l&rsquo;\u00e9v\u00e9nement.<br \/>\u00c0 cette \u00e9poque, le vin de la r\u00e9colte d&rsquo;automne, qui a \u00e9t\u00e9 hivern\u00e9 dans des r\u00e9cipients en argile &#8211; \u00ab\u00a0Kvevri\u00a0\u00bb -, est m\u00fbr.<br \/>Plus de cinquante vari\u00e9t\u00e9s peuvent \u00eatre d\u00e9gust\u00e9es et achet\u00e9es imm\u00e9diatement, pour d\u00e9couvrir comment et o\u00f9 elles ont \u00e9t\u00e9 produites et avec quoi elles s&rsquo;accordent.<br \/>Outre le vin, bien s\u00fbr, des fromages, du pain chaud, des brochettes fum\u00e9es sont pr\u00e9sent\u00e9s lors du festival, le tout agr\u00e9ment\u00e9 de toasts humoristiques, de danses nationales et de spectacles d&rsquo;arts martiaux. <\/span><\/h6><h6><span style=\"text-decoration: underline; color: #0000ff;\">Festival du vin de Telavi (octobre)<\/span><\/h6><h6><span style=\"text-decoration: underline; color: #000000;\">Le festival annuel de Telavino, qui a lieu le premier week-end d&rsquo;octobre, est consacr\u00e9 \u00e0 la fin des vendanges &#8211; \u00ab\u00a0Rtveli\u00a0\u00bb.<br \/>Traditionnellement, il ouvre les Journ\u00e9es du vin g\u00e9orgien &#8211; \u00ab\u00a0Gvinobistve\u00a0\u00bb, qui durent encore deux semaines.<br \/>Dans les pavillons situ\u00e9s dans le centre de Telavi, jusqu&rsquo;\u00e0 100 types diff\u00e9rents de vin, de chacha et d&rsquo;eau-de-vie produits par de grandes et petites caves sont pr\u00e9sent\u00e9s.<br \/>Apr\u00e8s avoir d\u00e9gust\u00e9 du vin \u00e0 la foire aux vins, les habitants et les visiteurs de la ville peuvent assister \u00e0 des expositions ethnographiques et \u00e0 des spectacles folkloriques et musicaux, ainsi que visiter l&rsquo;exposition et la vente de produits ayant pour th\u00e8me commun le vin. <\/span><\/h6><h6><span style=\"text-decoration: underline; color: #0000ff;\">Festival de Chacha \u00e0 Telavi (novembre)<\/span><\/h6><h6><span style=\"text-decoration: underline; color: #000000;\">Le festival de chacha a lieu le premier week-end de novembre au c\u0153ur de la r\u00e9gion de Kakh\u00e9tie, dans la ville de Telavi.<br \/>Des entreprises g\u00e9orgiennes produisant de\u00a0 \u00ab\u00a0chacha\u00a0\u00bb\u00a0 participent \u00e0 l&rsquo;\u00e9v\u00e9nement.<br \/>Le festival comprend de petites repr\u00e9sentations th\u00e9\u00e2trales qui font revivre la r\u00e9gion de Kakh\u00e9tie du XVIIIe si\u00e8cle &#8211; son ethnographie, ses rituels, ainsi que les paysans kakh\u00e9tiens et le processus de distillation de la chacha selon les traditions des diff\u00e9rentes r\u00e9gions de Kakh\u00e9tie.<br \/>Le programme du festival comprend des repr\u00e9sentations de groupes folkloriques kakh\u00e8tes, de la polyphonie traditionnelle kakh\u00e8tienne, des r\u00e9citations impromptues de po\u00e8mes et bien d&rsquo;autres choses encore. <\/span><\/h6>\t\t\t\t\t\t\t\t<\/div>\n\t\t\t\t<\/div>\n\t\t\t\t<\/div>\n\t\t\t\t\t<\/div>\n\t\t\t\t<\/div>\n\t\t\t\t<\/div>\n\t\t","protected":false},"excerpt":{"rendered":"<p>FESTIVALS FOLKLORIQUES F\u00eates et festivals folkloriques La vie spirituelle et culturelle de la G\u00e9orgie est riche et vari\u00e9e.Le pays accueille toujours des festivals int\u00e9ressants, des \u00e9v\u00e9nements culturels, des repr\u00e9sentations th\u00e9\u00e2trales et des concerts.Voici les endroits o\u00f9 vous pourrez passer un moment inoubliable et vous plonger dans la vie culturelle du pays avec une vraie saveur [&hellip;]<\/p>\n","protected":false},"author":1,"featured_media":0,"parent":0,"menu_order":0,"comment_status":"closed","ping_status":"closed","template":"","meta":{"footnotes":""},"class_list":["post-13078","page","type-page","status-publish","hentry"],"_links":{"self":[{"href":"https:\/\/georgiavoyage.ge\/fr\/wp-json\/wp\/v2\/pages\/13078","targetHints":{"allow":["GET"]}}],"collection":[{"href":"https:\/\/georgiavoyage.ge\/fr\/wp-json\/wp\/v2\/pages"}],"about":[{"href":"https:\/\/georgiavoyage.ge\/fr\/wp-json\/wp\/v2\/types\/page"}],"author":[{"embeddable":true,"href":"https:\/\/georgiavoyage.ge\/fr\/wp-json\/wp\/v2\/users\/1"}],"replies":[{"embeddable":true,"href":"https:\/\/georgiavoyage.ge\/fr\/wp-json\/wp\/v2\/comments?post=13078"}],"version-history":[{"count":0,"href":"https:\/\/georgiavoyage.ge\/fr\/wp-json\/wp\/v2\/pages\/13078\/revisions"}],"wp:attachment":[{"href":"https:\/\/georgiavoyage.ge\/fr\/wp-json\/wp\/v2\/media?parent=13078"}],"curies":[{"name":"wp","href":"https:\/\/api.w.org\/{rel}","templated":true}]}}