{"id":13233,"date":"2024-08-19T04:48:59","date_gmt":"2024-08-19T04:48:59","guid":{"rendered":"https:\/\/georgiavoyage.web-reflection.com\/bienvenue\/"},"modified":"2025-02-19T20:16:50","modified_gmt":"2025-02-19T20:16:50","slug":"velcome-to-georgia","status":"publish","type":"page","link":"https:\/\/georgiavoyage.ge\/fr\/velcome-to-georgia\/","title":{"rendered":"BIENVENUE"},"content":{"rendered":"\t\t<div data-elementor-type=\"wp-page\" data-elementor-id=\"13233\" class=\"elementor elementor-13233 elementor-13097\">\n\t\t\t\t<div class=\"elementor-element elementor-element-a3db806 blogi e-flex e-con-boxed e-con e-parent\" data-id=\"a3db806\" data-element_type=\"container\" data-settings=\"{&quot;background_background&quot;:&quot;classic&quot;}\">\n\t\t\t\t\t<div class=\"e-con-inner\">\n\t\t<div class=\"elementor-element elementor-element-242f925 e-con-full e-flex e-con e-child\" data-id=\"242f925\" data-element_type=\"container\">\n\t\t\t\t<div class=\"elementor-element elementor-element-99578ce elementor-widget elementor-widget-image\" data-id=\"99578ce\" data-element_type=\"widget\" data-widget_type=\"image.default\">\n\t\t\t\t<div class=\"elementor-widget-container\">\n\t\t\t\t\t\t\t\t\t\t\t\t\t\t\t<img fetchpriority=\"high\" decoding=\"async\" width=\"800\" height=\"235\" src=\"https:\/\/georgiavoyage.ge\/wp-content\/uploads\/2025\/02\/Welcome-to-Georgia.png\" class=\"attachment-large size-large wp-image-32021\" alt=\"Welcome to Georgia\" srcset=\"https:\/\/georgiavoyage.ge\/wp-content\/uploads\/2025\/02\/Welcome-to-Georgia.png 850w, https:\/\/georgiavoyage.ge\/wp-content\/uploads\/2025\/02\/Welcome-to-Georgia-300x88.png 300w, https:\/\/georgiavoyage.ge\/wp-content\/uploads\/2025\/02\/Welcome-to-Georgia-768x226.png 768w, https:\/\/georgiavoyage.ge\/wp-content\/uploads\/2025\/02\/Welcome-to-Georgia-600x176.png 600w\" sizes=\"(max-width: 800px) 100vw, 800px\" \/>\t\t\t\t\t\t\t\t\t\t\t\t\t\t\t<\/div>\n\t\t\t\t<\/div>\n\t\t\t\t<div class=\"elementor-element elementor-element-b04c80c elementor-widget elementor-widget-heading\" data-id=\"b04c80c\" data-element_type=\"widget\" data-widget_type=\"heading.default\">\n\t\t\t\t<div class=\"elementor-widget-container\">\n\t\t\t\t\t<h2 class=\"elementor-heading-title elementor-size-default\">BIENVENUE EN G\u00c9ORGIE<\/h2>\t\t\t\t<\/div>\n\t\t\t\t<\/div>\n\t\t\t\t<div class=\"elementor-element elementor-element-c68d262 elementor-widget elementor-widget-text-editor\" data-id=\"c68d262\" data-element_type=\"widget\" data-widget_type=\"text-editor.default\">\n\t\t\t\t<div class=\"elementor-widget-container\">\n\t\t\t\t\t\t\t\t\t<h6><span style=\"color: #000000;\"><span style=\"text-decoration: underline;\">Chers amis!<\/span><\/span><br \/><span style=\"color: #000000;\"><span style=\"text-decoration: underline;\">Nous pr\u00e9sentons \u00e0 votre attention notre Agence de voyages \u00abGeorgia Voyage\u00bb.<\/span><\/span><\/h6><h6><span style=\"color: #000000;\"><span style=\"text-decoration: underline;\">Avant tout je vous remercie pour la confiance accord\u00e9e. Soyez assur\u00e9s que nous ferons tout notre possible pour que votre voyage soit le plus heureux et insouciant et les relations avec les collaborateurs de notre compagnie \u2013 agr\u00e9able et constructif!<\/span><\/span><\/h6><h6><span style=\"color: #000000;\"><span style=\"text-decoration: underline;\">Notre avantage principal, c\u2019est le soin constant de nos clients, la satisfaction de leurs besoins et souhaits individuels , Soutien illimit\u00e9 24 heures! La s\u00e9curit\u00e9 est une priorit\u00e9 et non pas un objectif! Le savoir-faire et la courtoisie de notre \u00e9quipe de r\u00e9partition sauront vous d\u00e9montrer la fiabilit\u00e9 de nos services qui ont fait, depuis longtemps, notre excellente r\u00e9putation.<\/span><\/span><\/h6><h6><span style=\"color: #000000;\"><span style=\"text-decoration: underline;\">A partir du moment de la r\u00e9servation de la tourn\u00e9e jusqu\u2019\u00e0 la fin du voyage, nos clients peuvent \u00eatre assur\u00e9s qu\u2019\u00e0 n\u2019importe quelle \u00e9tape de leur voyage, l\u2019information et le soutien n\u00e9cessaire seront apport\u00e9. Vous servir avec professionnalisme est notre principal objectif!<\/span><\/span><\/h6><h6><span style=\"color: #000000;\"><span style=\"text-decoration: underline;\">Nous mettons \u00e0 votre disposition des gens d\u2019exp\u00e9rience choisis pour leurs qualit\u00e9s exceptionnelles de service et de professionnalisme, impliqu\u00e9s et dynamiques.<\/span><\/span><\/h6><h6><span style=\"color: #000000;\"><span style=\"text-decoration: underline;\">Nous comprenons parfaitement que le voyage ne commence pas du tout du fauteuil d\u2019avion et m\u00eame pas le chemin de l\u2019a\u00e9roport. Le voyage commence au moment o\u00f9 vous avez voulu partir pour celui-ci.<\/span><\/span><\/h6><h6><span style=\"color: #000000;\"><span style=\"text-decoration: underline;\">C\u2019est pourquoi nous avons pris soin que votre visite en \u00abGeorgia voyage\u00bb devienne le pr\u00e9lude vers le voyage heureux, le premier pas vers la r\u00e9alisation du r\u00eave, et le voyage lui-m\u00eame \u00e9tait rempli seulement d\u2019agr\u00e9ables instants.<\/span><\/span><\/h6><h6><span style=\"color: #000000;\"><span style=\"text-decoration: underline;\">Nous vous souhaitons les voyages heureux et les d\u00e9couvertes r\u00e9centes!<\/span><\/span><\/h6><h6><span style=\"color: #000000;\"><span style=\"text-decoration: underline;\">Respectueusement et les meilleurs souhaits<\/span><\/span><\/h6><h6><span style=\"color: #000000;\"><span style=\"text-decoration: underline;\">David Abuladz\u00e9<\/span><\/span><\/h6><h6><span style=\"color: #000000;\"><span style=\"text-decoration: underline;\">Fondateur et Directeur G\u00e9n\u00e9rale<\/span><\/span><\/h6>\t\t\t\t\t\t\t\t<\/div>\n\t\t\t\t<\/div>\n\t\t\t\t<\/div>\n\t\t\t\t\t<\/div>\n\t\t\t\t<\/div>\n\t\t\t\t<\/div>\n\t\t","protected":false},"excerpt":{"rendered":"<p>BIENVENUE EN G\u00c9ORGIE Chers amis!Nous pr\u00e9sentons \u00e0 votre attention notre Agence de voyages \u00abGeorgia Voyage\u00bb. Avant tout je vous remercie pour la confiance accord\u00e9e. Soyez assur\u00e9s que nous ferons tout notre possible pour que votre voyage soit le plus heureux et insouciant et les relations avec les collaborateurs de notre compagnie \u2013 agr\u00e9able et constructif! [&hellip;]<\/p>\n","protected":false},"author":1,"featured_media":0,"parent":0,"menu_order":0,"comment_status":"closed","ping_status":"closed","template":"","meta":{"footnotes":""},"class_list":["post-13233","page","type-page","status-publish","hentry"],"_links":{"self":[{"href":"https:\/\/georgiavoyage.ge\/fr\/wp-json\/wp\/v2\/pages\/13233","targetHints":{"allow":["GET"]}}],"collection":[{"href":"https:\/\/georgiavoyage.ge\/fr\/wp-json\/wp\/v2\/pages"}],"about":[{"href":"https:\/\/georgiavoyage.ge\/fr\/wp-json\/wp\/v2\/types\/page"}],"author":[{"embeddable":true,"href":"https:\/\/georgiavoyage.ge\/fr\/wp-json\/wp\/v2\/users\/1"}],"replies":[{"embeddable":true,"href":"https:\/\/georgiavoyage.ge\/fr\/wp-json\/wp\/v2\/comments?post=13233"}],"version-history":[{"count":0,"href":"https:\/\/georgiavoyage.ge\/fr\/wp-json\/wp\/v2\/pages\/13233\/revisions"}],"wp:attachment":[{"href":"https:\/\/georgiavoyage.ge\/fr\/wp-json\/wp\/v2\/media?parent=13233"}],"curies":[{"name":"wp","href":"https:\/\/api.w.org\/{rel}","templated":true}]}}