{"id":13251,"date":"2024-08-19T05:35:59","date_gmt":"2024-08-19T05:35:59","guid":{"rendered":"https:\/\/georgiavoyage.web-reflection.com\/a-propos-de-lentreprise\/"},"modified":"2025-02-19T20:28:22","modified_gmt":"2025-02-19T20:28:22","slug":"about-the-company","status":"publish","type":"page","link":"https:\/\/georgiavoyage.ge\/fr\/about-the-company\/","title":{"rendered":"\u00c0 PROPOS DE COMPAGNIE"},"content":{"rendered":"\t\t<div data-elementor-type=\"wp-page\" data-elementor-id=\"13251\" class=\"elementor elementor-13251 elementor-13213\">\n\t\t\t\t<div class=\"elementor-element elementor-element-a3db806 blogi e-flex e-con-boxed e-con e-parent\" data-id=\"a3db806\" data-element_type=\"container\" data-settings=\"{&quot;background_background&quot;:&quot;classic&quot;}\">\n\t\t\t\t\t<div class=\"e-con-inner\">\n\t\t<div class=\"elementor-element elementor-element-242f925 e-con-full e-flex e-con e-child\" data-id=\"242f925\" data-element_type=\"container\">\n\t\t\t\t<div class=\"elementor-element elementor-element-f4e0191 elementor-widget elementor-widget-image\" data-id=\"f4e0191\" data-element_type=\"widget\" data-widget_type=\"image.default\">\n\t\t\t\t<div class=\"elementor-widget-container\">\n\t\t\t\t\t\t\t\t\t\t\t\t\t\t\t<img fetchpriority=\"high\" decoding=\"async\" width=\"800\" height=\"235\" src=\"https:\/\/georgiavoyage.ge\/wp-content\/uploads\/2025\/02\/About-Georgia-Voyage.jpg\" class=\"attachment-large size-large wp-image-32043\" alt=\"About Georgia Voyage\" srcset=\"https:\/\/georgiavoyage.ge\/wp-content\/uploads\/2025\/02\/About-Georgia-Voyage.jpg 850w, https:\/\/georgiavoyage.ge\/wp-content\/uploads\/2025\/02\/About-Georgia-Voyage-300x88.jpg 300w, https:\/\/georgiavoyage.ge\/wp-content\/uploads\/2025\/02\/About-Georgia-Voyage-768x226.jpg 768w, https:\/\/georgiavoyage.ge\/wp-content\/uploads\/2025\/02\/About-Georgia-Voyage-600x176.jpg 600w\" sizes=\"(max-width: 800px) 100vw, 800px\" \/>\t\t\t\t\t\t\t\t\t\t\t\t\t\t\t<\/div>\n\t\t\t\t<\/div>\n\t\t\t\t<div class=\"elementor-element elementor-element-3bf8477 elementor-widget elementor-widget-heading\" data-id=\"3bf8477\" data-element_type=\"widget\" data-widget_type=\"heading.default\">\n\t\t\t\t<div class=\"elementor-widget-container\">\n\t\t\t\t\t<h2 class=\"elementor-heading-title elementor-size-default\">\u00c0 PROPOS DE GEORGIA VOYAGE<\/h2>\t\t\t\t<\/div>\n\t\t\t\t<\/div>\n\t\t\t\t<div class=\"elementor-element elementor-element-c68d262 elementor-widget elementor-widget-text-editor\" data-id=\"c68d262\" data-element_type=\"widget\" data-widget_type=\"text-editor.default\">\n\t\t\t\t<div class=\"elementor-widget-container\">\n\t\t\t\t\t\t\t\t\t<h6><span style=\"text-decoration: underline; color: #000000;\">Tour-op\u00e9rateur \u00abGeorgia Voyage\u00bb est une compagnie licenci\u00e9e. C \u2018est une compagnie en d\u00e9veloppement progressif qui offre toutes les possibilit\u00e9s pour une s\u00e9lection qualitative et rapide de circuits de toutes les cat\u00e9gories de complexit\u00e9. D\u00e8s les premi\u00e8res \u00e9tapes de la compagnie, il est apparu clairement qu\u2019une \u00e9quipe de professionnels est arriv\u00e9e sur le march\u00e9 et que vous pouvez nous faire confiance.<\/span><\/h6><h6><span style=\"text-decoration: underline; color: #000000;\">Notre compagnie a un certain nombre de ses propres produits touristiques, ce qui est unique sur le march\u00e9 g\u00e9orgien. Plusieurs ann\u00e9es de travail ont permis de d\u00e9velopper des services touristiques, qui sont id\u00e9ales pour voyager dans notre pays.<\/span><\/h6><h6><span style=\"text-decoration: underline; color: #000000;\">Tour-op\u00e9rateur \u00abGeorgia Voyage\u00bb a sa propre flotte de bus , compos\u00e9 de nouveaux autobus d\u2019une capacit\u00e9 de 7, 16, 32 et 56 personnes. Cela permet d\u2019organiser des excursions plus souples sur la qualit\u00e9 et le transport confortable.<\/span><\/h6><h6><span style=\"text-decoration: underline; color: #000000;\">Tous les membres de notre \u00e9quipe ont un dipl\u00f4me universitaire dans le tourisme ou poss\u00e8dent une grande exp\u00e9rience de travail et am\u00e9liorent constamment leurs comp\u00e9tences pendant les stages, y compris \u00e0 l\u2019\u00e9tranger. Nos employ\u00e9s c\u2019est notre famille et nous voulons qu\u2019ils \u00e9voluent et restent avec nous pendant longtemps.<\/span><\/h6><h6><span style=\"text-decoration: underline; color: #000000;\">Nous nous engageons \u00e0 nous assurer que tout le monde, quels que soient son contexte culturel ou ses croyances, peut acc\u00e9der \u00e0 nos services. Nos clients sont pr\u00e9sents dans plus de 40 pays. Nous sommes tr\u00e8s fiers d\u2019\u00eatre une sorte de l\u2019organisation des Nations Unies<\/span><\/h6><h6><span style=\"text-decoration: underline; color: #000000;\">Nous gardons nos traditions d\u2019hospitalit\u00e9 pour que nos h\u00f4tes se sentent \u00e0 l\u2019aise et en s\u00e9curit\u00e9. Nous essayons de donner aux gens la possibilit\u00e9 d\u2019apprendre davantage sur la G\u00e9orgie. Nos clients sont notre valeur principale. Laisser nos clients se sentir comme chez eux en leur offrant le meilleur et inoubliable produit touristique<\/span><\/h6><h6><span style=\"text-decoration: underline; color: #000000;\">Notre mission de d\u00e9veloppement du tourisme durable en Georgie \u00e0 travers une attitude professionnelle et une am\u00e9lioration de la qualit\u00e9 de s\u00e9jours. Faire une destination connue et digne de confiance dans l\u2019industrie touristique mondiale.<\/span><\/h6><h6><span style=\"text-decoration: underline; color: #000000;\">Il n\u2019est jamais trop tard pour grandir et se d\u00e9velopper. Nous sommes fiers de notre compagnie, nous vivons et travaillons, en suivant nos valeurs tous les jours.<\/span><\/h6>\t\t\t\t\t\t\t\t<\/div>\n\t\t\t\t<\/div>\n\t\t\t\t<\/div>\n\t\t\t\t\t<\/div>\n\t\t\t\t<\/div>\n\t\t\t\t<\/div>\n\t\t","protected":false},"excerpt":{"rendered":"<p>\u00c0 PROPOS DE GEORGIA VOYAGE Tour-op\u00e9rateur \u00abGeorgia Voyage\u00bb est une compagnie licenci\u00e9e. C \u2018est une compagnie en d\u00e9veloppement progressif qui offre toutes les possibilit\u00e9s pour une s\u00e9lection qualitative et rapide de circuits de toutes les cat\u00e9gories de complexit\u00e9. D\u00e8s les premi\u00e8res \u00e9tapes de la compagnie, il est apparu clairement qu\u2019une \u00e9quipe de professionnels est arriv\u00e9e [&hellip;]<\/p>\n","protected":false},"author":1,"featured_media":0,"parent":0,"menu_order":0,"comment_status":"closed","ping_status":"closed","template":"","meta":{"footnotes":""},"class_list":["post-13251","page","type-page","status-publish","hentry"],"_links":{"self":[{"href":"https:\/\/georgiavoyage.ge\/fr\/wp-json\/wp\/v2\/pages\/13251","targetHints":{"allow":["GET"]}}],"collection":[{"href":"https:\/\/georgiavoyage.ge\/fr\/wp-json\/wp\/v2\/pages"}],"about":[{"href":"https:\/\/georgiavoyage.ge\/fr\/wp-json\/wp\/v2\/types\/page"}],"author":[{"embeddable":true,"href":"https:\/\/georgiavoyage.ge\/fr\/wp-json\/wp\/v2\/users\/1"}],"replies":[{"embeddable":true,"href":"https:\/\/georgiavoyage.ge\/fr\/wp-json\/wp\/v2\/comments?post=13251"}],"version-history":[{"count":0,"href":"https:\/\/georgiavoyage.ge\/fr\/wp-json\/wp\/v2\/pages\/13251\/revisions"}],"wp:attachment":[{"href":"https:\/\/georgiavoyage.ge\/fr\/wp-json\/wp\/v2\/media?parent=13251"}],"curies":[{"name":"wp","href":"https:\/\/api.w.org\/{rel}","templated":true}]}}