{"id":13274,"date":"2024-08-19T06:37:32","date_gmt":"2024-08-19T06:37:32","guid":{"rendered":"https:\/\/georgiavoyage.web-reflection.com\/our-services\/"},"modified":"2025-02-19T19:49:47","modified_gmt":"2025-02-19T19:49:47","slug":"our-services","status":"publish","type":"page","link":"https:\/\/georgiavoyage.ge\/fr\/our-services\/","title":{"rendered":"NOS SERVICES"},"content":{"rendered":"\t\t<div data-elementor-type=\"wp-page\" data-elementor-id=\"13274\" class=\"elementor elementor-13274 elementor-13261\">\n\t\t\t\t<div class=\"elementor-element elementor-element-a3db806 blogi e-flex e-con-boxed e-con e-parent\" data-id=\"a3db806\" data-element_type=\"container\" data-settings=\"{&quot;background_background&quot;:&quot;classic&quot;}\">\n\t\t\t\t\t<div class=\"e-con-inner\">\n\t\t<div class=\"elementor-element elementor-element-242f925 e-con-full e-flex e-con e-child\" data-id=\"242f925\" data-element_type=\"container\">\n\t\t\t\t<div class=\"elementor-element elementor-element-f4e0191 elementor-widget elementor-widget-image\" data-id=\"f4e0191\" data-element_type=\"widget\" data-widget_type=\"image.default\">\n\t\t\t\t<div class=\"elementor-widget-container\">\n\t\t\t\t\t\t\t\t\t\t\t\t\t\t\t<img fetchpriority=\"high\" decoding=\"async\" width=\"800\" height=\"235\" src=\"https:\/\/georgiavoyage.ge\/wp-content\/uploads\/2024\/12\/Our-Services.jpg\" class=\"attachment-large size-large wp-image-27709\" alt=\"Our Services\" srcset=\"https:\/\/georgiavoyage.ge\/wp-content\/uploads\/2024\/12\/Our-Services.jpg 850w, https:\/\/georgiavoyage.ge\/wp-content\/uploads\/2024\/12\/Our-Services-300x88.jpg 300w, https:\/\/georgiavoyage.ge\/wp-content\/uploads\/2024\/12\/Our-Services-768x226.jpg 768w, https:\/\/georgiavoyage.ge\/wp-content\/uploads\/2024\/12\/Our-Services-600x176.jpg 600w\" sizes=\"(max-width: 800px) 100vw, 800px\" \/>\t\t\t\t\t\t\t\t\t\t\t\t\t\t\t<\/div>\n\t\t\t\t<\/div>\n\t\t\t\t<div class=\"elementor-element elementor-element-225f60a elementor-widget elementor-widget-heading\" data-id=\"225f60a\" data-element_type=\"widget\" data-widget_type=\"heading.default\">\n\t\t\t\t<div class=\"elementor-widget-container\">\n\t\t\t\t\t<h2 class=\"elementor-heading-title elementor-size-default\">NOS SERVICES <\/h2>\t\t\t\t<\/div>\n\t\t\t\t<\/div>\n\t\t\t\t<div class=\"elementor-element elementor-element-c68d262 elementor-widget elementor-widget-text-editor\" data-id=\"c68d262\" data-element_type=\"widget\" data-widget_type=\"text-editor.default\">\n\t\t\t\t<div class=\"elementor-widget-container\">\n\t\t\t\t\t\t\t\t\t<h6><span style=\"text-decoration: underline; color: #000000;\">Agence de voyages <span>\u00abGeorgia Voyage\u00bb<\/span> propose une vaste gamme d\u2019offres de loisirs et d\u2019excursions. Notre assortiment comprend des itin\u00e9raires classiques avec des visites de plusieurs villes et r\u00e9gions, des visites d\u2019une ville, des voyages pour le week-end, des programmes exclusifs, th\u00e9matiques et de vacances. En plus des visites standard habituelles, nous proposons des services pour l\u2019organisation de voyages individuels et corporatifs, dont le programme et le co\u00fbt ne d\u00e9pendent que de vos d\u00e9sirs et vos ressources financi\u00e8res.<\/span><\/h6><h6><span style=\"text-decoration: underline; color: #000000;\">Nous effectuons une randonn\u00e9e de 1 jour \u00e0 vrai voyage de quinze jours et nous prenons les groupes des touristes individuels de 1 personne \u00e0 quantit\u00e9 non limit\u00e9e de touristes. Nos itin\u00e9raires sont con\u00e7us de mani\u00e8re \u00e0 ce qu\u2019un touriste exp\u00e9riment\u00e9 et un d\u00e9butant puissent y prendre part. Les programmes de nos circuits sont bas\u00e9s sur notre exp\u00e9rience et les opinions de nos clients totalement diff\u00e9rents. Nos services sont utilis\u00e9s par des compagnies nationales et internationales, des grandes corporations et des hommes d\u2019affaires.<span> \u00abGeorgia Voyage\u00bb<\/span> participe activement aux expositions touristiques et conf\u00e9rences internationales annuelles qui permettent de partager des exp\u00e9riences.<\/span><\/h6><h6><span style=\"text-decoration: underline; color: #000000;\">Nos circuits, ce sont des itin\u00e9raires \u2013 les produits semi-fabriqu\u00e9s, qui peuvent \u00eatre facilement remodel\u00e9es. Ajouter et soustraire le nombre de jours d\u2019excursion. Trier ou refaire le jour d\u2019excursion, changer la succession, la dur\u00e9e. Chaque jour d\u2019excursion est une destination autonome. C\u2019est l\u2019itin\u00e9raire s\u00e9par\u00e9 avec le calcul de la distance et le d\u00e9placement confortable entre les points d\u2019excursion. Les programmes de circuits sont conditionnelles. Les lieux \u00e0 visiter sont indiqu\u00e9es \u00e0 titre d\u2019exemple. Chaque tour et chaque itin\u00e9raire sont examin\u00e9s au moment de la demande. Aussi, au d\u00e9sir les touristes, ils peuvent changer le programme d\u00e9j\u00e0 r\u00e9serv\u00e9 et pay\u00e9.<\/span><\/h6><h6><span style=\"text-decoration: underline; color: #000000;\">\u00abGeorgia Voyage\u00bb est une compagnie r\u00e9ceptive et nous savons parfaitement toutes les curiosit\u00e9s tr\u00e8s sp\u00e9cifiques de l\u2019infrastructure touristique de notre pays. ( transport, points de r\u00e9ception \u2013 h\u00e9bergement, repas\u2026. A des prix tr\u00e8s raisonnables, nous pouvons proposer \u00e0 vos clients des itin\u00e9raires convenants, avec la pr\u00e9sentation sp\u00e9cialement install\u00e9 sur notre page de toutes les curiosit\u00e9s du pays (voir Sites) . En plus des programmes present\u00e9s (voir Sircuits), nous sommes pr\u00eats \u00e0 composer et examiner avec vous chaque tour et itin\u00e9raire individuels et prendre la d\u00e9cision en ensemble, \u00e9tablir les prix, la dur\u00e9e du voyage, la condition de la r\u00e9sidence, les questions de l\u2019alimentation, l\u2019accompagnement (transitaire vers Arm\u00e9nie, l\u2019Azerba\u00efdjan, la Turquie et la Russie) jusqu\u2019au bout des voyages.<\/span><\/h6><h6><span style=\"text-decoration: underline; color: #000000;\">Nous nous sp\u00e9cialisons aussi dans l\u2019organisations de tours gastronomiques et des voyages d\u2019affaires (MICE). A des prix aussi tr\u00e8s raisonnables, nous organiserons les vraies tabl\u00e9es g\u00e9orgiennes \u2014 avec la musique vivante classique (le violon, l\u2019alto, la fl\u00fbte et le violoncelle) et les chansons et danses nationales dans l\u2019ex\u00e9cution des ensembles de folklore. (dans des restaurants \u2026 dans des \u00e9tablissements priv\u00e9s (paysans) \u2026 et les pique-niques en pleine nature). Nos tours gastronomiques comprennent des master classes selon la mise en valeur des recettes traditionnelles, la visite des march\u00e9s locaux et des \u00e9tablissements viticoles. C\u2019est pourquoi , nous sommes souvent visit\u00e9s par les amateurs de voyages et de loisirs non standard. Les gens qui aiment bon manger et s\u2019amuser.<\/span><\/h6><h6><span style=\"text-decoration: underline; color: #000000;\">Avez en vue qu\u2019en plus des tours gastronomiques nous organiserons aussi les tours de chasse et de p\u00eache, les voyages de pi\u00e9ton\u2026. vivre avec des paysans et connaitre leur vie et artisanats. C\u2019est pourquoi que nous somme souvent visit\u00e9 par des amateurs du voyage non standard. Dans le but de prot\u00e9ger notre travail et nos droits, les itin\u00e9raires \u00e9labor\u00e9s exclusifs et des points de r\u00e9ception, nous fournissons seulement pour les acheteurs r\u00e9els.<\/span><\/h6><h6><span style=\"text-decoration: underline; color: #000000;\">Le transport est un attribut tr\u00e8s important pour chaque circuit et destination. Notre avantage r\u00e9side dans notre vaste exp\u00e9rience dans la r\u00e9alisation de diff\u00e9rents types de circuits, ainsi que dans notre base de chauffeurs exp\u00e9riment\u00e9s. Cela nous permet de fournir les meilleures voitures pour nos touristes.<\/span><\/h6><h6><span style=\"text-decoration: underline; color: #000000;\">Pour plus d\u2019informations, n\u2019h\u00e9sitez pas \u00e0 nous appeler ou \u00e0 nous \u00e9crire au <span style=\"color: #ff0000; text-decoration: underline;\">Viber \/ WhatsApp +995 599 25 65 19 <span style=\"color: #000000; text-decoration: underline;\">ou par E-mail<\/span> : <a style=\"color: #ff0000; text-decoration: underline;\" href=\"mailto:info@georgiavoyage.ge\">info@georgiavoyage.ge<\/a><\/span> <em><strong><a href=\"mailto:info@georgiavoyage.ge\"><img decoding=\"async\" class=\"\" src=\"https:\/\/georgiavoyage.ge\/wp-content\/uploads\/2024\/08\/Pointer.png\" width=\"23\" height=\"23\" \/>\u00a0<\/a><\/strong><\/em> Nous sommes toujours pr\u00eats \u00e0 vous conseiller et r\u00e9pondre \u00e0 toutes vos questions, concernant l\u2019organisation du tourisme et des loisirs en G\u00e9orgie.<\/span><\/h6>\t\t\t\t\t\t\t\t<\/div>\n\t\t\t\t<\/div>\n\t\t\t\t<\/div>\n\t\t\t\t\t<\/div>\n\t\t\t\t<\/div>\n\t\t\t\t<\/div>\n\t\t","protected":false},"excerpt":{"rendered":"<p>NOS SERVICES Agence de voyages \u00abGeorgia Voyage\u00bb propose une vaste gamme d\u2019offres de loisirs et d\u2019excursions. Notre assortiment comprend des itin\u00e9raires classiques avec des visites de plusieurs villes et r\u00e9gions, des visites d\u2019une ville, des voyages pour le week-end, des programmes exclusifs, th\u00e9matiques et de vacances. En plus des visites standard habituelles, nous proposons des [&hellip;]<\/p>\n","protected":false},"author":1,"featured_media":0,"parent":0,"menu_order":0,"comment_status":"closed","ping_status":"closed","template":"","meta":{"footnotes":""},"class_list":["post-13274","page","type-page","status-publish","hentry"],"_links":{"self":[{"href":"https:\/\/georgiavoyage.ge\/fr\/wp-json\/wp\/v2\/pages\/13274","targetHints":{"allow":["GET"]}}],"collection":[{"href":"https:\/\/georgiavoyage.ge\/fr\/wp-json\/wp\/v2\/pages"}],"about":[{"href":"https:\/\/georgiavoyage.ge\/fr\/wp-json\/wp\/v2\/types\/page"}],"author":[{"embeddable":true,"href":"https:\/\/georgiavoyage.ge\/fr\/wp-json\/wp\/v2\/users\/1"}],"replies":[{"embeddable":true,"href":"https:\/\/georgiavoyage.ge\/fr\/wp-json\/wp\/v2\/comments?post=13274"}],"version-history":[{"count":0,"href":"https:\/\/georgiavoyage.ge\/fr\/wp-json\/wp\/v2\/pages\/13274\/revisions"}],"wp:attachment":[{"href":"https:\/\/georgiavoyage.ge\/fr\/wp-json\/wp\/v2\/media?parent=13274"}],"curies":[{"name":"wp","href":"https:\/\/api.w.org\/{rel}","templated":true}]}}