{"id":13358,"date":"2024-08-19T10:17:03","date_gmt":"2024-08-19T10:17:03","guid":{"rendered":"https:\/\/georgiavoyage.web-reflection.com\/algeti-national-park\/"},"modified":"2025-01-21T16:54:27","modified_gmt":"2025-01-21T16:54:27","slug":"algeti-national-park","status":"publish","type":"page","link":"https:\/\/georgiavoyage.ge\/fr\/algeti-national-park\/","title":{"rendered":"ALGUETI"},"content":{"rendered":"\t\t<div data-elementor-type=\"wp-page\" data-elementor-id=\"13358\" class=\"elementor elementor-13358 elementor-13214\">\n\t\t\t\t<div class=\"elementor-element elementor-element-a3db806 blogi e-flex e-con-boxed e-con e-parent\" data-id=\"a3db806\" data-element_type=\"container\" data-settings=\"{&quot;background_background&quot;:&quot;classic&quot;}\">\n\t\t\t\t\t<div class=\"e-con-inner\">\n\t\t<div class=\"elementor-element elementor-element-242f925 e-con-full e-flex e-con e-child\" data-id=\"242f925\" data-element_type=\"container\">\n\t\t\t\t<div class=\"elementor-element elementor-element-b9818e8 elementor-widget elementor-widget-heading\" data-id=\"b9818e8\" data-element_type=\"widget\" data-widget_type=\"heading.default\">\n\t\t\t\t<div class=\"elementor-widget-container\">\n\t\t\t\t\t<h2 class=\"elementor-heading-title elementor-size-default\">Parc national d'Algueti  <\/h2>\t\t\t\t<\/div>\n\t\t\t\t<\/div>\n\t\t\t\t<div class=\"elementor-element elementor-element-f4e0191 elementor-widget elementor-widget-image\" data-id=\"f4e0191\" data-element_type=\"widget\" data-widget_type=\"image.default\">\n\t\t\t\t<div class=\"elementor-widget-container\">\n\t\t\t\t\t\t\t\t\t\t\t\t\t\t\t<img fetchpriority=\"high\" decoding=\"async\" width=\"720\" height=\"460\" src=\"https:\/\/georgiavoyage.ge\/wp-content\/uploads\/2024\/08\/Algeti-National-Park.jpg\" class=\"attachment-large size-large wp-image-12227\" alt=\"National park of Algeti\" srcset=\"https:\/\/georgiavoyage.ge\/wp-content\/uploads\/2024\/08\/Algeti-National-Park.jpg 720w, https:\/\/georgiavoyage.ge\/wp-content\/uploads\/2024\/08\/Algeti-National-Park-300x192.jpg 300w, https:\/\/georgiavoyage.ge\/wp-content\/uploads\/2024\/08\/Algeti-National-Park-600x383.jpg 600w\" sizes=\"(max-width: 720px) 100vw, 720px\" \/>\t\t\t\t\t\t\t\t\t\t\t\t\t\t\t<\/div>\n\t\t\t\t<\/div>\n\t\t\t\t<div class=\"elementor-element elementor-element-c68d262 elementor-widget elementor-widget-text-editor\" data-id=\"c68d262\" data-element_type=\"widget\" data-widget_type=\"text-editor.default\">\n\t\t\t\t<div class=\"elementor-widget-container\">\n\t\t\t\t\t\t\t\t\t<h6><span style=\"text-decoration: underline;\"><span style=\"color: #000000; text-decoration: underline;\">Parc national d\u2019Algueti (G\u00e9orgie de l\u2019est, R\u00e9gion de Kv\u00e9mo Kartlie)<\/span><\/span><\/h6><h6><span style=\"text-decoration: underline;\"><span style=\"color: #000000; text-decoration: underline;\">Le parc national d\u2019Algueti (G\u00e9orgien: \u10d0\u10da\u10d2\u10d4\u10d7\u10d8\u10e1 \u10dc\u10d0\u10ea\u10d8\u10dd\u10dc\u10d0\u10da\u10e3\u10e0\u10d8 \u10de\u10d0\u10e0\u10d9\u10d8) &#8211; Le parc est situ\u00e9 dans la municipalit\u00e9 de T\u00e9tritskaro. Le parc comprend la partie orientale de la cha\u00eene de montagnes Trial\u00e9tie et est situ\u00e9 \u00e0 une altitude de 1100 \u2013 1950 m au-dessus du niveau de la mer. De nombreux sites arch\u00e9ologiques ont \u00e9t\u00e9 trouv\u00e9s dans le parc, dont les plus anciens appartiennent aux p\u00e9riodes n\u00e9olithique et bronze ancien . Des forteresses cyclop\u00e9ennes obsol\u00e8tes, des \u00e9glises, des tunnels souterrains ont \u00e9t\u00e9 pr\u00e9serv\u00e9s.<\/span><\/span><\/h6><h6><span style=\"text-decoration: underline;\"><span style=\"color: #000000; text-decoration: underline;\">La rivi\u00e8re Algueti, avec ses nombreux affluents, traverse le parc national d\u2019Algueti. Le parc est une base importante pour la recherche scientifique. Il a une valeur r\u00e9cr\u00e9ative, de station thermale, de r\u00e9servoir et de conservation du sol. Le parc national a un bon potentiel pour l\u2019organisation de circuits photo-vid\u00e9o, \u00e9cologiques, botaniques et d\u2019aventure, ainsi que pour l\u2019observation des oiseaux. Des types de tourisme tels que la randonn\u00e9e, les visites arch\u00e9ologiques et les excursions \u00e0 cheval sont d\u00e9velopp\u00e9s dans la zone prot\u00e9g\u00e9e.<\/span><\/span><\/h6><h6><span style=\"text-decoration: underline;\"><span style=\"color: #000000; text-decoration: underline;\">Les touristes peuvent visiter le parc national en toutes saisons de l\u2019ann\u00e9e. L\u2019entr\u00e9e principale du parc national se trouve \u00e0 Manglissi. les sentiers de randonn\u00e9es marqu\u00e9s commencent \u00e0 partir d\u2019ici. Tout au long des sentiers, les points de vue remarquables sur la vall\u00e9e du parc national d\u2019Algueti, sont clairement visibles. Juste sur la route, il y a une chance de voir: des chevreuils, des lapins, des sangliers et plusieurs esp\u00e8ces d\u2019oiseaux sauvages.<\/span><\/span><\/h6><h6><span style=\"text-decoration: underline;\"><span style=\"color: #000000; text-decoration: underline;\">Compagnie touristique <span style=\"color: #0000ff; text-decoration: underline;\">\u00abGeorgia Voyage\u00bb,<\/span> donne aux touristes la possibilit\u00e9 de recevoir toutes les informations n\u00e9cessaires. Pour plus d\u2019informations, n\u2019h\u00e9sitez pas \u00e0 nous contacter au<span style=\"color: #ff0000; text-decoration: underline;\"> Viber \/ WhatsApp +995 599 25 65 19 <span style=\"color: #000000; text-decoration: underline;\">ou E-mail :<\/span> info@georgiavoyage.ge.<em><span style=\"color: #000000; text-decoration: underline;\"><strong><a href=\"mailto:info@georgiavoyage.ge\"><img decoding=\"async\" class=\"\" src=\"\/wp-content\/uploads\/2024\/08\/Pointer.png\" width=\"23\" height=\"23\" \/><\/a>\u00a0<\/strong><\/span><\/em> <\/span>Nous sommes toujours pr\u00eats \u00e0 vous conseiller et r\u00e9pondre \u00e0 toutes vos questions, relatives \u00e0 l\u2019organisation du tourisme et des loisirs en G\u00e9orgie.<\/span><\/span><\/h6><h6><span style=\"text-decoration: underline;\"><span style=\"color: #000000; text-decoration: underline;\">Les programmes des circuits seront discut\u00e9 et planifi\u00e9 individuellement, tout en tenant compte de vos choix et de vos souhaits, pour avoir un meilleur aper\u00e7u des sentiers et randonn\u00e9es, sur le territoire du Parc National d\u2019Algueti.<\/span><\/span><\/h6><h6><span style=\"text-decoration: underline;\"><span style=\"color: #000000; text-decoration: underline;\">Sentier touristique marqu\u00e9 et organis\u00e9e par nos soins :<\/span><\/span><\/h6><h6><span style=\"text-decoration: underline;\"><span style=\"color: #000000; text-decoration: underline;\"><span style=\"color: #0000ff; text-decoration: underline;\">\u00abCr\u00eate royale\u00bb<\/span> \u2013 16 km, 5-6 heures, \u00e0 pied, niveau de complexit\u00e9 \u2013 moyen.<\/span><\/span><\/h6><h6><span style=\"text-decoration: underline;\"><span style=\"color: #000000; text-decoration: underline;\"> L\u2019itin\u00e9raire part de Manglissi en direction de l\u2019aire de pique-nique via \u00ab Martalkhevi \u00bb, jusqu\u2019au village de \u00ab Didi Namtsvriani \u00bb et retour \u00e0 Manglissi via la cr\u00eate \u00ab Samepo \u00bb. Le sentier est balis\u00e9 de couleur bleue et blanche. Des points de vue panoramiques le long de la route offrent une vue imprenable sur le paysage vallonn\u00e9 couvert de for\u00eats mixtes du parc national d\u2019Algueti.<\/span><\/span><\/h6><h6><span style=\"text-decoration: underline;\"><span style=\"color: #ff0000; text-decoration: underline;\"><span style=\"color: #0000ff; text-decoration: underline;\">Retrouver sur<\/span> <a style=\"color: #ff0000; text-decoration: underline;\" href=\"https:\/\/www.google.com\/maps\/d\/viewer?mid=1Vv9B5X7qH5FD57FFwDs8vzguRlw&amp;ll=41.722102542991564%2C44.32146928138202&amp;z=12\">Google Maps<\/a> <em><span style=\"color: #000000; text-decoration: underline;\"><strong><a href=\"mailto:info@georgiavoyage.ge\"><img decoding=\"async\" class=\"\" src=\"\/wp-content\/uploads\/2024\/08\/Pointer.png\" width=\"23\" height=\"23\" \/><\/a>\u00a0<\/strong><\/span><\/em><\/span><\/span><\/h6>\t\t\t\t\t\t\t\t<\/div>\n\t\t\t\t<\/div>\n\t\t\t\t<\/div>\n\t\t\t\t\t<\/div>\n\t\t\t\t<\/div>\n\t\t\t\t<\/div>\n\t\t","protected":false},"excerpt":{"rendered":"<p>Parc national d&rsquo;Algueti Parc national d\u2019Algueti (G\u00e9orgie de l\u2019est, R\u00e9gion de Kv\u00e9mo Kartlie) Le parc national d\u2019Algueti (G\u00e9orgien: \u10d0\u10da\u10d2\u10d4\u10d7\u10d8\u10e1 \u10dc\u10d0\u10ea\u10d8\u10dd\u10dc\u10d0\u10da\u10e3\u10e0\u10d8 \u10de\u10d0\u10e0\u10d9\u10d8) &#8211; Le parc est situ\u00e9 dans la municipalit\u00e9 de T\u00e9tritskaro. Le parc comprend la partie orientale de la cha\u00eene de montagnes Trial\u00e9tie et est situ\u00e9 \u00e0 une altitude de 1100 \u2013 1950 m au-dessus [&hellip;]<\/p>\n","protected":false},"author":1,"featured_media":0,"parent":0,"menu_order":0,"comment_status":"closed","ping_status":"closed","template":"","meta":{"footnotes":""},"class_list":["post-13358","page","type-page","status-publish","hentry"],"_links":{"self":[{"href":"https:\/\/georgiavoyage.ge\/fr\/wp-json\/wp\/v2\/pages\/13358","targetHints":{"allow":["GET"]}}],"collection":[{"href":"https:\/\/georgiavoyage.ge\/fr\/wp-json\/wp\/v2\/pages"}],"about":[{"href":"https:\/\/georgiavoyage.ge\/fr\/wp-json\/wp\/v2\/types\/page"}],"author":[{"embeddable":true,"href":"https:\/\/georgiavoyage.ge\/fr\/wp-json\/wp\/v2\/users\/1"}],"replies":[{"embeddable":true,"href":"https:\/\/georgiavoyage.ge\/fr\/wp-json\/wp\/v2\/comments?post=13358"}],"version-history":[{"count":0,"href":"https:\/\/georgiavoyage.ge\/fr\/wp-json\/wp\/v2\/pages\/13358\/revisions"}],"wp:attachment":[{"href":"https:\/\/georgiavoyage.ge\/fr\/wp-json\/wp\/v2\/media?parent=13358"}],"curies":[{"name":"wp","href":"https:\/\/api.w.org\/{rel}","templated":true}]}}