{"id":13404,"date":"2024-08-19T12:53:52","date_gmt":"2024-08-19T12:53:52","guid":{"rendered":"https:\/\/georgiavoyage.web-reflection.com\/vashlovani-national-park\/"},"modified":"2025-01-21T07:42:14","modified_gmt":"2025-01-21T07:42:14","slug":"vashlovani-national-park","status":"publish","type":"page","link":"https:\/\/georgiavoyage.ge\/fr\/vashlovani-national-park\/","title":{"rendered":"VACHLOVANI"},"content":{"rendered":"\t\t<div data-elementor-type=\"wp-page\" data-elementor-id=\"13404\" class=\"elementor elementor-13404 elementor-13215\">\n\t\t\t\t<div class=\"elementor-element elementor-element-a3db806 blogi e-flex e-con-boxed e-con e-parent\" data-id=\"a3db806\" data-element_type=\"container\" data-settings=\"{&quot;background_background&quot;:&quot;classic&quot;}\">\n\t\t\t\t\t<div class=\"e-con-inner\">\n\t\t<div class=\"elementor-element elementor-element-242f925 e-con-full e-flex e-con e-child\" data-id=\"242f925\" data-element_type=\"container\">\n\t\t\t\t<div class=\"elementor-element elementor-element-b9818e8 elementor-widget elementor-widget-heading\" data-id=\"b9818e8\" data-element_type=\"widget\" data-widget_type=\"heading.default\">\n\t\t\t\t<div class=\"elementor-widget-container\">\n\t\t\t\t\t<h2 class=\"elementor-heading-title elementor-size-default\">Aires prot\u00e9g\u00e9es de Vachlovani<\/h2>\t\t\t\t<\/div>\n\t\t\t\t<\/div>\n\t\t\t\t<div class=\"elementor-element elementor-element-f4e0191 elementor-widget elementor-widget-image\" data-id=\"f4e0191\" data-element_type=\"widget\" data-widget_type=\"image.default\">\n\t\t\t\t<div class=\"elementor-widget-container\">\n\t\t\t\t\t\t\t\t\t\t\t\t\t\t\t<img fetchpriority=\"high\" decoding=\"async\" width=\"720\" height=\"460\" src=\"https:\/\/georgiavoyage.ge\/wp-content\/uploads\/2024\/08\/Vashlovani-National-Park.jpg\" class=\"attachment-large size-large wp-image-12203\" alt=\"Vashlovani Protected Areas\" srcset=\"https:\/\/georgiavoyage.ge\/wp-content\/uploads\/2024\/08\/Vashlovani-National-Park.jpg 720w, https:\/\/georgiavoyage.ge\/wp-content\/uploads\/2024\/08\/Vashlovani-National-Park-300x192.jpg 300w, https:\/\/georgiavoyage.ge\/wp-content\/uploads\/2024\/08\/Vashlovani-National-Park-600x383.jpg 600w\" sizes=\"(max-width: 720px) 100vw, 720px\" \/>\t\t\t\t\t\t\t\t\t\t\t\t\t\t\t<\/div>\n\t\t\t\t<\/div>\n\t\t\t\t<div class=\"elementor-element elementor-element-c68d262 elementor-widget elementor-widget-text-editor\" data-id=\"c68d262\" data-element_type=\"widget\" data-widget_type=\"text-editor.default\">\n\t\t\t\t<div class=\"elementor-widget-container\">\n\t\t\t\t\t\t\t\t\t<h6><span style=\"text-decoration: underline;\"><span style=\"color: #000000; text-decoration: underline;\"><em>Aires prot\u00e9g\u00e9es <\/em>de Vachlovani (G\u00e9orgie de l&rsquo;Est, R\u00e9gione de Kakh\u00e9tie)<\/span><\/span><\/h6><h6><span style=\"text-decoration: underline;\"><span style=\"color: #000000; text-decoration: underline;\"><em>Aires prot\u00e9g\u00e9es <\/em>de Vachlovani (G\u00e9orgien: \u10d5\u10d0\u10e8\u10da\u10dd\u10d5\u10d0\u10dc\u10d8\u10e1 \u10d3\u10d0\u10ea\u10e3\u10da\u10d8 \u10e2\u10d4\u10e0\u10d8\u10e2\u10dd\u10e0\u10d8\u10d4\u10d1\u10d8) &#8211; Le parc est \u00a0situ\u00e9 dans la partie extr\u00eame est du district de D\u00e9doflistskaro. Il comprend la r\u00e9serve naturelle de Vachlovani, le parc national et 3 monuments naturels \u2013 Eagle Gorge, les volcans de boue Takhti-T\u00e9pa et la for\u00eat de la plaine inondable (Kakliskour\u00e9) de la rivi\u00e8re d\u2019Alazani. Sa superficie comprend le massif Pantichara-Vachlovani, dont la hauteur atteint 300 \u00e0 600 m\u00e8tres d\u2019altitude. Le nom Vachlovani est d\u00e9riv\u00e9 de la similitude naturelle et de la disposition des pistaches et des pommiers qui quittent l\u2019association du jardin fruitier.<\/span><\/span><\/h6><h6><span style=\"text-decoration: underline;\"><span style=\"color: #000000; text-decoration: underline;\">La superficie totale des zones prot\u00e9g\u00e9es de Vachlovani s\u2019\u00e9l\u00e8ve \u00e0 35292 ha. Le centre administratif et des visiteurs du parc national est situ\u00e9 \u00e0 Dedoplistskaro. La salle d\u2019exposition et de pr\u00e9sentation est con\u00e7ue dans un b\u00e2timent administratif, o\u00f9 les visiteurs ont la possibilit\u00e9 de se familiariser avec les sp\u00e9cificit\u00e9s des zones prot\u00e9g\u00e9es, les r\u00e8gles de s\u00e9curit\u00e9 et de choisir l\u2019itin\u00e9raire souhait\u00e9.<\/span><\/span><\/h6><h6><span style=\"text-decoration: underline;\"><span style=\"color: #000000; text-decoration: underline;\">Le r\u00e9seau de sentiers touristiques des aires prot\u00e9g\u00e9es de Vashlovani offre la possibilit\u00e9 de randonner pendant un ou plusieurs jours. Les chemins sont balis\u00e9s et bien am\u00e9nag\u00e9s. Des bungalows, des aires de pique-nique et des emplacements de camping sont am\u00e9nag\u00e9s le long des itin\u00e9raires. Des sites pour allumer un feu sont \u00e9galement attribu\u00e9s. Le parc national propose des circuits p\u00e9destres, g\u00e9ologiques, \u00e0 v\u00e9lo, photo, culturels et \u00e9ducatifs.<\/span><\/span><\/h6><h6><span style=\"text-decoration: underline;\"><span style=\"color: #000000; text-decoration: underline;\">Compagnie touristique<span style=\"color: #0000ff; text-decoration: underline;\"> \u00abGeorgia Voyage\u00bb,<\/span> donne aux touristes la possibilit\u00e9 de recevoir toutes les informations n\u00e9cessaires. Pour plus d\u2019informations, n\u2019h\u00e9sitez pas \u00e0 nous contacter au <span style=\"color: #ff0000; text-decoration: underline;\">Viber \/ WhatsApp +995 599 25 65 19 <span style=\"color: #000000; text-decoration: underline;\">ou\u00a0 E-mail :<\/span> info@georgiavoyage.ge<\/span> . Nous sommes toujours pr\u00eats \u00e0 vous conseiller et r\u00e9pondre \u00e0 toutes vos questions, relatives \u00e0\u00a0 l\u2019organisation du tourisme et des loisirs en G\u00e9orgie.<\/span><\/span><\/h6><h6><span style=\"text-decoration: underline;\"><span style=\"color: #000000; text-decoration: underline;\">Les programmes des circuits seront discut\u00e9 et planifi\u00e9 individuellement, tout en tenant compte de vos choix et de vos souhaits, pour avoir un meilleur aper\u00e7u des sentiers et randonn\u00e9es sur le territoire des z<span style=\"color: #0000ff; text-decoration: underline;\">ones prot\u00e9g\u00e9es de Vachlovani.<\/span><\/span><\/span><\/h6><h6><span style=\"text-decoration: underline;\"><span style=\"color: #0000ff; text-decoration: underline;\">Circuits marqu\u00e9s et organis\u00e9es par nos soins:<\/span><\/span><\/h6><ul><li><h6><span style=\"text-decoration: underline;\"><span style=\"color: #000000; text-decoration: underline;\"><span style=\"color: #0000ff; text-decoration: underline;\">Vall\u00e9e de l\u2019aigle<\/span> \u2013 7-8 km., 1 jour, en voiture \u2013 int\u00e9gr\u00e9 \u00e0 la marche, difficult\u00e9 moyenne<\/span><\/span><\/h6><\/li><\/ul><h6><span style=\"text-decoration: underline;\"><span style=\"color: #000000; text-decoration: underline;\">Les principales attractions: falaises calcaires de la gorge de l\u2019aigle, plantes end\u00e9miques rares, observation du vol des vautours et 9 esp\u00e8ces d\u2019oiseaux de proie \u2013 parmi lesquelles le faisan de Colchide et la cigogne noire, les ruines de la cit\u00e9 m\u00e9di\u00e9vale forteresse de Khornaboudji, panoramique vue sur la vall\u00e9e d\u2019Alazani et le Caucase oriental.<\/span><\/span><\/h6><ul><li><h6><span style=\"text-decoration: underline;\"><span style=\"color: #000000; text-decoration: underline;\"><span style=\"color: #0000ff; text-decoration: underline;\">Vall\u00e9e de l\u2019Ours<\/span> \u2013 120 km, 1 jour, voiture \u2013 int\u00e9gr\u00e9 \u00e0 la marche, difficult\u00e9 moyenne<\/span><\/span><\/h6><\/li><\/ul><h6><span style=\"text-decoration: underline;\"><span style=\"color: #000000; text-decoration: underline;\">Principales attractions: faune avec plantes reliques, pistachiers et gen\u00e9vriers \u00e0 feuilles persistantes, cr\u00eate de Nagom\u00e9rbi recouverte de v\u00e9g\u00e9tation x\u00e9rophyte, nombreux nids d\u2019hirondelles, mollusques de mer nus, os fossilis\u00e9s repr\u00e9sentent bien la taille g\u00e9ante d\u2019un mammif\u00e8re vivant il y a un million d\u2019ann\u00e9es.<\/span><\/span><\/h6><ul><li><h6><span style=\"text-decoration: underline;\"><span style=\"color: #000000; text-decoration: underline;\"><span style=\"color: #0000ff; text-decoration: underline;\">Volcan de boue<\/span> \u2013 110 km, 1 jour, route, difficult\u00e9 moyenne<\/span><\/span><\/h6><\/li><\/ul><h6><span style=\"text-decoration: underline;\"><span style=\"color: #000000; text-decoration: underline;\">Du gaz, du p\u00e9trole et de la boue aux propri\u00e9t\u00e9s m\u00e9dicinales sont constamment en \u00e9ruption et en \u00e9ruption du crat\u00e8re Vulcain. En surface, il existe certains types de chalopites: Kalidium caspicum, Suaeda sp. Petrosimonia brachiata, Gamenthus pilosus, Limonium meyeri et autres, tandis que les pentes du volcan sont couvertes d\u2019une phytoc\u00e9nose semi-d\u00e9sertique.<\/span><\/span><\/h6><ul><li><h6><span style=\"text-decoration: underline;\"><span style=\"color: #000000; text-decoration: underline;\"><span style=\"color: #0000ff; text-decoration: underline;\">P\u00eache sportive<\/span> \u2013 160 km, 2 jours<\/span><\/span><\/h6><\/li><\/ul><h6><span style=\"text-decoration: underline;\"><span style=\"color: #000000; text-decoration: underline;\">Pour les amateurs de p\u00eache, il est possible de p\u00eacher \u00e0 la canne et \u00e0 la senne sur la rivi\u00e8re Alazani, environ 20 esp\u00e8ces de poissons. Le printemps et l\u2019automne sont consid\u00e9r\u00e9s comme les meilleures saisons de p\u00eache. Il existe de nombreux poissons-chats, carpes, gobies, barbeaux et harengs du Caucase \u00e0 Alazani. Voici la liste des poissons que le visiteur attrape sur la rivi\u00e8re, au printemps et en automne. Il est possible de passer la nuit dans des h\u00e9bergements am\u00e9nag\u00e9s par l\u2019administration.<\/span><\/span><\/h6><h6><span style=\"text-decoration: underline;\"><span style=\"color: #ff0000; text-decoration: underline;\"><span style=\"color: #0000ff; text-decoration: underline;\">Retrouver sur<\/span> <a style=\"color: #ff0000; text-decoration: underline;\" href=\"https:\/\/www.google.com\/maps\/d\/viewer?mid=1Vv9B5X7qH5FD57FFwDs8vzguRlw&amp;ll=41.281592768729745%2C46.56692423266982&amp;z=10\">Google Maps <\/a><em><strong><a href=\"mailto:info@georgiavoyage.ge\"><img decoding=\"async\" class=\"\" src=\"https:\/\/georgiavoyage.ge\/wp-content\/uploads\/2024\/08\/Pointer.png\" width=\"23\" height=\"23\" \/><\/a>\u00a0<\/strong><\/em><\/span><\/span><\/h6>\t\t\t\t\t\t\t\t<\/div>\n\t\t\t\t<\/div>\n\t\t\t\t<\/div>\n\t\t\t\t\t<\/div>\n\t\t\t\t<\/div>\n\t\t\t\t<\/div>\n\t\t","protected":false},"excerpt":{"rendered":"<p>Aires prot\u00e9g\u00e9es de Vachlovani Aires prot\u00e9g\u00e9es de Vachlovani (G\u00e9orgie de l&rsquo;Est, R\u00e9gione de Kakh\u00e9tie) Aires prot\u00e9g\u00e9es de Vachlovani (G\u00e9orgien: \u10d5\u10d0\u10e8\u10da\u10dd\u10d5\u10d0\u10dc\u10d8\u10e1 \u10d3\u10d0\u10ea\u10e3\u10da\u10d8 \u10e2\u10d4\u10e0\u10d8\u10e2\u10dd\u10e0\u10d8\u10d4\u10d1\u10d8) &#8211; Le parc est \u00a0situ\u00e9 dans la partie extr\u00eame est du district de D\u00e9doflistskaro. Il comprend la r\u00e9serve naturelle de Vachlovani, le parc national et 3 monuments naturels \u2013 Eagle Gorge, les volcans [&hellip;]<\/p>\n","protected":false},"author":1,"featured_media":0,"parent":0,"menu_order":0,"comment_status":"closed","ping_status":"closed","template":"","meta":{"footnotes":""},"class_list":["post-13404","page","type-page","status-publish","hentry"],"_links":{"self":[{"href":"https:\/\/georgiavoyage.ge\/fr\/wp-json\/wp\/v2\/pages\/13404","targetHints":{"allow":["GET"]}}],"collection":[{"href":"https:\/\/georgiavoyage.ge\/fr\/wp-json\/wp\/v2\/pages"}],"about":[{"href":"https:\/\/georgiavoyage.ge\/fr\/wp-json\/wp\/v2\/types\/page"}],"author":[{"embeddable":true,"href":"https:\/\/georgiavoyage.ge\/fr\/wp-json\/wp\/v2\/users\/1"}],"replies":[{"embeddable":true,"href":"https:\/\/georgiavoyage.ge\/fr\/wp-json\/wp\/v2\/comments?post=13404"}],"version-history":[{"count":0,"href":"https:\/\/georgiavoyage.ge\/fr\/wp-json\/wp\/v2\/pages\/13404\/revisions"}],"wp:attachment":[{"href":"https:\/\/georgiavoyage.ge\/fr\/wp-json\/wp\/v2\/media?parent=13404"}],"curies":[{"name":"wp","href":"https:\/\/api.w.org\/{rel}","templated":true}]}}