{"id":13433,"date":"2024-08-19T11:52:34","date_gmt":"2024-08-19T11:52:34","guid":{"rendered":"https:\/\/georgiavoyage.web-reflection.com\/borjomi-kharagauli-national-park\/"},"modified":"2025-01-21T04:46:26","modified_gmt":"2025-01-21T04:46:26","slug":"borjomi-kharagauli-national-park","status":"publish","type":"page","link":"https:\/\/georgiavoyage.ge\/fr\/borjomi-kharagauli-national-park\/","title":{"rendered":"BORDJOMI &#8211; KHARAGAOULI"},"content":{"rendered":"\t\t<div data-elementor-type=\"wp-page\" data-elementor-id=\"13433\" class=\"elementor elementor-13433 elementor-13262\">\n\t\t\t\t<div class=\"elementor-element elementor-element-a3db806 blogi e-flex e-con-boxed e-con e-parent\" data-id=\"a3db806\" data-element_type=\"container\" data-settings=\"{&quot;background_background&quot;:&quot;classic&quot;}\">\n\t\t\t\t\t<div class=\"e-con-inner\">\n\t\t<div class=\"elementor-element elementor-element-242f925 e-con-full e-flex e-con e-child\" data-id=\"242f925\" data-element_type=\"container\">\n\t\t\t\t<div class=\"elementor-element elementor-element-b9818e8 elementor-widget elementor-widget-heading\" data-id=\"b9818e8\" data-element_type=\"widget\" data-widget_type=\"heading.default\">\n\t\t\t\t<div class=\"elementor-widget-container\">\n\t\t\t\t\t<h2 class=\"elementor-heading-title elementor-size-default\">Parc National de Bordjomi -Kharagaouli<\/h2>\t\t\t\t<\/div>\n\t\t\t\t<\/div>\n\t\t\t\t<div class=\"elementor-element elementor-element-f4e0191 elementor-widget elementor-widget-image\" data-id=\"f4e0191\" data-element_type=\"widget\" data-widget_type=\"image.default\">\n\t\t\t\t<div class=\"elementor-widget-container\">\n\t\t\t\t\t\t\t\t\t\t\t\t\t\t\t<img fetchpriority=\"high\" decoding=\"async\" width=\"720\" height=\"460\" src=\"https:\/\/georgiavoyage.ge\/wp-content\/uploads\/2024\/08\/Borjomi-Kharagauli-National-Park.jpg\" class=\"attachment-large size-large wp-image-29096\" alt=\"\" srcset=\"https:\/\/georgiavoyage.ge\/wp-content\/uploads\/2024\/08\/Borjomi-Kharagauli-National-Park.jpg 720w, https:\/\/georgiavoyage.ge\/wp-content\/uploads\/2024\/08\/Borjomi-Kharagauli-National-Park-300x192.jpg 300w, https:\/\/georgiavoyage.ge\/wp-content\/uploads\/2024\/08\/Borjomi-Kharagauli-National-Park-600x383.jpg 600w\" sizes=\"(max-width: 720px) 100vw, 720px\" \/>\t\t\t\t\t\t\t\t\t\t\t\t\t\t\t<\/div>\n\t\t\t\t<\/div>\n\t\t\t\t<div class=\"elementor-element elementor-element-c68d262 elementor-widget elementor-widget-text-editor\" data-id=\"c68d262\" data-element_type=\"widget\" data-widget_type=\"text-editor.default\">\n\t\t\t\t<div class=\"elementor-widget-container\">\n\t\t\t\t\t\t\t\t\t<h6><span style=\"text-decoration: underline;\">Parc national de Bordjomi-Kharagaouli (G\u00e9orgie de l&rsquo;est, R\u00e9gion de Samtskh\u00e9 -Djavakh\u00e9tie)<\/span><\/h6><h6><span style=\"text-decoration: underline;\">Parc national de Bordjomi &#8211; Kharagaouli (G\u00e9orgien : \u10d1\u10dd\u10e0\u10ef\u10dd\u10db\u10d8-\u10ee\u10d0\u10e0\u10d0\u10d2\u10d0\u10e3\u10da\u10d8\u10e1 \u10dc\u10d0\u10ea\u10d8\u10dd\u10dc\u10d0\u10da\u10e3\u10e0\u10d8 \u10de\u10d0\u10e0\u10d9\u10d8) &#8211; Le parc est situ\u00e9 dans la partie centrale de la G\u00e9orgie et repr\u00e9sente la partie orientale de la cha\u00eene de montagnes du Petit Caucase. La superficie totale du parc national de Borjomi-Kharagauli est de 85 083 hectares, soit plus de 1 % de l&rsquo;ensemble du territoire de la G\u00e9orgie. Le parc national de Bordjomi-Kharagaouli couvre six districts : Bordjomi, Kharagauli, Akhaltsikh\u00e9, Adigueni, Khachouri et Baghdati.<\/span><\/h6><h6><span style=\"text-decoration: underline;\">Les centres administratifs et d&rsquo;accueil des visiteurs des parcs nationaux sont situ\u00e9s \u00e0 Bordjomi et Kharagaouli. L&rsquo;administration du parc g\u00e8re quatre zones prot\u00e9g\u00e9es de diff\u00e9rentes cat\u00e9gories : la r\u00e9serve naturelle de Bordjomi, le parc national de Bordjomi-Kharagaouli, la r\u00e9serve faunique de Nedzvi et le monument naturel de la for\u00eat fossile de Goderdzi. Le parc national se distingue par ses esp\u00e8ces animales et v\u00e9g\u00e9tales uniques et rares. Une partie importante des for\u00eats est rest\u00e9e intacte.<\/span><\/h6><h6><span style=\"text-decoration: underline;\">Le r\u00e9seau de routes touristiques du parc national de Bordjomi-Kharagaouli offre la possibilit\u00e9 de faire des excursions d&rsquo;une journ\u00e9e ou de plusieurs jours. Les sentiers sont bien entretenus et balis\u00e9s. Des abris\/refuges touristiques ont \u00e9t\u00e9 construits le long des sentiers, ainsi que des zones sp\u00e9cialement d\u00e9sign\u00e9es pour les pique-niques et le camping. Il existe \u00e9galement des endroits sp\u00e9ciaux pour faire du feu. Le parc national propose \u00e0 ses visiteurs des randonn\u00e9es p\u00e9destres, \u00e9questres, cyclistes et des circuits \u00e9ducatifs et culturels en hiver. Les itin\u00e9raires du parc fonctionnent toute l&rsquo;ann\u00e9e.<\/span><\/h6><h6><span style=\"text-decoration: underline;\">Compagnie touristique\u00a0<span style=\"color: #0000ff; text-decoration: underline;\"><strong><em>\u00abGeorgia Voyage\u00bb<\/em><\/strong><\/span>, donne aux touristes la possibilit\u00e9 de recevoir \u00a0toutes les informations n\u00e9cessaires. Pour plus d\u2019informations, n\u2019h\u00e9sitez pas \u00e0 nous contacter\u00a0 <span style=\"color: #ff6600; text-decoration: underline;\"><em><strong>Viber \/ WhatsApp +995 599 25 65 19<\/strong><\/em>\u00a0<\/span>\u00a0<span style=\"color: #000000; text-decoration: underline;\">ou <\/span><span style=\"color: #ff0000; text-decoration: underline;\"><span style=\"color: #000000; text-decoration: underline;\">\u00a0E-mail :\u00a0<\/span><a style=\"color: #ff0000; text-decoration: underline;\" href=\"mailto:info@georgiavoyage.ge\"><strong><em>info@georgiavoyage.ge<\/em><\/strong><\/a> <\/span><em><span style=\"color: #000000; text-decoration: underline;\"><strong><a href=\"mailto:info@georgiavoyage.ge\"><img decoding=\"async\" class=\"\" src=\"\/wp-content\/uploads\/2024\/08\/Pointer.png\" width=\"23\" height=\"23\" \/><\/a>\u00a0<\/strong><\/span><\/em> Nous sommes toujours pr\u00eats \u00e0 vous conseiller et\u00a0 r\u00e9pondre \u00e0 toutes vos questions, relatives <\/span><span style=\"text-decoration: underline;\">\u00e0 <\/span><span style=\"text-decoration: underline;\">l\u2019organisation du tourisme et des loisirs en G\u00e9orgie.<\/span><\/h6><h6><span style=\"text-decoration: underline;\">Le programme de chaque randonn\u00e9e est discut\u00e9 et planifi\u00e9 individuellement, en tenant compte de vos souhaits, pour un meilleur aper\u00e7u des sentiers et randonn\u00e9es sur <span style=\"color: #0000ff; text-decoration: underline;\">le territoire du parc national de Bordjomi &#8211; Kharagaouli.<\/span><\/span><\/h6><h6><span style=\"text-decoration: underline; color: #0000ff;\">Sentiers de randonn\u00e9e balis\u00e9s et randonn\u00e9es que nous organisons :<\/span><\/h6><ul><li><h6><span style=\"text-decoration: underline;\"><span style=\"color: #0000ff; text-decoration: underline;\">Sentier Nikolai Romanov<\/span> &#8211; 43 km, 3 jours, randonn\u00e9e\/\u00e9quitation, difficult\u00e9 moyenne.<\/span><\/h6><\/li><\/ul><h6><span style=\"text-decoration: underline;\">Principales attractions : for\u00eats de pins, mont Lomi (lion), \u00e9glise de Saint George sur le mont Lomi, une plate-forme d&rsquo;observation avec vue sur le Caucase, la for\u00eat subtropicale de Colchide.<\/span><\/h6><ul><li><h6><span style=\"text-decoration: underline;\"><span style=\"color: #0000ff; text-decoration: underline;\">Sentier de Saint-Andr\u00e9<\/span> &#8211; 54 km, 4 jours, randonn\u00e9e\/\u00e9quitation, difficile<\/span><\/h6><\/li><\/ul><h6><span style=\"text-decoration: underline;\">Principales attractions : for\u00eats mixtes, enclos avec Niamors (repr\u00e9sentants d&rsquo;ongul\u00e9s, un type de ch\u00e8vre), le plus haut sommet du parc national &#8211; Sametskhvari, le mont Rkinis Djvari (Croix de Fer), la for\u00eat subtropicale de Colchide.<\/span><\/h6><ul><li><h6><span style=\"text-decoration: underline;\"><span style=\"color: #0000ff; text-decoration: underline;\">Sentier panoramique<\/span> &#8211; 34 km, 2 jours, randonn\u00e9e\/\u00e9quitation, difficile<\/span><\/h6><\/li><\/ul><h6><span style=\"text-decoration: underline;\">Principales attractions : enclos de niamor (Capra aegagrus), for\u00eats mixtes du parc national, vues panoramiques sur le Petit Caucase, mont Amarati.<\/span><\/h6><ul><li><h6><span style=\"text-decoration: underline;\"><span style=\"color: #0000ff; text-decoration: underline;\">Sentier du col de Zekari<\/span> &#8211; 31 km, 3 jours, randonn\u00e9e, difficile<\/span><\/h6><\/li><\/ul><h6><span style=\"text-decoration: underline;\">Principales attractions : Station baln\u00e9aire d&rsquo;Abastoumani, belles vues sur le col de Zekari et la for\u00eat subtropicale de Colchide.<\/span><\/h6><ul><li><h6><span style=\"text-decoration: underline;\"><span style=\"color: #0000ff; text-decoration: underline;\">Sentier des Empreintes<\/span> &#8211; 13 km, 6 h, marche, difficult\u00e9 moyenne<\/span><\/h6><\/li><\/ul><h6><span style=\"text-decoration: underline;\">Principales attractions : vues panoramiques sur les environs, vues sur le canyon de Kvabiskhevi, l&rsquo;\u00e9glise Saint-Mariami \u00e0 Kvabiskhevi.<\/span><\/h6><ul><li><h6><span style=\"text-decoration: underline;\"><span style=\"color: #0000ff; text-decoration: underline;\">Sentier d&rsquo;information<\/span> &#8211; 3 km, 2 h, marche, difficult\u00e9 moyenne<\/span><\/h6><\/li><\/ul><h6><span style=\"text-decoration: underline;\">Principales attractions : \u00c9glise Saint-Pierre. Sainte Nino, vue de la ville de Bordjomi.<\/span><\/h6><ul><li><h6><span style=\"text-decoration: underline;\"><span style=\"color: #0000ff; text-decoration: underline;\">Vall\u00e9e de Mekhrouki<\/span> &#8211; 5,5 km, 6 heures, randonn\u00e9e\/\u00e9quitation, difficult\u00e9 moyenne<\/span><\/h6><\/li><\/ul><h6><span style=\"text-decoration: underline;\">Principales attractions : le canyon de la rivi\u00e8re Mekhrouki, la for\u00eat subtropicale de Colchide.<\/span><\/h6><ul><li><h6><span style=\"text-decoration: underline;\"><span style=\"color: #0000ff; text-decoration: underline;\">Sentier des bergers<\/span> &#8211; 16 km, 7 h, marche\/cheval, difficult\u00e9 moyenne<\/span><\/h6><\/li><\/ul><h6><span style=\"text-decoration: underline;\">Principales attractions : Mont Lomi, \u00c9glise Saint-Pierre. Georges sur le mont Lomi, maisons de bergers, vues panoramiques sur le Petit Caucase.<\/span><\/h6><h6><a style=\"color: #ff0000;\" href=\"https:\/\/www.google.com\/maps\/d\/viewer?mid=1Vv9B5X7qH5FD57FFwDs8vzguRlw&amp;ll=41.867120349710234%2C43.22249322590794&amp;z=10\"><span style=\"text-decoration: underline; color: #0000ff;\"><em><strong>Retrouver sur\u00a0<\/strong><\/em><\/span><em><strong><span style=\"text-decoration: underline;\">\u00a0Google Maps<\/span><\/strong><\/em><\/a><em><strong><a href=\"mailto:info@georgiavoyage.ge\"><img decoding=\"async\" class=\"\" src=\"\/wp-content\/uploads\/2024\/08\/Pointer.png\" width=\"23\" height=\"23\" \/><\/a><\/strong><\/em><\/h6><h6>\u00a0<\/h6><h6>\u00a0<\/h6><h6>\u00a0<\/h6><h6>\u00a0<\/h6><h6>\u00a0<\/h6><h6>\u00a0<\/h6><h6>\u00a0<\/h6>\t\t\t\t\t\t\t\t<\/div>\n\t\t\t\t<\/div>\n\t\t\t\t<\/div>\n\t\t\t\t\t<\/div>\n\t\t\t\t<\/div>\n\t\t\t\t<\/div>\n\t\t","protected":false},"excerpt":{"rendered":"<p>Parc National de Bordjomi -Kharagaouli Parc national de Bordjomi-Kharagaouli (G\u00e9orgie de l&rsquo;est, R\u00e9gion de Samtskh\u00e9 -Djavakh\u00e9tie) Parc national de Bordjomi &#8211; Kharagaouli (G\u00e9orgien : \u10d1\u10dd\u10e0\u10ef\u10dd\u10db\u10d8-\u10ee\u10d0\u10e0\u10d0\u10d2\u10d0\u10e3\u10da\u10d8\u10e1 \u10dc\u10d0\u10ea\u10d8\u10dd\u10dc\u10d0\u10da\u10e3\u10e0\u10d8 \u10de\u10d0\u10e0\u10d9\u10d8) &#8211; Le parc est situ\u00e9 dans la partie centrale de la G\u00e9orgie et repr\u00e9sente la partie orientale de la cha\u00eene de montagnes du Petit Caucase. La superficie totale [&hellip;]<\/p>\n","protected":false},"author":1,"featured_media":0,"parent":0,"menu_order":0,"comment_status":"closed","ping_status":"closed","template":"","meta":{"footnotes":""},"class_list":["post-13433","page","type-page","status-publish","hentry"],"_links":{"self":[{"href":"https:\/\/georgiavoyage.ge\/fr\/wp-json\/wp\/v2\/pages\/13433","targetHints":{"allow":["GET"]}}],"collection":[{"href":"https:\/\/georgiavoyage.ge\/fr\/wp-json\/wp\/v2\/pages"}],"about":[{"href":"https:\/\/georgiavoyage.ge\/fr\/wp-json\/wp\/v2\/types\/page"}],"author":[{"embeddable":true,"href":"https:\/\/georgiavoyage.ge\/fr\/wp-json\/wp\/v2\/users\/1"}],"replies":[{"embeddable":true,"href":"https:\/\/georgiavoyage.ge\/fr\/wp-json\/wp\/v2\/comments?post=13433"}],"version-history":[{"count":0,"href":"https:\/\/georgiavoyage.ge\/fr\/wp-json\/wp\/v2\/pages\/13433\/revisions"}],"wp:attachment":[{"href":"https:\/\/georgiavoyage.ge\/fr\/wp-json\/wp\/v2\/media?parent=13433"}],"curies":[{"name":"wp","href":"https:\/\/api.w.org\/{rel}","templated":true}]}}