{"id":13473,"date":"2024-08-19T16:11:22","date_gmt":"2024-08-19T16:11:22","guid":{"rendered":"https:\/\/georgiavoyage.web-reflection.com\/javakheti-national-park\/"},"modified":"2025-01-21T04:03:51","modified_gmt":"2025-01-21T04:03:51","slug":"javakheti-national-park","status":"publish","type":"page","link":"https:\/\/georgiavoyage.ge\/fr\/javakheti-national-park\/","title":{"rendered":"DJAVAKH\u00c9TIE"},"content":{"rendered":"\t\t<div data-elementor-type=\"wp-page\" data-elementor-id=\"13473\" class=\"elementor elementor-13473 elementor-13461\">\n\t\t\t\t<div class=\"elementor-element elementor-element-a3db806 blogi e-flex e-con-boxed e-con e-parent\" data-id=\"a3db806\" data-element_type=\"container\" data-settings=\"{&quot;background_background&quot;:&quot;classic&quot;}\">\n\t\t\t\t\t<div class=\"e-con-inner\">\n\t\t<div class=\"elementor-element elementor-element-242f925 e-con-full e-flex e-con e-child\" data-id=\"242f925\" data-element_type=\"container\">\n\t\t\t\t<div class=\"elementor-element elementor-element-b9818e8 elementor-widget elementor-widget-heading\" data-id=\"b9818e8\" data-element_type=\"widget\" data-widget_type=\"heading.default\">\n\t\t\t\t<div class=\"elementor-widget-container\">\n\t\t\t\t\t<h2 class=\"elementor-heading-title elementor-size-default\">Parc national de Djavakh\u00e9tie<\/h2>\t\t\t\t<\/div>\n\t\t\t\t<\/div>\n\t\t\t\t<div class=\"elementor-element elementor-element-f4e0191 elementor-widget elementor-widget-image\" data-id=\"f4e0191\" data-element_type=\"widget\" data-widget_type=\"image.default\">\n\t\t\t\t<div class=\"elementor-widget-container\">\n\t\t\t\t\t\t\t\t\t\t\t\t\t\t\t<img fetchpriority=\"high\" decoding=\"async\" width=\"720\" height=\"460\" src=\"https:\/\/georgiavoyage.ge\/wp-content\/uploads\/2024\/08\/Javakheti-National-Park.jpg\" class=\"attachment-large size-large wp-image-12221\" alt=\"National Park of Javakheti\" srcset=\"https:\/\/georgiavoyage.ge\/wp-content\/uploads\/2024\/08\/Javakheti-National-Park.jpg 720w, https:\/\/georgiavoyage.ge\/wp-content\/uploads\/2024\/08\/Javakheti-National-Park-300x192.jpg 300w, https:\/\/georgiavoyage.ge\/wp-content\/uploads\/2024\/08\/Javakheti-National-Park-600x383.jpg 600w\" sizes=\"(max-width: 720px) 100vw, 720px\" \/>\t\t\t\t\t\t\t\t\t\t\t\t\t\t\t<\/div>\n\t\t\t\t<\/div>\n\t\t\t\t<div class=\"elementor-element elementor-element-c68d262 elementor-widget elementor-widget-text-editor\" data-id=\"c68d262\" data-element_type=\"widget\" data-widget_type=\"text-editor.default\">\n\t\t\t\t<div class=\"elementor-widget-container\">\n\t\t\t\t\t\t\t\t\t<h6><strong><span style=\"text-decoration: underline; color: #000000;\"><em>Parc national de Djavakh\u00e9tie\u00a0\u00a0\u00a0<\/em>(G\u00e9orgie de l\u2019est, R\u00e9gion de Samtskh\u00e9-Djavakh\u00e9tie)<\/span><\/strong><\/h6><h6><span style=\"text-decoration: underline; color: #000000;\"><span class=\"VIiyi\" lang=\"fr\"><span class=\"JLqJ4b\" data-language-for-alternatives=\"fr\" data-language-to-translate-into=\"ru\" data-phrase-index=\"0\">Le parc national de Djavakh\u00e9tie (G\u00e9orgien: \u10ef\u10d0\u10d5\u10d0\u10ee\u10d4\u10d7\u10d8\u10e1 \u10d4\u10e0\u10dd\u10d5\u10dc\u10e3\u10da\u10d8 \u10de\u10d0\u10e0\u10d9\u10d8) &#8211; Le parc est particuli\u00e8rement attrayant. Il y a de beaux p\u00e2turages avec une flore vari\u00e9e, des hauts plateaux d&rsquo;origine volcanique et uniques dans leurs lacs de beaut\u00e9, y compris le plus grand de G\u00e9orgie &#8211; le lac Paravani. Le parc national de Djavakh\u00e9tie a \u00e9t\u00e9 fond\u00e9 en 2011, sur la base de la l\u00e9gislation de la G\u00e9orgie \u00absur l&rsquo;\u00e9tablissement et la gestion des zones prot\u00e9g\u00e9es de Djavakh\u00e9tie\u00bb et comprend le parc national de Javakh\u00e9tie, le lac Bougdach\u00e9ni, le marais de Soulda, le marais de Kartsakhi dans la municipalit\u00e9 d&rsquo;Akhalkalaki et les lacs Madatapa et Khanchali, dans Ninotsminda. La superficie totale de ces territoires est de 16 614 hectares.<\/span><\/span><\/span><\/h6><h6><span style=\"text-decoration: underline; color: #000000;\"><span class=\"VIiyi\" lang=\"fr\"><span class=\"JLqJ4b\" data-language-for-alternatives=\"fr\" data-language-to-translate-into=\"ru\" data-phrase-index=\"0\">Ici vous pouvez trouver des plantations de pins artificiels et des fragments rares de for\u00eats naturelles. La plus grande for\u00eat subalpine naturelle, compos\u00e9e de bouleaux blancs, de sorbiers du Caucase, de cornouillers, de cynorrhodons et de framboises, se trouve \u00e0 proximit\u00e9 du lac Kartsakhi, situ\u00e9 \u00e0 la fronti\u00e8re turco-g\u00e9orgienne. Les hauts plateaux de Djavakh\u00e9tie sont les plus froids parmi les zones peupl\u00e9es de G\u00e9orgie. Ces endroits sont caract\u00e9ris\u00e9s par un climat continental sec et la temp\u00e9rature annuelle moyenne est assez basse. En hiver, les lacs Javakh\u00e9tie g\u00e8lent pendant longtemps<\/span><\/span><\/span><\/h6><h6><span style=\"text-decoration: underline; color: #000000;\"><span class=\"VIiyi\" lang=\"fr\"><span class=\"JLqJ4b\" data-language-for-alternatives=\"fr\" data-language-to-translate-into=\"ru\" data-phrase-index=\"0\">Sur 7 itin\u00e9raires \u00e0 pied, \u00e0 cheval et \u00e0 v\u00e9lo \u00e0 Djavakh\u00e9tie, depuis les tours sp\u00e9cialement \u00e9quip\u00e9es pour l&rsquo;observation des oiseaux, \u00e0 diff\u00e9rentes p\u00e9riodes de l&rsquo;ann\u00e9e, on peut observer 140 esp\u00e8ces d&rsquo;oiseaux nicheurs et migrateurs. Les lacs Madatafa, Khanchali et Kartsakhi sont des habitats pour la sauvagine. Ici vous pouvez trouver de nombreuses cigognes blanches, qui nichent directement sur des poteaux \u00e9lectriques et sur les toits des maisons de village. Sur les lacs Madatafa et Kartsakhi, vous pouvez observer des grues et des Dalmatiens. Ici, vous pouvez \u00e9galement rencontrer d&rsquo;\u00e9normes colonies de go\u00e9lands arm\u00e9niens. Les lacs sont riches en diff\u00e9rents types de poissons et sont id\u00e9aux pour la p\u00eache r\u00e9cr\u00e9ative.<\/span><\/span><\/span><\/h6><h6><span style=\"text-decoration: underline; color: #000000;\">Compagnie touristique\u00a0<span style=\"color: #0000ff;\"><em>\u00abGeorgia Voyage\u00bb<\/em><\/span>, donne aux touristes la possibilit\u00e9 de recevoir \u00a0toutes les informations n\u00e9cessaires. Pour plus d\u2019informations, n\u2019h\u00e9sitez pas \u00e0 nous contacter au <span style=\"color: #ff0000;\"><em>Viber \/ WhatsApp +995 599 25 65 19\u00a0 <\/em><\/span><\/span><span style=\"text-decoration: underline;\"><span style=\"text-decoration: underline;\">ou mail :<\/span><\/span><span style=\"text-decoration: underline; color: #000000;\"><span style=\"color: #ff0000; text-decoration: underline;\"><a style=\"color: #ff0000; text-decoration: underline;\" href=\"mailto:info@georgiavoyage.ge\"><strong><em>info@georgiavoyage.ge<\/em><\/strong><\/a><\/span><a style=\"color: #000000; text-decoration: underline;\" href=\"mailto:info@georgiavoyage.ge\"><strong><em><img decoding=\"async\" class=\"\" src=\"\/wp-content\/uploads\/2024\/08\/Pointer.png\" width=\"23\" height=\"23\" \/><\/em><\/strong><\/a><\/span><span style=\"text-decoration: underline; color: #000000;\">Nous sommes toujours pr\u00eats \u00e0 vous conseiller et r\u00e9pondre \u00e0 toutes vos questions, relatives <\/span><span style=\"text-decoration: underline; color: #000000;\">\u00e0 <\/span><span style=\"text-decoration: underline; color: #000000;\">l\u2019organisation du tourisme et des loisirs en G\u00e9orgie.<\/span><\/h6><h6><span style=\"text-decoration: underline; color: #000000;\">Les programmes des circuits seront discut\u00e9 et planifi\u00e9 individuellement, tout en tenant compte de vos choix et de vos souhaits, \u00a0pour avoir un meilleur aper\u00e7u des sentiers et randonn\u00e9es, sur <span style=\"color: #0000ff; text-decoration: underline;\">le territoire du\u00a0<em>Parc National de Djavakh\u00e9tie<\/em><\/span><\/span><\/h6><h6><span style=\"text-decoration: underline; color: #0000ff;\"><em>Sentiers touristiques marqu\u00e9s et\u00a0organis\u00e9es par nos soins :<\/em><\/span><\/h6><h6><span style=\"text-decoration: underline; color: #000000;\"><span style=\"color: #0000ff; text-decoration: underline;\"><em>1.Lac de Kartsakhi<\/em><\/span>\u00a0-3 km, 1 jour, v\u00e9lo \/ p\u00e9destre, niveau de difficult\u00e9 &#8211; facile<\/span><\/h6><h6><span style=\"text-decoration: underline; color: #000000;\">L\u2019itin\u00e9raire part du b\u00e2timent administratif des aires prot\u00e9g\u00e9es de Djavakh\u00e9tie et se dirige vers la fronti\u00e8re entre la G\u00e9orgie et la Turquie. Le sentier longe la rive du lac Kartsakhi avant d&rsquo;atteindre une tour d&rsquo;observation des oiseaux et retourne par un autre itin\u00e9raire. Les oiseaux peuvent \u00eatre observ\u00e9s depuis la tour, qui comporte des panneaux d&rsquo;information sur les esp\u00e8ces locales, et les visiteurs peuvent utiliser l&rsquo;aire de pique-nique avec des toilettes. L&rsquo;itin\u00e9raire pr\u00e9sente un int\u00e9r\u00eat particulier pour les ornithologues et les amateurs de p\u00eache.<\/span><\/h6><h6><span style=\"text-decoration: underline; color: #000000;\"><span style=\"color: #0000ff; text-decoration: underline;\">2.\u00a0<em>M<span class=\"VIiyi\" lang=\"fr\"><span class=\"JLqJ4b ChMk0b\" data-language-for-alternatives=\"fr\" data-language-to-translate-into=\"ru\" data-phrase-index=\"0\">arais<\/span><\/span>\u00a0de Soulda<\/em>\u00a0<\/span>&#8211; 5km, 1 jour, v\u00e9lo \/ p\u00e9destre,\u00a0niveau de difficult\u00e9 &#8211; facile<\/span><\/h6><h6><span style=\"text-decoration: underline; color: #000000;\">Cet itin\u00e9raire part du b\u00e2timent administratif des aires prot\u00e9g\u00e9es de Djavakh\u00e9tie et se dirige vers la fronti\u00e8re entre la G\u00e9orgie et la Turquie. Sur le chemin, il traverse le village de Miasnikiani et se termine pr\u00e8s des marais Soulda, revenant par le m\u00eame itin\u00e9raire. Les visiteurs peuvent profiter de l&rsquo;observation des oiseaux, de l&rsquo;\u00e9quitation et de la p\u00eache dans le cadre d&rsquo;une visite sur cette route.<\/span><\/h6><h6><span style=\"text-decoration: underline; color: #000000;\"><span style=\"color: #0000ff;\"><em>2. Canyon de Tigre<\/em><\/span>\u00a0&#8211; 15 km, 1 jour, p\u00e9destre \/ \u00e9questre, difficile<\/span><\/h6><h6><span style=\"text-decoration: underline; color: #000000;\">Cet itin\u00e9raire longe la cha\u00eene orientale de Canyon de Tigre\u00a0 et se termine par des vues panoramiques. Canyon de Tigre doit son nom aux nombreuses couleurs vives trouv\u00e9es dans les paysages environnants, qui donnent au canyon l&rsquo;apparence d&rsquo;\u00eatre ray\u00e9 comme un tigre. Les visiteurs peuvent prolonger la randonn\u00e9e en escaladant la montagne voisine (qui culmine \u00e0 2980 m\u00e8tres d&rsquo;altitude), qui m\u00e8ne au point de rencontre entre les fronti\u00e8res de l&rsquo;Arm\u00e9nie, de la G\u00e9orgie et de la Turquie.<\/span><\/h6><h6><span style=\"text-decoration: underline; color: #000000;\"><span style=\"color: #0000ff;\"><em>3.\u00a0lac de Khanchali<\/em><\/span>\u00a0&#8211; 3km, 1 jour, velo\/p\u00e9destre, difficult\u00e9 &#8211; facile<\/span><\/h6><h6><span style=\"text-decoration: underline; color: #000000;\">L&rsquo;itin\u00e9raire longe la rive du lac Khanchali, \u00e0 une altitude de 1920 m au-dessus du niveau de la mer. De nombreux oiseaux en voie de disparition utilisent ce lac pour nicher pendant la saison de reproduction ou pendant la migration. La rivi\u00e8re coule du nord-ouest du lac. Agrichai se jette dans la rivi\u00e8re. Paravani. La p\u00eache r\u00e9cr\u00e9ative est autoris\u00e9e ici.<\/span><\/h6><h6><span style=\"text-decoration: underline; color: #000000;\"><span style=\"color: #0000ff;\"><em>5.Lac de Boughdash\u00e9ni<\/em><\/span>\u00a0&#8211; 2km, 1 jour, p\u00e9destre, difficult\u00e9\u00a0 facile<\/span><\/h6><h6><span style=\"text-decoration: underline; color: #000000;\">Cet itin\u00e9raire longe la rive du lac Boughdash\u00e9ni en direction de la tour d&rsquo;observation des oiseaux, en revenant par le m\u00eame itin\u00e9raire.\u00a0 La zone autour du lac abrite pendant une partie de l&rsquo;ann\u00e9e de nombreuses esp\u00e8ces d&rsquo;oiseaux migrateurs et la rive est en grande partie vierge et intacte. Une aire de pique-nique et la tour d&rsquo;observation des oiseaux sont \u00e0 la disposition des visiteurs.<\/span><\/h6><h6><span style=\"text-decoration: underline; color: #000000;\"><span style=\"color: #0000ff;\"><em>6.Lac de Madatapa<\/em><\/span>\u00a0&#8211; 22 km, 1 jour, velo\/\u00e9quitation \/p\u00e9destre, difficult\u00e9 &#8211; moyenne<\/span><\/h6><h6><span style=\"text-decoration: underline; color: #000000;\">L&rsquo;itin\u00e9raire part du village de Sam\u00e9ba et longe la rive est du lac Madatapa. Au pied de la montagne Madatapa, il y a une aire de pique-nique et une tour d&rsquo;observation des oiseaux sur un promontoire oriental. Une vue spectaculaire sur le lac et les baies sur sa rive est s&rsquo;ouvre \u00e0 partir de cette zone.<\/span><\/h6><h6><span style=\"text-decoration: underline; color: #000000;\"><em><span style=\"color: #0000ff; text-decoration: underline;\">7.Montagne de Madatapa<\/span>\u00a0<\/em>&#8211; 18 km, 1 jour, p\u00e9destre, difficile<\/span><\/h6><h6><span style=\"text-decoration: underline; color: #000000;\">La montagne de Madatapa est une montagne en forme de c\u00f4ne d&rsquo;origine volcanique, \u00e0 partir de laquelle s&rsquo;ouvre un panorama panoramique sur le plateau de Javakh\u00e9tie et la cha\u00eene de Samsari. Au sommet de la montagne, les restes d&rsquo;une construction m\u00e9galithique circulaire peuvent \u00eatre trouv\u00e9s.<\/span><\/h6><h6><span style=\"text-decoration: underline;\"><span style=\"color: #000080; text-decoration: underline;\"><a style=\"color: #000080; text-decoration: underline;\" href=\"https:\/\/www.google.com\/maps\/d\/viewer?mid=1Vv9B5X7qH5FD57FFwDs8vzguRlw&amp;ll=41.190002438619196%2C43.36536250000002&amp;z=11\"><strong><em><span style=\"color: #ff0000; text-decoration: underline;\"><span style=\"color: #0000ff; text-decoration: underline;\">Retrouver sur<\/span> Google Maps<\/span><img decoding=\"async\" class=\"\" src=\"\/wp-content\/uploads\/2024\/08\/Pointer.png\" width=\"23\" height=\"23\" \/><\/em><\/strong><\/a><\/span><\/span><\/h6>\t\t\t\t\t\t\t\t<\/div>\n\t\t\t\t<\/div>\n\t\t\t\t<\/div>\n\t\t\t\t\t<\/div>\n\t\t\t\t<\/div>\n\t\t\t\t<\/div>\n\t\t","protected":false},"excerpt":{"rendered":"<p>Parc national de Djavakh\u00e9tie Parc national de Djavakh\u00e9tie\u00a0\u00a0\u00a0(G\u00e9orgie de l\u2019est, R\u00e9gion de Samtskh\u00e9-Djavakh\u00e9tie) Le parc national de Djavakh\u00e9tie (G\u00e9orgien: \u10ef\u10d0\u10d5\u10d0\u10ee\u10d4\u10d7\u10d8\u10e1 \u10d4\u10e0\u10dd\u10d5\u10dc\u10e3\u10da\u10d8 \u10de\u10d0\u10e0\u10d9\u10d8) &#8211; Le parc est particuli\u00e8rement attrayant. Il y a de beaux p\u00e2turages avec une flore vari\u00e9e, des hauts plateaux d&rsquo;origine volcanique et uniques dans leurs lacs de beaut\u00e9, y compris le plus grand [&hellip;]<\/p>\n","protected":false},"author":1,"featured_media":0,"parent":0,"menu_order":0,"comment_status":"closed","ping_status":"closed","template":"","meta":{"footnotes":""},"class_list":["post-13473","page","type-page","status-publish","hentry"],"_links":{"self":[{"href":"https:\/\/georgiavoyage.ge\/fr\/wp-json\/wp\/v2\/pages\/13473","targetHints":{"allow":["GET"]}}],"collection":[{"href":"https:\/\/georgiavoyage.ge\/fr\/wp-json\/wp\/v2\/pages"}],"about":[{"href":"https:\/\/georgiavoyage.ge\/fr\/wp-json\/wp\/v2\/types\/page"}],"author":[{"embeddable":true,"href":"https:\/\/georgiavoyage.ge\/fr\/wp-json\/wp\/v2\/users\/1"}],"replies":[{"embeddable":true,"href":"https:\/\/georgiavoyage.ge\/fr\/wp-json\/wp\/v2\/comments?post=13473"}],"version-history":[{"count":0,"href":"https:\/\/georgiavoyage.ge\/fr\/wp-json\/wp\/v2\/pages\/13473\/revisions"}],"wp:attachment":[{"href":"https:\/\/georgiavoyage.ge\/fr\/wp-json\/wp\/v2\/media?parent=13473"}],"curies":[{"name":"wp","href":"https:\/\/api.w.org\/{rel}","templated":true}]}}