{"id":13490,"date":"2024-08-19T16:43:05","date_gmt":"2024-08-19T16:43:05","guid":{"rendered":"https:\/\/georgiavoyage.web-reflection.com\/kintrichi-national-park\/"},"modified":"2025-01-21T10:57:30","modified_gmt":"2025-01-21T10:57:30","slug":"kintrishi-national-park","status":"publish","type":"page","link":"https:\/\/georgiavoyage.ge\/fr\/kintrishi-national-park\/","title":{"rendered":"KINTRICHI"},"content":{"rendered":"\t\t<div data-elementor-type=\"wp-page\" data-elementor-id=\"13490\" class=\"elementor elementor-13490 elementor-13460\">\n\t\t\t\t<div class=\"elementor-element elementor-element-a3db806 blogi e-flex e-con-boxed e-con e-parent\" data-id=\"a3db806\" data-element_type=\"container\" data-settings=\"{&quot;background_background&quot;:&quot;classic&quot;}\">\n\t\t\t\t\t<div class=\"e-con-inner\">\n\t\t<div class=\"elementor-element elementor-element-242f925 e-con-full e-flex e-con e-child\" data-id=\"242f925\" data-element_type=\"container\">\n\t\t\t\t<div class=\"elementor-element elementor-element-b9818e8 elementor-widget elementor-widget-heading\" data-id=\"b9818e8\" data-element_type=\"widget\" data-widget_type=\"heading.default\">\n\t\t\t\t<div class=\"elementor-widget-container\">\n\t\t\t\t\t<h2 class=\"elementor-heading-title elementor-size-default\">Aires prot\u00e9g\u00e9es de Kintrichi<\/h2>\t\t\t\t<\/div>\n\t\t\t\t<\/div>\n\t\t\t\t<div class=\"elementor-element elementor-element-f4e0191 elementor-widget elementor-widget-image\" data-id=\"f4e0191\" data-element_type=\"widget\" data-widget_type=\"image.default\">\n\t\t\t\t<div class=\"elementor-widget-container\">\n\t\t\t\t\t\t\t\t\t\t\t\t\t\t\t<img fetchpriority=\"high\" decoding=\"async\" width=\"720\" height=\"452\" src=\"https:\/\/georgiavoyage.ge\/wp-content\/uploads\/2024\/08\/Kintrishi-National-Park.jpg\" class=\"attachment-large size-large wp-image-12218\" alt=\"National Park of Kintrishi\" srcset=\"https:\/\/georgiavoyage.ge\/wp-content\/uploads\/2024\/08\/Kintrishi-National-Park.jpg 720w, https:\/\/georgiavoyage.ge\/wp-content\/uploads\/2024\/08\/Kintrishi-National-Park-300x188.jpg 300w, https:\/\/georgiavoyage.ge\/wp-content\/uploads\/2024\/08\/Kintrishi-National-Park-600x377.jpg 600w\" sizes=\"(max-width: 720px) 100vw, 720px\" \/>\t\t\t\t\t\t\t\t\t\t\t\t\t\t\t<\/div>\n\t\t\t\t<\/div>\n\t\t\t\t<div class=\"elementor-element elementor-element-c68d262 elementor-widget elementor-widget-text-editor\" data-id=\"c68d262\" data-element_type=\"widget\" data-widget_type=\"text-editor.default\">\n\t\t\t\t<div class=\"elementor-widget-container\">\n\t\t\t\t\t\t\t\t\t<h6><span style=\"text-decoration: underline;\"><span style=\"color: #000000; text-decoration: underline;\"> Aires prot\u00e9g\u00e9es de Kintrichi (G\u00e9orgie de l&rsquo;ouest, R\u00e9gion d\u2019Adjarie)<\/span><\/span><\/h6><h6><span style=\"text-decoration: underline;\">Aires prot\u00e9g\u00e9es de Kintrichi (G\u00e9orgien: \u10d9\u10d8\u10dc\u10e2\u10e0\u10d8\u10e8\u10d8\u10e1 \u10d3\u10d0\u10ea\u10e3\u10da\u10d8 \u10e2\u10d4\u10e0\u10d8\u10e2\u10dd\u10e0\u10d8\u10d4\u10d1\u10d8) &#8211; Les Aires prot\u00e9g\u00e9es sont situ\u00e9 dans la gorge de la rivi\u00e8re du m\u00eame nom, entre les montagnes Tskhemlara et Hino. La superficie totale du territoire est de 13 893 hectares, dont plus de 10 700 hectares appartiennent \u00e0 la r\u00e9serve et le reste (3 190 hectares) \u00e0 un parc paysager prot\u00e9g\u00e9. La plupart des terres (environ 80%) sont couvertes de for\u00eats. Les territoires prot\u00e9g\u00e9es de Kintrichi se distinguent par un relief montagneux avec de brusques changements de hauteur. . Des ruisseaux de chutes d&rsquo;eau coulent le long des pentes de pierre, les rivi\u00e8res de montagne bruissent. Des bosquets de bambous et de buis se dressent dans cette r\u00e9gion depuis des milliers d&rsquo;ann\u00e9es.<\/span><\/h6><h6><span style=\"text-decoration: underline;\">Une caract\u00e9ristique distinctive du parc national de Kintrichi est qu&rsquo;en plus de magnifiques paysages naturels, il existe plusieurs sites historiques et arch\u00e9ologiques anciens sur ses terres: les ruines de temples, de monast\u00e8res et d&rsquo;autres b\u00e2timents anciens. En raison du fait que le parc et la r\u00e9serve sont entour\u00e9s par les cha\u00eenes de montagnes de la mer Noire, d&rsquo;Adjarie et d&rsquo;Im\u00e9r\u00e9tie, le climat est ici tr\u00e8s humide. Il favorise la croissance d&rsquo;une vari\u00e9t\u00e9 d&rsquo;esp\u00e8ces v\u00e9g\u00e9tales, ainsi que l&rsquo;habitat de nombreux repr\u00e9sentants int\u00e9ressants du monde animal.<\/span><\/h6><h6><span style=\"text-decoration: underline;\">La zone la plus importante de la r\u00e9serve est situ\u00e9e dans la pittoresque vall\u00e9e de la rivi\u00e8re Kintrichi qui se jette dans la mer Noire pr\u00e8s de la ville de Koboul\u00e9ti. Il y a un centre d&rsquo;accueil dans le parc national. Le personnel du parc a d\u00e9velopp\u00e9 des itin\u00e9raires touristiques avec des zones \u00e9quip\u00e9es pour les pique-niques, des terrains de camping et des endroits pour faire des feux. Les voyageurs peuvent admirer de magnifiques paysages, des ifs et des cascades s\u00e9culaires. Dans les zones prot\u00e9g\u00e9es de Kintrichi, les visiteurs peuvent voyager \u00e0 pied et \u00e0 cheval. L&rsquo;aire prot\u00e9g\u00e9e peut \u00eatre visit\u00e9e en toutes saisons de l&rsquo;ann\u00e9e.<\/span><\/h6><h6><span style=\"text-decoration: underline;\">Compagnie touristique\u00a0<span style=\"color: #0000ff; text-decoration: underline;\"><em>\u00abGeorgia Voyage\u00bb<\/em><\/span>, donne aux touristes la possibilit\u00e9 de recevoir \u00a0toutes les informations n\u00e9cessaires. Pour plus d\u2019informations, n\u2019h\u00e9sitez pas \u00e0 nous contacter au <span style=\"color: #0000ff; text-decoration: underline;\"><em>Viber \/ WhatsApp +995 599 25 65 19<\/em>\u00a0<\/span> ou E-mail : <span style=\"color: #ff0000; text-decoration: underline;\"><a style=\"color: #ff0000; text-decoration: underline;\" href=\"mailto:info@georgiavoyage.ge\"><em>info@georgiavoyage.ge <a href=\"mailto:info@georgiavoyage.ge\"><img decoding=\"async\" class=\"\" src=\"https:\/\/georgiavoyage.ge\/wp-content\/uploads\/2024\/08\/Pointer.png\" width=\"23\" height=\"23\" \/><\/a><\/em><\/a><\/span>\u00a0Nous sommes toujours pr\u00eats \u00e0 vous conseiller et\u00a0 r\u00e9pondre\u00a0\u00e0 toutes vos questions, concernant l\u2019organisation du tourisme et des loisirs en G\u00e9orgie.<\/span><\/h6><h6><span style=\"text-decoration: underline;\">Les programmes des circuits seront discut\u00e9 et planifi\u00e9 individuellement, tout en tenant compte de vos choix et de vos souhaits, \u00a0pour avoir un meilleur aper\u00e7u des sentiers et randonn\u00e9es, sur les <span style=\"color: #0000ff; text-decoration: underline;\">Aires prot\u00e9g\u00e9es de Kintrichi<\/span><\/span><\/h6><h6><span style=\"text-decoration: underline;\"><span style=\"color: #0000ff; text-decoration: underline;\"><em>Sentiers touristiques marqu\u00e9s et\u00a0organis\u00e9es par nos soins :<\/em><\/span><\/span><\/h6><h6><span style=\"text-decoration: underline;\">1.\u00a0<span style=\"color: #0000ff; text-decoration: underline;\"><em>Pont en arc Tamari et support de buis<\/em><\/span>\u00a0&#8211; 1 200m, 1h30, randonn\u00e9e p\u00e9destre, difficult\u00e9 &#8211; moyen.<\/span><\/h6><h6><span style=\"text-decoration: underline;\">L&rsquo;itin\u00e9raire part du magnifique pont de pierre vo\u00fbt\u00e9 (XI-XII si\u00e8cles) de la rivi\u00e8re Kintrishi. De plus, les visiteurs peuvent admirer des paysages \u00e9poustouflants, visiter les plus anciennes cruches \u00e0 vin et une cascade. En parcourant le chemin, les visiteurs peuvent profiter de l&rsquo;abri, de la tente et de l&rsquo;aire de pique-nique existants.<\/span><\/h6><h6><span style=\"text-decoration: underline;\">2.\u00a0<span style=\"color: #0000ff; text-decoration: underline;\"><em>If et lac de Tbik\u00e9li<\/em><\/span>\u00a0&#8211; 37 km, 2 jours, randonn\u00e9e p\u00e9destre et \u00e9questre, difficult\u00e9 &#8211; moyen<\/span><\/h6><h6><span style=\"text-decoration: underline;\">C&rsquo;est un itin\u00e9raire id\u00e9al pour la randonn\u00e9e, l&rsquo;\u00e9quitation et le camping. La r\u00e9serve abrite les repr\u00e9sentants les plus rares de l&rsquo;ancien if des baies de plus de mille ans. Les habitants populaires de Tbikeli, les tritons, sont r\u00e9pertori\u00e9s dans le livre rouge et sont consid\u00e9r\u00e9s comme une esp\u00e8ce prot\u00e9g\u00e9e. Le camp de tentes est souvent install\u00e9 au bord du lac pour rencontrer l&rsquo;un des levers de soleil les plus color\u00e9s de G\u00e9orgie.<\/span><\/h6><h6><span style=\"text-decoration: underline;\"><em style=\"color: #ff0000; text-decoration: underline;\"><a style=\"color: #ff0000; text-decoration: underline;\" href=\"https:\/\/www.google.com\/maps\/d\/viewer?mid=1Vv9B5X7qH5FD57FFwDs8vzguRlw&amp;ll=41.73553521710607%2C42.024736999999995&amp;z=12\"><span style=\"color: #0000ff; text-decoration: underline;\"><em>Retrouver sur<\/em><\/span><em><span style=\"color: #0000ff; text-decoration: underline;\">\u00a0<\/span>Google Maps <a href=\"mailto:info@georgiavoyage.ge\"><img decoding=\"async\" class=\"\" src=\"https:\/\/georgiavoyage.ge\/wp-content\/uploads\/2024\/08\/Pointer.png\" width=\"23\" height=\"23\" \/><\/a>\u00a0<\/em><\/a><\/em><\/span><\/h6>\t\t\t\t\t\t\t\t<\/div>\n\t\t\t\t<\/div>\n\t\t\t\t<\/div>\n\t\t\t\t\t<\/div>\n\t\t\t\t<\/div>\n\t\t\t\t<\/div>\n\t\t","protected":false},"excerpt":{"rendered":"<p>Aires prot\u00e9g\u00e9es de Kintrichi Aires prot\u00e9g\u00e9es de Kintrichi (G\u00e9orgie de l&rsquo;ouest, R\u00e9gion d\u2019Adjarie) Aires prot\u00e9g\u00e9es de Kintrichi (G\u00e9orgien: \u10d9\u10d8\u10dc\u10e2\u10e0\u10d8\u10e8\u10d8\u10e1 \u10d3\u10d0\u10ea\u10e3\u10da\u10d8 \u10e2\u10d4\u10e0\u10d8\u10e2\u10dd\u10e0\u10d8\u10d4\u10d1\u10d8) &#8211; Les Aires prot\u00e9g\u00e9es sont situ\u00e9 dans la gorge de la rivi\u00e8re du m\u00eame nom, entre les montagnes Tskhemlara et Hino. La superficie totale du territoire est de 13 893 hectares, dont plus de [&hellip;]<\/p>\n","protected":false},"author":1,"featured_media":0,"parent":0,"menu_order":0,"comment_status":"closed","ping_status":"closed","template":"","meta":{"footnotes":""},"class_list":["post-13490","page","type-page","status-publish","hentry"],"_links":{"self":[{"href":"https:\/\/georgiavoyage.ge\/fr\/wp-json\/wp\/v2\/pages\/13490","targetHints":{"allow":["GET"]}}],"collection":[{"href":"https:\/\/georgiavoyage.ge\/fr\/wp-json\/wp\/v2\/pages"}],"about":[{"href":"https:\/\/georgiavoyage.ge\/fr\/wp-json\/wp\/v2\/types\/page"}],"author":[{"embeddable":true,"href":"https:\/\/georgiavoyage.ge\/fr\/wp-json\/wp\/v2\/users\/1"}],"replies":[{"embeddable":true,"href":"https:\/\/georgiavoyage.ge\/fr\/wp-json\/wp\/v2\/comments?post=13490"}],"version-history":[{"count":0,"href":"https:\/\/georgiavoyage.ge\/fr\/wp-json\/wp\/v2\/pages\/13490\/revisions"}],"wp:attachment":[{"href":"https:\/\/georgiavoyage.ge\/fr\/wp-json\/wp\/v2\/media?parent=13490"}],"curies":[{"name":"wp","href":"https:\/\/api.w.org\/{rel}","templated":true}]}}