{"id":13510,"date":"2024-08-19T17:09:17","date_gmt":"2024-08-19T17:09:17","guid":{"rendered":"https:\/\/georgiavoyage.web-reflection.com\/kolkheti-national-park\/"},"modified":"2025-01-21T09:10:05","modified_gmt":"2025-01-21T09:10:05","slug":"kolkheti-national-park","status":"publish","type":"page","link":"https:\/\/georgiavoyage.ge\/fr\/kolkheti-national-park\/","title":{"rendered":"KOLKH\u00c9TIE"},"content":{"rendered":"\t\t<div data-elementor-type=\"wp-page\" data-elementor-id=\"13510\" class=\"elementor elementor-13510 elementor-13499\">\n\t\t\t\t<div class=\"elementor-element elementor-element-a3db806 blogi e-flex e-con-boxed e-con e-parent\" data-id=\"a3db806\" data-element_type=\"container\" data-settings=\"{&quot;background_background&quot;:&quot;classic&quot;}\">\n\t\t\t\t\t<div class=\"e-con-inner\">\n\t\t<div class=\"elementor-element elementor-element-242f925 e-con-full e-flex e-con e-child\" data-id=\"242f925\" data-element_type=\"container\">\n\t\t\t\t<div class=\"elementor-element elementor-element-b9818e8 elementor-widget elementor-widget-heading\" data-id=\"b9818e8\" data-element_type=\"widget\" data-widget_type=\"heading.default\">\n\t\t\t\t<div class=\"elementor-widget-container\">\n\t\t\t\t\t<h2 class=\"elementor-heading-title elementor-size-default\">Parc national de Kolkh\u00e9tie<\/h2>\t\t\t\t<\/div>\n\t\t\t\t<\/div>\n\t\t\t\t<div class=\"elementor-element elementor-element-f4e0191 elementor-widget elementor-widget-image\" data-id=\"f4e0191\" data-element_type=\"widget\" data-widget_type=\"image.default\">\n\t\t\t\t<div class=\"elementor-widget-container\">\n\t\t\t\t\t\t\t\t\t\t\t\t\t\t\t<img fetchpriority=\"high\" decoding=\"async\" width=\"720\" height=\"460\" src=\"https:\/\/georgiavoyage.ge\/wp-content\/uploads\/2024\/08\/Kolkheti-National-park.jpg\" class=\"attachment-large size-large wp-image-13504\" alt=\"National park of Kolkheti\" srcset=\"https:\/\/georgiavoyage.ge\/wp-content\/uploads\/2024\/08\/Kolkheti-National-park.jpg 720w, https:\/\/georgiavoyage.ge\/wp-content\/uploads\/2024\/08\/Kolkheti-National-park-300x192.jpg 300w, https:\/\/georgiavoyage.ge\/wp-content\/uploads\/2024\/08\/Kolkheti-National-park-600x383.jpg 600w\" sizes=\"(max-width: 720px) 100vw, 720px\" \/>\t\t\t\t\t\t\t\t\t\t\t\t\t\t\t<\/div>\n\t\t\t\t<\/div>\n\t\t\t\t<div class=\"elementor-element elementor-element-c68d262 elementor-widget elementor-widget-text-editor\" data-id=\"c68d262\" data-element_type=\"widget\" data-widget_type=\"text-editor.default\">\n\t\t\t\t<div class=\"elementor-widget-container\">\n\t\t\t\t\t\t\t\t\t<div class=\"ccvoYb\"><div class=\"AxqVh\"><div class=\"OPPzxe\"><h6><span style=\"text-decoration: underline;\">Parc national de Kolkh\u00e9tie\u00a0 (G\u00e9orgie de l\u2019ouest, R\u00e9gion de Mingr\u00e9lie )<\/span><\/h6><h6><span style=\"text-decoration: underline;\">Le parc national de Kolkh\u00e9tie appartient \u00e0 la deuxi\u00e8me cat\u00e9gorie d&rsquo;aires prot\u00e9g\u00e9es de l&rsquo;UICN. Depuis 1997, il est sous la protection de la Convention de Ramsar, un accord intergouvernemental visant \u00e0 prot\u00e9ger les habitats appropri\u00e9s pour les oiseaux migrateurs et aquatiques. Sa superficie totale est de 44308,5 hectares, dont la superficie maritime (une partie de la surface de l&rsquo;eau d\u00e9limit\u00e9e par des limites naturelles, artificielles ou conventionnelles) est de 15276 hectares. La r\u00e9serve est d&rsquo;une grande recherche scientifique et d&rsquo;une importance historique. Il existe diff\u00e9rents types de paysages et d&rsquo;\u00e9cosyst\u00e8mes individuels.<\/span><\/h6><h6><span style=\"text-decoration: underline;\">Le parc national de Kolkh\u00e9tie est situ\u00e9 sur la c\u00f4te de la mer Noire, \u00e0 proximit\u00e9 du lac Paliastomi. Il borde la rivi\u00e8re Etseri \u00e0 l&rsquo;est et la rivi\u00e8re Pichori au sud. La vraie beaut\u00e9 du parc national\u00a0 est le lac Paliastomi, qui \u00e9tait un golfe de la mer Noire il y a plusieurs milliers d&rsquo;ann\u00e9es. Pendant des si\u00e8cles, par les vagues de la mer le long de la c\u00f4te, les dunes de sable d\u00e9plac\u00e9es ont arrach\u00e9 la lagune de l&rsquo;eau sal\u00e9e, et de la rivi\u00e8re Pichori \u00e0 Paliastomi, l&rsquo;eau claire qui se d\u00e9versait dans le lac a rendu le lac frais. La t\u00e2che du parc est de prot\u00e9ger l&rsquo;ensemble du complexe de reliques, de flore et de faune sauvages, caract\u00e9ristiques de la plaine de Colchide.<\/span><\/h6><h6><span style=\"text-decoration: underline;\">Vous pouvez visiter le parc national de Kolkh\u00e9tie \u00e0 tout moment de l&rsquo;ann\u00e9e. Vous pouvez planifier des excursions en bateau, des bateaux, des kayaks dans les vall\u00e9es fluviales Chouria et Pichori, ainsi que dans les lacs Paliastomi et \u00ab\u00a0Okros tba\u00a0\u00bb (Golden Lake), puis visiter la for\u00eat de Colchis et des marais uniques. Dans le parc national de Kolkh\u00e9tie, des tours sp\u00e9ciales sont install\u00e9es pour observer plus de 100 esp\u00e8ces diff\u00e9rentes d&rsquo;oiseaux migrateurs. P\u00eache sportive et circuits \u00e9co-\u00e9ducatifs sont \u00e9galement organis\u00e9s pour les visiteurs. Dans la zone subsidiaire du parc national de Kolkh\u00e9tie, vous pouvez visiter divers monuments historiques et culturels importants.<\/span><\/h6><h6><span style=\"text-decoration: underline;\">Compagnie touristique\u00a0<span style=\"color: #0000ff; text-decoration: underline;\">\u00abGeorgia Voyage\u00bb,<\/span> donne aux touristes la possibilit\u00e9 de recevoir \u00a0toutes les informations n\u00e9cessaires. Pour plus d\u2019informations, n\u2019h\u00e9sitez pas \u00e0 nous contacter au <span style=\"color: #ff0000; text-decoration: underline;\">Viber \/ WhatsApp +995 599 25 65 19\u00a0\u00a0<span style=\"color: #000000; text-decoration: underline;\">ou E-mail :<\/span> info@georgiavoyage.ge<\/span> <em><strong><a href=\"mailto:info@georgiavoyage.ge\"><img decoding=\"async\" class=\"\" src=\"https:\/\/georgiavoyage.ge\/wp-content\/uploads\/2024\/08\/Pointer.png\" width=\"23\" height=\"23\" \/><\/a><\/strong><\/em>Nous sommes toujours pr\u00eats \u00e0 vous conseiller et\u00a0 r\u00e9pondre \u00e0 toutes vos questions, concernant l\u2019organisation du tourisme et des loisirs en G\u00e9orgie.<\/span><\/h6><h6><span style=\"text-decoration: underline;\">Les programmes des circuits seront discut\u00e9 et planifi\u00e9 individuellement, tout en tenant compte de vos choix et de vos souhaits, \u00a0pour avoir un meilleur aper\u00e7u des sentiers et randonn\u00e9es, sur le territoire du\u00a0<span style=\"color: #0000ff; text-decoration: underline;\">Parc national de Kolkh\u00e9tie\u00a0\u00a0<\/span><\/span><\/h6><h6><span style=\"text-decoration: underline; color: #0000ff;\">Routes touristiques existantes et randonn\u00e9es organis\u00e9es par nos soins:<\/span><\/h6><h6><span style=\"text-decoration: underline;\"><span style=\"color: #0000ff; text-decoration: underline;\">1. Lac Paliastomi<\/span> &#8211; 1 heure, en bateau ponton<\/span><\/h6><h6><span style=\"text-decoration: underline;\">Le parcours commence \u00e0 l&rsquo;entr\u00e9e du lac Paliastomi. Les touristes verront des paysages \u00e9tonnants au bord du lac, de hauts fourr\u00e9s infranchissables de scirpes, des prairies humides secondaires et l&rsquo;\u00e9paisse couverture de foug\u00e8re royale. Depuis la tour d&rsquo;observation des oiseaux, on peut observer les oiseaux migrateurs, dont certains sont des esp\u00e8ces rares qui cherchent des refuges dans les fourr\u00e9s de v\u00e9g\u00e9tation des tourbi\u00e8res.<\/span><\/h6><h6><span style=\"text-decoration: underline;\"><span style=\"color: #0000ff; text-decoration: underline;\">2. Paliastomi &#8211; Pichori (1)<\/span>\u00a0&#8211; 3 heures en bateau ponton<\/span><\/h6><h6><span style=\"text-decoration: underline;\">Le parcours commence \u00e0 l&rsquo;entr\u00e9e du lac Paliastomi. Les touristes verront les magnifiques rives du lac Paliastomi et une vue imprenable sur l&#8217;embouchure de la rivi\u00e8re Pichori. Dans les aires de repos, les touristes ont la possibilit\u00e9 de voir les for\u00eats reliques des zones humides de Kolkh\u00e9tie qui s&rsquo;\u00e9talent le long des berges du fleuve, les oiseaux aquatiques et des zones humides et les n\u00e9nuphars des zones humides, les soi-disant \u00abdraps\u00bb. La p\u00eache sportive est autoris\u00e9e sur la rivi\u00e8re Pichori.<\/span><\/h6><h6><span style=\"text-decoration: underline;\"><span style=\"color: #0000ff; text-decoration: underline;\">3. Paliastomi &#8211; Pichori (2)<\/span>\u00a0&#8211; 2 heures en bateau \u00e0 moteur<\/span><\/h6><h6><span style=\"text-decoration: underline;\">Cet itin\u00e9raire offre aux touristes une belle vue sur l&#8217;embouchure de la rivi\u00e8re Pichori. Dans les aires de repos, les touristes ont la possibilit\u00e9 de voir les for\u00eats reliques des zones humides de Kolkh\u00e9tie qui s&rsquo;\u00e9talent le long de la rive du fleuve, l&rsquo;eau et les oiseaux des zones humides. En faisant du bateau \u00e0 moteur dans la for\u00eat, les visiteurs d\u00e9crivent souvent leurs exp\u00e9riences comme s&rsquo;ils creusaient des tranch\u00e9es \u00e0 travers une sorte de jungle. La p\u00eache sportive est autoris\u00e9e par l&rsquo;administration du parc.<\/span><\/h6><h6><span style=\"text-decoration: underline;\"><span style=\"color: #0000ff; text-decoration: underline;\"><span>\u00a0Retrouver sur<\/span><span style=\"color: #ff0000; text-decoration: underline;\"> <a style=\"color: #ff0000; text-decoration: underline;\" href=\"https:\/\/www.google.com\/maps\/d\/viewer?mid=1Vv9B5X7qH5FD57FFwDs8vzguRlw&amp;ll=42.201541086488476%2C41.766705000000016&amp;z=10\">Google Maps<\/a><\/span><\/span> <em><strong><a href=\"mailto:info@georgiavoyage.ge\"><img decoding=\"async\" class=\"\" src=\"https:\/\/georgiavoyage.ge\/wp-content\/uploads\/2024\/08\/Pointer.png\" width=\"23\" height=\"23\" \/><\/a>\u00a0<\/strong><\/em><\/span><\/h6><\/div><\/div><\/div>\t\t\t\t\t\t\t\t<\/div>\n\t\t\t\t<\/div>\n\t\t\t\t<\/div>\n\t\t\t\t\t<\/div>\n\t\t\t\t<\/div>\n\t\t\t\t<\/div>\n\t\t","protected":false},"excerpt":{"rendered":"<p>Parc national de Kolkh\u00e9tie Parc national de Kolkh\u00e9tie\u00a0 (G\u00e9orgie de l\u2019ouest, R\u00e9gion de Mingr\u00e9lie ) Le parc national de Kolkh\u00e9tie appartient \u00e0 la deuxi\u00e8me cat\u00e9gorie d&rsquo;aires prot\u00e9g\u00e9es de l&rsquo;UICN. Depuis 1997, il est sous la protection de la Convention de Ramsar, un accord intergouvernemental visant \u00e0 prot\u00e9ger les habitats appropri\u00e9s pour les oiseaux migrateurs et [&hellip;]<\/p>\n","protected":false},"author":1,"featured_media":0,"parent":0,"menu_order":0,"comment_status":"closed","ping_status":"closed","template":"","meta":{"footnotes":""},"class_list":["post-13510","page","type-page","status-publish","hentry"],"_links":{"self":[{"href":"https:\/\/georgiavoyage.ge\/fr\/wp-json\/wp\/v2\/pages\/13510","targetHints":{"allow":["GET"]}}],"collection":[{"href":"https:\/\/georgiavoyage.ge\/fr\/wp-json\/wp\/v2\/pages"}],"about":[{"href":"https:\/\/georgiavoyage.ge\/fr\/wp-json\/wp\/v2\/types\/page"}],"author":[{"embeddable":true,"href":"https:\/\/georgiavoyage.ge\/fr\/wp-json\/wp\/v2\/users\/1"}],"replies":[{"embeddable":true,"href":"https:\/\/georgiavoyage.ge\/fr\/wp-json\/wp\/v2\/comments?post=13510"}],"version-history":[{"count":0,"href":"https:\/\/georgiavoyage.ge\/fr\/wp-json\/wp\/v2\/pages\/13510\/revisions"}],"wp:attachment":[{"href":"https:\/\/georgiavoyage.ge\/fr\/wp-json\/wp\/v2\/media?parent=13510"}],"curies":[{"name":"wp","href":"https:\/\/api.w.org\/{rel}","templated":true}]}}