{"id":13526,"date":"2024-08-19T18:34:36","date_gmt":"2024-08-19T18:34:36","guid":{"rendered":"https:\/\/georgiavoyage.web-reflection.com\/lagodekhi-national-park\/"},"modified":"2025-01-21T04:44:28","modified_gmt":"2025-01-21T04:44:28","slug":"lagodekhi-national-park","status":"publish","type":"page","link":"https:\/\/georgiavoyage.ge\/fr\/lagodekhi-national-park\/","title":{"rendered":"LAGODEKHI"},"content":{"rendered":"\t\t<div data-elementor-type=\"wp-page\" data-elementor-id=\"13526\" class=\"elementor elementor-13526 elementor-13498\">\n\t\t\t\t<div class=\"elementor-element elementor-element-a3db806 blogi e-flex e-con-boxed e-con e-parent\" data-id=\"a3db806\" data-element_type=\"container\" data-settings=\"{&quot;background_background&quot;:&quot;classic&quot;}\">\n\t\t\t\t\t<div class=\"e-con-inner\">\n\t\t<div class=\"elementor-element elementor-element-242f925 e-con-full e-flex e-con e-child\" data-id=\"242f925\" data-element_type=\"container\">\n\t\t\t\t<div class=\"elementor-element elementor-element-b9818e8 elementor-widget elementor-widget-heading\" data-id=\"b9818e8\" data-element_type=\"widget\" data-widget_type=\"heading.default\">\n\t\t\t\t<div class=\"elementor-widget-container\">\n\t\t\t\t\t<h2 class=\"elementor-heading-title elementor-size-default\">Aires prot\u00e9g\u00e9es de Lagodekhi<\/h2>\t\t\t\t<\/div>\n\t\t\t\t<\/div>\n\t\t\t\t<div class=\"elementor-element elementor-element-f4e0191 elementor-widget elementor-widget-image\" data-id=\"f4e0191\" data-element_type=\"widget\" data-widget_type=\"image.default\">\n\t\t\t\t<div class=\"elementor-widget-container\">\n\t\t\t\t\t\t\t\t\t\t\t\t\t\t\t<img fetchpriority=\"high\" decoding=\"async\" width=\"720\" height=\"460\" src=\"https:\/\/georgiavoyage.ge\/wp-content\/uploads\/2024\/08\/Lagodekhi-National-Park.jpg\" class=\"attachment-large size-large wp-image-33498\" alt=\"\" srcset=\"https:\/\/georgiavoyage.ge\/wp-content\/uploads\/2024\/08\/Lagodekhi-National-Park.jpg 720w, https:\/\/georgiavoyage.ge\/wp-content\/uploads\/2024\/08\/Lagodekhi-National-Park-300x192.jpg 300w, https:\/\/georgiavoyage.ge\/wp-content\/uploads\/2024\/08\/Lagodekhi-National-Park-600x383.jpg 600w\" sizes=\"(max-width: 720px) 100vw, 720px\" \/>\t\t\t\t\t\t\t\t\t\t\t\t\t\t\t<\/div>\n\t\t\t\t<\/div>\n\t\t\t\t<div class=\"elementor-element elementor-element-c68d262 elementor-widget elementor-widget-text-editor\" data-id=\"c68d262\" data-element_type=\"widget\" data-widget_type=\"text-editor.default\">\n\t\t\t\t<div class=\"elementor-widget-container\">\n\t\t\t\t\t\t\t\t\t<h6><span style=\"text-decoration: underline;\"><em>Aires prot\u00e9g\u00e9es de Lagodekhi <\/em>(G\u00e9orgie de l\u2019est, R\u00e9gion de Kakh\u00e9tie)<\/span><\/h6><h6><span style=\"text-decoration: underline;\"><em>Aires prot\u00e9g\u00e9es de Lagodekhi <\/em>(G\u00e9orgien: \u10da\u10d0\u10d2\u10dd\u10d3\u10d4\u10ee\u10d8\u10e1 \u10e1\u10d0\u10ee\u10d4\u10da\u10db\u10ec\u10d8\u10e4\u10dd \u10dc\u10d0\u10d9\u10e0\u10eb\u10d0\u10da\u10d8) &#8211; <em>Aires prot\u00e9g\u00e9es sont<\/em> situ\u00e9 sur les pentes de la cha\u00eene du Grand Caucase. Les particularit\u00e9s de la position g\u00e9ographique des <em>Aires prot\u00e9g\u00e9es<\/em>, \u00e0 l&rsquo;abri de mani\u00e8re fiable des masses d&rsquo;air froid par les contreforts des montagnes du Caucase, ont assur\u00e9 la formation d&rsquo;un climat chaud et humide de type subtropical sur ce territoire relativement petit, et sous l&rsquo;influence du climat, des \u00e9cosyst\u00e8mes naturels uniques \u00e0 ces latitudes se sont form\u00e9s. Plus haut le long des pentes des cr\u00eates, il devient plus froid et plus sec, le climat change progressivement vers l&rsquo;alpin, on peut y tracer une zonation altitudinale, lorsque la v\u00e9g\u00e9tation subtropicale luxuriante est progressivement remplac\u00e9e par des for\u00eats de feuillus, puis des prairies alpines.<\/span><\/h6><h6><span style=\"text-decoration: underline;\">Ce parc \u00e9tonnant\u00a0 n&rsquo;est en aucun cas inf\u00e9rieur aux r\u00e9serves de nombreux pays exotiques. C&rsquo;est un \u00e9cosyst\u00e8me s\u00e9par\u00e9 qui vit sa propre vie &#8211; quand il y a une chaleur sensuelle \u00e0 Kakh\u00e9tie, la fra\u00eecheur et le cr\u00e9puscule r\u00e8gnent ici. Le sous-bois scintille de ros\u00e9e, et les fleurs sont parfum\u00e9es, enivrantes d&rsquo;un parfum capiteux. La vari\u00e9t\u00e9 des paysages a fait la richesse du monde animal, notamment de nombreux oiseaux rares qui remplissent la r\u00e9serve de carillons polyphoniques. Faucon p\u00e8lerin, aigle royal &#8211; ces oiseaux puissants peuvent \u00eatre observ\u00e9s dans des conditions naturelles. Fait int\u00e9ressant, Lagod\u00e9khi est toujours rest\u00e9 un myst\u00e8re, m\u00eame pour les habitants de l&rsquo;\u00c9tat, car il diff\u00e8re fortement de toute la nature environnante de Kakh\u00e9tie.<\/span><\/h6><h6><span style=\"text-decoration: underline;\">Il y a de nombreux sentiers de randonn\u00e9e courts et longs dans le parc national pour les touristes. Et si votre itin\u00e9raire va vers le sud, vous pouvez atteindre la fin de la gorge de Lagod\u00e9khi et aller directement \u00e0 la vall\u00e9e d&rsquo;Alazani, c\u00e9l\u00e8bre pour ses vignobles. Une \u00e9meute sauvage et fabuleusement diversifi\u00e9e, un air de montagne propre et humide, un soleil abondant et des paysages de montagne pittoresques &#8211; les <em>Aires prot\u00e9g\u00e9es<\/em>\u00a0de Lagod\u00e9khi vous offrira un voyage inoubliable. Vous pouvez p\u00eacher ou nager dans la cascade, faire de l&rsquo;\u00e9quitation ou faire de la randonn\u00e9e dans les prairies alpines.<\/span><\/h6><h6><span style=\"text-decoration: underline;\">Compagnie touristique\u00a0<span style=\"color: #0000ff; text-decoration: underline;\"><em>\u00abGeorgia Voyage\u00bb<\/em><\/span>, donne aux touristes la possibilit\u00e9 de recevoir \u00a0toutes les informations n\u00e9cessaires. Pour plus d\u2019informations, n\u2019h\u00e9sitez pas \u00e0 nous contacter au <span style=\"color: #ff6600; text-decoration: underline;\"><em><strong>Viber \/ WhatsApp +995 599 25 65 19<\/strong><\/em>\u00a0<\/span> ou <span style=\"text-decoration: underline;\">E-mail<\/span><span style=\"color: #ff0000; text-decoration: underline;\"> :\u00a0<a style=\"color: #ff0000; text-decoration: underline;\" href=\"mailto:info@georgiavoyage.ge\"><strong><em>info@georgiavoyage.ge<\/em><\/strong><\/a><\/span><em><span style=\"color: #000000; text-decoration: underline;\"><strong><a href=\"mailto:info@georgiavoyage.ge\"><img decoding=\"async\" class=\"\" src=\"\/wp-content\/uploads\/2024\/08\/Pointer.png\" width=\"23\" height=\"23\" \/><\/a>\u00a0<\/strong><\/span><\/em> Nous sommes toujours pr\u00eats \u00e0 vous conseiller et\u00a0 r\u00e9pondre \u00e0 toutes vos questions, relatives \u00e0 l\u2019organisation du tourisme et des loisirs en G\u00e9orgie.<\/span><\/h6><h6><span style=\"text-decoration: underline;\">Les programmes des circuits seront discut\u00e9 et planifi\u00e9 individuellement, tout en tenant compte de vos choix et de vos souhaits, \u00a0pour avoir un meilleur aper\u00e7u des sentiers et randonn\u00e9es, sur le territoire <span style=\"color: #0000ff; text-decoration: underline;\">des <em>Aires prot\u00e9g\u00e9es <\/em><em>de Lagod\u00e9khi.<\/em><\/span><\/span><\/h6><h6><span style=\"text-decoration: underline;\"><span style=\"color: #0000ff; text-decoration: underline;\"><em>Sentiers touristiques marqu\u00e9s et\u00a0organis\u00e9es par nos soins :<\/em><\/span><\/span><\/h6><h6><span style=\"text-decoration: underline;\"><span style=\"color: #0000ff; text-decoration: underline;\"><em>1.Cascade de \u00a0Rocho<\/em><\/span>\u00a0&#8211; 9,5 km, 3-5 heures \u00e0 pied, difficult\u00e9 moyenne<\/span><\/h6><h6><span style=\"text-decoration: underline;\">Au d\u00e9but du chemin, il y a des bosquets de charme uniques (400 \u00e0 600 m d&rsquo;altitude), qui sont assez rares dans le Caucase. Puis des h\u00eatraies mixtes. Entour\u00e9 par le parfum et le myst\u00e8re magique de la for\u00eat. \u00c0 la fin, il y a un \u00e9norme bruit, des \u00e9claboussures, un arc-en-ciel et entre les roches vertes il y a une masse d&rsquo;eau qui tombe qui forme les 6 m\u00e8tres de la cascade \u00a0Rocho . Sur le chemin, vous pourrez rencontrer un cerf, un faon et un sanglier.<\/span><\/h6><h6><span style=\"text-decoration: underline;\"><span class=\"VIiyi\" lang=\"fr\"><span class=\"JLqJ4b\" data-language-for-alternatives=\"fr\" data-language-to-translate-into=\"ru\" data-phrase-index=\"0\"><span style=\"color: #0000ff; text-decoration: underline;\"><em>2.Cascade \u00ab\u00a0Ninos Kh\u00e9vi\u00a0\u00bb<\/em><\/span>\u00a0&#8211; 8,5 km, 4-6 heures \u00e0 pied, difficult\u00e9 moyenne<\/span><\/span><\/span><\/h6><h6><span style=\"text-decoration: underline;\"><span class=\"VIiyi\" lang=\"fr\"><span class=\"JLqJ4b\" data-language-for-alternatives=\"fr\" data-language-to-translate-into=\"ru\" data-phrase-index=\"0\">Le sentier passe sous le couvert de feuillus. Le bruit de la rivi\u00e8re, les petites cascades, les \u00e9normes rochers et la brise qui se prom\u00e8ne dans la vall\u00e9e transformeront votre promenade en un voyage passionnant et aventureux jusqu&rsquo;\u00e0 la cascade de 40 m\u00e8tres &#8211; \u00ab\u00a0Ninos Kh\u00e9vi\u00a0\u00bb. Sur le chemin, il y aura l&rsquo;occasion de voir des plantes reliques rares, telles que: gentiane Lagod\u00e9khi, furusula, lapina, ch\u00e2taignier, ch\u00eane g\u00e9orgien, etc. Il est \u00e9galement possible de rencontrer un faon, un cerf, un sanglier et les oiseaux de proie.<\/span><\/span><\/span><\/h6><h6><span style=\"text-decoration: underline;\"><span class=\"VIiyi\" lang=\"fr\"><span class=\"JLqJ4b ChMk0b\" data-language-for-alternatives=\"fr\" data-language-to-translate-into=\"ru\" data-phrase-index=\"0\"><span style=\"color: #0000ff; text-decoration: underline;\"><em>3.Forteresse de\u00a0Machi\u00a0<\/em><\/span>\u00a0&#8211; 10,5 km, 3-4 heures, \u00e0 pied et \u00e0 cheval, difficult\u00e9 moyenne<\/span><\/span><\/span><\/h6><h6><span style=\"text-decoration: underline;\"><span class=\"VIiyi\" lang=\"fr\"><span class=\"JLqJ4b ChMk0b\" data-language-for-alternatives=\"fr\" data-language-to-translate-into=\"ru\" data-phrase-index=\"2\">Sur le chemin il y a un bosquet de charme, de la mousse se r\u00e9pandant comme un tapis et comme une fourrure recouverte de pierres nues.<\/span>\u00a0<span class=\"JLqJ4b ChMk0b\" data-language-for-alternatives=\"fr\" data-language-to-translate-into=\"ru\" data-phrase-index=\"3\">Le chemin se transforme en h\u00eatraie mixte et traverse la rivi\u00e8re \u00ab\u00a0Bn\u00e9li Kh\u00e9oba\u00a0\u00bb, d&rsquo;o\u00f9 nous longeons un chemin \u00e9troit le long de la pente de la montagne et nous nous dirigeons vers le forteresse.<\/span>\u00a0<span class=\"JLqJ4b ChMk0b\" data-language-for-alternatives=\"fr\" data-language-to-translate-into=\"ru\" data-phrase-index=\"4\">Une forteresse remarquable de l&rsquo;\u00e9poque de la f\u00e9odalit\u00e9 tsariste kakh\u00e9tienne, entour\u00e9e de murs, de passages souterrains et de ruines de b\u00e2timents anciens.<\/span><\/span><\/span><\/h6><h6><span style=\"text-decoration: underline;\"><a style=\"color: #ff0000; text-decoration: underline;\" href=\"https:\/\/www.google.com\/maps\/d\/viewer?mid=1Vv9B5X7qH5FD57FFwDs8vzguRlw&amp;ll=41.91143686099614%2C46.26237483402745&amp;z=11\"><span style=\"color: #0000ff;\"><em><strong>Retrouver sur\u00a0<\/strong><\/em><\/span><em><strong>\u00a0Google Maps<\/strong><\/em><\/a><em><strong><a href=\"mailto:info@georgiavoyage.ge\"><img decoding=\"async\" class=\"\" src=\"\/wp-content\/uploads\/2024\/08\/Pointer.png\" width=\"23\" height=\"23\" \/><\/a>\u00a0<\/strong><\/em><\/span><\/h6>\t\t\t\t\t\t\t\t<\/div>\n\t\t\t\t<\/div>\n\t\t\t\t<\/div>\n\t\t\t\t\t<\/div>\n\t\t\t\t<\/div>\n\t\t\t\t<\/div>\n\t\t","protected":false},"excerpt":{"rendered":"<p>Aires prot\u00e9g\u00e9es de Lagodekhi Aires prot\u00e9g\u00e9es de Lagodekhi (G\u00e9orgie de l\u2019est, R\u00e9gion de Kakh\u00e9tie) Aires prot\u00e9g\u00e9es de Lagodekhi (G\u00e9orgien: \u10da\u10d0\u10d2\u10dd\u10d3\u10d4\u10ee\u10d8\u10e1 \u10e1\u10d0\u10ee\u10d4\u10da\u10db\u10ec\u10d8\u10e4\u10dd \u10dc\u10d0\u10d9\u10e0\u10eb\u10d0\u10da\u10d8) &#8211; Aires prot\u00e9g\u00e9es sont situ\u00e9 sur les pentes de la cha\u00eene du Grand Caucase. Les particularit\u00e9s de la position g\u00e9ographique des Aires prot\u00e9g\u00e9es, \u00e0 l&rsquo;abri de mani\u00e8re fiable des masses d&rsquo;air froid par [&hellip;]<\/p>\n","protected":false},"author":1,"featured_media":0,"parent":0,"menu_order":0,"comment_status":"closed","ping_status":"closed","template":"","meta":{"footnotes":""},"class_list":["post-13526","page","type-page","status-publish","hentry"],"_links":{"self":[{"href":"https:\/\/georgiavoyage.ge\/fr\/wp-json\/wp\/v2\/pages\/13526","targetHints":{"allow":["GET"]}}],"collection":[{"href":"https:\/\/georgiavoyage.ge\/fr\/wp-json\/wp\/v2\/pages"}],"about":[{"href":"https:\/\/georgiavoyage.ge\/fr\/wp-json\/wp\/v2\/types\/page"}],"author":[{"embeddable":true,"href":"https:\/\/georgiavoyage.ge\/fr\/wp-json\/wp\/v2\/users\/1"}],"replies":[{"embeddable":true,"href":"https:\/\/georgiavoyage.ge\/fr\/wp-json\/wp\/v2\/comments?post=13526"}],"version-history":[{"count":0,"href":"https:\/\/georgiavoyage.ge\/fr\/wp-json\/wp\/v2\/pages\/13526\/revisions"}],"wp:attachment":[{"href":"https:\/\/georgiavoyage.ge\/fr\/wp-json\/wp\/v2\/media?parent=13526"}],"curies":[{"name":"wp","href":"https:\/\/api.w.org\/{rel}","templated":true}]}}