{"id":13540,"date":"2024-08-20T03:26:56","date_gmt":"2024-08-20T03:26:56","guid":{"rendered":"https:\/\/georgiavoyage.web-reflection.com\/adjara-region\/"},"modified":"2025-05-06T04:56:00","modified_gmt":"2025-05-06T04:56:00","slug":"adjara-region","status":"publish","type":"page","link":"https:\/\/georgiavoyage.ge\/fr\/adjara-region\/","title":{"rendered":"ADJARIE"},"content":{"rendered":"\t\t<div data-elementor-type=\"wp-page\" data-elementor-id=\"13540\" class=\"elementor elementor-13540 elementor-13389\">\n\t\t\t\t<div class=\"elementor-element elementor-element-4d3e7fb e-flex e-con-boxed e-con e-parent\" data-id=\"4d3e7fb\" data-element_type=\"container\">\n\t\t\t\t\t<div class=\"e-con-inner\">\n\t\t\t\t<div class=\"elementor-element elementor-element-3f19e77 elementor-widget elementor-widget-heading\" data-id=\"3f19e77\" data-element_type=\"widget\" data-widget_type=\"heading.default\">\n\t\t\t\t<div class=\"elementor-widget-container\">\n\t\t\t\t\t<h5 class=\"elementor-heading-title elementor-size-default\">R\u00e9gion d'Adjarie<\/h5>\t\t\t\t<\/div>\n\t\t\t\t<\/div>\n\t\t\t\t\t<\/div>\n\t\t\t\t<\/div>\n\t\t<div class=\"elementor-element elementor-element-a3db806 blogi e-flex e-con-boxed e-con e-parent\" data-id=\"a3db806\" data-element_type=\"container\" data-settings=\"{&quot;background_background&quot;:&quot;classic&quot;}\">\n\t\t\t\t\t<div class=\"e-con-inner\">\n\t\t<div class=\"elementor-element elementor-element-242f925 e-con-full e-flex e-con e-child\" data-id=\"242f925\" data-element_type=\"container\">\n\t\t\t\t<div class=\"elementor-element elementor-element-b092738 elementor-widget elementor-widget-image\" data-id=\"b092738\" data-element_type=\"widget\" data-widget_type=\"image.default\">\n\t\t\t\t<div class=\"elementor-widget-container\">\n\t\t\t\t\t\t\t\t\t\t\t\t\t\t\t<img fetchpriority=\"high\" decoding=\"async\" width=\"800\" height=\"431\" src=\"https:\/\/georgiavoyage.ge\/wp-content\/uploads\/2024\/08\/Adjara-region.jpg\" class=\"attachment-large size-large wp-image-33506\" alt=\"\" srcset=\"https:\/\/georgiavoyage.ge\/wp-content\/uploads\/2024\/08\/Adjara-region.jpg 800w, https:\/\/georgiavoyage.ge\/wp-content\/uploads\/2024\/08\/Adjara-region-300x162.jpg 300w, https:\/\/georgiavoyage.ge\/wp-content\/uploads\/2024\/08\/Adjara-region-768x414.jpg 768w, https:\/\/georgiavoyage.ge\/wp-content\/uploads\/2024\/08\/Adjara-region-600x323.jpg 600w\" sizes=\"(max-width: 800px) 100vw, 800px\" \/>\t\t\t\t\t\t\t\t\t\t\t\t\t\t\t<\/div>\n\t\t\t\t<\/div>\n\t\t\t\t<div class=\"elementor-element elementor-element-c68d262 elementor-widget elementor-widget-text-editor\" data-id=\"c68d262\" data-element_type=\"widget\" data-widget_type=\"text-editor.default\">\n\t\t\t\t<div class=\"elementor-widget-container\">\n\t\t\t\t\t\t\t\t\t<h5><span style=\"color: #000000;\"><span style=\"text-decoration: underline;\"><em>Adjarie<\/em><\/span><\/span><\/h5><h6><span style=\"color: #000000;\"><em><u>L&rsquo;Adjarie (Adjara) (G\u00e9orgien : <\/u><\/em><em><u>\u10d0\u10ed\u10d0\u10e0\u10d0<\/u><\/em><em><u>)\u00a0 &#8211; La r\u00e9gion historique et une division administrative-territoriale moderne de la G\u00e9orgie occidentale. L&rsquo;Adjarie est situ\u00e9e \u00e0 l&rsquo;extr\u00eame sud-ouest de la G\u00e9orgie. Toute l&rsquo;ann\u00e9e, immerg\u00e9e dans la verdure et baign\u00e9e par la mer Noire, cette terre ancienne, au pied des cha\u00eenes de montagnes du Petit Caucase, est exceptionnellement belle et particuli\u00e8re. Un climat doux et merveilleux ainsi qu&rsquo;une nature majestueuse r\u00e8gnent ici. Ce petit bout de terre contient des plages de mer, des cha\u00eenes de montagnes, des for\u00eats riches, des cascades miroir, des gorges rocheuses, des lacs incompr\u00e9hensibles, des rivi\u00e8res \u00e9cumantes et bien d&rsquo;autres merveilles naturelles magnifiques. Les c\u00e9l\u00e8bres stations baln\u00e9aires d&rsquo;Adjarie sont particuli\u00e8rement pittoresques avec de magnifiques plages, attirant de nombreux touristes.<\/u><\/em><\/span><\/h6><h6><span style=\"color: #000000;\"><em><u>L&rsquo;Adjarie montagneuse est c\u00e9l\u00e8bre pour sa beaut\u00e9 naturelle riche et diversifi\u00e9e. La hauteur moyenne des montagnes environnantes varie entre 2 000 et 2 500 m\u00e8tres. Les visiteurs peuvent voir des cascades \u00e9tonnantes, une grande vari\u00e9t\u00e9 de flore et de faune et essayer des eaux min\u00e9rales aux propri\u00e9t\u00e9s curatives uniques. Mais ce n\u2019est pas seulement l\u2019admiration de la nature qui fait de l\u2019Adjarie une destination de vacances c\u00e9l\u00e8bre. Ici, les vacanciers peuvent s&rsquo;immerger pleinement dans l&rsquo;extraordinaire exotisme de cette r\u00e9gion, exprim\u00e9 par une combinaison color\u00e9e de cultures orientales et occidentales &#8211; go\u00fbter de d\u00e9licieux plats nationaux, devenir t\u00e9moins oculaires de la vie traditionnelle des Adjares et profiter de la visite de monuments anciens.<\/u><\/em><\/span><\/h6><h5><span style=\"color: #000000;\"><strong><em><u>Batoumi<\/u><\/em><\/strong><\/span><\/h5><h6><span style=\"color: #000000;\"><em><u>Batoumi ( G\u00e9orgien: <\/u><\/em><em><u>\u10d1\u10d0\u10d7\u10e3\u10db\u10d8<\/u><\/em><em><u>)- Le centre administratif de la r\u00e9gion d&rsquo;Adjarie, est\u00a0 situ\u00e9e sur la c\u00f4te de la mer Noire, et est l&rsquo;une des principales villes de G\u00e9orgie. Traduit du grec, \u00abBathys limen\u00bb signifie \u00abport profond\u00bb.\u00a0 L&rsquo;architecture gracieuse et la v\u00e9g\u00e9tation subtropicale distinguent Batoumi de toutes les autres villes de G\u00e9orgie, la rendant attrayante pour les touristes locaux et \u00e9trangers. La ville est unique dans ses contrastes et plaira certainement aux voyageurs sophistiqu\u00e9s qui ont visit\u00e9 diff\u00e9rentes parties de la plan\u00e8te.<\/u><\/em><\/span><\/h6><h5><span style=\"color: #000000;\"><em><u>Principales attractions \u00e0 Batoumi :<\/u><\/em><\/span><\/h5><ul><li><span style=\"color: #000000;\"><strong><em><u>Phare de Batoumi (G\u00e9orgien: <\/u><\/em><em><u>\u10d1\u10d0\u10d7\u10e3\u10db\u10d8\u10e1<\/u><\/em> <em><u>\u10e8\u10e3\u10e5\u10e3\u10e0\u10d0<\/u><\/em><em><u>)- Le plus ancien b\u00e2timent pr\u00e9serv\u00e9 de Batoumi.<\/u><\/em><\/strong><\/span><\/li><li><span style=\"color: #000000;\"><strong><em><u>Station maritime de Batoumi (G\u00e9orgien: <\/u><\/em><em><u>\u10d1\u10d0\u10d7\u10e3\u10db\u10d8\u10e1<\/u><\/em> <em><u>\u10e1\u10d0\u10d6\u10e6\u10d5\u10d0\u10dd<\/u><\/em> <em><u>\u10d5\u10d0\u10d2\u10d6\u10d0\u10da\u10d8<\/u><\/em><em><u>) &#8211; Un b\u00e2timent imposant dans le style classique \u00ab station baln\u00e9aire sovi\u00e9tique \u00bb<\/u><\/em><\/strong><\/span><\/li><li><span style=\"color: #000000;\"><strong><em><u>Boulevard de Batoumi\u00a0 (<\/u><\/em><em><u>G<\/u><\/em><em><u>\u00e9orgien: <\/u><\/em><em><u>\u10d1\u10d0\u10d7\u10e3\u10db\u10d8\u10e1<\/u><\/em> <em><u>\u10d1\u10e3\u10da\u10d5\u10d0\u10e0\u10d8<\/u><\/em><em><u>)- Un espace paysager entre la plage et les zones r\u00e9sidentielles.<\/u><\/em><\/strong><\/span><\/li><li><span style=\"color: #000000;\"><strong><em><u>Le delphinarium de Batoumi (G\u00e9orgien: <\/u><\/em><em><u>\u10d1\u10d0\u10d7\u10e3\u10db\u10d8\u10e1<\/u><\/em> <em><u>\u10d3\u10d4\u10da\u10e4\u10d8\u10dc\u10d0\u10e0\u10d8\u10e3\u10db\u10d8<\/u><\/em><em><u>)\u00a0 existe depuis 1975 et est consid\u00e9r\u00e9 comme l&rsquo;un des meilleurs au monde.<\/u><\/em><\/strong><\/span><\/li><li><span style=\"color: #000000;\"><strong><em><u>La tour de l&rsquo;alphabet (G\u00e9orgien: <\/u><\/em><em><u>\u10d1\u10d0\u10d7\u10e3\u10db\u10d8\u10e1<\/u><\/em> <em><u>\u10d0\u10dc\u10d1\u10d0\u10dc\u10d8\u10e1<\/u><\/em> <em><u>\u10d9\u10dd\u10e8\u10d9\u10d8<\/u><\/em><em><u>)- L&rsquo;un des b\u00e2timents les plus insolites de Batoumi moderne<\/u><\/em><\/strong><\/span><\/li><li><span style=\"color: #000000;\"><strong><em><u>La sculpture mobile \u00abAli et Nino\u00bb (G\u00e9orgien: <\/u><\/em><em><u>\u10d1\u10d0\u10d7\u10e3\u10db\u10d8\u10e1<\/u><\/em><em><u> \u00ab <\/u><\/em><em><u>\u10d0\u10da\u10d8<\/u><\/em> <em><u>\u10d3\u10d0<\/u><\/em> <em><u>\u10dc\u10d8\u10dc\u10dd<\/u><\/em><em><u> \u00bb) &#8211; Une m\u00e9taphore inhabituelle de la relation entre un homme et une femme.<\/u><\/em><\/strong><\/span><\/li><li><span style=\"color: #000000;\"><strong><em><u>La place de\u00a0 Piazza (G\u00e9orgien: <\/u><\/em><em><u>\u10d1\u10d0\u10d7\u10e3\u10db\u10d8\u10e1<\/u><\/em> <em><u>\u10de\u10d8\u10d0\u10ea\u10d0\u10e1<\/u><\/em> <em><u>\u10db\u10dd\u10d4\u10d3\u10d0\u10dc\u10d8<\/u><\/em><em><u>) &#8211; l&rsquo;une des principales attractions touristiques du vieux Batoumi.<\/u><\/em><\/strong><\/span><\/li><li><span style=\"color: #000000;\"><strong><em><u>La tour de Chacha (G\u00e9orgien: <\/u><\/em><em><u>\u10d1\u10d0\u10d7\u10e3\u10db\u10d8\u10e1<\/u><\/em> <em><u>\u10ed\u10d0\u10ed\u10d0\u10e1<\/u><\/em> <em><u>\u10d9\u10dd\u10e8\u10d9\u10d8<\/u><\/em><em><u>) &#8211; Tour de l&rsquo;horloge avec un d\u00f4me jaune ressemblant \u00e0 une mosqu\u00e9e.<\/u><\/em><\/strong><\/span><\/li><li><span style=\"color: #000000;\"><strong><em><u>T\u00e9l\u00e9ph\u00e9rique \u00ab\u00a0Argo\u00a0\u00bb (G\u00e9orgien: <\/u><\/em><em><u>\u10d1\u10d0\u10d7\u10e3\u10db\u10d8\u10e1<\/u><\/em> <em><u>\u10e1\u10d0\u10d1\u10d0\u10d2\u10d8\u10e0\u10dd<\/u><\/em><em><u>) &#8211; Mont Anouria avec une vue magnifique sur la mer Noire et les montagnes d&rsquo;Adjarie.<\/u><\/em><\/strong><\/span><\/li><\/ul><h5><span style=\"color: #000000;\"><strong><em>Principales attractions d&rsquo;Adjarie:<\/em><\/strong><\/span><\/h5><h6><span style=\"color: #000000;\"><em><u>Parc national de Machakhela<\/u><\/em><\/span><\/h6><h6><span style=\"color: #000000;\"><em><u>Parc\u00a0 national de Machakhela(G\u00e9orgien: <\/u><\/em><em><u>\u10db\u10d0\u10ed\u10d0\u10ee\u10d4\u10da\u10d0\u10e1<\/u><\/em> <em><u>\u10d4\u10e0\u10dd\u10d5\u10dc\u10e3\u10da\u10d8<\/u><\/em> <em><u>\u10de\u10d0\u10e0\u10d9\u10d8<\/u><\/em><em><u>) &#8211; Le parc, cr\u00e9\u00e9 pour pr\u00e9server la biodiversit\u00e9 unique et la protection \u00e0 long terme de l&rsquo;\u00e9cosyst\u00e8me forestier de Colchide, impressionne par sa diversit\u00e9 de paysages &#8211; for\u00eats vierges, sommets et rivi\u00e8res de montagnes, lacs cristallins. Le parc national est c\u00e9l\u00e8bre pour ses for\u00eats vierges de Colchide.<\/u><\/em><\/span><\/h6><h6><span style=\"color: #000000;\"><em><u>Parc\u00a0 national de Mtirala<\/u><\/em><\/span><\/h6><h6><span style=\"color: #000000;\"><em><u>Parc\u00a0 national de Mtirala (G\u00e9orgien: <\/u><\/em><em><u>\u10db\u10e2\u10d8\u10e0\u10d0\u10da\u10d0\u10e1<\/u><\/em> <em><u>\u10d4\u10e0\u10dd\u10d5\u10dc\u10e3\u10da\u10d8<\/u><\/em> <em><u>\u10de\u10d0\u10e0\u10d9\u10d8<\/u><\/em><em><u> &#8211; Le parc national pittoresque, qui s&rsquo;\u00e9tend sur six mille hectares, est consid\u00e9r\u00e9 comme l&rsquo;endroit le plus humide de toute la G\u00e9orgie en raison de ses pr\u00e9cipitations intenses. Selon les \u00e9cologistes, Mtirala est actuellement l&rsquo;un des rares endroits sur Terre \u00e0 poss\u00e9der une telle diversit\u00e9 de flore et de faune. <\/u><\/em><\/span><\/h6><h6><span style=\"color: #000000;\"><em><u>R\u00e9serve naturelle de Kintrichi<\/u><\/em><\/span><\/h6><h6><span style=\"color: #000000;\"><em><u>R\u00e9serve naturelle de Kintrichi (G\u00e9orgien: <\/u><\/em><em><u>\u10d9\u10d8\u10dc\u10e2\u10e0\u10d8\u10e8\u10d8\u10e1<\/u><\/em> <em><u>\u10d4\u10e0\u10dd\u10d5\u10dc\u10e3\u10da\u10d8<\/u><\/em> <em><u>\u10de\u10d0\u10e0\u10d9\u10d8<\/u><\/em><em><u>) &#8211; Un espace naturel unique, perdu parmi les doux sommets des cha\u00eenes de montagnes d&rsquo;Adjarie. 14 hectares de montagnes, de cascades, de lacs de montagne et de for\u00eats reliques. En plus des paysages pittoresques, des lacs \u00e0 d\u00e9bordement, des rivi\u00e8res turbulentes et des cascades puissantes, vous trouverez \u00e0 Kintrichi d&rsquo;anciennes \u00e9glises g\u00e9orgiennes, des monast\u00e8res et d&rsquo;autres structures architecturales historiquement importantes.<\/u><\/em><\/span><\/h6><h6><span style=\"color: #000000;\"><em><u>Les zones prot\u00e9g\u00e9es de Kob<\/u><\/em><em><u>o<\/u><\/em><em><u>uleti<\/u><\/em><\/span><\/h6><h6><span style=\"color: #000000;\"><em><u>Les zones prot\u00e9g\u00e9es de Kob<\/u><\/em><em><u>o<\/u><\/em><em><u>uleti<\/u><\/em> <em><u>(<\/u><\/em><em><u>G<\/u><\/em><em><u>\u00e9orgien: \u10e5\u10dd\u10d1\u10e3\u10da\u10d4\u10d7\u10d8\u10e1 \u10d3\u10d0\u10ea\u10e3\u10da\u10d8 \u10e2\u10d4\u10e0\u10d8\u10e2\u10dd\u10e0\u10d8\u10d4\u10d1\u10d8)<\/u><\/em><em><u> &#8211; L<\/u><\/em><em><u>es tourbi\u00e8res \u00e0 sphaigne uniques au monde, comprennent la zone prot\u00e9g\u00e9e de Kob<\/u><\/em><em><u>o<\/u><\/em><em><u>uleti-Ispani I et la r\u00e9serve naturelle d&rsquo;\u00c9tat de Kob<\/u><\/em><em><u>o<\/u><\/em><em><u>uleti-Ispani II. Il a \u00e9t\u00e9 cr\u00e9\u00e9 dans le but de pr\u00e9server des \u00e9cosyst\u00e8mes humides uniques, un patrimoine naturel d\u2019importance internationale. L&rsquo;administration de la r\u00e9serve assure l&rsquo;accueil et la planification des d\u00e9placements des visiteurs dans les zones prot\u00e9g\u00e9es.<\/u><\/em><\/span><\/h6><h6><span style=\"color: #000000;\"><em><u>Adjarie montanard <\/u><\/em><\/span><\/h6><h6><span style=\"color: #000000;\"><em><u>\u00a0Adjarie\u00a0 montanard (G\u00e9orgien : <\/u><\/em><em><u>\u10db\u10d7\u10d8\u10d0\u10dc\u10d8 \u10d0\u10ed\u10d0\u10e0\u10d0<\/u><\/em><em><u>)\u00a0 &#8211; Connu par une tr\u00e8s grande vari\u00e9t\u00e9 de nature. Les montagnes attiennent 2000-2500m. Il y a tr\u00e8s beaux cascades \u00e0 voir dans cette r\u00e9gion, qui attire beaucoup de visiteurs. En flore te faune riche, des sources avec un effet magique rend cette endroit unique dans la r\u00e9gion. L\u2019authenticit\u00e9 des villages et des habitants est tr\u00e8s remarquable.<\/u><\/em><\/span><\/h6><h6><span style=\"color: #000000;\"><em><u>Jardin botanique de Batoumi<\/u><\/em><\/span><\/h6><h6><span style=\"color: #000000;\"><em><u>Jardin botanique de Batoumi (en g\u00e9orgien : <\/u><\/em><em><u>\u10d1\u10d0\u10d7\u10e3\u10db\u10d8\u10e1<\/u><\/em> <em><u>\u10d1\u10dd\u10e2\u10d0\u10dc\u10d8\u10d9\u10e3\u10e0\u10d8<\/u><\/em> <em><u>\u10d1\u10d0\u10e6\u10d8<\/u><\/em><em><u>) &#8211; Gr\u00e2ce au climat unique et \u00e0 la forte humidit\u00e9, les ouvriers du Jardin botanique ont r\u00e9ussi \u00e0 le transformer en un lieu de v\u00e9g\u00e9tation et de couleurs exub\u00e9rantes. Coins th\u00e9matiques d\u00e9di\u00e9s \u00e0 la flore de divers lieux exotiques du monde entier. Ce sont des centaines d\u2019esp\u00e8ces de palmiers, de vignes, de cactus, une bambouseraie, des fleurs de toutes formes et de toutes couleurs, l\u2019air le plus pur et le plus \u00ab savoureux \u00bb et un silence r\u00e9sonnant.<\/u><\/em><\/span><\/h6><h6><span style=\"color: #000000;\"><em><u>Cascade de Makhuntseti<\/u><\/em><\/span><\/h6><h6><span style=\"color: #000000;\"><em><u>Cascade de Makhuntseti<\/u><\/em> <em><u>(G\u00e9orgien : <\/u><\/em><em><u>\u10db\u10d0\u10ee\u10e3\u10dc\u10ea\u10d4\u10d7\u10d8\u10e1<\/u><\/em> <em><u>\u10e9\u10d0\u10dc\u10e9\u10e5\u10d4\u10e0\u10d8<\/u><\/em><em><u>)<\/u><\/em><em><u>&#8211; <\/u><\/em><em><u>Situ\u00e9e dans le village de Makhuntseti, la cascade attire de nombreuses personnes par sa beaut\u00e9 \u00e9poustouflante. En visitant la cascade, vous pouvez \u00e9galement voir le pont en arc de pierre du 12\u00e8me si\u00e8cle de la reine Tamara. Construit \u00e0 partir de roche volcanique et de calcaire, le pont se distingue par ses formes parfaites.<\/u><\/em><\/span><\/h6><h6><span style=\"color: #000000;\"><em><u>Cascade de Mirveti<\/u><\/em><\/span><\/h6><h6><span style=\"color: #000000;\"><em><u>Cascade de Mirveti (<\/u><\/em><em><u>G<\/u><\/em><em><u>\u00e9orgien : <\/u><\/em><em><u>\u10db\u10d8\u10e0\u10d5\u10d4\u10d7\u10d8\u10e1<\/u><\/em> <em><u>\u10e9\u10d0\u10dc\u10e9\u10e5\u10d4\u10e0\u10d8<\/u><\/em><em><u>)<\/u><\/em><em><u> &#8211; <\/u><\/em><em><u>La cascade de 20 m\u00e8tres est situ\u00e9e directement dans le village de Mirveti et un sentier incroyablement pittoresque y m\u00e8ne. Le sentier serpente \u00e0 travers une for\u00eat de buis qui semble absolument magique, surtout par beau temps estival. Le m\u00eame sentier pittoresque m\u00e8ne du parking \u00e0 l&rsquo;ancien pont en arc.<\/u><\/em><\/span><\/h6><h6><span style=\"color: #000000;\"><em><u>Cascade de Sarpi<\/u><\/em><\/span><\/h6><h6><span style=\"color: #000000;\"><em><u>Cascade de Sarpi (G\u00e9orgien : <\/u><\/em><em><u>\u10e1\u10d0\u10e0\u10e4\u10d8\u10e1<\/u><\/em> <em><u>\u10e9\u10d0\u10dc\u10e9\u10e5\u10d4\u10e0\u10d8<\/u><\/em><em><u>) \u2014 La cascade et la statue de Saint Andr\u00e9 le Premier Appel\u00e9 \u00e9rig\u00e9e \u00e0 proximit\u00e9 constituent un important monument naturel, historique et religieux. C&rsquo;est \u00e0 cet endroit que le disciple de J\u00e9sus-Christ, Saint Andr\u00e9 le Premier Appel\u00e9, a pos\u00e9 le pied pour la premi\u00e8re fois sur le sol g\u00e9orgien, et c&rsquo;est de l\u00e0 que la propagation du christianisme a commenc\u00e9. Ce lieu n&rsquo;est pas seulement un t\u00e9moignage de l&rsquo;histoire ancienne, mais aussi un symbole de l&rsquo;adoption d&rsquo;une nouvelle foi par l&rsquo;Adjarie et la G\u00e9orgie dans son ensemble.<\/u><\/em><\/span><\/h6><h6><span style=\"color: #000000;\"><em><u>Forteresse de Gvara<\/u><\/em><\/span><\/h6><h6><span style=\"color: #000000;\"><em><u>Forteresse de Gvara (G\u00e9orgien : <\/u><\/em><em><u>\u10d2\u10d5\u10d0\u10e0\u10d0\u10e1<\/u><\/em> <em><u>\u10ea\u10d8\u10ee\u10d4<\/u><\/em><em><u>) \u2014 La forteresse a \u00e9t\u00e9 construite au 6e si\u00e8cle et a \u00e9t\u00e9 pendant de nombreux si\u00e8cles un objet strat\u00e9gique important. Elle a jou\u00e9 un r\u00f4le actif dans le contr\u00f4le de l&rsquo;ensemble des vall\u00e9es de Chorokhi et de Machakhela, ainsi que des routes menant aux r\u00e9gions historiques de G\u00e9orgie &#8211; Klardj\u00e9tie \u00a0et Artanoudji. La forteresse est impressionnante non seulement par sa taille, mais aussi par ses d\u00e9tails architecturaux. La vue depuis la forteresse ouvre des panoramas \u00e9poustouflants sur les montagnes et les vall\u00e9es environnantes.<\/u><\/em><\/span><\/h6><h6><span style=\"color: #000000;\"><em><u>Forteresse de Gonio<\/u><\/em><\/span><\/h6><h6><span style=\"color: #000000;\"><em><u>Forteresse de Gonio (G\u00e9orgien : <\/u><\/em><em><u>\u10d2\u10dd\u10dc\u10d8\u10dd\u10e1<\/u><\/em> <em><u>\u10ea\u10d8\u10ee\u10d4<\/u><\/em><em><u>) &#8211; Une ancienne forteresse romaine qui prot\u00e9geait autrefois la seule route reliant la c\u00f4te \u00e0 l&rsquo;int\u00e9rieur de la Colchide. L&rsquo;une des installations militaires les plus grandes et les plus importantes strat\u00e9giquement sur la c\u00f4te de la mer Noire. Au fil des si\u00e8cles, la forteresse fut attaqu\u00e9e \u00e0 plusieurs reprises par les Romains, les Byzantins et les Turcs. De plus, le mythe des Argonautes et de la Toison d\u2019or lui est associ\u00e9.<\/u><\/em><\/span><\/h6><h6><span style=\"color: #000000;\"><em><u>Forteresse de P\u00e9tra (Lazique)<\/u><\/em><\/span><\/h6><h6><span style=\"color: #000000;\"><em><u>Forteresse de P\u00e9tra (Lazique) (G\u00e9orgien : <\/u><\/em><em><u>\u10d2\u10dd\u10dc\u10d8\u10dd\u10e1<\/u><\/em> <em><u>\u10ea\u10d8\u10ee\u10d4<\/u><\/em><em><u>) &#8211; La ville forteresse de P\u00e9tra occupait une position strat\u00e9gique importante, car elle \u00e9tait le carrefour des routes reliant la G\u00e9orgie aux provinces byzantines, \u00e0 l&rsquo;Iran et \u00e0 l&rsquo;Arm\u00e9nie. La partie garde du littoral a \u00e9galement \u00e9t\u00e9 am\u00e9nag\u00e9e. Du haut de la forteresse, les visiteurs peuvent profiter d&rsquo;une vue imprenable sur les falaises.<\/u><\/em><\/span><\/h6><h6><span style=\"color: #000000;\"><em><u>Forteresse de Khikhani<\/u><\/em><\/span><\/h6><h6><span style=\"color: #000000;\"><em><u>Forteresse de Khikhani (G\u00e9orgien : <\/u><\/em><em><u>\u10ee\u10d8\u10ee\u10d0\u10dc\u10d8\u10e1<\/u><\/em> <em><u>\u10ea\u10d8\u10ee\u10d4<\/u><\/em><em><u>) &#8211; Situ\u00e9e sur un flanc de montagne escarp\u00e9 et accident\u00e9, la forteresse est une structure myst\u00e9rieuse et historiquement importante, dont la date exacte reste un myst\u00e8re. Les chercheurs sugg\u00e8rent que cette forteresse a \u00e9t\u00e9 construite aux Xe-XIIIe si\u00e8cles, ce qui en fait un t\u00e9moignage ancien des temps et une importante structure d\u00e9fensive. Situ\u00e9e \u00e0 une altitude de plus de 2 200 m\u00e8tres au-dessus du niveau de la mer, la forteresse captive par ses vues imprenables et son histoire.<\/u><\/em><\/span><\/h6><h6><span style=\"color: #000000;\"><em><u>\u00c9glise de la Sainte-Trinit\u00e9<\/u><\/em><\/span><\/h6><h6><span style=\"color: #000000;\"><em><u>\u00c9glise de la Sainte-Trinit\u00e9 \u00e0 Batoumi (G\u00e9orgien : <\/u><\/em><em><u>\u10d1\u10d0\u10d7\u10e3\u10db\u10d8\u10e1<\/u><\/em> <em><u>\u10e1\u10d0\u10db\u10d4\u10d1\u10d8\u10e1<\/u><\/em> <em><u>\u10d4\u10d9\u10da\u10d4\u10e1\u10d8\u10d0<\/u><\/em><em><u>) \u2013 L&rsquo;\u00e9glise est situ\u00e9e dans le centre historique de Batoumi, au sommet du mont Sameba, et offre un panorama incroyable sur la ville de Batoumi et la mer Noire. Un bel exemple d&rsquo;architecture chr\u00e9tienne g\u00e9orgienne est un symbole de la spiritualit\u00e9 et de l&rsquo;histoire de cette r\u00e9gion. L&rsquo;\u00e9glise est connue pour ses fresques et ic\u00f4nes uniques qui transmettent la profondeur spirituelle et le patrimoine culturel de la G\u00e9orgie.<\/u><\/em><\/span><\/h6><h6><span style=\"color: #000000;\"><em><u>Monast\u00e8re de Skhalta<\/u><\/em><\/span><\/h6><h6><span style=\"color: #000000;\"><em><u>Le complexe monastique de Skhalta (G\u00e9orgien : <\/u><\/em><em><u>\u10e1\u10ee\u10d0\u10da\u10d7\u10d8\u10e1<\/u><\/em> <em><u>\u10db\u10dd\u10dc\u10d0\u10e1\u10e2\u10d4\u10e0\u10d8<\/u><\/em><em><u>) comprend deux \u00e9glises, une cave \u00e0 vin et des tombeaux. L&rsquo;\u00e9glise principale du complexe monastique est un monument de grande importance datant du XIe si\u00e8cle et occupe une place d&rsquo;honneur parmi d&rsquo;autres exemples rares de l&rsquo;architecture g\u00e9orgienne. Malheureusement, c&rsquo;est le seul exemple d&rsquo;architecture religieuse m\u00e9di\u00e9vale et de peinture murale monumentale en Adjarie qui ait surv\u00e9cu \u00e0 la destruction par les conqu\u00e9rants turcs.<\/u><\/em><\/span><\/h6><h6><span style=\"text-decoration: underline; color: #0000ff;\"><em>*La \u00a0liste compl\u00e8te des attractions de la r\u00e9gion est pr\u00e9sent\u00e9e dans la section &#8211; <span style=\"color: #ff0000; text-decoration: underline;\">Sites.<\/span><\/em><\/span><\/h6>\t\t\t\t\t\t\t\t<\/div>\n\t\t\t\t<\/div>\n\t\t\t\t<\/div>\n\t\t\t\t\t<\/div>\n\t\t\t\t<\/div>\n\t\t\t\t<\/div>\n\t\t","protected":false},"excerpt":{"rendered":"<p>R\u00e9gion d&rsquo;Adjarie Adjarie L&rsquo;Adjarie (Adjara) (G\u00e9orgien : \u10d0\u10ed\u10d0\u10e0\u10d0)\u00a0 &#8211; La r\u00e9gion historique et une division administrative-territoriale moderne de la G\u00e9orgie occidentale. L&rsquo;Adjarie est situ\u00e9e \u00e0 l&rsquo;extr\u00eame sud-ouest de la G\u00e9orgie. Toute l&rsquo;ann\u00e9e, immerg\u00e9e dans la verdure et baign\u00e9e par la mer Noire, cette terre ancienne, au pied des cha\u00eenes de montagnes du Petit Caucase, est [&hellip;]<\/p>\n","protected":false},"author":1,"featured_media":0,"parent":0,"menu_order":0,"comment_status":"closed","ping_status":"closed","template":"","meta":{"footnotes":""},"class_list":["post-13540","page","type-page","status-publish","hentry"],"_links":{"self":[{"href":"https:\/\/georgiavoyage.ge\/fr\/wp-json\/wp\/v2\/pages\/13540","targetHints":{"allow":["GET"]}}],"collection":[{"href":"https:\/\/georgiavoyage.ge\/fr\/wp-json\/wp\/v2\/pages"}],"about":[{"href":"https:\/\/georgiavoyage.ge\/fr\/wp-json\/wp\/v2\/types\/page"}],"author":[{"embeddable":true,"href":"https:\/\/georgiavoyage.ge\/fr\/wp-json\/wp\/v2\/users\/1"}],"replies":[{"embeddable":true,"href":"https:\/\/georgiavoyage.ge\/fr\/wp-json\/wp\/v2\/comments?post=13540"}],"version-history":[{"count":0,"href":"https:\/\/georgiavoyage.ge\/fr\/wp-json\/wp\/v2\/pages\/13540\/revisions"}],"wp:attachment":[{"href":"https:\/\/georgiavoyage.ge\/fr\/wp-json\/wp\/v2\/media?parent=13540"}],"curies":[{"name":"wp","href":"https:\/\/api.w.org\/{rel}","templated":true}]}}