{"id":13634,"date":"2024-08-20T12:26:42","date_gmt":"2024-08-20T12:26:42","guid":{"rendered":"https:\/\/georgiavoyage.web-reflection.com\/kakheti-region\/"},"modified":"2025-01-16T09:55:59","modified_gmt":"2025-01-16T09:55:59","slug":"kakheti-region","status":"publish","type":"page","link":"https:\/\/georgiavoyage.ge\/fr\/kakheti-region\/","title":{"rendered":"KAKH\u00c9TIE"},"content":{"rendered":"\t\t<div data-elementor-type=\"wp-page\" data-elementor-id=\"13634\" class=\"elementor elementor-13634 elementor-13562\">\n\t\t\t\t<div class=\"elementor-element elementor-element-a3db806 blogi e-flex e-con-boxed e-con e-parent\" data-id=\"a3db806\" data-element_type=\"container\" data-settings=\"{&quot;background_background&quot;:&quot;classic&quot;}\">\n\t\t\t\t\t<div class=\"e-con-inner\">\n\t\t<div class=\"elementor-element elementor-element-242f925 e-con-full e-flex e-con e-child\" data-id=\"242f925\" data-element_type=\"container\">\n\t\t\t\t<div class=\"elementor-element elementor-element-b9818e8 elementor-widget elementor-widget-heading\" data-id=\"b9818e8\" data-element_type=\"widget\" data-widget_type=\"heading.default\">\n\t\t\t\t<div class=\"elementor-widget-container\">\n\t\t\t\t\t<h5 class=\"elementor-heading-title elementor-size-default\">R\u00e9gion de Kakh\u00e9tie<\/h5>\t\t\t\t<\/div>\n\t\t\t\t<\/div>\n\t\t\t\t<div class=\"elementor-element elementor-element-f4e0191 elementor-widget elementor-widget-image\" data-id=\"f4e0191\" data-element_type=\"widget\" data-widget_type=\"image.default\">\n\t\t\t\t<div class=\"elementor-widget-container\">\n\t\t\t\t\t\t\t\t\t\t\t\t\t\t\t<img fetchpriority=\"high\" decoding=\"async\" width=\"800\" height=\"431\" src=\"https:\/\/georgiavoyage.ge\/wp-content\/uploads\/2024\/08\/Kakheti-region.jpg\" class=\"attachment-large size-large wp-image-13625\" alt=\"Region of Kakheti\" srcset=\"https:\/\/georgiavoyage.ge\/wp-content\/uploads\/2024\/08\/Kakheti-region.jpg 800w, https:\/\/georgiavoyage.ge\/wp-content\/uploads\/2024\/08\/Kakheti-region-300x162.jpg 300w, https:\/\/georgiavoyage.ge\/wp-content\/uploads\/2024\/08\/Kakheti-region-768x414.jpg 768w, https:\/\/georgiavoyage.ge\/wp-content\/uploads\/2024\/08\/Kakheti-region-600x323.jpg 600w\" sizes=\"(max-width: 800px) 100vw, 800px\" \/>\t\t\t\t\t\t\t\t\t\t\t\t\t\t\t<\/div>\n\t\t\t\t<\/div>\n\t\t\t\t<div class=\"elementor-element elementor-element-c68d262 elementor-widget elementor-widget-text-editor\" data-id=\"c68d262\" data-element_type=\"widget\" data-widget_type=\"text-editor.default\">\n\t\t\t\t<div class=\"elementor-widget-container\">\n\t\t\t\t\t\t\t\t\t<h5><span style=\"color: #003366;\"><em><u>Kakh\u00e9tie<\/u><\/em><\/span><\/h5><h6><em><u>Kakh\u00e9tie (G\u00e9orgien: <\/u><\/em><em><u>\u10d9\u10d0\u10ee\u10d4\u10d7\u10d8<\/u><\/em><em><u>) &#8211; La r\u00e9gion historique et une division administrative-territoriale moderne de l&rsquo;est de la G\u00e9orgie. Kakheti est l&rsquo;une des plus belles r\u00e9gions de G\u00e9orgie, une terre de champs ensoleill\u00e9s, de vignobles, de ch\u00e2teaux, de villes fortifi\u00e9es historiques, d&rsquo;\u00e9glises et de monast\u00e8res m\u00e9di\u00e9vaux, ainsi que de monuments naturels \u00e9tonnants. L&rsquo;origine de la Kakh\u00e9tie remonte \u00e0 une \u00e9poque ant\u00e9rieure \u00e0 notre \u00e8re, \u00e0 cette \u00e9poque la terre s&rsquo;appelait Ib\u00e9rie. Au cours de l\u2019histoire, la Kakh\u00e9tie est revenue, puis s\u2019est \u00e0 nouveau s\u00e9par\u00e9e de l\u2019\u00c9tat g\u00e9orgien unifi\u00e9. Le royaume de Kakh\u00e9tie, autrefois ind\u00e9pendant, s&rsquo;est transform\u00e9 en un royaume de myst\u00e9rieuses villes et monast\u00e8res anciens, de vignobles sans fin et de montagnes caucasiennes pittoresques. Le royaume des meilleurs vins g\u00e9orgiens.<\/u><\/em><\/h6><h6><em><u>Kakh\u00e9tie est c\u00e9l\u00e8bre pour sa culture ancienne et ses traditions viticoles. Environ 80 vari\u00e9t\u00e9s de raisins sont cultiv\u00e9es dans la r\u00e9gion et sur les 18 vins produits localement enregistr\u00e9s en G\u00e9orgie, 14 sont produits \u00e0 Kakh\u00e9tie. En G\u00e9orgie, pays d\u2019amateurs de vin, tout le monde vous dira que les meilleurs vins sont produits dans sa partie la plus orientale et la plus fertile, que Dumas appelait \u00ab la r\u00e9gion des jardins kakh\u00e9tiens \u00bb. Depuis lors, peu de choses ont chang\u00e9 dans la vie quotidienne de la r\u00e9gion : on trouve souvent des charrettes tir\u00e9es par des b\u0153ufs dans les ruelles \u00e9troites des villages, les champs sont remplis de meules de foin et les raisins doux sont toujours cueillis \u00e0 la main. Ajoutez \u00e0 tout cela l&rsquo;accueil chaleureux de la population locale, et vous aurez imm\u00e9diatement le go\u00fbt de voyager dans cette partie de la G\u00e9orgie.<\/u><\/em><\/h6><h5><em><u>Telavi<\/u><\/em><\/h5><h6><em><u>La ville de Telavi (G\u00e9orgien: <\/u><\/em><em><u>\u10d7\u10d4\u10da\u10d0\u10d5\u10d8<\/u><\/em><em><u>) &#8211; \u00a0le centre administratif de Kakh\u00e9tie et est situ\u00e9e dans la vall\u00e9e d&rsquo;Alazani. La plus ancienne ville de G\u00e9orgie est connue depuis les 1er-2e si\u00e8cles apr\u00e8s JC. c&rsquo;est-\u00e0-dire qu&rsquo;elle servit autrefois de centre commercial important sur la route des caravanes reliant le Moyen-Orient \u00e0 l&rsquo;Europe. L\u2019histoire de la ville de Telavi est \u00e9troitement li\u00e9e \u00e0 l\u2019histoire de Kakh\u00e9tie elle-m\u00eame \u2013 la r\u00e9gion dont elle a toujours \u00e9t\u00e9 le centre. Aux XVIIe et XVIIIe si\u00e8cles, elle \u00e9tait la capitale de la principaut\u00e9 de Kakh\u00e9tie, comme en t\u00e9moigne le ch\u00e2teau de Batonis-tsikhe construit au XVIIIe si\u00e8cle au centre de la ville.<\/u><\/em><\/h6><h5><em><u>Principales attractions \u00e0 Kakh\u00e9tie:<\/u><\/em><\/h5><h6><em><u>Parc national de Vachlovani<\/u><\/em><\/h6><h6><em><u>Zones prot\u00e9g\u00e9es de Vashlovani (r\u00e9serve) (G\u00e9orgien: <\/u><\/em><em><u>\u10d5\u10d0\u10e8\u10da\u10dd\u10d5\u10d0\u10dc\u10d8\u10e1<\/u><\/em> <em><u>\u10d3\u10d0\u10ea\u10e3\u10da\u10d8<\/u><\/em> <em><u>\u10e2\u10d4\u10e0\u10d8\u10e2\u10dd\u10e0\u10d8\u10d4\u10d1\u10d8<\/u><\/em><em><u>) <\/u><\/em><em><u>&#8211; <\/u><\/em><em><u>Les zones sont situ\u00e9es dans l&rsquo;extr\u00eame est de la G\u00e9orgie. Il s&rsquo;agit notamment de la r\u00e9serve naturelle de Vachlovani, d&rsquo;un parc national et de trois monuments naturels : Artsivis Kh\u00e9oba, les for\u00eats de la plaine inondable d&rsquo;Alazani (Kaklis Kour\u00e9) et les volcans de boue de Takhti-T\u00e9fa. La zone prot\u00e9g\u00e9e comprend \u00e9galement les massifs de Pantishara-Vachlovani, dont l&rsquo;altitude varie de 300 \u00e0 600 m\u00e8tres au-dessus du niveau de la mer.<\/u><\/em><\/h6><h6><em><u>Parc national de Lagodekhi<\/u><\/em><\/h6><h6><em><u>Parc national de Lagodekhi (G\u00e9orgien: <\/u><\/em><em><u>\u10da\u10d0\u10d2\u10dd\u10d3\u10d4\u10ee\u10d8\u10e1<\/u><\/em> <em><u>\u10dc\u10d0\u10ea\u10d8\u10dd\u10dc\u10d0\u10da\u10e3\u10e0\u10d8<\/u><\/em> <em><u>\u10de\u10d0\u10e0\u10d9\u10d8<\/u><\/em><em><u>) &#8211; Un coin rare et magnifique de nature sauvage et vierge. La majeure partie du territoire est couverte de for\u00eats, pr\u00e8s de 5 000 hectares sont occup\u00e9s par des prairies alpines et subalpines. Le parc national a pr\u00e9serv\u00e9 des \u00e9cosyst\u00e8mes intacts, des plans d&rsquo;eau et des cascades. Il existe encore quelques zones dans le parc o\u00f9 vivent des animaux en voie de disparition. Il y a surtout de nombreux oiseaux rares qui remplissent la r\u00e9serve de leurs chants polyphoniques. De nombreux habitants de la r\u00e9serve sont r\u00e9pertori\u00e9s dans le Livre rouge de G\u00e9orgie.<\/u><\/em><\/h6><h6><em><u>Aires prot\u00e9g\u00e9es de Batsara-Babaneouri<\/u><\/em><\/h6><h6><em><u>Aires prot\u00e9g\u00e9es de Batsara-Babaneouri (G\u00e9orgien: <\/u><\/em><em><u>\u10d1\u10d0\u10ec\u10d0\u10e0\u10d0<\/u><\/em><em><u> \u2013 <\/u><\/em><em><u>\u10d1\u10d0\u10d1\u10d0\u10dc\u10d4\u10e3\u10da\u10d8\u10e1<\/u><\/em> <em><u>\u10d3\u10d0\u10ea\u10e3\u10da\u10d8<\/u><\/em> <em><u>\u10e2\u10d4\u10e0\u10d8\u10e2\u10dd\u10e0\u10d8\u10d4\u10d1\u10d8<\/u><\/em><em><u>) \u2013 \u00a0Une perle de la nature qui incarne une combinaison unique d\u2019\u00e9cosyst\u00e8mes diversifi\u00e9s. Le parc national a \u00e9t\u00e9 fond\u00e9 pour assurer la pr\u00e9servation de l&rsquo;esp\u00e8ce tertiaire de charme azate caduque relique &#8211; un massif unique inscrit sur la \u00ab Liste rouge \u00bb de G\u00e9orgie. Ce refuge naturel d\u2019esp\u00e8ces majestueuses s\u2019\u00e9tend sur 862,1 hectares, cr\u00e9ant des conditions id\u00e9ales pour une vari\u00e9t\u00e9 de formes de vie. C&rsquo;est un v\u00e9ritable paradis pour les amoureux de la nature, les photographes et ceux qui appr\u00e9cient les rencontres avec la vie sauvage.<\/u><\/em><\/h6><h6><em><u>Vall\u00e9e de Pankissi<\/u><\/em><\/h6><h6><em><u>Vall\u00e9e de Pankisi (G\u00e9orgien: <\/u><\/em><em><u>\u10de\u10d0\u10dc\u10d9\u10d8\u10e1\u10d8\u10e1<\/u><\/em> <em><u>\u10ee\u10d4\u10dd\u10d1\u10d0<\/u><\/em><em><u>) &#8211; La gorge est situ\u00e9e dans la branche sud de la cha\u00eene principale du Caucase, sur la cha\u00eene Nakerala. La gorge est caract\u00e9ris\u00e9e par une nature magnifique, des sommets \u00e9tonnants du Caucase, de riches for\u00eats de feuillus, des champs vari\u00e9s et des rivi\u00e8res de montagne aux eaux cristallines. L&rsquo;histoire de la vall\u00e9e de Pankissi, ses anciennes \u00e9glises et forteresses, ses montagnes, ses cascades, ses rivi\u00e8res et ses lacs, sa flore, sa faune et surtout ses habitants, leurs traditions, leur cuisine et leur culture, attirent depuis longtemps des touristes du monde entier.<\/u><\/em><\/h6><h6><em><u>Ville de Sighnaghi<\/u><\/em><\/h6><h6><em><u>Ville de Sighnaghi (G\u00e9orgien: <\/u><\/em><em><u>\u10e5\u10d0\u10da\u10d0\u10e5\u10d8<\/u><\/em> <em><u>\u10e1\u10d8\u10e6\u10dc\u10d0\u10e6\u10d8<\/u><\/em><em><u>) \u2013 La ville, perch\u00e9e au sommet d&rsquo;une colline au-dessus de la vall\u00e9e d&rsquo;Alazani, a \u00e9t\u00e9 construite au 18e si\u00e8cle par le roi Erekl\u00e9 II pour prot\u00e9ger la r\u00e9gion des invasions Lezgins. Sighnaghi est c\u00e9l\u00e8bre pour sa forteresse du m\u00eame nom, qui figure dans la liste des forteresses les plus c\u00e9l\u00e8bres et les plus grandes de G\u00e9orgie. Au cours des deux derniers si\u00e8cles, la ville n\u2019a pas chang\u00e9 du tout ; elle a enti\u00e8rement conserv\u00e9 son caract\u00e8re originel. D&rsquo;ici, on a une vue indescriptiblement belle sur les sommets des montagnes du Grand Caucase.<\/u><\/em><\/h6><h6><em><u>Complexe architectural Gremi<\/u><\/em><\/h6><h6><em><u>Le complexe architectural de Gremi (G\u00e9orgien: <\/u><\/em><em><u>\u10d2\u10e0\u10d4\u10db\u10d8\u10e1<\/u><\/em> <em><u>\u10d9\u10dd\u10db\u10de\u10da\u10d4\u10e5\u10e1\u10d8<\/u><\/em><em><u>) \u2013L&rsquo;un des plus beaux ch\u00e2teaux du pays et certainement le plus spectaculaire de Kakh\u00e9tie, Gremi \u00e9tonne l&rsquo;imagination par sa taille, ainsi que par l&rsquo;\u00e9tonnante pr\u00e9voyance de ses architectes, qui au 15\u00e8me si\u00e8cle ont \u00e9rig\u00e9 une structure si puissante sur un rocher rugueux, gracieusement inscrit dans le paysage. Le complexe architectural de Gremi est consid\u00e9r\u00e9 comme la perle de la r\u00e9gion viticole de Kakh\u00e9tie et ce n&rsquo;est pas un hasard s&rsquo;il est inclus dans chaque excursion dans la r\u00e9gion.<\/u><\/em><\/h6><h6><em><u>Domaine de Tsinandali<\/u><\/em><\/h6><h6><em><u>Domaine de Tsinandali (G\u00e9orgien: <\/u><\/em><em><u>\u10ec\u10d8\u10dc\u10d0\u10dc\u10d3\u10da\u10d8\u10e1<\/u><\/em> <em><u>\u10db\u10d0\u10db\u10e3\u10da\u10d8<\/u><\/em><em><u>) \u2013<\/u><\/em> <em><u>Le domaine familial de Chavchavadz\u00e9, l&rsquo;une des principales familles aristocratiques de G\u00e9orgie. Ici vous pouvez voir des b\u00e2timents bien conserv\u00e9s, notamment la maison-mus\u00e9e d&rsquo;Alexandr\u00e9 Chavchavadz\u00e9, o\u00f9 se d\u00e9roulaient des soir\u00e9es litt\u00e9raires et des rencontres avec des personnalit\u00e9s c\u00e9l\u00e8bres. Le domaine est entour\u00e9 d&rsquo;un magnifique parc aux plantes exotiques, rendant cet endroit id\u00e9al pour les promenades.<\/u><\/em><\/h6><h6><em><u>Forteresse d&rsquo;Oudjarma<\/u><\/em><\/h6><h6><em><u>Forteresse d&rsquo;Oudjarma (G\u00e9orgien: <\/u><\/em><em><u>\u10e3\u10ef\u10d0\u10e0\u10db\u10d8\u10e1<\/u><\/em> <em><u>\u10ea\u10d8\u10ee\u10d4<\/u><\/em><em><u>) \u2013<\/u><\/em> <em><u>L&rsquo;un des monuments les plus importants de l&rsquo;architecture m\u00e9di\u00e9vale en G\u00e9orgie, en raison de son emplacement et de son importance historique. Depuis le 3\u00e8me si\u00e8cle apr\u00e8s JC La forteresse \u00e9tait la r\u00e9sidence des rois et des h\u00e9ritiers du tr\u00f4ne. L&rsquo;apog\u00e9e de l&rsquo;Oudjarma eut lieu aux 5e et 6e si\u00e8cles apr\u00e8s J.-C., sous le r\u00e8gne de Vakhtang Gorgassali et de son fils Dachi. La forteresse \u00e9tait l&rsquo;un des principaux avant-postes dans la d\u00e9fense du pays contre les invasions p\u00e9riodiques des troupes arabes et perses<\/u><\/em><\/h6><h6><em><u>Cath\u00e9drale d&rsquo;Alaverdi<\/u><\/em><\/h6><h6><em><u>Cath\u00e9drale d&rsquo;Alaverdi (G\u00e9orgien: <\/u><\/em><em><u>\u10d0\u10da\u10d0\u10d5\u10d4\u10e0\u10d3\u10d8\u10e1<\/u><\/em> <em><u>\u10e2\u10d0\u10eb\u10d0\u10e0\u10d8<\/u><\/em><em><u>) \u2013 Entour\u00e9 de murs massifs, le temple s&rsquo;\u00e9l\u00e8ve fi\u00e8rement avec en toile de fond les montagnes du Caucase. S&rsquo;\u00e9levant majestueusement, il domine le paysage environnant. Construit au 11\u00e8me si\u00e8cle dans la vall\u00e9e d&rsquo;Alazani. L&rsquo;espace de l&rsquo;\u00e9glise est impressionnant &#8211; de hautes arches forment une croix dans le registre sup\u00e9rieur de la structure. Elle appartient au type d&rsquo;\u00e9glise \u00e0 coupole crois\u00e9e et est la plus haute de l&rsquo;est de la G\u00e9orgie.<\/u><\/em><\/h6><h6><em><u>Monast\u00e8re de Bodb\u00e9<\/u><\/em><\/h6><h6><em><u>Monast\u00e8r\u00e9 de Bodbe (G\u00e9orgien: <\/u><\/em><em><u>\u10d1\u10dd\u10d3\u10d1\u10d8\u10e1<\/u><\/em> <em><u>\u10db\u10dd\u10dc\u10d0\u10e1\u10e2\u10d4\u10e0\u10d8<\/u><\/em><em><u>) \u2013 Le monast\u00e8re de Bodb\u00e9 avec sa riche histoire et son environnement \u00e0 couper le souffle, reste un monument pr\u00e9cieux et un symbole de l&rsquo;h\u00e9ritage chr\u00e9tien profond\u00e9ment enracin\u00e9 de la G\u00e9orgie. Sainte Nino, \u00e9gale aux Ap\u00f4tres, l&rsquo;une des plus v\u00e9n\u00e9r\u00e9es de G\u00e9orgie, a trouv\u00e9 ici sa derni\u00e8re demeure. L&rsquo;endroit attire aussi bien les p\u00e8lerins que les touristes en qu\u00eate de r\u00e9confort spirituel et admirant la belle architecture.<\/u><\/em><\/h6><h6><em><u>Monast\u00e8re de David Garedja<\/u><\/em><\/h6><h6><em><u>Monast\u00e8re de David Garedja<\/u><\/em><em><u> (G\u00e9orgien: <\/u><\/em><em><u>\u10d2\u10d0\u10e0\u10d4\u10ef\u10d8<\/u><\/em><em><u>\u10e1<\/u><\/em> <em><u>\u10db\u10dd\u10dc\u10d0\u10e1\u10e2\u10d4\u10e0\u10d8<\/u><\/em><em><u>) \u2013 Le monast\u00e8re creus\u00e9 dans la roche a \u00e9t\u00e9 fond\u00e9 au 6e si\u00e8cle par l&rsquo;un des 13 moines syriens venus en G\u00e9orgie pour r\u00e9pandre le christianisme. Le complexe monastique, situ\u00e9 dans une zone semi-d\u00e9sertique, comprenait 19 monast\u00e8res. La plus ancienne d&rsquo;entre elles est la Laure David Garedja, o\u00f9 Saint David est enterr\u00e9. Selon la l\u00e9gende, visiter David Garedja trois fois pourrait \u00e9quivaloir \u00e0 un p\u00e8lerinage \u00e0 J\u00e9rusalem.<\/u><\/em><\/h6><h6><em><u>Complexe du monast\u00e8re d&rsquo;Ikalto<\/u><\/em><\/h6><h6><em><u>Monast\u00e8re d&rsquo;Ikalto (G\u00e9orgien: <\/u><\/em><em><u>\u10d8\u10e7\u10d0\u10da\u10d7\u10dd\u10e1<\/u><\/em> <em><u>\u10db\u10dd\u10dc\u10d0\u10e1\u10e2\u10d4\u10e0\u10d8<\/u><\/em><em><u>) \u2013Le complexe monastique est l\u2019un des plus anciens de G\u00e9orgie. Fond\u00e9e par l&rsquo;un des 13 P\u00e8res assyriens, Z\u00e9non d&rsquo;Ikaltos, au 6e si\u00e8cle. Il y a trois \u00e9glises sur le terrain du monast\u00e8re. Au XIIe si\u00e8cle, une acad\u00e9mie fut fond\u00e9e au monast\u00e8re, qui est la premi\u00e8re acad\u00e9mie du vin au monde connue des historiens. Malgr\u00e9 de nombreuses d\u00e9vastations, de nombreux t\u00e9moignages de l\u2019apog\u00e9e du monast\u00e8re ont surv\u00e9cu jusqu\u2019\u00e0 nos jours.<\/u><\/em><\/h6><h6><em><u>Monast\u00e8re de Nekressi<\/u><\/em><\/h6><h6><em><u>Monast\u00e8re de Nekressi(G\u00e9orgien: <\/u><\/em><em><u>\u10dc\u10d4\u10d9\u10e0\u10d4\u10e1<\/u><\/em><em><u>\u10d8\u10e1<\/u><\/em> <em><u>\u10db\u10dd\u10dc\u10d0\u10e1\u10e2<\/u><\/em><em><u>\u10d4\u10e0<\/u><\/em><em><u>\u10d8<\/u><\/em><em><u>) &#8211; <\/u><\/em><em><u>Le monast\u00e8re s&rsquo;\u00e9l\u00e8ve sur un terrain o\u00f9, d\u00e8s le IIe si\u00e8cle av. J.-C., f. il y avait une ville antique. Au IVe si\u00e8cle apr\u00e8s J.-C., la premi\u00e8re basilique fut construite ici, et deux si\u00e8cles plus tard, l&rsquo;un des 13 P\u00e8res assyriens, Abibos de Nekressi, vint dans ce lieu saint. Cet \u00e9v\u00e9nement a marqu\u00e9 le d\u00e9but d\u2019un nouveau chapitre dans l\u2019histoire du complexe monastique. Le complexe du monast\u00e8re offre une vue imprenable sur la vall\u00e9e d&rsquo;Alazani.<\/u><\/em><\/h6><h6><em><u>Monast\u00e8res de Chouamta<\/u><\/em><\/h6><h6><em><u>Monast\u00e8res de Shuamta (G\u00e9orgien: <\/u><\/em><em><u>\u10e8\u10e3\u10d0\u10db\u10d7\u10d8\u10e1<\/u><\/em> <em><u>\u10db\u10dd\u10dc\u10d0\u10e1\u10e2\u10e0\u10d4\u10d1\u10d8<\/u><\/em><em><u>) \u2013 Les monast\u00e8res \u2013Les monast\u00e8res de l&rsquo;Ancien et du Nouveau Chouamta ont \u00e9t\u00e9 construits \u00e0 des \u00e9poques diff\u00e9rentes, ont une architecture et une histoire diff\u00e9rentes et ne sont li\u00e9s que par le nom. Le Nouveau Chouamta est un monast\u00e8re de femmes en activit\u00e9, construit au XVe si\u00e8cle, dans les meilleures traditions de l&rsquo;\u00e9poque. Le vieux Chouamta est situ\u00e9 plus profond\u00e9ment dans la for\u00eat, dans un endroit calme, presque d\u00e9sert. Le monast\u00e8re est un complexe de trois b\u00e2timents.<\/u><\/em><\/h6><p><span style=\"color: #0000ff;\"><em><u>*La \u00a0liste compl\u00e8te des attractions de la r\u00e9gion est pr\u00e9sent\u00e9e dans la section<\/u><\/em><em><u> &#8211; <span style=\"color: #ff0000;\">Sites.<\/span><\/u><\/em><\/span><\/p><p><em><u>\u00a0<\/u><\/em><\/p>\t\t\t\t\t\t\t\t<\/div>\n\t\t\t\t<\/div>\n\t\t\t\t<\/div>\n\t\t\t\t\t<\/div>\n\t\t\t\t<\/div>\n\t\t\t\t<\/div>\n\t\t","protected":false},"excerpt":{"rendered":"<p>R\u00e9gion de Kakh\u00e9tie Kakh\u00e9tie Kakh\u00e9tie (G\u00e9orgien: \u10d9\u10d0\u10ee\u10d4\u10d7\u10d8) &#8211; La r\u00e9gion historique et une division administrative-territoriale moderne de l&rsquo;est de la G\u00e9orgie. Kakheti est l&rsquo;une des plus belles r\u00e9gions de G\u00e9orgie, une terre de champs ensoleill\u00e9s, de vignobles, de ch\u00e2teaux, de villes fortifi\u00e9es historiques, d&rsquo;\u00e9glises et de monast\u00e8res m\u00e9di\u00e9vaux, ainsi que de monuments naturels \u00e9tonnants. L&rsquo;origine [&hellip;]<\/p>\n","protected":false},"author":1,"featured_media":0,"parent":0,"menu_order":0,"comment_status":"closed","ping_status":"closed","template":"","meta":{"footnotes":""},"class_list":["post-13634","page","type-page","status-publish","hentry"],"_links":{"self":[{"href":"https:\/\/georgiavoyage.ge\/fr\/wp-json\/wp\/v2\/pages\/13634","targetHints":{"allow":["GET"]}}],"collection":[{"href":"https:\/\/georgiavoyage.ge\/fr\/wp-json\/wp\/v2\/pages"}],"about":[{"href":"https:\/\/georgiavoyage.ge\/fr\/wp-json\/wp\/v2\/types\/page"}],"author":[{"embeddable":true,"href":"https:\/\/georgiavoyage.ge\/fr\/wp-json\/wp\/v2\/users\/1"}],"replies":[{"embeddable":true,"href":"https:\/\/georgiavoyage.ge\/fr\/wp-json\/wp\/v2\/comments?post=13634"}],"version-history":[{"count":0,"href":"https:\/\/georgiavoyage.ge\/fr\/wp-json\/wp\/v2\/pages\/13634\/revisions"}],"wp:attachment":[{"href":"https:\/\/georgiavoyage.ge\/fr\/wp-json\/wp\/v2\/media?parent=13634"}],"curies":[{"name":"wp","href":"https:\/\/api.w.org\/{rel}","templated":true}]}}