{"id":13684,"date":"2024-08-20T13:42:17","date_gmt":"2024-08-20T13:42:17","guid":{"rendered":"https:\/\/georgiavoyage.web-reflection.com\/guria-region\/"},"modified":"2025-01-16T06:01:37","modified_gmt":"2025-01-16T06:01:37","slug":"guria-region","status":"publish","type":"page","link":"https:\/\/georgiavoyage.ge\/fr\/guria-region\/","title":{"rendered":"GOURIE"},"content":{"rendered":"\t\t<div data-elementor-type=\"wp-page\" data-elementor-id=\"13684\" class=\"elementor elementor-13684 elementor-13561\">\n\t\t\t\t<div class=\"elementor-element elementor-element-a3db806 blogi e-flex e-con-boxed e-con e-parent\" data-id=\"a3db806\" data-element_type=\"container\" data-settings=\"{&quot;background_background&quot;:&quot;classic&quot;}\">\n\t\t\t\t\t<div class=\"e-con-inner\">\n\t\t<div class=\"elementor-element elementor-element-242f925 e-con-full e-flex e-con e-child\" data-id=\"242f925\" data-element_type=\"container\">\n\t\t\t\t<div class=\"elementor-element elementor-element-b9818e8 elementor-widget elementor-widget-heading\" data-id=\"b9818e8\" data-element_type=\"widget\" data-widget_type=\"heading.default\">\n\t\t\t\t<div class=\"elementor-widget-container\">\n\t\t\t\t\t<h5 class=\"elementor-heading-title elementor-size-default\">R\u00e9gion de Gourie<\/h5>\t\t\t\t<\/div>\n\t\t\t\t<\/div>\n\t\t\t\t<div class=\"elementor-element elementor-element-f4e0191 elementor-widget elementor-widget-image\" data-id=\"f4e0191\" data-element_type=\"widget\" data-widget_type=\"image.default\">\n\t\t\t\t<div class=\"elementor-widget-container\">\n\t\t\t\t\t\t\t\t\t\t\t\t\t\t\t<img fetchpriority=\"high\" decoding=\"async\" width=\"768\" height=\"414\" src=\"https:\/\/georgiavoyage.ge\/wp-content\/uploads\/2024\/08\/Guria-region-1.jpg\" class=\"attachment-large size-large wp-image-13674\" alt=\"Region of Guria\" srcset=\"https:\/\/georgiavoyage.ge\/wp-content\/uploads\/2024\/08\/Guria-region-1.jpg 768w, https:\/\/georgiavoyage.ge\/wp-content\/uploads\/2024\/08\/Guria-region-1-300x162.jpg 300w, https:\/\/georgiavoyage.ge\/wp-content\/uploads\/2024\/08\/Guria-region-1-600x323.jpg 600w\" sizes=\"(max-width: 768px) 100vw, 768px\" \/>\t\t\t\t\t\t\t\t\t\t\t\t\t\t\t<\/div>\n\t\t\t\t<\/div>\n\t\t\t\t<div class=\"elementor-element elementor-element-c68d262 elementor-widget elementor-widget-text-editor\" data-id=\"c68d262\" data-element_type=\"widget\" data-widget_type=\"text-editor.default\">\n\t\t\t\t<div class=\"elementor-widget-container\">\n\t\t\t\t\t\t\t\t\t<h5><span style=\"text-decoration: underline; color: #003300;\"><strong>Gourie<\/strong><\/span><\/h5><h6><span style=\"text-decoration: underline;\"><em><span style=\"color: #000000; text-decoration: underline;\">Gourie (G\u00e9orgien: \u10d2\u10e3\u10e0\u10d8\u10d0) \u2013 La \u00a0r\u00e9gion historique et une division administrative-territoriale moderne de l&rsquo;ouest de la G\u00e9orgie, connue pour sa riche histoire, sa culture et ses merveilles naturelles. Il a \u00e9t\u00e9 cr\u00e9\u00e9 pour les touristes qui appr\u00e9cient l&rsquo;intimit\u00e9 et la tranquillit\u00e9. Dans son immensit\u00e9, vous trouverez des for\u00eats verdoyantes, des plages de sable en bord de mer, des prairies alpines, des sources min\u00e9rales et, bien s\u00fbr, de nombreux monuments culturels. La caract\u00e9ristique la plus remarquable du climat local est ses propri\u00e9t\u00e9s curatives uniques, qui r\u00e9sultent de la combinaison de air de la mer et de la montagne. Des sources uniques, des stations baln\u00e9aires brumeuses et d&rsquo;anciens complexes monastiques rendent le voyage encore plus inoubliable.<\/span><\/em><\/span><\/h6><h6><span style=\"text-decoration: underline;\"><em><span style=\"color: #000000; text-decoration: underline;\">Gourie est l&rsquo;ancienne Colchide, une terre magique, glorifi\u00e9e dans les \u00e9pop\u00e9es anciennes. Le terrain montagneux est pratiquement intact et la nature locale a conserv\u00e9 des traces datant de 65 millions d&rsquo;ann\u00e9es. En Guria, on\u00a0 peut non seulement visiter des monuments historiques et naturels, mais \u00e9galement assister \u00e0 des festivals uniques tels que \u00abDogi\u00bb et \u00abLelo\u00bb. Une r\u00e9gion au fond cach\u00e9, qui pr\u00e9sente un grand int\u00e9r\u00eat pour le tourisme ethnique et ind\u00e9pendant. Ce magnifique coin de la G\u00e9orgie occidentale se distingue par son folklore et ses traditions uniques. Les villages de Gurian se caract\u00e9risent par un charme et une couleur particuliers, surtout en automne. Ici, les visiteurs peuvent voyager dans le temps et rencontrer les gens les plus joyeux de G\u00e9orgie.<\/span><\/em><\/span><\/h6><h5><span style=\"text-decoration: underline;\"><em><span style=\"color: #000000; text-decoration: underline;\">Ozourgu\u00e9ti<\/span><\/em><\/span><\/h5><h6><span style=\"text-decoration: underline;\"><em><span style=\"color: #000000; text-decoration: underline;\">la ville d&rsquo;Ozourgu\u00e9ti (G\u00e9orgien: \u10dd\u10d6\u10e3\u10e0\u10d2\u10d4\u10d7\u10d8) &#8211; Le centre administratif de la r\u00e9gion est situ\u00e9e entre les rivi\u00e8res Natan\u00e9bi et Bjouji, \u00e0 une altitude de 80 m\u00e8tres au-dessus du niveau de la mer. Au Moyen \u00c2ge, c&rsquo;\u00e9tait une colonie tr\u00e8s d\u00e9velopp\u00e9e sur le plan culturel et \u00e9conomique. \u00c0 l&rsquo;\u00e9poque du f\u00e9odalisme tardif, Ozourgu\u00e9ti \u00a0\u00e9tait d\u00e9j\u00e0 devenue une ville commer\u00e7ante attrayante et la r\u00e9sidence des princes gouriens. La ville est situ\u00e9e sur trois terrasses : Aujourd&rsquo;hui, c&rsquo;est l&rsquo;endroit le plus dens\u00e9ment peupl\u00e9 de Guria, se distinguant par son architecture classique. La nature et l&rsquo;histoire ont g\u00e9n\u00e9reusement dot\u00e9 Ozourgu\u00e9ti \u00a0et ses environs, et le d\u00e9veloppement moderne n&rsquo;a fait qu&rsquo;ajouter \u00e0 l&rsquo;attrait de la r\u00e9gion.<\/span><\/em><\/span><\/h6><h5><span style=\"text-decoration: underline;\"><em><span style=\"color: #000000; text-decoration: underline;\">Principales attractions de Gourie:<\/span><\/em><\/span><\/h5><h6><span style=\"text-decoration: underline;\"><em><span style=\"color: #000000; text-decoration: underline;\">Station baln\u00e9aire de Bakhmaro<\/span><\/em><\/span><\/h6><h6><span style=\"text-decoration: underline;\"><em><span style=\"color: #000000; text-decoration: underline;\">Station baln\u00e9aire de Bakhmaro (G\u00e9orgien: \u10d9\u10e3\u10e0\u10dd\u10e0\u10e2\u10d8 \u10d1\u10d0\u10ee\u10db\u10d0\u10e0\u10dd) &#8211; Station de montagne unique en Gourie. Les qualit\u00e9s curatives exceptionnelles de la station thermale sont dues \u00e0 son altitude, \u00e0 ses for\u00eats de pins et \u00e0 sa proximit\u00e9 avec la mer. L&rsquo;air rar\u00e9fi\u00e9 de haute altitude contient une suspension de gouttelettes d&rsquo;eau microscopiques cr\u00e9\u00e9es par la pr\u00e9sence constante de nuages \u200b\u200b\u200b\u200bavec de l&rsquo;air marin et des enzymes b\u00e9n\u00e9fiques provenant des pins.<\/span><\/em><\/span><\/h6><h6><span style=\"text-decoration: underline;\"><em><span style=\"color: #000000; text-decoration: underline;\">Station baln\u00e9aire de Nabeghlavi<\/span><\/em><\/span><\/h6><h6><span style=\"text-decoration: underline;\"><em><span style=\"color: #000000; text-decoration: underline;\">Station baln\u00e9aire de Nabeghlavi (G\u00e9orgien: \u10d9\u10e3\u10e0\u10dd\u10e0\u10e2\u10d8 \u10dc\u10d0\u10d1\u10d4\u10e6\u10da\u10d0\u10d5\u10d8) &#8211; La c\u00e9l\u00e8bre station baln\u00e9aire est propice aux loisirs et au tourisme actif \u00e0 tout moment de l&rsquo;ann\u00e9e. La r\u00e9gion b\u00e9n\u00e9ficie d&rsquo;un climat subtropical humide, id\u00e9al pour la culture des agrumes. Eaux min\u00e9rales de table et m\u00e9dicinales de Nabeglavi, tr\u00e8s populaires sur le march\u00e9 international.<\/span><\/em><\/span><\/h6><h6><span style=\"text-decoration: underline;\"><em><span style=\"color: #000000; text-decoration: underline;\">Station baln\u00e9aire d&rsquo;Oureki<\/span><\/em><\/span><\/h6><h6><span style=\"text-decoration: underline;\"><em><span style=\"color: #000000; text-decoration: underline;\">Station baln\u00e9aire d&rsquo;Oureki (G\u00e9orgien: \u10d9\u10e3\u10e0\u10dd\u10e0\u10e2\u10d8 \u10e3\u10e0\u10d4\u10d9\u10d8) \u2013La station baln\u00e9aire populaire de la mer Noire, c\u00e9l\u00e8bre pour ses sables magn\u00e9tiques aux propri\u00e9t\u00e9s curatives qui n&rsquo;ont d&rsquo;analogues nulle part dans le monde, offre des plages de sable confortables en pente douce et des h\u00f4tels bien \u00e9quip\u00e9s entour\u00e9s de pins g\u00e9ants et branchus, ce qui cr\u00e9e des conditions id\u00e9ales pour une sant\u00e9 familiale vacances.<\/span><\/em><\/span><\/h6><h6><span style=\"text-decoration: underline;\"><em><span style=\"color: #000000; text-decoration: underline;\">Station baln\u00e9aire de Grigoleti<\/span><\/em><\/span><\/h6><h6><span style=\"text-decoration: underline;\"><em><span style=\"color: #000000; text-decoration: underline;\">Station baln\u00e9aire de Grigoleti (G\u00e9orgien: \u10d9\u10e3\u10e0\u10dd\u10e0\u10e2\u10d8 \u10d2\u10e0\u10d8\u10d2\u10dd\u10da\u10d4\u10d7\u10d8) \u2013La station baln\u00e9aire c\u00e9l\u00e8bre pour sa for\u00eat de pins et son climat subtropical unique. Grigoleti est baign\u00e9e par la mer \u00e0 l&rsquo;ouest et est d\u00e9cor\u00e9e de terrains montagneux \u00e0 l&rsquo;est. La plage est constitu\u00e9e de sable magn\u00e9tite, connu pour ses propri\u00e9t\u00e9s curatives, particuli\u00e8rement utiles pour les maladies rhumatismales et articulaires.<\/span><\/em><\/span><\/h6><h6><span style=\"text-decoration: underline;\"><em><span style=\"color: #000000; text-decoration: underline;\">Station baln\u00e9aire de Gomismta<\/span><\/em><\/span><\/h6><h6><span style=\"text-decoration: underline;\"><em><span style=\"color: #000000; text-decoration: underline;\">Station baln\u00e9aire de Gomismta (G\u00e9orgien: \u10d9\u10e3\u10e0\u10dd\u10e0\u10e2\u10d8 \u10d2\u10dd\u10db\u10d8\u10e1\u10db\u10d7\u10d0) &#8211; Cach\u00e9e derri\u00e8re les nuages, cette station de montagne unique est connue sous le nom de Royaume des Brumes. C&rsquo;est un endroit id\u00e9al pour ceux qui veulent passer du temps dans la nature, loin de l&rsquo;agitation. Le village de Gomismta est entour\u00e9 de for\u00eats d&rsquo;\u00e9pic\u00e9as et de sapins, ce qui cr\u00e9e des conditions naturelles et climatiques particuli\u00e8res aux propri\u00e9t\u00e9s curatives.<\/span><\/em><\/span><\/h6><h6><span style=\"text-decoration: underline;\"><em><span style=\"color: #000000; text-decoration: underline;\">Station baln\u00e9aire de Shekvetili<\/span><\/em><\/span><\/h6><h6><span style=\"text-decoration: underline;\"><em><span style=\"color: #000000; text-decoration: underline;\">Station baln\u00e9aire de Shekvetili (G\u00e9orgien: \u10d9\u10e3\u10e0\u10dd\u10e0\u10e2\u10d8 \u10e8\u10d4\u10d9\u10d5\u10d4\u10d7\u10d8\u10da\u10d8) &#8211; Le petit village de vill\u00e9giature est consid\u00e9r\u00e9 comme une perle cach\u00e9e de la c\u00f4te de la mer Noire. est une station baln\u00e9aire relativement nouvelle qui offre une vari\u00e9t\u00e9 de divertissements. Il y a tout pour se d\u00e9tendre ici : des plages propres avec du sable magn\u00e9tique curatif, une nature pittoresque et des pin\u00e8des, et bien d&rsquo;autres endroits int\u00e9ressants.<\/span><\/em><\/span><\/h6><h6><span style=\"text-decoration: underline;\"><em><span style=\"color: #000000; text-decoration: underline;\">Parc dendrologique de Shekvetili<\/span><\/em><\/span><\/h6><h6><span style=\"text-decoration: underline;\"><em><span style=\"color: #000000; text-decoration: underline;\">Parc dendrologique de Shekvetili (G\u00e9orgien: \u10e8\u10d4\u10d9\u10d5\u10d4\u10d7\u10d8\u10da\u10d8\u10e1 \u10d3\u10d4\u10dc\u10d3\u10e0\u10dd\u10da\u10dd\u10d2\u10d8\u10e3\u10e0\u10d8 \u10de\u10d0\u10e0\u10d9\u10d8) &#8211; Le monument naturel le plus r\u00e9cent et unique, qui se distingue par une \u00e9tonnante collection de plantes. C&rsquo;est un lieu unique o\u00f9 se m\u00ealent plantes rares, animaux exotiques et paysages pittoresques. Des arbres g\u00e9ants, des oiseaux exotiques et m\u00eame des l\u00e9muriens \u2013 tout cela peut \u00eatre vu dans cet endroit \u00e9tonnant.<\/span><\/em><\/span><\/h6><h6><span style=\"text-decoration: underline;\"><em><span style=\"color: #000000; text-decoration: underline;\">Parc des Musiciens<\/span><\/em><\/span><\/h6><h6><span style=\"text-decoration: underline;\"><em><span style=\"color: #000000; text-decoration: underline;\">Parc des Musiciens (G\u00e9orgien: \u10e8\u10d4\u10d9\u10d5\u10d4\u10d7\u10d8\u10da\u10d8\u10e1 \u10db\u10e3\u10e1\u10d8\u10d9\u10dd\u10e1\u10d4\u10d1\u10d8\u10e1 \u10de\u10d0\u10e0\u10d9\u10d8) &#8211; Le parc est situ\u00e9 dans le village de Shekvetili dans une for\u00eat d&rsquo;eucalyptus \u00e0 c\u00f4t\u00e9 de la salle de concert \u00ab\u00a0Black Sea Arena\u00a0\u00bb. Un parc chaleureux avec une for\u00eat d&rsquo;eucalyptus, des fontaines et des bancs en bois sculpt\u00e9. Des sculptures de 35 des musiciens les plus c\u00e9l\u00e8bres du monde sont install\u00e9es sur le territoire. Leur musique est diffus\u00e9e par les haut-parleurs \u00e0 proximit\u00e9. Chaque statue dispose d&rsquo;un haut-parleur int\u00e9gr\u00e9 avec un d\u00e9tecteur de mouvement.<\/span><\/em><\/span><\/h6><h6><span style=\"text-decoration: underline;\"><em><span style=\"color: #000000; text-decoration: underline;\">Parc des Miniatures<\/span><\/em><\/span><\/h6><h6><span style=\"text-decoration: underline;\"><em><span style=\"color: #000000; text-decoration: underline;\">Parc des Miniatures (Georgian: \u10e8\u10d4\u10d9\u10d5\u10d4\u10d7\u10d8\u10da\u10d8\u10e1 \u10db\u10d8\u10dc\u10d8\u10d0\u10e2\u10e3\u10e0\u10d4\u10d1\u10d8\u10e1 \u10de\u10d0\u10e0\u10d9\u10d8) &#8211; Les visiteurs peuvent avoir une id\u00e9e de ce \u00e0 quoi ressemblent les principales attractions de la G\u00e9orgie. Le parc pr\u00e9sente 54 miniatures architecturales uniques provenant des monuments du patrimoine culturel de la G\u00e9orgie. Mod\u00e8les des plus belles maisons de Tbilissi avec leurs c\u00e9l\u00e8bres balcons sculpt\u00e9s, les \u00e9glises les plus c\u00e9l\u00e8bres, les tours Svan et bien plus encore.<\/span><\/em><\/span><\/h6><h6><span style=\"text-decoration: underline; color: #0000ff;\"><em>*La \u00a0liste compl\u00e8te des attractions de la r\u00e9gion est pr\u00e9sent\u00e9e dans la section &#8211; <span style=\"color: #ff0000; text-decoration: underline;\">Sites.<\/span><\/em><\/span><\/h6>\t\t\t\t\t\t\t\t<\/div>\n\t\t\t\t<\/div>\n\t\t\t\t<\/div>\n\t\t\t\t\t<\/div>\n\t\t\t\t<\/div>\n\t\t\t\t<\/div>\n\t\t","protected":false},"excerpt":{"rendered":"<p>R\u00e9gion de Gourie Gourie Gourie (G\u00e9orgien: \u10d2\u10e3\u10e0\u10d8\u10d0) \u2013 La \u00a0r\u00e9gion historique et une division administrative-territoriale moderne de l&rsquo;ouest de la G\u00e9orgie, connue pour sa riche histoire, sa culture et ses merveilles naturelles. Il a \u00e9t\u00e9 cr\u00e9\u00e9 pour les touristes qui appr\u00e9cient l&rsquo;intimit\u00e9 et la tranquillit\u00e9. Dans son immensit\u00e9, vous trouverez des for\u00eats verdoyantes, des plages [&hellip;]<\/p>\n","protected":false},"author":1,"featured_media":0,"parent":0,"menu_order":0,"comment_status":"closed","ping_status":"closed","template":"","meta":{"footnotes":""},"class_list":["post-13684","page","type-page","status-publish","hentry"],"_links":{"self":[{"href":"https:\/\/georgiavoyage.ge\/fr\/wp-json\/wp\/v2\/pages\/13684","targetHints":{"allow":["GET"]}}],"collection":[{"href":"https:\/\/georgiavoyage.ge\/fr\/wp-json\/wp\/v2\/pages"}],"about":[{"href":"https:\/\/georgiavoyage.ge\/fr\/wp-json\/wp\/v2\/types\/page"}],"author":[{"embeddable":true,"href":"https:\/\/georgiavoyage.ge\/fr\/wp-json\/wp\/v2\/users\/1"}],"replies":[{"embeddable":true,"href":"https:\/\/georgiavoyage.ge\/fr\/wp-json\/wp\/v2\/comments?post=13684"}],"version-history":[{"count":0,"href":"https:\/\/georgiavoyage.ge\/fr\/wp-json\/wp\/v2\/pages\/13684\/revisions"}],"wp:attachment":[{"href":"https:\/\/georgiavoyage.ge\/fr\/wp-json\/wp\/v2\/media?parent=13684"}],"curies":[{"name":"wp","href":"https:\/\/api.w.org\/{rel}","templated":true}]}}