{"id":13707,"date":"2024-08-20T04:05:15","date_gmt":"2024-08-20T04:05:15","guid":{"rendered":"https:\/\/georgiavoyage.web-reflection.com\/imereti-region\/"},"modified":"2025-05-06T05:08:03","modified_gmt":"2025-05-06T05:08:03","slug":"imereti-region","status":"publish","type":"page","link":"https:\/\/georgiavoyage.ge\/fr\/imereti-region\/","title":{"rendered":"IM\u00c9R\u00c9THIE"},"content":{"rendered":"\t\t<div data-elementor-type=\"wp-page\" data-elementor-id=\"13707\" class=\"elementor elementor-13707 elementor-13564\">\n\t\t\t\t<div class=\"elementor-element elementor-element-a3db806 blogi e-flex e-con-boxed e-con e-parent\" data-id=\"a3db806\" data-element_type=\"container\" data-settings=\"{&quot;background_background&quot;:&quot;classic&quot;}\">\n\t\t\t\t\t<div class=\"e-con-inner\">\n\t\t<div class=\"elementor-element elementor-element-242f925 e-con-full e-flex e-con e-child\" data-id=\"242f925\" data-element_type=\"container\">\n\t\t\t\t<div class=\"elementor-element elementor-element-b9818e8 elementor-widget elementor-widget-heading\" data-id=\"b9818e8\" data-element_type=\"widget\" data-widget_type=\"heading.default\">\n\t\t\t\t<div class=\"elementor-widget-container\">\n\t\t\t\t\t<h5 class=\"elementor-heading-title elementor-size-default\">R\u00e9gion d'Im\u00e9r\u00e9thie <\/h5>\t\t\t\t<\/div>\n\t\t\t\t<\/div>\n\t\t\t\t<div class=\"elementor-element elementor-element-6c1e93b elementor-widget elementor-widget-image\" data-id=\"6c1e93b\" data-element_type=\"widget\" data-widget_type=\"image.default\">\n\t\t\t\t<div class=\"elementor-widget-container\">\n\t\t\t\t\t\t\t\t\t\t\t\t\t\t\t<img fetchpriority=\"high\" decoding=\"async\" width=\"800\" height=\"431\" src=\"https:\/\/georgiavoyage.ge\/wp-content\/uploads\/2024\/08\/Imereti-region.png\" class=\"attachment-large size-large wp-image-33516\" alt=\"\" srcset=\"https:\/\/georgiavoyage.ge\/wp-content\/uploads\/2024\/08\/Imereti-region.png 800w, https:\/\/georgiavoyage.ge\/wp-content\/uploads\/2024\/08\/Imereti-region-300x162.png 300w, https:\/\/georgiavoyage.ge\/wp-content\/uploads\/2024\/08\/Imereti-region-768x414.png 768w, https:\/\/georgiavoyage.ge\/wp-content\/uploads\/2024\/08\/Imereti-region-600x323.png 600w\" sizes=\"(max-width: 800px) 100vw, 800px\" \/>\t\t\t\t\t\t\t\t\t\t\t\t\t\t\t<\/div>\n\t\t\t\t<\/div>\n\t\t\t\t<div class=\"elementor-element elementor-element-c68d262 elementor-widget elementor-widget-text-editor\" data-id=\"c68d262\" data-element_type=\"widget\" data-widget_type=\"text-editor.default\">\n\t\t\t\t<div class=\"elementor-widget-container\">\n\t\t\t\t\t\t\t\t\t<h5><span style=\"color: #003366;\"><strong><em><u>Im\u00e9r\u00e9thie\u00a0<\/u><\/em><\/strong><\/span><\/h5><h6><span style=\"color: #003366;\"><em><u>Im\u00e9r\u00e9thie (G\u00e9orgien: <\/u><\/em><em><u>\u10d8\u10db\u10d4\u10e0\u10d4\u10d7\u10d8<\/u><\/em><em><u>) &#8211; La r\u00e9gion historique et une division administrative-territoriale moderne de la G\u00e9orgie occidentale situ\u00e9e dans le cours moyen et sup\u00e9rieur de la rivi\u00e8re Rioni. \u00c0 la fin de l&rsquo;Antiquit\u00e9 et au Moyen \u00c2ge, le royaume d&rsquo;Egrissi \u00e9tait situ\u00e9 sur le territoire de l&rsquo;Im\u00e9r\u00e9thie. pays depuis l&rsquo;Antiquit\u00e9. Des faits int\u00e9ressants sur ce royaume ancien et tr\u00e8s riche peuvent \u00eatre trouv\u00e9s dans de nombreuses sources et chroniques historiques. D&rsquo;un point de vue historique, l&rsquo;Im\u00e9r\u00e9tie est l&rsquo;une des r\u00e9gions les plus importantes de G\u00e9orgie et a souvent jou\u00e9 un r\u00f4le important dans la vie du pays depuis l&rsquo;Antiquit\u00e9. Il y a eu des p\u00e9riodes dans l&rsquo;histoire de la G\u00e9orgie o\u00f9 le sort du pays d\u00e9pendait clairement sur cette r\u00e9gion.<\/u><\/em><\/span><\/h6><h6><span style=\"color: #003366;\"><em><u>Im\u00e9r\u00e9thie est aussi fascinante que sa riche histoire. Contrairement \u00e0 la partie centrale du pays, de belles for\u00eats de conif\u00e8res poussent vertes sur les pentes des collines d&rsquo; Im\u00e9r\u00e9thie, les prairies verdissent dans les vall\u00e9es et les champs de coquelicots parfum\u00e9s deviennent rouges. Les cha\u00eenes de montagnes sont coup\u00e9es par des gorges profondes et des lacs pittoresques se trouvent parmi les montagnes. Les touristes sont attir\u00e9s par la r\u00e9gion en raison de son terrain int\u00e9ressant, de ses infrastructures modernes et de son grand nombre d&rsquo;attractions. D&rsquo;anciens monast\u00e8res, de magnifiques canyons, de hautes cascades et des stations climatiques rendent la r\u00e9gion particuli\u00e8rement attrayante. C&rsquo;est un pays aux paysages \u00e9poustouflants et aux habitants joyeux et hospitaliers. M\u00eame dans le contexte tr\u00e8s hospitalier des G\u00e9orgiens, les Im\u00e9r\u00e9tiens se distinguent par leur hospitalit\u00e9, leur cordialit\u00e9 et leur chaleur.<\/u><\/em><\/span><\/h6><h5><span style=\"color: #003366;\"><strong><em><u>Kouta\u00efssi<\/u><\/em><\/strong><\/span><\/h5><h6><span style=\"color: #003366;\"><em><u>La ville de Kouta\u00efssi (G\u00e9orgien: <\/u><\/em><em><u>\u10e5\u10e3\u10d7\u10d0\u10d8\u10e1\u10d8<\/u><\/em><em><u>) &#8211; le centre administratif de la r\u00e9gion d&rsquo;Im\u00e9r\u00e9thie et est situ\u00e9e sur les deux rives de la rivi\u00e8re Rioni. Kouta\u00efssi est incluse dans la liste des villes antiques du monde. Bien que les \u00abArgonautica\u00bb soient la source classique la plus c\u00e9l\u00e8bre sur Kouta\u00efssi, elle est loin d&rsquo;\u00eatre la plus ancienne. Une importante colonie humaine autour du fleuve Phase a \u00e9t\u00e9 mentionn\u00e9e par Platon et Socrate aux 5e-4e si\u00e8cles. J.-C., Kouta\u00efssi d&rsquo;aujourd&rsquo;hui est l&rsquo;un des plus grands centres administratifs, industriels et culturels du pays, qui a conserv\u00e9 des monuments anciens qui sont pr\u00e9cieux non seulement \u00e0 l&rsquo;\u00e9chelle de la G\u00e9orgie, mais aussi pour le site du patrimoine mondial de l&rsquo;UNESCO.<\/u><\/em><\/span><\/h6><h5><span style=\"color: #003366;\"><strong><em><u>Principales attractions d&rsquo;Im\u00e9r\u00e9thie:<\/u><\/em><\/strong><\/span><\/h5><h6><span style=\"color: #003366;\"><em><u>Site arch\u00e9ologique de Vani<\/u><\/em><\/span><\/h6><h6><span style=\"color: #003366;\"><em><u>Site arch\u00e9ologique de Vani (G\u00e9orgien: <\/u><\/em><em><u>\u10d5\u10d0\u10dc\u10d8\u10e1<\/u><\/em> <em><u>\u10dc\u10d0\u10e5\u10d0\u10da\u10d0\u10e5\u10d0\u10e0\u10d8<\/u><\/em><em><u>) &#8211;<\/u><\/em> <em><u>Centre politique et administratif de l&rsquo;ancienne Colchide, ville sanctuaire des VIIIe-Ier si\u00e8cles av. J.-C. Gr\u00e2ce \u00e0 ses d\u00e9couvertes uniques, Vani est constamment au centre de l\u2019attention de la communaut\u00e9 scientifique internationale. Les outils, les objets m\u00e9nagers et les d\u00e9corations retrouv\u00e9s ici dans les b\u00e2timents r\u00e9sidentiels et religieux d\u00e9montrent le haut niveau de d\u00e9veloppement social et culturel de la r\u00e9gion.<\/u><\/em><\/span><\/h6><h6><span style=\"color: #003366;\"><em><u>Palais de Gegouti<\/u><\/em><\/span><\/h6><h6><span style=\"color: #003366;\"><em><u>Palais Gegouti (G\u00e9orgien : <\/u><\/em><em><u>\u10d2\u10d4\u10d2\u10e3\u10d7\u10d8\u10e1<\/u><\/em> <em><u>\u10e1\u10d0\u10e1\u10d0\u10ee\u10da\u10d4<\/u><\/em><em><u>) &#8211; Les ruines du plus grand palais royal du village de Gegouti sont consid\u00e9r\u00e9es comme l&rsquo;une des rares attractions s\u00e9culaires et un monument pr\u00e9cieux de l&rsquo;architecture g\u00e9orgienne de l&rsquo;\u00e9poque f\u00e9odale. Les ruines des XIIe-XIVe si\u00e8cles sont remarquables par leur ampleur. Utilis\u00e9 comme r\u00e9sidence d&rsquo;\u00e9t\u00e9 pour les rois de G\u00e9orgie, il a \u00e9t\u00e9 construit au fil des si\u00e8cles et pr\u00e9sente des solutions architecturales originales.<\/u><\/em><\/span><\/h6><h6><span style=\"color: #003366;\"><em><u>Station baln\u00e9aire de Tskaltoubo<\/u><\/em><\/span><\/h6><h6><span style=\"color: #003366;\"><em><u>Station baln\u00e9aire de Tskhaltoubo (G\u00e9orgien : <\/u><\/em><em><u>\u10d9\u10e3\u10e0\u10dd\u10e0\u10e2\u10d8<\/u><\/em> <em><u>\u10ec\u10e7\u10d0\u10da\u10e2\u10e3\u10d1\u10dd<\/u><\/em><em><u>) &#8211; L&rsquo;une des stations baln\u00e9aires les plus populaires de l&rsquo;\u00e9poque sovi\u00e9tique. Ses eaux thermales, utilis\u00e9es pour traiter environ 70 maladies, sont incomparables dans leurs qualit\u00e9s curatives. La temp\u00e9rature naturelle de l\u2019eau correspond \u00e0 la chaleur du corps humain et peut \u00eatre utilis\u00e9e sans pr\u00e9chauffage. Cette eau unique peut gu\u00e9rir les maladies cardiovasculaires, du syst\u00e8me musculo-squelettique, les maladies de la peau et les troubles m\u00e9taboliques endocriniens, etc.<\/u><\/em><\/span><\/h6><h6><span style=\"color: #003366;\"><em><u>Station baln\u00e9aire de Nounissi<\/u><\/em><\/span><\/h6><h6><span style=\"color: #003366;\"><em><u>Station baln\u00e9aire de Nounissi (G\u00e9orgien : <\/u><\/em><em><u>\u10d9\u10e3\u10e0\u10dd\u10e0\u10e2\u10d8<\/u><\/em> <em><u>\u10dc\u10e3\u10dc\u10d8\u10e1\u10d8<\/u><\/em><em><u>) &#8211; Le microclimat unique de la station baln\u00e9oclimatique est cr\u00e9\u00e9 par une combinaison de diff\u00e9rentes for\u00eats et d&rsquo;eaux thermales. Son air est particuli\u00e8rement b\u00e9n\u00e9fique pour les personnes souffrant de maladies de la peau et des nerfs. L&rsquo;eau curative Zvar\u00e9 (G\u00e9orgien : <\/u><\/em><em><u>\u10d6\u10d5\u10d0\u10e0\u10d4<\/u><\/em><em><u>) est utilis\u00e9e \u00e0 la fois pour boire et pour prendre des bains, remplissant le corps d&rsquo;\u00e9nergie. L&rsquo;abondance des for\u00eats de feuillus et de conif\u00e8res promet aux vacanciers une paix totale, et au printemps, lorsque les pins et les sapins sont en fleur, l&rsquo;air de Nunisi est particuli\u00e8rement efficace pour soigner les poumons.<\/u><\/em><\/span><\/h6><h6><span style=\"color: #003366;\"><em><u>Station baln\u00e9aire de Sairm\u00e9<\/u><\/em><\/span><\/h6><h6><span style=\"color: #003366;\"><em><u>Station baln\u00e9aire de Sairm\u00e9 (G\u00e9orgien : <\/u><\/em><em><u>\u10d9\u10e3\u10e0\u10dd\u10e0\u10e2\u10d8<\/u><\/em> <em><u>\u10e1\u10d0\u10d8\u10e0\u10db\u10d4<\/u><\/em><em><u>) &#8211; L&#8217;emplacement inhabituel, les sources min\u00e9rales curatives, l&rsquo;air \u00e9cologiquement pur et les paysages naturels incroyablement beaux rendent la station baln\u00e9aire populaire parmi les touristes du monde entier. Le principal facteur de gu\u00e9rison de Sairme est \u00e0 juste titre consid\u00e9r\u00e9 comme ses sources min\u00e9rales. Elles \u00ab naissent \u00bb dans les couches profondes de la terre et remontent \u00e0 la surface sous forme de sources, s\u2019enrichissant au passage de dioxyde de carbone, de divers min\u00e9raux et de substances sous forme de calcium, de sodium, de fer et de magn\u00e9sium.<\/u><\/em><\/span><\/h6><h6><span style=\"color: #003366;\"><em><u>R\u00e9serve naturelle de Sataplia<\/u><\/em><\/span><\/h6><h6><span style=\"color: #003366;\"><em><u>R\u00e9serve naturelle de Sataplia (G\u00e9orgien: <\/u><\/em><em><u>\u10e1\u10d0\u10d7\u10d0\u10e4\u10da\u10d8\u10d8\u10e1<\/u><\/em> <em><u>\u10dc\u10d0\u10d9\u10e0\u10eb\u10d0\u10da\u10d8<\/u><\/em><em><u>) &#8211; Le nom \u00ab\u00a0Sataplia\u00a0\u00bb signifie \u00ab\u00a0lieu du miel\u00a0\u00bb. Le premier objet de la r\u00e9serve, et du point de vue scientifique le plus pr\u00e9cieux, sont les traces de dinosaures herbivores. Ils ont environ 150 millions d\u2019ann\u00e9es et sont r\u00e9partis sur deux couches. Sur le territoire de la r\u00e9serve se trouve la grotte karstique Sataplia, qui constitue la principale valeur de la r\u00e9serve et l&rsquo;une des plus visit\u00e9es du pays.<\/u><\/em><\/span><\/h6><h6><span style=\"color: #003366;\"><em><u>Grotte de Prom\u00e9th\u00e9e<\/u><\/em><\/span><\/h6><h6><span style=\"color: #003366;\"><em><u>Grotte de Prom\u00e9th\u00e9e (G\u00e9orgien: <\/u><\/em><em><u>\u10de\u10e0\u10dd\u10db\u10d4\u10d7\u10d4\u10e1<\/u><\/em> <em><u>\u10db\u10e6\u10d5\u10d8\u10db\u10d4<\/u><\/em><em><u>) &#8211; L&rsquo;un des plus grands et des plus riches d&rsquo;Europe et la destination la plus populaire de la r\u00e9gion. \u00a0Les visiteurs peuvent profiter d&rsquo;une vari\u00e9t\u00e9 de magnifiques rivi\u00e8res et lacs souterrains, de merveilleuses stalactites, stalagmites, rideaux, cascades p\u00e9trifi\u00e9es, grottes de perles et paysages \u00e0 couper le souffle. Plusieurs rivi\u00e8res souterraines coulent ici, et il existe m\u00eame des lacs souterrains avec leur propre faune sp\u00e9cifique.<\/u><\/em><\/span><\/h6><h6><span style=\"color: #003366;\"><em><u>Canyon d&rsquo;Okats\u00e9<\/u><\/em><\/span><\/h6><h6><span style=\"color: #003366;\"><em><u>Canyon d&rsquo;Okats\u00e9 (G\u00e9orgien: <\/u><\/em><em><u>\u10dd\u10d9\u10d0\u10ea\u10d4\u10e1<\/u><\/em> <em><u>\u10d9\u10d0\u10dc\u10d8\u10dd\u10dc\u10d8<\/u><\/em><em><u>) &#8211; L&rsquo;une des beaut\u00e9s naturelles d&rsquo;Im\u00e9r\u00e9thie \u2013 Okats\u00e9 \u00a0est un canyon de trois kilom\u00e8tres d&rsquo;une profondeur d&rsquo;environ 50 m\u00e8tres. Une route m\u00e9tallique suspendue de 630 m de long et une plate-forme d&rsquo;observation m\u00e8nent au milieu du canyon. Une montagne escarp\u00e9e, ou plut\u00f4t un canyon, qui s&rsquo;est form\u00e9 il y a plusieurs millions d&rsquo;ann\u00e9es, une \u00e9meute de for\u00eat caduque verte et les sons magiques des cigales m\u00eal\u00e9s au bruit de l&rsquo;eau.<\/u><\/em><\/span><\/h6><h6><span style=\"color: #003366;\"><em><u>Cascade de Kinchha<\/u><\/em><\/span><\/h6><h6><span style=\"color: #003366;\"><em><u>Cascade de Kinchkha (G\u00e9orgien: <\/u><\/em><em><u>\u10d9\u10d8\u10dc\u10e9\u10ee\u10d0\u10e1<\/u><\/em> <em><u>\u10e9\u10d0\u10dc\u10e9\u10e5\u10d4\u10e0\u10d8<\/u><\/em><em><u>) &#8211; A quelques kilom\u00e8tres du canyon d&rsquo;Okats\u00e9 se trouve la cascade Kinchkha de 100 m\u00e8tres. Le bruit de l\u2019eau qui tombe peut \u00eatre entendu \u00e0 des dizaines de m\u00e8tres. C&rsquo;est un endroit sauvage et non am\u00e9nag\u00e9 pour les touristes, c&rsquo;est pourquoi il est si tentant. En marchant vers la cascade, le long du sentier, nous nous retrouvons d&rsquo;abord dans des canyons de 2 m\u00e8tres avec des roches calcaires blanches comme neige et de l&rsquo;eau turquoise comme le ciel.<\/u><\/em><\/span><\/h6><h6><span style=\"color: #003366;\"><em><u>Piton de Katskhi<\/u><\/em><\/span><\/h6><h6><span style=\"color: #003366;\"><em><u>Piton de Katskhi (G\u00e9orgien: <\/u><\/em><em><u>\u10d9\u10d0\u10ea\u10ee\u10d8\u10e1<\/u><\/em> <em><u>\u10e1\u10d5\u10d4\u10e2\u10d8<\/u><\/em><em><u>) &#8211; Un monolithe calcaire g\u00e9ant mesurant 1 000 pieds de haut, au sommet duquel se trouve une \u00e9glise construite entre le 6e et le 8e si\u00e8cle. Un rocher calcaire de 40 m\u00e8tres v\u00e9n\u00e9r\u00e9 par les locaux comme un pilier de vie, symbolisant la Vraie Croix. L&#8217;emplacement n&rsquo;est pas typique des \u00e9glises de G\u00e9orgie et les chercheurs pensent qu&rsquo;il s&rsquo;agissait d&rsquo;un site pour les moines ermites venus du Moyen-Orient.<\/u><\/em><\/span><\/h6><h6><span style=\"color: #003366;\"><em><u>Cath\u00e9drale de Bagrati<\/u><\/em><\/span><\/h6><h6><span style=\"color: #003366;\"><em><u>Cath\u00e9drale de Bagrati (G\u00e9orgien: <\/u><\/em><em><u>\u10d1\u10d0\u10e0\u10d0\u10e2\u10d8\u10e1<\/u><\/em> <em><u>\u10e2\u10d0\u10eb\u10d0\u10e0\u10d8<\/u><\/em><em><u>) &#8211; Cath\u00e9drale est consid\u00e9r\u00e9e non seulement comme un centre religieux de son temps, mais aussi comme un symbole de l&rsquo;unit\u00e9 du peuple g\u00e9orgien. L&rsquo;immense cath\u00e9drale \u00e9tait novatrice dans son architecture et sa d\u00e9coration int\u00e9rieure. Richement d\u00e9cor\u00e9 de mosa\u00efques et de sculptures, il servait de lieu d&rsquo;\u00e9v\u00e9nements importants &#8211; le couronnement de personnes royales &#8211; et de centre de c\u00e9l\u00e9brations. Le temple est inscrit sur la liste du patrimoine mondial de l&rsquo;UNESCO.<\/u><\/em><\/span><\/h6><h6><span style=\"color: #003366;\"><em><u>Monast\u00e8re de Gh\u00e9lati<\/u><\/em><\/span><\/h6><h6><span style=\"color: #003366;\"><em><u>Monast\u00e8re de Gh\u00e9lati (G\u00e9orgien: <\/u><\/em><em><u>\u10d2\u10d4\u10da\u10d0\u10d7\u10d8\u10e1 \u10db\u10dd\u10dc\u10d0\u10e1\u10e2\u10d4<\/u><\/em><em><u>\u10e0\u10d8<\/u><\/em><em><u>) &#8211; Le centre spirituel le plus important de G\u00e9orgie, qui a conserv\u00e9 son r\u00f4le pendant de nombreux si\u00e8cles. Le monast\u00e8re a \u00e9t\u00e9 fond\u00e9 par le roi David \u00able B\u00e2tisseur\u00bb au d\u00e9but du 12e si\u00e8cle. n&rsquo;\u00e9tait pas seulement un centre spirituel, mais aussi un grand centre culturel et scientifique. Sur le territoire du monast\u00e8re se trouve le b\u00e2timent de l&rsquo;Acad\u00e9mie de Gh\u00e9lati, l&rsquo;un des plus grands \u00e9tablissements d&rsquo;enseignement de la G\u00e9orgie m\u00e9di\u00e9vale. Le monast\u00e8re est inscrit sur la liste du patrimoine mondial de l&rsquo;UNESCO.<\/u><\/em><\/span><\/h6><h6><span style=\"color: #003366;\"><em><u>Monast\u00e8re de Motsameta<\/u><\/em><\/span><\/h6><h6><span style=\"color: #003366;\"><em><u>Monast\u00e8re de Motsameta (G\u00e9orgien: <\/u><\/em><em><u>\u10db\u10dd\u10ec\u10d0\u10db\u10d4\u10d7\u10d0\u10e1 \u10db\u10dd\u10dc\u10e1\u10e2\u10d4<\/u><\/em><em><u>\u10e0\u10d8<\/u><\/em><em><u>) &#8211; L&rsquo;un des plus anciens monast\u00e8res de G\u00e9orgie, situ\u00e9 dans un endroit tr\u00e8s pittoresque, au-dessus de la turbulente rivi\u00e8re Rioni, est entour\u00e9 de verdure et de hauts canyons. Le nom du monast\u00e8re vient des noms de deux fr\u00e8res morts en martyrs aux mains des Arabes au 8e si\u00e8cle. Le mot \u00ab Motsameta \u00bb se traduit par \u00ab martyrs \u00bb, l\u2019Arche avec les reliques des saints se trouve d\u00e9sormais dans le temple principal, sur une estrade \u00e0 droite de l\u2019entr\u00e9e.<\/u><\/em><\/span><\/h6><h6><span style=\"color: #003366;\"><em><u><span style=\"color: #0000ff;\">*La \u00a0liste compl\u00e8te des attractions de la r\u00e9gion est pr\u00e9sent\u00e9e dans la section<\/span> <span style=\"color: #ff0000;\">&#8211; <\/span><\/u><\/em><span style=\"color: #ff0000;\"><em><u>Sites.<\/u><\/em><\/span><\/span><\/h6><p><em><u>\u00a0<\/u><\/em><\/p>\t\t\t\t\t\t\t\t<\/div>\n\t\t\t\t<\/div>\n\t\t\t\t<\/div>\n\t\t\t\t\t<\/div>\n\t\t\t\t<\/div>\n\t\t\t\t<\/div>\n\t\t","protected":false},"excerpt":{"rendered":"<p>R\u00e9gion d&rsquo;Im\u00e9r\u00e9thie Im\u00e9r\u00e9thie\u00a0 Im\u00e9r\u00e9thie (G\u00e9orgien: \u10d8\u10db\u10d4\u10e0\u10d4\u10d7\u10d8) &#8211; La r\u00e9gion historique et une division administrative-territoriale moderne de la G\u00e9orgie occidentale situ\u00e9e dans le cours moyen et sup\u00e9rieur de la rivi\u00e8re Rioni. \u00c0 la fin de l&rsquo;Antiquit\u00e9 et au Moyen \u00c2ge, le royaume d&rsquo;Egrissi \u00e9tait situ\u00e9 sur le territoire de l&rsquo;Im\u00e9r\u00e9thie. pays depuis l&rsquo;Antiquit\u00e9. Des faits int\u00e9ressants [&hellip;]<\/p>\n","protected":false},"author":1,"featured_media":0,"parent":0,"menu_order":0,"comment_status":"closed","ping_status":"closed","template":"","meta":{"footnotes":""},"class_list":["post-13707","page","type-page","status-publish","hentry"],"_links":{"self":[{"href":"https:\/\/georgiavoyage.ge\/fr\/wp-json\/wp\/v2\/pages\/13707","targetHints":{"allow":["GET"]}}],"collection":[{"href":"https:\/\/georgiavoyage.ge\/fr\/wp-json\/wp\/v2\/pages"}],"about":[{"href":"https:\/\/georgiavoyage.ge\/fr\/wp-json\/wp\/v2\/types\/page"}],"author":[{"embeddable":true,"href":"https:\/\/georgiavoyage.ge\/fr\/wp-json\/wp\/v2\/users\/1"}],"replies":[{"embeddable":true,"href":"https:\/\/georgiavoyage.ge\/fr\/wp-json\/wp\/v2\/comments?post=13707"}],"version-history":[{"count":0,"href":"https:\/\/georgiavoyage.ge\/fr\/wp-json\/wp\/v2\/pages\/13707\/revisions"}],"wp:attachment":[{"href":"https:\/\/georgiavoyage.ge\/fr\/wp-json\/wp\/v2\/media?parent=13707"}],"curies":[{"name":"wp","href":"https:\/\/api.w.org\/{rel}","templated":true}]}}