{"id":13756,"date":"2024-08-20T15:29:52","date_gmt":"2024-08-20T15:29:52","guid":{"rendered":"https:\/\/georgiavoyage.web-reflection.com\/mtskheta-mtianeti-region\/"},"modified":"2025-01-17T03:53:26","modified_gmt":"2025-01-17T03:53:26","slug":"mtskheta-mtianeti-region","status":"publish","type":"page","link":"https:\/\/georgiavoyage.ge\/fr\/mtskheta-mtianeti-region\/","title":{"rendered":"MTSKH\u00c9TA -MTIAN\u00c9TIE"},"content":{"rendered":"\t\t<div data-elementor-type=\"wp-page\" data-elementor-id=\"13756\" class=\"elementor elementor-13756 elementor-13742\">\n\t\t\t\t<div class=\"elementor-element elementor-element-a3db806 blogi e-flex e-con-boxed e-con e-parent\" data-id=\"a3db806\" data-element_type=\"container\" data-settings=\"{&quot;background_background&quot;:&quot;classic&quot;}\">\n\t\t\t\t\t<div class=\"e-con-inner\">\n\t\t<div class=\"elementor-element elementor-element-242f925 e-con-full e-flex e-con e-child\" data-id=\"242f925\" data-element_type=\"container\">\n\t\t\t\t<div class=\"elementor-element elementor-element-b9818e8 elementor-widget elementor-widget-heading\" data-id=\"b9818e8\" data-element_type=\"widget\" data-widget_type=\"heading.default\">\n\t\t\t\t<div class=\"elementor-widget-container\">\n\t\t\t\t\t<h5 class=\"elementor-heading-title elementor-size-default\">R\u00e9gion de Mtskh\u00e9ta-Mtian\u00e9tie <\/h5>\t\t\t\t<\/div>\n\t\t\t\t<\/div>\n\t\t\t\t<div class=\"elementor-element elementor-element-f4e0191 elementor-widget elementor-widget-image\" data-id=\"f4e0191\" data-element_type=\"widget\" data-widget_type=\"image.default\">\n\t\t\t\t<div class=\"elementor-widget-container\">\n\t\t\t\t\t\t\t\t\t\t\t\t\t\t\t<img fetchpriority=\"high\" decoding=\"async\" width=\"800\" height=\"431\" src=\"https:\/\/georgiavoyage.ge\/wp-content\/uploads\/2024\/08\/Mtskheta-Mtianeti-region.jpg\" class=\"attachment-large size-large wp-image-13747\" alt=\"Region of Mtskheta Mtianeti\" srcset=\"https:\/\/georgiavoyage.ge\/wp-content\/uploads\/2024\/08\/Mtskheta-Mtianeti-region.jpg 800w, https:\/\/georgiavoyage.ge\/wp-content\/uploads\/2024\/08\/Mtskheta-Mtianeti-region-300x162.jpg 300w, https:\/\/georgiavoyage.ge\/wp-content\/uploads\/2024\/08\/Mtskheta-Mtianeti-region-768x414.jpg 768w, https:\/\/georgiavoyage.ge\/wp-content\/uploads\/2024\/08\/Mtskheta-Mtianeti-region-600x323.jpg 600w\" sizes=\"(max-width: 800px) 100vw, 800px\" \/>\t\t\t\t\t\t\t\t\t\t\t\t\t\t\t<\/div>\n\t\t\t\t<\/div>\n\t\t\t\t<div class=\"elementor-element elementor-element-c68d262 elementor-widget elementor-widget-text-editor\" data-id=\"c68d262\" data-element_type=\"widget\" data-widget_type=\"text-editor.default\">\n\t\t\t\t<div class=\"elementor-widget-container\">\n\t\t\t\t\t\t\t\t\t<h5><span style=\"text-decoration: underline;\"><em>Mtskh\u00e9ta &#8211; Mtian\u00e9tie<\/em><\/span><\/h5><h6><em><u>Mtskh\u00e9ta-Mtian\u00e9tie<\/u><\/em> <em><u>(G\u00e9orgien: <\/u><\/em><em><u>\u10db\u10ea\u10ee\u10d4\u10d7\u10d0<\/u><\/em><em><u>&#8211;<\/u><\/em><em><u>\u10db\u10d7\u10d8\u10d0\u10dc\u10d4\u10d7\u10d8<\/u><\/em><em><u>)- une division administrative et territoriale moderne de l&rsquo;est de la G\u00e9orgie. L&rsquo;une des r\u00e9gions les plus pittoresques et diversifi\u00e9es du pays. Les sommets enneig\u00e9s du Grand Caucase, hauts de 3 500 et 5 000 m, les cols de montagne, les gorges magnifiques, les lacs isol\u00e9s et les vall\u00e9es alpines rendent cette terre d&rsquo;une beaut\u00e9 fabuleuse encore plus attrayante. Les majestueuses montagnes du Caucase descendent abruptement dans la vall\u00e9e de la rivi\u00e8re Aragvi, cr\u00e9ant un paysage unique d&rsquo;une beaut\u00e9 in\u00e9gal\u00e9e. La r\u00e9gion abrite la route militaire g\u00e9orgienne, d&rsquo;une beaut\u00e9 unique, qui reliait historiquement la G\u00e9orgie et tout le Caucase du Sud au Caucase du Nord. La r\u00e9gion de Mtskheta-Mtianeti, qui a toujours d\u00e9fendu avec constance les fronti\u00e8res nord du pays, reste la protectrice des relations de bon voisinage qui se sont d\u00e9velopp\u00e9es au fil des si\u00e8cles.<\/u><\/em><\/h6><h6><em><u>La r\u00e9gion occupe les territoires de plusieurs r\u00e9gions historiques de G\u00e9orgie : Ertso-Tian\u00e9tie, Mtioul\u00e9tie, Khevi, Khevsour\u00e9tie, Pchavi et la partie orientale de la Kartlie int\u00e9rieure. Le mot Mtian\u00e9tie vient du g\u00e9orgien \u00abMta\u00bb (montagne g\u00e9orgienne) et signifie partie montagneuse. Ainsi, les zones restantes sont incluses dans la partie montagneuse, qui commence \u00e0 Doucheti et se poursuit \u00e0 l&rsquo;extr\u00eame nord, dans les montagnes du Caucase. Historiquement, une telle division r\u00e9gionale n\u2019existait pas. Mtskh\u00e9ta \u00e9tait une capitale distincte et Mtian\u00e9tie \u00e9tait une unit\u00e9 ind\u00e9pendante, comme l&rsquo;\u00e9taient d&rsquo;autres r\u00e9gions montagneuses. Mais en raison de leur proximit\u00e9, ils entretenaient des relations politiques et strat\u00e9giques \u00e9troites. En plus de ces relations, la route du nord \u00e9tait contr\u00f4l\u00e9e par les efforts de ces deux r\u00e9gions depuis l&rsquo;\u00e9poque du royaume ib\u00e9rique.<\/u><\/em><\/h6><h5><em><u>Mtskh\u00e9ta<\/u><\/em><\/h5><h6><em><u>La ville de Mtskh\u00e9ta (G\u00e9orgien: <\/u><\/em><em><u>\u10db\u10ea\u10ee\u10d4\u10d7\u10d0<\/u><\/em><em><u>) &#8211; le centre administratif de la r\u00e9gion. L&rsquo;ancienne capitale du pays et le berceau de la civilisation g\u00e9orgienne. Les plus anciennes implantations \u00e0 Mtskh\u00e9ta remontent au d\u00e9but et au milieu de l&rsquo;\u00e2ge du bronze (3e-2e mill\u00e9naire avant J.-C.). Son emplacement avantageux au c\u0153ur des routes commerciales internationales, sur les rives des rivi\u00e8res Aragvi et Mtkvari (Koura), a contribu\u00e9 au d\u00e9veloppement global de la ville. Mtskh\u00e9ta n&rsquo;\u00e9tait pas seulement le centre politique du pays, mais aussi un lieu qui peut \u00eatre consid\u00e9r\u00e9 comme le berceau du christianisme g\u00e9orgien et le foyer religieux de la G\u00e9orgie.<\/u><\/em><\/h6><h5><em><u>Principales attractions \u00e0 Mtskh\u00e9ta-Mtian\u00e9tie:<\/u><\/em><\/h5><h6><em><u>Monast\u00e8re de Djvari<\/u><\/em><\/h6><h6><em><u>Monast\u00e8re de Djvari (G\u00e9orgien: <\/u><\/em><em><u>\u10ef\u10d5\u10e0\u10d8\u10e1<\/u><\/em> <em><u>\u10db\u10dd\u10dc\u10d0\u10e1\u10e2\u10d4\u10e0\u10d8<\/u><\/em><em><u>) &#8211;<\/u><\/em> <em><u>Au sommet de la montagne au-dessus de l&rsquo;ancienne capitale de l&rsquo;Ib\u00e9rie, la ville de Mtskh\u00e9ta, o\u00f9 les rivi\u00e8res Koura et Aragvi se confondent, s&rsquo;\u00e9l\u00e8ve le monast\u00e8re de Djvari (croix) &#8211; o\u00f9, selon des sources historiques, sainte Nino, \u00e9gale aux ap\u00f4tres, a \u00e9rig\u00e9 la croix. Djvari &#8211; en termes de perfection de ses formes architecturales, c&rsquo;est l&rsquo;un des chefs-d&rsquo;\u0153uvre de l&rsquo;architecture. Construite au sommet d&rsquo;un massif rocheux, l&rsquo;\u00e9glise constitue son ach\u00e8vement organique et le centre de tout le paysage environnant. Djvari est inscrite sur la liste du patrimoine mondial de l&rsquo;UNESCO.<\/u><\/em><\/h6><h6><em><u>Cath\u00e9drale de Svetitskhoveli<\/u><\/em><\/h6><h6><em><u>Cath\u00e9drale de Svetitskhoveli (G\u00e9orgien: <\/u><\/em><em><u>\u10e1\u10d5\u10d4\u10e2\u10d8\u10ea\u10ee\u10dd\u10d5\u10d4\u10da\u10d8<\/u><\/em><em><u>) &#8211; Dans la vall\u00e9e sacr\u00e9e o\u00f9 les rivi\u00e8res Koura et Aragvi se confondent, dans la capitale historique du Royaume d&rsquo;Ib\u00e9rie &#8211; Mtskh\u00e9ta, se trouve l&rsquo;ancienne cath\u00e9drale orthodoxe Svetitskhoveli, qui est depuis mille ans la cath\u00e9drale principale et le symbole spirituel de la G\u00e9orgie, o\u00f9 se d\u00e9roulent les couronnements et des enterrements de rois avaient lieu. Parmi les structures historiques survivantes, Svetitskhoveli est la plus grande de G\u00e9orgie. Pendant des si\u00e8cles, elle a \u00e9t\u00e9 le centre de la G\u00e9orgie chr\u00e9tienne. La cath\u00e9drale de Svetitskhoveli est class\u00e9e au patrimoine mondial de l&rsquo;UNESCO.<\/u><\/em><\/h6><h6><em><u>Monast\u00e8re de Zedazeni<\/u><\/em><\/h6><h6><em><u>Monast\u00e8re de Zedazeni (G\u00e9orgien: \u10d6\u10d4\u10d3\u10d0\u10d6\u10dc\u10d8\u10e1 \u10db\u10dd\u10dc\u10d0\u10e1\u10e2\u10d4\u10e0\u10d8) &#8211; Le complexe monastique est devenu un symbole de la transition des anciennes croyances pa\u00efennes au christianisme, et son histoire t\u00e9moigne de la transformation des refuges spirituels en G\u00e9orgie. Le monast\u00e8re est situ\u00e9 dans un cadre naturel pittoresque, avec une vue imprenable sur les montagnes et les for\u00eats environnantes. L&rsquo;ascension jusqu&rsquo;\u00e0 1 170 m\u00e8tres d&rsquo;altitude offre des vues incroyables et des opportunit\u00e9s de randonn\u00e9e et de photographie.<\/u><\/em><\/h6><h6><em><u>Monast\u00e8re de Samtavro<\/u><\/em><\/h6><h6><em><u>Monast\u00e8re de Samtavro (G\u00e9orgien: \u10e1\u10d0\u10db\u10d7\u10d0\u10d5\u10e0\u10dd\u10e1 \u10db\u10dd\u10dc\u10d0\u10e1\u10e2\u10d4\u10e0\u10d8) &#8211; Le monast\u00e8re est associ\u00e9 \u00e0 la vie et \u00e0 l&rsquo;\u0153uvre de Sainte Nino et est consid\u00e9r\u00e9 comme un lieu miraculeux. Traduit, cela signifie \u00abterritoire royal\u00bb. C&rsquo;est un centre religieux important et le lieu de s\u00e9pulture des premiers dirigeants chr\u00e9tiens de G\u00e9orgie \u2013 le roi Mirian et la reine Nana. Le temple principal, la cath\u00e9drale de la Transfiguration, est une structure en forme de d\u00f4me crois\u00e9 avec un ornement unique qui n&rsquo;a pas d&rsquo;analogues dans l&rsquo;architecture g\u00e9orgienne.<\/u><\/em><\/h6><h6><em><u>Monast\u00e8re de Chiomgvim\u00e9<\/u><\/em><\/h6><h6><em><u>Monast\u00e8re de Chiomgvim\u00e9 (G\u00e9orgien: \u10e8\u10d8\u10dd-\u10db\u10e6\u10d5\u10d8\u10db\u10d8\u10e1 \u10db\u10dd\u10dc\u10d0\u10e1\u10e2\u10d4\u10e0\u10d8) &#8211; L&rsquo;histoire du monast\u00e8re s&rsquo;\u00e9tend sur plus de 14 si\u00e8cles, commen\u00e7ant dans la seconde moiti\u00e9 du 6e si\u00e8cle, lorsque saint Chio, l&rsquo;un des P\u00e8res assyriens, fonda ce lieu saint. Ses murs renferment des secrets mill\u00e9naires, nous transmettant la sagesse et la foi de nos anc\u00eatres. L&rsquo;architecture majestueuse du monast\u00e8re refl\u00e8te l&rsquo;habilet\u00e9 et le talent des ma\u00eetres anciens, et son environnement, impr\u00e9gn\u00e9 de mysticisme et de silence, encourage la m\u00e9ditation et la contemplation int\u00e9rieure.<\/u><\/em><\/h6><h6><em><u>Armaztsikh\u00e9 (Bagin\u00e9tie)<\/u><\/em><\/h6><h6><em><u>Armaztsikh\u00e9 (Bagineti) (G\u00e9orgien: \u10d0\u10e0\u10db\u10d0\u10d6\u10ea\u10d8\u10ee\u10d4 (\u10d1\u10d0\u10d2\u10d8\u10dc\u10d4\u10d7\u10d8)) -Sur le chemin de la ville, sur un cap de montagne, d&rsquo;o\u00f9 s&rsquo;ouvre une vue panoramique sur Mtskh\u00e9ta, l&rsquo;acropole d&rsquo;Armaztsikh\u00e9 a \u00e9t\u00e9 construite, aujourd&rsquo;hui appel\u00e9e Bagin\u00e9ti e- la r\u00e9sidence des dirigeants du royaume de Kartlie (1er si\u00e8cle avant JC &#8211; 8e si\u00e8cle apr\u00e8s JC). Les murs de l&rsquo;acropole, dot\u00e9s de tours quadrangulaires et de contreforts qui suivaient le relief, dessinaient une figure irr\u00e9guli\u00e8re en plan, \u00e9taient \u00e9rig\u00e9s directement sur le rocher dans un sillon creus\u00e9.<\/u><\/em><\/h6><h6><em><u>Ensemble architectural d\u2019Ananouri<\/u><\/em><\/h6><h6><em><u>Ensemble architectural d&rsquo;Ananouri (G\u00e9orgien: \u10d0\u10dc\u10d0\u10dc\u10e3\u10e0\u10d8\u10e1 \u10d0\u10e0\u10e5\u10d8\u10e2\u10d4\u10e5\u10e2\u10dd\u10e0\u10e3\u10da\u10d8 \u10d0\u10dc\u10e1\u10d0\u10db\u10d1\u10da\u10d8) &#8211; \u00a0L&rsquo;ensemble architectural est l&rsquo;un des plus beaux monuments de la G\u00e9orgie f\u00e9odale tardive. Les b\u00e2timents d&rsquo;Ananouri, contrairement \u00e0 d&rsquo;autres structures similaires, sont parfaitement conserv\u00e9s, et c&rsquo;est cette caract\u00e9ristique qui suscite l&rsquo;int\u00e9r\u00eat des touristes et des historiens pour la forteresse. La forteresse d&rsquo;Ananouri a \u00e9t\u00e9 construite sur la rive pittoresque du r\u00e9servoir de Jinvali, \u00e0 l&rsquo;endroit o\u00f9 la rivi\u00e8re Aragvi s&rsquo;y jette. De l\u2019autre c\u00f4t\u00e9 se trouve la route militaire g\u00e9orgienne. L&rsquo;ensemble architectural se d\u00e9tache magnifiquement sur le fond verdoyant des for\u00eats environnantes.<\/u><\/em><\/h6><h6><em><u>Station de ski de Goudaouri<\/u><\/em><\/h6><h6><em><u>Station de ski de Goudaouri (G\u00e9orgien: \u10d9\u10e3\u10e0\u10dd\u10e0\u10e2\u10d8 \u10d2\u10e3\u10d3\u10d0\u10e3\u10e0\u10d8) &#8211; La station de ski est situ\u00e9e sur les pentes sud du Grand Caucase, dans la zone alpine, qui impressionne par la beaut\u00e9 et la puissance des immenses montagnes. Le relief g\u00e9ologique et les conditions climatiques uniques permettent de profiter du soleil tout au long de la journ\u00e9e. La station offre des possibilit\u00e9s illimit\u00e9es aux skieurs et des skis de haute qualit\u00e9. La saison de ski dure de la deuxi\u00e8me quinzaine de d\u00e9cembre \u00e0 mai, p\u00e9riode durant laquelle il est possible de skier confortablement sur toutes les pistes.<\/u><\/em><\/h6><h6><em><u>Vall\u00e9e de Sno<\/u><\/em><\/h6><h6><em><u>Vall\u00e9e de Sno (G\u00e9orgien: \u10e1\u10dc\u10dd\u10e1 \u10ee\u10d4\u10dd\u10d1\u10d0) &#8211; L&rsquo;une des r\u00e9gions les plus appr\u00e9ci\u00e9es des amateurs de randonn\u00e9es p\u00e9destres et \u00e9questres \u00e0 travers une nature intacte et de vieux villages occasionnels. La vall\u00e9e de Sno, qui s&rsquo;\u00e9tend vers le sud-est, se situe entre les cr\u00eates du Caucase et se termine par le tr\u00e8s beau massif du Chaoukhi. La rivi\u00e8re Snostskali, premier grand affluent droit de la Tergui (Terek), coule au fond de la vall\u00e9e. En empruntant un sentier \u00e9troit, vous pouvez vous retrouver dans une autre partie du Caucase \u2013 dans la r\u00e9gion de Khevsour\u00e9tie.<\/u><\/em><\/h6><h6><em><u>Forteresse Sno<\/u><\/em><\/h6><h6><em><u>Forteresse de Sno (G\u00e9orgien: \u10e1\u10dc\u10dd\u10e1 \u10ea\u10d8\u10ee\u10d4) &#8211; La forteresse occupe une place particuli\u00e8re parmi les forteresses g\u00e9orgiennes. Elle poss\u00e8de tous les \u00e9l\u00e9ments caract\u00e9ristiques des b\u00e2timents fortifi\u00e9s. La forteresse a \u00e9t\u00e9 construite sur la rive droite de la rivi\u00e8re Sno, sur une colline rocheuse s\u00e9par\u00e9e en plein milieu du village. La forteresse est entour\u00e9e d&rsquo;un mur de pierre presque circulaire, et au milieu se trouve une tour en forme de pyramide. La forteresse fermait cette gorge, d&rsquo;o\u00f9 l&rsquo;on pouvait traverser vers Khevsour\u00e9tie, Pchavi et Mtioul\u00e9tie par des itin\u00e9raires complexes mais courts.<\/u><\/em><\/h6><h6><em><u>Vall\u00e9e de Trousso<\/u><\/em><\/h6><h6><em><u>Vall\u00e9e de Trousso (G\u00e9orgien: \u10d7\u10e0\u10e3\u10e1\u10dd\u10e1 \u10ee\u10d4\u10dd\u10d1\u10d0) &#8211; La vall\u00e9e \u00e9tonne les visiteurs par sa nature magnifique. L&rsquo;air le plus pur de la montagne et l&rsquo;absence de bruits parasites font que la r\u00e9alit\u00e9 environnante semble au premier abord \u00eatre une illusion. Les falaises abruptes s&rsquo;\u00e9l\u00e8vent \u00e0 une hauteur insondable, sur leur arri\u00e8re-plan les collines vertes brillent d&rsquo;argent, descendant vers la plaine, travers\u00e9e par le bras brillant du Tergui orageux. Cette r\u00e9gion est riche en sources min\u00e9rales qui coulent sur les rochers, changeant leur couleur.<\/u><\/em><\/h6><h6><em><u>Village Djouta<\/u><\/em><\/h6><h6><em><u>Village de Juta (G\u00e9orgien: \u10e1\u10dd\u10e4\u10d4\u10da\u10d8 \u10ef\u10e3\u10d7\u10d0) &#8211; C&rsquo;est le deuxi\u00e8me plus grand lieu habit\u00e9 en permanence d&rsquo;Europe (2100 m d&rsquo;altitude), entour\u00e9 de sommets magnifiques. En raison de la neige, le village est coup\u00e9 du reste du monde pendant 6 mois de l&rsquo;ann\u00e9e. C&rsquo;est l&rsquo;un des endroits les plus remarquables de G\u00e9orgie pour les amateurs de trekking. Ici commence l&rsquo;ascension vers les pentes rocheuses de la cr\u00eate Chaukhi (2580 m), visible tout au long du parcours. Les visiteurs peuvent profiter de belles vues sur les montagnes environnantes.<\/u><\/em><\/h6><h6><em><u>Sameba de Guergueti<\/u><\/em><\/h6><h6><em><u>Sameba de Guergueti<\/u><\/em> <em><u>(G\u00e9orgien: \u10d2\u10d4\u10e0\u10d2\u10d4\u10d7\u10d8\u10e1 \u10e1\u10d0\u10db\u10d4\u10d1\u10d0) &#8211; L&rsquo;\u00e9glise est situ\u00e9e \u00e0 une altitude de 2200 m\u00e8tres, non loin du mont Kazbegui, dans le village de Guergueti. C&rsquo;est un endroit vraiment incroyable. Et la combinaison inhabituelle de verdure, de neige et de pierres anciennes est tout simplement un spectacle fabuleux qui vaut vraiment la peine d&rsquo;\u00eatre vu pour tout le monde. Il n\u2019est pas si facile de voir le temple depuis le sol \u2013 il est presque toujours cach\u00e9 par les nuages <\/u><\/em><em><u>\u200b\u200b<\/u><\/em><em><u>qui le surplombent. Depuis la plate-<\/u><\/em><em><u>forme d&rsquo;observation du majestueux temple, une vue magnifique sur le pic Kazbegui et les glaciers s&rsquo;ouvre.<\/u><\/em><\/h6><h6><em><u>Mont de Kazbegui<\/u><\/em><\/h6><h6><em><u>Mont de Kazbegui (G\u00e9orgien: \u10db\u10e7\u10d8\u10dc\u10d5\u10d0\u10e0\u10ec\u10d5\u10d4\u10e0\u10d8) &#8211; Appel\u00e9 \u00abMkinvartsveri\u00bb (pic de glace) en G\u00e9orgie, c&rsquo;est l&rsquo;un des plus hauts sommets de la cha\u00eene du Caucase (5047 m d&rsquo;altitude). Le mythe grec de Prom\u00e9th\u00e9e est associ\u00e9 \u00e0 ce sommet. Il a \u00e9t\u00e9 encha\u00een\u00e9 ici pour avoir donn\u00e9 du feu aux gens, qu&rsquo;il a vol\u00e9 aux dieux. Selon l&rsquo;une des l\u00e9gendes chr\u00e9tiennes, la cr\u00e8che du Christ \u00e9tait conserv\u00e9e sur la montagne. La croyance populaire dit qu&rsquo;ils sont encore cach\u00e9s quelque part ici \u00e0 ce jour.<\/u><\/em><\/h6><h6><em><u>Passe de Darial<\/u><\/em><\/h6><h6><em><u>Passe de Darial<\/u><\/em> <em><u>(G\u00e9orgien: \u10d3\u10d0\u10e0\u10d8\u10d0\u10da\u10d8\u10e1 \u10ee\u10d4\u10dd\u10d1\u10d0) &#8211; Situ\u00e9e entre la ville de Kazbegui et la fronti\u00e8re g\u00e9orgienne-russe, c&rsquo;est l&rsquo;une des gorges les plus impressionnantes le long de la rivi\u00e8re Tergui. Un paradis rocheux et une autre merveille naturelle avec des paysages \u00e9tonnants de rivi\u00e8res de montagne et de cascades. Les gorges de Darial\u00a0 \u00e9taient appel\u00e9es la \u00abporte du Caucase\u00bb par les anciens g\u00e9ographes, ce qui avait une grande importance militaire et g\u00e9ographique. Elle reliait le Caucase du Nord et le Caucase du Sud, m\u00eame si pendant de nombreux si\u00e8cles la gorge \u00e9tait assez difficile \u00e0 parcourir.<\/u><\/em><\/h6><h6><em><u>Cascade de Gveleti<\/u><\/em><\/h6><h6><em><u>Cascade de Gveleti (G\u00e9orgien: \u10d2\u10d5\u10d4\u10da\u10d4\u10d7\u10d8\u10e1 \u10e9\u10d0\u10dc\u10e9\u10e5\u10d4\u10e0\u10d8) &#8211; La cascade \u00e9tonne par sa beaut\u00e9 et sa grandeur. un v\u00e9ritable tr\u00e9sor naturel de G\u00e9orgie qui laissera des souvenirs inoubliables. Le bruit de l\u2019eau qui tombe, l\u2019air frais et la nature environnante cr\u00e9ent une atmosph\u00e8re incroyablement apaisante. C&rsquo;est l&rsquo;endroit id\u00e9al pour oublier les soucis du quotidien et s&rsquo;immerger dans la splendeur naturelle. Une belle nature intacte, des prairies luxuriantes et un air cristallin font de cet endroit un endroit sp\u00e9cial qui m\u00e9rite d&rsquo;\u00eatre visit\u00e9.<\/u><\/em><\/h6><h6><span style=\"color: #0000ff;\"><em><u><span style=\"color: #ff0000;\">*<\/span>La \u00a0liste compl\u00e8te des attractions de la r\u00e9gion est pr\u00e9sent\u00e9e dans la section <span style=\"color: #ff0000;\">&#8211; <\/span><\/u><\/em><span style=\"color: #ff0000;\"><em><u>Sites.<\/u><\/em><\/span><\/span><\/h6>\t\t\t\t\t\t\t\t<\/div>\n\t\t\t\t<\/div>\n\t\t\t\t<\/div>\n\t\t\t\t\t<\/div>\n\t\t\t\t<\/div>\n\t\t\t\t<\/div>\n\t\t","protected":false},"excerpt":{"rendered":"<p>R\u00e9gion de Mtskh\u00e9ta-Mtian\u00e9tie Mtskh\u00e9ta &#8211; Mtian\u00e9tie Mtskh\u00e9ta-Mtian\u00e9tie (G\u00e9orgien: \u10db\u10ea\u10ee\u10d4\u10d7\u10d0&#8211;\u10db\u10d7\u10d8\u10d0\u10dc\u10d4\u10d7\u10d8)- une division administrative et territoriale moderne de l&rsquo;est de la G\u00e9orgie. L&rsquo;une des r\u00e9gions les plus pittoresques et diversifi\u00e9es du pays. Les sommets enneig\u00e9s du Grand Caucase, hauts de 3 500 et 5 000 m, les cols de montagne, les gorges magnifiques, les lacs isol\u00e9s et [&hellip;]<\/p>\n","protected":false},"author":1,"featured_media":0,"parent":0,"menu_order":0,"comment_status":"closed","ping_status":"closed","template":"","meta":{"footnotes":""},"class_list":["post-13756","page","type-page","status-publish","hentry"],"_links":{"self":[{"href":"https:\/\/georgiavoyage.ge\/fr\/wp-json\/wp\/v2\/pages\/13756","targetHints":{"allow":["GET"]}}],"collection":[{"href":"https:\/\/georgiavoyage.ge\/fr\/wp-json\/wp\/v2\/pages"}],"about":[{"href":"https:\/\/georgiavoyage.ge\/fr\/wp-json\/wp\/v2\/types\/page"}],"author":[{"embeddable":true,"href":"https:\/\/georgiavoyage.ge\/fr\/wp-json\/wp\/v2\/users\/1"}],"replies":[{"embeddable":true,"href":"https:\/\/georgiavoyage.ge\/fr\/wp-json\/wp\/v2\/comments?post=13756"}],"version-history":[{"count":0,"href":"https:\/\/georgiavoyage.ge\/fr\/wp-json\/wp\/v2\/pages\/13756\/revisions"}],"wp:attachment":[{"href":"https:\/\/georgiavoyage.ge\/fr\/wp-json\/wp\/v2\/media?parent=13756"}],"curies":[{"name":"wp","href":"https:\/\/api.w.org\/{rel}","templated":true}]}}