{"id":13776,"date":"2024-08-20T16:25:09","date_gmt":"2024-08-20T16:25:09","guid":{"rendered":"https:\/\/georgiavoyage.web-reflection.com\/racha-lechkhumi-region\/"},"modified":"2025-01-17T05:30:49","modified_gmt":"2025-01-17T05:30:49","slug":"racha-lechkhumi-region","status":"publish","type":"page","link":"https:\/\/georgiavoyage.ge\/fr\/racha-lechkhumi-region\/","title":{"rendered":"RATCHA -LECHKHOUMIE"},"content":{"rendered":"\t\t<div data-elementor-type=\"wp-page\" data-elementor-id=\"13776\" class=\"elementor elementor-13776 elementor-13745\">\n\t\t\t\t<div class=\"elementor-element elementor-element-a3db806 blogi e-flex e-con-boxed e-con e-parent\" data-id=\"a3db806\" data-element_type=\"container\" data-settings=\"{&quot;background_background&quot;:&quot;classic&quot;}\">\n\t\t\t\t\t<div class=\"e-con-inner\">\n\t\t<div class=\"elementor-element elementor-element-242f925 e-con-full e-flex e-con e-child\" data-id=\"242f925\" data-element_type=\"container\">\n\t\t\t\t<div class=\"elementor-element elementor-element-b9818e8 elementor-widget elementor-widget-heading\" data-id=\"b9818e8\" data-element_type=\"widget\" data-widget_type=\"heading.default\">\n\t\t\t\t<div class=\"elementor-widget-container\">\n\t\t\t\t\t<h5 class=\"elementor-heading-title elementor-size-default\">R\u00e9gion de Ratcha-Letchkhoumie<\/h5>\t\t\t\t<\/div>\n\t\t\t\t<\/div>\n\t\t\t\t<div class=\"elementor-element elementor-element-f4e0191 elementor-widget elementor-widget-image\" data-id=\"f4e0191\" data-element_type=\"widget\" data-widget_type=\"image.default\">\n\t\t\t\t<div class=\"elementor-widget-container\">\n\t\t\t\t\t\t\t\t\t\t\t\t\t\t\t<img fetchpriority=\"high\" decoding=\"async\" width=\"800\" height=\"431\" src=\"https:\/\/georgiavoyage.ge\/wp-content\/uploads\/2024\/08\/Racha-Lechkhumi-region.png\" class=\"attachment-large size-large wp-image-13767\" alt=\"Region of Racha-Lechkhumi\" srcset=\"https:\/\/georgiavoyage.ge\/wp-content\/uploads\/2024\/08\/Racha-Lechkhumi-region.png 800w, https:\/\/georgiavoyage.ge\/wp-content\/uploads\/2024\/08\/Racha-Lechkhumi-region-300x162.png 300w, https:\/\/georgiavoyage.ge\/wp-content\/uploads\/2024\/08\/Racha-Lechkhumi-region-768x414.png 768w, https:\/\/georgiavoyage.ge\/wp-content\/uploads\/2024\/08\/Racha-Lechkhumi-region-600x323.png 600w\" sizes=\"(max-width: 800px) 100vw, 800px\" \/>\t\t\t\t\t\t\t\t\t\t\t\t\t\t\t<\/div>\n\t\t\t\t<\/div>\n\t\t\t\t<div class=\"elementor-element elementor-element-c68d262 elementor-widget elementor-widget-text-editor\" data-id=\"c68d262\" data-element_type=\"widget\" data-widget_type=\"text-editor.default\">\n\t\t\t\t<div class=\"elementor-widget-container\">\n\t\t\t\t\t\t\t\t\t<h5><em><u>Ratcha-Letchkhoumie<\/u><\/em><\/h5><h6><em><u>Ratcha \u2013 Letchkhoumie (G\u00e9orgien: \u10e0\u10d0\u10ed\u10d0 &#8211; \u10da\u10d4\u10e9\u10ee\u10e3\u10db\u10d8) &#8211; R\u00e9gion historique et division administrative-territoriale moderne en G\u00e9orgie occidentale. La r\u00e9gion, souvent appel\u00e9e la Suisse g\u00e9orgienne, est situ\u00e9e au centre m\u00eame du pays, au pied et sur les pentes des montagnes du Caucase. Le caract\u00e8re unique de Ratcha-Letchkhoumie est d\u00e9termin\u00e9 non seulement par son excellente situation g\u00e9ographique, mais aussi par sa flore et sa faune riches et diversifi\u00e9es. Des sommets gris enneig\u00e9s, des prairies alpines, des for\u00eats et les animaux et oiseaux qui y vivent. C&rsquo;est ici que se trouvent les cours moyen et sup\u00e9rieur des deux plus grands fleuves de l&rsquo;ouest de la G\u00e9orgie, le Rioni et le Tskhenistskali. Les deux rivi\u00e8res, par endroits, traversent des canyons grandioses. La r\u00e9gion poss\u00e8de un grand nombre de grottes, de canyons, de rivi\u00e8res propres et de cascades regorgeant de poissons, de magnifiques r\u00e9servoirs et de lacs. Il existe de nombreuses eaux min\u00e9rales diff\u00e9rentes, et certaines d&rsquo;entre elles forment de v\u00e9ritables geysers.<\/u><\/em><\/h6><h6><em><u>Ce territoire \u00e9tait habit\u00e9 d\u00e8s l\u2019\u00e2ge de pierre. Un \u00e9tablissement m\u00e9solithique a \u00e9t\u00e9 d\u00e9couvert dans l\u2019une des grottes. Des tumulus contenant d&rsquo;anciennes couches culturelles datant de l&rsquo;\u00e2ge du bronze jusqu&rsquo;au d\u00e9but de l&rsquo;Antiquit\u00e9 ont \u00e9t\u00e9 d\u00e9couverts. L&rsquo;une des d\u00e9couvertes arch\u00e9ologiques, le \u00ab Tr\u00e9sor de Tsager \u00bb, remonte aux XIe-IXe si\u00e8cles av. J.-C. Au <\/u><\/em><em><u>VI<\/u><\/em> <em><u>e si\u00e8cle avant J.C. De l&rsquo;argent \u00e9tait d\u00e9j\u00e0 frapp\u00e9 ici : le Kolkhouri Tetri en argent. Dans l&rsquo;Antiquit\u00e9, le territoire de Ratcha-Letchkhoumie faisait partie du puissant royaume d&rsquo;Egrissi. Les vins de la r\u00e9gion de Ratcha-Letchkhoumie ont une histoire particuli\u00e8re. C&rsquo;est ici que sont produits les vins les plus chers de G\u00e9orgie. Quiconque visite au moins une fois ce magnifique coin de G\u00e9orgie et go\u00fbte les vins locaux &#8211; \u00abKhvanchkara\u00bb, \u00abAleksandreouli\u00bb ou \u00abOdjaleschi\u00bb &#8211; sentira imm\u00e9diatement qu&rsquo;il est dans un pays appel\u00e9 le berceau du vin. Le vin \u00abKhvanchkara\u00bb, produit dans le village du m\u00eame nom \u00e0 partir des c\u00e9pages Aleksandreuli et Moudjouretouli, est particuli\u00e8rement populaire.<\/u><\/em><\/h6><h5><em><u>Ambrolaouri<\/u><\/em><\/h5><h6><em><u>La ville d&rsquo;Ambrolaouri (G\u00e9orgien: \u10d0\u10db\u10d1\u10e0\u10dd\u10da\u10d0\u10e3\u10e0\u10d8) &#8211; \u00a0le centre administratif de la r\u00e9gion. L&rsquo;une des villes de montagne de G\u00e9orgie, qui se distingue par sa nature unique et ses monuments historiques \u00e9tonnants. Dans les sources \u00e9crites, Ambrolaouri en tant que colonie est mentionn\u00e9e depuis le XVIIe si\u00e8cle. C&rsquo;\u00e9tait l&rsquo;une des r\u00e9sidences des rois d&rsquo;Im\u00e9r\u00e9thie. Autrefois, il y avait ici un palais royal, et il reste les ruines d&rsquo;une \u00e9glise et d&rsquo;une tour. Il existe de nombreux ch\u00e2teaux et temples m\u00e9di\u00e9vaux dans les environs de la ville. La belle flore, les monuments architecturaux anciens et la culture du centre r\u00e9gional attirent l\u2019attention de nombreux visiteurs. Ici, vous pouvez simultan\u00e9ment vous familiariser avec la belle culture de la r\u00e9gion, visiter des b\u00e2timents m\u00e9di\u00e9vaux uniques et profiter de vues color\u00e9es.<\/u><\/em><\/h6><h5><em><u>Principales attractions \u00e0 Ratcha-Letchkhoumie:<\/u><\/em><\/h5><h6><em><u>Station baln\u00e9aire d&rsquo;Outsera<\/u><\/em><\/h6><h6><em><u>Station baln\u00e9aire d&rsquo; Outsera (G\u00e9orgien: \u10d9\u10e3\u10e0\u10dd\u10e0\u10e2\u10d8 \u10e3\u10ec\u10d4\u10e0\u10d0) &#8211; La station baln\u00e9oclimatique de montagne d&rsquo;Outsera est activement visit\u00e9e par les touristes \u00e0 tout moment de l&rsquo;ann\u00e9e. Le charme principal de la station est sa nature subalpine et ses 28 types d&rsquo;eaux min\u00e9rales naturelles destin\u00e9es \u00e0 la consommation et \u00e0 la baignade. L&rsquo;eau curative est prescrite pour le traitement de diverses maladies. De belles for\u00eats, particuli\u00e8rement color\u00e9es en automne. En plus des montagnes bois\u00e9es, Outsera offre une vue imprenable sur les montagnes et un air aux propri\u00e9t\u00e9s curatives. <\/u><\/em><\/h6><h6><em><u>\u00a0<\/u><\/em><em><u>Station baln\u00e9aire de<\/u><\/em><em><u> Chaori<\/u><\/em><\/h6><h6><em><u>Station baln\u00e9aire<\/u><\/em><em><u> de Chaori (G\u00e9orgien: \u10d9\u10e3\u10e0\u10dd\u10e0\u10e2\u10d8 \u10e8\u10d0\u10dd\u10e0\u10d8) &#8211; Le climat unique de Chaori &#8211; des \u00e9t\u00e9s mod\u00e9r\u00e9ment chauds et de l&rsquo;air frais &#8211; en font une magnifique station baln\u00e9aire. Autour du bassin de Chaori, il existe un grand nombre de dolines et de puits karstiques, de grottes karstiques avec des salles souterraines encore inexplor\u00e9es et un lac karstique souterrain. Les montagnes sont couvertes de bosquets uniques de h\u00eatres et de sapins du Caucase, ainsi que de for\u00eats mixtes de feuillus. En hiver, les pentes abruptes des montagnes couvertes de neige font de la r\u00e9gion une station de sports d&rsquo;hiver attrayante.<\/u><\/em><\/h6><h6><em><u>\u00a0<\/u><\/em><em><u>Station baln\u00e9aire de <\/u><\/em><em><u>Chovi<\/u><\/em><\/h6><h6><em><u>Station baln\u00e9aire de <\/u><\/em><em><u>Chovi (G\u00e9orgien: \u10d9\u10e3\u10e0\u10dd\u10e0\u10e2\u10d8 \u10e8\u10dd\u10d5\u10d8) &#8211; La station s&rsquo;\u00e9tend sur une plaine entour\u00e9e de for\u00eats de conif\u00e8res et mixtes et de sommets \u00e9ternellement enneig\u00e9s. Ici, 16 eaux min\u00e9rales ont \u00e9t\u00e9 \u00e9tudi\u00e9es, chacune d&rsquo;entre elles diff\u00e8re en contenu et est utilis\u00e9e dans le traitement de diverses maladies. La beaut\u00e9 naturelle de Shovi et son eau min\u00e9rale sont connues depuis l&rsquo;Antiquit\u00e9, tant des habitants des r\u00e9gions voisines que des voyageurs. Un endroit int\u00e9ressant pour les amateurs d&rsquo;alpinisme, de ski et de kayak.<\/u><\/em><\/h6><h6><em><u>Colonnes (piliers) de Sairm\u00e9<\/u><\/em><\/h6><h6><em><u>Colonnes (piliers) de Sairm\u00e9 (G\u00e9orgien: \u10e1\u10d0\u10d8\u10e0\u10db\u10d4\u10e1 \u10e1\u10d5\u10d4\u10e2\u10d4\u10d1\u10d8) &#8211; \u00c0 Letchkhoumie se trouve le d\u00e9sert de Sairm\u00e9 et le monument naturel unique qui s&rsquo;y est d\u00e9velopp\u00e9 : les colonnes (piliers) de Sairm\u00e9. Plusieurs massifs rocheux juxtapos\u00e9s ont pris la forme de pyramides. Les g\u00e9ologues appellent ces colonnes un glissement de terrain structurel en blocs. Les rochers ont des formes triangulaires en forme de tour et de corne. Leur hauteur relative atteint plusieurs dizaines de m\u00e8tres. Les rochers servent non seulement d&rsquo;attraction touristique, mais aussi de site d&rsquo;entra\u00eenement \u00e0 l&rsquo;escalade.<\/u><\/em><\/h6><h6><em><u>Canyon de Chkmeri<\/u><\/em><\/h6><h6><em><u>Canyon de Chkmeri<\/u><\/em> <em><u>(G\u00e9orgien: \u10e8\u10e5\u10db\u10d4\u10e0\u10d8\u10e1 \u10d9\u10d0\u10dc\u10d8\u10dd\u10dc\u10d8) &#8211; \u00a0Canyon est situ\u00e9 pr\u00e8s d&rsquo;Outsera et se distingue par ses beaux monuments naturels, o\u00f9 la nature subalpine est id\u00e9alement repr\u00e9sent\u00e9e. Les habitants appellent \u00e9galement ce canyon une vall\u00e9e aveugle. Le canyon de la grotte de Chkmeri fait partie du cours de la rivi\u00e8re Kheori, qui a chang\u00e9 de direction et a disparu dans une grotte. Actuellement, le canyon est presque sec et est aliment\u00e9 par la pluie et le ruissellement. Il y a une grotte dans le canyon, dans laquelle de petits ruisseaux se jettent \u00e0 plusieurs endroits.<\/u><\/em><\/h6><h6><em><u>Lac sans fond (Glola)<\/u><\/em><\/h6><h6><em><u>lac sans fond (Glola) (G\u00e9orgien: \u10e3\u10eb\u10d8\u10e0\u10dd(\u10d2\u10da\u10dd\u10da\u10d0\u10e1) \u10e2\u10d1\u10d0) &#8211; Le plus beau monument naturel se trouve \u00e0 2800 m\u00e8tres d&rsquo;altitude, pr\u00e8s des villages de Glola et Chovi, sur un petit plateau entre les sommets de Katitsvera et Dolomissi. Le lac d&rsquo;origine volcanique est aliment\u00e9 par l&rsquo;eau des glaciers voisins et la montagne Katistsvera \u00e9ternellement enneig\u00e9e. Les montagnes du Caucase se refl\u00e8tent dans l\u2019eau claire du lac. Des for\u00eats denses, un air cristallin et des champs couverts de fleurs ajoutent de la couleur et du confort \u00e0 cet endroit.<\/u><\/em><\/h6><h6><em><u>lacs de Sasvano<\/u><\/em><\/h6><h6><em><u>lacs de Sasvano (G\u00e9orgien: \u10e1\u10d0\u10e1\u10d5\u10d0\u10dc\u10dd\u10e1 \u10e2\u10d1\u10d4\u10d1\u10d8) &#8211; Les lacs sont situ\u00e9s dans la gorge de la rivi\u00e8re Rioni, \u00e0 une altitude de 2680 m\u00e8tres au-dessus du niveau de la mer. Le lac est situ\u00e9 sur une colline avec une belle vue. D&rsquo;ici, on a un panorama magnifique : for\u00eats, prairies et montagnes, le cours sup\u00e9rieur de la rivi\u00e8re Rioni et le glacier d\u2019Edemi. Ces endroits sont presque mystiquement beaux, surtout au coucher du soleil. L&rsquo;air le plus pur des montagnes fait des merveilles. Les montagnes environnantes se refl\u00e8tent comme par magie sur la surface de l\u2019eau.<\/u><\/em><\/h6><h6><em><u>R\u00e9servoir de Ladjanouri<\/u><\/em><\/h6><h6><em><u>R\u00e9servoir de Ladjanouri (G\u00e9orgien: \u10da\u10d0\u10ef\u10d0\u10dc\u10e3\u10e0\u10d8\u10e1 \u10ec\u10e7\u10d0\u10da\u10e1\u10d0\u10ea\u10d0\u10d5\u10d8) &#8211; La belle vall\u00e9e de la rivi\u00e8re Ladjanoura et l&rsquo;immense r\u00e9servoir cr\u00e9\u00e9 sur elle font une impression unique sur les visiteurs. Il s&rsquo;agit d&rsquo;un grand r\u00e9servoir artificiel et d&rsquo;un lieu unique avec sa propre approche de la construction de centrales hydro\u00e9lectriques. L&rsquo;immense r\u00e9servoir, comprim\u00e9 des deux c\u00f4t\u00e9s par les montagnes et bloqu\u00e9 par un haut barrage, s&rsquo;int\u00e8gre parfaitement dans le paysage local et donne l&rsquo;impression d&rsquo;un lac de montagne naturel.<\/u><\/em><\/h6><h6><em><u>Cascade de l&rsquo;Amour \u00e0 Ambrolaouri<\/u><\/em><\/h6><h6><em><u>Cascade de l&rsquo;Amour \u00e0 Ambrolaouri (G\u00e9orgien: \u10e1\u10d8\u10e7\u10d5\u10d0\u10e0\u10e3\u10da\u10d8 \u10e9\u10d0\u10dc\u10e9\u10e5\u10d4\u10e0\u10d8) &#8211; Dans la ville d&rsquo;Ambrolaouri se trouve un v\u00e9ritable miracle de la nature : une grotte en forme de c\u0153ur. Une cascade traverse cette grotte recouverte de mousse avec une entr\u00e9e en forme de c\u0153ur, cr\u00e9ant une vue d&rsquo;une beaut\u00e9 \u00e9poustouflante. La cascade de l&rsquo;amour doit son nom pr\u00e9cis\u00e9ment \u00e0 la forme de la grotte. La cascade est l&rsquo;une des attractions populaires et attire de nombreux touristes. Si vous marchez encore 5 minutes, sur le c\u00f4t\u00e9 gauche vous verrez un chemin qui m\u00e8ne \u00e0 une deuxi\u00e8me cascade non moins impressionnante.<\/u><\/em><\/h6><h6><em><u>Grotte de Mouradi<\/u><\/em><\/h6><h6><em><u>Grotte de Mouradi (G\u00e9orgien: \u10db\u10e3\u10e0\u10d0\u10d3\u10d8\u10e1 \u10d2\u10d0\u10db\u10dd\u10e5\u10d5\u10d0\u10d1\u10e3\u10da\u10d8) &#8211; Dans cette grotte unique, de nombreuses formations de stalactites aux formes tout \u00e0 fait bizarres ont \u00e9t\u00e9 d\u00e9couvertes. Certains d&rsquo;entre eux ne sont que de superbes boules sur une jambe, comme des lustres suspendus. La grotte a \u00e9t\u00e9 d\u00e9couverte par un berger local, Mouradi, et porte depuis son nom. S&rsquo;y rendre n&rsquo;est pas si facile, surtout sans guide ni coordonn\u00e9es. La grotte de Muradi est situ\u00e9e sur le col de Nakerala, \u00e0 l&rsquo;ouest du lac Chaori, au nord d&rsquo;une autre grotte, Tskhradjvari.<\/u><\/em><\/h6><h6><em><u>Monticules du village de Ghebi<\/u><\/em><\/h6><h6><em><u>Monticules \u00a0du village de Gebi (G\u00e9orgien: \u10e6\u10d4\u10d1\u10d8\u10e1 \u10e1\u10d0\u10db\u10d0\u10e0\u10ee\u10d4\u10d1\u10d8) &#8211; Un site arch\u00e9ologique \u00e0 plusieurs niveaux en G\u00e9orgie, situ\u00e9 dans les gorges de Rioni, au nord-ouest du village de Gebi. Des fouilles arch\u00e9ologiques ont mis au jour des vestiges de production m\u00e9tallurgique allant de l&rsquo;\u00e2ge du bronze moyen \u00e0 l&rsquo;Antiquit\u00e9 tardive. Des pi\u00e8ces d\u2019or et d\u2019argent ainsi que des \u00e9p\u00e9es grecques retrouv\u00e9es dans des s\u00e9pultures antiques (VIe si\u00e8cle av. J.-C. \u2013 IVe si\u00e8cle apr. J.-C.) t\u00e9moignent du d\u00e9veloppement des relations marchandes-mon\u00e9taires et des \u00e9changes commerciaux entre la population locale et le monde antique.<\/u><\/em><\/h6><h6><em><u>Forteresse de Khotevi<\/u><\/em><\/h6><h6><em><u>Forteresse de Khotevi (G\u00e9orgien: \u10ee\u10dd\u10e2\u10d4\u10d5\u10d8\u10e1 \u10ea\u10d8\u10ee\u10d4) &#8211; Dans le village de Khotevi, les ruines d&rsquo;une forteresse ont \u00e9t\u00e9 pr\u00e9serv\u00e9es. Ce monument architectural historique, situ\u00e9 sur deux \u00e9tages et entour\u00e9 d&rsquo;une cl\u00f4ture massive, porte l&rsquo;esprit des temps anciens et une \u00e9pop\u00e9e fascinante. La forteresse \u00e9tait imprenable et la prendre semblait \u00eatre une t\u00e2che tr\u00e8s difficile. Partiellement d\u00e9truite, la forteresse conserve son atmosph\u00e8re puissante, rappelant l&rsquo;\u00e9poque o\u00f9 ses d\u00e9fenseurs montaient la garde.<\/u><\/em><\/h6><h6><em><u>Forteresse de Minda (Minda-Tsikh\u00e9)<\/u><\/em><\/h6><h6><em><u>Forteresse de Minda (Minda-Tsikh\u00e9) (G\u00e9orgien: \u10db\u10d8\u10dc\u10d3\u10d0\u10ea\u10d8\u10ee\u10d4) \u2013 Une c\u00e9l\u00e8bre forteresse m\u00e9di\u00e9vale situ\u00e9e dans la municipalit\u00e9 d&rsquo;Ambrolaouri, au confluent des rivi\u00e8res Rioni et Loukhouni. On pense qu&rsquo;il existait d\u00e9j\u00e0 au Xe si\u00e8cle. L&rsquo;une des forteresses les plus inaccessibles de G\u00e9orgie, accessible uniquement par des sentiers \u00e9troits. La forteresse a \u00e9t\u00e9 sp\u00e9cialement construite dans un endroit \u00e9loign\u00e9 pour la rendre inaccessible \u00e0 l&rsquo;ennemi. Il est situ\u00e9 sur un haut cap rocheux entre les rivi\u00e8res Rioni et Loukhouna. C&rsquo;\u00e9tait une forteresse importante de la prinsipot\u00e9 de Ratcha , \u00e0 travers laquelle passaient les routes commerciales de Ratcha et de Svan\u00e9tie.<\/u><\/em><\/h6><h6><em><u>\u00c9glise de Nikortsminda<\/u><\/em><\/h6><h6><em><u>\u00c9glise de Nikortsminda (G\u00e9orgien: \u10dc\u10d8\u10d9\u10dd\u10e0\u10ec\u10db\u10d8\u10dc\u10d3\u10d8\u10e1 \u10e2\u10d0\u10eb\u10d0\u10e0\u10d8) &#8211; L&rsquo;un des plus grands monuments de G\u00e9orgie, la cath\u00e9drale de l&rsquo;\u00c9glise orthodoxe g\u00e9orgienne &#8211; Nikortsminda est tr\u00e8s belle et gracieuse. La fa\u00e7ade est d\u00e9cor\u00e9e de magnifiques sculptures et le d\u00e9cor de la cath\u00e9drale est consid\u00e9r\u00e9 comme l&rsquo;un des meilleurs de G\u00e9orgie. Ici, diff\u00e9rents styles artistiques s&rsquo;entrem\u00ealent de mani\u00e8re originale. Les peintures qui d\u00e9corent les murs int\u00e9rieurs de la cath\u00e9drale ont \u00e9t\u00e9 r\u00e9alis\u00e9es aux Xe-XIe si\u00e8cles, mais elles ont \u00e9t\u00e9 conserv\u00e9es en excellent \u00e9tat.<\/u><\/em><\/h6><h6><em><u>\u00c9glise\u00a0 de Barakoni<\/u><\/em><\/h6><h6><em><u>\u00c9glise de Barakoni (G\u00e9orgien: \u10d1\u10d0\u10e0\u10d0\u10d9\u10dd\u10dc\u10d8\u10e1 \u10d4\u10d9\u10da\u10d4\u10e1\u10d8\u10d0) &#8211; L&rsquo;\u00e9glise de Barakoni est un monument de l&rsquo;ancienne architecture g\u00e9orgienne en forme de d\u00f4me. Sa construction a commenc\u00e9 en 1753 sur ordre du prince Ratcha Rostomi. La construction a \u00e9t\u00e9 r\u00e9alis\u00e9e par un c\u00e9l\u00e8bre ma\u00eetre de l&rsquo;\u00e9poque, Avtandil Choulavreli. L&rsquo;\u00e9difice du temple a la forme d&rsquo;une croix, il n&rsquo;a pas d&rsquo;extensions et les angles sont droits. Le d\u00f4me du temple est soutenu par deux colonnes et les coins des murs de l&rsquo;autel. Les murs ext\u00e9rieurs sont d\u00e9cor\u00e9s de sculptures en pierre \u00e0 motifs. Les exemples les plus anciens de cette sculpture ont \u00e9t\u00e9 conserv\u00e9s dans les niches de la fa\u00e7ade orientale.<\/u><\/em><\/h6><h6><em><u>Synagogue d\u2019Oni<\/u><\/em><\/h6><h6><em><u>Synagogue d&rsquo;Oni (G\u00e9orgien: \u10dd\u10dc\u10d8\u10e1 \u10e1\u10d8\u10dc\u10d0\u10d2\u10dd\u10d2\u10d0) &#8211; L&rsquo;actuelle synagogue des Juifs g\u00e9orgiens de la ville d&rsquo;Oni a \u00e9t\u00e9 construite en 1895 selon un projet qui reproduisait presque enti\u00e8rement le b\u00e2timent de la synagogue de Varsovie. Les murs ext\u00e9rieurs du temple sont d\u00e9cor\u00e9s de riches sculptures. L&rsquo;entr\u00e9e et les fen\u00eatres sont d\u00e9cor\u00e9es de grilles en fer forg\u00e9 \u00e0 motifs repr\u00e9sentant des symboles religieux juifs. La d\u00e9coration int\u00e9rieure m\u00e9rite \u00e9galement l&rsquo;attention, attirant les visiteurs avec de belles peintures, des d\u00e9tails en stuc sur les murs et le plafond.<\/u><\/em><\/h6><h6><span style=\"color: #0000ff;\"><em><u><span style=\"color: #ff0000;\">*<\/span>La \u00a0liste compl\u00e8te des attractions de la r\u00e9gion est pr\u00e9sent\u00e9e dans la section <span style=\"color: #ff0000;\">&#8211; <\/span><\/u><\/em><span style=\"color: #ff0000;\"><em><u>Sites.<\/u><\/em><\/span><\/span><\/h6>\t\t\t\t\t\t\t\t<\/div>\n\t\t\t\t<\/div>\n\t\t\t\t<\/div>\n\t\t\t\t\t<\/div>\n\t\t\t\t<\/div>\n\t\t\t\t<\/div>\n\t\t","protected":false},"excerpt":{"rendered":"<p>R\u00e9gion de Ratcha-Letchkhoumie Ratcha-Letchkhoumie Ratcha \u2013 Letchkhoumie (G\u00e9orgien: \u10e0\u10d0\u10ed\u10d0 &#8211; \u10da\u10d4\u10e9\u10ee\u10e3\u10db\u10d8) &#8211; R\u00e9gion historique et division administrative-territoriale moderne en G\u00e9orgie occidentale. La r\u00e9gion, souvent appel\u00e9e la Suisse g\u00e9orgienne, est situ\u00e9e au centre m\u00eame du pays, au pied et sur les pentes des montagnes du Caucase. Le caract\u00e8re unique de Ratcha-Letchkhoumie est d\u00e9termin\u00e9 non seulement par [&hellip;]<\/p>\n","protected":false},"author":1,"featured_media":0,"parent":0,"menu_order":0,"comment_status":"closed","ping_status":"closed","template":"","meta":{"footnotes":""},"class_list":["post-13776","page","type-page","status-publish","hentry"],"_links":{"self":[{"href":"https:\/\/georgiavoyage.ge\/fr\/wp-json\/wp\/v2\/pages\/13776","targetHints":{"allow":["GET"]}}],"collection":[{"href":"https:\/\/georgiavoyage.ge\/fr\/wp-json\/wp\/v2\/pages"}],"about":[{"href":"https:\/\/georgiavoyage.ge\/fr\/wp-json\/wp\/v2\/types\/page"}],"author":[{"embeddable":true,"href":"https:\/\/georgiavoyage.ge\/fr\/wp-json\/wp\/v2\/users\/1"}],"replies":[{"embeddable":true,"href":"https:\/\/georgiavoyage.ge\/fr\/wp-json\/wp\/v2\/comments?post=13776"}],"version-history":[{"count":0,"href":"https:\/\/georgiavoyage.ge\/fr\/wp-json\/wp\/v2\/pages\/13776\/revisions"}],"wp:attachment":[{"href":"https:\/\/georgiavoyage.ge\/fr\/wp-json\/wp\/v2\/media?parent=13776"}],"curies":[{"name":"wp","href":"https:\/\/api.w.org\/{rel}","templated":true}]}}