{"id":13876,"date":"2024-08-20T19:09:14","date_gmt":"2024-08-20T19:09:14","guid":{"rendered":"https:\/\/georgiavoyage.web-reflection.com\/svaneti-region\/"},"modified":"2025-01-17T16:13:31","modified_gmt":"2025-01-17T16:13:31","slug":"svaneti-region","status":"publish","type":"page","link":"https:\/\/georgiavoyage.ge\/fr\/svaneti-region\/","title":{"rendered":"SVAN\u00c9TIE"},"content":{"rendered":"\t\t<div data-elementor-type=\"wp-page\" data-elementor-id=\"13876\" class=\"elementor elementor-13876 elementor-13830\">\n\t\t\t\t<div class=\"elementor-element elementor-element-a3db806 blogi e-flex e-con-boxed e-con e-parent\" data-id=\"a3db806\" data-element_type=\"container\" data-settings=\"{&quot;background_background&quot;:&quot;classic&quot;}\">\n\t\t\t\t\t<div class=\"e-con-inner\">\n\t\t<div class=\"elementor-element elementor-element-242f925 e-con-full e-flex e-con e-child\" data-id=\"242f925\" data-element_type=\"container\">\n\t\t\t\t<div class=\"elementor-element elementor-element-b9818e8 elementor-widget elementor-widget-heading\" data-id=\"b9818e8\" data-element_type=\"widget\" data-widget_type=\"heading.default\">\n\t\t\t\t<div class=\"elementor-widget-container\">\n\t\t\t\t\t<h5 class=\"elementor-heading-title elementor-size-default\">R\u00e9gion de Svan\u00e9tie<\/h5>\t\t\t\t<\/div>\n\t\t\t\t<\/div>\n\t\t\t\t<div class=\"elementor-element elementor-element-f4e0191 elementor-widget elementor-widget-image\" data-id=\"f4e0191\" data-element_type=\"widget\" data-widget_type=\"image.default\">\n\t\t\t\t<div class=\"elementor-widget-container\">\n\t\t\t\t\t\t\t\t\t\t\t\t\t\t\t<img fetchpriority=\"high\" decoding=\"async\" width=\"800\" height=\"431\" src=\"https:\/\/georgiavoyage.ge\/wp-content\/uploads\/2024\/08\/Svaneti-region.png\" class=\"attachment-large size-large wp-image-13868\" alt=\"Region of Svaneti\" srcset=\"https:\/\/georgiavoyage.ge\/wp-content\/uploads\/2024\/08\/Svaneti-region.png 800w, https:\/\/georgiavoyage.ge\/wp-content\/uploads\/2024\/08\/Svaneti-region-300x162.png 300w, https:\/\/georgiavoyage.ge\/wp-content\/uploads\/2024\/08\/Svaneti-region-768x414.png 768w, https:\/\/georgiavoyage.ge\/wp-content\/uploads\/2024\/08\/Svaneti-region-600x323.png 600w\" sizes=\"(max-width: 800px) 100vw, 800px\" \/>\t\t\t\t\t\t\t\t\t\t\t\t\t\t\t<\/div>\n\t\t\t\t<\/div>\n\t\t\t\t<div class=\"elementor-element elementor-element-c68d262 elementor-widget elementor-widget-text-editor\" data-id=\"c68d262\" data-element_type=\"widget\" data-widget_type=\"text-editor.default\">\n\t\t\t\t<div class=\"elementor-widget-container\">\n\t\t\t\t\t\t\t\t\t<h5><em><u>Svan\u00e9tie<\/u><\/em><\/h5><h6><em><u>Svan\u00e9tie (G\u00e9orgien : \u10e1\u10d5\u10d0\u10dc\u10d4\u10d7\u10d8) est une r\u00e9gion historique et une division administrative-territoriale moderne de la G\u00e9orgie occidentale. L&rsquo;une des r\u00e9gions montagneuses les plus hautes de G\u00e9orgie, qui se distingue par sa nature \u00e9tonnante, son architecture unique et son histoire ancienne. Les tours des Svanes, les sommets du Caucase et une vari\u00e9t\u00e9 d&rsquo;attractions laissent des impressions inoubliables \u00e0 chacun. En visitant Svan\u00e9tie, il est impossible de ne pas ressentir l\u2019esprit de libert\u00e9 qui r\u00e8gne partout ici. Il n&rsquo;y a ici aucun espace-temps qui s\u00e9pare le pass\u00e9 et le pr\u00e9sent, et c&rsquo;est peut-\u00eatre le seul endroit au monde o\u00f9 le pass\u00e9 et le pr\u00e9sent vont de pair et coexistent pacifiquement avec les gens qui habitent ce monde v\u00e9ritablement perdu. Un monde qui attire par son caract\u00e8re unique et sa magnificence, sa grandeur et son antiquit\u00e9. Si vous recherchez une aventure inoubliable dans un pays plein de l\u00e9gendes, alors vous devriez visiter Svan\u00e9tie et voir les plus hauts sommets de G\u00e9orgie, des for\u00eats intactes et des villages imposants qui se fondent harmonieusement avec les cha\u00eenes de montagnes.<\/u><\/em><\/h6><h6><em><u>L&rsquo;une des caract\u00e9ristiques les plus reconnaissables de Svan\u00e9tie sont ses anciennes tours, v\u00e9ritables \u0153uvres d&rsquo;art architecturales en pierre et en bois, connues sous le nom de \u00abforteresses des svanes \u00bb. Ces structures architecturales uniques, construites il y a des centaines d&rsquo;ann\u00e9es, n&rsquo;\u00e9taient pas seulement des symboles du statut et du pouvoir des familles Svane, mais servaient \u00e9galement d&rsquo;habitations et de structures d\u00e9fensives en cas d&rsquo;attaque. Dominant le ciel, entour\u00e9s de montagnes, ces g\u00e9ants de 20 \u00e0 25 m\u00e8tres aux murs d&rsquo;un m\u00e8tre et demi d&rsquo;\u00e9paisseur ont prot\u00e9g\u00e9 de mani\u00e8re fiable la population locale pendant des si\u00e8cles, r\u00e9sistant aux avalanches de toute force et \u00e0 tout nombre d&rsquo;ennemis. Les familles Svane vivaient aux \u00e9tages des tours, reli\u00e9s par un escalier int\u00e9rieur en bois, et la plate-forme couronnant le sommet de la tour \u00e9tait utilis\u00e9e comme plate-forme de combat. Les tours s&rsquo;\u00e9l\u00e8vent au-dessus des vall\u00e9es et offrent un spectacle incomparable. Leur aura myst\u00e9rieuse attire les chercheurs et les voyageurs du monde entier. La principale destination touristique de Svan\u00e9tie est son patrimoine culturel et sa nature alpine.<\/u><\/em><\/h6><h5><em><u>Mestia <\/u><\/em><\/h5><h6><em><u>Le village de Mestia \u00a0(g\u00e9orgien : \u10db\u10d4\u10e1\u10e2\u10d8\u10d0) &#8211; \u00a0le centre administratif, culturel et religieux de Svan\u00e9tie. En \u00e9t\u00e9, Mestia se transforme en un v\u00e9ritable paradis pour les voyageurs et les amoureux de la nature. Les amateurs de paysages pittoresques et d&rsquo;histoire trouveront ici de nombreux sites int\u00e9ressants. L&rsquo;un des \u00e9tablissements les plus uniques de G\u00e9orgie, d\u00e9montrant simultan\u00e9ment aux visiteurs l&rsquo;histoire du pays et sa nature unique. L&rsquo;ancien village attire des milliers de personnes chaque ann\u00e9e avec ses tours Svan classiques, son majestueux pic Ushbi et sa nature alpine \u00e9poustouflante. Les habitants hospitaliers de cet endroit \u00e9tonnant sont heureux de vous raconter son histoire et ses traditions, rendant le voyage encore plus excitant. Ils ont pr\u00e9serv\u00e9 des traditions anciennes, notamment des chants et des danses polyphoniques svanes, que l&rsquo;on peut voir lors de divers festivals et \u00e9v\u00e9nements.<\/u><\/em><\/h6><h5><em><u>Principales attractions de Svan\u00e9tie:<\/u><\/em><\/h5><h6><em><u>La montagne Chkhara<\/u><\/em><\/h6><h6><em><u>La montagne Chkhara (G\u00e9orgien: \u10e8\u10ee\u10d0\u10e0\u10d0\u10e1 \u10db\u10d7\u10d0) \u00a0\u2013 Le sommet majestueux du Caucase et le point culminant de G\u00e9orgie, s&rsquo;\u00e9levant \u00e0 5 068 m\u00e8tres au-dessus du niveau de la mer. \u00ab Shkhara \u00bb en Svan signifie \u00ab neuf \u00bb, ce qui correspond au nombre de sommets que compte le mont Chkhara. La majeure partie du sommet est recouverte de glaciers, sous lesquels se d\u00e9posent du granit et des schistes cristallins. La rivi\u00e8re Inguri prend sa source ici. Cette montagne, c\u00e9l\u00e8bre pour sa beaut\u00e9, fascine les grimpeurs et les touristes. Chkhara symbolise non seulement la splendeur naturelle de la G\u00e9orgie, mais est \u00e9galement une source d\u2019inspiration pour beaucoup. Ses glaciers et ses pentes attirent les casse-cou pr\u00eats \u00e0 conqu\u00e9rir ses hauteurs majestueuses.<\/u><\/em><\/h6><h6><em><u>La montagne Ouchba<\/u><\/em><\/h6><h6><em><u>La montagne Ouchba (G\u00e9orgien: \u10e3\u10e8\u10d1\u10d0\u10e1 \u10db\u10d7\u10d0) &#8211; Le pic \u00e0 deux t\u00eates. Son sommet sud atteint une altitude de 4 700 m\u00e8tres au-dessus du niveau de la mer, et son sommet nord atteint 4 690 m\u00e8tres. Des pentes form\u00e9es de granite et de schiste du Pal\u00e9ozo\u00efque, descendent deux magnifiques glaciers : le glacier Ushba et le glacier Guli. En raison de sa beaut\u00e9 exceptionnelle et de son inaccessibilit\u00e9, Ouchba pr\u00e9sente un int\u00e9r\u00eat particulier pour les amateurs d&rsquo;alpinisme. D&rsquo;un point de vue technique, l&rsquo;ascension de son sommet nord est relativement plus facile que celle de son sommet sud. Actuellement, il existe 19 itin\u00e9raires dans cette partie de l&rsquo;Ouchba, dont 7 sont les plus difficiles &#8211; cat\u00e9gorie 6A. Sur l&rsquo;Ouchba du Nord, il y a 4 itin\u00e9raires de la m\u00eame cat\u00e9gorie, o\u00f9 un total de 13 itin\u00e9raires ont \u00e9t\u00e9 r\u00e9alis\u00e9s.<\/u><\/em><\/h6><h6><em><u>Station de ski Tetnouldi<\/u><\/em><\/h6><h6><em><u>Station de ski de Tetnouldi (G\u00e9orgien: \u10d9\u10e3\u10e0\u10dd\u10e0\u10e2\u10d8 \u10d7\u10d4\u10d7\u10dc\u10e3\u10da\u10d3\u10d8) &#8211; Piste de ski de Tetnouldi. le plus long de Transcaucasie, sa longueur est de 9,5 km. Et la plus grande diff\u00e9rence d&rsquo;altitude est de 1,7 km. Les sentiers ici sont pr\u00e9sent\u00e9s pour diff\u00e9rents go\u00fbts et niveaux de comp\u00e9tence et sont con\u00e7us pour les athl\u00e8tes interm\u00e9diaires et professionnels. La station de ski situ\u00e9e sur les pentes du mont Tetnouldi offre des possibilit\u00e9s illimit\u00e9es de ski hors-piste. Les amateurs de freeride, de backcountry et de ski de randonn\u00e9e trouveront ici une grande vari\u00e9t\u00e9 de possibilit\u00e9s de glisse, des champs de neige vierges intacts aux zones foresti\u00e8res praticables et aux couloirs. Le t\u00e9l\u00e9ph\u00e9rique jusqu&rsquo;au sommet du mont Tetnouldi est \u00e9quip\u00e9 d&rsquo;ascenseurs ouverts et ferm\u00e9s et, en plus de l&rsquo;ascension, c&rsquo;est un moyen de profiter de vues panoramiques.<\/u><\/em><\/h6><h6><em><u>Station de ski Hatsvali<\/u><\/em><\/h6><h6><em><u>Station de ski de Hatsvali (G\u00e9orgien: \u10d9\u10e3\u10e0\u10dd\u10e0\u10e2\u10d8 \u10f0\u10d0\u10ec\u10d5\u10d0\u10da\u10d8) &#8211; La station de ski sur la cr\u00eate de Zourouldi a deux formats d&rsquo;exploitation: \u00e9t\u00e9 et hiver. En hiver, les gens viennent skier ici, et en \u00e9t\u00e9, ils grimpent simplement pour prendre l&rsquo;air et admirer les montagnes. Les pistes de ski de Hatsvali sont adapt\u00e9es aux skieurs de diff\u00e9rents niveaux et un syst\u00e8me moderne de t\u00e9l\u00e9ph\u00e9riques assure un d\u00e9placement rapide et s\u00fbr. Hatsvali offre des vues panoramiques impressionnantes et un patrimoine culturel Svane unique. L\u2019un des principaux avantages de la station est sa proximit\u00e9 avec Mestia, qui permet aux touristes de se familiariser avec la culture ancienne, les traditions et l\u2019architecture de Svan\u00e9tie.<\/u><\/em><\/h6><h6><em><u>Communaut\u00e9 d&rsquo;Ouhgouli<\/u><\/em><\/h6><h6><em><u>Communaut\u00e9 d&rsquo;Ouhgouli<\/u><\/em> <em><u>(G\u00e9orgien: \u10e3\u10e8\u10d2\u10e3\u10da\u10d8\u10e1 \u10d7\u10d4\u10db\u10d8) &#8211; Ouchgouli est consid\u00e9r\u00e9e comme la deuxi\u00e8me plus haute colonie d&rsquo;Europe. une terre de nombreuses tours fi\u00e8rement \u00e9rig\u00e9es et de temples antiques. Situ\u00e9 \u00e0 une altitude de 2200 m\u00e8tres au-dessus du niveau de la mer, \u00e0 la source de la rivi\u00e8re Ingouri et au pied du mont Chkhara (5068 m\u00e8tres). C&rsquo;est ici que les cha\u00eenes de Svan\u00e9tie et du Caucase central convergent, cr\u00e9ant des paysages naturels \u00e0 couper le souffle. L&rsquo;isolement de la colonie, d\u00fb \u00e0 sa haute altitude et \u00e0 son terrain difficile, a contribu\u00e9 \u00e0 pr\u00e9server le mode de vie, l&rsquo;architecture et les coutumes traditionnelles des Svanes. C&rsquo;est un magnifique exemple de l&rsquo;esprit r\u00e9silient du peuple Svane et de la beaut\u00e9 \u00e9tonnante des montagnes g\u00e9orgiennes.<\/u><\/em><\/h6><h6><em><u>Vllage d&rsquo;Adichi<\/u><\/em><\/h6><h6><em><u>Village d&rsquo;Adichi (G\u00e9orgien: \u10d0\u10d3\u10d8\u10e8\u10d8) &#8211; Adichi est un petit village, mais son r\u00f4le dans le patrimoine culturel de la G\u00e9orgie est incommensurablement grand. Compar\u00e9 \u00e0 d\u2019autres villages de Svan\u00e9tie, Adichi est \u00ab intact \u00bb. Les maisons en pierre construites au Moyen \u00c2ge sont orn\u00e9es de tours Svan, et le glacier du m\u00eame nom surplombe le village comme un gardien. \u00c0 Adichi se trouve l&rsquo;\u00e9glise Saint-Georges, v\u00e9n\u00e9r\u00e9e par tous les Svanes. C&rsquo;est \u00e0 Adichi que fut conserv\u00e9 pendant des si\u00e8cles le plus ancien manuscrit en langue g\u00e9orgienne, datant du IXe si\u00e8cle. Une personne qui se trouve dans le village d&rsquo;Adichi, situ\u00e9 au c\u0153ur des montagnes du Caucase, recevra une exp\u00e9rience vraiment unique, car c&rsquo;est l&rsquo;un des endroits les plus anciens de Svan\u00e9tie.<\/u><\/em><\/h6><h6><em><u>Communaut\u00e9 de Latali<\/u><\/em><\/h6><h6><em><u>Communaut\u00e9 de Latali (G\u00e9orgien: \u10da\u10d0\u10e2\u10d0\u10da\u10d8\u10e1 \u10d7\u10d4\u10db\u10d8) &#8211; La communaut\u00e9, qui regroupe 10 villages, se distingue par une abondance de temples et de sanctuaires &#8211; on compte plus de 60 \u00e9glises construites et peintes au Moyen \u00c2ge. De nombreuses \u00e9glises sont situ\u00e9es en haute montagne, loin du village. Les Svanes croyaient que les \u00e9glises devaient \u00eatre construites aussi haut que possible, de l\u00e0 plus pr\u00e8s de Dieu. Historiquement, Latali a toujours jou\u00e9 le r\u00f4le de centre culturel et spirituel de Svan\u00e9tie. La communaut\u00e9 est situ\u00e9e au confluent de deux rivi\u00e8res, l&rsquo;Ingouri et la petite rivi\u00e8re Moulkhoura. Au sud se trouvent le glacier et le col de Laila. Certains points offrent de belles vues sur le pic Ouchba.<\/u><\/em><\/h6><h6><em><u>Lacs d&rsquo;Okrotskali<\/u><\/em><\/h6><h6><em><u>Lacs Okrotskali (G\u00e9orgien : \u10dd\u10e5\u10e0\u10dd\u10ec\u10e7\u10d0\u10da\u10d8\u10e1 \u10e2\u10d1\u10d4\u10d1\u10d8) &#8211; Les lacs (Grand et Petit Okrotskali) sont situ\u00e9s sur le versant oriental de la cr\u00eate de Kodori. Cet itin\u00e9raire devient de plus en plus populaire et attrayant pour les voyageurs chaque ann\u00e9e. De belles vall\u00e9es, des panoramas, des lacs turquoise et bleu fonc\u00e9 cr\u00e9ent l&rsquo;impression d&rsquo;un voyage dans un monde de conte de f\u00e9es. Le parcours du Grand Lac au Petit Lac est tr\u00e8s difficile et dangereux. Vous devrez franchir une pente raide et deux cols. Cependant, la vue sur le petit lac dor\u00e9 en vaut la peine. D&rsquo;ici, par beau temps sans nuages, l&rsquo;Abkhazie et la c\u00f4te maritime sont visibles.<\/u><\/em><\/h6><h6><em><u>Lacs de Korouldi<\/u><\/em><\/h6><h6><em><u>Lacs Korouldi (G\u00e9orgien : \u10e5\u10dd\u10e0\u10e3\u10da\u10d3\u10d8\u10e1 \u10e2\u10d1\u10d4\u10d1\u10d8) \u2013Les lacs sont situ\u00e9s \u00e0 une altitude de 2850 m\u00e8tres au-dessus du niveau de la mer et sont entour\u00e9s par les glaciers du Caucase. Leurs eaux majestueuses refl\u00e8tent la beaut\u00e9 des vall\u00e9es et des sommets des montagnes telles que Chkhara, Tetnouldi, Ouchba et Laila. Le paysage environnant est consid\u00e9r\u00e9 comme l&rsquo;un des plus impressionnants de G\u00e9orgie et offre des opportunit\u00e9s uniques de photographie et d&rsquo;inspiration. Les \u00e9tendues infinies, le lac bleu \u00e9tincelant et les sommets refl\u00e9t\u00e9s dans le miroir du lac laissent une impression inoubliable au visiteur. Visiter ce bel endroit ne demande pas beaucoup d\u2019efforts et tout le monde peut s\u2019y rendre en SUV.<\/u><\/em><\/h6><h6><em><u>Lac de glace<\/u><\/em><\/h6><h6><em><u>Lac de glace (G\u00e9orgien: \u10e7\u10d8\u10dc\u10e3\u10da\u10d8\u10e1 \u10e2\u10d1\u10d0) &#8211; La belle nature de Svan\u00e9tie est un miracle qu&rsquo;il faut voir de ses propres yeux. Il est difficile de trouver un endroit ici qui ne remplisse pas une personne d&rsquo;impressions, mais un bel endroit se d\u00e9marque vraiment. Cet endroit s&rsquo;appelle Ice Lake et est situ\u00e9 \u00e0 une altitude de 3200 m\u00e8tres au-dessus du niveau de la mer. Le lac, situ\u00e9 entre des montagnes couvertes de glace, g\u00e8le \u00e9galement souvent. Les plus hauts sommets du Caucase, Elbrouz(<\/u><\/em><em><u>\u10d8\u10d0\u10da\u10d1\u10e3\u10d6\u10d8)<\/u><\/em><em><u> et Ouchba, s&rsquo;\u00e9l\u00e8vent au-dessus du lac. Ce magnifique spectacle peut \u00eatre visit\u00e9 \u00e0 tout moment de l&rsquo;ann\u00e9e, m\u00eame s&rsquo;il est pr\u00e9f\u00e9rable de venir en \u00e9t\u00e9 pour profiter des couleurs changeantes.<\/u><\/em><\/h6><h6><em><u>Cascade de Chdougra<\/u><\/em><\/h6><h6><em><u>Cascade de Chdougra (G\u00e9orgien: \u10e8\u10d3\u10e3\u10d2\u10e0\u10d0\u10e1 \u10e9\u10d0\u10dc\u10e9\u10e5\u10d4\u10e0\u10d8) \u2013 Cette cascade \u00e9poustouflante, scintillante de toutes les couleurs de l&rsquo;arc-en-ciel, est situ\u00e9e dans les montagnes rocheuses de Svan\u00e9ti e <\/u><\/em><em><u>\u00a0<\/u><\/em><em><u>et est l&rsquo;un des ph\u00e9nom\u00e8nes naturels les plus impressionnants de la r\u00e9gion. Le courant d\u2019eau est si fort que quiconque s\u2019en approche est instantan\u00e9ment mouill\u00e9. La cascade d\u00e9verse une eau cristalline d&rsquo;une hauteur de plus de 100 m\u00e8tres, cr\u00e9ant un spectacle aquatique \u00e9poustouflant. Le bruit de l&rsquo;eau qui tombe est accompagn\u00e9 d&rsquo;\u00e9claboussures arc-en-ciel et vous pouvez sentir la fra\u00eecheur de l&rsquo;air. Cet endroit est id\u00e9al pour ceux qui veulent s&rsquo;\u00e9loigner de l&rsquo;agitation de la ville et profiter de la nature.<\/u><\/em><\/h6><h6><em><u>R\u00e9sidence de la reine Tamara<\/u><\/em><\/h6><h6><em><u>R\u00e9sidence de la reine Tamar (G\u00e9orgien: \u10d7\u10d0\u10db\u10d0\u10e0\u10d8\u10e1 \u10e0\u10d4\u10d6\u10d8\u10d3\u10d4\u10dc\u10ea\u10d8\u10d0 \u10e1\u10d5\u10d0\u10dc\u10d4\u10d7\u10e8\u10d8) &#8211; Un monument historique populaire de Svan\u00e9tie dans le village de Cha<\/u><\/em><em><u>j<\/u><\/em><em><u>ashi<\/u><\/em><em><u> (\u10e9\u10d0\u10df\u10d0\u10e8\u10d8)<\/u><\/em><em><u>. La reine Tamara visitait souvent Svan\u00e9tie, c&rsquo;est pourquoi une r\u00e9sidence a \u00e9t\u00e9 construite ici, nomm\u00e9e en son honneur, dont les ruines ont surv\u00e9cu jusqu&rsquo;\u00e0 ce jour. La r\u00e9sidence comprenait \u00e9galement une tour traditionnelle avec un mur et d&rsquo;autres b\u00e2timents auxiliaires. Chajashi, un village de la municipalit\u00e9 d&rsquo;Ouchguli, signifie \u00ab\u00e9curie\u00bb en langue svane. La reine Tamara, arriv\u00e9e \u00e0 Ouchguli, arr\u00eata ses chevaux dans ce village. C&rsquo;est de l\u00e0 que vient le nom du village.<\/u><\/em><\/h6><h6><em><u>Tour de l&rsquo;amour<\/u><\/em><\/h6><h6><em><u>Tour de l&rsquo;Amour (G\u00e9orgien : \u10e1\u10d8\u10e7\u10d5\u10d0\u10e0\u10e3\u10da\u10d8\u10e1 \u10d9\u10dd\u10e8\u10d9\u10d8) \u00a0&#8211; La tour isol\u00e9e de la famille Kurdiani est construite sur un gros rocher sur la rive de la rivi\u00e8re Inguri, sur la route de Mestia \u00e0 Ushguli. Il dispose de trois \u00e9tages, reli\u00e9s par des escaliers raides. En Svan\u00e9tie, riche en l\u00e9gendes \u00e9tonnantes, l&rsquo;une des l\u00e9gendes les plus touchantes est li\u00e9e \u00e0 cette tour. En raison des histoires d&rsquo;amour qui lui sont associ\u00e9es, elle est commun\u00e9ment appel\u00e9e la \u00ab Tour de l&rsquo;Amour \u00bb. Sous le rocher situ\u00e9 sous la tour, une source claire jaillit du sol, visible de tous lorsque la rivi\u00e8re se retire. Ils disent que ce sont des larmes vers\u00e9es depuis la tour.<\/u><\/em><\/h6><h6><em><u>Mus\u00e9e historique et ethnographique de Svan\u00e9tie<\/u><\/em><\/h6><h6><em><u>Mus\u00e9e historique et ethnographique de Svan\u00e9tie (G\u00e9orgien: <\/u><\/em><em><u>\u10e1\u10d5\u10d0\u10dc\u10d4\u10d7\u10d8\u10e1<\/u><\/em> <em><u>\u10d4\u10d7\u10dc\u10dd\u10d2\u10e0\u10d0\u10e4\u10d8\u10e3\u10da\u10d8<\/u><\/em> <em><u>\u10db\u10e3\u10d6\u10d4\u10e3\u10db\u10d8<\/u><\/em><em><u>) &#8211; <\/u><\/em><em><u>Le mus\u00e9e abrite 4 090 objets expos\u00e9s, allant du po\u00e8me en quatre parties \u00ab Adishi \u00bb \u00e0 des \u00e9chantillons de tissus et de c\u00e9ramiques svanes anciens. Il abrite des mat\u00e9riaux obtenus \u00e0 la suite de fouilles arch\u00e9ologiques sur le territoire de Svan\u00e9tie, des exemples uniques de l&rsquo;art de la gravure et de l&rsquo;iconographie g\u00e9orgienne ; Manuscrits anciens; Exemples d&rsquo;\u00e9quipements militaires du haut et du bas Moyen \u00c2ge, d&rsquo;objets en fer, en argent et en cuivre, de bijoux, de c\u00e9ramiques et de textiles. Objets ethnographiques racontant la vie de l&rsquo;ancienne Svan\u00e9tie et bien plus encore.<\/u><\/em><\/h6><h6><span style=\"color: #0000ff;\"><em><u><span style=\"color: #ff0000;\">*<\/span>La \u00a0liste compl\u00e8te des attractions de la r\u00e9gion est pr\u00e9sent\u00e9e dans la section <span style=\"color: #ff0000;\">&#8211; <\/span><\/u><\/em><span style=\"color: #ff0000;\"><em><u>Sites.<\/u><\/em><\/span><\/span><\/h6>\t\t\t\t\t\t\t\t<\/div>\n\t\t\t\t<\/div>\n\t\t\t\t<\/div>\n\t\t\t\t\t<\/div>\n\t\t\t\t<\/div>\n\t\t\t\t<\/div>\n\t\t","protected":false},"excerpt":{"rendered":"<p>R\u00e9gion de Svan\u00e9tie Svan\u00e9tie Svan\u00e9tie (G\u00e9orgien : \u10e1\u10d5\u10d0\u10dc\u10d4\u10d7\u10d8) est une r\u00e9gion historique et une division administrative-territoriale moderne de la G\u00e9orgie occidentale. L&rsquo;une des r\u00e9gions montagneuses les plus hautes de G\u00e9orgie, qui se distingue par sa nature \u00e9tonnante, son architecture unique et son histoire ancienne. Les tours des Svanes, les sommets du Caucase et une vari\u00e9t\u00e9 [&hellip;]<\/p>\n","protected":false},"author":1,"featured_media":0,"parent":0,"menu_order":0,"comment_status":"closed","ping_status":"closed","template":"","meta":{"footnotes":""},"class_list":["post-13876","page","type-page","status-publish","hentry"],"_links":{"self":[{"href":"https:\/\/georgiavoyage.ge\/fr\/wp-json\/wp\/v2\/pages\/13876","targetHints":{"allow":["GET"]}}],"collection":[{"href":"https:\/\/georgiavoyage.ge\/fr\/wp-json\/wp\/v2\/pages"}],"about":[{"href":"https:\/\/georgiavoyage.ge\/fr\/wp-json\/wp\/v2\/types\/page"}],"author":[{"embeddable":true,"href":"https:\/\/georgiavoyage.ge\/fr\/wp-json\/wp\/v2\/users\/1"}],"replies":[{"embeddable":true,"href":"https:\/\/georgiavoyage.ge\/fr\/wp-json\/wp\/v2\/comments?post=13876"}],"version-history":[{"count":0,"href":"https:\/\/georgiavoyage.ge\/fr\/wp-json\/wp\/v2\/pages\/13876\/revisions"}],"wp:attachment":[{"href":"https:\/\/georgiavoyage.ge\/fr\/wp-json\/wp\/v2\/media?parent=13876"}],"curies":[{"name":"wp","href":"https:\/\/api.w.org\/{rel}","templated":true}]}}