{"id":13900,"date":"2024-08-20T20:28:19","date_gmt":"2024-08-20T20:28:19","guid":{"rendered":"https:\/\/georgiavoyage.web-reflection.com\/tusheti-and-khevsuretu-regions\/"},"modified":"2025-01-19T09:30:43","modified_gmt":"2025-01-19T09:30:43","slug":"tusheti","status":"publish","type":"page","link":"https:\/\/georgiavoyage.ge\/fr\/tusheti\/","title":{"rendered":"TOUCH\u00c9TIE"},"content":{"rendered":"\t\t<div data-elementor-type=\"wp-page\" data-elementor-id=\"13900\" class=\"elementor elementor-13900 elementor-13863\">\n\t\t\t\t<div class=\"elementor-element elementor-element-a3db806 blogi e-flex e-con-boxed e-con e-parent\" data-id=\"a3db806\" data-element_type=\"container\" data-settings=\"{&quot;background_background&quot;:&quot;classic&quot;}\">\n\t\t\t\t\t<div class=\"e-con-inner\">\n\t\t<div class=\"elementor-element elementor-element-242f925 e-con-full e-flex e-con e-child\" data-id=\"242f925\" data-element_type=\"container\">\n\t\t\t\t<div class=\"elementor-element elementor-element-b9818e8 elementor-widget elementor-widget-heading\" data-id=\"b9818e8\" data-element_type=\"widget\" data-widget_type=\"heading.default\">\n\t\t\t\t<div class=\"elementor-widget-container\">\n\t\t\t\t\t<h2 class=\"elementor-heading-title elementor-size-default\">Touch\u00e9tie <\/h2>\t\t\t\t<\/div>\n\t\t\t\t<\/div>\n\t\t\t\t<div class=\"elementor-element elementor-element-f4e0191 elementor-widget elementor-widget-image\" data-id=\"f4e0191\" data-element_type=\"widget\" data-widget_type=\"image.default\">\n\t\t\t\t<div class=\"elementor-widget-container\">\n\t\t\t\t\t\t\t\t\t\t\t\t\t\t\t<img fetchpriority=\"high\" decoding=\"async\" width=\"800\" height=\"431\" src=\"https:\/\/georgiavoyage.ge\/wp-content\/uploads\/2024\/08\/Tousheti-and-Khevsureti-regions.png\" class=\"attachment-large size-large wp-image-13892\" alt=\"Tousheti and Khevsureti\" srcset=\"https:\/\/georgiavoyage.ge\/wp-content\/uploads\/2024\/08\/Tousheti-and-Khevsureti-regions.png 800w, https:\/\/georgiavoyage.ge\/wp-content\/uploads\/2024\/08\/Tousheti-and-Khevsureti-regions-300x162.png 300w, https:\/\/georgiavoyage.ge\/wp-content\/uploads\/2024\/08\/Tousheti-and-Khevsureti-regions-768x414.png 768w, https:\/\/georgiavoyage.ge\/wp-content\/uploads\/2024\/08\/Tousheti-and-Khevsureti-regions-600x323.png 600w\" sizes=\"(max-width: 800px) 100vw, 800px\" \/>\t\t\t\t\t\t\t\t\t\t\t\t\t\t\t<\/div>\n\t\t\t\t<\/div>\n\t\t\t\t<div class=\"elementor-element elementor-element-c68d262 elementor-widget elementor-widget-text-editor\" data-id=\"c68d262\" data-element_type=\"widget\" data-widget_type=\"text-editor.default\">\n\t\t\t\t<div class=\"elementor-widget-container\">\n\t\t\t\t\t\t\t\t\t<h5><span style=\"text-decoration: underline;\"><strong>Touch\u00e9tie<\/strong>\u00a0<\/span><\/h5><h6><span style=\"text-decoration: underline;\">Touch\u00e9tie (G\u00e9orgien : \u10d7\u10e3\u10e8\u10d4\u10d7\u10d8) \u2013 La \u00a0r\u00e9gion historique de l&rsquo;est de la G\u00e9orgie. En Touch\u00e9tie, tout est unique et original. Cette belle r\u00e9gion montagneuse de G\u00e9orgie est situ\u00e9e \u00e0 une altitude de 1650 \u00e0 4493 m\u00e8tres, et les villages sont \u00e0 une altitude de 1900 \u00e0 2400 m\u00e8tres au-dessus du niveau de la mer. L&rsquo;ensemble de la r\u00e9gion est d\u00e9clar\u00e9 zone prot\u00e9g\u00e9e et est consid\u00e9r\u00e9 comme la plus grande zone prot\u00e9g\u00e9e d&rsquo;Europe. Les types de for\u00eats que l\u2019on trouve ici ne se retrouvent nulle part ailleurs. 11 esp\u00e8ces end\u00e9miques de la flore de Touch\u00e9tie se trouvent uniquement dans cette zone. Le seul paysage prot\u00e9g\u00e9 en G\u00e9orgie est la Touch\u00e9tie, dont l&rsquo;existence est due \u00e0 la pr\u00e9servation de l&rsquo;aspect traditionnel des villages uniques de la r\u00e9gion, o\u00f9 les tours m\u00e9di\u00e9vales se fondent dans la nature inhabituellement belle, qui laisse une impression unique et inoubliable.<\/span><\/h6><h6><span style=\"text-decoration: underline;\">Apprendre \u00e0 conna\u00eetre la Touch\u00e9tie commence par la route qui y m\u00e8ne. Il y a une telle beaut\u00e9 autour de nous, une beaut\u00e9 si indescriptible, qu\u2019il est difficile de r\u00e9sister \u00e0 la tentation et d\u2019accepter de faire un tour en h\u00e9licopt\u00e8re. La richesse de la Touch\u00e9tie ne r\u00e9side pas seulement dans sa nature \u00e0 couper le souffle. Elle est \u00e9galement unique et attrayante pour ses anciens villages et colonies, dont la plupart conservent encore l&rsquo;apparence et l&rsquo;atmosph\u00e8re de la fin du Moyen \u00c2ge. En parcourant les villages, le temps semble s&rsquo;arr\u00eater et un voyage dans le pass\u00e9 commence. Une fois qu&rsquo;une personne a vu et v\u00e9cu tout cela, s&rsquo;est familiaris\u00e9e avec le mode de vie nomade et romantique du peuple Touchino, a assist\u00e9 \u00e0 des festivals folkloriques, a entendu des chansons Touch jou\u00e9es \u00e0 l&rsquo;accord\u00e9on et est enchant\u00e9e par le tissage complexe des tapis des femmes Touch, il lui deviendra clair pourquoi les visiteurs ne peuvent pas r\u00e9sister \u00e0 la tentation de visiter \u00e0 nouveau cet endroit \u00e9tonnant.<\/span><\/h6><h5><span style=\"text-decoration: underline;\">Omalo<\/span><\/h5><h6><span style=\"text-decoration: underline;\">Le village d&rsquo;Omalo (G\u00e9orgien: \u00a0\u10dd\u10db\u10d0\u10da\u10dd) &#8211; le centre administratif et culturel de la Touch\u00e9tie, situ\u00e9 entre la cha\u00eene du Grand Caucase et la cha\u00eene Pirikiti (int\u00e9rieure) de la Touch\u00e9tie. En raison de sa situation strat\u00e9gique, le village d&rsquo;Omalo a \u00e9t\u00e9 un n\u0153ud important dans l&rsquo;histoire de la Touch\u00e9tie pendant de nombreux si\u00e8cles. Les visiteurs peuvent voir des structures de tours historiques qui servaient \u00e0 la d\u00e9fense et \u00e0 la surveillance. un lieu de myst\u00e8res, d&rsquo;histoires \u00e9tonnantes et de gens forts s&rsquo;adaptant aux particularit\u00e9s de leur terre. L&rsquo;immersion dans l&rsquo;atmosph\u00e8re unique du village nous apporte une exp\u00e9rience inhabituelle et une compr\u00e9hension de la fa\u00e7on dont diff\u00e9rentes circonstances fa\u00e7onnent la vie quotidienne des gens.<\/span><\/h6><h5><span style=\"text-decoration: underline;\"><strong><em>Principales attractions de Touch\u00e9tie:<\/em><\/strong><\/span><\/h5><h6><span style=\"text-decoration: underline;\">Centre d&rsquo;accueil des visiteurs de Touch\u00e9tie<\/span><\/h6><h6><span style=\"text-decoration: underline;\">Centre d&rsquo;accueil des visiteurs(G\u00e9orgien : \u10d7\u10e3\u10e8\u10d4\u10d7\u10d8\u10e1 \u00a0\u10d5\u10d8\u10d6\u10d8\u10e2\u10d8\u10dd\u10e0\u10d7\u10d0 \u10ea\u10d4\u10dc\u10e2\u10e0\u10d8) &#8211; Le centre est situ\u00e9 dans le village d&rsquo;Omalo. Ici, vous pouvez planifier diff\u00e9rents types de circuits pour visiter les sites touristiques de Touch\u00e9tie et obtenir des informations sur les services disponibles. Des stands explicatifs et informatifs sont install\u00e9s dans les halls d&rsquo;exposition. Le territoire du centre est entour\u00e9 d&rsquo;une for\u00eat de pins, o\u00f9 se trouvent des aires de pique-nique et de camping. Depuis la plate-forme d&rsquo;observation panoramique, situ\u00e9e dans la partie est du centre, vous pourrez profiter d&rsquo;une vue imprenable sur les montagnes et les paysages pittoresques des villages environnants.<\/span><\/h6><h6><span style=\"text-decoration: underline;\">Forteresse de Keselo<\/span><\/h6><h6><span style=\"text-decoration: underline;\">Forteresse de Keselo (G\u00e9orgien: \u00a0\u10d9\u10d4\u10e1\u10d4\u10da\u10dd\u10e1 \u10ea\u10d8\u10ee\u10d4) &#8211; La forteresse a surv\u00e9cu depuis le Moyen \u00c2ge, servant de puissante d\u00e9fense du territoire g\u00e9orgien contre les envahisseurs. Dans 13 tours, les habitants locaux ont \u00e9t\u00e9 sauv\u00e9s de l&rsquo;ennemi. Cinq tours ont surv\u00e9cu jusqu&rsquo;\u00e0 nos jours. Dans la partie nord-est de la forteresse se trouvent des sanctuaires (khati), vestiges d&rsquo;un bosquet sacr\u00e9. Monument important de Touch\u00e9tie, c&rsquo;est un magnifique exemple d&rsquo;architecture d\u00e9fensive, compl\u00e9tant le patrimoine culturel de cette r\u00e9gion. Une visite de la forteresse vous plonge dans l&rsquo;histoire et vous permet de comprendre le pass\u00e9 complexe de ce lieu \u00e9tonnant.<\/span><\/h6><h6><span style=\"text-decoration: underline;\">Forteresse de Diklo<\/span><\/h6><h6><span style=\"text-decoration: underline;\">Forteresse de Diklo (G\u00e9orgien: \u00a0\u10d3\u10d8\u10d9\u10da\u10dd\u10e1 \u10ea\u10d8\u10ee\u10d4) &#8211; Au sud du village de Diklo, se dresse la forteresse de Diklo, un monument de l&rsquo;architecture m\u00e9di\u00e9vale. Ce b\u00e2timent de trois \u00e9tages n&rsquo;est pas seulement un monument d&rsquo;importance historique, mais aussi un exemple unique du patrimoine culturel de Touch\u00e9tie. Le b\u00e2timent de trois \u00e9tages a \u00e9t\u00e9 construit en ardoise, chaque \u00e9tage ayant sa propre fonction. Aux abords de la forteresse de Diklo, de nombreux affrontements ont eu lieu entre la population locale et l&rsquo;ennemi, entr\u00e9 par le Caucase du Nord.<\/span><\/h6><h6><span style=\"text-decoration: underline;\">Village de Diklo<\/span><\/h6><h6><span style=\"text-decoration: underline;\">Village de Diklo (G\u00e9orgien: \u00a0\u10e1\u10dd\u10e4\u10d4\u10da\u10d8 \u10d3\u10d8\u10d9\u10da\u10dd) &#8211; Diklo a une histoire qui s&rsquo;\u00e9tend sur des si\u00e8cles et poss\u00e8de une architecture traditionnelle touchetienne bien pr\u00e9serv\u00e9e &#8211; des maisons construites \u00e0 partir de pierres plates en adobe et des tours de signalisation situ\u00e9es entre elles. Ces tours, situ\u00e9es sur une plaine vallonn\u00e9e entour\u00e9e de hautes montagnes, avaient historiquement une fonction d\u00e9fensive. Jusqu&rsquo;au XIXe si\u00e8cle, le village \u00e9tait situ\u00e9 sur une falaise abrupte, \u00e0 deux kilom\u00e8tres de son emplacement actuel. Apr\u00e8s les attaques des Daghestanais, la population s&rsquo;est d\u00e9plac\u00e9e vers un endroit plus accessible, o\u00f9 le Diklo moderne a \u00e9t\u00e9 construit.<\/span><\/h6><h6><span style=\"text-decoration: underline;\">Village de Dartlo<\/span><\/h6><h6><span style=\"text-decoration: underline;\">Village de Dartlo (G\u00e9orgien: \u00a0\u10e1\u10dd\u10e4\u10d4\u10da\u10d8 \u10d3\u10d0\u10e0\u10d7\u10da\u10dd) &#8211; L&rsquo;un des plus anciens villages de la r\u00e9gion, qui se distingue par son ensemble architectural unique. Sur le territoire du village, de nombreux monuments du patrimoine culturel ont \u00e9t\u00e9 pr\u00e9serv\u00e9s. Les immeubles r\u00e9sidentiels de trois \u00e9tages, couverts d&rsquo;ardoise, se distinguent par une abondance de balcons. Outre les ch\u00e2teaux et les tours, le village contient \u00e9galement des ruines d&rsquo;\u00e9glises chr\u00e9tiennes. Aux abords du village, dans un petit demi-cercle, se trouvent 12 chaises en pierre sur lesquelles s&rsquo;asseyaient autrefois les anciens du village. Des p\u00e9troglyphes associ\u00e9s aux croyances et id\u00e9es anciennes du peuple Touche ont \u00e9t\u00e9 d\u00e9couverts sur des tombes et des tours m\u00e9di\u00e9vales.<\/span><\/h6><h6><span style=\"text-decoration: underline;\">Village de Kvavlo<\/span><\/h6><h6><span style=\"text-decoration: underline;\">Village de Kvavlo (G\u00e9orgien: \u00a0\u10e1\u10dd\u10e4\u10d4\u10da\u10d8 \u10e7\u10d5\u10d0\u10d5\u10da\u10dd) &#8211; Le village est c\u00e9l\u00e8bre pour son architecture particuli\u00e8re : des tours aux toits pyramidaux. La tour de Kvavlo, en forme de pyramide, donne directement sur le chemin. Le village est situ\u00e9 sur les pentes rocheuses des montagnes. Les parcelles sont reli\u00e9es par des chemins construits en pierre et travers\u00e9s de passages. Les maisons sont situ\u00e9es de telle mani\u00e8re que pendant la journ\u00e9e, le plus de lumi\u00e8re du soleil et de chaleur possible p\u00e9n\u00e8trent dans les maisons, car m\u00eame en ao\u00fbt, il fait assez frais ici le matin et le soir. Si vous allez de Kvavlo aux gorges de Didi Khevi, vous serez accueillis par une vue imprenable sur les montagnes du Caucase.<\/span><\/h6><h6><span style=\"text-decoration: underline;\">Village de Chenako<\/span><\/h6><h6><span style=\"text-decoration: underline;\">Village de Chenako (G\u00e9orgien: \u00a0\u10e1\u10dd\u10e4\u10d4\u10da\u10d8 \u10e8\u10d4\u10dc\u10d0\u10e5\u10dd) \u2013 Le Village est connue pour ses maisons-tours architecturales uniques et impressionnantes, construites au Moyen \u00c2ge en utilisant des pierres plates noires et du bois. Au centre du village, non loin du sanctuaire, se trouve une \u00e9glise Saint-Georges en activit\u00e9. Sur le mur ouest de la porte se trouvait un clocher carr\u00e9, mais il n&rsquo;en reste aujourd&rsquo;hui que les fondations. Lors de fouilles arch\u00e9ologiques \u00e0 Chenako, les vestiges d&rsquo;une colonie ont \u00e9t\u00e9 d\u00e9couverts, indiquant que depuis l&rsquo;Antiquit\u00e9, la pr\u00e9f\u00e9rence \u00e9tait donn\u00e9e aux fortifications naturelles et aux colonies de groupe.<\/span><\/h6><h6><span style=\"text-decoration: underline;\">Village de Parsma<\/span><\/h6><h6><span style=\"text-decoration: underline;\">Village de Parsma (G\u00e9orgien: \u00a0\u10e1\u10dd\u10e4\u10d4\u10da\u10d8 \u10e4\u10d0\u10e0\u10e1\u10db\u10d0) &#8211; Malgr\u00e9 les maisons et les tours endommag\u00e9es, le village a en quelque sorte bien conserv\u00e9 son apparence. L&rsquo;esprit combatif du peuple Touche peut \u00e9galement \u00eatre ressenti dans ce village. Ici se trouvent des tours d\u00e9fensives qui ont une forme particuli\u00e8re. La hauteur des tours varie de 2 \u00e0 5 m\u00e8tres, selon le nombre d&rsquo;\u00e9tages de la tour. Il y a des fen\u00eatres et des emplacements pour des embrasures dans les murs. Les \u00e9tages des tours sont reli\u00e9s entre eux par un escalier mobile en bois. Les tours sont principalement recouvertes d&rsquo;ardoises bicolores.<\/span><\/h6><h6><span style=\"text-decoration: underline;\">Lac d\u2019Oreti<\/span><\/h6><h6><span style=\"text-decoration: underline;\">Lac d\u2019Oreti (G\u00e9orgien: \u00a0\u10dd\u10e0\u10d4\u10d7\u10d8\u10e1 \u10e2\u10d1\u10d0) &#8211; Le lac \u00a0particuli\u00e8rement int\u00e9ressant pour ceux qui recherchent l&rsquo;aventure. Le trek commence g\u00e9n\u00e9ralement depuis le village de Koumelaourta. La meilleure p\u00e9riode de l\u2019ann\u00e9e pour la randonn\u00e9e est le d\u00e9but de l\u2019\u00e9t\u00e9. C&rsquo;est durant cette p\u00e9riode que la nature s&rsquo;\u00e9panouit pleinement et que le lac lui-m\u00eame est rempli d&rsquo;eau. Oreti est r\u00e9guli\u00e8rement inclus dans le top dix des plus beaux lacs de G\u00e9orgie &#8211; en outre, il offre une vue imprenable sur presque toute la Touch\u00e9tie. Le lac est aliment\u00e9 par des ruisseaux et g\u00e8le en hiver. La visite du lac int\u00e9ressera particuli\u00e8rement les amateurs d&rsquo;\u00e9cotourisme, car tout au long du parcours vous pourrez rencontrer et observer diverses esp\u00e8ces d&rsquo;oiseaux et de mammif\u00e8res.<\/span><\/h6><h6><span style=\"text-decoration: underline; color: #0000ff;\"><span style=\"color: #ff0000;\"><em>*<\/em><\/span><em>La \u00a0liste compl\u00e8te des attractions de la r\u00e9gion est pr\u00e9sent\u00e9e dans la section <\/em><span style=\"color: #ff0000;\"><em>&#8211; Sites.<\/em><\/span><\/span><\/h6>\t\t\t\t\t\t\t\t<\/div>\n\t\t\t\t<\/div>\n\t\t\t\t<\/div>\n\t\t\t\t\t<\/div>\n\t\t\t\t<\/div>\n\t\t\t\t<\/div>\n\t\t","protected":false},"excerpt":{"rendered":"<p>Touch\u00e9tie Touch\u00e9tie\u00a0 Touch\u00e9tie (G\u00e9orgien : \u10d7\u10e3\u10e8\u10d4\u10d7\u10d8) \u2013 La \u00a0r\u00e9gion historique de l&rsquo;est de la G\u00e9orgie. En Touch\u00e9tie, tout est unique et original. Cette belle r\u00e9gion montagneuse de G\u00e9orgie est situ\u00e9e \u00e0 une altitude de 1650 \u00e0 4493 m\u00e8tres, et les villages sont \u00e0 une altitude de 1900 \u00e0 2400 m\u00e8tres au-dessus du niveau de la [&hellip;]<\/p>\n","protected":false},"author":1,"featured_media":0,"parent":0,"menu_order":0,"comment_status":"closed","ping_status":"closed","template":"","meta":{"footnotes":""},"class_list":["post-13900","page","type-page","status-publish","hentry"],"_links":{"self":[{"href":"https:\/\/georgiavoyage.ge\/fr\/wp-json\/wp\/v2\/pages\/13900","targetHints":{"allow":["GET"]}}],"collection":[{"href":"https:\/\/georgiavoyage.ge\/fr\/wp-json\/wp\/v2\/pages"}],"about":[{"href":"https:\/\/georgiavoyage.ge\/fr\/wp-json\/wp\/v2\/types\/page"}],"author":[{"embeddable":true,"href":"https:\/\/georgiavoyage.ge\/fr\/wp-json\/wp\/v2\/users\/1"}],"replies":[{"embeddable":true,"href":"https:\/\/georgiavoyage.ge\/fr\/wp-json\/wp\/v2\/comments?post=13900"}],"version-history":[{"count":0,"href":"https:\/\/georgiavoyage.ge\/fr\/wp-json\/wp\/v2\/pages\/13900\/revisions"}],"wp:attachment":[{"href":"https:\/\/georgiavoyage.ge\/fr\/wp-json\/wp\/v2\/media?parent=13900"}],"curies":[{"name":"wp","href":"https:\/\/api.w.org\/{rel}","templated":true}]}}