{"id":13943,"date":"2024-08-21T03:55:07","date_gmt":"2024-08-21T03:55:07","guid":{"rendered":"https:\/\/georgiavoyage.web-reflection.com\/machakhela-national-park\/"},"modified":"2025-01-21T15:08:59","modified_gmt":"2025-01-21T15:08:59","slug":"machakhela-national-park","status":"publish","type":"page","link":"https:\/\/georgiavoyage.ge\/fr\/machakhela-national-park\/","title":{"rendered":"MACHAKH\u00c9LA"},"content":{"rendered":"\t\t<div data-elementor-type=\"wp-page\" data-elementor-id=\"13943\" class=\"elementor elementor-13943 elementor-13935\">\n\t\t\t\t<div class=\"elementor-element elementor-element-a3db806 blogi e-flex e-con-boxed e-con e-parent\" data-id=\"a3db806\" data-element_type=\"container\" data-settings=\"{&quot;background_background&quot;:&quot;classic&quot;}\">\n\t\t\t\t\t<div class=\"e-con-inner\">\n\t\t<div class=\"elementor-element elementor-element-242f925 e-con-full e-flex e-con e-child\" data-id=\"242f925\" data-element_type=\"container\">\n\t\t\t\t<div class=\"elementor-element elementor-element-b9818e8 elementor-widget elementor-widget-heading\" data-id=\"b9818e8\" data-element_type=\"widget\" data-widget_type=\"heading.default\">\n\t\t\t\t<div class=\"elementor-widget-container\">\n\t\t\t\t\t<h2 class=\"elementor-heading-title elementor-size-default\">Parc National de Machakhela<\/h2>\t\t\t\t<\/div>\n\t\t\t\t<\/div>\n\t\t\t\t<div class=\"elementor-element elementor-element-f4e0191 elementor-widget elementor-widget-image\" data-id=\"f4e0191\" data-element_type=\"widget\" data-widget_type=\"image.default\">\n\t\t\t\t<div class=\"elementor-widget-container\">\n\t\t\t\t\t\t\t\t\t\t\t\t\t\t\t<img fetchpriority=\"high\" decoding=\"async\" width=\"720\" height=\"460\" src=\"https:\/\/georgiavoyage.ge\/wp-content\/uploads\/2024\/08\/Machakhela-National-Park.jpg\" class=\"attachment-large size-large wp-image-12212\" alt=\"National Park of Machakhela\" srcset=\"https:\/\/georgiavoyage.ge\/wp-content\/uploads\/2024\/08\/Machakhela-National-Park.jpg 720w, https:\/\/georgiavoyage.ge\/wp-content\/uploads\/2024\/08\/Machakhela-National-Park-300x192.jpg 300w, https:\/\/georgiavoyage.ge\/wp-content\/uploads\/2024\/08\/Machakhela-National-Park-600x383.jpg 600w\" sizes=\"(max-width: 720px) 100vw, 720px\" \/>\t\t\t\t\t\t\t\t\t\t\t\t\t\t\t<\/div>\n\t\t\t\t<\/div>\n\t\t\t\t<div class=\"elementor-element elementor-element-c68d262 elementor-widget elementor-widget-text-editor\" data-id=\"c68d262\" data-element_type=\"widget\" data-widget_type=\"text-editor.default\">\n\t\t\t\t<div class=\"elementor-widget-container\">\n\t\t\t\t\t\t\t\t\t<div class=\"ccvoYb\"><h6><span style=\"text-decoration: underline;\"><span style=\"text-decoration: underline;\"><em>Parc national de Machakhela<\/em><\/span>\u00a0\u00a0(G\u00e9orgie de l\u2019ouest, R\u00e9gion d&rsquo;Adjarie)<\/span><\/h6><h6><span style=\"text-decoration: underline;\">Le parc national de Machakhela (Georgien: \u10db\u10d0\u10ed\u10d0\u10ee\u10d4\u10da\u10d0\u10e1 \u10d4\u10e0\u10dd\u10d5\u10dc\u10e3\u10da\u10d8 \u10de\u10d0\u10e0\u10d9\u10d8) &#8211; Le parc a \u00e9t\u00e9 cr\u00e9\u00e9 pour pr\u00e9server la diversit\u00e9 biologique et paysag\u00e8re unique, la protection \u00e0 long terme de l&rsquo;\u00e9cosyst\u00e8me des for\u00eats de Colchide, assurer la s\u00e9curit\u00e9 environnementale et d\u00e9velopper des activit\u00e9s touristiques et r\u00e9cr\u00e9atives dans le milieu naturel. Le territoire du Parc National est repr\u00e9sent\u00e9 par l&rsquo;\u00e9tirement le long de la pente de la rivi\u00e8re Machakhela, envelopp\u00e9e de for\u00eat, o\u00f9 presque tout le territoire est couvert de for\u00eats de ch\u00e2taigniers, de h\u00eatres, de charme et d&rsquo;aulnes. Parmi les esp\u00e8ces d&rsquo;arbres, 13 esp\u00e8ces sont incluses dans le Livre rouge de G\u00e9orgie.<\/span><\/h6><h6><span style=\"text-decoration: underline;\">Le parc national de Machakhela est int\u00e9ressant pour les \u00e9cotouristes, les amoureux de la nature, les randonn\u00e9es actives. Le parc Machakh\u00e9la est une v\u00e9g\u00e9tation luxuriante, un air pur, le bruit des rivi\u00e8res et des cascades. Il existe \u00e9galement des structures en pierre uniques pr\u00e9serv\u00e9es construites sous le r\u00e8gne de la reine Tamara, dont le nom est l&rsquo;une des meilleures p\u00e9riodes de l&rsquo;histoire de la G\u00e9orgie. Le parc fait partie d&rsquo;un corridor \u00e9cologique reliant les zones prot\u00e9g\u00e9es du sud-ouest de la G\u00e9orgie (\u00e0 savoir les zones prot\u00e9g\u00e9es des parcs nationaux de Mtirala et Kintrichi) et la zone prot\u00e9g\u00e9e du nord-est de la Turquie.<\/span><\/h6><h6><span style=\"text-decoration: underline;\">La priorit\u00e9 du parc national est la conservation d&rsquo;esp\u00e8ces cibles telles que: l&rsquo;abeille du Caucase, l&rsquo;ours brun, la caspienne des neiges, la salamandre du Caucase, l&rsquo;if, le ch\u00eane Chorokhi, l&rsquo;iris Lazin. Il faut \u00e9galement noter l&rsquo;importance de l&rsquo;agriculture biologique, la pr\u00e9servation de l&rsquo;architecture locale et du patrimoine culturel.\u00a0Dans les territoires adjacents au parc national de Machakhela, les monuments culturels et historiques pr\u00e9sentent \u00e9galement un int\u00e9r\u00eat touristique: ponts en arc de diff\u00e9rentes \u00e9poques, forteresses, pressoir \u00e0 vin et marani.<\/span><\/h6><h6><span style=\"text-decoration: underline;\">Compagnie touristique\u00a0<span style=\"color: #0000ff; text-decoration: underline;\"><em>\u00abGeorgia Voyage\u00bb<\/em><\/span>, donne aux touristes la possibilit\u00e9 de recevoir \u00a0toutes les informations n\u00e9cessaires. Pour plus d\u2019informations, n\u2019h\u00e9sitez pas \u00e0 nous contacter au <span style=\"color: #ff0000; text-decoration: underline;\"><em>Viber \/ WhatsApp +995 599 25 65 19<\/em>\u00a0<\/span> ou E-mail : <span style=\"color: #ff0000; text-decoration: underline;\"><a style=\"color: #ff0000; text-decoration: underline;\" href=\"mailto:info@georgiavoyage.ge\"><em>info@georgiavoyage.ge <\/em><\/a><em><strong><a href=\"mailto:info@georgiavoyage.ge\"><img decoding=\"async\" class=\"\" src=\"\/wp-content\/uploads\/2024\/08\/Pointer.png\" width=\"23\" height=\"23\" \/><\/a>\u00a0<\/strong><\/em><\/span><\/span> Nous sommes toujours pr\u00eats \u00e0 vous conseiller et\u00a0 r\u00e9pondre \u00e0 toutes vos questions, relatives \u00e0 l\u2019organisation du tourisme et des loisirs en G\u00e9orgie.<\/h6><h6><span style=\"text-decoration: underline;\">Les programmes des circuits seront discut\u00e9 et planifi\u00e9 individuellement, tout en tenant compte de vos choix et de vos souhaits, \u00a0pour avoir un meilleur aper\u00e7u des sentiers et randonn\u00e9es, sur le territoire du\u00a0<span style=\"color: #0000ff; text-decoration: underline;\"><em>Parc National de Machakhela.<\/em><\/span><\/span><\/h6><h6><span style=\"text-decoration: underline;\"><span style=\"color: #0000ff; text-decoration: underline;\"><em>Sentiers touristiques marqu\u00e9s et\u00a0organis\u00e9es par nos soins :<\/em><\/span><\/span><\/h6><h6><span style=\"text-decoration: underline;\"><span style=\"color: #0000ff; text-decoration: underline;\"><em>1. Sentier Ar\u0441hangel\u00a0<\/em><\/span>&#8211; 9,1 km, automobile int\u00e9gr\u00e9e \u00e0 la marche, difficult\u00e9 &#8211; moyenne<\/span><\/h6><h6><span style=\"text-decoration: underline;\">Le sentier traverse des massifs de for\u00eats de h\u00eatres et de ch\u00e2taigniers, passe des ruisseaux et des sources de montagne, d&rsquo;anciens villages, m\u00e8ne \u00e0 une all\u00e9e d&rsquo;aulnes et se dirige vers le mont Archangel, d&rsquo;o\u00f9 des vues sur le confluent de la rivi\u00e8re Chorokhi avec la mer Noire, les montagnes de Batoumi et Keda, Shouakh\u00e9vi et Khoulo, sur les colonies situ\u00e9es en contrebas. On peut dire que tout l&rsquo;Adjarie est d&rsquo;ici, en un coup d&rsquo;\u0153il. Un espace \u00e9co-\u00e9ducatif est situ\u00e9 \u00e0 300 m\u00e8tres de la plate-forme d&rsquo;observation, o\u00f9 vous pourrez vous familiariser avec la flore et la faune du parc national de Machakhela, organiser des conf\u00e9rences \u00e9co-\u00e9ducatives et d&rsquo;autres \u00e9v\u00e9nements.<\/span><\/h6><h6><span style=\"text-decoration: underline;\"><span style=\"color: #0000ff; text-decoration: underline;\"><em>2. Sentier Kokol\u00e9ti <\/em><\/span>&#8211; 15 km, route int\u00e9gr\u00e9e \u00e0 la marche, difficult\u00e9 &#8211; moyenne<\/span><\/h6><h6><span style=\"text-decoration: underline;\">L&rsquo;itin\u00e9raire part du village de Kokol\u00e9ti. Apr\u00e8s avoir travers\u00e9 la route du village (9 km), la route continue (6 km) dans une for\u00eat de type Colchide. Il est repr\u00e9sent\u00e9 par une for\u00eat mixte de feuillus et de conif\u00e8res et m\u00e8ne \u00e0 la plate-forme d&rsquo;observation, d&rsquo;o\u00f9 s&rsquo;ouvre une vue sur le territoire prot\u00e9g\u00e9 de la Turquie &#8211; \u00ab\u00a0Jamil Biosphere Reserve\u00a0\u00bb et 6 villages de l&rsquo;historique \u00ab\u00a0Hotte Machakh\u00e9la\u00a0\u00bb. Il y a une aire de pique-nique et de tente \u00e0 1,2 km de la maison, o\u00f9 ceux qui souhaitent passer la nuit dans la nature peuvent planter leurs tentes. Les touristes peuvent profiter du magnifique environnement de la for\u00eat tropicale, de la faune et des sources froides.<\/span><\/h6><h6><span style=\"text-decoration: underline;\"><span style=\"color: #0000ff; text-decoration: underline;\"><em>3. Chutes d&rsquo;eau Gumeaux<\/em><\/span>\u00a0&#8211; 10,6 km, voiture int\u00e9gr\u00e9e \u00e0 la marche, difficult\u00e9 &#8211; facile<\/span><\/h6><h6><span style=\"text-decoration: underline;\">Sur le chemin, vous pouvez voir de belles vues et des villages de la vall\u00e9e de Machakh\u00e9la. Les visiteurs ont la possibilit\u00e9 de visiter les canons de la Seconde Guerre mondiale. Le pont en arc de la reine Tamara, construit au XII si\u00e8cle, la forteresse Chkhoutouneti des XI-XIII si\u00e8cles et les caves \u00e0 vin. Le sentier longe la rive droite de la rivi\u00e8re Kokol\u00e9ti, o\u00f9 se rencontrent des for\u00eats mixtes de feuillus et de conif\u00e8res. Au bout du sentier, vous verrez une vue magnifique, une rivi\u00e8re bruyante avec de petites cascades et d&rsquo;\u00e9normes rochers, et deux cascades descendent parmi les rochers verts d&rsquo;environ 47 m\u00e8tres de haut.<\/span><\/h6><\/div><h6><span style=\"text-decoration: underline;\"><a style=\"color: #ff0000; text-decoration: underline;\" href=\"https:\/\/www.google.com\/maps\/d\/viewer?mid=1Vv9B5X7qH5FD57FFwDs8vzguRlw&amp;ll=41.48194464211946%2C41.82808850000001&amp;z=12\"><span style=\"color: #0000ff; text-decoration: underline;\"><em>Retrouver sur\u00a0<\/em><\/span><em> Google Maps <\/em><\/a><em><strong><a href=\"mailto:info@georgiavoyage.ge\"><img decoding=\"async\" class=\"\" src=\"\/wp-content\/uploads\/2024\/08\/Pointer.png\" width=\"23\" height=\"23\" \/><\/a>\u00a0<\/strong><\/em><\/span><\/h6>\t\t\t\t\t\t\t\t<\/div>\n\t\t\t\t<\/div>\n\t\t\t\t<\/div>\n\t\t\t\t\t<\/div>\n\t\t\t\t<\/div>\n\t\t\t\t<\/div>\n\t\t","protected":false},"excerpt":{"rendered":"<p>Parc National de Machakhela Parc national de Machakhela\u00a0\u00a0(G\u00e9orgie de l\u2019ouest, R\u00e9gion d&rsquo;Adjarie) Le parc national de Machakhela (Georgien: \u10db\u10d0\u10ed\u10d0\u10ee\u10d4\u10da\u10d0\u10e1 \u10d4\u10e0\u10dd\u10d5\u10dc\u10e3\u10da\u10d8 \u10de\u10d0\u10e0\u10d9\u10d8) &#8211; Le parc a \u00e9t\u00e9 cr\u00e9\u00e9 pour pr\u00e9server la diversit\u00e9 biologique et paysag\u00e8re unique, la protection \u00e0 long terme de l&rsquo;\u00e9cosyst\u00e8me des for\u00eats de Colchide, assurer la s\u00e9curit\u00e9 environnementale et d\u00e9velopper des activit\u00e9s touristiques [&hellip;]<\/p>\n","protected":false},"author":1,"featured_media":0,"parent":0,"menu_order":0,"comment_status":"closed","ping_status":"closed","template":"","meta":{"footnotes":""},"class_list":["post-13943","page","type-page","status-publish","hentry"],"_links":{"self":[{"href":"https:\/\/georgiavoyage.ge\/fr\/wp-json\/wp\/v2\/pages\/13943","targetHints":{"allow":["GET"]}}],"collection":[{"href":"https:\/\/georgiavoyage.ge\/fr\/wp-json\/wp\/v2\/pages"}],"about":[{"href":"https:\/\/georgiavoyage.ge\/fr\/wp-json\/wp\/v2\/types\/page"}],"author":[{"embeddable":true,"href":"https:\/\/georgiavoyage.ge\/fr\/wp-json\/wp\/v2\/users\/1"}],"replies":[{"embeddable":true,"href":"https:\/\/georgiavoyage.ge\/fr\/wp-json\/wp\/v2\/comments?post=13943"}],"version-history":[{"count":0,"href":"https:\/\/georgiavoyage.ge\/fr\/wp-json\/wp\/v2\/pages\/13943\/revisions"}],"wp:attachment":[{"href":"https:\/\/georgiavoyage.ge\/fr\/wp-json\/wp\/v2\/media?parent=13943"}],"curies":[{"name":"wp","href":"https:\/\/api.w.org\/{rel}","templated":true}]}}