{"id":13957,"date":"2024-08-21T04:11:35","date_gmt":"2024-08-21T04:11:35","guid":{"rendered":"https:\/\/georgiavoyage.web-reflection.com\/mtirala-national-park\/"},"modified":"2025-01-21T15:25:26","modified_gmt":"2025-01-21T15:25:26","slug":"mtirala-national-park","status":"publish","type":"page","link":"https:\/\/georgiavoyage.ge\/fr\/mtirala-national-park\/","title":{"rendered":"MTIRALA"},"content":{"rendered":"\t\t<div data-elementor-type=\"wp-page\" data-elementor-id=\"13957\" class=\"elementor elementor-13957 elementor-13933\">\n\t\t\t\t<div class=\"elementor-element elementor-element-a3db806 blogi e-flex e-con-boxed e-con e-parent\" data-id=\"a3db806\" data-element_type=\"container\" data-settings=\"{&quot;background_background&quot;:&quot;classic&quot;}\">\n\t\t\t\t\t<div class=\"e-con-inner\">\n\t\t<div class=\"elementor-element elementor-element-242f925 e-con-full e-flex e-con e-child\" data-id=\"242f925\" data-element_type=\"container\">\n\t\t\t\t<div class=\"elementor-element elementor-element-b9818e8 elementor-widget elementor-widget-heading\" data-id=\"b9818e8\" data-element_type=\"widget\" data-widget_type=\"heading.default\">\n\t\t\t\t<div class=\"elementor-widget-container\">\n\t\t\t\t\t<h2 class=\"elementor-heading-title elementor-size-default\">Parc National de Mtirala<\/h2>\t\t\t\t<\/div>\n\t\t\t\t<\/div>\n\t\t\t\t<div class=\"elementor-element elementor-element-f4e0191 elementor-widget elementor-widget-image\" data-id=\"f4e0191\" data-element_type=\"widget\" data-widget_type=\"image.default\">\n\t\t\t\t<div class=\"elementor-widget-container\">\n\t\t\t\t\t\t\t\t\t\t\t\t\t\t\t<img fetchpriority=\"high\" decoding=\"async\" width=\"720\" height=\"460\" src=\"https:\/\/georgiavoyage.ge\/wp-content\/uploads\/2024\/08\/Mtirala-National-Park.jpg\" class=\"attachment-large size-large wp-image-12209\" alt=\"National park Of Mtirala\" srcset=\"https:\/\/georgiavoyage.ge\/wp-content\/uploads\/2024\/08\/Mtirala-National-Park.jpg 720w, https:\/\/georgiavoyage.ge\/wp-content\/uploads\/2024\/08\/Mtirala-National-Park-300x192.jpg 300w, https:\/\/georgiavoyage.ge\/wp-content\/uploads\/2024\/08\/Mtirala-National-Park-600x383.jpg 600w\" sizes=\"(max-width: 720px) 100vw, 720px\" \/>\t\t\t\t\t\t\t\t\t\t\t\t\t\t\t<\/div>\n\t\t\t\t<\/div>\n\t\t\t\t<div class=\"elementor-element elementor-element-c68d262 elementor-widget elementor-widget-text-editor\" data-id=\"c68d262\" data-element_type=\"widget\" data-widget_type=\"text-editor.default\">\n\t\t\t\t<div class=\"elementor-widget-container\">\n\t\t\t\t\t\t\t\t\t<h6><span style=\"text-decoration: underline;\"><span><span><em><strong>Parc national de Mtirala\u00a0<\/strong><\/em>\u00a0<\/span>(G\u00e9orgie de l\u2019ouest, R\u00e9gion d\u2019Adjarie)<\/span><\/span><\/h6><h6><span style=\"text-decoration: underline;\">Le parc national de Mtirala (G\u00e9orgien : \u10db\u10e2\u10d8\u10e0\u10d0\u10da\u10d0\u10e1 \u10d4\u10e0\u10dd\u10d5\u10dc\u10e3\u10da\u10d8 \u10de\u10d0\u10e0\u10d9\u10d8) &#8211; Un lieu rare et unique dans sa beaut\u00e9 naturelle avec une superficie de 15,8 mille hectares, situ\u00e9 \u00e0 une altitude de 1761 m\u00e8tres au-dessus du niveau de la mer sur les pentes du mont Mtirala, qui en g\u00e9orgien signifie \u00ab\u00a0pleurer\u00a0\u00bb. La montagne, couverte de for\u00eats vertes immacul\u00e9es, a re\u00e7u ce nom \u00ab gr\u00e2ce \u00bb aux pluies fr\u00e9quentes typiques de cette r\u00e9gion. En raison de l&rsquo;\u00e9norme quantit\u00e9 de pr\u00e9cipitations par an (4,5 mille mm), le territoire du parc national est consid\u00e9r\u00e9 comme l&rsquo;endroit le plus humide d&rsquo;Europe. C&rsquo;est un coin fabuleux et unique de nature vierge, intact par l&rsquo;homme.<\/span><\/h6><h6><span style=\"text-decoration: underline;\">Le paysage du parc est repr\u00e9sent\u00e9 par des terrasses en gradins descendant vers la mer. Chaque niveau a ses propres plantes et arbres caract\u00e9ristiques de cette zone climatique. Presque tous les arbres du parc sont couverts de mousse. Ici vous pouvez trouver des for\u00eats mixtes de conif\u00e8res, des plantations de h\u00eatres, des ch\u00eanes pontiques, des for\u00eats de Colchis, des gorges, des cascades, des bosquets et des for\u00eats de ch\u00e2taigniers, des rivi\u00e8res de montagne, des prairies alpines avec une vari\u00e9t\u00e9 d&rsquo;herbes et de fleurs et un air cristallin des montagnes, ce qui est impossible \u00e0 respirer. Le parc poss\u00e8de de nombreuses sources curatives avec de l&rsquo;eau simple et min\u00e9rale situ\u00e9es sur les pentes de la montagne.<\/span><\/h6><h6><span style=\"text-decoration: underline;\">Les experts estiment que c&rsquo;est pratiquement le seul endroit sur Terre o\u00f9 l&rsquo;on peut trouver une flore aussi rare et unique. Il y a des sentiers de randonn\u00e9e d&rsquo;un et deux jours dans le parc national de Mtirala. Le sentier est balis\u00e9 et bien entretenu. Il y a des endroits pour les pique-niques et le camping, un site de feu de camp s\u00e9par\u00e9, et sur le 9\u00e8me km du sentier, il y a un refuge touristique Mtirala, o\u00f9 vous pouvez passer la nuit. Le parc national propose aux touristes des randonn\u00e9es p\u00e9destres, \u00e9questres, des circuits scientifiques et \u00e9cologiques.<\/span><\/h6><h6><span style=\"text-decoration: underline;\">Compagnie touristique\u00a0<span style=\"color: #0000ff; text-decoration: underline;\"><em>\u00abGeorgia Voyage<\/em><strong><em>\u00bb<\/em><\/strong><\/span>, donne aux touristes la possibilit\u00e9 de recevoir \u00a0toutes les informations n\u00e9cessaires. Pour plus d\u2019informations, n\u2019h\u00e9sitez pas \u00e0 nous contacter au <span style=\"color: #ff6600; text-decoration: underline;\"><span><em><strong>Viber \/ WhatsApp +995 599 25 65 19<\/strong><\/em><\/span>\u00a0<\/span> ou<span style=\"color: #ff0000; text-decoration: underline;\">\u00a0E-mail :\u00a0<a style=\"color: #ff0000; text-decoration: underline;\" href=\"mailto:info@georgiavoyage.ge\"><strong><em>info@georgiavoyage.ge<\/em><\/strong><\/a> <\/span><em><span style=\"color: #000000; text-decoration: underline;\"><strong><a href=\"mailto:info@georgiavoyage.ge\"><img decoding=\"async\" class=\"\" src=\"\/wp-content\/uploads\/2024\/08\/Pointer.png\" width=\"23\" height=\"23\" \/><\/a>\u00a0<\/strong><\/span><\/em> Nous sommes toujours pr\u00eats \u00e0 vous conseiller et\u00a0 r\u00e9pondre \u00e0 toutes vos questions, relatives \u00e0 l\u2019organisation du tourisme et des loisirs en G\u00e9orgie.<\/span><\/h6><h6><span style=\"text-decoration: underline;\">Les programmes des circuits seront discut\u00e9 et planifi\u00e9 individuellement, tout en tenant compte de vos choix et de vos souhaits, \u00a0pour avoir un meilleur aper\u00e7u des sentiers et randonn\u00e9es, sur le territoire du\u00a0<span style=\"color: #0000ff;\"><em>Parc National de Mtirala.<\/em><\/span><\/span><\/h6><h6><span style=\"text-decoration: underline; color: #0000ff;\"><em>Sentiers touristiques marqu\u00e9s et\u00a0organis\u00e9es par nos soins :<\/em><\/span><\/h6><h6><span style=\"text-decoration: underline;\"><span style=\"color: #0000ff;\"><em>1.Sentier de la ch\u00e2taigne\u00a0<\/em><\/span>&#8211; 7 km. 1 jour, randonn\u00e9e \u00e0 pied, difficult\u00e9 &#8211; facile<\/span><\/h6><h6><span style=\"text-decoration: underline;\">L&rsquo;itin\u00e9raire touristique est \u00e0 pied et est destin\u00e9 \u00e0 des fins \u00e9ducatives et de divertissement. Il unit deux lieux importants &#8211; une cascade et un lac. Ce qui rend ce chemin attractif, ce sont les jeunes sous-bois de laurier cerisier, de buis Colchide et de divers types de peluche. L&rsquo;itin\u00e9raire est situ\u00e9 \u00e0 une altitude de 265 \u00e0 442 m au-dessus du niveau de la mer et longe la magnifique gorge de la rivi\u00e8re Chakvistskali. Au 6\u00e8me kilom\u00e8tre de la route, il y a une cascade, immerg\u00e9e dans le buis de Colchide et en peluche, avec une hauteur de chute de plus de 15 m. Pr\u00e8s de la cascade, au sein de la nature, il y a des endroits sp\u00e9ciaux pour le camping. Il y a aussi des lieux de pique-nique et d&rsquo;allumage du feu.<\/span><\/h6><h6><span style=\"text-decoration: underline;\"><span style=\"color: #0000ff; text-decoration: underline;\"><em>2.Tsivtskaro\u00a0<\/em><\/span>&#8211; 15 km. 2 jours, randonn\u00e9e\u00a0\u00e0 pied \/ cheval, difficult\u00e9 &#8211; moyenne<\/span><\/h6><h6><span style=\"text-decoration: underline;\">Le d\u00e9but du sentier est repr\u00e9sent\u00e9 par une for\u00eat mixte de feuillus de type Colchide, au bout du sentier 70% est une for\u00eat de h\u00eatres. En plus de la v\u00e9g\u00e9tation, il est \u00e9galement possible de trouver des traces de chevreuils, martres, blaireaux, chamois et autres repr\u00e9sentants de la faune. Pendant le sentier il y a des sources naturelles sur les sentiers. Sur cette route, on trouve principalement une for\u00eat vierge, o\u00f9 il est possible d&rsquo;organiser des recherches scientifiques sur la flore et la faune.<\/span><\/h6><h6><a style=\"color: #ff0000;\" href=\"https:\/\/www.google.com\/maps\/d\/viewer?mid=1Vv9B5X7qH5FD57FFwDs8vzguRlw&amp;ll=41.663795659085125%2C41.82928949055638&amp;z=12\"><span style=\"text-decoration: underline;\"><em><strong><span style=\"color: #0000ff; text-decoration: underline;\">Retrouver sur<\/span> <\/strong><\/em><\/span><em><strong><span style=\"text-decoration: underline;\">Google Maps<\/span><\/strong><\/em><\/a><em><strong><a href=\"mailto:info@georgiavoyage.ge\"><img decoding=\"async\" class=\"\" src=\"\/wp-content\/uploads\/2024\/08\/Pointer.png\" width=\"23\" height=\"23\" \/><\/a>\u00a0<\/strong><\/em><\/h6>\t\t\t\t\t\t\t\t<\/div>\n\t\t\t\t<\/div>\n\t\t\t\t<\/div>\n\t\t\t\t\t<\/div>\n\t\t\t\t<\/div>\n\t\t\t\t<\/div>\n\t\t","protected":false},"excerpt":{"rendered":"<p>Parc National de Mtirala Parc national de Mtirala\u00a0\u00a0(G\u00e9orgie de l\u2019ouest, R\u00e9gion d\u2019Adjarie) Le parc national de Mtirala (G\u00e9orgien : \u10db\u10e2\u10d8\u10e0\u10d0\u10da\u10d0\u10e1 \u10d4\u10e0\u10dd\u10d5\u10dc\u10e3\u10da\u10d8 \u10de\u10d0\u10e0\u10d9\u10d8) &#8211; Un lieu rare et unique dans sa beaut\u00e9 naturelle avec une superficie de 15,8 mille hectares, situ\u00e9 \u00e0 une altitude de 1761 m\u00e8tres au-dessus du niveau de la mer sur les pentes [&hellip;]<\/p>\n","protected":false},"author":1,"featured_media":0,"parent":0,"menu_order":0,"comment_status":"closed","ping_status":"closed","template":"","meta":{"footnotes":""},"class_list":["post-13957","page","type-page","status-publish","hentry"],"_links":{"self":[{"href":"https:\/\/georgiavoyage.ge\/fr\/wp-json\/wp\/v2\/pages\/13957","targetHints":{"allow":["GET"]}}],"collection":[{"href":"https:\/\/georgiavoyage.ge\/fr\/wp-json\/wp\/v2\/pages"}],"about":[{"href":"https:\/\/georgiavoyage.ge\/fr\/wp-json\/wp\/v2\/types\/page"}],"author":[{"embeddable":true,"href":"https:\/\/georgiavoyage.ge\/fr\/wp-json\/wp\/v2\/users\/1"}],"replies":[{"embeddable":true,"href":"https:\/\/georgiavoyage.ge\/fr\/wp-json\/wp\/v2\/comments?post=13957"}],"version-history":[{"count":0,"href":"https:\/\/georgiavoyage.ge\/fr\/wp-json\/wp\/v2\/pages\/13957\/revisions"}],"wp:attachment":[{"href":"https:\/\/georgiavoyage.ge\/fr\/wp-json\/wp\/v2\/media?parent=13957"}],"curies":[{"name":"wp","href":"https:\/\/api.w.org\/{rel}","templated":true}]}}