{"id":13975,"date":"2024-08-21T05:18:59","date_gmt":"2024-08-21T05:18:59","guid":{"rendered":"https:\/\/georgiavoyage.web-reflection.com\/tusheti-national-park\/"},"modified":"2025-01-21T07:56:38","modified_gmt":"2025-01-21T07:56:38","slug":"tusheti-national-park","status":"publish","type":"page","link":"https:\/\/georgiavoyage.ge\/fr\/tusheti-national-park\/","title":{"rendered":"TOUCH\u00c9TIE"},"content":{"rendered":"\t\t<div data-elementor-type=\"wp-page\" data-elementor-id=\"13975\" class=\"elementor elementor-13975 elementor-13934\">\n\t\t\t\t<div class=\"elementor-element elementor-element-a3db806 blogi e-flex e-con-boxed e-con e-parent\" data-id=\"a3db806\" data-element_type=\"container\" data-settings=\"{&quot;background_background&quot;:&quot;classic&quot;}\">\n\t\t\t\t\t<div class=\"e-con-inner\">\n\t\t<div class=\"elementor-element elementor-element-242f925 e-con-full e-flex e-con e-child\" data-id=\"242f925\" data-element_type=\"container\">\n\t\t\t\t<div class=\"elementor-element elementor-element-b9818e8 elementor-widget elementor-widget-heading\" data-id=\"b9818e8\" data-element_type=\"widget\" data-widget_type=\"heading.default\">\n\t\t\t\t<div class=\"elementor-widget-container\">\n\t\t\t\t\t<h2 class=\"elementor-heading-title elementor-size-default\">Aires prot\u00e9g\u00e9es\u00a0de Touch\u00e9tie<\/h2>\t\t\t\t<\/div>\n\t\t\t\t<\/div>\n\t\t\t\t<div class=\"elementor-element elementor-element-f4e0191 elementor-widget elementor-widget-image\" data-id=\"f4e0191\" data-element_type=\"widget\" data-widget_type=\"image.default\">\n\t\t\t\t<div class=\"elementor-widget-container\">\n\t\t\t\t\t\t\t\t\t\t\t\t\t\t\t<img fetchpriority=\"high\" decoding=\"async\" width=\"720\" height=\"460\" src=\"https:\/\/georgiavoyage.ge\/wp-content\/uploads\/2024\/09\/Waterfall-in-Tusheti.jpg\" class=\"attachment-large size-large wp-image-19514\" alt=\"Waterfall in Tusheti\" srcset=\"https:\/\/georgiavoyage.ge\/wp-content\/uploads\/2024\/09\/Waterfall-in-Tusheti.jpg 720w, https:\/\/georgiavoyage.ge\/wp-content\/uploads\/2024\/09\/Waterfall-in-Tusheti-300x192.jpg 300w, https:\/\/georgiavoyage.ge\/wp-content\/uploads\/2024\/09\/Waterfall-in-Tusheti-600x383.jpg 600w\" sizes=\"(max-width: 720px) 100vw, 720px\" \/>\t\t\t\t\t\t\t\t\t\t\t\t\t\t\t<\/div>\n\t\t\t\t<\/div>\n\t\t\t\t<div class=\"elementor-element elementor-element-c68d262 elementor-widget elementor-widget-text-editor\" data-id=\"c68d262\" data-element_type=\"widget\" data-widget_type=\"text-editor.default\">\n\t\t\t\t<div class=\"elementor-widget-container\">\n\t\t\t\t\t\t\t\t\t<h6><span style=\"text-decoration: underline;\"><em>Aires prot\u00e9g\u00e9es<\/em>\u00a0de Touch\u00e9tie<\/span><\/h6><h6><span style=\"text-decoration: underline;\"><span class=\"VIiyi\" lang=\"fr\"><span class=\"JLqJ4b\" data-language-for-alternatives=\"fr\" data-language-to-translate-into=\"ru\" data-phrase-index=\"0\"><em>Aires prot\u00e9g\u00e9es<\/em> de Touch\u00e9tie(Georgien: \u10d7\u10e3\u10e8\u10d4\u10d7\u10d8\u10e1 \u10d3\u10d0\u10ea\u10e3\u10da\u10d8 \u10e2\u10d4\u10e0\u10d8\u10e2\u10dd\u10e0\u10d8\u10d4\u10d1\u10d8) &#8211; <em>Aires prot\u00e9g\u00e9es\u00a0<\/em> sont situ\u00e9 sur le territoire de la r\u00e9gion historique du m\u00eame nom, connue pour ses paysages de montagne pittoresques, ses prairies alpines et l&rsquo;hospitalit\u00e9 des r\u00e9sidents locaux. Le parc prot\u00e9g\u00e9 occupe la majeure partie de Touch\u00e9tie, situ\u00e9 dans la partie nord-est du pays. La superficie des <em>Aires prot\u00e9g\u00e9es\u00a0<\/em> de Touch\u00e9tie est de 69 500 hectares. La superficie de la r\u00e9serve d&rsquo;\u00c9tat est de 12 600 hectares. La beaut\u00e9 naturelle combine les sommets des montagnes, les cols, les pentes pittoresques, les gorges, les rivi\u00e8res, les prairies et les vall\u00e9es.<\/span><\/span><\/span><\/h6><h6><span style=\"text-decoration: underline;\"><span class=\"VIiyi\" lang=\"fr\"><span class=\"JLqJ4b\" data-language-for-alternatives=\"fr\" data-language-to-translate-into=\"ru\" data-phrase-index=\"0\">Les villages pittoresques avec des maisons perch\u00e9es sur les collines gardent leur propre histoire et pr\u00e9sentent leurs sites aux voyageurs &#8211; tours, forteresses, ruines de temples.\u00a0<\/span><\/span><span class=\"VIiyi\" lang=\"fr\"><span class=\"JLqJ4b\" data-language-for-alternatives=\"fr\" data-language-to-translate-into=\"ru\" data-phrase-index=\"0\">Sur le territoire du parc national sont conserv\u00e9s d&rsquo;anciennes s\u00e9pultures, des tombes du 5\u00e8me si\u00e8cle. et des croix install\u00e9es sur les hauteurs. La richesse de la flore et la pr\u00e9sence d&rsquo;un grand nombre de sources d&rsquo;eau douce contribuent au soutien, \u00e0 la pr\u00e9servation et au d\u00e9veloppement de la faune des <em>Aires prot\u00e9g\u00e9es\u00a0<\/em> de Touch\u00e9tie.<\/span><\/span><\/span><\/h6><h6><span style=\"text-decoration: underline;\"><span class=\"VIiyi\" lang=\"fr\"><span class=\"JLqJ4b\" data-language-for-alternatives=\"fr\" data-language-to-translate-into=\"ru\" data-phrase-index=\"0\">Les touristes peuvent choisir des visites historiques, culturelles et folkloriques, se familiariser avec les paysages naturels et les sites artificiels, observer les oiseaux de proie et les ch\u00e8vres b\u00e9zoards du Caucase. Pendant le voyage, les touristes peuvent apprendre \u00e0 conna\u00eetre les habitants et les bergers, voir la vie rurale color\u00e9e, d\u00e9guster des plats d&rsquo;agneau et des fromages faits maison et, s&rsquo;ils le souhaitent, participer \u00e0 leur pr\u00e9paration. La saison touristique \u00e0\u00a0 Touch\u00e9tie ne dure que quelques mois &#8211; de juin \u00e0 octobre.<\/span><\/span><\/span><\/h6><h6><span style=\"text-decoration: underline;\">Compagnie touristique\u00a0<span style=\"color: #0000ff;\"><em>\u00abGeorgia Voyage\u00bb<\/em><\/span>, donne aux touristes la possibilit\u00e9 de recevoir \u00a0toutes les informations n\u00e9cessaires. Pour plus d\u2019informations, n\u2019h\u00e9sitez pas \u00e0 nous contacter au <span style=\"color: #ff0000; text-decoration: underline;\"><strong><em>Viber \/ WhatsApp +995 599 25 65 19\u00a0 <\/em><\/strong><span style=\"color: #000000; text-decoration: underline;\">ou E-mail :<\/span><strong><a style=\"color: #ff0000; text-decoration: underline;\" href=\"mailto:info@georgiavoyage.ge\"><em>info@georgiavoyage.ge <a href=\"mailto:info@georgiavoyage.ge\"><img decoding=\"async\" class=\"\" src=\"https:\/\/georgiavoyage.ge\/wp-content\/uploads\/2024\/08\/Pointer.png\" width=\"23\" height=\"23\" \/> <\/a><\/em><\/a><\/strong><\/span>Nous sommes toujours pr\u00eats \u00e0 vous conseiller et\u00a0 r\u00e9pondre\u00a0\u00e0 toutes vos questions, concernant l\u2019organisation du tourisme et des loisirs en G\u00e9orgie.<\/span><\/h6><h6><span style=\"text-decoration: underline;\">Les programmes des circuits seront discut\u00e9 et planifi\u00e9 individuellement, tout en tenant compte de vos choix et de vos souhaits, \u00a0pour avoir un meilleur aper\u00e7u des sentiers et randonn\u00e9es, sur le territoire des\u00a0 <span style=\"color: #0000ff; text-decoration: underline;\"><em>Aires prot\u00e9g\u00e9es\u00a0<\/em><\/span><span style=\"color: #0000ff; text-decoration: underline;\"><em>de Touch\u00e9tie.<\/em><\/span><\/span><\/h6><h6><span style=\"text-decoration: underline;\"><span style=\"color: #0000ff; text-decoration: underline;\"><em>Sentiers touristiques marqu\u00e9s et\u00a0organis\u00e9es par nos soins :<\/em><\/span><\/span><\/h6><h6><span style=\"text-decoration: underline;\"><span class=\"VIiyi\" lang=\"fr\"><span class=\"JLqJ4b\" data-language-for-alternatives=\"fr\" data-language-to-translate-into=\"ru\" data-phrase-index=\"0\"><span style=\"color: #000080; text-decoration: underline;\"><em>1<span style=\"color: #0000ff; text-decoration: underline;\">. Kesselo<\/span><\/em><\/span>\u00a0&#8211; 10 km, 8 h, \u00e0 pied, facile<\/span><\/span><\/span><\/h6><h6><span style=\"text-decoration: underline;\"><span class=\"VIiyi\" lang=\"fr\"><span class=\"JLqJ4b\" data-language-for-alternatives=\"fr\" data-language-to-translate-into=\"ru\" data-phrase-index=\"0\"><em>Principales attractions<\/em>: forteresse de K\u00e9ss\u00e9lo, mus\u00e9e ethnographique, paysage impressionnant, vari\u00e9t\u00e9 d&rsquo;oiseaux, observation des ch\u00e8vres b\u00e9zoards.<\/span><\/span><\/span><\/h6><h6><span style=\"text-decoration: underline;\"><span class=\"VIiyi\" lang=\"fr\"><span class=\"JLqJ4b\" data-language-for-alternatives=\"fr\" data-language-to-translate-into=\"ru\" data-phrase-index=\"0\">2.\u00a0<span style=\"color: #0000ff; text-decoration: underline;\"><em>Dartlo-Kvavlo<\/em><\/span>\u00a0&#8211; 25 km, 2 jours, \u00e0 pied et \u00e0 cheval, difficult\u00e9 moyenne<\/span><\/span><\/span><\/h6><h6><span style=\"text-decoration: underline;\"><span class=\"VIiyi\" lang=\"fr\"><span class=\"JLqJ4b\" data-language-for-alternatives=\"fr\" data-language-to-translate-into=\"ru\" data-phrase-index=\"0\"><em>Principales attractions:<\/em>\u00a0Le village de Dartlo est l&rsquo;un des plus beaux endroits et se distingue par son ensemble architectural et son paysage. Du village de Dartlo, la route monte au village de Kvavlo. Le village est situ\u00e9 sur les pentes rocheuses des montagnes. Les quartiers sont reli\u00e9s par des chemins construits en pierre et travers\u00e9s de passerelles.<\/span><\/span><\/span><\/h6><h6><span style=\"text-decoration: underline;\"><span class=\"VIiyi\" lang=\"fr\"><span class=\"JLqJ4b\" data-language-for-alternatives=\"fr\" data-language-to-translate-into=\"ru\" data-phrase-index=\"0\">3.<strong>\u00a0<\/strong><span style=\"color: #0000ff; text-decoration: underline;\"><em>Dakou\u00e9khi<\/em>\u00a0<\/span>&#8211; 73 km, 6 jours,\u00a0 \u00e0 cheval, difficile<\/span><\/span><\/span><\/h6><h6><span style=\"text-decoration: underline;\"><span class=\"VIiyi\" lang=\"fr\"><span class=\"JLqJ4b\" data-language-for-alternatives=\"fr\" data-language-to-translate-into=\"ru\" data-phrase-index=\"0\"><em>Principales attractions:<\/em>\u00a0l&rsquo;un des plus beaux villages de Touch\u00e9tie &#8211; Dartlo, les forteresses m\u00e9di\u00e9vales, le paysage impressionnant et les gorges de Pirikiti et du col d&rsquo;Atsunta, une vari\u00e9t\u00e9 d&rsquo;oiseaux, de merveilleux exemples architecturaux &#8211; Moutso et Shatili.<\/span><\/span><\/span><\/h6><h6><span style=\"text-decoration: underline;\"><span class=\"VIiyi\" lang=\"fr\"><span class=\"JLqJ4b\" data-language-for-alternatives=\"fr\" data-language-to-translate-into=\"ru\" data-phrase-index=\"0\"><strong>4.<\/strong><span style=\"color: #0000ff; text-decoration: underline;\">\u00a0<em>Diklo<\/em><\/span><strong>\u00a0<\/strong>&#8211; 28 km, 1-2 jours, \u00e0 pied et \u00e0 cheval, difficult\u00e9 moyenne<\/span><\/span><\/span><\/h6><h6><span style=\"text-decoration: underline;\"><span class=\"VIiyi\" lang=\"fr\"><span class=\"JLqJ4b\" data-language-for-alternatives=\"fr\" data-language-to-translate-into=\"ru\" data-phrase-index=\"0\"><em>Principales attractions:<\/em>\u00a0l&rsquo;un des plus beaux villages de Touch\u00e9tie &#8211; Sh\u00e9nako, les ruines de l&rsquo;ancien Diklo, un paysage naturel impressionnant, une vari\u00e9t\u00e9 d&rsquo;oiseaux.<\/span><\/span><\/span><\/h6><h6><span style=\"text-decoration: underline;\"><span class=\"VIiyi\" lang=\"fr\"><span class=\"JLqJ4b\" data-language-for-alternatives=\"fr\" data-language-to-translate-into=\"ru\" data-phrase-index=\"0\">5.\u00a0<span style=\"color: #0000ff; text-decoration: underline;\"><em>Gonta<\/em><\/span>\u00a0&#8211; 49 km, 3 jours, \u00a0\u00e0 cheval, difficile<\/span><\/span><\/span><\/h6><h6><span style=\"text-decoration: underline;\"><span class=\"VIiyi\" lang=\"fr\"><span class=\"JLqJ4b\" data-language-for-alternatives=\"fr\" data-language-to-translate-into=\"ru\" data-phrase-index=\"0\"><em>Principales attractions:<\/em>\u00a0des prairies alpines uniques, la route se dirige vers la cr\u00eate du bassin versant, d&rsquo;o\u00f9 les magnifiques paysages de deux vall\u00e9es (Pirikita et Gom\u00e9tsari) sont visibles. Sur le parcours, il y a des camps de bergers \u00e0 plusieurs endroits.<\/span><\/span><\/span><\/h6><h6><span style=\"text-decoration: underline;\"><span class=\"VIiyi\" lang=\"fr\"><span class=\"JLqJ4b\" data-language-for-alternatives=\"fr\" data-language-to-translate-into=\"ru\" data-phrase-index=\"0\">6.\u00a0<span style=\"color: #0000ff; text-decoration: underline;\"><em>Dochou<\/em><\/span>\u00a0&#8211; 27 km, 2 jours, \u00e0 pied ou \u00e0 cheval, difficult\u00e9 moyenne<\/span><\/span><\/span><\/h6><h6><span style=\"text-decoration: underline;\"><span class=\"VIiyi\" lang=\"fr\"><span class=\"JLqJ4b\" data-language-for-alternatives=\"fr\" data-language-to-translate-into=\"ru\" data-phrase-index=\"0\"><em>Principales attractions:<\/em>\u00a0habitat de la for\u00eat de pins, habitat de la ch\u00e8vre b\u00e9zoard, prairies alpines. L&rsquo;itin\u00e9raire traverse une for\u00eat de feuillus, traverse un pont et se d\u00e9place vers Gogroulti, o\u00f9 des tombes datant du 5\u00e8me si\u00e8cle ont \u00e9t\u00e9 d\u00e9couvertes.<\/span><\/span><\/span><\/h6><h6><span style=\"text-decoration: underline;\"><span class=\"VIiyi\" lang=\"fr\"><span class=\"JLqJ4b\" data-language-for-alternatives=\"fr\" data-language-to-translate-into=\"ru\" data-phrase-index=\"0\">7.\u00a0<span style=\"color: #0000ff; text-decoration: underline;\"><em>Or\u00e9ti<\/em><\/span>\u00a0&#8211; 18 km, 1\u20132 jours, \u00e0 pied ou \u00e0 cheval, difficult\u00e9 moyenne \/<\/span><\/span><\/span><\/h6><h6><span style=\"text-decoration: underline;\"><span class=\"VIiyi\" lang=\"fr\"><span class=\"JLqJ4b\" data-language-for-alternatives=\"fr\" data-language-to-translate-into=\"ru\" data-phrase-index=\"0\"><span style=\"color: #0000ff; text-decoration: underline;\"><em>Principales attractions:\u00a0<\/em><\/span>une vue magnifique sur le lac Or\u00e9ti, la crotte des neiges du Caucase et d&rsquo;autres esp\u00e8ces d&rsquo;oiseaux, pendant le voyage, il est possible de voir des mammif\u00e8res (cerf, ch\u00e8vre b\u00e9zoard, ours).<\/span><\/span><\/span><\/h6><h6><span style=\"text-decoration: underline;\"><span class=\"VIiyi\" lang=\"fr\"><span class=\"JLqJ4b\" data-language-for-alternatives=\"fr\" data-language-to-translate-into=\"ru\" data-phrase-index=\"0\">8.\u00a0<span style=\"color: #0000ff; text-decoration: underline;\"><em>Forteresse de l&rsquo;Amour<\/em><\/span>\u00a0&#8211; 8 km, 5 heures, \u00e0 pied ou \u00e0 cheval, difficult\u00e9 moyenne<\/span><\/span><\/span><\/h6><h6><span style=\"text-decoration: underline;\"><span class=\"VIiyi\" lang=\"fr\"><span class=\"JLqJ4b\" data-language-for-alternatives=\"fr\" data-language-to-translate-into=\"ru\" data-phrase-index=\"0\"><em>Principales attractions:<\/em>\u00a0vue sur le village d&rsquo;Omalo, habitat forestier mixte, forteresse de l&rsquo;amour. Selon la l\u00e9gende populaire, si vous faites un v\u0153u d&rsquo;amour, il se r\u00e9alisera. Les ch\u00e8vres Bezoar et l&rsquo;observation des oiseaux peuvent \u00eatre vus le long du parcours.<\/span><\/span><\/span><\/h6><h6><span style=\"text-decoration: underline;\"><span style=\"color: #ff0000; text-decoration: underline;\"><strong><em><a style=\"color: #ff0000; text-decoration: underline;\" href=\"https:\/\/www.google.com\/maps\/d\/viewer?mid=1Vv9B5X7qH5FD57FFwDs8vzguRlw&amp;ll=42.34810850000201%2C45.6233775000019&amp;z=10\"><span style=\"color: #0000ff; text-decoration: underline;\">Retrouver sur<\/span>\u00a0\u00a0Google Maps <\/a><a href=\"mailto:info@georgiavoyage.ge\"><img decoding=\"async\" class=\"\" src=\"https:\/\/georgiavoyage.ge\/wp-content\/uploads\/2024\/08\/Pointer.png\" width=\"23\" height=\"23\" \/><\/a><a style=\"color: #ff0000; text-decoration: underline;\" href=\"https:\/\/www.google.com\/maps\/d\/viewer?mid=1Vv9B5X7qH5FD57FFwDs8vzguRlw&amp;ll=42.34810850000201%2C45.6233775000019&amp;z=10\">\u00a0<\/a><\/em><\/strong><\/span><\/span><\/h6>\t\t\t\t\t\t\t\t<\/div>\n\t\t\t\t<\/div>\n\t\t\t\t<\/div>\n\t\t\t\t\t<\/div>\n\t\t\t\t<\/div>\n\t\t\t\t<\/div>\n\t\t","protected":false},"excerpt":{"rendered":"<p>Aires prot\u00e9g\u00e9es\u00a0de Touch\u00e9tie Aires prot\u00e9g\u00e9es\u00a0de Touch\u00e9tie Aires prot\u00e9g\u00e9es de Touch\u00e9tie(Georgien: \u10d7\u10e3\u10e8\u10d4\u10d7\u10d8\u10e1 \u10d3\u10d0\u10ea\u10e3\u10da\u10d8 \u10e2\u10d4\u10e0\u10d8\u10e2\u10dd\u10e0\u10d8\u10d4\u10d1\u10d8) &#8211; Aires prot\u00e9g\u00e9es\u00a0 sont situ\u00e9 sur le territoire de la r\u00e9gion historique du m\u00eame nom, connue pour ses paysages de montagne pittoresques, ses prairies alpines et l&rsquo;hospitalit\u00e9 des r\u00e9sidents locaux. Le parc prot\u00e9g\u00e9 occupe la majeure partie de Touch\u00e9tie, situ\u00e9 dans la [&hellip;]<\/p>\n","protected":false},"author":1,"featured_media":0,"parent":0,"menu_order":0,"comment_status":"closed","ping_status":"closed","template":"","meta":{"footnotes":""},"class_list":["post-13975","page","type-page","status-publish","hentry"],"_links":{"self":[{"href":"https:\/\/georgiavoyage.ge\/fr\/wp-json\/wp\/v2\/pages\/13975","targetHints":{"allow":["GET"]}}],"collection":[{"href":"https:\/\/georgiavoyage.ge\/fr\/wp-json\/wp\/v2\/pages"}],"about":[{"href":"https:\/\/georgiavoyage.ge\/fr\/wp-json\/wp\/v2\/types\/page"}],"author":[{"embeddable":true,"href":"https:\/\/georgiavoyage.ge\/fr\/wp-json\/wp\/v2\/users\/1"}],"replies":[{"embeddable":true,"href":"https:\/\/georgiavoyage.ge\/fr\/wp-json\/wp\/v2\/comments?post=13975"}],"version-history":[{"count":0,"href":"https:\/\/georgiavoyage.ge\/fr\/wp-json\/wp\/v2\/pages\/13975\/revisions"}],"wp:attachment":[{"href":"https:\/\/georgiavoyage.ge\/fr\/wp-json\/wp\/v2\/media?parent=13975"}],"curies":[{"name":"wp","href":"https:\/\/api.w.org\/{rel}","templated":true}]}}