{"id":13986,"date":"2024-08-21T06:24:43","date_gmt":"2024-08-21T06:24:43","guid":{"rendered":"https:\/\/georgiavoyage.web-reflection.com\/how-to-get-to-georgia\/"},"modified":"2025-02-20T20:19:39","modified_gmt":"2025-02-20T20:19:39","slug":"how-to-get-to-georgia","status":"publish","type":"page","link":"https:\/\/georgiavoyage.ge\/fr\/how-to-get-to-georgia\/","title":{"rendered":"COMMENT PARTIR EN G\u00c9ORGIE"},"content":{"rendered":"\t\t<div data-elementor-type=\"wp-page\" data-elementor-id=\"13986\" class=\"elementor elementor-13986 elementor-13980\">\n\t\t\t\t<div class=\"elementor-element elementor-element-a3db806 blogi e-flex e-con-boxed e-con e-parent\" data-id=\"a3db806\" data-element_type=\"container\" data-settings=\"{&quot;background_background&quot;:&quot;classic&quot;}\">\n\t\t\t\t\t<div class=\"e-con-inner\">\n\t\t<div class=\"elementor-element elementor-element-242f925 e-con-full e-flex e-con e-child\" data-id=\"242f925\" data-element_type=\"container\">\n\t\t\t\t<div class=\"elementor-element elementor-element-b9818e8 elementor-widget elementor-widget-heading\" data-id=\"b9818e8\" data-element_type=\"widget\" data-widget_type=\"heading.default\">\n\t\t\t\t<div class=\"elementor-widget-container\">\n\t\t\t\t\t<h2 class=\"elementor-heading-title elementor-size-default\">Comment partir en G\u00e9orgie<\/h2>\t\t\t\t<\/div>\n\t\t\t\t<\/div>\n\t\t\t\t<div class=\"elementor-element elementor-element-c44a333 elementor-widget elementor-widget-text-editor\" data-id=\"c44a333\" data-element_type=\"widget\" data-widget_type=\"text-editor.default\">\n\t\t\t\t<div class=\"elementor-widget-container\">\n\t\t\t\t\t\t\t\t\t<p><span style=\"text-decoration: underline; color: #0000ff;\"><em><strong>PAR\u00a0 AVION<\/strong><\/em><\/span><\/p><h6><span style=\"text-decoration: underline;\"><em><img decoding=\"async\" class=\"alignleft\" src=\" \/wp-content\/uploads\/2024\/12\/Get-to-Georgia-by-Avion-1.jpg\" \/>Il y a trois a\u00e9roports internationaux sur le territoire de la G\u00e9orgie qui permettent aux touristes de diff\u00e9rents pays du monde d\u2019acc\u00e9der rapidement et confortablement \u00e0\u00a0 territoire n\u00e9cessaire du pays. Deux d&rsquo;entre eux, les a\u00e9roports de Batoumi et de Kouta\u00efssi, sont situ\u00e9s dans l&rsquo;ouest de la G\u00e9orgie, tandis que l&rsquo;a\u00e9roport de Tbilissi est situ\u00e9 dans l&rsquo;est de la G\u00e9orgie.<\/em><\/span><\/h6><h6><span style=\"text-decoration: underline;\"><span style=\"color: #0000ff; text-decoration: underline;\">A\u00e9roport international de Tbilissi<\/span> est le principal a\u00e9roport international de la G\u00e9orgie. Il est situ\u00e9 \u00e0 17 km au sud-est de la capitale Tbilissi. Situ\u00e9 pr\u00e8s de Tbilissi, la plupart de ses vols sont vers l&rsquo;Europe, la Russie et le Moyen-Orient. En 2016, l&rsquo;a\u00e9roport a atteint 2 252 535 passagers, soit une augmentation de 17 % par rapport a l&rsquo;ann\u00e9e derni\u00e8re.\u00a0 \u00a0Un nouveau terminal plus moderne a \u00e9t\u00e9 construit en 2007. Les lignes internationales ont \u00e9t\u00e9 multipli\u00e9es ces derni\u00e8res ann\u00e9es, m\u00eame si elles restent limit\u00e9es. Il peut accueillir 2,8 millions de voyageurs par an. Par ailleurs, on peut utiliser l&rsquo;h\u00e9licopt\u00e8re pour rejoindre certaines r\u00e9gions montagneuses recul\u00e9es, comme la Touch\u00e9tie ou la Svan\u00e9tie\u00a0 Pour plus d\u2019informations, veuillez visiter :<\/span> <strong><a href=\"http:\/\/www.tbilisiairport.com\/\"><span style=\"color: #ff0000; text-decoration: underline;\">www.tbilisiairport.com<\/span><\/a><span style=\"color: #ff0000; text-decoration: underline;\">\u00a0<a href=\"http:\/\/www.potiseaport.com\/\"><img decoding=\"async\" class=\"\" src=\"\/wp-content\/uploads\/2024\/08\/Pointer.png\" width=\"23\" height=\"23\" \/><\/a><\/span><\/strong><\/h6><h6><span style=\"text-decoration: underline;\"><em><span style=\"color: #0000ff;\"><strong>A\u00e9roport International de Batoumi\u00a0<\/strong><\/span>\u00a0est le troisi\u00e8me a\u00e9roport international du pays (avec celui de Tbilissi et de Kouta\u00efssi). Il est situ\u00e9 \u00e0 2 km au sud de Batoumi. Il porte le nom de l&rsquo;ing\u00e9nieur a\u00e9ronaute Alexander Kartveli, d&rsquo;origine g\u00e9orgienne, form\u00e9 en France et ayant fait carri\u00e8re aux \u00c9tats-Unis. Il dessert Batoumi, une ville en Adjarie et troisi\u00e8me ville du pays. l&rsquo;a\u00e9roport\u00a0 de Batoumi \u00a0peut accueillir 600 000 personnes par an.\u00a0 Il est g\u00e9r\u00e9 par TAV Airport Holding (qui g\u00e8re aussi celui de Tbilissi).\u00a0 Fin 2016, l&rsquo;a\u00e9roport se trouvait dans le top 5 des a\u00e9roports europ\u00e9ens qui ont eu les meilleures croissances.\u00a0\u00a0Pour plus d\u2019informations, veuillez visiter :\u00a0<span style=\"color: #ff0000;\"><strong><a style=\"color: #ff0000; text-decoration: underline;\" href=\"http:\/\/www.batumiairport.com\/flightInfo.aspx\">www.batumiairport.co \u00a0 <\/a><\/strong><\/span><\/em><\/span><\/h6><h6><span style=\"text-decoration: underline;\"><em><span style=\"color: #0000ff;\"><strong>A\u00e9roport international de Kouta\u00efssi<\/strong><\/span>\u00a0est un des trois a\u00e9roports internationaux du pays. Il dessert la ville de Kouta\u00efssi et est connect\u00e9 avec Tbilissi et Batoumi.\u00a0 Mis en service pendant l&rsquo;\u00e8re sovi\u00e9tique, il fut ferm\u00e9 en novembre 2011 pour des travaux de r\u00e9novation avant de rouvrir \u00e0 nouveau en 2012.\u00a0 VINCI Airports a \u00e9t\u00e9 choisi par le gouvernement g\u00e9orgien pour assurer une prestation de conseil et d\u2019assistance aupr\u00e8s de United Airports of Georgia (UAG) pour la mise en service du nouvel a\u00e9roport de Kouta\u00efssi.\u00a0Cette mission a permis \u00e0 VINCI Airports de d\u00e9montrer son expertise et la comp\u00e9tence de ses \u00e9quipes dans la gestion a\u00e9roportuaire, faisant de lui un acteur significatif du secteur, tant en France qu\u2019\u00e0 l\u2019international. \u00a0 Pour plus d\u2019informations, veuillez visiter :\u00a0<span style=\"color: #ff0000; text-decoration: underline;\">\u00a0<strong><span style=\"color: #ff0000;\"><a style=\"color: #ff0000; text-decoration: underline;\" href=\"http:\/\/www.kutaisi.aero\">www.kutaisiairport.ge<\/a><\/span><\/strong>\u00a0<strong><a href=\"http:\/\/www.potiseaport.com\/\"><img decoding=\"async\" class=\"\" src=\" \/wp-content\/uploads\/2024\/08\/Pointer.png\" width=\"23\" height=\"23\" \/><\/a><\/strong><\/span><\/em><\/span><\/h6><h6><span style=\"text-decoration: underline; color: #0000ff;\"><em><strong>PAR VOITURE<\/strong><\/em><\/span><\/h6><h6><span style=\"text-decoration: underline;\"><em><img decoding=\"async\" class=\"alignright\" src=\" \/wp-content\/uploads\/2024\/12\/Get-to-Georgia-by-Auto-1.jpg\" width=\"243\" height=\"174\" \/><\/em> La G\u00e9orgie est strat\u00e9giquement localis\u00e9e comme un pays raccordant l&rsquo;Europe et l&rsquo;Asie et la participation active d&rsquo;organisations internationales dans le travail donne au pays l&rsquo;occasion de d\u00e9velopper et de renforcer son statut d&rsquo;\u00c9tat de transit. La G\u00e9orgie a un r\u00e9seau autoroutier en cours de d\u00e9veloppement.<\/span><\/h6><h6><span style=\"text-decoration: underline;\"><em><span style=\"color: #993366; text-decoration: underline;\"><strong>Entrer en G\u00e9orgie en voiture<\/strong>\u00a0<\/span>est possible depuis la Turquie, l&rsquo;Arm\u00e9nie, l&rsquo;Azerba\u00efdjan et la Russie. Quand les voyageurs se d\u00e9placent \u00e0 travers le continent eurasien en voiture, ils restent souvent sur la route de la soie historique. Les conducteurs pour bouger en G\u00e9orgie ont besoin d&rsquo;un permis de conduire valide, une assurance et un document en certifiant la propri\u00e9t\u00e9 de la voiture. \u00c0 l&rsquo;entr\u00e9e en G\u00e9orgie en voiture, les touristes ne supportent pas de prix suppl\u00e9mentaires, bien que, \u00e0 la fronti\u00e8re il est n\u00e9cessaire de remplir les documents pertinents.<\/em><\/span><\/h6><h6><span style=\"text-decoration: underline;\"><em>La conduite est \u00e0 droite. La limitation de vitesse est 60 km\/h dans les villes. Dans les autres zones, il est de 80 km \/ h sauf indication contraire. Il existe une politique de tol\u00e9rance z\u00e9ro \u00e0 l&rsquo;\u00e9gard de la conduite en \u00e9tat d&rsquo;ivresse. Il est obligatoire de porter la ceinture de s\u00e9curit\u00e9 en G\u00e9orgie. Les enfants de moins de 7 ans doivent s&rsquo;asseoir dans des si\u00e8ges de s\u00e9curit\u00e9 pour enfants.<\/em><\/span><\/h6><h6><span style=\"text-decoration: underline; color: #0000ff;\"><em><strong>PAR BUS<\/strong><\/em><\/span><\/h6><h6><span style=\"text-decoration: underline;\"><em><img loading=\"lazy\" decoding=\"async\" class=\"alignleft\" src=\" \/wp-content\/uploads\/2024\/12\/Get-to-Georgia-by-Bus-1.jpg\" width=\"254\" height=\"169\" \/>Il existe des services d\u2019autobus directs pour Tbilissi depuis de la Russie, d\u2019Azerba\u00efdjan, d\u2019Arm\u00e9nie et de Turquie. L\u2019entr\u00e9e sur le territoire g\u00e9orgien est interdite par les fronti\u00e8res de l\u2019Abkhazie et de l\u2019Oss\u00e9tie du Sud. Points d\u2019entr\u00e9e actuellement disponibles :<\/em><\/span><\/h6><h6><span style=\"text-decoration: underline;\"><em><span style=\"color: #993366; text-decoration: underline;\"><strong>Russie &#8211; Larsi\u00a0<\/strong>\u00a0<\/span>(Nord de la G\u00e9orgie). Distance Tbilissi \u2013 153 km. \/ 3-4 heures environ de conduite)\u00a0 Itin\u00e9raire sugg\u00e9r\u00e9 : Larsi-St\u00e9phantsminda-Goudaouri-Tbilissi<\/em><\/span><\/h6><h6><span style=\"text-decoration: underline;\"><em><strong><span style=\"color: #993366; text-decoration: underline;\">Azerba\u00efdjan &#8211; Lagod\u00e9khi<\/span>\u00a0<\/strong>( est de la G\u00e9orgie).\u00a0Distance jusqu\u00e0 Tbilissi \u2013 170 km.\u00a0 Itin\u00e9raire sugg\u00e9r\u00e9 : Bakou\u00a0 &#8211; Tbilissi (600 km \/ 9 -10 heures de conduite\u00a0 \u00a0 \u00a0 \u00a0 \u00a0 \u00a0 \u00a0 \u00a0 \u00a0 \u00a0 \u00a0 \u00a0 \u00a0 \u00a0 \u00a0 \u00a0 \u00a0 \u00a0<\/em><\/span><\/h6><h6><span style=\"text-decoration: underline;\"><em><span style=\"color: #993366;\"><strong>Pont rouge<\/strong><\/span>\u00a0(sud &#8211; est de la G\u00e9orgie).\u00a0Distance jusqu\u00e0 Tbilissi \u2013 70 km.\u00a0Itin\u00e9raire sugg\u00e9r\u00e9 : Bakou &#8211; Yevlakh &#8211; Gandja &#8211; Kazakh &#8211; Roustavi &#8211; Tbilissi (550 km \/ 8-9 heures de conduite)<\/em><\/span><\/h6><h6><span style=\"text-decoration: underline;\"><em><span style=\"color: #993366;\"><strong>Arm\u00e9nie &#8211; Sadakhlo<\/strong><\/span>\u00a0(G\u00e9orgie du sud-est).\u00a0Distance jusqu\u00e0 Tbilissi \u2013 90 km.\u00a0Itin\u00e9raire sugg\u00e9r\u00e9 : Erevan &#8211; Hrazdan\u00a0 &#8211; Dilijan &#8211; Vanadzor &#8211; Sadakhlo &#8211; Choulav\u00e9ri &#8211; Tbilissi (290 km \/ app. 6-7 heures de conduite)\u00a0 \u00a0 \u00a0 \u00a0 \u00a0<\/em><\/span><\/h6><h6><span style=\"text-decoration: underline;\"><em><span style=\"color: #993366;\"><strong>Bavra<\/strong><\/span>\u00a0(sud de la G\u00e9orgie).\u00a0Distance jusqu\u00e0 Tbilissi \u2013 330 km.\u00a0 Itin\u00e9raire sugg\u00e9r\u00e9 : Erevan &#8211; Gumri &#8211; Bavra &#8211; Akhalkalaki &#8211; Borjomi &#8211; Khashouri &#8211; Tbilissi (480 km \/ \u00e9tat des routes conditions entre Bavra et Akhalkalaki)<\/em><\/span><\/h6><h6><span style=\"text-decoration: underline;\"><em><span style=\"color: #993366; text-decoration: underline;\"><strong>Turquie &#8211;\u00a0 Sarphi<\/strong>\u00a0<\/span>(c\u00f4te de la Mer Noir de la G\u00e9orgie Occidentale).\u00a0Distance jusqu\u00e0 Tbilissi \u2013 400 km. Itin\u00e9raire sugg\u00e9r\u00e9 : Sarphi (Turquie) &#8211; Batoumi &#8211; Poti &#8211; Kouta\u00efssi-Tbilissi (415 km \/ conduite de 6- 7\u00a0 h environ).\u00a0 \u00a0<\/em><\/span><\/h6><h6><span style=\"text-decoration: underline;\"><em><span style=\"color: #993366;\"><strong>Val\u00e9<\/strong><\/span>\u00a0(Sud-ouest de la Georgia). Distance jusqu\u00e0 Tbilissi \u2013 300 km. Itin\u00e9raire sugg\u00e9r\u00e9 :\u00a0 Val\u00e9 &#8211; Akhaltsikh\u00e9 &#8211; Khashouri &#8211; Tbilissi (305 km \/\u00a0 \u00a04-5 heures environ de conduite)\u00a0 \u00a0 \u00a0 \u00a0 \u00a0 \u00a0 \u00a0 \u00a0 \u00a0 \u00a0 \u00a0 \u00a0 \u00a0 \u00a0 \u00a0 \u00a0 \u00a0 \u00a0 \u00a0 \u00a0 \u00a0 \u00a0 \u00a0 \u00a0 \u00a0 \u00a0 \u00a0 \u00a0 \u00a0 \u00a0 \u00a0 \u00a0 \u00a0 \u00a0 \u00a0 \u00a0 \u00a0<\/em><\/span><\/h6><h6><span style=\"text-decoration: underline;\"><em>Il y a des bus directs reliant\u00a0<span style=\"color: #993366;\"><strong>Tbilissi \u00e0 Ht\u00e8ssalonique\u00a0et \u00e0 Ath\u00e8nes ,\u00a0en Gr\u00e8ce,<\/strong><\/span>\u00a0qui ont toutes les deux une communaut\u00e9s d\u2019expatri\u00e9s g\u00e9orgiens.<\/em><\/span><\/h6><h6><span style=\"text-decoration: underline; color: #0000ff;\"><em><strong>PAR TRAINE<\/strong><\/em><\/span><\/h6><h6><span style=\"text-decoration: underline;\"><em><img loading=\"lazy\" decoding=\"async\" class=\"alignright\" src=\"\/wp-content\/uploads\/2024\/12\/Get-to-Georgia-by-Train-1.jpg\" width=\"253\" height=\"192\" \/>Il y a des services de<strong>\u00a0<span style=\"color: #993366; text-decoration: underline;\">train depuis Bakou\u00a0en Azerbaidjan<\/span><\/strong>\u00a0\u00a0en direction de Tbilisi avec plusieurs arr\u00eat interm\u00e9diaire.\u00a0\u00a0De Bakou \u00a0chemin de fer de Transcaucasie \u2013 train de nuit Il y a des d\u00e9parts quotidiens de Bakou et Tbilissi. Le train #37 quitte la capitale g\u00e9orgienne \u00e0 17h55 pour arriver dans la capitale azerba\u00efdjanaise le lendemain matin \u00e0 7h20. Un deuxi\u00e8me train de nuit (train #38) fait le trajet en partant \u00e0 21h10 pour arriver 13h plus tard (10h25am)<\/em><\/span><\/h6><h6><span style=\"text-decoration: underline;\"><em>Il existe \u00e9galement un servicede<strong>\u00a0<span style=\"color: #993366; text-decoration: underline;\">train<\/span><\/strong><span style=\"color: #993366; text-decoration: underline;\">\u00a0\u00a0<strong>entre Tbilisi et Erevan\u00a0en Armenie<\/strong><\/span>. Deux trains de nuit effectuent le trajet entre les deux capitales caucasiennes. Le train #372 quitte \u00e0 20h20 pour arriver le lendemain matin \u00e0 6h 55am alors que le train #371 quitte le quai \u00e0 21h30 pour arriver le lendemain \u00e0 7h50am.\u00a0 \u00a0D\u2019Erevan \u2013\u00a0Chemin de fer de Transcaucasie. Train de nuit.<\/em><\/span><\/h6><h6><span style=\"text-decoration: underline;\"><em>La route ferroviaire vers la F\u00e9d\u00e9ration de\u00a0<span style=\"color: #993366;\"><strong>Russie,<\/strong><\/span>\u00a0Tbilissi &#8211; Sochi &#8211; Moscou est actuellement ferm\u00e9e.<\/em><\/span><\/h6><h6><span style=\"text-decoration: underline;\"><em>Une nouvelle ligne reliant entre\u00a0<span style=\"color: #993366; text-decoration: underline;\"><strong>Kars en Turquie et Bakou via Tbilissi<\/strong>\u00a0<\/span>devrait \u00eatre ouverte en 2013. Ceci permet d\u2019\u00e9tablir un lien direct entre Tbilissi \u00e0 Istanbul\u00a0et plus loin vers L\u2019Europe \u00a0ainsi qu\u2019un acc\u00e8s plus confortable et plus rapide de l\u2019Azerba\u00efdjan.\u00a0 Pour plus d\u2019informations, veuillez visiter\u00a0 :\u00a0<span style=\"color: #ff0000; text-decoration: underline;\"><a style=\"color: #ff0000; text-decoration: underline;\" href=\"http:\/\/www.railway.ge\/?web=0&amp;action=0&amp;lang=eng\"><strong>http:\/\/<\/strong><\/a><\/span><strong><a href=\"http:\/\/www.railway.ge\/en\/\"><span style=\"color: #ff0000; text-decoration: underline;\">www.railway.ge<\/span>\u00a0<\/a><a href=\"http:\/\/www.potiseaport.com\/\"><img decoding=\"async\" class=\"\" src=\"\/wp-content\/uploads\/2024\/08\/Pointer.png\" width=\"23\" height=\"23\" \/><\/a><\/strong><\/em><\/span><\/h6><h6><span style=\"text-decoration: underline; color: #0000ff;\"><em><strong>PAR BATEAU<\/strong><\/em><\/span><\/h6><h6><span style=\"text-decoration: underline;\"><em><span style=\"color: #0000ff;\"><strong><img loading=\"lazy\" decoding=\"async\" class=\"alignleft\" src=\"\/wp-content\/uploads\/2024\/12\/Get-to-Georgia-by-Boat-1.jpg\" width=\"292\" height=\"167\" \/>Les principaux ports maritimes<\/strong><\/span>\u00a0de la G\u00e9orgie sont situ\u00e9s dans les villes de Batoumi et\u00a0 Poti. Ils assurent des communications internationales avec les ports de la mer Noire.\u00a0 Port de Batoumi est de type universel \u2013 r\u00e9ception et envoi de tous les types de navires au service des passagers \u00e0 des normes \u00e9lev\u00e9es.<\/em><\/span><\/h6><h6><span style=\"text-decoration: underline;\"><em>Des bateaux rapides effectuent des parcours r\u00e9gulier de voile. Il existe le service de ferry-boats pour les passagers voyageant entre Batoumi-Sochi (Russie) et Batoumi-Ilychevsk (Ukraine). Ferry-boats au port de Poti partent de ports Ukrainiens Ilyichevsk et Odessa\u00a0<strong><span style=\"color: #ff0000; text-decoration: underline;\"><a style=\"color: #ff0000; text-decoration: underline;\" href=\"https:\/\/www.ukrferry.com\/en\">www.ukrferry.com<\/a><\/span><\/strong>\u00a0<strong><a href=\"http:\/\/www.potiseaport.com\/\"><img decoding=\"async\" class=\"\" src=\"\/wp-content\/uploads\/2024\/08\/Pointer.png\" width=\"23\" height=\"23\" \/><\/a><\/strong><\/em><\/span><\/h6><h6><span style=\"text-decoration: underline;\"><em>Il y a aussi des services de bateau entre\u00a0 Batumi &#8211; Istanbul (Turkey) et Poti &#8211; Istanbul.\u00a0 \u00a0le port g\u00e9orgien de Soukhoumi est ferm\u00e9 \u00e0 tous les bateaux de marchandises ou de passagers, sauf ceux qui ont un but humanitaire. Tous les navires se rendant \u00e0 Soukhoumi doivent subir un contr\u00f4le frontalier avec la garde c\u00f4ti\u00e8re g\u00e9orgienne dans le port voisin de Poti.<\/em><\/span><br \/><span style=\"text-decoration: underline;\"><em>Vous trouverez plus d\u2019informations sur :<strong><a href=\"http:\/\/www.potiseaport.com\/\">\u00a0<\/a><span style=\"color: #ff0000; text-decoration: underline;\"><a style=\"color: #ff0000; text-decoration: underline;\" href=\"http:\/\/www.batumiport.com\/\">www.batumiport.com<\/a>\u00a0<img decoding=\"async\" class=\"\" src=\" \/wp-content\/uploads\/2024\/08\/Pointer.png\" width=\"23\" height=\"23\" \/><\/span>\u00a0<\/strong><\/em><\/span><\/h6>\t\t\t\t\t\t\t\t<\/div>\n\t\t\t\t<\/div>\n\t\t\t\t<\/div>\n\t\t\t\t\t<\/div>\n\t\t\t\t<\/div>\n\t\t\t\t<\/div>\n\t\t","protected":false},"excerpt":{"rendered":"<p>Comment partir en G\u00e9orgie PAR\u00a0 AVION Il y a trois a\u00e9roports internationaux sur le territoire de la G\u00e9orgie qui permettent aux touristes de diff\u00e9rents pays du monde d\u2019acc\u00e9der rapidement et confortablement \u00e0\u00a0 territoire n\u00e9cessaire du pays. Deux d&rsquo;entre eux, les a\u00e9roports de Batoumi et de Kouta\u00efssi, sont situ\u00e9s dans l&rsquo;ouest de la G\u00e9orgie, tandis que [&hellip;]<\/p>\n","protected":false},"author":1,"featured_media":0,"parent":0,"menu_order":0,"comment_status":"closed","ping_status":"closed","template":"","meta":{"footnotes":""},"class_list":["post-13986","page","type-page","status-publish","hentry"],"_links":{"self":[{"href":"https:\/\/georgiavoyage.ge\/fr\/wp-json\/wp\/v2\/pages\/13986","targetHints":{"allow":["GET"]}}],"collection":[{"href":"https:\/\/georgiavoyage.ge\/fr\/wp-json\/wp\/v2\/pages"}],"about":[{"href":"https:\/\/georgiavoyage.ge\/fr\/wp-json\/wp\/v2\/types\/page"}],"author":[{"embeddable":true,"href":"https:\/\/georgiavoyage.ge\/fr\/wp-json\/wp\/v2\/users\/1"}],"replies":[{"embeddable":true,"href":"https:\/\/georgiavoyage.ge\/fr\/wp-json\/wp\/v2\/comments?post=13986"}],"version-history":[{"count":0,"href":"https:\/\/georgiavoyage.ge\/fr\/wp-json\/wp\/v2\/pages\/13986\/revisions"}],"wp:attachment":[{"href":"https:\/\/georgiavoyage.ge\/fr\/wp-json\/wp\/v2\/media?parent=13986"}],"curies":[{"name":"wp","href":"https:\/\/api.w.org\/{rel}","templated":true}]}}