{"id":14060,"date":"2024-08-21T11:54:55","date_gmt":"2024-08-21T11:54:55","guid":{"rendered":"https:\/\/georgiavoyage.web-reflection.com\/transport-interior-in-georgia\/"},"modified":"2025-02-21T05:30:30","modified_gmt":"2025-02-21T05:30:30","slug":"transport-interior-in-georgia","status":"publish","type":"page","link":"https:\/\/georgiavoyage.ge\/fr\/transport-interior-in-georgia\/","title":{"rendered":"TRANSPORT INT\u00c9RIEUR"},"content":{"rendered":"\t\t<div data-elementor-type=\"wp-page\" data-elementor-id=\"14060\" class=\"elementor elementor-14060 elementor-13497\">\n\t\t\t\t<div class=\"elementor-element elementor-element-a3db806 blogi e-flex e-con-boxed e-con e-parent\" data-id=\"a3db806\" data-element_type=\"container\" data-settings=\"{&quot;background_background&quot;:&quot;classic&quot;}\">\n\t\t\t\t\t<div class=\"e-con-inner\">\n\t\t<div class=\"elementor-element elementor-element-242f925 e-con-full e-flex e-con e-child\" data-id=\"242f925\" data-element_type=\"container\">\n\t\t\t\t<div class=\"elementor-element elementor-element-b9818e8 elementor-widget elementor-widget-heading\" data-id=\"b9818e8\" data-element_type=\"widget\" data-widget_type=\"heading.default\">\n\t\t\t\t<div class=\"elementor-widget-container\">\n\t\t\t\t\t<h2 class=\"elementor-heading-title elementor-size-default\">Transport int\u00e9rieur en G\u00e9orgie<\/h2>\t\t\t\t<\/div>\n\t\t\t\t<\/div>\n\t\t\t\t<div class=\"elementor-element elementor-element-c68d262 elementor-widget elementor-widget-text-editor\" data-id=\"c68d262\" data-element_type=\"widget\" data-widget_type=\"text-editor.default\">\n\t\t\t\t<div class=\"elementor-widget-container\">\n\t\t\t\t\t\t\t\t\t<h6><span style=\"text-decoration: underline; color: #000080;\"><em>VOLS INT\u00c9RIEURS<\/em><\/span><\/h6><h6><span style=\"text-decoration: underline; color: #000080;\"><em><img decoding=\"async\" class=\"alignleft\" src=\" \/wp-content\/uploads\/2024\/12\/Georgian-Avia.jpg\" \/>En G\u00e9orgie, on\u00a0 peut rejoindre en avion la station baln\u00e9aire touristique populaire de Batoumi sur la mer Noire, ainsi que les r\u00e9gions montagneuses de Svan\u00e9tie, Touch\u00e9tie et Ratcha-Lechkhoumi. Les vols int\u00e9rieurs sont effectu\u00e9s entre <span style=\"color: #0000ff; text-decoration: underline;\">Tbilissi, Natakhtari. Batoumi, Kouta\u00efssi, Ambrolaouri et Mestia.\u00a0<\/span> Ses vols sont fournis par \u00ab\u00a0Service Air\u00ab\u00a0. Les vols suivants sont actuellement op\u00e9r\u00e9s:<\/em><\/span><\/h6><h6><span style=\"text-decoration: underline; color: #000080;\"><em>Vol de\u00a0Tbilissi \u00e0 Batoumi\u00a0avec une fr\u00e9quence de plusieurs vols par jour. prix du billet \u2013 125 lari aller simple. Le nombre de vols et les prix des billets varient selon la saison.<\/em><\/span><\/h6><h6><span style=\"text-decoration: underline; color: #000080;\"><em>Depuis l\u2019a\u00e9rodrome de\u00a0Natakhtari\u00a0(28 kilom\u00e8tres de Tbilissi), il y a des vols pour\u00a0Mestia\u00a0avec une fr\u00e9quence de 4 fois par semaine Aller et retour (lundi, mardi, vendredi, dimanche), le prix du billet \u2013 90 GEL aller simple.<\/em><\/span><\/h6><h6><span style=\"text-decoration: underline; color: #000080;\"><em>De l\u2019a\u00e9rodrome de\u00a0Natakhtari,\u00a0il y a des vols vers\u00a0Ambrolauri\u00a0avec une fr\u00e9quence de 2 fois par semaine Aller-retour (vendredi, dimanche), le prix du billet \u2013 50 GEL aller simple.<\/em><\/span><\/h6><h6><span style=\"text-decoration: underline; color: #000080;\"><em>Il y a des vols de l\u2019a\u00e9roport de\u00a0Kouta\u00efssi \u00e0 Mestia avec une fr\u00e9quence de 2 fois par semaine aller-retour (mardi, vendredi), le prix du billet \u2013 50 GEL aller simple. Pour plus d\u2019information <span style=\"color: #ff0000;\"><a style=\"color: #ff0000; text-decoration: underline;\" href=\"http:\/\/www.airports.ge\/\">www.airports.ge<\/a><\/span><a style=\"color: #000080; text-decoration: underline;\" href=\"http:\/\/tm.ge\/?&amp;date1=2021-03-23&amp;date2=2021-03-23&amp;lang=2\" target=\"_blank\" rel=\"nofollow noopener\"><img decoding=\"async\" class=\"\" src=\"\/wp-content\/uploads\/2024\/08\/Pointer.png\" width=\"23\" height=\"23\" \/><\/a><a style=\"color: #000080; text-decoration: underline;\" href=\"http:\/\/www.airports.ge\/\">\u00a0<\/a><\/em><\/span><\/h6><h6><span style=\"text-decoration: underline; color: #000080;\"><em>M\u00c9TRO DE TBILISSI\u00a0\u00a0<\/em><\/span><\/h6><h6><span style=\"text-decoration: underline; color: #000080;\"><em><img fetchpriority=\"high\" decoding=\"async\" class=\"alignleft\" src=\"\/wp-content\/uploads\/2024\/12\/Metro-Tbilisi.jpg\" width=\"255\" height=\"232\" \/>M\u00e9tro de Tbilissi dispose de deux lignes avec 23 stations, dont une est un carrefour.\u00a0 Les annonces sont faites en g\u00e9orgien et en anglais dans les voitures et dans les stations. Il en va de m\u00eame pour les sch\u00e9mas, explications et autres inscriptions dans le m\u00e9tro. <\/em><\/span><span style=\"text-decoration: underline; color: #000080;\"><em>Il est possible d\u2019acheter un ticket dans le m\u00e9tro de Tbilissi uniquement avec une carte plastique\u00a0Metromoney. Les cartes sont vendues dans toutes les stations de m\u00e9tro. Avant le d\u00e9part, vous pouvez retourner la carte \u00e0 la caisse, en r\u00e9cup\u00e9rant le co\u00fbt de la carte, ainsi que le solde total de la carte elle-m\u00eame.<\/em><\/span><\/h6><h6><span style=\"text-decoration: underline; color: #000080;\"><em>Le co\u00fbt d\u2019un voyage dans le m\u00e9tro de Tbilissi est de 1 lari (environ 3,5 dollar). En utilisant la m\u00eame carte Metromoney, vous pouvez payer vos d\u00e9placements dans n\u2019importe quel moyen de transport officiel \u00e0 Tbilissi. <\/em><\/span><span style=\"text-decoration: underline; color: #000080;\"><em>Un avantage suppl\u00e9mentaire est qu\u2019apr\u00e8s avoir pay\u00e9 pour un voyage, vous pouvez changer le mode de transport gratuitement pendant 1,5 heure. C\u2019est-\u00e0-dire, par exemple, apr\u00e8s avoir pay\u00e9 un ticket de m\u00e9tro, vous pouvez en descendre, changer pour un bus et le prendre gratuitement, Pour plus d&rsquo;information <\/em><\/span><span style=\"text-decoration: underline;\"><em style=\"color: #000080; font-size: 16px; text-decoration: underline;\">\u00a0\u00a0<a style=\"color: #000080; text-decoration: underline;\" href=\"http:\/\/ttc.com.ge\/en\" target=\"_blank\" rel=\"nofollow noopener\"><span style=\"color: #ff0000; text-decoration: underline;\">www.ttc.com.ge<\/span><img decoding=\"async\" class=\"\" src=\"\/wp-content\/uploads\/2024\/08\/Pointer.png\" width=\"23\" height=\"23\" \/><\/a><\/em><\/span><\/h6><h6><span style=\"text-decoration: underline; color: #000080;\"><em>AUTOBUS<\/em><\/span><\/h6><h6><span style=\"text-decoration: underline; color: #000080;\"><em><img decoding=\"async\" class=\"alignleft\" src=\"\/wp-content\/uploads\/2024\/12\/Bus-Tbilisi.jpg\" width=\"261\" height=\"220\" \/>Il y a des autobus urbains dans toutes les villes de G\u00e9orgie, pour la plupart des bus neufs, peints en bleu. Le paiement est effectu\u00e9 \u00e0 l\u2019entr\u00e9e \u00e0 l\u2019aide d\u2019une caisse enregistreuse automatis\u00e9e et d\u2019une carte en plastique ou de pi\u00e8ces de monnaie, \u00e0 la suite du paiement, le passager re\u00e7oit un billet. <\/em><\/span><span style=\"text-decoration: underline; color: #000080;\"><em>Une carte en plastique est l\u2019option la plus pratique, car elle permet d\u2019\u00e9conomiser de l\u2019argent. Avec cette carte, vous aurez le droit d\u2019effectuer des transferts sur le m\u00e9tro et sur les lignes de bus en moins d\u2019une heure gratuitement.<\/em><\/span><\/h6><h6><span style=\"text-decoration: underline; color: #000080;\"><em>Les bus s\u2019arr\u00eatent uniquement aux arr\u00eats, ils fonctionnent strictement selon l\u2019horaire de 06h00 \u00e0 20h00. Dans les cabines des bus, il y a un tableau de bord sur lequel l\u2019itin\u00e9raire est \u00e9crit en g\u00e9orgien et en anglais, et le prochain arr\u00eat sera toujours indiqu\u00e9 sur ces panneaux. <\/em><\/span><span style=\"text-decoration: underline; color: #000080;\"><em>La plupart des arr\u00eats de bus sont \u00e9quip\u00e9s d\u2019un tableau de bord \u00e9lectronique qui affiche des informations sur la temp\u00e9rature de l\u2019air, l\u2019heure et les itin\u00e9raires de bus les plus proches. Les informations sont fournies en g\u00e9orgien et en anglais. Pour plus d\u2019information\u00a0 <a style=\"color: #000080; text-decoration: underline;\" href=\"http:\/\/ttc.com.ge\/en\" target=\"_blank\" rel=\"nofollow noopener\"><span style=\"color: #ff0000; text-decoration: underline;\">www.ttc.com.ge<\/span><img decoding=\"async\" class=\"\" src=\"\/wp-content\/uploads\/2024\/08\/Pointer.png\" width=\"23\" height=\"23\" \/><\/a><\/em><\/span><\/h6><h6><span style=\"text-decoration: underline; color: #000080;\"><em>MINIBUS<\/em><\/span><\/h6><h6><span style=\"text-decoration: underline; color: #000080;\"><em><img loading=\"lazy\" decoding=\"async\" class=\"alignleft\" src=\"\/wp-content\/uploads\/2024\/12\/Georgian-Minibus.jpg\" width=\"298\" height=\"184\" \/>Le mode de fonctionnement des minibus dans chaque ville de G\u00e9orgie est diff\u00e9rent. A Tbilissi, ils commencent \u00e0 travailler en moyenne de 08h00 \u00e0 20h00. Dans d\u2019autres r\u00e9gions de G\u00e9orgie,\u00a0 o\u00f9 les minibus sont pratiquement le seul mode de transport, ils travaillent jusque tard dans la nuit. <\/em><\/span><span style=\"text-decoration: underline; color: #000080;\"><em>A Tbilissi, les minibus sont destin\u00e9s pour 17 passagers selon leur si\u00e8ge. Des coussins gonflables sont fournis pour le conducteur et le passager avant, et des ceintures de s\u00e9curit\u00e9 \u00e0 trois points sont install\u00e9es sur tous les si\u00e8ges de la voiture.<\/em><\/span><\/h6><h6><span style=\"text-decoration: underline; color: #000080;\"><em>Dans les minibus de la capitale, les vitres des passagers s\u2019ouvrent \u00e9lectroniquement. Les minibus sont \u00e9quip\u00e9s de syst\u00e8mes de chauffage et de climatisation con\u00e7us pour le climat de Tbilissi, en plus, ils ont une radio AM \/ FM et des connecteurs AUX et USB. <\/em><\/span><span style=\"text-decoration: underline; color: #000080;\"><em>Minibus est le type de transport interurbain le plus populaire et le moins co\u00fbteux en G\u00e9orgie, qui relie absolument toutes les colonies o\u00f9 la route est pos\u00e9e. Ils vont litt\u00e9ralement dans toutes les directions et tr\u00e8s souvent entre les principales villes. Pour plus d\u2019information\u00a0 <a style=\"color: #000080; text-decoration: underline;\" href=\"http:\/\/tm.ge\/?&amp;date1=2021-03-23&amp;date2=2021-03-23&amp;lang=2\" target=\"_blank\" rel=\"nofollow noopener\"><span style=\"color: #ff0000; text-decoration: underline;\">www.tm.ge<\/span><img decoding=\"async\" class=\"\" src=\"\/wp-content\/uploads\/2024\/08\/Pointer.png\" width=\"23\" height=\"23\" \/><\/a><\/em><\/span><\/h6><h6><span style=\"text-decoration: underline; color: #000080;\"><em>AUTOBUS INTERURBAINS\u00a0<\/em><\/span><\/h6><h6><span style=\"text-decoration: underline; color: #000080;\"><em><img decoding=\"async\" class=\"alignleft\" src=\"https:\/\/georgiavoyage.ge\/wp-content\/uploads\/2024\/12\/Georgian-bus.jpg\" \/>Il existe deux soci\u00e9t\u00e9s op\u00e9rant en G\u00e9orgie qui fournissent le transport de passagers au plus haut niveau de service. De plus, le prix des tickets de bus est \u00e9gal \u00e0 celui des tickets de taxi \u00e0 itin\u00e9raire fixe. Int\u00e9rieurs des autobus propres, personnel poli et horaires de d\u00e9part et d&rsquo;arriv\u00e9e pr\u00e9cis. <\/em><\/span><span style=\"text-decoration: underline; color: #000080;\"><em>Donc, ces deux soci\u00e9t\u00e9s s\u2019appellent \u00ab Metro \u00bb et \u00ab Georgian Bus \u00bb. Le trajet de la premi\u00e8re compagnie part toujours de la gare d&rsquo;Ortachala, et vous pouvez vous renseigner sur les prix des billets et les horaires sur le site Web <a href=\"https:\/\/metrogeorgia.ge\/\"><span style=\"color: #ff0000;\">www.metrogeorgia.<\/span><\/a><\/em><\/span><span style=\"text-decoration: underline; color: #000080;\"><em><a style=\"color: #000080; text-decoration: underline;\" href=\"http:\/\/tm.ge\/?&amp;date1=2021-03-23&amp;date2=2021-03-23&amp;lang=2\" target=\"_blank\" rel=\"nofollow noopener\"><span style=\"color: #ff0000; text-decoration: underline;\">.ge<\/span><img decoding=\"async\" class=\"\" src=\"\/wp-content\/uploads\/2024\/08\/Pointer.png\" width=\"23\" height=\"23\" \/><\/a><\/em><\/span><\/h6><h6><span style=\"text-decoration: underline; color: #000080;\"><em>Les lignes de bus g\u00e9orgiennes peuvent \u00eatre plus pratiques car elles n&rsquo;arrivent pas aux limites de la ville o\u00f9 se trouvent les gares routi\u00e8res, mais au centre-ville. Vous pouvez \u00e9galement vous y rendre depuis l&rsquo;a\u00e9roport de Kutaisi avec cette m\u00eame compagnie. Les billets et les horaires des itin\u00e9raires peuvent \u00eatre trouv\u00e9s ici. De plus, la soci\u00e9t\u00e9 offre une r\u00e9duction de 10 % aux d\u00e9tenteurs de la carte sp\u00e9ciale Georgia Guest Card. Pour plus d&rsquo;information <\/em><\/span><span style=\"text-decoration: underline;\"><span style=\"color: #000080; text-decoration: underline;\"><a href=\"https:\/\/georgianbus.com\/\"><span style=\"color: #ff0000;\">www. georgianbus.com. <\/span><\/a><\/span><\/span><span style=\"text-decoration: underline;\"><span style=\"color: #000080; text-decoration: underline;\"><em><strong><a style=\"color: #000080; text-decoration: underline;\" href=\"http:\/\/tm.ge\/?&amp;date1=2021-03-23&amp;date2=2021-03-23&amp;lang=2\" target=\"_blank\" rel=\"nofollow noopener\"><img decoding=\"async\" class=\"\" src=\"\/wp-content\/uploads\/2024\/08\/Pointer.png\" width=\"23\" height=\"23\" \/><\/a><\/strong><\/em><\/span><\/span><\/h6><h6><span style=\"text-decoration: underline; color: #000080;\"><em>TRAIN<\/em><\/span><\/h6><h6><span style=\"text-decoration: underline; color: #000080;\"><em><img loading=\"lazy\" decoding=\"async\" class=\"alignleft\" src=\"\/wp-content\/uploads\/2024\/12\/Georgian-Train.jpg\" width=\"300\" height=\"160\" \/>La ligne de chemin de fer traverse la G\u00e9orgie d\u2019est en ouest, se divisant en deux branches: au sud \u00e0 Batoumi sur la c\u00f4te de la mer Noire et au nord \u00e0 Zougdidi. Des trains \u00e0 grande vitesse et des trains de banlieue circulent quotidiennement entre Tbilissi, Zougdidi, Batoumi, Kouta\u00efssi et d\u2019autres villes. <\/em><\/span><span style=\"text-decoration: underline; color: #000080;\"><em>Un train \u00e0 grande vitesse\u00a0 fabriqu\u00e9 par la soci\u00e9t\u00e9 suisse \u00ab\u00a0Stadler Rail AG\u00a0\u00bb circule entre Tbilissi et Batoumi, parcourant une distance de plus de 300 km en seulement 5 heures. En moyenne, trois trains partent de la gare de Tbilissi chaque jour.<\/em><\/span><\/h6><h6><span style=\"text-decoration: underline; color: #000080;\"><em>Les billets peuvent \u00eatre achet\u00e9s \u00e0 la billetterie et sur le site Web des chemins de fer g\u00e9orgiens (\u00a0<a style=\"color: #000080; text-decoration: underline;\" href=\"http:\/\/www.railway.ge\/en\/\">www.railway.ge<\/a>). L\u2019achat sur le site est extr\u00eamement pratique, et si n\u00e9cessaire, vous pouvez \u00e9galement annuler automatiquement votre r\u00e9servation et rembourser votre carte. <\/em><\/span><span style=\"text-decoration: underline; color: #000080;\"><em>La flotte de trains de JSC \u00abGeorgian Railways\u00bb comprend des trains qui diff\u00e8rent par leur vitesse, leur confort et leur heure de d\u00e9part, ce qui permet aux passagers de choisir eux-m\u00eames la meilleure option de voyage. Pour plus d\u2019information\u00a0 <span style=\"color: #ff0000; text-decoration: underline;\">\u00a0<a style=\"color: #ff0000; text-decoration: underline;\" href=\"http:\/\/www.railway.ge\/en\/\">www.railway.ge<\/a><\/span><\/em><em><img decoding=\"async\" class=\"\" src=\"\/wp-content\/uploads\/2024\/08\/Pointer.png\" width=\"23\" height=\"23\" \/><\/em><\/span><\/h6><h6><span style=\"text-decoration: underline; color: #000080;\"><em>\u00a0<\/em><\/span><\/h6>\t\t\t\t\t\t\t\t<\/div>\n\t\t\t\t<\/div>\n\t\t\t\t<\/div>\n\t\t\t\t\t<\/div>\n\t\t\t\t<\/div>\n\t\t\t\t<\/div>\n\t\t","protected":false},"excerpt":{"rendered":"<p>Transport int\u00e9rieur en G\u00e9orgie VOLS INT\u00c9RIEURS En G\u00e9orgie, on\u00a0 peut rejoindre en avion la station baln\u00e9aire touristique populaire de Batoumi sur la mer Noire, ainsi que les r\u00e9gions montagneuses de Svan\u00e9tie, Touch\u00e9tie et Ratcha-Lechkhoumi. Les vols int\u00e9rieurs sont effectu\u00e9s entre Tbilissi, Natakhtari. Batoumi, Kouta\u00efssi, Ambrolaouri et Mestia.\u00a0 Ses vols sont fournis par \u00ab\u00a0Service Air\u00ab\u00a0. Les [&hellip;]<\/p>\n","protected":false},"author":1,"featured_media":0,"parent":0,"menu_order":0,"comment_status":"closed","ping_status":"closed","template":"","meta":{"footnotes":""},"class_list":["post-14060","page","type-page","status-publish","hentry"],"_links":{"self":[{"href":"https:\/\/georgiavoyage.ge\/fr\/wp-json\/wp\/v2\/pages\/14060","targetHints":{"allow":["GET"]}}],"collection":[{"href":"https:\/\/georgiavoyage.ge\/fr\/wp-json\/wp\/v2\/pages"}],"about":[{"href":"https:\/\/georgiavoyage.ge\/fr\/wp-json\/wp\/v2\/types\/page"}],"author":[{"embeddable":true,"href":"https:\/\/georgiavoyage.ge\/fr\/wp-json\/wp\/v2\/users\/1"}],"replies":[{"embeddable":true,"href":"https:\/\/georgiavoyage.ge\/fr\/wp-json\/wp\/v2\/comments?post=14060"}],"version-history":[{"count":0,"href":"https:\/\/georgiavoyage.ge\/fr\/wp-json\/wp\/v2\/pages\/14060\/revisions"}],"wp:attachment":[{"href":"https:\/\/georgiavoyage.ge\/fr\/wp-json\/wp\/v2\/media?parent=14060"}],"curies":[{"name":"wp","href":"https:\/\/api.w.org\/{rel}","templated":true}]}}