{"id":14078,"date":"2024-08-21T12:16:28","date_gmt":"2024-08-21T12:16:28","guid":{"rendered":"https:\/\/georgiavoyage.web-reflection.com\/tips-for-tourists-in-georgia\/"},"modified":"2025-02-21T06:07:23","modified_gmt":"2025-02-21T06:07:23","slug":"tips-for-tourists-in-georgia","status":"publish","type":"page","link":"https:\/\/georgiavoyage.ge\/fr\/tips-for-tourists-in-georgia\/","title":{"rendered":"CONSEILS POUR VOYAGEURS"},"content":{"rendered":"\t\t<div data-elementor-type=\"wp-page\" data-elementor-id=\"14078\" class=\"elementor elementor-14078 elementor-13864\">\n\t\t\t\t<div class=\"elementor-element elementor-element-a3db806 blogi e-flex e-con-boxed e-con e-parent\" data-id=\"a3db806\" data-element_type=\"container\" data-settings=\"{&quot;background_background&quot;:&quot;classic&quot;}\">\n\t\t\t\t\t<div class=\"e-con-inner\">\n\t\t<div class=\"elementor-element elementor-element-242f925 e-con-full e-flex e-con e-child\" data-id=\"242f925\" data-element_type=\"container\">\n\t\t\t\t<div class=\"elementor-element elementor-element-b705367 elementor-widget elementor-widget-image\" data-id=\"b705367\" data-element_type=\"widget\" data-widget_type=\"image.default\">\n\t\t\t\t<div class=\"elementor-widget-container\">\n\t\t\t\t\t\t\t\t\t\t\t\t\t\t\t<img fetchpriority=\"high\" decoding=\"async\" width=\"800\" height=\"235\" src=\"https:\/\/georgiavoyage.ge\/wp-content\/uploads\/2024\/12\/Travel-tips-in-Georgia.jpg\" class=\"attachment-large size-large wp-image-27725\" alt=\"Travel tips in Georgia\" srcset=\"https:\/\/georgiavoyage.ge\/wp-content\/uploads\/2024\/12\/Travel-tips-in-Georgia.jpg 850w, https:\/\/georgiavoyage.ge\/wp-content\/uploads\/2024\/12\/Travel-tips-in-Georgia-300x88.jpg 300w, https:\/\/georgiavoyage.ge\/wp-content\/uploads\/2024\/12\/Travel-tips-in-Georgia-768x226.jpg 768w, https:\/\/georgiavoyage.ge\/wp-content\/uploads\/2024\/12\/Travel-tips-in-Georgia-600x176.jpg 600w\" sizes=\"(max-width: 800px) 100vw, 800px\" \/>\t\t\t\t\t\t\t\t\t\t\t\t\t\t\t<\/div>\n\t\t\t\t<\/div>\n\t\t\t\t<div class=\"elementor-element elementor-element-baa2ed2 elementor-widget elementor-widget-heading\" data-id=\"baa2ed2\" data-element_type=\"widget\" data-widget_type=\"heading.default\">\n\t\t\t\t<div class=\"elementor-widget-container\">\n\t\t\t\t\t<h2 class=\"elementor-heading-title elementor-size-default\">Conseils Pour Voyageurs En G\u00e9orgie<\/h2>\t\t\t\t<\/div>\n\t\t\t\t<\/div>\n\t\t\t\t<div class=\"elementor-element elementor-element-c68d262 elementor-widget elementor-widget-text-editor\" data-id=\"c68d262\" data-element_type=\"widget\" data-widget_type=\"text-editor.default\">\n\t\t\t\t<div class=\"elementor-widget-container\">\n\t\t\t\t\t\t\t\t\t<h6><span style=\"text-decoration: underline; color: #000000;\"><em>La culture g\u00e9orgienne et la population<\/em><\/span><\/h6><h6><span style=\"text-decoration: underline; color: #000000;\"><em><img decoding=\"async\" class=\"alignleft\" src=\"\/wp-content\/uploads\/2024\/08\/Georgian-culture-and-people.jpg\" \/>La G\u00e9orgie est un magnifique pays du Caucase\u00a0qui pr\u00e9sente un grand potentiel touristique gr\u00e0ce \u00e0 son patrimoine historique mill\u00e9naire et ses paysages tr\u00e8s contrast\u00e9s. le pays des miracles, s\u2019ouvre pour le tourisme moderne tout en conservant son caract\u00e8re authentique.\u00a0Au cours des derni\u00e8res ann\u00e9es, le pays a connu une transformation majeure et cela se voit dans la diff\u00e9rence entre les g\u00e9n\u00e9rations plus \u00e2g\u00e9es et plus jeunes. En r\u00e8gle g\u00e9n\u00e9rale, les g\u00e9n\u00e9rations plus \u00e2g\u00e9es ne parlent pas anglais et presque tout le monde parle le russe comme langue seconde. Les jeunes g\u00e9n\u00e9rations sont tr\u00e8s raisonnables et la plupart d\u2019entre eux connaissent l\u2019anglais. Environ 85% des G\u00e9orgiens sont chr\u00e9tiens et il y a des douzaines de belles \u00e9glises \u00e0 Tbilissi. Cependant, il y a aussi des gens de diff\u00e9rentes religions qui vivent \u00e0 Tbilissi, les synagogues et les mosqu\u00e9es peuvent \u00eatre vus litt\u00e9ralement c\u00f4te \u00e0 c\u00f4te.<\/em><\/span><\/h6><h6><span style=\"text-decoration: underline; color: #000000;\"><em>Coutumes et traditions g\u00e9orgiennes<\/em><\/span><\/h6><h6><span style=\"text-decoration: underline; color: #000000;\"><em><img decoding=\"async\" class=\"alignright\" src=\"\/wp-content\/uploads\/2024\/12\/Georgian-customs.jpg\" \/>Les coutumes d\u2019un pays se forment au cours\u00a0des nombreuses ann\u00e9es et se transmettent de g\u00e9n\u00e9ration en g\u00e9n\u00e9ration. Il y a une coutume que vous devriez vraiment conna\u00eetre, c\u2019est le concept d\u2019hospitalit\u00e9 qui est partag\u00e9 par tous les G\u00e9orgiens. Le peuple de G\u00e9orgie est vraiment tr\u00e8s hospitalier, ils ont m\u00eame un dicton qui va; \u00ab\u00a0Les invit\u00e9s sont des cadeaux de Dieu\u00a0\u00bb. Les G\u00e9orgiens sont prompts \u00e0 faire confiance aux autres et accueillent souvent des \u00e9trangers \u00e0 la maison avec les membres de leur famille en leur offrant\u00a0 la nourriture et du vin.<\/em><\/span><\/h6><h6><span style=\"text-decoration: underline; color: #000000;\"><em>Le comportement en public<\/em><\/span><\/h6><h6><span style=\"text-decoration: underline; color: #000000;\"><em><img decoding=\"async\" class=\"alignleft\" src=\"\/wp-content\/uploads\/2024\/08\/Behaving-in-public.jpg\" \/>Pour \u00eatre honn\u00eate, il n\u2019est pas difficile de trouver un langue commun avec le peuple g\u00e9orgien. D\u00e8s qu\u2019ils se connaissent bien ils deviendront plus plus directs dans leurs communications et seront heureux de discuter de nombreux sujets diff\u00e9rents. Si vous essayez d\u2019apprendre quelques mots g\u00e9orgiens ou expressions vous vous sentirez sans aucun doute plus confiants et la population locale vous respectera pour faire un effort pour apprendre leur langue.<\/em><\/span><\/h6><h6><span style=\"text-decoration: underline; color: #000000;\"><em>Les G\u00e9orgiens, comme les autres nationalit\u00e9s, ont des \u00abr\u00e8gles\u00bb qui r\u00e9gissent la rencontre des gens en public et ceux-ci sont diff\u00e9rents selon que vous rencontrez un homme ou une femme. En g\u00e9n\u00e9ral, les hommes se serrent la main et les amis proches s\u2019embrassent pour exprimer leur profond respect l\u2019un pour l\u2019autre. Dans la plupart des cas, les femmes s\u2019embrassent sur les joues, mais si elles se rencontrent pour la toute premi\u00e8re fois, elles se contentent g\u00e9n\u00e9ralement de hocher la t\u00eate et de serrer la main. Quand les hommes et les femmes se rencontrent, ils se serrent g\u00e9n\u00e9ralement la main et l\u2019homme attend souvent que la femme lui tende la main en premier.<\/em><\/span><\/h6><h6><span style=\"text-decoration: underline; color: #000000;\"><em>Le contact visuel<\/em><\/span><\/h6><h6><span style=\"text-decoration: underline; color: #000000;\"><em><img decoding=\"async\" class=\"alignright\" src=\"\/wp-content\/uploads\/2024\/08\/What-about-an-eye-contact.jpg\" alt=\"\u0413\u043e\u0441\u0442\u0435\u043f\u0440\u0438\u043c\u0441\u0442\u0432\u043e \u0433\u0440\u0443\u0437\u0438\u0438-\u10d8\u10e1 \u10e1\u10e3\u10e0\u10d0\u10d7\u10d8\u10e1 \u10e8\u10d4\u10d3\u10d4\u10d2\u10d8\" width=\"281\" height=\"187\" \/>Vous pourriez penser que le contact visuel peut \u00eatre grossier mais, certainement, les G\u00e9orgiens ont tendance \u00e0 se mettre en contact d\u2019\u0153il avec tout le monde. Pendant la conversation, les gens se tiennent souvent tr\u00e8s proches les uns des autres. Ils croient que si vous \u00eates une personne authentique et honn\u00eate, le contact visuel est une exigence importante car cela montre que vous ne faites pas semblant. Cela montre aussi votre respect et votre confiance envers la personne \u00e0 qui vous parlez.<\/em><\/span><\/h6><h6><span style=\"text-decoration: underline; color: #000000;\"><em>Le festin g\u00e9orgien<\/em><\/span><\/h6><h6><span style=\"text-decoration: underline; color: #000000;\"><em><img decoding=\"async\" class=\"alignleft\" src=\"\/wp-content\/uploads\/2024\/08\/Georgian-feast.jpg\" \/>Si vous ne savez pas encore, on appelle des festins en G\u00e9orgie \u00ab\u00a0Soupra\u00a0\u00bb. Pendant des festins, les femmes boivent g\u00e9n\u00e9ralement moins et g\u00e9n\u00e9ralement elles ne fument pas en public mais, bien s\u00fbr,, ce n\u2019est pas vrai pour tout le monde. Si vous \u00eates dans cette situation, vous devriez suivre certaines directives fondamentales. Les toasts sont tr\u00e8s importants et chaque G\u00e9orgien sait l\u2019ordre auquel ces toasts viennent habituellement. Festins et l\u2019hospitalit\u00e9 sont des piliers centraux de la culture g\u00e9orgienne, et des banquets traditionnels sont pr\u00e9sid\u00e9es par un animateur, ou Tamada, qui propose de nombreux toasts au long du repas, et assure les flux de vin g\u00e9n\u00e9reusement.. C\u2019est une activit\u00e9 g\u00e9orgienne traditionnelle et la tradition a \u00e9t\u00e9 transmise de g\u00e9n\u00e9ration en g\u00e9n\u00e9ration.<\/em><\/span><\/h6><h6><span style=\"text-decoration: underline; color: #000000;\"><em>Quelques conseils pour donner un cadeau<\/em><\/span><\/h6><h6><span style=\"text-decoration: underline; color: #000000;\"><em><img decoding=\"async\" class=\"alignright\" src=\"\/wp-content\/uploads\/2024\/08\/Some-advice-about-giving-presents.jpg\" \/>Les G\u00e9orgiens aiment recevoir des cadeaux mais en m\u00eame temps ils sont tr\u00e8s modestes quand il s\u2019agit d\u2019accepter des cadeaux des autres. Assurez-vous de ne pas tomber dans une situation embarrassante et de donner des cadeaux trop co\u00fbteux. Une bo\u00eete de chocolats ou une bouteille de vin est un cadeau acceptable dans presque toutes les situations. En effet, si votre ami g\u00e9orgien vous invite chez lui, vous devriez prendre une bonne bouteille de vin. Ils seront tr\u00e8s reconnaissants car c\u2019est un signe de respect.<\/em><\/span><\/h6><h6><span style=\"text-decoration: underline; color: #000000;\"><em>Les vetements et la mode<\/em><\/span><\/h6><h6><span style=\"text-decoration: underline; color: #000000;\"><em><img decoding=\"async\" class=\"alignleft\" src=\"\/wp-content\/uploads\/2024\/08\/Clothes-and-fashion.jpg\" \/>Vous pouvez voir les G\u00e9orgiens dans les rues v\u00eatus de couleurs sombres. Ils ne sont pas dans le chagrin. Les G\u00e9orgiens pr\u00e9f\u00e8rent s\u2019habiller de couleurs sombres et portent g\u00e9n\u00e9ralement du noir. Les hommes portent des jeans. S\u2019ils vont \u00e0 une r\u00e9union, ils porteront aussi une veste et une cravate. Leurs chaussures sont toujours nettoy\u00e9es et entretenues. Les gens vont probablement vous m\u00e9priser et vous juger si vos chaussures sont vieilles et sales. Les femmes essaient de suivre les tendances \u00e0 la mode et s\u2019habillent en v\u00eatements de marque. Comme chez les hommes, les femmes s\u2019habillent souvent de couleurs sombres. Les femmes aiment \u00eatre attirantes et attirer l\u2019attention des hommes. Vous verrez rarement une personne n\u00e9glig\u00e9e dans les rues. Les adultes ont leur propre sens de la mode propre. Ils n\u2019aiment pas imiter les autres. Ils pr\u00e9f\u00e8rent cr\u00e9er quelque chose d\u2019unique et vous pouvez facilement deviner ce qu\u2019ils ressentent chaque jour parce qu\u2019ils s\u2019habillent souvent selon leur humeur.<\/em><\/span><\/h6><h6><span style=\"text-decoration: underline; color: #000000;\"><em>N\u2019h\u00e9sitez pas \u00e0 demander<\/em><\/span><\/h6><h6><span style=\"text-decoration: underline; color: #000000;\"><em><img decoding=\"async\" class=\"alignright\" src=\"\/wp-content\/uploads\/2024\/08\/Dont-hesitate-to-ask.jpg\" \/>L\u2019hospitalit\u00e9 fait partie int\u00e9grale de la culture g\u00e9orgienne. Avec un sourire sur votre visage et le mot magique \u00ab\u00a0gamarjoba\u00a0\u00bb (bonjour), vous pouvez obtenir de l\u2019aide \u00e0 tout moment. Les G\u00e9orgiens aiment les touristes, alors n\u2019ayez pas peur de demander s\u2019il y a quelque chose dont vous avez besoin. M\u00eame s\u2019il y a une barri\u00e8re de la langue, si vous utilisez des gestes et du langage corporel, les gens vont essayer de vous aider ou appeler quelqu\u2019un qui parle couramment votre langue pour vous aider.<\/em><\/span><\/h6><h6><span style=\"text-decoration: underline; color: #000000;\"><em>\u00a0<\/em><\/span><\/h6>\t\t\t\t\t\t\t\t<\/div>\n\t\t\t\t<\/div>\n\t\t\t\t<\/div>\n\t\t\t\t\t<\/div>\n\t\t\t\t<\/div>\n\t\t\t\t<\/div>\n\t\t","protected":false},"excerpt":{"rendered":"<p>Conseils Pour Voyageurs En G\u00e9orgie La culture g\u00e9orgienne et la population La G\u00e9orgie est un magnifique pays du Caucase\u00a0qui pr\u00e9sente un grand potentiel touristique gr\u00e0ce \u00e0 son patrimoine historique mill\u00e9naire et ses paysages tr\u00e8s contrast\u00e9s. le pays des miracles, s\u2019ouvre pour le tourisme moderne tout en conservant son caract\u00e8re authentique.\u00a0Au cours des derni\u00e8res ann\u00e9es, le [&hellip;]<\/p>\n","protected":false},"author":1,"featured_media":0,"parent":0,"menu_order":0,"comment_status":"closed","ping_status":"closed","template":"","meta":{"footnotes":""},"class_list":["post-14078","page","type-page","status-publish","hentry"],"_links":{"self":[{"href":"https:\/\/georgiavoyage.ge\/fr\/wp-json\/wp\/v2\/pages\/14078","targetHints":{"allow":["GET"]}}],"collection":[{"href":"https:\/\/georgiavoyage.ge\/fr\/wp-json\/wp\/v2\/pages"}],"about":[{"href":"https:\/\/georgiavoyage.ge\/fr\/wp-json\/wp\/v2\/types\/page"}],"author":[{"embeddable":true,"href":"https:\/\/georgiavoyage.ge\/fr\/wp-json\/wp\/v2\/users\/1"}],"replies":[{"embeddable":true,"href":"https:\/\/georgiavoyage.ge\/fr\/wp-json\/wp\/v2\/comments?post=14078"}],"version-history":[{"count":0,"href":"https:\/\/georgiavoyage.ge\/fr\/wp-json\/wp\/v2\/pages\/14078\/revisions"}],"wp:attachment":[{"href":"https:\/\/georgiavoyage.ge\/fr\/wp-json\/wp\/v2\/media?parent=14078"}],"curies":[{"name":"wp","href":"https:\/\/api.w.org\/{rel}","templated":true}]}}