{"id":14265,"date":"2024-08-22T03:38:21","date_gmt":"2024-08-22T03:38:21","guid":{"rendered":"https:\/\/georgiavoyage.web-reflection.com\/interesing-facts\/"},"modified":"2025-02-22T11:49:11","modified_gmt":"2025-02-22T11:49:11","slug":"interesing-facts","status":"publish","type":"page","link":"https:\/\/georgiavoyage.ge\/fr\/interesing-facts\/","title":{"rendered":"FAITS INT\u00c9RESSANTS"},"content":{"rendered":"\t\t<div data-elementor-type=\"wp-page\" data-elementor-id=\"14265\" class=\"elementor elementor-14265 elementor-14261\">\n\t\t\t\t<div class=\"elementor-element elementor-element-a3db806 blogi e-flex e-con-boxed e-con e-parent\" data-id=\"a3db806\" data-element_type=\"container\" data-settings=\"{&quot;background_background&quot;:&quot;classic&quot;}\">\n\t\t\t\t\t<div class=\"e-con-inner\">\n\t\t<div class=\"elementor-element elementor-element-242f925 e-con-full e-flex e-con e-child\" data-id=\"242f925\" data-element_type=\"container\">\n\t\t\t\t<div class=\"elementor-element elementor-element-f4e0191 elementor-widget elementor-widget-image\" data-id=\"f4e0191\" data-element_type=\"widget\" data-widget_type=\"image.default\">\n\t\t\t\t<div class=\"elementor-widget-container\">\n\t\t\t\t\t\t\t\t\t\t\t\t\t\t\t<img fetchpriority=\"high\" decoding=\"async\" width=\"800\" height=\"235\" src=\"https:\/\/georgiavoyage.ge\/wp-content\/uploads\/2024\/12\/Interesting-facts-about-Georgia.jpg\" class=\"attachment-large size-large wp-image-27747\" alt=\"Interesting facts about Georgia\" srcset=\"https:\/\/georgiavoyage.ge\/wp-content\/uploads\/2024\/12\/Interesting-facts-about-Georgia.jpg 850w, https:\/\/georgiavoyage.ge\/wp-content\/uploads\/2024\/12\/Interesting-facts-about-Georgia-300x88.jpg 300w, https:\/\/georgiavoyage.ge\/wp-content\/uploads\/2024\/12\/Interesting-facts-about-Georgia-768x226.jpg 768w, https:\/\/georgiavoyage.ge\/wp-content\/uploads\/2024\/12\/Interesting-facts-about-Georgia-600x176.jpg 600w\" sizes=\"(max-width: 800px) 100vw, 800px\" \/>\t\t\t\t\t\t\t\t\t\t\t\t\t\t\t<\/div>\n\t\t\t\t<\/div>\n\t\t\t\t<div class=\"elementor-element elementor-element-74523e1 elementor-widget elementor-widget-heading\" data-id=\"74523e1\" data-element_type=\"widget\" data-widget_type=\"heading.default\">\n\t\t\t\t<div class=\"elementor-widget-container\">\n\t\t\t\t\t<h2 class=\"elementor-heading-title elementor-size-default\">FAITS INT\u00c9RESSANTS SUR LA G\u00c9ORGIE<\/h2>\t\t\t\t<\/div>\n\t\t\t\t<\/div>\n\t\t\t\t<div class=\"elementor-element elementor-element-c68d262 elementor-widget elementor-widget-text-editor\" data-id=\"c68d262\" data-element_type=\"widget\" data-widget_type=\"text-editor.default\">\n\t\t\t\t<div class=\"elementor-widget-container\">\n\t\t\t\t\t\t\t\t\t<h6><span style=\"text-decoration: underline; color: #000000;\">La G\u00e9orgie est un pays tellement incroyable qu\u2019il ne ressemble \u00e0 aucun autre \u00c9tat. Et certains faits int\u00e9ressants sur la G\u00e9orgie dans son ensemble peuvent frapper l\u2019imagination m\u00eame de ceux qui semblent tout savoir sur ce pays. Nous avons rassembl\u00e9 les faits les plus int\u00e9ressants qui vous aideront \u00e0 en savoir plus sur la G\u00e9orgie.<\/span><\/h6><h6><span style=\"text-decoration: underline; color: #0000ff;\">Le nom du pays<\/span><\/h6><h6><span style=\"text-decoration: underline; color: #000000;\">Les G\u00e9orgiens appellent leur pays Saartv\u00e9lo (pays des Kartvels). Le nom vient de la r\u00e9gion historique et g\u00e9ographique centrale de Kartlie (Ib\u00e9rie dans les sources byzantines), o\u00f9 est n\u00e9 le statut d\u2019\u00c9tat de G\u00e9orgie. Dans le monde, le pays est connu sous l\u2019anglais Georgia (Georgia ou Georgia), et les russophones utilisent le mot \u00ab Gruzia \u00bb. Ces variantes proviennent du nom persan du pays Gurjistan (pays des loups).<\/span><\/h6><h6><span style=\"text-decoration: underline; color: #0000ff;\">Caract\u00e9ristiques linguistiques<\/span><\/h6><h6><span style=\"text-decoration: underline; color: #000000;\">Le g\u00e9orgien est la langue officielle de la G\u00e9orgie. Diff\u00e9rentes r\u00e9gions du pays parlent diff\u00e9rents dialectes. L\u2019alphabet g\u00e9orgien se compose de 33 lettres, parmi lesquelles il n\u2019y a pas de majuscules, et dans la langue g\u00e9orgienne, il n\u2019y a pas de cat\u00e9gorie de genre. Avec l\u2019aide de l\u2019accent sur une certaine syllabe, vous pouvez changer le sens du mot. La langue g\u00e9orgienne est incluse dans la liste des 14 langues uniques du monde. Le discours g\u00e9orgien est similaire \u00e0 l\u2019espagnol. La p\u00e9ninsule ib\u00e9rique occidentale, aujourd\u2019hui l\u2019Espagne, est habit\u00e9e par les Basques, dont les racines sont li\u00e9es \u00e0 la G\u00e9orgie.<\/span><\/h6><h6><span style=\"text-decoration: underline; color: #0000ff;\">L\u2019importance des valeurs familiales<\/span><\/h6><h6><span style=\"text-decoration: underline; color: #000000;\">Les valeurs familiales sont l\u2019une des choses sacr\u00e9es pour tout G\u00e9orgien. Aider ses proches est une norme et un grand honneur pour tout G\u00e9orgien. Les a\u00een\u00e9s sont honor\u00e9s ici et ils ne se permettent pas de dire du mal de leurs proches. Cela vaut vraiment la peine de parler s\u00e9par\u00e9ment de la fa\u00e7on dont les G\u00e9orgiens disent au revoir aux morts. Non seulement les parents et les amis viennent aux fun\u00e9railles, mais aussi les voisins. Si un villageois est enterr\u00e9, tout le village vient lui dire au revoir. Il est de coutume de se souvenir souvent des morts, y compris \u00e0 table.<\/span><\/h6><h6><span style=\"text-decoration: underline; color: #0000ff;\">Salut signifie \u00abSoyez un gagnant\u00bb<\/span><\/h6><h6><span style=\"text-decoration: underline; color: #000000;\">Si vous dites \u00ab Bonjour \u00bb en g\u00e9orgien, cela ressemble \u00e0 \u00ab Gamarjoba \u00bb (poliment : \u00abGamarjobat\u00bb), ce qui signifie litt\u00e9ralement \u00abSoyez un gagnant \u00bb. Ce mot est une transformation en douceur de l\u2019origine plus ancienne \u00abGamarjv\u00e9ba\u00bb, qui est interpr\u00e9t\u00e9 comme \u00abvictoire\u00bb. Les troupes g\u00e9orgiennes se sont souvent battues avec leurs voisins, le pays a souffert \u00e0 plusieurs reprises des envahisseurs. Et toujours, avant la bataille, ils se souhaitaient la victoire. Et ainsi le concept de \u00abvictoire\u00bb a \u00e9t\u00e9 attach\u00e9 au mot \u00abGamarjv\u00e9ba\u00bb.<\/span><\/h6><h6><span style=\"text-decoration: underline; color: #0000ff;\">L\u2019invit\u00e9 est le repr\u00e9sentant de Dieu<\/span><\/h6><h6><span style=\"text-decoration: underline; color: #000000;\">Les G\u00e9orgiens sont l\u2019un des peuples les plus hospitaliers. Chaque invit\u00e9 est tr\u00e8s honor\u00e9, aim\u00e9 et respect\u00e9 ici. On croit que l\u2019invit\u00e9 est le\u00a0\u00a0repr\u00e9sentant\u00a0de Dieu, qui doit \u00eatre convenablement re\u00e7u, abrit\u00e9 et nourri. Si vous venez rendre visite \u00e0 un G\u00e9orgien, vous pouvez \u00eatre s\u00fbr d\u2019\u00eatre nourri, abreuv\u00e9 et pourvu d\u2019une nuit\u00e9e. C\u2019est l\u2019attitude envers les clients dans la plupart des \u00e9tablissements g\u00e9orgiens. Ils ont vraiment une r\u00e8gle sacr\u00e9e qui dit : \u00ab\u00a0l\u2019invit\u00e9 a toujours raison\u00a0\u00bb.<\/span><\/h6><h6><span style=\"text-decoration: underline; color: #0000ff;\">S\u00e9curit\u00e9 de vie<\/span><\/h6><h6><span style=\"text-decoration: underline; color: #000000;\">La G\u00e9orgie est l\u2019un des pays les plus s\u00fbrs au monde pour les habitants et les touristes. Ici, vous pouvez vous promener dans la ville \u00e0 tout moment de la journ\u00e9e. Les habitants sont hospitaliers et seront toujours heureux de vous aider autant que possible. En 2017, la G\u00e9orgie occupait la 7\u00e8me place dans la liste des pays les plus s\u00fbrs. Une enqu\u00eate mondiale des Nations Unies a confirm\u00e9 que la police g\u00e9orgienne est parmi les moins corrompues au monde et, par cons\u00e9quent, b\u00e9n\u00e9ficie d\u2019un haut niveau de confiance.<\/span><\/h6><h6><span style=\"text-decoration: underline; color: #0000ff;\">\u00abChakroulo\u00bb en orbite extraterrestre<\/span><\/h6><h6><span style=\"text-decoration: underline; color: #000000;\">Le chant polyphonique g\u00e9orgien est une tradition inestimable, inscrite sur la liste du patrimoine culturel immat\u00e9riel de l\u2019UNESCO et reconnue comme un chef-d\u2019\u0153uvre de la polyphonie mondiale. Le chant est une composante essentielle de la l\u00e9gendaire hospitalit\u00e9 g\u00e9orgienne et est une partie importante de la f\u00eate g\u00e9orgienne. En 1976, l\u2019agence spatiale am\u00e9ricaine NASA, utilisant le vaisseau spatial Voyager, a envoy\u00e9 la chanson g\u00e9orgienne \u00ab\u00a0Chakroulo\u00a0\u00bb dans l\u2019espace comme exemple des capacit\u00e9s musicales de l\u2019humanit\u00e9.<\/span><\/h6><h6><span style=\"text-decoration: underline; color: #0000ff;\">Table \u00e9tiquette g\u00e9orgienne<\/span><\/h6><h6><span style=\"text-decoration: underline; color: #000000;\">Un attribut obligatoire de l\u2019hospitalit\u00e9 g\u00e9orgienne est une f\u00eate traditionnelle. La particularit\u00e9 de la f\u00eate est l\u2019ordre \u00e0 table, le respect de l\u2019\u00e9tiquette. C\u2019est la responsabilit\u00e9 du toastmaster, qui est choisi au tout d\u00e9but des vacances. Tamada signifie le chef de la c\u00e9l\u00e9bration. Les toasts sont prononc\u00e9s dans un certain ordre. Le premier est un toast. Viennent ensuite les principaux toasts traditionnels au monde et \u00e0 la famille, \u00e0 la patrie, aux parents, aux enfants, aux d\u00e9funts, aux parents et aux amis.<\/span><\/h6><h6><span style=\"text-decoration: underline; color: #0000ff;\">500 vari\u00e9t\u00e9s de raisins poussent en G\u00e9orgie<\/span><\/h6><h6><span style=\"text-decoration: underline; color: #000000;\">Cela repr\u00e9sente pr\u00e8s d\u2019un quart des c\u00e9pages du monde, y compris des vignes en voie de disparition que l\u2019on ne trouve nulle part ailleurs sur Terre. La G\u00e9orgie pr\u00e9tend \u00eatre le berceau du vin. Il a commenc\u00e9 \u00e0 \u00eatre produit ici il y a 7-8 mille ans. Aujourd\u2019hui, le pays compte 500 vari\u00e9t\u00e9s de raisins cultiv\u00e9s. La technologie traditionnelle mill\u00e9naire de vieillissement du vin dans un grand r\u00e9cipient en argile \u2013 Qvevri, est inscrite sur la liste du patrimoine culturel immat\u00e9riel de l\u2019UNESCO.<\/span><\/h6><h6><span style=\"text-decoration: underline; color: #0000ff;\">5 artefacts anciens qui ont chang\u00e9 le monde<\/span><\/h6><ol><li><h6><span style=\"text-decoration: underline; color: #0000ff;\">Les restes d\u2019un homme ancien \u2013 1,8 million d\u2019ann\u00e9es. Sur le territoire de la G\u00e9orgie, des os f\u00e9minins et masculins ont \u00e9t\u00e9 trouv\u00e9s, dont l\u2019\u00e2ge \u00e9tait d\u2019environ 1,8 million d\u2019ann\u00e9es.<\/span><\/h6><\/li><li><h6><span style=\"text-decoration: underline; color: #0000ff;\">\u00a0Le premier fil du monde \u2013 34 mille ans, \u00c0 l\u2019\u00e8re du Pal\u00e9olithique sup\u00e9rieur, sur le territoire de l\u2019actuelle G\u00e9orgie occidentale, un homme a invent\u00e9 un fil.<\/span><\/h6><\/li><li><h6><span style=\"text-decoration: underline; color: #0000ff;\">Le premier vin \u2013 8 mille ans. Une jarre en terre cuite du 6e mill\u00e9naire av. J.-C. a \u00e9t\u00e9 retrouv\u00e9e en G\u00e9orgie. avec des restes de raisin.<\/span><\/h6><\/li><li><h6><span style=\"text-decoration: underline; color: #0000ff;\">Les plus anciennes mines d\u2019or du monde \u2013 6 mille ans En G\u00e9orgie, des tunnels ont \u00e9t\u00e9 ouverts dans lesquels d\u2019anciens mineurs extrayaient de l\u2019or. Les scientifiques ont d\u00e9termin\u00e9 l\u2019\u00e2ge des travaux \u2013 IV mill\u00e9naire avant JC.<\/span><\/h6><\/li><li><h6><span style=\"text-decoration: underline; color: #0000ff;\">\u00a0M\u00e9tallurgie et forge \u2013 5 mille ans.\u00a0Un grand nombre d\u2019objets trouv\u00e9s \u00e0 des fins diverses,\u00a0t\u00e9moignent\u00a0du haut niveau de d\u00e9veloppement de la production m\u00e9tallurgique, dans la partie orientale de la G\u00e9orgie, dans la premi\u00e8re moiti\u00e9 du 3\u00e8me mill\u00e9naire avant JC.<\/span><\/h6><\/li><\/ol>\t\t\t\t\t\t\t\t<\/div>\n\t\t\t\t<\/div>\n\t\t\t\t<\/div>\n\t\t\t\t\t<\/div>\n\t\t\t\t<\/div>\n\t\t\t\t<\/div>\n\t\t","protected":false},"excerpt":{"rendered":"<p>FAITS INT\u00c9RESSANTS SUR LA G\u00c9ORGIE La G\u00e9orgie est un pays tellement incroyable qu\u2019il ne ressemble \u00e0 aucun autre \u00c9tat. Et certains faits int\u00e9ressants sur la G\u00e9orgie dans son ensemble peuvent frapper l\u2019imagination m\u00eame de ceux qui semblent tout savoir sur ce pays. Nous avons rassembl\u00e9 les faits les plus int\u00e9ressants qui vous aideront \u00e0 en [&hellip;]<\/p>\n","protected":false},"author":1,"featured_media":0,"parent":0,"menu_order":0,"comment_status":"closed","ping_status":"closed","template":"","meta":{"footnotes":""},"class_list":["post-14265","page","type-page","status-publish","hentry"],"_links":{"self":[{"href":"https:\/\/georgiavoyage.ge\/fr\/wp-json\/wp\/v2\/pages\/14265","targetHints":{"allow":["GET"]}}],"collection":[{"href":"https:\/\/georgiavoyage.ge\/fr\/wp-json\/wp\/v2\/pages"}],"about":[{"href":"https:\/\/georgiavoyage.ge\/fr\/wp-json\/wp\/v2\/types\/page"}],"author":[{"embeddable":true,"href":"https:\/\/georgiavoyage.ge\/fr\/wp-json\/wp\/v2\/users\/1"}],"replies":[{"embeddable":true,"href":"https:\/\/georgiavoyage.ge\/fr\/wp-json\/wp\/v2\/comments?post=14265"}],"version-history":[{"count":0,"href":"https:\/\/georgiavoyage.ge\/fr\/wp-json\/wp\/v2\/pages\/14265\/revisions"}],"wp:attachment":[{"href":"https:\/\/georgiavoyage.ge\/fr\/wp-json\/wp\/v2\/media?parent=14265"}],"curies":[{"name":"wp","href":"https:\/\/api.w.org\/{rel}","templated":true}]}}