{"id":14284,"date":"2024-08-22T04:03:56","date_gmt":"2024-08-22T04:03:56","guid":{"rendered":"https:\/\/georgiavoyage.web-reflection.com\/georgian-souvenirs-and-gifts\/"},"modified":"2025-02-22T12:10:31","modified_gmt":"2025-02-22T12:10:31","slug":"georgian-souvenirs-and-gifts","status":"publish","type":"page","link":"https:\/\/georgiavoyage.ge\/fr\/georgian-souvenirs-and-gifts\/","title":{"rendered":"SOUVENIRS ET CADEAUX"},"content":{"rendered":"\t\t<div data-elementor-type=\"wp-page\" data-elementor-id=\"14284\" class=\"elementor elementor-14284 elementor-14260\">\n\t\t\t\t<div class=\"elementor-element elementor-element-a3db806 blogi e-flex e-con-boxed e-con e-parent\" data-id=\"a3db806\" data-element_type=\"container\" data-settings=\"{&quot;background_background&quot;:&quot;classic&quot;}\">\n\t\t\t\t\t<div class=\"e-con-inner\">\n\t\t<div class=\"elementor-element elementor-element-242f925 e-con-full e-flex e-con e-child\" data-id=\"242f925\" data-element_type=\"container\">\n\t\t\t\t<div class=\"elementor-element elementor-element-f4e0191 elementor-widget elementor-widget-image\" data-id=\"f4e0191\" data-element_type=\"widget\" data-widget_type=\"image.default\">\n\t\t\t\t<div class=\"elementor-widget-container\">\n\t\t\t\t\t\t\t\t\t\t\t\t\t\t\t<img fetchpriority=\"high\" decoding=\"async\" width=\"800\" height=\"235\" src=\"https:\/\/georgiavoyage.ge\/wp-content\/uploads\/2024\/12\/Georgian-souvenirs-and-gifts-1.jpg\" class=\"attachment-large size-large wp-image-27749\" alt=\"Souvenirs and gifts in Georgia\" srcset=\"https:\/\/georgiavoyage.ge\/wp-content\/uploads\/2024\/12\/Georgian-souvenirs-and-gifts-1.jpg 850w, https:\/\/georgiavoyage.ge\/wp-content\/uploads\/2024\/12\/Georgian-souvenirs-and-gifts-1-300x88.jpg 300w, https:\/\/georgiavoyage.ge\/wp-content\/uploads\/2024\/12\/Georgian-souvenirs-and-gifts-1-768x226.jpg 768w, https:\/\/georgiavoyage.ge\/wp-content\/uploads\/2024\/12\/Georgian-souvenirs-and-gifts-1-600x176.jpg 600w\" sizes=\"(max-width: 800px) 100vw, 800px\" \/>\t\t\t\t\t\t\t\t\t\t\t\t\t\t\t<\/div>\n\t\t\t\t<\/div>\n\t\t\t\t<div class=\"elementor-element elementor-element-9716b6f elementor-widget elementor-widget-heading\" data-id=\"9716b6f\" data-element_type=\"widget\" data-widget_type=\"heading.default\">\n\t\t\t\t<div class=\"elementor-widget-container\">\n\t\t\t\t\t<h2 class=\"elementor-heading-title elementor-size-default\">SOUVENIRS ET CADEAUX G\u00c9ORGIENS<\/h2>\t\t\t\t<\/div>\n\t\t\t\t<\/div>\n\t\t\t\t<div class=\"elementor-element elementor-element-c68d262 elementor-widget elementor-widget-text-editor\" data-id=\"c68d262\" data-element_type=\"widget\" data-widget_type=\"text-editor.default\">\n\t\t\t\t<div class=\"elementor-widget-container\">\n\t\t\t\t\t\t\t\t\t<h6><span style=\"text-decoration: underline; color: #000000;\"><em>Il n\u2019est pas secret que presque tous les voyageurs r\u00eavent d\u2019apporter un souvenir comm\u00e9moratif de leur voyage ou d\u2019acheter une mise \u00e0 jour inhabituelle. En G\u00e9orgie, ce sentiment est particuli\u00e8rement \u00ab\u00a0renforc\u00e9\u00a0\u00bb dans derniers jours avant du d\u00e9part, car les touristes sont constamment entour\u00e9s par la chaleur, les soins et l\u2019hospitalit\u00e9 folle de la population locale. En G\u00e9orgie, vous pouvez trouver des cadeaux pour tous les go\u00fbts, la couleur et le co\u00fbt. Comme dans tout autre pays populaire chez les voyageurs, il ya des points avec des prix et des biens purement touristiques.<\/em><\/span><\/h6><h6><span style=\"text-decoration: underline; color: #000000;\"><em>Il n\u2019est pas facile de d\u00e9cider des cadeaux sur place. Il y a des barres de souvenirs\u00a0\u00e0 chaque coin, mais ils vendent surtout des bandes vari\u00e9es. Si on veut quelque chose d\u2019inhabituel, d\u2019exclusif et de singulier, on ferait mieux de savoir \u00e0 l\u2019avance o\u00f9 et o\u00f9 tu dois trouver. En G\u00e9orgie, on peut facilement trouver de tr\u00e8s bons souvenirs. Ils ne co\u00fbteront pas cher et seront 100 fois plus beaux que tous les magn\u00e9tiques ou les tasses.\u00a0Nous avons rassembl\u00e9 les options les plus int\u00e9ressantes, pertinentes et utiles pour les souvenirs que vous pouvez acheter en G\u00e9orgie.<\/em><\/span><\/h6><h6><span style=\"text-decoration: underline; color: #0000ff;\"><em>Vins\u00a0 g\u00e9orgiens\u00a0<\/em><\/span><\/h6><h6><span style=\"text-decoration: underline; color: #000000;\"><em>Le vin est un souvenir d\u2019art, sans lequel de nombreuses personnes de G\u00e9orgie ne reviennent pas. Un vrai Khvanchkara ou Kinlzmaraouli est d\u00e9j\u00e0 un beau cadeau. Et si vous achetez du bon vin dans un r\u00e9cipient en c\u00e9ramique original, ce ne sera pas seulement un bon souvenir, mais vous rappellera \u00e9galement la f\u00eate g\u00e9orgienne pendant longtemps. Le bon vin local ne doit pas \u00eatre achet\u00e9 dans les supermarch\u00e9s, mais uniquement dans des \u00e9tablissements vinicoles priv\u00e9s. ils sont autoris\u00e9s \u00e0 go\u00fbter\u00a0 d\u2019abord et \u00a0puis\u00a0 d\u00e9cider quelle vari\u00e9t\u00e9 est le plus convenant. Le chacha fait maison est un analogue g\u00e9orgien de la vodka de raisin et il est \u00e9galement pr\u00e9f\u00e9rable de l\u2019acheter dans des \u00e9tablissements vinicoles, o\u00f9 il est conduit selon de vieilles recettes.<\/em><\/span><\/h6><h6><span style=\"text-decoration: underline; color: #0000ff;\"><em>Fromages \u00a0maison<\/em><\/span><\/h6><h6><span style=\"text-decoration: underline; color: #000000;\"><em>Il y a beaucoup de fromages dans le pays.\u00a0 Ils sont tous d\u00e9licieux et vari\u00e9s, et surtout naturels. Mais nous ne recommandons que deux types pour la transportation: Im\u00e9r\u00e9tien et Soulgouni. \u00c0 propos, c\u2019est du fromage im\u00e9r\u00e9tien qui est utilis\u00e9 comme ingr\u00e9dient dans le khachapouri. Dans les magasins, on ne trouve g\u00e9n\u00e9ralement que quelques vari\u00e9t\u00e9s. Il existe beaucoup plus de vari\u00e9t\u00e9s sur le march\u00e9 \u2013 fromages sal\u00e9s, l\u00e9g\u00e8rement sal\u00e9s, fum\u00e9s, tress\u00e9s et r\u00e9guliers. Et aussi, au bazar, ils sont autoris\u00e9s \u00e0 go\u00fbter, ce qui est important, car le go\u00fbt peut \u00eatre sp\u00e9cifique. Si vous choisissez le fromage comme cadeau, il est pr\u00e9f\u00e9rable d\u2019acheter les vari\u00e9t\u00e9s qui ont une dur\u00e9e de conservation plus longue. Par exemple, le soulgouni fum\u00e9 peut \u00eatre conserv\u00e9 jusqu\u2019\u00e0 un an, et le soulgouni frais (non sal\u00e9) peut \u00eatre conserv\u00e9 de 7 \u00e0 10 jours.<\/em><\/span><\/h6><h6><span style=\"text-decoration: underline; color: #0000ff;\"><em>\u00c9pices g\u00e9orgiennes<\/em><\/span><\/h6><h6><span style=\"text-decoration: underline; color: #000000;\"><em>Pour ceux qui ont des amis ou des\u00a0 proches qui aiment les d\u00e9lices culinaires, nous vous recommandons de regarder vers\u00a0 des \u00e9pices et les sauces locales. L\u2019\u00e9pice g\u00e9orgienne la plus connue est le sel de Svan, qui est une \u00e9pice aromatique, relativement peu co\u00fbteuse et tr\u00e8s populaire en G\u00e9orgie. En plus du sel de Svan, on peut trouver d\u2019autres \u00e9pices remarquables: Adjika s\u00e8che, Coriandre, khm\u00e9li-Soun\u00e9li et autres. Vous pouvez acheter des condiments au march\u00e9 agricole ou au supermarch\u00e9. Les \u00e9pices auront l\u2019air plus pr\u00e9sentables dans le magasin et parfum\u00e9es dans le march\u00e9 agricole. Si vous d\u00e9cidez d\u2019acheter des \u00e9pices sur le march\u00e9, roulez-les dans plusieurs sacs, sinon vous risquez d\u2019avoir \u00a0une odeur caract\u00e9ristique \u00e0 l\u2019arriv\u00e9e.<\/em><\/span><\/h6><h6><span style=\"text-decoration: underline; color: #0000ff;\"><em>Sauces g\u00e9orgiennes<\/em><\/span><\/h6><h6><span style=\"text-decoration: underline; color: #000000;\"><em>Avec les sauces, les choses sont plus faciles. Pendant votre repos, vous aurez s\u00fbrement le temps d\u2019essayer, sinon tous, au moins un couple et de prendre note des plus d\u00e9licieux. Il est impossible d\u2019imaginer la cuisine g\u00e9orgienne sans sauces. \u00c9pic\u00e9, aromatique, pr\u00e9par\u00e9 exclusivement \u00e0 partir de l\u00e9gumes naturels, de fruits et d\u2019\u00e9pices. Vous pouvez choisir les sauces l\u00e0 o\u00f9 c\u2019est plus pratique (au march\u00e9 ou en magasin). Un tel cadeau ne se d\u00e9t\u00e9riorera pas rapidement et ravira certainement l\u2019heureux propri\u00e9taire avec le go\u00fbt. Le plus souvent demand\u00e9s sont: Sats\u00e9b\u00e9li, Tk\u00e9mali et Adjika. En G\u00e9orgie, ces sauces sont tout simplement irr\u00e9alistes. Vous pouvez prendre en toute s\u00e9curit\u00e9 les sauces d\u2019usine et faites maison, elles sont conserv\u00e9es pendant une dur\u00e9e tout aussi longue.<\/em><\/span><\/h6><h6><span style=\"text-decoration: underline; color: #0000ff;\"><em>\u00a0Friandises\u00a0 g\u00e9orgiens\u00a0<\/em><\/span><\/h6><h6><span style=\"text-decoration: underline; color: #000000;\"><em>Le premier qui nous vient \u00e0 l\u2019esprit est une vari\u00e9t\u00e9 de Chourchkh\u00e9la. Vous pouvez acheter sur les march\u00e9s agricoles (moins bonne qualit\u00e9) ou dans de petites fermes (subjectivement plus savoureux et nettement moins cher). Il y a des Chourchkh\u00e9la avec des noix et des noisettes, et selon le sirop: sombre de la vari\u00e9t\u00e9 Sap\u00e9ravi et clair de Rkatsit\u00e9li (dans des march\u00e9s agricoles, il y a toutes sortes de couleurs et de tailles). Un produit frais achet\u00e9 encore brillant et moelleux ne se conserve pas longtemps, bien qu\u2019il soit tr\u00e8s savoureux. Il peut \u00eatre transport\u00e9, mais il vaut la peine d\u2019avertir le destinataire de manger rapidement le dessert. Mais Chourchkh\u00e9la avec une petite fleur de sucre convient aux \u00e9conomies \u00e0 long terme, plus dures et plus sucr\u00e9es<\/em><\/span><\/h6><h6><span style=\"text-decoration: underline; color: #0000ff;\"><em>Confitures g\u00e9orgiennes<\/em><\/span><\/h6><h6><span style=\"text-decoration: underline; color: #000000;\"><em>Par ailleurs, il vaut la peine parler de la confiture g\u00e9orgienne .L\u2019assortiment de ce produit est grand et choisir une option int\u00e9ressante n\u2019est pas facile. La G\u00e9orgie est c\u00e9l\u00e8bre pour toutes sortes de confitures, des baies traditionnelles aux confitures des fruits exotiques. Sur le march\u00e9, vous pouvez acheter des confitures maison, et dans les magasins, des confitures fabriqu\u00e9es dans les usines: \u00e0 partir de figues; Pommes de pin; Cornouiller; Coing; Noix; Aubergine; Past\u00e8que et autres. Nous vous conseillons de faire attention aux confitures \u00e0 base de fruits exotiques: la feijoa, qui pousse ici, \u00e0 partir de mandarines ou de kiwi.<\/em><\/span><\/h6><h6><span style=\"text-decoration: underline; color: #0000ff;\"><em>Miel g\u00e9orgien<\/em><\/span><\/h6><h6><span style=\"text-decoration: underline; color: #000000;\"><em>Le miel en G\u00e9orgie est une douceur exquise. Le pays poss\u00e8de une grande vari\u00e9t\u00e9 de miel naturel, visqueux et aromatique. Vous pouvez m\u00eame acheter, par exemple, du miel d\u2019agrumes inhabituel ou du miel d\u2019abeille sauvage, consid\u00e9r\u00e9 comme une vraie d\u00e9licatesse. Le miel de montagne r\u00e9colt\u00e9 sur les hautes pentes de la G\u00e9orgie ne peut \u00eatre compar\u00e9 \u00e0 rien. Il est naturel, parfum\u00e9, visqueux. La vari\u00e9t\u00e9 des types de miel est incroyable. La mandarine, l\u2019acacia, les fleurs de noix et le miel de ch\u00e2taignier sont populaires parmi les touristes. Il y a un magasin de miel sp\u00e9cialis\u00e9 \u00e0 Tbilissi, o\u00f9 vous pouvez d\u00e9guster tout type de miel.<\/em><\/span><\/h6><h6><span style=\"text-decoration: underline; color: #0000ff;\"><em>Fruits secs g\u00e9orgiens<\/em><\/span><\/h6><h6><span style=\"text-decoration: underline; color: #000000;\"><em>Bien s\u00fbr, tous les fruits cultiv\u00e9s dans le pays ne sont pas pratiques et faciles \u00e0 transporter. Surtout trop doux et juteux. Mais les plus durs, tels que Chiri (fruits secs), valent la peine d\u2019\u00eatre essay\u00e9s. En G\u00e9orgie, les fruits secs sont produits \u00e0 partir de presque tous les types de fruits \u2013 Pomme, Kiwi, Poire, Figue, Mandarine, Raisin, Past\u00e8que, Melon, Tkemali, Prune, Bushmal. Les kakis s\u00e9ch\u00e9s sont \u00e9galement appel\u00e9s bonbons naturels. C\u2019est tout aussi sucr\u00e9, mais il ne contient pas un seul gramme de produits artificiels. Le fruit parfum\u00e9 du sud dans les temps anciens re\u00e7ut le titre de \u00abfruit des dieux\u00bb. Nous vous recommandons \u00e9galement d\u2019apporter \u00e0 vos amis un feijoa. Ce fruit inhabituel est tr\u00e8s sain.<\/em><\/span><\/h6><h6><span style=\"text-decoration: underline; color: #0000ff;\"><em>\u00abTklapi\u00bb (pastila) g\u00e9orgien\u00a0<\/em><\/span><\/h6><h6><span style=\"text-decoration: underline; color: #000000;\"><em>Un autre dessert inhabituel est la guimauve ou le Tklapi (feuilles rondes s\u00e8ches de pur\u00e9e de fruits). C\u2019est \u00e0 la fois doux et polyvalent. En traduction directe de la langue g\u00e9orgienne, \u00ab\u00a0Tklapi\u00a0\u00bb signifie \u00ab\u00a0pur\u00e9e de prune s\u00e9ch\u00e9e au soleil\u00a0\u00bb. Dans la forme et la composition, il ne ressemble pas du tout \u00e0 la c\u00e9l\u00e8bre pastille orientale. Il est pr\u00e9par\u00e9 \u00e0 partir de fruits naturels (traditionnellement \u00e0 partir de prunes Cerises ou de Prunes), mais il existe aujourd\u2019hui de nombreuses vari\u00e9t\u00e9s de Tklapi, notamment des baies, des noix et des fruits exotiques (par exemple, \u00e0 partir de kiwi). Particuli\u00e8rement populaire aupr\u00e8s des enfants. La composition de la guimauve ne comprend pas de sucre, par cons\u00e9quent, un tel dessert est souvent \u00abaigre\u00bb.<\/em><\/span><\/h6><h6><span style=\"text-decoration: underline; color: #0000ff;\"><em>Th\u00e9 g\u00e9orgien<\/em><\/span><\/h6><h6><span style=\"text-decoration: underline; color: #000000;\"><em>Sur le territoire de la G\u00e9orgie, comme auparavant, la population locale cultive du th\u00e9 d\u00e9licieux et aromatique, bien que, disent-ils, pas en telles quantit\u00e9s. Beaucoup de produits sont export\u00e9s. Le c\u00e9l\u00e8bre th\u00e9 g\u00e9orgien est un cadeau pas cher et agr\u00e9able. Il vaut mieux l\u2019acheter dans un magasin de th\u00e9 ou \u00e0 l\u2019\u00e9picerie. Les supermarch\u00e9s vendent des vari\u00e9t\u00e9s d\u2019\u00e9lite de th\u00e9 g\u00e9orgien \u2013 par exemple, \u00ab\u00a0Prince Gouri\u00e9li\u00a0\u00bb. Cette vari\u00e9t\u00e9 est prim\u00e9e dans diverses expositions de th\u00e9 et a un tr\u00e8s bon go\u00fbt \u2013 acidul\u00e9, fort, riche en nuances. Vous pouvez acheter du th\u00e9 directement sur le lieu o\u00f9 il est cultiv\u00e9, dans les r\u00e9gions d\u2019Adjarie et de Gouria.<\/em><\/span><\/h6><h6><span style=\"text-decoration: underline; color: #0000ff;\"><em>Poterie en argile<\/em><\/span><\/h6><h6><span style=\"text-decoration: underline; color: #000000;\"><em>Une belle poterie sera un bon cadeau pour les vraies h\u00f4tesses. Il convient particuli\u00e8rement de pr\u00eater attention\u00a0 \u00e0\u00a0 k\u00e9tsi \u2013 une sorte de po\u00eale en argile. Il est \u00ab\u00a0multifonctionnel\u00a0\u00bb et convient \u00e0 presque toutes les surfaces de chauffage (y compris po\u00eale ou feu ouvert). En G\u00e9orgie, des plats y sont souvent servis m\u00eame dans les restaurants. Une cruche pour le vin ou d\u2019autres boissons alcoolis\u00e9es convient tout \u00e0 fait \u00e0 la partie masculine comme cadeau. Un tel cadeau restera s\u00fbrement dans les m\u00e9moires pendant longtemps. Le moyen le plus simple d\u2019acheter de la poterie est lors d\u2019une visite du pays ou au march\u00e9 de la ville.<\/em><\/span><\/h6><h6><span style=\"text-decoration: underline; color: #0000ff;\"><em>\u00c9mail Vitreux (Minankari)<\/em><\/span><\/h6><h6><span style=\"text-decoration: underline; color: #000000;\"><em>Votre \u00a0\u00ab\u00a0belle moiti\u00e9\u00a0\u00bb appr\u00e9ciera sans aucun doute le cadeau original de bijoux (bague, pendentif, bracelet ou broche) du c\u00e9l\u00e8bre \u00e9mail vitreux \u2013 Minankari. Le cadeau est assez lumineux, distinctif, typiquement g\u00e9orgien et assez abordable pour une personne bien-aim\u00e9e et ch\u00e8re. Il existe des bijoux en argent, or, cuivre et platine. Tous les produits sont uniques dans tous les sens \u2013 ils sont fabriqu\u00e9s \u00e0 la main. En plus de Minankari, des bijoux en or et en argent plus courants sont \u00e9galement vendus en G\u00e9orgie. L\u2019\u00e9mail vitreux est une technique d\u2019\u00e9mail exigeante et complexe et tout ce que vous trouverez sera fait \u00e0 la main.<\/em><\/span><\/h6><h6><span style=\"text-decoration: underline; color: #0000ff;\"><em>Georgian Th\u00e9ka (Feutre)<\/em><\/span><\/h6><h6><span style=\"text-decoration: underline; color: #000000;\"><em>Th\u00e9ka, les produits en feutre sont id\u00e9aux pour un cadeau. La technique du feutre en G\u00e9orgie est l\u2019une des plus anciennes de l\u2019art populaire appliqu\u00e9. Les premiers \u00e9chantillons de feutre ont \u00e9t\u00e9 d\u00e9couverts lors de fouilles, qui remontent au 2\u00e8me mill\u00e9naire avant JC. En G\u00e9orgie, de nombreux designers talentueux travaillent avec cette technique et utilisent le feutre dans leur art. Presque tout est en feutre: \u00e9charpes, chemisiers, robes, sacs, jouets, chapeaux, pantoufles et m\u00eame des perles. Toute la vari\u00e9t\u00e9 de produits de toutes les couleurs et nuances peut \u00eatre achet\u00e9e ou simplement regard\u00e9e sur les march\u00e9s de souvenirs de G\u00e9orgie.<\/em><\/span><\/h6><h6><span style=\"text-decoration: underline; color: #0000ff;\"><em>Souvenirs religieux<\/em><\/span><\/h6><h6><span style=\"text-decoration: underline; color: #000000;\"><em>La G\u00e9orgie est un pays tr\u00e8s religieux. Il n\u2019est pas surprenant que dans chaque ville il y ait un grand nombre de temples et, par cons\u00e9quent, de boutiques d\u2019\u00e9glises. La gamme de certains d\u2019entre eux est incroyable. En plus des ic\u00f4nes, des croix et des cha\u00eenes, vous pouvez voir de jolies bo\u00eetes, du miel parfum\u00e9 et du vin tout \u00e0 fait pr\u00e9sentable. En option: un bracelet fin avec les mots \u00abSave and \u00a0Pr\u00e9serve\u00bb inscrits en g\u00e9orgien, achet\u00e9 dans l\u2019\u00e9glise, sera un bon cadeau. Cela arrive m\u00eame en or ou en argent.<\/em><\/span><\/h6><h6><span style=\"text-decoration: underline; color: #0000ff;\"><em>Les choses antiques<\/em><\/span><\/h6><h6><span style=\"text-decoration: underline; color: #000000;\"><em>Les articles inhabituels sont mieux trouv\u00e9s dans les magasins d\u2019antiquit\u00e9s. Ils ont l\u2019air brillant et attirent toujours l\u2019attention des touristes. Alternative \u2013 March\u00e9 aux puces \u00ab\u00a0Le pont sec\u00a0\u00bb. Ici vous pouvez \u00e9galement trouver des objets originaux d\u2019origine sovi\u00e9tique, d\u2019Europe de l\u2019Est et g\u00e9orgienne. Bougeoirs exquis, instruments de musique anciens, peintures magnifiques, argenterie et bien plus encore. S\u2019il y a une envie et du temps, vous pouvez visiter le march\u00e9 de Samgori (ou Navtlougui, les habitants appellent le bazar de cette fa\u00e7on et cela). Parfois, vous pouvez y trouver de tr\u00e8s bonnes choses (beaucoup plus attrayantes et moins ch\u00e8res que sur un pont sec).<\/em><\/span><\/h6><h6><span style=\"text-decoration: underline; color: #0000ff;\"><em>Peintures d\u2019artistes locaux<\/em><\/span><\/h6><h6><span style=\"text-decoration: underline; color: #000000;\"><em>Quelle meilleure fa\u00e7on de pr\u00e9server les souvenirs d\u2019un lieu que son image. Les images de leur pays d\u2019origine ont \u00e9t\u00e9 transf\u00e9r\u00e9es sur leurs toiles par David Martiachvili, El\u00e9n\u00e9 Akhvl\u00e9diani, Niko Phirosmani, Zourab Ts\u00e9r\u00e9teli, Lado T\u00e9vdoradz\u00e9. Et si l\u2019image du c\u00e9l\u00e8bre ma\u00eetre n\u2019est pas abordable pour tout le monde, le march\u00e9 aux puces sur le pont sec aidera le touriste \u00e0 petit budget. les photos sont vendues l\u00e0-bas sont tr\u00e8s bonnes et peuvent \u00eatre trouv\u00e9es pour diff\u00e9rents go\u00fbts. C\u2019est ici que les artistes contemporains pr\u00e9sentent leurs \u0153uvres sur diff\u00e9rents th\u00e8mes: des paysages urbains \u00e0 la peinture animali\u00e8re amusante.<\/em><\/span><\/h6>\t\t\t\t\t\t\t\t<\/div>\n\t\t\t\t<\/div>\n\t\t\t\t<\/div>\n\t\t\t\t\t<\/div>\n\t\t\t\t<\/div>\n\t\t\t\t<\/div>\n\t\t","protected":false},"excerpt":{"rendered":"<p>SOUVENIRS ET CADEAUX G\u00c9ORGIENS Il n\u2019est pas secret que presque tous les voyageurs r\u00eavent d\u2019apporter un souvenir comm\u00e9moratif de leur voyage ou d\u2019acheter une mise \u00e0 jour inhabituelle. En G\u00e9orgie, ce sentiment est particuli\u00e8rement \u00ab\u00a0renforc\u00e9\u00a0\u00bb dans derniers jours avant du d\u00e9part, car les touristes sont constamment entour\u00e9s par la chaleur, les soins et l\u2019hospitalit\u00e9 folle [&hellip;]<\/p>\n","protected":false},"author":1,"featured_media":0,"parent":0,"menu_order":0,"comment_status":"closed","ping_status":"closed","template":"","meta":{"footnotes":""},"class_list":["post-14284","page","type-page","status-publish","hentry"],"_links":{"self":[{"href":"https:\/\/georgiavoyage.ge\/fr\/wp-json\/wp\/v2\/pages\/14284","targetHints":{"allow":["GET"]}}],"collection":[{"href":"https:\/\/georgiavoyage.ge\/fr\/wp-json\/wp\/v2\/pages"}],"about":[{"href":"https:\/\/georgiavoyage.ge\/fr\/wp-json\/wp\/v2\/types\/page"}],"author":[{"embeddable":true,"href":"https:\/\/georgiavoyage.ge\/fr\/wp-json\/wp\/v2\/users\/1"}],"replies":[{"embeddable":true,"href":"https:\/\/georgiavoyage.ge\/fr\/wp-json\/wp\/v2\/comments?post=14284"}],"version-history":[{"count":0,"href":"https:\/\/georgiavoyage.ge\/fr\/wp-json\/wp\/v2\/pages\/14284\/revisions"}],"wp:attachment":[{"href":"https:\/\/georgiavoyage.ge\/fr\/wp-json\/wp\/v2\/media?parent=14284"}],"curies":[{"name":"wp","href":"https:\/\/api.w.org\/{rel}","templated":true}]}}