{"id":16773,"date":"2024-09-09T15:02:23","date_gmt":"2024-09-09T15:02:23","guid":{"rendered":"https:\/\/georgiavoyage.web-reflection.com\/georgian-natural-monuments\/"},"modified":"2025-02-20T05:51:20","modified_gmt":"2025-02-20T05:51:20","slug":"georgian-natural-monuments","status":"publish","type":"page","link":"https:\/\/georgiavoyage.ge\/fr\/georgian-natural-monuments\/","title":{"rendered":"GEORGIAN NATURAL MONUMENTS"},"content":{"rendered":"\t\t<div data-elementor-type=\"wp-page\" data-elementor-id=\"16773\" class=\"elementor elementor-16773 elementor-14352\">\n\t\t\t\t<div class=\"elementor-element elementor-element-a3db806 blogi e-flex e-con-boxed e-con e-parent\" data-id=\"a3db806\" data-element_type=\"container\" data-settings=\"{&quot;background_background&quot;:&quot;classic&quot;}\">\n\t\t\t\t\t<div class=\"e-con-inner\">\n\t\t<div class=\"elementor-element elementor-element-242f925 e-con-full e-flex e-con e-child\" data-id=\"242f925\" data-element_type=\"container\">\n\t\t\t\t<div class=\"elementor-element elementor-element-4dbbddd elementor-widget elementor-widget-image\" data-id=\"4dbbddd\" data-element_type=\"widget\" data-widget_type=\"image.default\">\n\t\t\t\t<div class=\"elementor-widget-container\">\n\t\t\t\t\t\t\t\t\t\t\t\t\t\t\t<img fetchpriority=\"high\" decoding=\"async\" width=\"800\" height=\"235\" src=\"https:\/\/georgiavoyage.ge\/wp-content\/uploads\/2024\/12\/Georgian-Natural-Monuments.jpg\" class=\"attachment-large size-large wp-image-32127\" alt=\"Georgian Natural Monuments\" srcset=\"https:\/\/georgiavoyage.ge\/wp-content\/uploads\/2024\/12\/Georgian-Natural-Monuments.jpg 850w, https:\/\/georgiavoyage.ge\/wp-content\/uploads\/2024\/12\/Georgian-Natural-Monuments-300x88.jpg 300w, https:\/\/georgiavoyage.ge\/wp-content\/uploads\/2024\/12\/Georgian-Natural-Monuments-768x226.jpg 768w, https:\/\/georgiavoyage.ge\/wp-content\/uploads\/2024\/12\/Georgian-Natural-Monuments-600x176.jpg 600w\" sizes=\"(max-width: 800px) 100vw, 800px\" \/>\t\t\t\t\t\t\t\t\t\t\t\t\t\t\t<\/div>\n\t\t\t\t<\/div>\n\t\t\t\t<div class=\"elementor-element elementor-element-c68d262 elementor-widget elementor-widget-text-editor\" data-id=\"c68d262\" data-element_type=\"widget\" data-widget_type=\"text-editor.default\">\n\t\t\t\t<div class=\"elementor-widget-container\">\n\t\t\t\t\t\t\t\t\t<h6><span style=\"text-decoration: underline; color: #000000;\"><em>MONUMENTS NATURELS EN GEORGIE<\/em><\/span><\/h6><h6><span style=\"text-decoration: underline; color: #000000;\"><em><span>Le monument naturel est une zone d\u2019importance nationale relativement petite, repr\u00e9sent\u00e9e par des \u00e9cosyst\u00e8mes aux caract\u00e9ristiques rares, uniques et hautement esth\u00e9tiques, des formations g\u00e9ographiques et hydrologiques sp\u00e9cifiques et des \u00e9chantillons individuels de plantes ou de fossiles d\u2019organismes vivants. Un monument naturel peut \u00eatre une grotte, une vall\u00e9e, des deltas fluviaux, des bosquets de bois, etc.<\/span><\/em><\/span><\/h6><h6><span style=\"text-decoration: underline; color: #0000ff;\"><em>Lac min\u00e9ral d\u2019Abano<\/em><\/span><\/h6><h6><span style=\"text-decoration: underline; color: #000000;\"><em><span>Monument naturel du lac min\u00e9ral d\u2019Abano. (Municipalit\u00e9 de St\u00e9phanTsminda(Kazb\u00e9gui), gorge de Trousso, \u00e0 l\u2019est du village d\u2019Abano, 2 127 \u00a0m\u00e8tres au-dessus du niveau de la mer). Le lac min\u00e9ral d\u2019Abano est un petit lac cr\u00e9\u00e9 par le courant ascendant rempli de dioxyde de carbone qui coule \u00e0 la surface \u00e0 partir de roches carbonat\u00e9es de la p\u00e9riode du Jurassique sup\u00e9rieur. Le lac \u00ab bout \u00bb bruyamment \u00e0 cause des bulles de dioxyde de carbone. Le d\u00e9bit du flux est de 2,5 litres par 24 heures. La superficie totale du lac est de 0,04 ha. L\u2019extraction de gaz par temps moins venteux provoque l\u2019accumulation de dioxyde de carbone dans les couches inf\u00e9rieures. Les petits animaux \u00e9touffent lorsqu\u2019ils s\u2019approchent du lac, c\u2019est pourquoi vous pouvez rencontrer des animaux morts, tels que : des souris, des l\u00e9zards, des grenouilles et certains oiseaux.<\/span><\/em><\/span><\/h6><h6><span style=\"text-decoration: underline; color: #0000ff;\"><em>For\u00eat inondable d\u2019Alazani<\/em><\/span><\/h6><h6><span style=\"text-decoration: underline; color: #000000;\"><em><span>Monument naturel de la for\u00eat inondable d\u2019Alazani. (Municipalit\u00e9 de D\u00e9doplistskaro, au sud-est du village de Pirosmani, vall\u00e9e de la rivi\u00e8re Alazani, \u00e0 une altitude de 165 \u00e0 190 m au-dessus du niveau de la mer). Le monument naturel se pr\u00e9sente sous la forme d\u2019une plaine inondable foresti\u00e8re naturelle, situ\u00e9e sur une superficie de 204,4 hectares. Les noyers vivaces, les fr\u00eanes, les ch\u00eanes et les ormes y sont en abondance, ainsi que les buissons caract\u00e9ristiques de cette for\u00eat. La plaine inondable a la forme d\u2019une p\u00e9ninsule. La largeur de la baie ne d\u00e9passe pas 30-40 m.La particularit\u00e9 de ce territoire est qu\u2019en termes de flore et de faune, la plaine inondable d\u2019Alazani n\u2019a pas d\u2019analogues parmi d\u2019autres for\u00eats: seulement ici, en G\u00e9orgie, les for\u00eats de plaine inondable avec des plantes grimpantes ont \u00e9t\u00e9 pr\u00e9serv\u00e9 dans lequel pousse le noyer sauvage.<\/span><\/em><\/span><\/h6><h6><span style=\"text-decoration: underline; color: #0000ff;\"><em>Artsivis\u00a0Kh\u00e9oba\u00a0(Gorge de l\u2019Aigle)<\/em><\/span><\/h6><h6><span style=\"text-decoration: underline; color: #000000;\"><em><span>Monument naturel Artsivis Kh\u00e9oba (Gorge de l\u2019Aigle) (Municipalit\u00e9 de D\u00e9doplistskaro, au nord de la ville de D\u00e9doplistskaro \u2013 0,5 km, 762 m\u00e8tres au-dessus du niveau de la mer). Le monument naturel des gorges d\u2019Artsivi (Aigle) repr\u00e9sente un complexe unique compos\u00e9 de deux sites. Le premier est un canyon de roche calcaire, tandis que l\u2019autre est une zone bois\u00e9e adjacente. C\u2019est une combinaison de falaises calcaires avec une v\u00e9g\u00e9tation luxuriante. Le canyon au paysage pittoresque abrite plusieurs rapaces (aigle, vautour etc.). Des faisans colchis, des cigognes noires et d\u2019autres oiseaux nichent \u00e9galement dans la gorge. En regardant les falaises suspendues depuis les pentes rocheuses de la gorge, il est possible d\u2019observer des nids d\u2019aigles et d\u2019autres plantes rares, qui ne peuvent \u00eatre vues nulle part ailleurs en G\u00e9orgie.<\/span><\/em><\/span><\/h6><h6><span style=\"color: #0000ff;\"><span style=\"text-decoration: underline;\"><em>\u00a0<\/em><\/span><span style=\"text-decoration: underline;\"><em>Massif calcaire d\u2019Askhi<\/em><\/span><\/span><\/h6><h6><span style=\"text-decoration: underline; color: #000000;\"><em><span>Massif calcaire d\u2019Askhi\u00a0(Municipalit\u00e9s de Tsag\u00e9ri et de Martvili). L\u2019un des plus spacieux et des plus hauts de la bande calcaire du Caucase. Sa superficie d\u00e9passe 400 km2. La surface du massif est nivel\u00e9e \u00e0 la mani\u00e8re d\u2019une table et est repr\u00e9sent\u00e9e par diverses formes karstiques. Son plus haut sommet est situ\u00e9 \u00e0 une altitude de 2520 m\u00e8tres d\u2019altitude. La hauteur relative des pentes montantes verticalement du massif, atteignant 1 km, cr\u00e9e un paysage extraordinaire. Il existe plus de quatre-vingts d\u00e9pressions karstiques sur le territoire du massif, dont 42 grottes. La longueur totale des d\u00e9pressions karstiques est de 4 km et la superficie totale d\u00e9passe 24 000 km2. Il existe de nombreux ruisseaux, rivi\u00e8res et lacs souterrains. Dans certaines grottes d\u2019Asha, des sites d\u2019un homme de l\u2019\u00e2ge de pierre ont \u00e9t\u00e9 d\u00e9couverts.<\/span><\/em><\/span><\/h6><h6><span style=\"text-decoration: underline; color: #0000ff;\"><em>Colonne rocheuse de Bodorna<\/em><\/span><\/h6><h6><span style=\"text-decoration: underline; color: #000000;\"><em><span>Colonne rocheuse de Bodorna (Municipalit\u00e9 de Douch\u00e9ti, Village Bodorna) Le monument naturel est une colonne rocheuse d\u2019une hauteur de 15 m, d\u00e9velopp\u00e9e en conglom\u00e9rat n\u00e9og\u00e8ne ou en galets naturellement ciment\u00e9s, situ\u00e9e \u00e0 813 m d\u2019altitude. Il est situ\u00e9 sur la rive droite de la rivi\u00e8re Aragvi, sur les pentes expos\u00e9es \u00e0 l\u2019est. Le diam\u00e8tre de la base de la colonne est de 4 m et il se r\u00e9tr\u00e9cit progressivement vers le haut. Une grotte \u00e0 deux niches est creus\u00e9e au pied de la colonne. De nombreuses grottes artificielles sont dispers\u00e9es sur les pentes voisines. Ces grottes ont peut-\u00eatre eu une importance religieuse ou elles ont \u00e9t\u00e9 utilis\u00e9es comme abris.<\/span><\/em><\/span><\/h6><h6><span style=\"text-decoration: underline; color: #0000ff;\"><em>For\u00eat p\u00e9trifi\u00e9e de God\u00e9rdzi<\/em><\/span><\/h6><h6><span style=\"text-decoration: underline; color: #000000;\"><em><span>Monument naturel de la for\u00eat p\u00e9trifi\u00e9e de God\u00e9rdzi (Municipalit\u00e9s d\u2019Adigu\u00e9ni et de Khoulo). Le monument naturel repr\u00e9sente une maison \u00e0 la flore et \u00e0 la faune p\u00e9trifi\u00e9es uniques de l\u2019\u00e9poque plioc\u00e8ne, qui se trouvent sur trois emplacements du monument naturel, \u00e0 une altitude de 1 600 \u00e0 2 100 m au-dessus du niveau de la mer. La superficie totale du monument est de 365 ha. Dans les couches volcaniques expos\u00e9es de la p\u00e9riode N\u00e9og\u00e8ne, il est possible de voir des parties de for\u00eat p\u00e9trifi\u00e9e, qui se compose de grandes quantit\u00e9s de fossiles v\u00e9g\u00e9taux du Plioc\u00e8ne sup\u00e9rieur (palmiers, magnolia, laurier, bouleau, charme, h\u00eatre, etc.). Les restes de plantes sont repr\u00e9sent\u00e9s sous forme d\u2019empreintes de feuilles et de tiges semi-fossilis\u00e9es dans du tuf volcanique gris.<\/span><\/em><\/span><\/h6><h6><span style=\"text-decoration: underline; color: #0000ff;\"><em>Tourbi\u00e8res d\u2019Ispani<\/em><\/span><\/h6><h6><span style=\"text-decoration: underline; color: #000000;\"><em><span>Tourbi\u00e8res d\u2019Ispani\u00a0(Municipalit\u00e9 de Koboul\u00e9ti, Adjarie). Les tourbi\u00e8res sont inscrites sur la liste des zones humides d\u2019importance internationale. C\u2019est la tourbi\u00e8re la plus intacte au monde de sphaigne (commun\u00e9ment appel\u00e9e mousse de tourbe), sa superficie est de 770 hectares et elle est situ\u00e9e \u00e0 moins de 300 m de la c\u00f4te maritime. La couche de sphaigne est tr\u00e8s \u00e9paisse \u2013 25 \u2013 45 cm, la mousse est douce. Avec l\u2019eau, la mousse de tourbe cr\u00e9e un d\u00f4me parfaitement lisse sans aucune bosse. Le d\u00f4me s\u2019\u00e9l\u00e8ve de 4 \u00e0 5 m au-dessus de son environnement. La tourbi\u00e8re est une source in\u00e9puisable d\u2019oxyg\u00e8ne et joue un r\u00f4le important dans le cycle de production du carbone. En m\u00eame temps, il contribue \u00e0 r\u00e9guler le climat r\u00e9gional et local.<\/span><\/em><\/span><\/h6><h6><span style=\"text-decoration: underline; color: #0000ff;\"><em>K\u00e9t\u00e9rissi Min\u00e9ral Vaucluse<\/em><\/span><\/h6><h6><span style=\"text-decoration: underline; color: #000000;\"><em><span>Monument naturel K\u00e9t\u00e9rissi Min\u00e9ral Vaucluse (Municipalit\u00e9 de St\u00e9phanTsminda(Kazb\u00e9gui)). Le monument naturel est une accumulation d\u2019eaux min\u00e9rales puissantes d\u2019aquif\u00e8res art\u00e9siens, se d\u00e9versant au pied du Grand Caucase, connu sous le nom de narzan vaucluse. Les sources forment un beau ruisseau qui serpente \u00e0 travers la vall\u00e9e de Truso et finit par former des cascades dans le village de K\u00e9t\u00e9rissi lui-m\u00eame. La rivi\u00e8re T\u00e9rgui (Terek), qui traverse la vall\u00e9e de Trousso, est aliment\u00e9e par de nombreux affluents, comme la source souterraine de K\u00e9t\u00e9rissi. Il s\u2019agit d\u2019un complexe d\u2019eaux min\u00e9rales art\u00e9siennes, qui fournissent environ 25 \u00e0 30 millions de litres d\u2019eau hydrocarbure calcaire, ce qui correspond \u00e0 environ 300 \u00e0 350 litres d\u2019eau par seconde.<\/span><\/em><\/span><\/h6><h6><span style=\"text-decoration: underline; color: #0000ff;\"><em>Grotte karstique de Krubera<\/em><\/span><\/h6><h6><span style=\"text-decoration: underline; color: #000000;\"><em><span>Grotte karstique de Krubera\u00a0est la grotte la plus profonde connue sur Terre, cach\u00e9e dans la cha\u00eene de montagnes extr\u00eamement \u00e9loign\u00e9e d\u2019Arabika dans le Caucase occidental en Abkhazie. La grotte est situ\u00e9e dans une vall\u00e9e, \u00a0form\u00e9e par un glacier. Il a \u00e9t\u00e9 d\u00e9clar\u00e9 le plus profond du monde en 2001. En fait, il s\u2019agit d\u2019un syst\u00e8me de grottes de 16058 m de long, constitu\u00e9 pour la plupart de profonds puits verticaux reli\u00e9s par des passages. Il commence haut dans les montagnes, \u00e0 une altitude de 2256 m.\u00c0 l\u2019int\u00e9rieur, il est tr\u00e8s \u00e9troit par endroits \u2013 il peut \u00eatre p\u00e9n\u00e9tr\u00e9 gr\u00e2ce au travail acharn\u00e9 de nombreuses exp\u00e9ditions qui ont \u00e9largi certains passages. La grotte de Krubera a \u00e9t\u00e9 d\u00e9couverte par des sp\u00e9l\u00e9ologues g\u00e9orgiens en 1960. L\u2019analyse des stalagmites de la grotte de Krubera indique que ces formations de grottes ont plus de 200 000 ans.<\/span><\/em><\/span><\/h6><h6><span style=\"text-decoration: underline; color: #0000ff;\"><em>Falaise de Sakhizari<\/em><\/span><\/h6><h6><span style=\"text-decoration: underline; color: #000000;\"><em><span>Les rochers pittoresques sont situ\u00e9s dans la municipalit\u00e9 de Kazb\u00e9gui dans la gorge de la rivi\u00e8re T\u00e9rgui(Terek) pr\u00e8s du village de Sioni \u00e0 une altitude de 3136 m\u00e8tres d\u2019altitude. Il fait partie de la zone prot\u00e9g\u00e9e de Kazb\u00e9gui avec le parc national de Kazb\u00e9gui et cinq monuments naturels. Le monument naturel sur le rocher de Sakhizari est une structure g\u00e9ologique complexe form\u00e9e \u00e0 la suite de fortes pluies qui ont provoqu\u00e9 l\u2019\u00e9rosion de la montagne volcanique Khabardzhina. Les habitants appellent cet endroit \u00ab\u00a0les ruines des rochers\u00a0\u00bb, et autrefois c En temps de guerre, les villageois pouvaient trouver refuge en escaladant les rochers lorsque l\u2019ennemi s\u2019approchait.<\/span><\/em><\/span><\/h6><h6><span style=\"text-decoration: underline; color: #0000ff;\"><em>Volcans de Takhti-T\u00e9pha<\/em><\/span><\/h6><h6><span style=\"text-decoration: underline; color: #000000;\"><em><span>Volcans de Takhti-T\u00e9pha (Municipalit\u00e9 de D\u00e9doplistskaro). Le territoire avec une vingtaine de volcans actifs est divis\u00e9 en deux zones \u2013 anoblie pour les touristes et sauvage. La surface fissur\u00e9e des couches de boue, les crat\u00e8res gonfl\u00e9s s\u2019\u00e9levant au-dessus du sol et les ruisseaux descendant dans le ravin laissent des impressions ind\u00e9l\u00e9biles dans la m\u00e9moire. Les boues ont des propri\u00e9t\u00e9s curatives. Les volcans Takhti-T\u00e9pha sont situ\u00e9s sur le plateau d\u2019Iora, sur une pente parall\u00e8le de la cha\u00eene Takhti-T\u00e9pha, sur une colline blanche avec un plateau plat. Le plus grand des crat\u00e8res situ\u00e9s sur cette colline mesure 3,4 m de diam\u00e8tre. Tous les volcans sont constamment actifs : du gaz en sort constamment, de la boue et de l\u2019huile aux propri\u00e9t\u00e9s curatives s\u2019en d\u00e9versent. La boue qui coule des volcans s\u2019accumule et s\u2019\u00e9coule dans la gorge. De l\u2019exposition \u00e0 des temp\u00e9ratures \u00e9lev\u00e9es, le sol \u00e0 proximit\u00e9 est couvert de fissures. Ce monument de nature inorganique fait partie de la zone de protection de la nature de Vachlovani.<\/span><\/em><\/span><\/h6><h6><span style=\"text-decoration: underline; color: #0000ff;\"><em>Travertins\u00a0de\u00a0Trousso<\/em><\/span><\/h6><h6><span style=\"text-decoration: underline; color: #000000;\"><em><span>Monument naturel \u00a0\u00bb Travertins de Trousso \u00a0\u00bb (Municipalit\u00e9 de St\u00e9phanTsminda(Kazb\u00e9gui), 2093 m\u00e8tres au-dessus du niveau de la mer). L\u2019eau claire qui coule recouvre la surface blanche de la pente d\u2019une fine pellicule et cr\u00e9e un magnifique travertin. Les \u00ab\u00a0clairi\u00e8res\u00a0\u00bb en travertin semblent recouvertes d\u2019un dais brod\u00e9, une fine pellicule d\u2019eau sur une surface blanche cr\u00e9e des flaques scintillantes. Lorsque vous marchez sur du travertin, les pieds ne se mouillent presque pas, car. les semelles des chaussures reposent contre les dents des cloisons calcaires. Dans la vall\u00e9e de Trousso, \u00e0 plusieurs endroits, il y a des accumulations de tels travertins calcaires, form\u00e9s \u00e0 partir des s\u00e9diments du ruisseau. Il faut une p\u00e9riode assez longue pour la formation de travertins \u00e0 la surface de la terre, de sorte que les travertins sont consid\u00e9r\u00e9s comme un ph\u00e9nom\u00e8ne naturel particulier.<\/span><\/em><\/span><\/h6><h6><span style=\"color: #0000ff;\"><span style=\"text-decoration: underline;\"><em>\u00a0<\/em><\/span><span style=\"text-decoration: underline;\"><em>Massif calcaire de Khvamli<\/em><\/span><\/span><\/h6><h6><span style=\"text-decoration: underline; color: #000000;\"><em><span>Massif calcaire du Khvamli (Municipalit\u00e9s de Tsag\u00e9ri et de Tskaltoubo). Le massif \u00a0ressemble \u00e0 une pyramide dont les versants sud et ouest sont plus raides que les versants nord et est. Les grottes situ\u00e9es ici sont l\u2019endroit le plus inaccessible de G\u00e9orgie. Malgr\u00e9 la petite superficie, il existe de nombreuses formations karstiques sur le massif de Khvamli. Leur nombre atteint 20 et la longueur totale est d\u2019un kilom\u00e8tre. La grotte Bogai, remarquable par sa taille, contient des stalactites et des stalagmites de glace, que la population locale utilise \u00e0 des fins m\u00e9dicinales. On peut descendre jusqu\u2019au puits de Tak\u00e9nt\u00e9ri, profond de 16 m\u00e8tres, \u00e0 travers le creux d\u2019un h\u00eatre. On sait que les grottes du massif de Khvamli sont reli\u00e9es entre elles par des \u00ab\u00a0couloirs\u00a0\u00bb.<\/span><\/em><\/span><\/h6>\t\t\t\t\t\t\t\t<\/div>\n\t\t\t\t<\/div>\n\t\t\t\t<\/div>\n\t\t\t\t\t<\/div>\n\t\t\t\t<\/div>\n\t\t\t\t<\/div>\n\t\t","protected":false},"excerpt":{"rendered":"<p>MONUMENTS NATURELS EN GEORGIE Le monument naturel est une zone d\u2019importance nationale relativement petite, repr\u00e9sent\u00e9e par des \u00e9cosyst\u00e8mes aux caract\u00e9ristiques rares, uniques et hautement esth\u00e9tiques, des formations g\u00e9ographiques et hydrologiques sp\u00e9cifiques et des \u00e9chantillons individuels de plantes ou de fossiles d\u2019organismes vivants. Un monument naturel peut \u00eatre une grotte, une vall\u00e9e, des deltas fluviaux, des [&hellip;]<\/p>\n","protected":false},"author":1,"featured_media":0,"parent":0,"menu_order":0,"comment_status":"closed","ping_status":"closed","template":"","meta":{"footnotes":""},"class_list":["post-16773","page","type-page","status-publish","hentry"],"_links":{"self":[{"href":"https:\/\/georgiavoyage.ge\/fr\/wp-json\/wp\/v2\/pages\/16773","targetHints":{"allow":["GET"]}}],"collection":[{"href":"https:\/\/georgiavoyage.ge\/fr\/wp-json\/wp\/v2\/pages"}],"about":[{"href":"https:\/\/georgiavoyage.ge\/fr\/wp-json\/wp\/v2\/types\/page"}],"author":[{"embeddable":true,"href":"https:\/\/georgiavoyage.ge\/fr\/wp-json\/wp\/v2\/users\/1"}],"replies":[{"embeddable":true,"href":"https:\/\/georgiavoyage.ge\/fr\/wp-json\/wp\/v2\/comments?post=16773"}],"version-history":[{"count":0,"href":"https:\/\/georgiavoyage.ge\/fr\/wp-json\/wp\/v2\/pages\/16773\/revisions"}],"wp:attachment":[{"href":"https:\/\/georgiavoyage.ge\/fr\/wp-json\/wp\/v2\/media?parent=16773"}],"curies":[{"name":"wp","href":"https:\/\/api.w.org\/{rel}","templated":true}]}}