{"id":25827,"date":"2025-01-05T03:20:18","date_gmt":"2025-01-05T03:20:18","guid":{"rendered":"https:\/\/georgiavoyage.web-reflection.com\/khevsureti\/"},"modified":"2025-01-19T15:16:32","modified_gmt":"2025-01-19T15:16:32","slug":"khevsureti","status":"publish","type":"page","link":"https:\/\/georgiavoyage.ge\/fr\/khevsureti\/","title":{"rendered":"KH\u00c9VSOURETIE"},"content":{"rendered":"\t\t<div data-elementor-type=\"wp-page\" data-elementor-id=\"25827\" class=\"elementor elementor-25827 elementor-25824\">\n\t\t\t\t<div class=\"elementor-element elementor-element-0a555ee e-flex e-con-boxed e-con e-parent\" data-id=\"0a555ee\" data-element_type=\"container\">\n\t\t\t\t\t<div class=\"e-con-inner\">\n\t\t\t\t<div class=\"elementor-element elementor-element-8e2c571 elementor-widget elementor-widget-heading\" data-id=\"8e2c571\" data-element_type=\"widget\" data-widget_type=\"heading.default\">\n\t\t\t\t<div class=\"elementor-widget-container\">\n\t\t\t\t\t<h2 class=\"elementor-heading-title elementor-size-default\">KH\u00c9VSOUR\u00c9TIE<\/h2>\t\t\t\t<\/div>\n\t\t\t\t<\/div>\n\t\t\t\t\t<\/div>\n\t\t\t\t<\/div>\n\t\t<div class=\"elementor-element elementor-element-8f53192 e-flex e-con-boxed e-con e-parent\" data-id=\"8f53192\" data-element_type=\"container\">\n\t\t\t\t\t<div class=\"e-con-inner\">\n\t\t\t\t<div class=\"elementor-element elementor-element-37f6ea2 elementor-widget elementor-widget-image\" data-id=\"37f6ea2\" data-element_type=\"widget\" data-widget_type=\"image.default\">\n\t\t\t\t<div class=\"elementor-widget-container\">\n\t\t\t\t\t\t\t\t\t\t\t\t\t\t\t<img fetchpriority=\"high\" decoding=\"async\" width=\"800\" height=\"431\" src=\"https:\/\/georgiavoyage.ge\/wp-content\/uploads\/2024\/08\/Tousheti-and-Khevsureti-regions.png\" class=\"attachment-large size-large wp-image-13892\" alt=\"Tousheti and Khevsureti\" srcset=\"https:\/\/georgiavoyage.ge\/wp-content\/uploads\/2024\/08\/Tousheti-and-Khevsureti-regions.png 800w, https:\/\/georgiavoyage.ge\/wp-content\/uploads\/2024\/08\/Tousheti-and-Khevsureti-regions-300x162.png 300w, https:\/\/georgiavoyage.ge\/wp-content\/uploads\/2024\/08\/Tousheti-and-Khevsureti-regions-768x414.png 768w, https:\/\/georgiavoyage.ge\/wp-content\/uploads\/2024\/08\/Tousheti-and-Khevsureti-regions-600x323.png 600w\" sizes=\"(max-width: 800px) 100vw, 800px\" \/>\t\t\t\t\t\t\t\t\t\t\t\t\t\t\t<\/div>\n\t\t\t\t<\/div>\n\t\t\t\t<div class=\"elementor-element elementor-element-4f4575b elementor-widget elementor-widget-text-editor\" data-id=\"4f4575b\" data-element_type=\"widget\" data-widget_type=\"text-editor.default\">\n\t\t\t\t<div class=\"elementor-widget-container\">\n\t\t\t\t\t\t\t\t\t<h5><span style=\"color: #000000;\"><em><u>Khevsour\u00e9tie<\/u><\/em><\/span><\/h5><h6><span style=\"color: #000000;\"><em><u>Khevsour\u00e9tie (G\u00e9orgien: <\/u><\/em><em><u>\u10ee\u10d4\u10d5\u10e1\u10e3\u10e0\u10d4\u10d7\u10d8<\/u><\/em><em><u>) &#8211; La plus belle r\u00e9gion historique de la G\u00e9orgie montagneuse avec une nature unique, des attractions et une culture \u00e9tonnante. La premi\u00e8re \u00e9motion du voyageur survient sur le chemin de Khevsour\u00e9tie, lorsqu&rsquo;il voit de ses propres yeux la grandeur des immenses montagnes. La r\u00e9gion montagneuse au pied des montagnes du Caucase offre un voyage dans le pass\u00e9, dans un monde de tours majestueuses, de coutumes montagnardes uniques et de monuments fantastiques. Puissance, grandeur et fi\u00e8re tol\u00e9rance rendront un voyage dans cette r\u00e9gion encore plus attrayant. Khevsureti est la patrie d&rsquo;un peuple fier qui ne conna\u00eet pas la diff\u00e9renciation sociale. La population, ayant des droits absolument \u00e9gaux, \u00e9tait directement subordonn\u00e9e au dirigeant du pays, et son seul devoir \u00e9tait le service militaire. L&rsquo;hospitalit\u00e9 traditionnelle de la population locale a toujours enchant\u00e9 les h\u00f4tes, qui ont g\u00e9n\u00e9ralement envie de revenir dans ces lieux o\u00f9 ils se sont sentis si bien.<\/u><\/em><\/span><\/h6><h6><span style=\"color: #000000;\"><em><u>Khevsour\u00e9tie est un choix int\u00e9ressant pour ceux qui veulent en savoir plus sur l&rsquo;histoire ancienne de la G\u00e9orgie. La plupart des villages de Khevsour\u00e9tie sont abandonn\u00e9s. Ainsi, pour ceux qui recherchent un environnement f\u00e9erique et paisible, sur les pentes nord du Caucase, de nombreux monuments culturels et architecturaux ont \u00e9t\u00e9 pr\u00e9serv\u00e9s, repr\u00e9sentant des exemples importants de la culture de la G\u00e9orgie montagneuse. Les tours de forteresse des Khevsours sont la principale carte de visite de cette r\u00e9gion. La r\u00e9gion a conserv\u00e9 des b\u00e2timents anciens qui servaient \u00e0 la fois \u00e0 des fins domestiques et d\u00e9fensives. Surtout pour les amateurs de loisirs actifs, Khevsour\u00e9tie propose d&rsquo;innombrables itin\u00e9raires de randonn\u00e9e et de trekking. Montagnes, for\u00eats et lacs attendent les visiteurs pour leur faire vivre une exp\u00e9rience inoubliable. Des sentiers faciles aux itin\u00e9raires de montagne difficiles, il y en a pour tous les go\u00fbts. Une merveille naturelle pittoresque o\u00f9 chaque virage du sentier promet une nouvelle d\u00e9couverte : qu&rsquo;il s&rsquo;agisse d&rsquo;une magnifique cascade, d&rsquo;une for\u00eat dense ou d&rsquo;une colline gracieuse.<\/u><\/em><\/span><\/h6><h5><span style=\"color: #000000;\"><em><u>Barissakho<\/u><\/em><\/span><\/h5><h6><span style=\"color: #000000;\"><em><u>Le village de Barissakho (G\u00e9orgien: <\/u><\/em><em><u>\u10e1\u10dd\u10e4\u10d4\u10da\u10d8<\/u><\/em> <em><u>\u10d1\u10d0\u10e0\u10d8\u10e1\u10d0\u10ee\u10dd<\/u><\/em><em><u>) est un village des hautes terres de la municipalit\u00e9 de Doucheti, le centre de la communaut\u00e9 de Khevsour\u00e9tie, situ\u00e9 sur le versant oriental de la cr\u00eate de Goudamakari, sur la rive droite de la rivi\u00e8re &#8211; Aragvi de Khevsour\u00e9tie. Les environs de Le village est riche en nature et en histoire. Des objets et des monuments arch\u00e9ologiques d\u00e9couverts \u00e0 proximit\u00e9 du village indiquent que des gens y vivent depuis l&rsquo;Antiquit\u00e9. Sur le territoire du cimeti\u00e8re de Chouristsikh\u00e9, situ\u00e9 \u00e0 l&rsquo;est de Barisakho, 5 tombes Des vestiges de la p\u00e9riode antique ont \u00e9t\u00e9 fouill\u00e9s. Aujourd&rsquo;hui, le village central de la communaut\u00e9 de Khevsour\u00e9tie \u00a0est une petite colonie avec plusieurs b\u00e2timents commerciaux et r\u00e9sidentiels, ainsi qu&rsquo;une maison d&rsquo;h\u00f4tes.<\/u><\/em><\/span><\/h6><h5><span style=\"color: #000000;\"><em><u>Principales attractions \u00e0 Khevsour\u00e9tie:<\/u><\/em><\/span><\/h5><h6><span style=\"color: #000000;\"><em><u>Village fortifi\u00e9 de Chatili<\/u><\/em><\/span><\/h6><h6><span style=\"color: #000000;\"><em><u>Village fortifi\u00e9 de Chatili (G\u00e9orgien: <\/u><\/em><em><u>\u10ea\u10d8\u10ee\u10d4<\/u><\/em><em><u>&#8211;<\/u><\/em><em><u>\u10e1\u10dd\u10e4\u10d4\u10da\u10d8<\/u><\/em> <em><u>\u10e8\u10d0\u10e2\u10d8\u10da\u10d8<\/u><\/em><em><u>) &#8211; Un magnifique monument de l&rsquo;art architectural g\u00e9orgien, construit aux Xe-XIe si\u00e8cles sur la rive gauche de la rivi\u00e8re Argouni. Ce complexe m\u00e9di\u00e9val unique servait \u00e0 la fois de zone r\u00e9sidentielle et de forteresse gardant la p\u00e9riph\u00e9rie nord-est du pays. La forteresse est constitu\u00e9e de structures en terrasses, o\u00f9 les toits des maisons sont plats. L&rsquo;ensemble du d\u00e9veloppement est un seul complexe fortifi\u00e9 de b\u00e2timents r\u00e9sidentiels et de 60 tours d\u00e9fensives. Il semble que la main de l\u2019homme et la nature aient \u00e9rig\u00e9 conjointement un mur imp\u00e9n\u00e9trable qui sert de bouclier fiable \u00e0 Chatili. Pendant des si\u00e8cles, la structure d\u00e9fensive a gard\u00e9 les routes menant \u00e0 la G\u00e9orgie depuis le Caucase du Nord.<\/u><\/em><\/span><\/h6><h6><span style=\"color: #000000;\"><em><u>Tombeaux d&rsquo;Anatori<\/u><\/em><\/span><\/h6><h6><span style=\"color: #000000;\"><em><u>Tombeaux d&rsquo;Anatori (G\u00e9orgien: <\/u><\/em><em><u>\u10d0\u10dc\u10d0\u10e2\u10dd\u10e0\u10d8\u10e1<\/u><\/em> <em><u>\u10d0\u10d9\u10da\u10d3\u10d0\u10db\u10d4\u10d1\u10d8<\/u><\/em><em><u>) &#8211; Monument arch\u00e9ologique et architectural. Dans la partie orientale du village abandonn\u00e9, des b\u00e2timents en terrasses des XIe-XVe si\u00e8cles avec des toits plats, construits selon la m\u00e9thode s\u00e8che \u00e0 partir de pierres d&rsquo;ardoise et d&rsquo;argile, ont \u00e9t\u00e9 d\u00e9couverts. Dans la colonie d&rsquo;Anatori, il y a des tombeaux construits les uns \u00e0 c\u00f4t\u00e9 des autres et recouverts de dalles de pierre. Ces tombes appartiennent \u00e0 ces Anatoriens qui sont morts pendant l&rsquo;\u00e9pid\u00e9mie qui s&rsquo;est propag\u00e9e dans ces r\u00e9gions. \u00c0 l&rsquo;int\u00e9rieur des tombeaux, le long des murs, se trouvent des \u00e9tag\u00e8res en ardoise \u00e0 deux ou trois niveaux pour le repos des morts. Au sud-ouest des tombeaux, sur un flanc de montagne escarp\u00e9, se dresse l&rsquo;\u00e9glise Sainte-Marie, datant des IXe-Xe si\u00e8cles.<\/u><\/em><\/span><\/h6><h6><span style=\"color: #000000;\"><em><u>Tour de Lebaiskari<\/u><\/em><\/span><\/h6><h6><span style=\"color: #000000;\"><em><u>Tour de Lebaiskari (G\u00e9orgien: <\/u><\/em><em><u>\u10da\u10d4\u10d1\u10d0\u10d8\u10e1\u10d9\u10d0\u10e0\u10d8\u10e1<\/u><\/em> <em><u>\u10d9\u10dd\u10e8\u10d9\u10d8<\/u><\/em><em><u>) &#8211; Une tour juste \u00e0 c\u00f4t\u00e9 de la route dans la descente de Bear&rsquo;s Cross. \u00c0 une \u00e9poque, elle \u00e9tait consid\u00e9r\u00e9e comme l&rsquo;une des tours de guet des fronti\u00e8res sud de la Khevsour\u00e9tie ext\u00e9rieure. Un monument de l&rsquo;architecture m\u00e9di\u00e9vale g\u00e9orgienne, l&rsquo;un des exemples de ch\u00e2teaux r\u00e9sidentiels courants \u00e0 Khevsour\u00e9tie. La tour comporte cinq \u00e9tages, reli\u00e9s par des escaliers mobiles en bois. En face, de l&rsquo;autre c\u00f4t\u00e9 de l&rsquo;Aragvi, des ruines portant le m\u00eame nom ont \u00e9t\u00e9 conserv\u00e9es. Il y avait autrefois un village ici, mais aujourd&rsquo;hui la seule chose qui en \u00abparle\u00bb est cette tour et les ruines de plusieurs b\u00e2timents.<\/u><\/em><\/span><\/h6><h6><span style=\"color: #000000;\"><em><u>Village fortifi\u00e9 de Kistani<\/u><\/em><\/span><\/h6><h6><span style=\"color: #000000;\"><em><u>Village fortifi\u00e9 de Kistani (G\u00e9orgien : <\/u><\/em><em><u>\u10e1\u10dd\u10e4\u10d4\u10da\u10d8<\/u><\/em> <em><u>\u10d9\u10d8\u10e1\u10e2\u10d0\u10dc\u10d8<\/u><\/em><em><u>) &#8211; Le village fortifi\u00e9 est construit sur un terrain rocheux difficile et est divis\u00e9 en deux zones compactes. La partie principale du village, compos\u00e9e d&rsquo;une trentaine de maisons fortifi\u00e9es, a une fonction \u00e0 la fois \u00e9conomique et d\u00e9fensive. Construites en terrasses sur un terrain difficile, les maisons fortifi\u00e9es sont si serr\u00e9es les unes contre les autres que le toit d&rsquo;une maison sert de sortie vers la terrasse pour la maison suivante, et le contour ext\u00e9rieur de leurs murs est une cl\u00f4ture de village. Non loin du village, sur une haute colline, deux structures d\u00e9fensives ont \u00e9t\u00e9 construites. En dehors du village, il existe \u00e9galement des b\u00e2timents \u00e0 vocation religieuse et cultuelle.<\/u><\/em><\/span><\/h6><h6><span style=\"color: #000000;\"><em><u>Village \u00a0fortifi\u00e9 d\u2019Ardoti<\/u><\/em><\/span><\/h6><h6><span style=\"color: #000000;\"><em><u>Village fortifi\u00e9 d\u2019Ardoti (G\u00e9orgien: <\/u><\/em><em><u>\u10e1\u10dd\u10e4\u10d4\u10da\u10d8<\/u><\/em> <em><u>\u10d0\u10e0\u10d3\u10dd\u10e2\u10d8<\/u><\/em><em><u>) &#8211; Village abandonn\u00e9 dans la gorge de la rivi\u00e8re Ardoti. Situ\u00e9 comme une fortification \u00e9lev\u00e9e sur un cap form\u00e9 par la rivi\u00e8re. Les tours et les murs de la forteresse d&rsquo;Ardoti formaient un complexe architectural continu. Le village, o\u00f9 une tour-forteresse d\u00e9fensive et les ruines de plusieurs b\u00e2timents r\u00e9sidentiels ont \u00e9t\u00e9 conserv\u00e9es, \u00e9tonne toujours les visiteurs par son architecture et sa beaut\u00e9 naturelle unique. Au centre du village se trouvent les ruines d&rsquo;une \u00e9glise orthodoxe. En contrebas se trouvent un moulin et un temple pa\u00efen. Le vieux cimeti\u00e8re semble beaucoup plus impressionnant. Le village est tr\u00e8s similaire \u00e0 Shatili, mais n&rsquo;a pas \u00e9t\u00e9 restaur\u00e9.<\/u><\/em><\/span><\/h6><h6><span style=\"color: #000000;\"><em><u>Village fortifi\u00e9 de Moutso<\/u><\/em><\/span><\/h6><h6><span style=\"color: #000000;\"><em><u>Le village fortifi\u00e9 de Moutso (G\u00e9orgien: <\/u><\/em><em><u>\u10ea\u10d8\u10ee\u10d4<\/u><\/em><em><u>&#8211;<\/u><\/em><em><u>\u10e1\u10dd\u10e4\u10d4\u10da\u10d8<\/u><\/em> <em><u>\u10db\u10e3\u10ea\u10dd<\/u><\/em><em><u>) &#8211; Mutso est situ\u00e9 dans une vall\u00e9e recul\u00e9e de la rivi\u00e8re Ardoti et servait de point strat\u00e9gique important pour prot\u00e9ger la r\u00e9gion des raids ennemis. Le village de haute altitude est construit sur des terrasses rocheuses verticales, o\u00f9 se trouvent jusqu&rsquo;\u00e0 30 b\u00e2timents r\u00e9sidentiels, 4 ch\u00e2teaux militaires et plusieurs ruines antiques structur\u00e9es. L\u2019une des caract\u00e9ristiques uniques de Moutso est qu\u2019il est litt\u00e9ralement construit dans la roche, cr\u00e9ant l\u2019illusion que la nature elle-m\u00eame a particip\u00e9 \u00e0 la construction. Cela donne \u00e0 la forteresse encore plus de myst\u00e8re et de charme. En raison de sa situation dans une zone difficile d&rsquo;acc\u00e8s, elle est rest\u00e9e longtemps imprenable aux ennemis.<\/u><\/em><\/span><\/h6><h6><span style=\"color: #000000;\"><em><u>Sanctuaire de Goudanis-Djvari (Croix)<\/u><\/em><\/span><\/h6><h6><span style=\"color: #000000;\"><em><u>Sanctuaire Goudanis-Djvari (Croix) (G\u00e9orgien: \u10d2\u10e3\u10d3\u10d0\u10dc\u10d8\u10e1 \u10ef\u10d5\u10d0\u10e0\u10d8) &#8211; Un village sur le versant sud de la cha\u00eene principale du Caucase. Dans le village il y a un sanctuaire de Goudanis-Djvari, la divinit\u00e9 de tous les Khevsours. Le sanctuaire a \u00e9t\u00e9 construit sur les fondations pr\u00e9serv\u00e9es d&rsquo;anciens \u00e9difices religieux. Il se compose de quatre b\u00e2timents rectangulaires en ardoise, reli\u00e9s entre eux. Depuis des si\u00e8cles, des questions s\u00e9culaires complexes et des questions de maintien et de changement des normes juridiques sont d\u00e9battues ici. Une partie importante des coutumes Khevsoures est \u00abn\u00e9e\u00bb dans le village de Goudani. C&rsquo;est ici que naissent les v\u00eatements, l&rsquo;\u00e9quipement, les coutumes et les f\u00eates du peuple Khevsour.<\/u><\/em><\/span><\/h6><h6><span style=\"color: #000000;\"><em><u>Village de Khakhmati<\/u><\/em><\/span><\/h6><h6><span style=\"color: #000000;\"><em><u>Le village de Khakhmati (G\u00e9orgien: \u10e1\u10dd\u10e4\u10d4\u10da\u10d8 \u10ee\u10d0\u10ee\u10db\u10d0\u10e2\u10d8) &#8211; Le village est c\u00e9l\u00e8bre pour ses sanctuaires. Le monument de culte est situ\u00e9 entre les villages de Khakhmati et Bisso et est un sanctuaire pour les deux villages. Il occupe une zone assez vaste o\u00f9 se trouvent \u00e9galement de nombreux sanctuaires d\u00e9labr\u00e9s, des tours et des arbres sacr\u00e9s. Non loin du village, sur la rive de la rivi\u00e8re Goudanishchala, se trouvent deux tours rectangulaires construites en chaux. Les dates exactes de la construction des forteresses sont inconnues, mais une chose est s\u00fbre : ces fortifications prot\u00e9geaient les abords des deux villages susmentionn\u00e9s de l&rsquo;ennemi.<\/u><\/em><\/span><\/h6><h6><span style=\"color: #000000;\"><em><u>Lacs d&rsquo;Abudelauri<\/u><\/em><\/span><\/h6><h6><span style=\"color: #000000;\"><em><u>Lacs d\u2019Aboudelaouri (G\u00e9orgien: \u10d0\u10d1\u10e3\u10d3\u10d4\u10da\u10d0\u10e3\u10e0\u10d8\u10e1 \u10e2\u10d1\u10d4\u10d1\u10d8) &#8211; Les lacs glaciaires cach\u00e9s parmi les sommets des montagnes \u00e9tonnent par leur beaut\u00e9 \u00e9poustouflante. Les lacs d\u2019Aboudelaouri comprennent un total de trois lacs diff\u00e9rents d&rsquo;origine glaciaire : vert, bleu et blanc. Les lacs g\u00e8lent plus de 6 mois par an. On peut les visiter de juin \u00e0 septembre, mais la meilleure p\u00e9riode est juillet, lorsque les fleurs sont en fleurs. Les lacs bleu et vert sont situ\u00e9s \u00e0 proximit\u00e9 l&rsquo;un de l&rsquo;autre, le troisi\u00e8me &#8211; blanc &#8211; est un peu plus loin, mais comme il est le plus \u00e9tonnant parmi les autres, il vaut la peine d&rsquo;\u00eatre visit\u00e9. Des lacs et des glaciers adjacents coulent des ruisseaux pour former la rivi\u00e8re d\u2019Aboudelaouri, qui traverse la vall\u00e9e d&rsquo;Aboudelaouri.<\/u><\/em><\/span><\/h6><h6><span style=\"color: #000000;\"><em><u>Lac de Taniy\u00e9<\/u><\/em><\/span><\/h6><h6><span style=\"color: #000000;\"><em><u>Le lac de Taniy\u00e9 (G\u00e9orgien: \u10e2\u10d0\u10dc\u10d8\u10d4\u10e1 \u10e2\u10d1\u10d0) &#8211; Le lac est situ\u00e9 sur le versant nord de la cha\u00eene principale du Caucase, \u00e0 une altitude de 2200 m\u00e8tres au-dessus du niveau de la mer, entre deux immenses montagnes. La nature sauvage intacte conf\u00e8re \u00e0 cet endroit une atmosph\u00e8re mystique et myst\u00e9rieuse. Perdu dans la verdure d&rsquo;une incroyable beaut\u00e9, le lac de Taniy\u00e9 se distingue par son eau claire et scintillante, car le ruisseau qui s&rsquo;y jette est filtr\u00e9 par la terre et devient rarement boueux. Le lac a la forme d&rsquo;un c\u0153ur, ce qui le rend encore plus attrayant.<\/u><\/em><\/span><\/h6><h6><span style=\"color: #0000ff;\"><span style=\"color: #ff0000;\"><em><u>*<\/u><\/em><\/span><em><u>La \u00a0liste compl\u00e8te des attractions de la r\u00e9gion est pr\u00e9sent\u00e9e dans la section <\/u><\/em><span style=\"color: #ff0000;\"><em><u>&#8211; Sites.<\/u><\/em><\/span><\/span><\/h6>\t\t\t\t\t\t\t\t<\/div>\n\t\t\t\t<\/div>\n\t\t\t\t\t<\/div>\n\t\t\t\t<\/div>\n\t\t\t\t<\/div>\n\t\t","protected":false},"excerpt":{"rendered":"<p>KH\u00c9VSOUR\u00c9TIE Khevsour\u00e9tie Khevsour\u00e9tie (G\u00e9orgien: \u10ee\u10d4\u10d5\u10e1\u10e3\u10e0\u10d4\u10d7\u10d8) &#8211; La plus belle r\u00e9gion historique de la G\u00e9orgie montagneuse avec une nature unique, des attractions et une culture \u00e9tonnante. La premi\u00e8re \u00e9motion du voyageur survient sur le chemin de Khevsour\u00e9tie, lorsqu&rsquo;il voit de ses propres yeux la grandeur des immenses montagnes. La r\u00e9gion montagneuse au pied des montagnes du [&hellip;]<\/p>\n","protected":false},"author":1,"featured_media":0,"parent":0,"menu_order":0,"comment_status":"closed","ping_status":"closed","template":"","meta":{"footnotes":""},"class_list":["post-25827","page","type-page","status-publish","hentry"],"_links":{"self":[{"href":"https:\/\/georgiavoyage.ge\/fr\/wp-json\/wp\/v2\/pages\/25827","targetHints":{"allow":["GET"]}}],"collection":[{"href":"https:\/\/georgiavoyage.ge\/fr\/wp-json\/wp\/v2\/pages"}],"about":[{"href":"https:\/\/georgiavoyage.ge\/fr\/wp-json\/wp\/v2\/types\/page"}],"author":[{"embeddable":true,"href":"https:\/\/georgiavoyage.ge\/fr\/wp-json\/wp\/v2\/users\/1"}],"replies":[{"embeddable":true,"href":"https:\/\/georgiavoyage.ge\/fr\/wp-json\/wp\/v2\/comments?post=25827"}],"version-history":[{"count":0,"href":"https:\/\/georgiavoyage.ge\/fr\/wp-json\/wp\/v2\/pages\/25827\/revisions"}],"wp:attachment":[{"href":"https:\/\/georgiavoyage.ge\/fr\/wp-json\/wp\/v2\/media?parent=25827"}],"curies":[{"name":"wp","href":"https:\/\/api.w.org\/{rel}","templated":true}]}}