{"id":14482,"date":"2024-08-24T01:00:51","date_gmt":"2024-08-23T21:00:51","guid":{"rendered":"https:\/\/georgiavoyage.web-reflection.com\/tours\/one-day-tour-sun-and-wine\/"},"modified":"2025-09-17T22:58:05","modified_gmt":"2025-09-17T18:58:05","slug":"one-day-tour-sun-and-wine","status":"publish","type":"product","link":"https:\/\/georgiavoyage.ge\/fr\/product\/one-day-tour-sun-and-wine\/","title":{"rendered":"CIRCUIT D\u2019UNE JOURN\u00c9E EN KAKH\u00c9TIE &#8211; SOLEIL ET VIN"},"content":{"rendered":"\t\t<div data-elementor-type=\"wp-post\" data-elementor-id=\"14482\" class=\"elementor elementor-14482 elementor-14479\">\n\t\t\t\t<div class=\"elementor-element elementor-element-3155e28d e-flex e-con-boxed e-con e-parent\" data-id=\"3155e28d\" data-element_type=\"container\">\n\t\t\t\t\t<div class=\"e-con-inner\">\n\t\t\t\t<div class=\"elementor-element elementor-element-a39843 elementor-widget elementor-widget-text-editor\" data-id=\"a39843\" data-element_type=\"widget\" data-widget_type=\"text-editor.default\">\n\t\t\t\t<div class=\"elementor-widget-container\">\n\t\t\t\t\t\t\t\t\t<h6><span style=\"text-decoration: underline;\"><em>Pr\u00e9sentation de la th\u00e9matique du tour guid\u00e9\u00a0<\/em><\/span><\/h6><h6><span style=\"text-decoration: underline;\"><span style=\"color: #000000; text-decoration: underline;\">Kakh\u00e9tie &#8211; la belle r\u00e9gion de G\u00e9orgie, dont l&rsquo;origine remonte \u00e0 avant notre \u00e8re et \u00e0 cette \u00e9poque cette terre s&rsquo;appelait Ib\u00e9rie. De nombreux vignobles et par cons\u00e9quent, d&rsquo;excellents vins g\u00e9orgiens, des sites naturels et historiques et architecturaux, de nombreux sanctuaires &#8211; ce sont les principales raisons pour lesquelles il vaut la peine de pr\u00eater attention \u00e0 Kakh\u00e9tie, une r\u00e9gion avec une histoire riche et, bien s\u00fbr, une d\u00e9licieuse cuisine g\u00e9orgienne. Ajoutez \u00e0 tout cela l&rsquo;accueil chaleureux de la population locale, et vous aurez imm\u00e9diatement le go\u00fbt de voyager dans cette partie de la G\u00e9orgie.<\/span><\/span><\/h6><h6><span style=\"text-decoration: underline; color: #0000ff;\"><span>Lors d&rsquo;un voyage dans cette ancienne et belle r\u00e9gion, les participants ont l&rsquo;occasion de visiter les principaux monuments historiques, religieux et naturels: Voir la l\u00e9gendaire forteresse d\u2019Oudjarma avec une vue imprenable sur les environs; Plonger dans les myst\u00e8res des monast\u00e8res de Chouamta; Familiariser avec l&rsquo;histoire de l&rsquo;Acad\u00e9mie m\u00e9di\u00e9vale d&rsquo;Ikalto; Ressentir l&rsquo;\u00e9nergie particuli\u00e8re de l&rsquo;antiquit\u00e9 dans l&rsquo;ancienne ville de Telavi; Visiter le majestueux domaine d&rsquo;A. Chavchavadz\u00e9 \u00e0 Tsinandali; Plonger dans le monde de la vinification g\u00e9orgienne au mus\u00e9e du vin en plein air.<\/span><\/span><\/h6><h6><span style=\"text-decoration: underline; color: #ff0000;\"><span>Les principales attractions:<\/span><\/span><\/h6><ul><li><h6><span style=\"text-decoration: underline;\"><span style=\"color: #000000; text-decoration: underline;\">Col de Gombori &#8211; Une route pittoresque le long de la cha\u00eene de Gombori, o\u00f9 les collines verdoyantes rencontrent des sommets paradisiaques<\/span><\/span><\/h6><\/li><li><h6><span style=\"text-decoration: underline;\"><span style=\"color: #000000; text-decoration: underline;\">Forteresse myst\u00e9rieuse d&rsquo;Oudjarma &#8211; Un lieu entour\u00e9 de montagnes o\u00f9 se trouvait une grande et c\u00e9l\u00e8bre ville \u00e0 l&rsquo;\u00e9poque de l&rsquo;Antiquit\u00e9 tardive<\/span><\/span><\/h6><\/li><li><h6><span style=\"text-decoration: underline;\"><span style=\"color: #000000; text-decoration: underline;\">Monast\u00e8res de Chouamta &#8211; Une aventure passionnante dans les temps anciens, remplie d&rsquo;esprit de mysticisme et d&rsquo;atmosph\u00e8re religieuse<\/span><\/span><\/h6><\/li><li><h6><span style=\"text-decoration: underline;\"><span style=\"color: #000000; text-decoration: underline;\">Le monast\u00e8re et l&rsquo;acad\u00e9mie d&rsquo;Ikalto &#8211; Un lieu o\u00f9 chaque pierre porte la trace des grands esprits et des recherches spirituelles de cette \u00e9poque<\/span><\/span><\/h6><\/li><li><h6><span style=\"text-decoration: underline;\"><span style=\"color: #000000; text-decoration: underline;\">Telavi &#8211; La plus ancienne ville et capitale de Kakh\u00e9tie, dont l&rsquo;histoire a commenc\u00e9 avant notre \u00e8re<\/span><\/span><\/h6><\/li><li><h6><span style=\"text-decoration: underline;\"><span style=\"color: #000000; text-decoration: underline;\">Le domaine de Tsinandali &#8211; Un complexe mus\u00e9al avec des caves \u00e0 vin, offre un aper\u00e7u fascinant de l&rsquo;histoire et de la culture de la r\u00e9gion<\/span><\/span><\/h6><\/li><li><h6><span style=\"text-decoration: underline;\"><span style=\"color: #000000; text-decoration: underline;\">La soci\u00e9t\u00e9 Choumi est un domaine viticole avec un vignoble de collection et un mus\u00e9e, vous donnant l&rsquo;opportunit\u00e9 de plonger dans le monde magique de la vinification g\u00e9orgienne<\/span><\/span><\/h6><\/li><li><h6><span style=\"text-decoration: underline; color: #0000ff;\"><span>Le programme sera ajout\u00e9 des itin\u00e9raires et des \u00e9v\u00e9nements d\u2019auteur<\/span><\/span><\/h6><\/li><\/ul><h6><span style=\"text-decoration: underline; color: #ff0000;\"><em>*En cas de d\u00e9sir, il est possible d\u2019organiser:<\/em><\/span><\/h6><h6><span style=\"text-decoration: underline;\">\u2022 Randonn\u00e9es p\u00e9destres entre 1 &#8211; 2 heures, pour tous niveaux de difficult\u00e9;<\/span><br \/><span style=\"text-decoration: underline;\">\u2022 Le pique-nique sur la nature ou le festin dans la famille paysanne paysanne (d\u00e9jeuner, d\u00eener avec des produits biologiques) (s&rsquo;ils le souhaitent, avec nuit\u00e9e);<\/span><br \/><span style=\"text-decoration: underline;\">\u2022 Les master classes selon la pr\u00e9paration : Chourchkh\u00e9la, Khinkali, Khachapouri, &#8230;. et d&rsquo;autres plats nationaux (s&rsquo;ils le souhaitent, avec le festin );<\/span><br \/><span style=\"text-decoration: underline;\">\u2022 Les master classes selon la pr\u00e9paration de v\u00e9ritables brochettes Kakhetien \u00ab Mtsvadi \u00bbet du pain \u00ab Choti \u00bb sur la vigne;<\/span><br \/><span style=\"text-decoration: underline;\">\u2022 Visite de l\u2019atelier de poterie ( jarre en terre cuite) et d\u2019autres artisans. (s\u2019ils le souhaitent, avec le festin et des chansons folkloriques interpr\u00e9t\u00e9es par un ensemble folklorique Kakh\u00e9tienne);<\/span><br \/><span style=\"text-decoration: underline;\">\u2022 Visite de \u00abZaodi\u00bb (mini-usine \u00abChacha\u00bb(grappa)) (s\u2019ils le souhaitent, avec le festin et des chansons folkloriques interpr\u00e9t\u00e9es par un ensemble folklorique Kakh\u00e9tienne);<\/span><br \/><span style=\"text-decoration: underline;\">\u2022 S&rsquo;ils le souhaitent, nous pouvons combiner les programmes : 1. Kakh\u00e9tie &#8211; \u00abSoleil et vin\u00bb 2. Kakh\u00e9tie &#8211; \u00abMontagne et vin\u00bb<\/span><\/h6><h6><span style=\"text-decoration: underline;\"><em>D\u00e9tails organisationnels:<\/em><\/span><\/h6><h6><span style=\"text-decoration: underline;\">\u2022 Prix des excursions d\u00e9pend du nombre de personnes et varie (\u00b1) <span style=\"color: #ff0000; text-decoration: underline;\">de 20 USD \u00e0 40 USD.<\/span><\/span><br \/><span style=\"text-decoration: underline;\">\u2022 Le co\u00fbt de chaque excursion est discut\u00e9 individuellement.<\/span><br \/><span style=\"text-decoration: underline;\">\u2022 Pour plus d\u2019informations, n\u2019h\u00e9sitez pas \u00e0 nous contacter &#8211; <span style=\"color: #ff0000; text-decoration: underline;\">Viber\/WhatsApp +995 599 25 65 19 <span style=\"color: #000000; text-decoration: underline;\">ou<\/span> courrier: <a style=\"color: #ff0000; text-decoration: underline;\" href=\"mailto:info@georgiavoyage.ge\">info@georgiavoyage.ge<\/a><em><span style=\"color: #000000; text-decoration: underline;\"><strong><a href=\"mailto:info@georgiavoyage.ge\"><img decoding=\"async\" class=\"\" src=\"\/wp-content\/uploads\/2024\/08\/Pointer.png\" width=\"23\" height=\"23\" \/><\/a>\u00a0<\/strong><\/span><\/em> <\/span><\/span><br \/><span style=\"text-decoration: underline;\">\u2022 La dur\u00e9e de l&rsquo;excursion d\u00e9pend de la volont\u00e9 des visiteurs (en moyenne de 8 \u00e012 heures)<\/span><\/h6><h6><span style=\"text-decoration: underline; color: #ff0000;\">\u00a0*Horaires de circuit : sur demande.<\/span><\/h6><table width=\"538\"><tbody><tr><td width=\"177\"><strong><span style=\"color: #000000;\"><em>Nombre de personnes<\/em><\/span><\/strong><\/td><td width=\"76\"><strong><span style=\"color: #000000;\"><em>\u00a0 1-3 per<\/em><\/span><\/strong><\/td><td width=\"94\"><strong><span style=\"color: #000000;\"><em>\u00a0\u00a0\u00a0 4-8 per<\/em><\/span><\/strong><\/td><td width=\"95\"><strong><span style=\"color: #000000;\"><em>\u00a0 \u00a09-19 per<\/em><\/span><\/strong><\/td><td width=\"96\"><strong><span style=\"color: #000000;\"><em>\u00a020-40 per<\/em><\/span><\/strong><\/td><\/tr><tr><td width=\"177\"><strong><span style=\"color: #000000;\"><em>Mode de transport<\/em><\/span><\/strong><\/td><td width=\"76\"><strong><span style=\"color: #000000;\"><em>\u00a0Berline<\/em><\/span><\/strong><\/td><td width=\"94\"><strong><span style=\"color: #000000;\"><em>\u00a0 Minivan<\/em><\/span><\/strong><\/td><td width=\"95\"><strong><span style=\"color: #000000;\"><em>\u00a0 \u00a0Minibus<\/em><\/span><\/strong><\/td><td width=\"96\"><strong><span style=\"color: #000000;\"><em>\u00a0 Autobus<\/em><\/span><\/strong><\/td><\/tr><\/tbody><\/table>\t\t\t\t\t\t\t\t<\/div>\n\t\t\t\t<\/div>\n\t\t\t\t\t<\/div>\n\t\t\t\t<\/div>\n\t\t\t\t<\/div>\n\t\t","protected":false},"excerpt":{"rendered":"<p>Pr\u00e9sentation de la th\u00e9matique du tour guid\u00e9\u00a0 Kakh\u00e9tie &#8211; la belle r\u00e9gion de G\u00e9orgie, dont l&rsquo;origine remonte \u00e0 avant notre \u00e8re et \u00e0 cette \u00e9poque cette terre s&rsquo;appelait Ib\u00e9rie. De nombreux vignobles et par cons\u00e9quent, d&rsquo;excellents vins g\u00e9orgiens, des sites naturels et historiques et architecturaux, de nombreux sanctuaires &#8211; ce sont les principales raisons pour [&hellip;]<\/p>\n","protected":false},"featured_media":16870,"template":"","meta":[],"product_brand":[],"product_cat":[241],"product_tag":[],"class_list":{"0":"post-14482","1":"product","2":"type-product","3":"status-publish","4":"has-post-thumbnail","6":"product_cat-days-tours-fr","8":"first","9":"instock","10":"shipping-taxable","11":"purchasable","12":"product-type-ovabrw_car_rental"},"_links":{"self":[{"href":"https:\/\/georgiavoyage.ge\/fr\/wp-json\/wp\/v2\/product\/14482","targetHints":{"allow":["GET"]}}],"collection":[{"href":"https:\/\/georgiavoyage.ge\/fr\/wp-json\/wp\/v2\/product"}],"about":[{"href":"https:\/\/georgiavoyage.ge\/fr\/wp-json\/wp\/v2\/types\/product"}],"version-history":[{"count":1,"href":"https:\/\/georgiavoyage.ge\/fr\/wp-json\/wp\/v2\/product\/14482\/revisions"}],"predecessor-version":[{"id":34785,"href":"https:\/\/georgiavoyage.ge\/fr\/wp-json\/wp\/v2\/product\/14482\/revisions\/34785"}],"wp:featuredmedia":[{"embeddable":true,"href":"https:\/\/georgiavoyage.ge\/fr\/wp-json\/wp\/v2\/media\/16870"}],"wp:attachment":[{"href":"https:\/\/georgiavoyage.ge\/fr\/wp-json\/wp\/v2\/media?parent=14482"}],"wp:term":[{"taxonomy":"product_brand","embeddable":true,"href":"https:\/\/georgiavoyage.ge\/fr\/wp-json\/wp\/v2\/product_brand?post=14482"},{"taxonomy":"product_cat","embeddable":true,"href":"https:\/\/georgiavoyage.ge\/fr\/wp-json\/wp\/v2\/product_cat?post=14482"},{"taxonomy":"product_tag","embeddable":true,"href":"https:\/\/georgiavoyage.ge\/fr\/wp-json\/wp\/v2\/product_tag?post=14482"}],"curies":[{"name":"wp","href":"https:\/\/api.w.org\/{rel}","templated":true}]}}