{"id":14489,"date":"2024-08-24T01:20:36","date_gmt":"2024-08-23T21:20:36","guid":{"rendered":"https:\/\/georgiavoyage.web-reflection.com\/tours\/one-day-tour-kazbegi\/"},"modified":"2025-09-03T19:51:57","modified_gmt":"2025-09-03T15:51:57","slug":"one-day-tour-kazbegi","status":"publish","type":"product","link":"https:\/\/georgiavoyage.ge\/fr\/product\/one-day-tour-kazbegi\/","title":{"rendered":"CIRCUIT D\u2019UNE JOURN\u00c9E \u2013 KAZB\u00c9GUI"},"content":{"rendered":"<div class=\"QcsUad BDJ8fb BLojaf sMVRZe hCXDsb wneUed\">\n<div class=\"usGWQd\">\n<div class=\"KkbLmb\">\n<div class=\"lRu31\" dir=\"ltr\">\n<p><em><strong>Pr\u00e9sentation de la th\u00e9matique du tour guid\u00e9\u00a0<\/strong><\/em><\/p>\n<p><em>Un voyage le long de la route militaire g\u00e9orgienne s&rsquo;annonce passionnant et vous permettra de plonger dans la richesse et la diversit\u00e9 de l&rsquo;histoire, de la culture et de la nature de cette partie unique du Caucase. Les structures architecturales uniques situ\u00e9es le long du parcours refl\u00e8tent l&rsquo;histoire et le pass\u00e9 inhabituels de la r\u00e9gion.<\/em><\/p>\n<p><em>Un itin\u00e9raire culturel et historique insolite qui s\u00e9duit par ses vues imprenables. Vous pouvez visiter ces lieux plusieurs fois, et \u00e0 chaque fois vous voyez et d\u00e9couvrez quelque chose de nouveau. Les impressionnants sommets enneig\u00e9s du Grand Caucase, les cols de montagne, les magnifiques gorges, les lacs isol\u00e9s et les vall\u00e9es alpines rendent cet endroit particuli\u00e8rement attrayant.<\/em><\/p>\n<p><strong><em>Attractions visit\u00e9es:<\/em><\/strong><\/p>\n<ul>\n<li><em>La ville-r\u00e9serve Mtskh\u00e9ta &#8211; un diamant cach\u00e9 sur la carte de la G\u00e9orgie;<\/em><\/li>\n<li><em>Le majestueux temple Svetitskhoveli \u00e0 la beaut\u00e9 asc\u00e9tique;<\/em><\/li>\n<li><em>Monast\u00e8re de Djvari avec une vue imprenable sur le confluent de deux rivi\u00e8res;<\/em><\/li>\n<li><em>R\u00e9servoir Jinvali &#8211; capable d&rsquo;\u00e9clipser toute id\u00e9e de beaut\u00e9 terrestre;<\/em><\/li>\n<li><em>Tout droit sorti des pages d&rsquo;une ancienne l\u00e9gende &#8211; la forteresse d&rsquo;Ananouri ;<\/em><\/li>\n<li><em>Le confluent de l&rsquo;Aragvi Noir et Blanc, deux magnifiques rivi\u00e8res entour\u00e9es par la beaut\u00e9 de la nature ;<\/em><\/li>\n<li><em>Arc de l&rsquo;Amiti\u00e9 des Peuples, symbolisant la fraternit\u00e9 entre les diff\u00e9rents groupes ethniques ;<\/em><\/li>\n<li><em>Village de Sno, b\u00e9n\u00e9ficiant de vues pittoresques sur la nature et la culture locales ;<\/em><\/li>\n<li><em>Guergueti Trinity &#8211; d\u00e9tenant toute la puissance et la grandeur des montagnes Kazbegui.<\/em><\/li>\n<\/ul>\n<p><span style=\"color: #000000;\">*<em style=\"color: #000000; font-weight: bold;\">En cas de d\u00e9sir, il est possible d\u2019organiser:<\/em><\/span><\/p>\n<ul>\n<li><em>1 \u00e0 2 heures de marche dans la nature ;<\/em><\/li>\n<li><em>Promenades \u00e0 cheval le long de la cr\u00eate du Caucase ;<\/em><\/li>\n<li><em>Pique-nique en pleine nature;<\/em><\/li>\n<li><em>Master classes de cuisine : \u00abKhinkali\u00bb et \u00abKhachapouri\u00bb, &#8230;. ainsi que divers plats nationaux (en option avec un festin) ;<\/em><\/li>\n<li><em>Rafting sur les vagues rapides d&rsquo;Aragvi (d&rsquo;avril \u00e0 octobre) ;<\/em><\/li>\n<li><em>Vol en parapente sur des sommets pittoresques.<\/em><\/li>\n<\/ul>\n<p><em><strong>D\u00e9tails organisationnels\u00a0:<\/strong><\/em><\/p>\n<\/div>\n<\/div>\n<\/div>\n<\/div>\n<div dir=\"ltr\">\n<div class=\"lRu31\" dir=\"ltr\">\n<ul>\n<li><span style=\"color: #000000;\"><em>Prix des excursions <\/em><em>d\u00e9pend du nombre de personnes et varie(\u00b1) <span style=\"color: #ff0000;\">de 20 USD \u00e0 40 USD.<\/span><\/em><\/span><\/li>\n<li><span style=\"color: #000000;\"><em>Le co\u00fbt de chaque excursion est discut\u00e9 individuellement.<\/em><\/span><\/li>\n<li><span style=\"color: #000000;\"><em>Pour plus d\u2019informations, n\u2019h\u00e9sitez pas appeler ou \u00e9crire\u00a0\u00a0<span style=\"color: #ff0000;\"><strong>Viber\/WhatsApp\u00a0+995 599 25 65 19<\/strong>\u00a0<\/span>\u00a0ou par courrier: <span style=\"color: #ff0000;\"><a style=\"color: #ff0000;\" href=\"mailto:info@georgiavoyage.ge\"><strong>info@georgiavoyage.ge<\/strong><\/a><\/span><a href=\"mailto:info@georgiavoyage.ge\"><strong><img decoding=\"async\" class=\"\" src=\"\/wp-content\/uploads\/2024\/08\/Pointer.png\" width=\"23\" height=\"23\" \/><\/strong><\/a><\/em><\/span><\/li>\n<li><em>La dur\u00e9e de l&rsquo;excursion d\u00e9pend de vous (elle dure en moyenne de 8 \u00e0 10 heures)<\/em><\/li>\n<li><span style=\"color: #ff0000;\"><em>*Horaires de circuit : sur demande.<\/em><\/span><\/li>\n<\/ul>\n<table width=\"538\">\n<tbody>\n<tr>\n<td width=\"177\"><span style=\"color: #000000;\"><em>Nombre de personnes<\/em><\/span><\/td>\n<td width=\"76\"><span style=\"color: #000000;\"><em>\u00a0 1-3 per<\/em><\/span><\/td>\n<td width=\"94\"><span style=\"color: #000000;\"><em>\u00a0\u00a0\u00a0 4-8 per<\/em><\/span><\/td>\n<td width=\"95\"><span style=\"color: #000000;\"><em>\u00a0 \u00a09-19 per<\/em><\/span><\/td>\n<td width=\"96\"><span style=\"color: #000000;\"><em>\u00a020-40 per<\/em><\/span><\/td>\n<\/tr>\n<tr>\n<td width=\"177\"><span style=\"color: #000000;\"><em>Mode de transport<\/em><\/span><\/td>\n<td width=\"76\"><span style=\"color: #000000;\"><em>\u00a0Berline<\/em><\/span><\/td>\n<td width=\"94\"><span style=\"color: #000000;\"><em>\u00a0 Minivan<\/em><\/span><\/td>\n<td width=\"95\"><span style=\"color: #000000;\"><em>\u00a0 \u00a0Minibus<\/em><\/span><\/td>\n<td width=\"96\"><span style=\"color: #000000;\"><em>\u00a0 Autobus<\/em><\/span><\/td>\n<\/tr>\n<\/tbody>\n<\/table>\n<\/div>\n<\/div>\n","protected":false},"excerpt":{"rendered":"<p>Pr\u00e9sentation de la th\u00e9matique du tour guid\u00e9\u00a0 Un voyage le long de la route militaire g\u00e9orgienne s&rsquo;annonce passionnant et vous permettra de plonger dans la richesse et la diversit\u00e9 de l&rsquo;histoire, de la culture et de la nature de cette partie unique du Caucase. Les structures architecturales uniques situ\u00e9es le long du parcours refl\u00e8tent l&rsquo;histoire [&hellip;]<\/p>\n","protected":false},"featured_media":28109,"template":"","meta":[],"product_brand":[],"product_cat":[241],"product_tag":[],"class_list":{"0":"post-14489","1":"product","2":"type-product","3":"status-publish","4":"has-post-thumbnail","6":"product_cat-days-tours-fr","8":"first","9":"instock","10":"shipping-taxable","11":"purchasable","12":"product-type-ovabrw_car_rental"},"_links":{"self":[{"href":"https:\/\/georgiavoyage.ge\/fr\/wp-json\/wp\/v2\/product\/14489","targetHints":{"allow":["GET"]}}],"collection":[{"href":"https:\/\/georgiavoyage.ge\/fr\/wp-json\/wp\/v2\/product"}],"about":[{"href":"https:\/\/georgiavoyage.ge\/fr\/wp-json\/wp\/v2\/types\/product"}],"version-history":[{"count":1,"href":"https:\/\/georgiavoyage.ge\/fr\/wp-json\/wp\/v2\/product\/14489\/revisions"}],"predecessor-version":[{"id":34779,"href":"https:\/\/georgiavoyage.ge\/fr\/wp-json\/wp\/v2\/product\/14489\/revisions\/34779"}],"wp:featuredmedia":[{"embeddable":true,"href":"https:\/\/georgiavoyage.ge\/fr\/wp-json\/wp\/v2\/media\/28109"}],"wp:attachment":[{"href":"https:\/\/georgiavoyage.ge\/fr\/wp-json\/wp\/v2\/media?parent=14489"}],"wp:term":[{"taxonomy":"product_brand","embeddable":true,"href":"https:\/\/georgiavoyage.ge\/fr\/wp-json\/wp\/v2\/product_brand?post=14489"},{"taxonomy":"product_cat","embeddable":true,"href":"https:\/\/georgiavoyage.ge\/fr\/wp-json\/wp\/v2\/product_cat?post=14489"},{"taxonomy":"product_tag","embeddable":true,"href":"https:\/\/georgiavoyage.ge\/fr\/wp-json\/wp\/v2\/product_tag?post=14489"}],"curies":[{"name":"wp","href":"https:\/\/api.w.org\/{rel}","templated":true}]}}