{"id":14493,"date":"2024-08-24T01:25:34","date_gmt":"2024-08-23T21:25:34","guid":{"rendered":"https:\/\/georgiavoyage.web-reflection.com\/tours\/one-day-tour-david-gareji\/"},"modified":"2025-09-08T17:50:10","modified_gmt":"2025-09-08T13:50:10","slug":"one-day-tour-david-gareji","status":"publish","type":"product","link":"https:\/\/georgiavoyage.ge\/fr\/product\/one-day-tour-david-gareji\/","title":{"rendered":"CIRCUIT D\u2019UNE JOURN\u00c9E \u2013 DAVID GAREDJA"},"content":{"rendered":"<p><strong><em>Description de l&rsquo;excursion<\/em><\/strong><\/p>\n<p><em>Au cours d&rsquo;une excursion d&rsquo;une journ\u00e9e \u00e0 Kakh\u00e9tie, vous acquerirez une compr\u00e9hension plus profonde de la beaut\u00e9 et de la spiritualit\u00e9 de cette belle r\u00e9gion g\u00e9orgienne. Un voyage dans le d\u00e9sert de Gareji vous permettra de visiter les lieux les plus int\u00e9ressants et m\u00e9connus. La naissance du christianisme sur le sol g\u00e9orgien il y a mille cinq cents ans, les histoires et l\u00e9gendes associ\u00e9es, les paysages naturels insolites deviendront les principaux objets de votre attention.<\/em><\/p>\n<p><em>Vous visiterez la Laure de David, d\u00e9couvrirez les origines de l&rsquo;asc\u00e9tisme chr\u00e9tien et vous familiariserez avec la vie des moines locaux. Explorerez des grottes creus\u00e9es dans la roche contenant des exemples pr\u00e9serv\u00e9s de peinture monumentale m\u00e9di\u00e9vale g\u00e9orgienne. Vous admirerez la steppe aux couleurs changeantes selon la saison, les collines aux formes bizarres et les majestueuses montagnes du Caucase.<\/em><\/p>\n<p><em>Ensuite, vous trouverez le monast\u00e8re de Bodbe, o\u00f9 sont conserv\u00e9es les reliques de la patronne de la G\u00e9orgie, Sainte Nino. Le territoire du monast\u00e8re se distingue par une charmante atmosph\u00e8re de paix particuli\u00e8re. Vous vous prom\u00e8nerez dans les rues anciennes de la ville de Sighnaghi, admirerez la vue vertigineuse sur la vall\u00e9e d&rsquo;Alazani et le complexe des montagnes du Caucase. Dans le village de Mirzaani, vous pourrez d\u00e9couvrir la collection d&rsquo;\u0153uvres du l\u00e9gendaire artiste g\u00e9orgien Niko Pirosmani.<\/em><\/p>\n<p><strong><em>Points forts de l&rsquo;excursion:<\/em><\/strong><\/p>\n<ul>\n<li><em>Vous visiterez la Laure de David Garedja &#8211; le mus\u00e9e vivant de l&rsquo;histoire et de la culture de G\u00e9orgie;<\/em><\/li>\n<li><em>Monast\u00e8re de Bodbe &#8211; un lieu impr\u00e9gn\u00e9 d&rsquo;\u00e9nergie spirituelle et d&rsquo;\u00e9v\u00e9nements historiques;<\/em><\/li>\n<li><em>Ressentez l&rsquo;atmosph\u00e8re du v\u00e9ritable amour et de la romance dans la ville de Sighnaghi;<\/em><\/li>\n<li><em>Vous verrez \u00abla Grande Muraille de G\u00e9orgie\u00bb &#8211; un complexe d&rsquo;anciens murs de forteresse gardant les villes de l&rsquo;amour;<\/em><\/li>\n<li><em>Une visite au complexe mus\u00e9al Niko Pirosmani vous permettra de plonger dans l&rsquo;\u00e2me du g\u00e9nie de l&rsquo;art na\u00eff.<\/em><\/li>\n<\/ul>\n<div class=\"QcsUad BDJ8fb BLojaf sMVRZe hCXDsb wneUed\">\n<div class=\"usGWQd\">\n<div class=\"KkbLmb\">\n<div class=\"lRu31\" dir=\"ltr\"><em><strong><span style=\"color: #000000;\">*En cas de d\u00e9sir, il est possible d\u2019organiser:<\/span><\/strong><\/em><\/div>\n<\/div>\n<\/div>\n<\/div>\n<div dir=\"ltr\">\n<div class=\"lRu31\" dir=\"ltr\">\n<ul>\n<li><em><span style=\"color: #000000;\">Le pique-nique sur\u00a0 la nature ou\u00a0 le festin dans la famille paysanne paysanne (d\u00e9jeuner, d\u00eener avec des produits biologiques) (s&rsquo;ils le souhaitent, avec \u00a0nuit\u00e9e);<\/span><\/em><\/li>\n<li><em><span style=\"color: #000000;\">Les master classes selon la pr\u00e9paration : Chourchkh\u00e9la, Khinkali, Khachapouri, &#8230;. et d&rsquo;autres plats nationaux (s&rsquo;ils le souhaitent, avec le festin );<\/span><\/em><\/li>\n<li><em><span style=\"color: #000000;\">Les master classes selon la pr\u00e9paration \u00a0de v\u00e9ritables brochettes Kakhetien \u00ab Mtsvadi \u00bbet du pain \u00ab\u00a0Choti\u00a0\u00bb sur la vigne;<\/span><\/em><\/li>\n<li><em><span style=\"color: #000000;\">Visite de \u00a0\u00abzaoti\u00bb (mini-usine \u00abChacha\u00bb(grappa)) (s\u2019ils le souhaitent, avec le festin et des chansons folkloriques interpr\u00e9t\u00e9es par un ensemble folklorique Kakh\u00e9tienne);<\/span><\/em><\/li>\n<\/ul>\n<p><em><strong>D\u00e9tails organisationnels\u00a0:<\/strong><\/em><\/p>\n<ul>\n<li><span style=\"color: #000000;\"><em>Prix des excursions <\/em><em>d\u00e9pend du nombre de personnes et varie(\u00b1) <span style=\"color: #ff0000;\">de 20 USD \u00e0 40 USD.<\/span><\/em><\/span><\/li>\n<li><span style=\"color: #000000;\"><em>Le co\u00fbt de chaque excursion est discut\u00e9 individuellement.<\/em><\/span><\/li>\n<li><span style=\"color: #000000;\"><em>Pour plus d\u2019informations, n\u2019h\u00e9sitez pas appeler ou \u00e9crire\u00a0\u00a0<span style=\"color: #ff0000;\">Viber\/WhatsApp\u00a0+995 599 25 65 19\u00a0<\/span>\u00a0ou par courrier:\u00a0<span style=\"color: #ff0000;\"><a style=\"color: #ff0000;\" href=\"mailto:info@georgiavoyage.ge\">info@georgiavoyage.ge\u00a0\u00a0<\/a><\/span><\/em><\/span><\/li>\n<li><span style=\"color: #ff0000;\"><em>La dur\u00e9e de l&rsquo;excursion d\u00e9pend de vous (elle dure en moyenne de 8 \u00e0 10 heures)<\/em><\/span><\/li>\n<li><span style=\"color: #ff0000;\"><em>*Horaires de circuit : sur demande.<\/em><\/span><\/li>\n<\/ul>\n<table width=\"538\">\n<tbody>\n<tr>\n<td width=\"177\"><span style=\"color: #000000;\"><em>Nombre de personnes<\/em><\/span><\/td>\n<td width=\"76\"><span style=\"color: #000000;\"><em>\u00a0 1-3 per<\/em><\/span><\/td>\n<td width=\"94\"><span style=\"color: #000000;\"><em>\u00a0\u00a0\u00a0 4-8 per<\/em><\/span><\/td>\n<td width=\"95\"><span style=\"color: #000000;\"><em>\u00a0 \u00a09-19 per<\/em><\/span><\/td>\n<td width=\"96\"><span style=\"color: #000000;\"><em>\u00a020-40 per<\/em><\/span><\/td>\n<\/tr>\n<tr>\n<td width=\"177\"><span style=\"color: #000000;\"><em>Mode de transport<\/em><\/span><\/td>\n<td width=\"76\"><span style=\"color: #000000;\"><em>\u00a0Berline<\/em><\/span><\/td>\n<td width=\"94\"><span style=\"color: #000000;\"><em>\u00a0 Minivan<\/em><\/span><\/td>\n<td width=\"95\"><span style=\"color: #000000;\"><em>\u00a0 \u00a0Minibus<\/em><\/span><\/td>\n<td width=\"96\"><span style=\"color: #000000;\"><em>\u00a0 Autobus<\/em><\/span><\/td>\n<\/tr>\n<\/tbody>\n<\/table>\n<p>&nbsp;<\/p>\n<\/div>\n<\/div>\n","protected":false},"excerpt":{"rendered":"<p>Description de l&rsquo;excursion Au cours d&rsquo;une excursion d&rsquo;une journ\u00e9e \u00e0 Kakh\u00e9tie, vous acquerirez une compr\u00e9hension plus profonde de la beaut\u00e9 et de la spiritualit\u00e9 de cette belle r\u00e9gion g\u00e9orgienne. Un voyage dans le d\u00e9sert de Gareji vous permettra de visiter les lieux les plus int\u00e9ressants et m\u00e9connus. La naissance du christianisme sur le sol g\u00e9orgien [&hellip;]<\/p>\n","protected":false},"featured_media":10871,"template":"","meta":[],"product_brand":[],"product_cat":[241,259],"product_tag":[],"class_list":{"0":"post-14493","1":"product","2":"type-product","3":"status-publish","4":"has-post-thumbnail","6":"product_cat-days-tours-fr","7":"product_cat-popular-tours-fr","9":"first","10":"instock","11":"shipping-taxable","12":"purchasable","13":"product-type-ovabrw_car_rental"},"_links":{"self":[{"href":"https:\/\/georgiavoyage.ge\/fr\/wp-json\/wp\/v2\/product\/14493","targetHints":{"allow":["GET"]}}],"collection":[{"href":"https:\/\/georgiavoyage.ge\/fr\/wp-json\/wp\/v2\/product"}],"about":[{"href":"https:\/\/georgiavoyage.ge\/fr\/wp-json\/wp\/v2\/types\/product"}],"version-history":[{"count":1,"href":"https:\/\/georgiavoyage.ge\/fr\/wp-json\/wp\/v2\/product\/14493\/revisions"}],"predecessor-version":[{"id":34776,"href":"https:\/\/georgiavoyage.ge\/fr\/wp-json\/wp\/v2\/product\/14493\/revisions\/34776"}],"wp:featuredmedia":[{"embeddable":true,"href":"https:\/\/georgiavoyage.ge\/fr\/wp-json\/wp\/v2\/media\/10871"}],"wp:attachment":[{"href":"https:\/\/georgiavoyage.ge\/fr\/wp-json\/wp\/v2\/media?parent=14493"}],"wp:term":[{"taxonomy":"product_brand","embeddable":true,"href":"https:\/\/georgiavoyage.ge\/fr\/wp-json\/wp\/v2\/product_brand?post=14493"},{"taxonomy":"product_cat","embeddable":true,"href":"https:\/\/georgiavoyage.ge\/fr\/wp-json\/wp\/v2\/product_cat?post=14493"},{"taxonomy":"product_tag","embeddable":true,"href":"https:\/\/georgiavoyage.ge\/fr\/wp-json\/wp\/v2\/product_tag?post=14493"}],"curies":[{"name":"wp","href":"https:\/\/api.w.org\/{rel}","templated":true}]}}