{"id":14497,"date":"2024-08-24T01:30:13","date_gmt":"2024-08-23T21:30:13","guid":{"rendered":"https:\/\/georgiavoyage.web-reflection.com\/tours\/one-day-tour-uplistsikhe\/"},"modified":"2025-09-03T19:45:50","modified_gmt":"2025-09-03T15:45:50","slug":"one-day-tour-uplistsikhe","status":"publish","type":"product","link":"https:\/\/georgiavoyage.ge\/fr\/product\/one-day-tour-uplistsikhe\/","title":{"rendered":"CIRCUIT D\u2019UNE JOURN\u00c9E \u2013 OUPLISTSIKH\u00c9"},"content":{"rendered":"<p><strong><em>Description de l&rsquo;excursion<\/em><\/strong><\/p>\n<p><em>Kartlie- L&rsquo;ancien royaume g\u00e9orgien oriental, \u00e9galement connu sous le nom d&rsquo;Ib\u00e9rie, est l&rsquo;une des principales r\u00e9gions historiques et g\u00e9ographiques de la G\u00e9orgie et le berceau de son \u00c9tat. C&rsquo;est ici qu&rsquo;est n\u00e9 au d\u00e9but du Moyen \u00c2ge un \u00c9tat g\u00e9orgien centralis\u00e9 qui a constitu\u00e9 pendant plusieurs si\u00e8cles le noyau \u00e9conomique et culturel de nombreuses principaut\u00e9s f\u00e9odales. Le nom g\u00e9orgien de la G\u00e9orgie &#8211; Sakartvelo &#8211; vient de cette r\u00e9gion, et \u00e0 la fois de l&rsquo;ancien et du f\u00e9odal. les capitales modernes de la G\u00e9orgie &#8211; Mtskh<span style=\"color: #000000;\">\u00e9<\/span>ta et Tbilissi &#8211; se trouvent ici.<\/em><\/p>\n<p><em>Une excursion int\u00e9ressante d&rsquo;une journ\u00e9e compl\u00e8te o\u00f9 vous visiterez des lieux c\u00e9l\u00e8bres de la r\u00e9gion de Shida (int\u00e9rieure) Kartlie. La capitale spirituelle de la G\u00e9orgie, Mtskh<span style=\"color: #000000;\">\u00e9<\/span>ta, n&rsquo;est pas seulement des monuments historiques et architecturaux, mais aussi un lieu o\u00f9 vous pourrez vous immerger dans l&rsquo;atmosph\u00e8re de la vraie G\u00e9orgie, d\u00e9couvrir ses traditions folkloriques et vous plonger dans le riche patrimoine culturel. Voyager \u00e0 Gori, la ville natale de Staline, est une exp\u00e9rience incroyable sur le plan historique et culturel. Ouplistsikh<span style=\"color: #000000;\">\u00e9<\/span>\u00a0est une ville creus\u00e9e dans la roche, d\u00e9montrant l&rsquo;architecture et la vie uniques des anciens G\u00e9orgiens.<\/em><\/p>\n<p><strong><em>Points forts de la tourn\u00e9e:<\/em><\/strong><\/p>\n<ul>\n<li><em>En visitant Mtskh\u00e9ta, vous ferez un voyage fascinant \u00e0 travers les pages de l&rsquo;histoire g\u00e9orgienne;<\/em><\/li>\n<li><em>Vous visiterez l&rsquo;unique temple de Jvari &#8211; un symbole de l&rsquo;architecture des temples g\u00e9orgiens;<\/em><\/li>\n<li><em>Svetitskhoveli &#8211; La cath\u00e9drale principale de toute la G\u00e9orgie depuis un mill\u00e9naire;<\/em><\/li>\n<li><em>Monast\u00e8re de Samtavro &#8211; Le monument le plus important o\u00f9 sont originaires la foi et l&rsquo;identit\u00e9 chr\u00e9tienne g\u00e9orgienne;<\/em><\/li>\n<li><em>Dans le monast\u00e8re de Shiomgvim\u00e9, vous d\u00e9couvrirez comment ce lieu est devenu le centre du renouveau culturel;<\/em><\/li>\n<li><em>D\u00e9couvrez Gori et visitez la maison-mus\u00e9e du plus c\u00e9l\u00e8bre natif de la ville;<\/em><\/li>\n<li><em>En explorant les labyrinthes de pierre d&rsquo;Uplistsikhe, vous imaginerez la vie des pa\u00efens et leurs rituels religieux.<\/em><\/li>\n<\/ul>\n<div class=\"QcsUad BDJ8fb BLojaf sMVRZe hCXDsb wneUed\">\n<div class=\"usGWQd\">\n<div class=\"KkbLmb\">\n<div class=\"lRu31\" dir=\"ltr\"><em><strong>D\u00e9tails organisationnels :<\/strong><\/em><\/div>\n<\/div>\n<\/div>\n<\/div>\n<div dir=\"ltr\">\n<div class=\"lRu31\" dir=\"ltr\">\n<ul>\n<li><span style=\"color: #000000;\"><em>Prix des excursions <\/em><em>d\u00e9pend du nombre de personnes et varie(\u00b1) <span style=\"color: #ff0000;\">de 20 USD \u00e0 40 USD.<\/span><\/em><\/span><\/li>\n<li><span style=\"color: #000000;\"><em>Le co\u00fbt de chaque excursion est discut\u00e9 individuellement.<\/em><\/span><\/li>\n<li><span style=\"color: #000000;\"><em>Pour plus d\u2019informations, n\u2019h\u00e9sitez pas appeler ou \u00e9crire\u00a0\u00a0<span style=\"color: #ff0000;\">Viber\/WhatsApp\u00a0+995 599 25 65 19\u00a0<\/span>\u00a0ou par courrier:\u00a0<span style=\"color: #ff0000;\"><a style=\"color: #ff0000;\" href=\"mailto:info@georgiavoyage.ge\">info@georgiavoyage.ge\u00a0\u00a0<\/a><\/span><\/em><\/span><\/li>\n<li><span style=\"color: #ff0000;\"><em>La dur\u00e9e de l&rsquo;excursion d\u00e9pend de vous (elle dure en moyenne de 8 \u00e0 10 heures)<\/em><\/span><\/li>\n<li><span style=\"color: #ff0000;\"><em>*Horaires de circuit : sur demande.<\/em><\/span><\/li>\n<\/ul>\n<table width=\"538\">\n<tbody>\n<tr>\n<td width=\"177\"><span style=\"color: #000000;\"><em>Nombre de personnes<\/em><\/span><\/td>\n<td width=\"76\"><span style=\"color: #000000;\"><em>\u00a0 1-3 per<\/em><\/span><\/td>\n<td width=\"94\"><span style=\"color: #000000;\"><em>\u00a0\u00a0\u00a0 4-8 per<\/em><\/span><\/td>\n<td width=\"95\"><span style=\"color: #000000;\"><em>\u00a0 \u00a09-19 per<\/em><\/span><\/td>\n<td width=\"96\"><span style=\"color: #000000;\"><em>\u00a020-40 per<\/em><\/span><\/td>\n<\/tr>\n<tr>\n<td width=\"177\"><span style=\"color: #000000;\"><em>Mode de transport<\/em><\/span><\/td>\n<td width=\"76\"><span style=\"color: #000000;\"><em>\u00a0Berline<\/em><\/span><\/td>\n<td width=\"94\"><span style=\"color: #000000;\"><em>\u00a0 Minivan<\/em><\/span><\/td>\n<td width=\"95\"><span style=\"color: #000000;\"><em>\u00a0 \u00a0Minibus<\/em><\/span><\/td>\n<td width=\"96\"><span style=\"color: #000000;\"><em>\u00a0 Autobus<\/em><\/span><\/td>\n<\/tr>\n<\/tbody>\n<\/table>\n<\/div>\n<\/div>\n","protected":false},"excerpt":{"rendered":"<p>Description de l&rsquo;excursion Kartlie- L&rsquo;ancien royaume g\u00e9orgien oriental, \u00e9galement connu sous le nom d&rsquo;Ib\u00e9rie, est l&rsquo;une des principales r\u00e9gions historiques et g\u00e9ographiques de la G\u00e9orgie et le berceau de son \u00c9tat. C&rsquo;est ici qu&rsquo;est n\u00e9 au d\u00e9but du Moyen \u00c2ge un \u00c9tat g\u00e9orgien centralis\u00e9 qui a constitu\u00e9 pendant plusieurs si\u00e8cles le noyau \u00e9conomique et culturel [&hellip;]<\/p>\n","protected":false},"featured_media":18781,"template":"","meta":[],"product_brand":[],"product_cat":[241],"product_tag":[],"class_list":{"0":"post-14497","1":"product","2":"type-product","3":"status-publish","4":"has-post-thumbnail","6":"product_cat-days-tours-fr","8":"first","9":"instock","10":"shipping-taxable","11":"purchasable","12":"product-type-ovabrw_car_rental"},"_links":{"self":[{"href":"https:\/\/georgiavoyage.ge\/fr\/wp-json\/wp\/v2\/product\/14497","targetHints":{"allow":["GET"]}}],"collection":[{"href":"https:\/\/georgiavoyage.ge\/fr\/wp-json\/wp\/v2\/product"}],"about":[{"href":"https:\/\/georgiavoyage.ge\/fr\/wp-json\/wp\/v2\/types\/product"}],"version-history":[{"count":1,"href":"https:\/\/georgiavoyage.ge\/fr\/wp-json\/wp\/v2\/product\/14497\/revisions"}],"predecessor-version":[{"id":34773,"href":"https:\/\/georgiavoyage.ge\/fr\/wp-json\/wp\/v2\/product\/14497\/revisions\/34773"}],"wp:featuredmedia":[{"embeddable":true,"href":"https:\/\/georgiavoyage.ge\/fr\/wp-json\/wp\/v2\/media\/18781"}],"wp:attachment":[{"href":"https:\/\/georgiavoyage.ge\/fr\/wp-json\/wp\/v2\/media?parent=14497"}],"wp:term":[{"taxonomy":"product_brand","embeddable":true,"href":"https:\/\/georgiavoyage.ge\/fr\/wp-json\/wp\/v2\/product_brand?post=14497"},{"taxonomy":"product_cat","embeddable":true,"href":"https:\/\/georgiavoyage.ge\/fr\/wp-json\/wp\/v2\/product_cat?post=14497"},{"taxonomy":"product_tag","embeddable":true,"href":"https:\/\/georgiavoyage.ge\/fr\/wp-json\/wp\/v2\/product_tag?post=14497"}],"curies":[{"name":"wp","href":"https:\/\/api.w.org\/{rel}","templated":true}]}}