{"id":14504,"date":"2024-08-24T02:10:32","date_gmt":"2024-08-23T22:10:32","guid":{"rendered":"https:\/\/georgiavoyage.web-reflection.com\/tours\/one-day-tour-vardzia\/"},"modified":"2025-09-03T19:05:41","modified_gmt":"2025-09-03T15:05:41","slug":"one-day-tour-vardzia","status":"publish","type":"product","link":"https:\/\/georgiavoyage.ge\/fr\/product\/one-day-tour-vardzia\/","title":{"rendered":"CIRCUIT D\u2019UNE JOURN\u00c9E &#8211; VARDZIA"},"content":{"rendered":"<p><strong><em>Description de l&rsquo;excursion<\/em><\/strong><\/p>\n<p><em>Une excursion d&rsquo;une journ\u00e9e dans l&rsquo;une des plus belles r\u00e9gions de G\u00e9orgie &#8211; Samtskh\u00e9-Djavakh\u00e9tie vous fera d\u00e9couvrir des attractions compl\u00e8tement diff\u00e9rentes, dont chacune r\u00e9v\u00e8le \u00e0 sa mani\u00e8re la richesse historique et naturelle de cette r\u00e9gion. Vous apprendrez beaucoup de choses int\u00e9ressantes non seulement sur les points visit\u00e9s inclus dans le programme, mais \u00e9galement sur les sites touristiques que vous rencontrerez en cours de route.<\/em><\/p>\n<p><em>Au cours de cette visite, vous vous familiariserez avec les lieux l\u00e9gendaires et myst\u00e9rieux de l&rsquo;ancienne G\u00e9orgie, profiterez de la beaut\u00e9 naturelle et d\u00e9couvrirez des \u00e9pisodes importants de l&rsquo;histoire g\u00e9orgienne qui vous aideront \u00e0 mieux comprendre notre pays. Vous d\u00e9couvrirez les batailles de lib\u00e9ration contre les Turcs, l&rsquo;\u00e2ge d&rsquo;or de la puissante G\u00e9orgie, lorsque ses fronti\u00e8res s&rsquo;\u00e9tendaient du Grand Caucase \u00e0 Erzurum.<\/em><\/p>\n<p><em>Vous traverserez l&rsquo;une des plus grandes r\u00e9serves naturelles de G\u00e9orgie, visiterez un parc historique et d\u00e9gusterez l&rsquo;eau de Bordjomi, connue pour ses propri\u00e9t\u00e9s curatives. Visitez le ch\u00e2teau de Rabati reconstruit, combinant des \u00e9l\u00e9ments de diff\u00e9rentes \u00e9poques et cultures. Et bien s\u00fbr, vous attend la ville rocheuse de Vardzia, dont l&rsquo;\u00e9panouissement est inextricablement li\u00e9 \u00e0 la p\u00e9riode de prosp\u00e9rit\u00e9 et de puissance de l&rsquo;\u00c9tat g\u00e9orgien.<\/em><\/p>\n<p><strong><em>Attractions visit\u00e9es:<\/em><\/strong><\/p>\n<ul>\n<li><em>Bordjomi &#8211; Patrie des sources min\u00e9rales curatives<\/em><\/li>\n<li><em>Monast\u00e8re Vert \u2013 Un ancien monast\u00e8re qui attire de nombreux invit\u00e9s et p\u00e8lerins<\/em><\/li>\n<li><em>Forteresse de Rabati &#8211; Citadelle du IXe si\u00e8cle, qui a conserv\u00e9 des exemples architecturaux europ\u00e9ens et asiatiques.<\/em><\/li>\n<li><em>Forteresse de Khertvissi &#8211; La plus ancienne forteresse du Moyen \u00c2ge g\u00e9orgien, situ\u00e9e sur le site de l&rsquo;une des premi\u00e8res grandes villes de l&rsquo;ancienne G\u00e9orgie.<\/em><\/li>\n<li><em>Vardzia &#8211; Un complexe rocheux artificiel symbole de l&rsquo;\u00e2ge d&rsquo;or de la G\u00e9orgie et du r\u00e8gne de la reine Tamara.<\/em><\/li>\n<\/ul>\n<div class=\"QcsUad BDJ8fb BLojaf sMVRZe hCXDsb wneUed\">\n<div class=\"usGWQd\">\n<div class=\"KkbLmb\">\n<div class=\"lRu31\" dir=\"ltr\"><em><strong>D\u00e9tails organisationnels :<\/strong><\/em><\/div>\n<\/div>\n<\/div>\n<\/div>\n<div dir=\"ltr\">\n<div class=\"lRu31\" dir=\"ltr\">\n<div dir=\"ltr\">\n<div class=\"lRu31\" dir=\"ltr\">\n<ul>\n<li><span style=\"color: #000000;\"><em>Prix des excursions <\/em><em>d\u00e9pend du nombre de personnes et varie(\u00b1) <span style=\"color: #ff0000;\">de 30 USD \u00e0 45 USD.<\/span><\/em><\/span><\/li>\n<li><span style=\"color: #000000;\"><em>Le co\u00fbt de chaque excursion est discut\u00e9 individuellement.<\/em><\/span><\/li>\n<li><span style=\"color: #000000;\"><em>Pour plus d\u2019informations, n\u2019h\u00e9sitez pas appeler ou \u00e9crire\u00a0\u00a0<span style=\"color: #ff0000;\"><strong>Viber\/WhatsApp\u00a0+995 599 25 65 19<\/strong>\u00a0<\/span>\u00a0ou par courrier:\u00a0<span style=\"color: #ff0000;\"><a style=\"color: #ff0000;\" href=\"mailto:info@georgiavoyage.ge\"><strong>info@georgiavoyage.ge<\/strong>\u00a0\u00a0<\/a><\/span><\/em><\/span><\/li>\n<li><span style=\"color: #ff0000;\"><em>La dur\u00e9e de l&rsquo;excursion d\u00e9pend de vous (elle dure en moyenne de 8 \u00e0 10 heures)<\/em><\/span><\/li>\n<li><span style=\"color: #ff0000;\"><em>*Horaires de circuit : sur demande.<\/em><\/span><\/li>\n<\/ul>\n<table width=\"538\">\n<tbody>\n<tr>\n<td width=\"177\"><span style=\"color: #000000;\"><em>Nombre de personnes<\/em><\/span><\/td>\n<td width=\"76\"><span style=\"color: #000000;\"><em>\u00a0 1-3 per<\/em><\/span><\/td>\n<td width=\"94\"><span style=\"color: #000000;\"><em>\u00a0\u00a0\u00a0 4-8 per<\/em><\/span><\/td>\n<td width=\"95\"><span style=\"color: #000000;\"><em>\u00a0 \u00a09-19 per<\/em><\/span><\/td>\n<td width=\"96\"><span style=\"color: #000000;\"><em>\u00a020-40 per<\/em><\/span><\/td>\n<\/tr>\n<tr>\n<td width=\"177\"><span style=\"color: #000000;\"><em>Mode de transport<\/em><\/span><\/td>\n<td width=\"76\"><span style=\"color: #000000;\"><em>\u00a0Berline<\/em><\/span><\/td>\n<td width=\"94\"><span style=\"color: #000000;\"><em>\u00a0 Minivan<\/em><\/span><\/td>\n<td width=\"95\"><span style=\"color: #000000;\"><em>\u00a0 \u00a0Minibus<\/em><\/span><\/td>\n<td width=\"96\"><span style=\"color: #000000;\"><em>\u00a0 Autobus<\/em><\/span><\/td>\n<\/tr>\n<\/tbody>\n<\/table>\n<\/div>\n<\/div>\n<div dir=\"ltr\"><\/div>\n<\/div>\n<\/div>\n","protected":false},"excerpt":{"rendered":"<p>Description de l&rsquo;excursion Une excursion d&rsquo;une journ\u00e9e dans l&rsquo;une des plus belles r\u00e9gions de G\u00e9orgie &#8211; Samtskh\u00e9-Djavakh\u00e9tie vous fera d\u00e9couvrir des attractions compl\u00e8tement diff\u00e9rentes, dont chacune r\u00e9v\u00e8le \u00e0 sa mani\u00e8re la richesse historique et naturelle de cette r\u00e9gion. Vous apprendrez beaucoup de choses int\u00e9ressantes non seulement sur les points visit\u00e9s inclus dans le programme, mais [&hellip;]<\/p>\n","protected":false},"featured_media":18970,"template":"","meta":[],"product_brand":[],"product_cat":[241],"product_tag":[],"class_list":{"0":"post-14504","1":"product","2":"type-product","3":"status-publish","4":"has-post-thumbnail","6":"product_cat-days-tours-fr","8":"first","9":"instock","10":"shipping-taxable","11":"purchasable","12":"product-type-ovabrw_car_rental"},"_links":{"self":[{"href":"https:\/\/georgiavoyage.ge\/fr\/wp-json\/wp\/v2\/product\/14504","targetHints":{"allow":["GET"]}}],"collection":[{"href":"https:\/\/georgiavoyage.ge\/fr\/wp-json\/wp\/v2\/product"}],"about":[{"href":"https:\/\/georgiavoyage.ge\/fr\/wp-json\/wp\/v2\/types\/product"}],"version-history":[{"count":1,"href":"https:\/\/georgiavoyage.ge\/fr\/wp-json\/wp\/v2\/product\/14504\/revisions"}],"predecessor-version":[{"id":34764,"href":"https:\/\/georgiavoyage.ge\/fr\/wp-json\/wp\/v2\/product\/14504\/revisions\/34764"}],"wp:featuredmedia":[{"embeddable":true,"href":"https:\/\/georgiavoyage.ge\/fr\/wp-json\/wp\/v2\/media\/18970"}],"wp:attachment":[{"href":"https:\/\/georgiavoyage.ge\/fr\/wp-json\/wp\/v2\/media?parent=14504"}],"wp:term":[{"taxonomy":"product_brand","embeddable":true,"href":"https:\/\/georgiavoyage.ge\/fr\/wp-json\/wp\/v2\/product_brand?post=14504"},{"taxonomy":"product_cat","embeddable":true,"href":"https:\/\/georgiavoyage.ge\/fr\/wp-json\/wp\/v2\/product_cat?post=14504"},{"taxonomy":"product_tag","embeddable":true,"href":"https:\/\/georgiavoyage.ge\/fr\/wp-json\/wp\/v2\/product_tag?post=14504"}],"curies":[{"name":"wp","href":"https:\/\/api.w.org\/{rel}","templated":true}]}}