{"id":14508,"date":"2024-08-24T02:00:51","date_gmt":"2024-08-23T22:00:51","guid":{"rendered":"https:\/\/georgiavoyage.web-reflection.com\/tours\/one-day-tour-dmanisi\/"},"modified":"2025-09-03T19:10:00","modified_gmt":"2025-09-03T15:10:00","slug":"one-day-tour-dmanisi","status":"publish","type":"product","link":"https:\/\/georgiavoyage.ge\/fr\/product\/one-day-tour-dmanisi\/","title":{"rendered":"CIRCUIT D\u2019UNE JOURN\u00c9E &#8211; DMANISSI"},"content":{"rendered":"<p><strong><em>Description de l&rsquo;excursion<\/em><\/strong><\/p>\n<p><em>R\u00e9gion du Basse (Kvemo) Kartlie\u2013 L&rsquo;un des centres culturels importants de G\u00e9orgie, poss\u00e9dant l&rsquo;une des histoires arch\u00e9ologiques les plus anciennes au monde. Dans les temps anciens, elle jouait un r\u00f4le important dans la vie politique, \u00e9conomique et culturelle de la G\u00e9orgie. Dans les villes qui \u00e9taient alors d\u2019importants centres militaro-politiques, le commerce et l\u2019artisanat prosp\u00e9raient. L&rsquo;une des preuves de la prosp\u00e9rit\u00e9 de l&rsquo;ancienne Kartlie r\u00e9side dans ses monuments architecturaux.<\/em><\/p>\n<p><em>La r\u00e9gion s&rsquo;appelait auparavant Trialetie, ce qui est inextricablement li\u00e9 non seulement \u00e0 l&rsquo;histoire du pays depuis l&rsquo;Antiquit\u00e9, mais aussi \u00e0 l&rsquo;histoire de toute l&rsquo;humanit\u00e9. C&rsquo;est ici, lors de fouilles, que furent d\u00e9couverts les cinq squelettes d&rsquo;hominid\u00e9s les plus anciens d&rsquo;Europe, attribu\u00e9s \u00e0 l&rsquo;esp\u00e8ce Homo Georgicus, \u00e2g\u00e9s d&rsquo;environ 1 800 000 ans, et c&rsquo;est ici que furent d\u00e9couverts les restes de r\u00e9cipients en argile contenant des p\u00e9pins de raisins cultiv\u00e9s, remontant \u00e0 l&rsquo;\u00e9poque 6\u00e8me mill\u00e9naire avant JC, qui a permis aux scientifiques de parler de la G\u00e9orgie comme du berceau de la vinification.<\/em><\/p>\n<p><em>Dans le cadre de l&rsquo;excursion, vous visiterez la forteresse de Tsurtavi, une combinaison de patrimoine historique et de charme moderne.\u00a0Perdue au ciel, l&rsquo;\u00e9glise des Saints Pierre et Paul au sommet du mont Elia, impr\u00e9gn\u00e9e de l&rsquo;esprit de foi et de puissance. La ville de Bolnisi, aussi connue sous le nom de Katharinenfeld, elle est \u00e9galement connue sous le nom de Luxembourg, c&rsquo;est aussi&#8230;&#8230; une ville qui n&rsquo;existe pas. Bolnisi Sioni, un monument du patrimoine culturel et un symbole de la nation. L&rsquo;\u00e9glise Tsugrugasheni, une oasis myst\u00e9rieuse au milieu des montagnes, pleine de l\u00e9gendes et de secrets. Les restes des peuples anciens de Dmanisi datent d\u2019environ 1,8 million d\u2019ann\u00e9es et constituent un moment cl\u00e9 de l\u2019arch\u00e9ologie et de l\u2019anthropologie mondiales. Dmanisi Sioni &#8211; la beaut\u00e9 fig\u00e9e dans la pierre.<\/em><\/p>\n<p><strong><em>Attractions visit\u00e9es:<\/em><\/strong><\/p>\n<ul>\n<li><em>Forteresse de Tsourtavi &#8211; dont l&rsquo;histoire remonte \u00e0 un pass\u00e9 lointain ;<\/em><\/li>\n<li><em>\u00c9glise des Saints Pierre et Paul &#8211; Une v\u00e9ritable oasis de calme et d&rsquo;harmonie spirituelle ;<\/em><\/li>\n<li><em>La ville de Bolnissi, \u00e9galement connue sous le nom de Katharinenfeld &#8211; une colonie fond\u00e9e par des colons allemands ;<\/em><\/li>\n<li><em>Sioni de Bolnissi &#8211; un temple unique dont les murs en pierre pr\u00e9servent l&rsquo;histoire du peuple ;<\/em><\/li>\n<li><em>\u00c9glise Tsougrougacheni \u2013 Situ\u00e9e dans une gorge isol\u00e9e et attirante par son atmosph\u00e8re de myst\u00e8re ;<\/em><\/li>\n<li><em>Dmanisi &#8211; Une ville racontant l&rsquo;antiquit\u00e9 et le myst\u00e8re de l&rsquo;origine de l&rsquo;humanit\u00e9 ;<\/em><\/li>\n<li><em>Sioni de Dmanissi\u00a0 &#8211; Un miracle architectural et un site religieux important.<\/em><\/li>\n<\/ul>\n<div class=\"QcsUad BDJ8fb BLojaf sMVRZe hCXDsb wneUed\">\n<div class=\"usGWQd\">\n<div class=\"KkbLmb\">\n<div class=\"lRu31\" dir=\"ltr\"><em><strong>D\u00e9tails organisationnels :<\/strong><\/em><\/div>\n<\/div>\n<\/div>\n<\/div>\n<div dir=\"ltr\">\n<div class=\"lRu31\" dir=\"ltr\">\n<ul>\n<li><span style=\"color: #000000;\"><em>Prix des excursions <\/em><em>d\u00e9pend du nombre de personnes et varie(\u00b1) <span style=\"color: #ff0000;\">de 20 USD \u00e0 40 USD.<\/span><\/em><\/span><\/li>\n<li><span style=\"color: #000000;\"><em>Le co\u00fbt de chaque excursion est discut\u00e9 individuellement.<\/em><\/span><\/li>\n<li><span style=\"color: #000000;\"><em>Pour plus d\u2019informations, n\u2019h\u00e9sitez pas appeler ou \u00e9crire\u00a0\u00a0<span style=\"color: #ff0000;\">Viber\/WhatsApp\u00a0+995 599 25 65 19\u00a0<\/span>\u00a0ou par courrier:\u00a0<span style=\"color: #ff0000;\"><a style=\"color: #ff0000;\" href=\"mailto:info@georgiavoyage.ge\">info@georgiavoyage.ge\u00a0\u00a0<\/a><\/span><\/em><\/span><\/li>\n<li><span style=\"color: #ff0000;\"><em>La dur\u00e9e de l&rsquo;excursion d\u00e9pend de vous (elle dure en moyenne de 8 \u00e0 10 heures)<\/em><\/span><\/li>\n<li><span style=\"color: #ff0000;\"><em>*Horaires de circuit : sur demande.<\/em><\/span><\/li>\n<\/ul>\n<table width=\"538\">\n<tbody>\n<tr>\n<td width=\"177\"><span style=\"color: #000000;\"><em>Nombre de personnes<\/em><\/span><\/td>\n<td width=\"76\"><span style=\"color: #000000;\"><em>\u00a0 1-3 per<\/em><\/span><\/td>\n<td width=\"94\"><span style=\"color: #000000;\"><em>\u00a0\u00a0\u00a0 4-8 per<\/em><\/span><\/td>\n<td width=\"95\"><span style=\"color: #000000;\"><em>\u00a0 \u00a09-19 per<\/em><\/span><\/td>\n<td width=\"96\"><span style=\"color: #000000;\"><em>\u00a020-40 per<\/em><\/span><\/td>\n<\/tr>\n<tr>\n<td width=\"177\"><span style=\"color: #000000;\"><em>Mode de transport<\/em><\/span><\/td>\n<td width=\"76\"><span style=\"color: #000000;\"><em>\u00a0Berline<\/em><\/span><\/td>\n<td width=\"94\"><span style=\"color: #000000;\"><em>\u00a0 Minivan<\/em><\/span><\/td>\n<td width=\"95\"><span style=\"color: #000000;\"><em>\u00a0 \u00a0Minibus<\/em><\/span><\/td>\n<td width=\"96\"><span style=\"color: #000000;\"><em>\u00a0 Autobus<\/em><\/span><\/td>\n<\/tr>\n<\/tbody>\n<\/table>\n<\/div>\n<\/div>\n<div dir=\"ltr\">\n<div class=\"lRu31\" dir=\"ltr\">\n<p>&nbsp;<\/p>\n<\/div>\n<\/div>\n","protected":false},"excerpt":{"rendered":"<p>Description de l&rsquo;excursion R\u00e9gion du Basse (Kvemo) Kartlie\u2013 L&rsquo;un des centres culturels importants de G\u00e9orgie, poss\u00e9dant l&rsquo;une des histoires arch\u00e9ologiques les plus anciennes au monde. Dans les temps anciens, elle jouait un r\u00f4le important dans la vie politique, \u00e9conomique et culturelle de la G\u00e9orgie. Dans les villes qui \u00e9taient alors d\u2019importants centres militaro-politiques, le commerce [&hellip;]<\/p>\n","protected":false},"featured_media":29175,"template":"","meta":[],"product_brand":[],"product_cat":[241],"product_tag":[],"class_list":{"0":"post-14508","1":"product","2":"type-product","3":"status-publish","4":"has-post-thumbnail","6":"product_cat-days-tours-fr","8":"first","9":"instock","10":"shipping-taxable","11":"purchasable","12":"product-type-ovabrw_car_rental"},"_links":{"self":[{"href":"https:\/\/georgiavoyage.ge\/fr\/wp-json\/wp\/v2\/product\/14508","targetHints":{"allow":["GET"]}}],"collection":[{"href":"https:\/\/georgiavoyage.ge\/fr\/wp-json\/wp\/v2\/product"}],"about":[{"href":"https:\/\/georgiavoyage.ge\/fr\/wp-json\/wp\/v2\/types\/product"}],"version-history":[{"count":1,"href":"https:\/\/georgiavoyage.ge\/fr\/wp-json\/wp\/v2\/product\/14508\/revisions"}],"predecessor-version":[{"id":34767,"href":"https:\/\/georgiavoyage.ge\/fr\/wp-json\/wp\/v2\/product\/14508\/revisions\/34767"}],"wp:featuredmedia":[{"embeddable":true,"href":"https:\/\/georgiavoyage.ge\/fr\/wp-json\/wp\/v2\/media\/29175"}],"wp:attachment":[{"href":"https:\/\/georgiavoyage.ge\/fr\/wp-json\/wp\/v2\/media?parent=14508"}],"wp:term":[{"taxonomy":"product_brand","embeddable":true,"href":"https:\/\/georgiavoyage.ge\/fr\/wp-json\/wp\/v2\/product_brand?post=14508"},{"taxonomy":"product_cat","embeddable":true,"href":"https:\/\/georgiavoyage.ge\/fr\/wp-json\/wp\/v2\/product_cat?post=14508"},{"taxonomy":"product_tag","embeddable":true,"href":"https:\/\/georgiavoyage.ge\/fr\/wp-json\/wp\/v2\/product_tag?post=14508"}],"curies":[{"name":"wp","href":"https:\/\/api.w.org\/{rel}","templated":true}]}}