{"id":14511,"date":"2024-08-24T03:20:46","date_gmt":"2024-08-23T23:20:46","guid":{"rendered":"https:\/\/georgiavoyage.web-reflection.com\/tours\/one-day-tour-betania\/"},"modified":"2025-09-03T19:02:40","modified_gmt":"2025-09-03T15:02:40","slug":"one-day-tour-betania","status":"publish","type":"product","link":"https:\/\/georgiavoyage.ge\/fr\/product\/one-day-tour-betania\/","title":{"rendered":"CIRCUIT D\u2019UNE JOURN\u00c9E &#8211; B\u00c9THANIE"},"content":{"rendered":"<p><strong><em>Pr\u00e9sentation de la th\u00e9matique du tour guid\u00e9\u00a0<\/em><\/strong><\/p>\n<p><em>Les environs de Tbilissi sont riches en attractions cr\u00e9\u00e9es par la nature et la main de l&rsquo;homme. La zone montagneuse du Trialetie, adjacente \u00e0 Tbilissi, entre dans cette cat\u00e9gorie. Ses racines anciennes, repr\u00e9sent\u00e9es par des d\u00e9couvertes arch\u00e9ologiques, t\u00e9moignent de la riche histoire de ce lieu. Entour\u00e9e de for\u00eats de pins, elle offre non seulement de magnifiques paysages naturels, mais aussi un climat b\u00e9n\u00e9fique, propice \u00e0 la sant\u00e9 et \u00e0 la d\u00e9tente.<\/em><\/p>\n<p><em>Un voyage passionnant dans le pass\u00e9, dans la G\u00e9orgie m\u00e9di\u00e9vale. Ces lieux incarnent l&rsquo;esprit de l&rsquo;\u00e2ge d&rsquo;or de la G\u00e9orgie et offrent une \u00e9tonnante combinaison d&rsquo;histoire, d&rsquo;architecture et de spiritualit\u00e9.Le monast\u00e8re d&rsquo;Oudzo &#8211; avec une l\u00e9gende inhabituelle et des rituels religieux, la majestueuse forteresse de Kodjori &#8211; l&rsquo;incarnation de l&rsquo;histoire et de la beaut\u00e9 naturelle, le m\u00e9morial des Junkers &#8211; soulignant leur courage et leur h\u00e9ro\u00efsme, le monast\u00e8re de B\u00e9tanie &#8211; un tr\u00e9sor architectural et t\u00e9moin de traditions s\u00e9culaires, Mtatsminda &#8211; une oasis de nature et de tranquillit\u00e9.<\/em><\/p>\n<p><strong><em>Attractions visit\u00e9es:<\/em><\/strong><\/p>\n<ul>\n<li><em>Monast\u00e8re d&rsquo;Ouzo &#8211; o\u00f9 les saintes reliques de Jean Chrysostome apportent gu\u00e9rison et consolation aux croyants;<\/em><\/li>\n<li><em>Forteresse de Kodjori &#8211; Une forteresse historique fascinante par son architecture et son atmosph\u00e8re du pass\u00e9;<\/em><\/li>\n<li><em>M\u00e9morial des Junkers &#8211; Monument aux jeunes h\u00e9ros qui ont donn\u00e9 leur vie pour l&rsquo;ind\u00e9pendance de la G\u00e9orgie;<\/em><\/li>\n<li><em>Monast\u00e8re de Betanie &#8211; Attirant les amateurs d&rsquo;architecture ancienne et les connaisseurs d&rsquo;iconographie;<\/em><\/li>\n<li><em>Sioni de Manglissi\u00a0 &#8211; Cath\u00e9drale o\u00f9 fut longtemps conserv\u00e9 le clou du Seigneur;<\/em><\/li>\n<li><em>Le mont Mtatsminda &#8211; le symbole de Tbilissi, la \u00abmontagne sainte\u00bb, sur laquelle circulent de nombreuses l\u00e9gendes.<\/em><\/li>\n<\/ul>\n<div class=\"QcsUad BDJ8fb BLojaf sMVRZe hCXDsb wneUed\">\n<div class=\"usGWQd\">\n<div class=\"KkbLmb\">\n<div class=\"lRu31\" dir=\"ltr\"><em><strong>D\u00e9tails organisationnels :<\/strong><\/em><\/div>\n<\/div>\n<\/div>\n<\/div>\n<div dir=\"ltr\">\n<div class=\"lRu31\" dir=\"ltr\">\n<ul>\n<li><span style=\"color: #000000;\"><em>Prix des excursions <\/em><em>d\u00e9pend du nombre de personnes et varie(\u00b1) <span style=\"color: #ff0000;\">de 20 USD \u00e0 40 USD.<\/span><\/em><\/span><\/li>\n<li><span style=\"color: #000000;\"><em>Le co\u00fbt de chaque excursion est discut\u00e9 individuellement.<\/em><\/span><\/li>\n<li><span style=\"color: #000000;\"><em>Pour plus d\u2019informations, n\u2019h\u00e9sitez pas appeler ou \u00e9crire\u00a0\u00a0<span style=\"color: #ff0000;\"><strong>Viber\/WhatsApp\u00a0+995 599 25 65 19<\/strong>\u00a0<\/span> ou par courrier:\u00a0 <span style=\"color: #ff0000;\"><a style=\"color: #ff0000;\" href=\"mailto:info@georgiavoyage.ge\"><strong>info@georgiavoyage.ge<\/strong><\/a><\/span><a href=\"mailto:info@georgiavoyage.ge\"><strong><img decoding=\"async\" class=\"\" src=\"\/wp-content\/uploads\/2024\/08\/Pointer.png\" width=\"23\" height=\"23\" \/><\/strong><\/a><\/em><\/span><\/li>\n<li><em>La dur\u00e9e de l&rsquo;excursion d\u00e9pend de vous (elle dure en moyenne de 8 \u00e0 10 heures)\u00a0<\/em><\/li>\n<li><span style=\"color: #ff0000;\"><em>*Horaires de circuit : sur demande.<\/em><\/span><\/li>\n<\/ul>\n<table width=\"538\">\n<tbody>\n<tr>\n<td width=\"177\"><span style=\"color: #000000;\"><em>Nombre de personnes<\/em><\/span><\/td>\n<td width=\"76\"><span style=\"color: #000000;\"><em>\u00a0 1-3 per<\/em><\/span><\/td>\n<td width=\"94\"><span style=\"color: #000000;\"><em>\u00a0\u00a0\u00a0 4-8 per<\/em><\/span><\/td>\n<td width=\"95\"><span style=\"color: #000000;\"><em>\u00a0 \u00a09-19 per<\/em><\/span><\/td>\n<td width=\"96\"><span style=\"color: #000000;\"><em>\u00a020-40 per<\/em><\/span><\/td>\n<\/tr>\n<tr>\n<td width=\"177\"><span style=\"color: #000000;\"><em>Mode de transport<\/em><\/span><\/td>\n<td width=\"76\"><span style=\"color: #000000;\"><em>\u00a0Berline<\/em><\/span><\/td>\n<td width=\"94\"><span style=\"color: #000000;\"><em>\u00a0 Minivan<\/em><\/span><\/td>\n<td width=\"95\"><span style=\"color: #000000;\"><em>\u00a0 \u00a0Minibus<\/em><\/span><\/td>\n<td width=\"96\"><span style=\"color: #000000;\"><em>\u00a0 Autobus<\/em><\/span><\/td>\n<\/tr>\n<\/tbody>\n<\/table>\n<\/div>\n<\/div>\n","protected":false},"excerpt":{"rendered":"<p>Pr\u00e9sentation de la th\u00e9matique du tour guid\u00e9\u00a0 Les environs de Tbilissi sont riches en attractions cr\u00e9\u00e9es par la nature et la main de l&rsquo;homme. La zone montagneuse du Trialetie, adjacente \u00e0 Tbilissi, entre dans cette cat\u00e9gorie. Ses racines anciennes, repr\u00e9sent\u00e9es par des d\u00e9couvertes arch\u00e9ologiques, t\u00e9moignent de la riche histoire de ce lieu. Entour\u00e9e de for\u00eats [&hellip;]<\/p>\n","protected":false},"featured_media":27913,"template":"","meta":[],"product_brand":[],"product_cat":[241],"product_tag":[],"class_list":{"0":"post-14511","1":"product","2":"type-product","3":"status-publish","4":"has-post-thumbnail","6":"product_cat-days-tours-fr","8":"first","9":"instock","10":"shipping-taxable","11":"purchasable","12":"product-type-ovabrw_car_rental"},"_links":{"self":[{"href":"https:\/\/georgiavoyage.ge\/fr\/wp-json\/wp\/v2\/product\/14511","targetHints":{"allow":["GET"]}}],"collection":[{"href":"https:\/\/georgiavoyage.ge\/fr\/wp-json\/wp\/v2\/product"}],"about":[{"href":"https:\/\/georgiavoyage.ge\/fr\/wp-json\/wp\/v2\/types\/product"}],"version-history":[{"count":1,"href":"https:\/\/georgiavoyage.ge\/fr\/wp-json\/wp\/v2\/product\/14511\/revisions"}],"predecessor-version":[{"id":34761,"href":"https:\/\/georgiavoyage.ge\/fr\/wp-json\/wp\/v2\/product\/14511\/revisions\/34761"}],"wp:featuredmedia":[{"embeddable":true,"href":"https:\/\/georgiavoyage.ge\/fr\/wp-json\/wp\/v2\/media\/27913"}],"wp:attachment":[{"href":"https:\/\/georgiavoyage.ge\/fr\/wp-json\/wp\/v2\/media?parent=14511"}],"wp:term":[{"taxonomy":"product_brand","embeddable":true,"href":"https:\/\/georgiavoyage.ge\/fr\/wp-json\/wp\/v2\/product_brand?post=14511"},{"taxonomy":"product_cat","embeddable":true,"href":"https:\/\/georgiavoyage.ge\/fr\/wp-json\/wp\/v2\/product_cat?post=14511"},{"taxonomy":"product_tag","embeddable":true,"href":"https:\/\/georgiavoyage.ge\/fr\/wp-json\/wp\/v2\/product_tag?post=14511"}],"curies":[{"name":"wp","href":"https:\/\/api.w.org\/{rel}","templated":true}]}}