{"id":14516,"date":"2024-08-24T03:25:50","date_gmt":"2024-08-23T23:25:50","guid":{"rendered":"https:\/\/georgiavoyage.web-reflection.com\/tours\/one-day-tour-mtskheta\/"},"modified":"2025-09-08T17:53:59","modified_gmt":"2025-09-08T13:53:59","slug":"one-day-tour-mtskheta","status":"publish","type":"product","link":"https:\/\/georgiavoyage.ge\/fr\/product\/one-day-tour-mtskheta\/","title":{"rendered":"CIRCUIT D\u2019UNE JOURN\u00c9E \u2013 MTSKH\u00c9TA"},"content":{"rendered":"<p><em><strong>Description de l&rsquo;excursion<\/strong><\/em><\/p>\n<p><em>La question de la date exacte de fondation de la ville de Mtskh\u00e9ta reste l&rsquo;objet de recherches historiques et arch\u00e9ologiques. Selon de nombreuses sources et artefacts, les premi\u00e8res colonies sur ce territoire sont apparues \u00e0 l&rsquo;\u00e2ge du bronze. Cependant, les preuves historiques sont rares en raison du manque d\u2019artefacts \u00e9crits de cette p\u00e9riode. Cependant, les d\u00e9couvertes arch\u00e9ologiques d\u00e9montrent la pr\u00e9sence de colonies dans cette zone bien avant l&rsquo;apparition de Mtskh\u00e9ta moderne.<\/em><\/p>\n<p><em>Les \u00e9v\u00e9nements historiques et les facteurs \u00e0 l\u2019origine de la fondation de la capitale de l\u2019ancien royaume ib\u00e9rique, Mtskh\u00e9ta, sont li\u00e9s \u00e0 sa situation strat\u00e9gique au carrefour des routes commerciales et des \u00e9v\u00e9nements politiques importants. En raison de sa situation g\u00e9ographique, Mtskh\u00e9ta a jou\u00e9 un r\u00f4le cl\u00e9 dans l\u2019histoire de la G\u00e9orgie en tant que centre culturel, religieux et politique. <strong>L&rsquo;un des \u00e9v\u00e9nements de l&rsquo;histoire de Mtskh\u00e9ta fut l&rsquo;adoption du christianisme en G\u00e9orgie au IVe si\u00e8cle.<\/strong><\/em><\/p>\n<p><em>Au cours d&rsquo;une excursion d&rsquo;une journ\u00e9e, vous visiterez le tr\u00e9sor de l&rsquo;histoire et de la culture g\u00e9orgienne. L&rsquo;histoire du royaume ib\u00e9rique s&rsquo;est d\u00e9roul\u00e9e ici, d&rsquo;anciens temples ont \u00e9t\u00e9 construits et plus tard les premi\u00e8res cath\u00e9drales chr\u00e9tiennes ont \u00e9t\u00e9 \u00e9rig\u00e9es. Une promenade fascinante vous attend \u00e0 travers les lieux sacr\u00e9s de la ville-r\u00e9serve de Mtskh\u00e9ta, inscrite sur la liste du patrimoine mondial de l&rsquo;UNESCO, un village dont les habitants parlent la langue de J\u00e9sus-Christ et l&rsquo;ancienne Dzalisi &#8211; l&rsquo;un des sites arch\u00e9ologiques les plus importants de G\u00e9orgie.<\/em><\/p>\n<p><em><strong>Attractions visit\u00e9es:<\/strong><\/em><\/p>\n<ul>\n<li><em>Le monast\u00e8re de Djvari &#8211; un lieu sacr\u00e9 et l&rsquo;un des symboles du pays ;<\/em><\/li>\n<li><em>Cath\u00e9drale Svetitskhoveli &#8211; montrant la richesse du patrimoine culturel et spirituel de ce pays \u00e9tonnant ;<\/em><\/li>\n<li><em>Le monast\u00e8re de Samtavro &#8211; le lieu o\u00f9 vivait et pr\u00eachait sainte Nino, l&rsquo;\u00e9gale des ap\u00f4tres ;<\/em><\/li>\n<li><em>\u00c9glise d&rsquo;Antioche &#8211; construite sur le lieu saint du bapt\u00eame des G\u00e9orgiens ;<\/em><\/li>\n<li><em>Le monast\u00e8re Chio-Mgvim\u00e9 &#8211; un mod\u00e8le de richesse naturelle et de splendeur architecturale ;<\/em><\/li>\n<li><em>Le monast\u00e8re du village de Kanda &#8211; Pri\u00e8res dans la langue parl\u00e9e par J\u00e9sus-Christ ;<\/em><\/li>\n<li><em>Dzalissi &#8211; une ville ancienne qui r\u00e9v\u00e8le d&rsquo;anciens secrets aux visiteurs.<\/em><\/li>\n<\/ul>\n<div dir=\"ltr\">\n<div class=\"lRu31\" dir=\"ltr\">\n<div class=\"QcsUad BDJ8fb BLojaf sMVRZe hCXDsb wneUed\">\n<div class=\"usGWQd\">\n<div class=\"KkbLmb\">\n<div class=\"lRu31\" dir=\"ltr\"><em><strong>D\u00e9tails organisationnels :<\/strong><\/em><\/div>\n<\/div>\n<\/div>\n<\/div>\n<div dir=\"ltr\">\n<div class=\"lRu31\" dir=\"ltr\">\n<ul>\n<li><span style=\"color: #000000;\"><em>Prix des excursions <\/em><em>d\u00e9pend du nombre de personnes et varie(\u00b1) <span style=\"color: #ff0000;\">de 20 USD \u00e0 40 USD.<\/span><\/em><\/span><\/li>\n<li><span style=\"color: #000000;\"><em>Le co\u00fbt de chaque excursion est discut\u00e9 individuellement.<\/em><\/span><\/li>\n<li><span style=\"color: #000000;\"><em>Pour plus d\u2019informations, n\u2019h\u00e9sitez pas appeler ou \u00e9crire\u00a0\u00a0<span style=\"color: #ff0000;\">Viber\/WhatsApp\u00a0+995 599 25 65 19\u00a0<\/span>\u00a0ou par courrier:\u00a0<span style=\"color: #ff0000;\"><a style=\"color: #ff0000;\" href=\"mailto:info@georgiavoyage.ge\">info@georgiavoyage.ge\u00a0\u00a0<\/a><\/span><\/em><\/span><\/li>\n<li><span style=\"color: #ff0000;\"><em>La dur\u00e9e de l&rsquo;excursion d\u00e9pend de vous (elle dure en moyenne de 8 \u00e0 10 heures)<\/em><\/span><\/li>\n<li><span style=\"color: #ff0000;\"><em>*Horaires de circuit : sur demande.<\/em><\/span><\/li>\n<\/ul>\n<table width=\"538\">\n<tbody>\n<tr>\n<td width=\"177\"><span style=\"color: #000000;\"><em>Nombre de personnes<\/em><\/span><\/td>\n<td width=\"76\"><span style=\"color: #000000;\"><em>\u00a0 1-3 per<\/em><\/span><\/td>\n<td width=\"94\"><span style=\"color: #000000;\"><em>\u00a0\u00a0\u00a0 4-8 per<\/em><\/span><\/td>\n<td width=\"95\"><span style=\"color: #000000;\"><em>\u00a0 \u00a09-19 per<\/em><\/span><\/td>\n<td width=\"96\"><span style=\"color: #000000;\"><em>\u00a020-40 per<\/em><\/span><\/td>\n<\/tr>\n<tr>\n<td width=\"177\"><span style=\"color: #000000;\"><em>Mode de transport<\/em><\/span><\/td>\n<td width=\"76\"><span style=\"color: #000000;\"><em>\u00a0Berline<\/em><\/span><\/td>\n<td width=\"94\"><span style=\"color: #000000;\"><em>\u00a0 Minivan<\/em><\/span><\/td>\n<td width=\"95\"><span style=\"color: #000000;\"><em>\u00a0 \u00a0Minibus<\/em><\/span><\/td>\n<td width=\"96\"><span style=\"color: #000000;\"><em>\u00a0 Autobus<\/em><\/span><\/td>\n<\/tr>\n<\/tbody>\n<\/table>\n<\/div>\n<\/div>\n<\/div>\n<\/div>\n","protected":false},"excerpt":{"rendered":"<p>Description de l&rsquo;excursion La question de la date exacte de fondation de la ville de Mtskh\u00e9ta reste l&rsquo;objet de recherches historiques et arch\u00e9ologiques. Selon de nombreuses sources et artefacts, les premi\u00e8res colonies sur ce territoire sont apparues \u00e0 l&rsquo;\u00e2ge du bronze. Cependant, les preuves historiques sont rares en raison du manque d\u2019artefacts \u00e9crits de cette [&hellip;]<\/p>\n","protected":false},"featured_media":17762,"template":"","meta":[],"product_brand":[],"product_cat":[241,259],"product_tag":[],"class_list":{"0":"post-14516","1":"product","2":"type-product","3":"status-publish","4":"has-post-thumbnail","6":"product_cat-days-tours-fr","7":"product_cat-popular-tours-fr","9":"first","10":"instock","11":"shipping-taxable","12":"purchasable","13":"product-type-ovabrw_car_rental"},"_links":{"self":[{"href":"https:\/\/georgiavoyage.ge\/fr\/wp-json\/wp\/v2\/product\/14516","targetHints":{"allow":["GET"]}}],"collection":[{"href":"https:\/\/georgiavoyage.ge\/fr\/wp-json\/wp\/v2\/product"}],"about":[{"href":"https:\/\/georgiavoyage.ge\/fr\/wp-json\/wp\/v2\/types\/product"}],"version-history":[{"count":1,"href":"https:\/\/georgiavoyage.ge\/fr\/wp-json\/wp\/v2\/product\/14516\/revisions"}],"predecessor-version":[{"id":34758,"href":"https:\/\/georgiavoyage.ge\/fr\/wp-json\/wp\/v2\/product\/14516\/revisions\/34758"}],"wp:featuredmedia":[{"embeddable":true,"href":"https:\/\/georgiavoyage.ge\/fr\/wp-json\/wp\/v2\/media\/17762"}],"wp:attachment":[{"href":"https:\/\/georgiavoyage.ge\/fr\/wp-json\/wp\/v2\/media?parent=14516"}],"wp:term":[{"taxonomy":"product_brand","embeddable":true,"href":"https:\/\/georgiavoyage.ge\/fr\/wp-json\/wp\/v2\/product_brand?post=14516"},{"taxonomy":"product_cat","embeddable":true,"href":"https:\/\/georgiavoyage.ge\/fr\/wp-json\/wp\/v2\/product_cat?post=14516"},{"taxonomy":"product_tag","embeddable":true,"href":"https:\/\/georgiavoyage.ge\/fr\/wp-json\/wp\/v2\/product_tag?post=14516"}],"curies":[{"name":"wp","href":"https:\/\/api.w.org\/{rel}","templated":true}]}}