{"id":14520,"date":"2024-08-24T03:30:54","date_gmt":"2024-08-23T23:30:54","guid":{"rendered":"https:\/\/georgiavoyage.web-reflection.com\/tours\/one-day-tour-tbilisi\/"},"modified":"2025-09-03T18:51:23","modified_gmt":"2025-09-03T14:51:23","slug":"one-day-tour-tbilisi","status":"publish","type":"product","link":"https:\/\/georgiavoyage.ge\/fr\/product\/one-day-tour-tbilisi\/","title":{"rendered":"CIRCUIT D\u2019UNE JOURN\u00c9E &#8211; TBILISSI"},"content":{"rendered":"\t\t<div data-elementor-type=\"wp-post\" data-elementor-id=\"14520\" class=\"elementor elementor-14520 elementor-14518\">\n\t\t\t\t<div class=\"elementor-element elementor-element-3df694cd e-flex e-con-boxed e-con e-parent\" data-id=\"3df694cd\" data-element_type=\"container\">\n\t\t\t\t\t<div class=\"e-con-inner\">\n\t\t\t\t<div class=\"elementor-element elementor-element-56273084 elementor-widget elementor-widget-text-editor\" data-id=\"56273084\" data-element_type=\"widget\" data-widget_type=\"text-editor.default\">\n\t\t\t\t<div class=\"elementor-widget-container\">\n\t\t\t\t\t\t\t\t\t<h6><span style=\"text-decoration: underline; color: #000000;\">Tbilissi en une journ\u00e9e<\/span><\/h6><h6><span style=\"color: #000000;\"><em><span style=\"text-decoration: underline;\">L<\/span><\/em><em><span style=\"text-decoration: underline;\">es villes comme Tbilissi vous donnent envie d&rsquo;y revenir encore et encore, de d\u00e9couvrir de nouveaux itin\u00e9raires et d\u00e9tails dans l&rsquo;architecture de cette merveilleuse capitale. La ville offre une vari\u00e9t\u00e9 d&rsquo;excursions passionnantes qui peuvent faire d\u00e9couvrir aux visiteurs sa riche histoire, son architecture et sa culture. <\/span><\/em><em><span style=\"text-decoration: underline;\">Tbilissi n&rsquo;est pas seulement une ville avec de beaux paysages et une histoire riche, c&rsquo;est un endroit o\u00f9 vous serez accueilli avec un c\u0153ur ouvert et une hospitalit\u00e9 incroyable.<\/span><\/em><\/span><\/h6><h6 class=\"n4sEPd\"><span style=\"color: #000000;\"><em><span style=\"text-decoration: underline;\">Vous apprendrez comment les repr\u00e9sentants de diff\u00e9rentes nations et peuples ont v\u00e9cu en paix pendant de nombreux si\u00e8cles et quelle atmosph\u00e8re unique d&rsquo;ouverture et d&rsquo;hospitalit\u00e9 a r\u00e9gn\u00e9 \u00e0 Tbilissi pendant tout ce temps. Plongez dans le pass\u00e9 d&rsquo;une ville qui, malgr\u00e9 de nombreuses conqu\u00eates, a rena\u00eet de ses cendres, absorbant le meilleur de diff\u00e9rentes cultures. Si vous vous perdez dans les rues de Tbilissi, on vous aidera toujours et on vous indiquera le chemin, et le plus souvent, ils vous guideront eux-m\u00eames, vous offrant en chemin un petit tour de la ville.<\/span><\/em><\/span><\/h6><h6 class=\"n4sEPd\"><span style=\"color: #000000;\"><em><span style=\"text-decoration: underline;\">Vous vous familiariserez avec les \u00e9poques les plus importantes de la ville et d\u00e9couvrirez ses principales attractions. Derri\u00e8re chaque maison et chaque rue se cache une grande histoire, et des balcons pittoresques et des styles de fa\u00e7ade bizarres peignent l&rsquo;architecture unique de Tbilissi. <\/span><\/em><em><span style=\"text-decoration: underline;\">Vous traverserez des lieux qui ont \u00e9t\u00e9 admir\u00e9s et o\u00f9 des artistes c\u00e9l\u00e8bres ont cr\u00e9\u00e9 leurs \u0153uvres immortelles. Il est impossible de conna\u00eetre compl\u00e8tement la ville en une journ\u00e9e, mais vous pourrez certainement voir toutes les meilleures choses.<\/span><\/em><\/span><\/h6><h6 class=\"n4sEPd\"><span style=\"color: #000000;\"><em><span style=\"text-decoration: underline;\">Sites visit\u00e9s:<\/span><\/em><\/span><\/h6><ul><li><span style=\"color: #000000;\"><strong><span style=\"text-decoration: underline;\"><em>Cath\u00e9drale de Sameba &#8211; la principale \u00e9glise orthodoxe de G\u00e9orgie sur le mont Saint-\u00c9lie ;<\/em><\/span><\/strong><\/span><\/li><li><span style=\"color: #000000;\"><strong><span style=\"text-decoration: underline;\"><em>Le temple de Metekhi &#8211; connu de nombreux rebondissements, destructions et restaurations ;<\/em><\/span><\/strong><\/span><\/li><li><span style=\"color: #000000;\"><strong><span style=\"text-decoration: underline;\"><em>La forteresse de Narikala &#8211; \u00a0La forteresse imprenable construite en m\u00eame temps que la fondation de Tbilissi ;<\/em><\/span><\/strong><\/span><\/li><li><span style=\"color: #000000;\"><strong><span style=\"text-decoration: underline;\"><em>Rike Park &#8211; avec ses monuments Art Nouveau originaux et originaux ;<\/em><\/span><\/strong><\/span><\/li><li><span style=\"color: #000000;\"><strong><span style=\"text-decoration: underline;\"><em>Le Pont de la Paix &#8211; \u00a0une structure qui repr\u00e9sente le chemin menant du pass\u00e9 historique du pays \u00e0 son avenir meilleur ;<\/em><\/span><\/strong><\/span><\/li><li><span style=\"color: #000000;\"><strong><span style=\"text-decoration: underline;\"><em>La cath\u00e9drale de Sioni &#8211; \u00a0la gardienne de deux reliques sacr\u00e9es &#8211; la t\u00eate de l&rsquo;ap\u00f4tre Thomas et la croix de sainte Nino ;<\/em><\/span><\/strong><\/span><\/li><li><span style=\"color: #000000;\"><strong><span style=\"text-decoration: underline;\"><em>Abanotubani &#8211; \u00a0un quartier de la ville auquel est li\u00e9e l&rsquo;histoire de la fondation de la ville de Tbilissi ;<\/em><\/span><\/strong><\/span><\/li><li><span style=\"color: #000000;\"><strong><span style=\"text-decoration: underline;\"><em>Le canyon et la cascade de Legvtakhevi \u00a0&#8211; \u00a0une gorge naturelle pittoresque situ\u00e9e dans la vieille ville ;<\/em><\/span><\/strong><\/span><\/li><li><span style=\"color: #000000;\"><strong><span style=\"text-decoration: underline;\"><em>Mtatsminda &#8211; le point culminant de Tbilissi, d&rsquo;o\u00f9 l&rsquo;on peut voir toute la partie historique de la capitale g\u00e9orgienne ;<\/em><\/span><\/strong><\/span><\/li><li><span style=\"color: #000000;\"><strong><span style=\"text-decoration: underline;\"><em>\u00ab\u00a0Chronique de G\u00e9orgie\u00a0\u00bb (complexe comm\u00e9moratif) &#8211; d\u00e9di\u00e9 \u00e0 l&rsquo;histoire de la G\u00e9orgie et au r\u00f4le du christianisme dans le pays.<\/em><\/span><\/strong><\/span><\/li><\/ul><div><em><span style=\"color: #000000;\"><b><u>Detail organisationels:<\/u><\/b><\/span><\/em><\/div><div>\u00a0<\/div><div class=\"QcsUad BDJ8fb BLojaf sMVRZe hCXDsb wneUed\"><div class=\"usGWQd\"><div class=\"KkbLmb\"><p><strong><span style=\"text-decoration: underline;\"><em><span style=\"color: #000000; text-decoration: underline;\">Prix des excursions $ ( US Dollars)\u00a0<span style=\"color: #ff0000; text-decoration: underline;\">de 15 USD\u00a0<\/span><\/span><br \/><span style=\"color: #000000; text-decoration: underline;\">Le prix d\u00e9pend du nombre de personnes et varie(\u00b1) <span style=\"color: #ff0000; text-decoration: underline;\">de 15 USD \u00e0 25 USD.<\/span><\/span><br \/><span style=\"color: #000000; text-decoration: underline;\">Le prix comprend: Transport,\u00a0 Service de Guide qualifi\u00e9.<\/span><br \/><span style=\"color: #000000; text-decoration: underline;\">Le co\u00fbt de chaque excursion est discut\u00e9 individuellement.<\/span><br \/><span style=\"color: #000000; text-decoration: underline;\">Pour plus d\u2019informations, n\u2019h\u00e9sitez pas appeler<\/span> <span style=\"color: #000000; text-decoration: underline;\">ou \u00e9crire<\/span> <span style=\"color: #ff0000; text-decoration: underline;\">Viber\/WhatsApp +995 599 25 65 19<\/span>\u00a0 <span style=\"color: #000000; text-decoration: underline;\">ou par courrier: <\/span><\/em><\/span><span style=\"text-decoration: underline;\"><em><span style=\"color: #000000; text-decoration: underline;\"><span style=\"color: #ff0000; text-decoration: underline;\"><a style=\"color: #ff0000; text-decoration: underline;\" href=\"mailto:info@georgiavoyage.ge\">info@georgiavoyage.ge<\/a><\/span><\/span><\/em><\/span><span style=\"text-decoration: underline;\"><em><span style=\"color: #000000; text-decoration: underline;\"><a href=\"mailto:info@georgiavoyage.ge\"><img decoding=\"async\" class=\"\" src=\"\/wp-content\/uploads\/2024\/08\/Pointer.png\" width=\"23\" height=\"23\" \/><\/a><\/span><\/em><\/span><\/strong><\/p><p><strong><span style=\"text-decoration: underline; color: #ff0000;\"><em>Horaires de circuit: sur demande.<\/em><\/span><\/strong><\/p><\/div><p>\u00a0<\/p><div class=\"KkbLmb\"><div class=\"QcsUad BDJ8fb BLojaf sMVRZe hCXDsb wneUed\"><div class=\"usGWQd\"><div class=\"KkbLmb\"><div class=\"lRu31\" dir=\"ltr\"><table width=\"553\"><tbody><tr><td width=\"177\"><h6><span style=\"text-decoration: underline;\"><em>Nombre de personnes<\/em><\/span><\/h6><\/td><td width=\"76\"><h6><span style=\"text-decoration: underline;\"><em>\u00a0 1-3 per<\/em><\/span><\/h6><\/td><td width=\"94\"><h6><span style=\"text-decoration: underline;\"><em>\u00a0\u00a0\u00a0 4-8 per<\/em><\/span><\/h6><\/td><td width=\"95\"><h6><span style=\"text-decoration: underline;\"><em>\u00a0 \u00a09-19 per<\/em><\/span><\/h6><\/td><td width=\"111\"><h6><span style=\"text-decoration: underline;\"><em>\u00a0 \u00a020-40 per<\/em><\/span><\/h6><\/td><\/tr><tr><td width=\"177\"><h6><span style=\"text-decoration: underline;\"><em>Mode de transport<\/em><\/span><\/h6><\/td><td width=\"76\"><h6><span style=\"text-decoration: underline;\"><em>\u00a0Berline<\/em><\/span><\/h6><\/td><td width=\"94\"><h6><span style=\"text-decoration: underline;\"><em>\u00a0 Minivan<\/em><\/span><\/h6><\/td><td width=\"95\"><h6><span style=\"text-decoration: underline;\"><em>\u00a0 \u00a0Minibus<\/em><\/span><\/h6><\/td><td width=\"111\"><h6><span style=\"text-decoration: underline;\"><em>\u00a0 \u00a0\u00a0Autobus<\/em><\/span><\/h6><\/td><\/tr><\/tbody><\/table><\/div><\/div><\/div><\/div><div dir=\"ltr\"><div class=\"lRu31\" dir=\"ltr\"><h6>\u00a0<\/h6><\/div><\/div><\/div><\/div><\/div>\t\t\t\t\t\t\t\t<\/div>\n\t\t\t\t<\/div>\n\t\t\t\t\t<\/div>\n\t\t\t\t<\/div>\n\t\t\t\t<\/div>\n\t\t","protected":false},"excerpt":{"rendered":"<p>Tbilissi en une journ\u00e9e Les villes comme Tbilissi vous donnent envie d&rsquo;y revenir encore et encore, de d\u00e9couvrir de nouveaux itin\u00e9raires et d\u00e9tails dans l&rsquo;architecture de cette merveilleuse capitale. La ville offre une vari\u00e9t\u00e9 d&rsquo;excursions passionnantes qui peuvent faire d\u00e9couvrir aux visiteurs sa riche histoire, son architecture et sa culture. Tbilissi n&rsquo;est pas seulement une [&hellip;]<\/p>\n","protected":false},"featured_media":18812,"template":"","meta":[],"product_brand":[],"product_cat":[241],"product_tag":[],"class_list":{"0":"post-14520","1":"product","2":"type-product","3":"status-publish","4":"has-post-thumbnail","6":"product_cat-days-tours-fr","8":"first","9":"instock","10":"shipping-taxable","11":"purchasable","12":"product-type-ovabrw_car_rental"},"_links":{"self":[{"href":"https:\/\/georgiavoyage.ge\/fr\/wp-json\/wp\/v2\/product\/14520","targetHints":{"allow":["GET"]}}],"collection":[{"href":"https:\/\/georgiavoyage.ge\/fr\/wp-json\/wp\/v2\/product"}],"about":[{"href":"https:\/\/georgiavoyage.ge\/fr\/wp-json\/wp\/v2\/types\/product"}],"version-history":[{"count":1,"href":"https:\/\/georgiavoyage.ge\/fr\/wp-json\/wp\/v2\/product\/14520\/revisions"}],"predecessor-version":[{"id":34755,"href":"https:\/\/georgiavoyage.ge\/fr\/wp-json\/wp\/v2\/product\/14520\/revisions\/34755"}],"wp:featuredmedia":[{"embeddable":true,"href":"https:\/\/georgiavoyage.ge\/fr\/wp-json\/wp\/v2\/media\/18812"}],"wp:attachment":[{"href":"https:\/\/georgiavoyage.ge\/fr\/wp-json\/wp\/v2\/media?parent=14520"}],"wp:term":[{"taxonomy":"product_brand","embeddable":true,"href":"https:\/\/georgiavoyage.ge\/fr\/wp-json\/wp\/v2\/product_brand?post=14520"},{"taxonomy":"product_cat","embeddable":true,"href":"https:\/\/georgiavoyage.ge\/fr\/wp-json\/wp\/v2\/product_cat?post=14520"},{"taxonomy":"product_tag","embeddable":true,"href":"https:\/\/georgiavoyage.ge\/fr\/wp-json\/wp\/v2\/product_tag?post=14520"}],"curies":[{"name":"wp","href":"https:\/\/api.w.org\/{rel}","templated":true}]}}