{"id":14525,"date":"2024-08-23T05:13:12","date_gmt":"2024-08-23T01:13:12","guid":{"rendered":"https:\/\/georgiavoyage.web-reflection.com\/tours\/the-mystery-of-the-caves\/"},"modified":"2025-09-03T20:35:18","modified_gmt":"2025-09-03T16:35:18","slug":"classic-tour-the-mystery-of-the-caves","status":"publish","type":"product","link":"https:\/\/georgiavoyage.ge\/fr\/product\/classic-tour-the-mystery-of-the-caves\/","title":{"rendered":"CIRCUIT TH\u00c9MATIIQUE &#8211; LE MYST\u00c8RE DES GROTTES"},"content":{"rendered":"<p><strong><em>Pr\u00e9sentation de la th\u00e9matique du tour guid\u00e9\u00a0<\/em><\/strong><\/p>\n<p><em>L&rsquo;art de la construction de grottes en G\u00e9orgie, qui a une longue histoire, constitue une partie importante du patrimoine culturel unique du peuple g\u00e9orgien. En G\u00e9orgie, ce style de construction s&rsquo;est d\u00e9velopp\u00e9 dans des directions diff\u00e9rentes. Au prix d&rsquo;un travail titanesque, les chefs-d&rsquo;\u0153uvre grav\u00e9s dans la roche furent utilis\u00e9s non seulement \u00e0 des fins la\u00efques et religieuses, mais aussi \u00e0 des fins militaires, notamment de d\u00e9fense et d&rsquo;observation.<\/em><\/p>\n<p><em>De tout ce qui pr\u00e9c\u00e8de, il convient de noter qu&rsquo;en G\u00e9orgie, pays de hautes montagnes et de falaises rocheuses, un type particulier d&rsquo;art architectural s&rsquo;est d\u00e9velopp\u00e9 &#8211; des temples, des forteresses et m\u00eame des villes enti\u00e8res creus\u00e9es dans des monolithes rocheux. Les objets d&rsquo;une architecture aussi unique \u00e9taient la ville troglodyte d&rsquo;Ouplistsikh\u00e9, le complexe monastique de David Garedja et l&rsquo;\u00e9tonnante ville antique de Vardzia.<\/em><\/p>\n<p><em>En visitant les myst\u00e9rieuses structures des grottes, vous d\u00e9couvrirez des sites m\u00e9morables et passionnants de la G\u00e9orgie et apprendrez beaucoup de choses int\u00e9ressantes et passionnantes sur l&rsquo;histoire de leur origine. Vous serez \u00e9tonn\u00e9 de l\u2019ampleur du travail accompli par des personnes qui font leur travail avec foi et amour. Vous pourrez vous promener dans les myst\u00e9rieuses et anciennes grottes et ressentir pleinement l&rsquo;esprit envo\u00fbtant de l&rsquo;Antiquit\u00e9.<\/em><\/p>\n<p><span style=\"color: #0000ff;\"><em>Notre programme du circuit comprend tous les objets de type grotte r\u00e9sidentiels et rituels artificiels \u00e0 grande \u00e9chelle en G\u00e9orgie. De plus, au cours de l&rsquo;excursion, les visiteurs auront la possibilit\u00e9 de visiter des objets individuels de type et de destination similaires. Le programme du circuit comprend \u00e9galement les attractions les plus c\u00e9l\u00e8bres, situ\u00e9es \u00e0 proximit\u00e9 des points (grottes) de la direction principale.<\/em><\/span><\/p>\n<p><strong><em>Attractions th\u00e9matiques visit\u00e9es:<\/em><\/strong><\/p>\n<ul>\n<li><em>Complexe de grottes &#8211; Vardzia;<\/em><\/li>\n<li><em>Complexe de grottes &#8211; Ouplistsikh\u00e9;<\/em><\/li>\n<li><em>Complexe de grottes &#8211; David Garedja;<\/em><\/li>\n<li><em>Complexe de grottes &#8211; Vanis Kvabebi;<\/em><\/li>\n<li><em>Grottes du monast\u00e8re Chio-Mgvim\u00e9<\/em><\/li>\n<\/ul>\n<p><em><strong>D\u00e9tails organisationnels:<\/strong><\/em><\/p>\n<ul>\n<li><em>Tarif pour une personne $ (US Dollars) <span style=\"color: #ff0000;\">\u00e0 partir de 45 USD pour un jour<\/span><\/em><\/li>\n<li><em>Le co\u00fbt de chaque excursion est discut\u00e9 individuellement, d\u00e9pend du nombre de personnes et varie <span style=\"color: #ff0000;\">(\u00b1) de 45 USD pour un jour.<\/span><\/em><\/li>\n<li><em>Le prix comprend: le type de Transport appropri\u00e9, H\u00e9bergement avec petit d\u00e9jeuner, Services d&rsquo;un guide professionnel<\/em><em>.<\/em><\/li>\n<li><em>Pour plus d\u2019informations, n\u2019h\u00e9sitez pas appeler ou \u00e9crire\u00a0<span style=\"color: #ff0000;\"><strong>Viber\/WhatsApp +995 599 25 65 19<\/strong>\u00a0<\/span>\u00a0ou par courrier<span style=\"color: #ff0000;\">\u00a0<span style=\"color: #000000;\">:<\/span> <a style=\"color: #ff0000;\" href=\"mailto:info@georgiavoyage.ge\"><strong>info@georgiavoyage.ge<\/strong><\/a><\/span><a href=\"mailto:info@georgiavoyage.ge\"><strong><img decoding=\"async\" class=\"\" src=\"\/wp-content\/uploads\/2024\/08\/Pointer.png\" width=\"23\" height=\"23\" \/><\/strong><\/a> \u00a0<\/em><\/li>\n<li><span style=\"color: #ff0000;\"><em>Horaires de circuit : sur demande.<\/em><\/span><\/li>\n<\/ul>\n<table width=\"538\">\n<tbody>\n<tr>\n<td width=\"177\"><em>Nombre de personnes<\/em><\/td>\n<td width=\"76\"><em>\u00a0 1-3 per<\/em><\/td>\n<td width=\"94\"><em>\u00a0\u00a0\u00a0 4-8 per<\/em><\/td>\n<td width=\"95\"><em>\u00a0 \u00a09-19 per<\/em><\/td>\n<td width=\"96\"><em>\u00a020-40 per<\/em><\/td>\n<\/tr>\n<tr>\n<td width=\"177\"><em>Mode de transport<\/em><\/td>\n<td width=\"76\"><em>\u00a0Berline<\/em><\/td>\n<td width=\"94\"><em>\u00a0 Minivan<\/em><\/td>\n<td width=\"95\"><em>\u00a0 \u00a0Minibus<\/em><\/td>\n<td width=\"96\"><em>\u00a0 Autobus<\/em><\/td>\n<\/tr>\n<\/tbody>\n<\/table>\n<p><span style=\"color: #0000ff;\"><span style=\"text-decoration: underline;\"><em>*<\/em><\/span><em><u>Le programme du circuit est bas\u00e9 sur notre exp\u00e9rience et les opinions de nos clients compl\u00e8tement diff\u00e9rents. Ce sont des sch\u00e9mas et des programmes semi-finis qui peuvent \u00eatre facilement refaits. <\/u><\/em><span style=\"text-decoration: underline;\"><em>Ajouter ou soustraire un certain nombre de jours d\u2019excursion.\u00a0<span lang=\"FR\">Trier ou refaire le jour d\u2019excursion, changer la succession, la dur\u00e9e,\u00a0<\/span>les prix \u2026.<\/em><\/span><\/span><\/p>\n<p><span style=\"color: #0000ff;\"><span style=\"text-decoration: underline;\"><em><u>Chaque itin\u00e9raire et attraction est discut\u00e9 au moment de la demande. <\/u>\u00a0De plus, s\u2019ils le souhaitent, les touristes peuvent modifier le programme d\u2019un circuit d\u00e9j\u00e0 r\u00e9serv\u00e9 et pay\u00e9.\u00a0 <\/em><\/span><em><u>Afin de prot\u00e9ger notre travail et nos droits, nous fournissons des itin\u00e9raires exclusifs et des points de r\u00e9ception d\u00e9velopp\u00e9s, uniquement pour les acheteurs reels.<\/u><\/em><\/span><\/p>\n<p>&nbsp;<\/p>\n","protected":false},"excerpt":{"rendered":"<p>Pr\u00e9sentation de la th\u00e9matique du tour guid\u00e9\u00a0 L&rsquo;art de la construction de grottes en G\u00e9orgie, qui a une longue histoire, constitue une partie importante du patrimoine culturel unique du peuple g\u00e9orgien. En G\u00e9orgie, ce style de construction s&rsquo;est d\u00e9velopp\u00e9 dans des directions diff\u00e9rentes. Au prix d&rsquo;un travail titanesque, les chefs-d&rsquo;\u0153uvre grav\u00e9s dans la roche furent [&hellip;]<\/p>\n","protected":false},"featured_media":19987,"template":"","meta":[],"product_brand":[],"product_cat":[242],"product_tag":[],"class_list":{"0":"post-14525","1":"product","2":"type-product","3":"status-publish","4":"has-post-thumbnail","6":"product_cat-thematic-tours-fr","8":"first","9":"instock","10":"shipping-taxable","11":"purchasable","12":"product-type-ovabrw_car_rental"},"_links":{"self":[{"href":"https:\/\/georgiavoyage.ge\/fr\/wp-json\/wp\/v2\/product\/14525","targetHints":{"allow":["GET"]}}],"collection":[{"href":"https:\/\/georgiavoyage.ge\/fr\/wp-json\/wp\/v2\/product"}],"about":[{"href":"https:\/\/georgiavoyage.ge\/fr\/wp-json\/wp\/v2\/types\/product"}],"version-history":[{"count":1,"href":"https:\/\/georgiavoyage.ge\/fr\/wp-json\/wp\/v2\/product\/14525\/revisions"}],"predecessor-version":[{"id":34797,"href":"https:\/\/georgiavoyage.ge\/fr\/wp-json\/wp\/v2\/product\/14525\/revisions\/34797"}],"wp:featuredmedia":[{"embeddable":true,"href":"https:\/\/georgiavoyage.ge\/fr\/wp-json\/wp\/v2\/media\/19987"}],"wp:attachment":[{"href":"https:\/\/georgiavoyage.ge\/fr\/wp-json\/wp\/v2\/media?parent=14525"}],"wp:term":[{"taxonomy":"product_brand","embeddable":true,"href":"https:\/\/georgiavoyage.ge\/fr\/wp-json\/wp\/v2\/product_brand?post=14525"},{"taxonomy":"product_cat","embeddable":true,"href":"https:\/\/georgiavoyage.ge\/fr\/wp-json\/wp\/v2\/product_cat?post=14525"},{"taxonomy":"product_tag","embeddable":true,"href":"https:\/\/georgiavoyage.ge\/fr\/wp-json\/wp\/v2\/product_tag?post=14525"}],"curies":[{"name":"wp","href":"https:\/\/api.w.org\/{rel}","templated":true}]}}