{"id":14528,"date":"2024-08-23T05:50:09","date_gmt":"2024-08-23T01:50:09","guid":{"rendered":"https:\/\/georgiavoyage.web-reflection.com\/tours\/at-the-foot-of-mountains\/"},"modified":"2025-09-03T20:31:29","modified_gmt":"2025-09-03T16:31:29","slug":"classic-tour-at-the-foot-of-mountains","status":"publish","type":"product","link":"https:\/\/georgiavoyage.ge\/fr\/product\/classic-tour-at-the-foot-of-mountains\/","title":{"rendered":"CIRCUIT TH\u00c9MATIIQUE &#8211; AU PIED DES MONTAGNES"},"content":{"rendered":"<p><strong><em>Pr\u00e9sentation de la th\u00e9matique du tour guid\u00e9\u00a0<\/em><\/strong><\/p>\n<p><em>Le programme du circuit (zones de montagne : Trial\u00e9tie, Mtskh\u00e9ta-Mtian\u00e9tie, Ratcha, Im\u00e9r\u00e9tie et Samegrelo) propose un voyage le long de la cr\u00eate du Caucase sans p\u00e9n\u00e9trer dans les profondeurs des r\u00e9gions montagneuses (voir &#8211; Circuits en montagne). Il existe des programmes de montagne sp\u00e9cialement con\u00e7us \u00e0 cet effet. Ce circuit combine les principales attractions \u00ab montagneuses \u00bb de la partie g\u00e9orgienne de la Transcaucasie.<\/em><\/p>\n<p><em>L&rsquo;itin\u00e9raire offre une bonne occasion de se familiariser avec diff\u00e9rents types de paysages, for\u00eats, petits lacs et rivi\u00e8res. Les montagnes de G\u00e9orgie ne sont pas seulement des attractions naturelles magnifiques et majestueuses, mais aussi des valeurs culturelles qui refl\u00e8tent l&rsquo;histoire et l&rsquo;esprit de ce pays. Ce ne sont pas seulement des paysages majestueux, mais aussi une source de fiert\u00e9 nationale g\u00e9orgienne.<\/em><\/p>\n<p><em>La principale perle de la visite sera les incroyables attractions naturelles qui laisseront sans aucun doute une profonde impression. Ces endroits \u00e9tonnants valent la peine d\u2019\u00eatre visit\u00e9s au moins une fois dans votre vie pour d\u00e9couvrir un nouveau monde plein de beaut\u00e9 et d\u2019inspiration. Vous aurez la possibilit\u00e9 de visiter ces lieux \u00e9tonnants, qui vous inspireront sans aucun doute une cr\u00e9ativit\u00e9 inspir\u00e9e.<\/em><\/p>\n<p><span style=\"color: #0000ff;\"><em>Pendant la tourn\u00e9e, vous aurez l&rsquo;occasion de visiter plusieurs r\u00e9gions de G\u00e9orgie, de vous familiariser avec l&rsquo;incroyable diversit\u00e9 des cultures, coutumes et traditions des peuples locaux. qui vivent en harmonie avec la nature et pr\u00e9servent leurs traditions, transmises de g\u00e9n\u00e9ration en g\u00e9n\u00e9ration. Vous pourrez d\u00e9guster l&rsquo;eau min\u00e9rale la plus pure directement des sources et profiter de la cuisine nationale, \u00e9tonnante par sa diversit\u00e9.<\/em><\/span><\/p>\n<p><strong><em>Attractions th\u00e9matiques visit\u00e9es:<\/em><\/strong><\/p>\n<ul>\n<li><em>Attractions de la zone montagneuse du Trial\u00e9tie;<\/em><\/li>\n<li><em>Attractions de la zone montagneuse Mtskh\u00e9ta-Mtian\u00e9tie;<\/em><\/li>\n<li><em>Attractions de la zone montagneuse de Ratcha;<\/em><\/li>\n<li><em>Attractions de la zone montagneuse d&rsquo;Im\u00e9r\u00e9thie;<\/em><\/li>\n<li><em>Attractions\u00a0de la zone montagneuse de Samegrelo.<\/em><\/li>\n<\/ul>\n<p><em><strong>D\u00e9tails organisationnels:<\/strong><\/em><\/p>\n<ul>\n<li><em>Tarif pour une personne $ (US Dollars) <span style=\"color: #ff0000;\">\u00e0 partir de 45 USD pour un jour<\/span><\/em><\/li>\n<li><em>Le co\u00fbt de chaque excursion est discut\u00e9 individuellement, d\u00e9pend du nombre de personnes et varie <span style=\"color: #ff0000;\">(\u00b1) de 45 USD pour un jour.<\/span><\/em><\/li>\n<li><em>Le prix comprend: le type de Transport appropri\u00e9, H\u00e9bergement avec petit d\u00e9jeuner, Services d&rsquo;un guide professionnel<\/em><em>.<\/em><\/li>\n<li><em>Pour plus d\u2019informations, n\u2019h\u00e9sitez pas appeler ou \u00e9crire\u00a0<span style=\"color: #ff0000;\"><strong>Viber\/WhatsApp +995 599 25 65 19<\/strong>\u00a0<\/span> ou par courrier: <span style=\"color: #ff0000;\"><a style=\"color: #ff0000;\" href=\"mailto:info@georgiavoyage.ge\"><strong>info@georgiavoyage.ge<\/strong><\/a><\/span><a href=\"mailto:info@georgiavoyage.ge\"><strong><img decoding=\"async\" class=\"\" src=\"\/wp-content\/uploads\/2024\/08\/Pointer.png\" width=\"23\" height=\"23\" \/><\/strong><\/a> \u00a0<\/em><\/li>\n<li><span style=\"color: #ff0000;\"><em>Horaires de circuit : sur demande.<\/em><\/span><\/li>\n<\/ul>\n<table width=\"538\">\n<tbody>\n<tr>\n<td width=\"177\"><em>Nombre de personnes<\/em><\/td>\n<td width=\"76\"><em>\u00a0 1-3 per<\/em><\/td>\n<td width=\"94\"><em>\u00a0\u00a0\u00a0 4-8 per<\/em><\/td>\n<td width=\"95\"><em>\u00a0 \u00a09-19 per<\/em><\/td>\n<td width=\"96\"><em>\u00a020-40 per<\/em><\/td>\n<\/tr>\n<tr>\n<td width=\"177\"><em>Mode de transport<\/em><\/td>\n<td width=\"76\"><em>\u00a0Berline<\/em><\/td>\n<td width=\"94\"><em>\u00a0 Minivan<\/em><\/td>\n<td width=\"95\"><em>\u00a0 \u00a0Minibus<\/em><\/td>\n<td width=\"96\"><em>\u00a0 Autobus<\/em><\/td>\n<\/tr>\n<\/tbody>\n<\/table>\n<p><span style=\"color: #0000ff;\"><span style=\"text-decoration: underline;\"><em>*<\/em><\/span><em><u>Le programme du circuit est bas\u00e9 sur notre exp\u00e9rience et les opinions de nos clients compl\u00e8tement diff\u00e9rents. Ce sont des sch\u00e9mas et des programmes semi-finis qui peuvent \u00eatre facilement refaits. <\/u><\/em><span style=\"text-decoration: underline;\"><em>Ajouter ou soustraire un certain nombre de jours d\u2019excursion.\u00a0<span lang=\"FR\">Trier ou refaire le jour d\u2019excursion, changer la succession, la dur\u00e9e,\u00a0<\/span>les prix \u2026.<\/em><\/span><\/span><\/p>\n<p><span style=\"color: #0000ff;\"><span style=\"text-decoration: underline;\"><em><u>Chaque itin\u00e9raire et attraction est discut\u00e9 au moment de la demande. <\/u>\u00a0De plus, s\u2019ils le souhaitent, les touristes peuvent modifier le programme d\u2019un circuit d\u00e9j\u00e0 r\u00e9serv\u00e9 et pay\u00e9.\u00a0 <\/em><\/span><em><u>Afin de prot\u00e9ger notre travail et nos droits, nous fournissons des itin\u00e9raires exclusifs et des points de r\u00e9ception d\u00e9velopp\u00e9s, uniquement pour les acheteurs reels.<\/u><\/em><\/span><\/p>\n","protected":false},"excerpt":{"rendered":"<p>Pr\u00e9sentation de la th\u00e9matique du tour guid\u00e9\u00a0 Le programme du circuit (zones de montagne : Trial\u00e9tie, Mtskh\u00e9ta-Mtian\u00e9tie, Ratcha, Im\u00e9r\u00e9tie et Samegrelo) propose un voyage le long de la cr\u00eate du Caucase sans p\u00e9n\u00e9trer dans les profondeurs des r\u00e9gions montagneuses (voir &#8211; Circuits en montagne). Il existe des programmes de montagne sp\u00e9cialement con\u00e7us \u00e0 cet effet. [&hellip;]<\/p>\n","protected":false},"featured_media":19871,"template":"","meta":[],"product_brand":[],"product_cat":[242],"product_tag":[],"class_list":{"0":"post-14528","1":"product","2":"type-product","3":"status-publish","4":"has-post-thumbnail","6":"product_cat-thematic-tours-fr","8":"first","9":"instock","10":"shipping-taxable","11":"purchasable","12":"product-type-ovabrw_car_rental"},"_links":{"self":[{"href":"https:\/\/georgiavoyage.ge\/fr\/wp-json\/wp\/v2\/product\/14528","targetHints":{"allow":["GET"]}}],"collection":[{"href":"https:\/\/georgiavoyage.ge\/fr\/wp-json\/wp\/v2\/product"}],"about":[{"href":"https:\/\/georgiavoyage.ge\/fr\/wp-json\/wp\/v2\/types\/product"}],"version-history":[{"count":1,"href":"https:\/\/georgiavoyage.ge\/fr\/wp-json\/wp\/v2\/product\/14528\/revisions"}],"predecessor-version":[{"id":34791,"href":"https:\/\/georgiavoyage.ge\/fr\/wp-json\/wp\/v2\/product\/14528\/revisions\/34791"}],"wp:featuredmedia":[{"embeddable":true,"href":"https:\/\/georgiavoyage.ge\/fr\/wp-json\/wp\/v2\/media\/19871"}],"wp:attachment":[{"href":"https:\/\/georgiavoyage.ge\/fr\/wp-json\/wp\/v2\/media?parent=14528"}],"wp:term":[{"taxonomy":"product_brand","embeddable":true,"href":"https:\/\/georgiavoyage.ge\/fr\/wp-json\/wp\/v2\/product_brand?post=14528"},{"taxonomy":"product_cat","embeddable":true,"href":"https:\/\/georgiavoyage.ge\/fr\/wp-json\/wp\/v2\/product_cat?post=14528"},{"taxonomy":"product_tag","embeddable":true,"href":"https:\/\/georgiavoyage.ge\/fr\/wp-json\/wp\/v2\/product_tag?post=14528"}],"curies":[{"name":"wp","href":"https:\/\/api.w.org\/{rel}","templated":true}]}}