{"id":14533,"date":"2024-08-23T05:14:05","date_gmt":"2024-08-23T01:14:05","guid":{"rendered":"https:\/\/georgiavoyage.web-reflection.com\/tours\/essays-of-antique-iberia\/"},"modified":"2025-09-03T20:28:42","modified_gmt":"2025-09-03T16:28:42","slug":"classic-tour-essays-of-antique-iberia","status":"publish","type":"product","link":"https:\/\/georgiavoyage.ge\/fr\/product\/classic-tour-essays-of-antique-iberia\/","title":{"rendered":"CIRCUIT TH\u00c9MATIIQUE &#8211; ESSAIS D\u2019IB\u00c9RIE ANTIQUE"},"content":{"rendered":"<p><strong><em>Pr\u00e9sentation de la th\u00e9matique du tour guid\u00e9\u00a0<\/em><\/strong><\/p>\n<p><em>Dans les sources anciennes et byzantines, la partie orientale de ce qui est aujourd\u2019hui la G\u00e9orgie \u00e9tait connue sous le nom d\u2019Ib\u00e9rie. Le plus souvent, le pays des G\u00e9orgiens dans les sources occidentales \u00e9tait appel\u00e9 \u00abIb\u00e9rie orientale\u00bb ou \u00abIb\u00e9rie du Caucase\u00bb pour le distinguer des tribus europ\u00e9ennes vivant dans la p\u00e9ninsule ib\u00e9rique. Les tribus qui vivaient sur le territoire de l&rsquo;ancienne Ib\u00e9rie appelaient leur pays Kartlie. C&rsquo;est ce toponyme qui a donn\u00e9 naissance au nom g\u00e9orgien actuel du pays &#8211; Sakartvelo.<\/em><\/p>\n<p><em>Situ\u00e9 au carrefour des routes commerciales d\u2019ouest en est et du nord au sud, le pays suscite l\u2019int\u00e9r\u00eat des \u00c9tats puissants depuis des si\u00e8cles. L\u2019ancienne Ib\u00e9rie a conserv\u00e9 son ind\u00e9pendance pendant neuf si\u00e8cles, ce qui est rare dans l\u2019histoire du monde. L\u2019avancement de l\u2019ancien royaume ib\u00e9rique fut \u00e9galement facilit\u00e9 par le plus haut niveau de sa civilisation.<\/em><\/p>\n<p><em>La G\u00e9orgie est un v\u00e9ritable mus\u00e9e vivant de l\u2019histoire ancienne et de l\u2019art du monde, dans lequel on peut observer les \u00e9tapes du d\u00e9veloppement humain. La G\u00e9orgie a apport\u00e9 de nombreuses d\u00e9couvertes et id\u00e9es ph\u00e9nom\u00e9nales \u00e0 la civilisation mondiale, parmi lesquelles une mention sp\u00e9ciale doit \u00eatre faite \u00e0 l&rsquo;\u00e9criture unique, aux chants polyphoniques et aux danses \u00e9tonnantes, \u00e0 la culture de la vinification, au tissage du fil, au traitement du fer et \u00e0 l&rsquo;extraction de l&rsquo;or.<\/em><\/p>\n<p><span style=\"color: #0000ff;\"><em>Notre programme comprend des visites de presque tous les sites de l&rsquo;ancienne G\u00e9orgie, enti\u00e8rement ou partiellement pr\u00e9serv\u00e9s. Les visiteurs auront l&rsquo;occasion d&rsquo;explorer les origines de l&rsquo;histoire du pays avec une civilisation ancienne. Visiter les lieux les plus myst\u00e9rieux et mystiques qui ont jou\u00e9 un r\u00f4le important dans le processus de cr\u00e9ation et de fa\u00e7onnage des valeurs mat\u00e9rielles et morales communes de l&rsquo;humanit\u00e9.<\/em><\/span><\/p>\n<p><strong><em>Attractions th\u00e9matiques visit\u00e9es:<\/em><\/strong><\/p>\n<ul>\n<li><em>Armaztsikh\u00e9 sur la montagne Baguineti &#8211; Acropole et r\u00e9sidence des souverains du royaume de Kartlie (I si\u00e8cle Avant J.C. &#8211; VIII si\u00e8cle Apr\u00e8s J.C.);<\/em><\/li>\n<li><em>S\u00e9pulture de Samtavro &#8211; Les s\u00e9pultures couvrent la p\u00e9riode du milieu du III mill\u00e9naire Avant J.C. &#8211; X si\u00e8cle Apr\u00e8s J.C.;<\/em><\/li>\n<li><em>Dzalissi &#8211; L&rsquo;une des principales villes de l&rsquo;ancien royaume ib\u00e9rique\u00a0 (II si\u00e8cle Avant J.C &#8211; VIII si\u00e8cle Apr\u00e8s J.C.);<\/em><\/li>\n<li><em>Tsitsamouri (Sevsamora) &#8211; Forteresse, une des fortifications militaires de la capitale (IV-V si\u00e8cles Avant J.C.);<\/em><\/li>\n<li><em>Mont Imiri &#8211; Village n\u00e9olithique, les p\u00e9pins de raisin les plus anciens, ont \u00e9t\u00e9 d\u00e9couverts (VI mill\u00e9naire Avant J.C.);<\/em><\/li>\n<li><em>Aroukhlo &#8211; Village n\u00e9olithique et lieu rituel (V &#8211; IV mill\u00e9naire Avant J.C.);<\/em><\/li>\n<li><em>Dmanissi &#8211; Monument historique et arch\u00e9ologique\u00a0 (III mill\u00e9naire Avant J.C. &#8211; II si\u00e8cle Apr\u00e8s J.C.);<\/em><\/li>\n<li><em>Grakliani &#8211; Site arch\u00e9ologique, une inscription a \u00e9t\u00e9 d\u00e9couverte (VII si\u00e8cle Avant J.C.);\u00a0<\/em><\/li>\n<li><em>Ouplistsikh\u00e9 &#8211; Une ancienne ville troglodyte, construit \u00e0 la fin du IIe &#8211; d\u00e9but du Ier mill\u00e9naire Avant J.C.;<\/em><\/li>\n<li><em>Ourbnissi &#8211; Une ville ancienne et m\u00e9di\u00e9vale d&rsquo;Ib\u00e9rie (III mill\u00e9naire Avant J,C,);<\/em><\/li>\n<li><em>Tsikhia &#8211; Gora &#8211; Colonie fortifi\u00e9e, l&rsquo;une des premi\u00e8res colonies de ce type en Transcaucasie (IV &#8211; III si\u00e8cles Avant J.C.),<\/em><\/li>\n<\/ul>\n<p><em><strong>D\u00e9tails organisationnels:<\/strong><\/em><\/p>\n<ul>\n<li><em>Tarif pour une personne $ (US Dollars) <span style=\"color: #ff0000;\">\u00e0 partir de 45 USD pour un jour.<\/span><\/em><\/li>\n<li><em>Le co\u00fbt de chaque excursion est discut\u00e9 individuellement, d\u00e9pend du nombre de personnes et varie <span style=\"color: #ff0000;\">(\u00b1) de 45 USD pour un jour.<\/span><\/em><\/li>\n<li><em>Le prix comprend: le type de Transport appropri\u00e9, H\u00e9bergement avec petit d\u00e9jeuner, Services d&rsquo;un guide professionnel<\/em><em>.<\/em><\/li>\n<li><em>Pour plus d\u2019informations, n\u2019h\u00e9sitez pas appeler ou \u00e9crire\u00a0<span style=\"color: #ff0000;\"><strong>Viber\/WhatsApp +995 599 25 65 19<\/strong>\u00a0<\/span> ou par courrier:<span style=\"color: #ff0000;\"><a style=\"color: #ff0000;\" href=\"mailto:info@georgiavoyage.ge\"><strong>info@georgiavoyage.ge<\/strong><\/a><\/span><a href=\"mailto:info@georgiavoyage.ge\"><strong><img decoding=\"async\" class=\"\" src=\"\/wp-content\/uploads\/2024\/08\/Pointer.png\" width=\"23\" height=\"23\" \/><\/strong><\/a> \u00a0<\/em><\/li>\n<li><span style=\"color: #ff0000;\"><em>Horaires de circuit : sur demande.<\/em><\/span><\/li>\n<\/ul>\n<table width=\"538\">\n<tbody>\n<tr>\n<td width=\"177\"><em>Nombre de personnes<\/em><\/td>\n<td width=\"76\"><em>\u00a0 1-3 per<\/em><\/td>\n<td width=\"94\"><em>\u00a0\u00a0\u00a0 4-8 per<\/em><\/td>\n<td width=\"95\"><em>\u00a0 \u00a09-19 per<\/em><\/td>\n<td width=\"96\"><em>\u00a020-40 per<\/em><\/td>\n<\/tr>\n<tr>\n<td width=\"177\"><em>Mode de transport<\/em><\/td>\n<td width=\"76\"><em>\u00a0Berline<\/em><\/td>\n<td width=\"94\"><em>\u00a0 Minivan<\/em><\/td>\n<td width=\"95\"><em>\u00a0 \u00a0Minibus<\/em><\/td>\n<td width=\"96\"><em>\u00a0 Autobus<\/em><\/td>\n<\/tr>\n<\/tbody>\n<\/table>\n<p><span style=\"color: #0000ff;\"><span style=\"text-decoration: underline;\"><em>*<\/em><\/span><em><u>Le programme du circuit est bas\u00e9 sur notre exp\u00e9rience et les opinions de nos clients compl\u00e8tement diff\u00e9rents. Ce sont des sch\u00e9mas et des programmes semi-finis qui peuvent \u00eatre facilement refaits. <\/u><\/em><span style=\"text-decoration: underline;\"><em>Ajouter ou soustraire un certain nombre de jours d\u2019excursion.\u00a0<span lang=\"FR\">Trier ou refaire le jour d\u2019excursion, changer la succession, la dur\u00e9e,\u00a0<\/span>les prix \u2026.<\/em><\/span><\/span><\/p>\n<p><span style=\"color: #0000ff;\"><span style=\"text-decoration: underline;\"><em><u>Chaque itin\u00e9raire et attraction est discut\u00e9 au moment de la demande. <\/u>\u00a0De plus, s\u2019ils le souhaitent, les touristes peuvent modifier le programme d\u2019un circuit d\u00e9j\u00e0 r\u00e9serv\u00e9 et pay\u00e9.\u00a0 <\/em><\/span><em><u>Afin de prot\u00e9ger notre travail et nos droits, nous fournissons des itin\u00e9raires exclusifs et des points de r\u00e9ception d\u00e9velopp\u00e9s, uniquement pour les acheteurs reels.<\/u><\/em><\/span><\/p>\n","protected":false},"excerpt":{"rendered":"<p>Pr\u00e9sentation de la th\u00e9matique du tour guid\u00e9\u00a0 Dans les sources anciennes et byzantines, la partie orientale de ce qui est aujourd\u2019hui la G\u00e9orgie \u00e9tait connue sous le nom d\u2019Ib\u00e9rie. Le plus souvent, le pays des G\u00e9orgiens dans les sources occidentales \u00e9tait appel\u00e9 \u00abIb\u00e9rie orientale\u00bb ou \u00abIb\u00e9rie du Caucase\u00bb pour le distinguer des tribus europ\u00e9ennes vivant [&hellip;]<\/p>\n","protected":false},"featured_media":27802,"template":"","meta":[],"product_brand":[],"product_cat":[242],"product_tag":[],"class_list":{"0":"post-14533","1":"product","2":"type-product","3":"status-publish","4":"has-post-thumbnail","6":"product_cat-thematic-tours-fr","8":"first","9":"instock","10":"shipping-taxable","11":"purchasable","12":"product-type-ovabrw_car_rental"},"_links":{"self":[{"href":"https:\/\/georgiavoyage.ge\/fr\/wp-json\/wp\/v2\/product\/14533","targetHints":{"allow":["GET"]}}],"collection":[{"href":"https:\/\/georgiavoyage.ge\/fr\/wp-json\/wp\/v2\/product"}],"about":[{"href":"https:\/\/georgiavoyage.ge\/fr\/wp-json\/wp\/v2\/types\/product"}],"version-history":[{"count":1,"href":"https:\/\/georgiavoyage.ge\/fr\/wp-json\/wp\/v2\/product\/14533\/revisions"}],"predecessor-version":[{"id":34794,"href":"https:\/\/georgiavoyage.ge\/fr\/wp-json\/wp\/v2\/product\/14533\/revisions\/34794"}],"wp:featuredmedia":[{"embeddable":true,"href":"https:\/\/georgiavoyage.ge\/fr\/wp-json\/wp\/v2\/media\/27802"}],"wp:attachment":[{"href":"https:\/\/georgiavoyage.ge\/fr\/wp-json\/wp\/v2\/media?parent=14533"}],"wp:term":[{"taxonomy":"product_brand","embeddable":true,"href":"https:\/\/georgiavoyage.ge\/fr\/wp-json\/wp\/v2\/product_brand?post=14533"},{"taxonomy":"product_cat","embeddable":true,"href":"https:\/\/georgiavoyage.ge\/fr\/wp-json\/wp\/v2\/product_cat?post=14533"},{"taxonomy":"product_tag","embeddable":true,"href":"https:\/\/georgiavoyage.ge\/fr\/wp-json\/wp\/v2\/product_tag?post=14533"}],"curies":[{"name":"wp","href":"https:\/\/api.w.org\/{rel}","templated":true}]}}