{"id":14537,"date":"2024-08-23T05:12:45","date_gmt":"2024-08-23T01:12:45","guid":{"rendered":"https:\/\/georgiavoyage.web-reflection.com\/tours\/petrified-history-of-megaliths\/"},"modified":"2025-09-03T20:39:34","modified_gmt":"2025-09-03T16:39:34","slug":"classic-tour-petrified-history-of-megaliths","status":"publish","type":"product","link":"https:\/\/georgiavoyage.ge\/fr\/product\/classic-tour-petrified-history-of-megaliths\/","title":{"rendered":"CIRCUIT TH\u00c9MATIIQUE &#8211; L\u2019HISTOIRE P\u00c9TRIFI\u00c9E DES M\u00c9GALITHES"},"content":{"rendered":"<p><strong><em>Pr\u00e9sentation de la th\u00e9matique du tour guid\u00e9\u00a0<\/em><\/strong><\/p>\n<p><em>Il y a environ 5 000 ans, les tribus g\u00e9orgiennes vivant sur les territoires historiques de Tao-Klardj\u00e9tie (Diaokhi) et de Lazique ont commenc\u00e9 \u00e0 construire des b\u00e2timents cyclop\u00e9ens. Peu de civilisations m\u00e9galithiques du monde ont atteint l&rsquo;\u00e9chelle de la G\u00e9orgie, dont le territoire est couvert de structures construites avec des pierres pesant plusieurs tonnes.<\/em><\/p>\n<p><em>La G\u00e9orgie a toujours fait partie des civilisations anciennes, et cela se refl\u00e8te dans son architecture. Les m\u00e9galithes g\u00e9orgiens appartiennent \u00e0 des b\u00e2timents de diff\u00e9rents types et objectifs et se pr\u00e9sentent sous la forme de fortifications, de complexes r\u00e9sidentiels, d&rsquo;\u00e9difices religieux et de tombeaux. La v\u00e9ritable fonction de nombreux b\u00e2timents n\u2019est pas enti\u00e8rement connue. Les chercheurs notent que les m\u00e9galithes de G\u00e9orgie sont tr\u00e8s similaires aux m\u00e9galithes communs en Sardaigne et en Espagne.<\/em><\/p>\n<p><em>Les m\u00e9galithes qui ont surv\u00e9cu pendant des milliers d\u2019ann\u00e9es ont soulev\u00e9 de nombreuses questions sans r\u00e9ponse. Aujourd\u2019hui, non seulement les gens ordinaires, mais aussi les scientifiques ne peuvent pas r\u00e9pondre \u00e0 ces questions. Les proto-G\u00e9orgiens d\u00e9pla\u00e7aient d\u2019\u00e9normes rochers et les empilaient les uns sur les autres. Pourquoi et comment reste-t-il encore flou \u00e0 ce jour? Qu\u2019est-ce qui a conduit \u00e0 la n\u00e9cessit\u00e9 de cr\u00e9er des structures aussi fortement fortifi\u00e9es au prix d\u2019un travail incroyablement dur?<\/em><\/p>\n<p><span style=\"color: #0000ff;\"><em>Notre programme du circuit comprend des visites de presque toutes les structures m\u00e9galithiques importantes de G\u00e9orgie. Vous d\u00e9couvrirez les versions possibles de leur origine et de la fonction de ces objets myst\u00e9rieux sur la plan\u00e8te, envelopp\u00e9s de myst\u00e8re. Vous vous familiariserez avec les origines de l&rsquo;ancienne civilisation de ce pays \u00e9tonnant, dont le contenu unique \u00e9tonne la communaut\u00e9 mondiale moderne.<\/em><\/span><\/p>\n<p><strong><em>Attractions th\u00e9matiques visit\u00e9es:<\/em><\/strong><\/p>\n<ul>\n<li><em>Complexe m\u00e9galithique d&rsquo;Avranlo;<\/em><\/li>\n<li><em>Forteresse m\u00e9galithique de Santha;<\/em><\/li>\n<li><em>Complexe m\u00e9galithique de Saro;<\/em><\/li>\n<li><em>Complexe m\u00e9galithique Gogichaant Gele;<\/em><\/li>\n<li><em>Forteresse m\u00e9galithique de Goumbati;<\/em><\/li>\n<li><em>Forteresse m\u00e9galithique Kaurma;<\/em><\/li>\n<li><em>Complexe m\u00e9galithique de Lodovani;<\/em><\/li>\n<li><em>Forteresse m\u00e9galithique de Nardevani;<\/em><\/li>\n<li><em>Forteresse m\u00e9galithique de Chaori.<\/em><\/li>\n<\/ul>\n<p><em><strong>D\u00e9tails organisationnels:<\/strong><\/em><\/p>\n<ul>\n<li><em>Tarif pour une personne $ (US Dollars) <span style=\"color: #ff0000;\">\u00e0 partir de 45 USD pour un jour<\/span><\/em><\/li>\n<li><em>Le co\u00fbt de chaque excursion est discut\u00e9 individuellement, d\u00e9pend du nombre de personnes et varie <span style=\"color: #ff0000;\">(\u00b1) de 45 USD pour un jour.<\/span><\/em><\/li>\n<li><em><em>Le prix comprend: le type de Transport appropri\u00e9, H\u00e9bergement avec petit d\u00e9jeuner, <em>Services d&rsquo;un guide professionnel<\/em><\/em><\/em><em>.<\/em><\/li>\n<li><em>Pour plus d\u2019informations, n\u2019h\u00e9sitez pas appeler ou \u00e9crire\u00a0<span style=\"color: #ff0000;\"><strong>Viber\/WhatsApp +995 599 25 65 19<\/strong>\u00a0<\/span> ou par courrier<span style=\"color: #ff0000;\"><span style=\"color: #000000;\">:<\/span> <a style=\"color: #ff0000;\" href=\"mailto:info@georgiavoyage.ge\"><strong>info@georgiavoyage.ge<\/strong><\/a><\/span><a href=\"mailto:info@georgiavoyage.ge\"><strong><img decoding=\"async\" class=\"\" src=\"\/wp-content\/uploads\/2024\/08\/Pointer.png\" width=\"23\" height=\"23\" \/><\/strong><\/a> \u00a0<\/em><\/li>\n<li><span style=\"color: #ff0000;\"><em>Horaires de circuit : sur demande.<\/em><\/span><\/li>\n<\/ul>\n<table width=\"538\">\n<tbody>\n<tr>\n<td width=\"177\"><em>Nombre de personnes<\/em><\/td>\n<td width=\"76\"><em>\u00a0 1-3 per<\/em><\/td>\n<td width=\"94\"><em>\u00a0\u00a0\u00a0 4-8 per<\/em><\/td>\n<td width=\"95\"><em>\u00a0 \u00a09-19 per<\/em><\/td>\n<td width=\"96\"><em>\u00a020-40 per<\/em><\/td>\n<\/tr>\n<tr>\n<td width=\"177\"><em>Mode de transport<\/em><\/td>\n<td width=\"76\"><em>\u00a0Berline<\/em><\/td>\n<td width=\"94\"><em>\u00a0 Minivan<\/em><\/td>\n<td width=\"95\"><em>\u00a0 \u00a0Minibus<\/em><\/td>\n<td width=\"96\"><em>\u00a0 Autobus<\/em><\/td>\n<\/tr>\n<\/tbody>\n<\/table>\n<p><span style=\"color: #0000ff;\"><span style=\"text-decoration: underline;\"><em>*<\/em><\/span><em><u>Le programme du circuit est bas\u00e9 sur notre exp\u00e9rience et les opinions de nos clients compl\u00e8tement diff\u00e9rents. Ce sont des sch\u00e9mas et des programmes semi-finis qui peuvent \u00eatre facilement refaits. <\/u><\/em><span style=\"text-decoration: underline;\"><em>Ajouter ou soustraire un certain nombre de jours d\u2019excursion.\u00a0<span lang=\"FR\">Trier ou refaire le jour d\u2019excursion, changer la succession, la dur\u00e9e,\u00a0<\/span>les prix \u2026.<\/em><\/span><\/span><\/p>\n<p><span style=\"color: #0000ff;\"><span style=\"text-decoration: underline;\"><em><u>Chaque itin\u00e9raire et attraction est discut\u00e9 au moment de la demande. <\/u>\u00a0De plus, s\u2019ils le souhaitent, les touristes peuvent modifier le programme d\u2019un circuit d\u00e9j\u00e0 r\u00e9serv\u00e9 et pay\u00e9.\u00a0 <\/em><\/span><em><u>Afin de prot\u00e9ger notre travail et nos droits, nous fournissons des itin\u00e9raires exclusifs et des points de r\u00e9ception d\u00e9velopp\u00e9s, uniquement pour les acheteurs reels.<\/u><\/em><\/span><\/p>\n","protected":false},"excerpt":{"rendered":"<p>Pr\u00e9sentation de la th\u00e9matique du tour guid\u00e9\u00a0 Il y a environ 5 000 ans, les tribus g\u00e9orgiennes vivant sur les territoires historiques de Tao-Klardj\u00e9tie (Diaokhi) et de Lazique ont commenc\u00e9 \u00e0 construire des b\u00e2timents cyclop\u00e9ens. Peu de civilisations m\u00e9galithiques du monde ont atteint l&rsquo;\u00e9chelle de la G\u00e9orgie, dont le territoire est couvert de structures construites [&hellip;]<\/p>\n","protected":false},"featured_media":20052,"template":"","meta":[],"product_brand":[],"product_cat":[242],"product_tag":[],"class_list":{"0":"post-14537","1":"product","2":"type-product","3":"status-publish","4":"has-post-thumbnail","6":"product_cat-thematic-tours-fr","8":"first","9":"instock","10":"shipping-taxable","11":"purchasable","12":"product-type-ovabrw_car_rental"},"_links":{"self":[{"href":"https:\/\/georgiavoyage.ge\/fr\/wp-json\/wp\/v2\/product\/14537","targetHints":{"allow":["GET"]}}],"collection":[{"href":"https:\/\/georgiavoyage.ge\/fr\/wp-json\/wp\/v2\/product"}],"about":[{"href":"https:\/\/georgiavoyage.ge\/fr\/wp-json\/wp\/v2\/types\/product"}],"version-history":[{"count":1,"href":"https:\/\/georgiavoyage.ge\/fr\/wp-json\/wp\/v2\/product\/14537\/revisions"}],"predecessor-version":[{"id":34800,"href":"https:\/\/georgiavoyage.ge\/fr\/wp-json\/wp\/v2\/product\/14537\/revisions\/34800"}],"wp:featuredmedia":[{"embeddable":true,"href":"https:\/\/georgiavoyage.ge\/fr\/wp-json\/wp\/v2\/media\/20052"}],"wp:attachment":[{"href":"https:\/\/georgiavoyage.ge\/fr\/wp-json\/wp\/v2\/media?parent=14537"}],"wp:term":[{"taxonomy":"product_brand","embeddable":true,"href":"https:\/\/georgiavoyage.ge\/fr\/wp-json\/wp\/v2\/product_brand?post=14537"},{"taxonomy":"product_cat","embeddable":true,"href":"https:\/\/georgiavoyage.ge\/fr\/wp-json\/wp\/v2\/product_cat?post=14537"},{"taxonomy":"product_tag","embeddable":true,"href":"https:\/\/georgiavoyage.ge\/fr\/wp-json\/wp\/v2\/product_tag?post=14537"}],"curies":[{"name":"wp","href":"https:\/\/api.w.org\/{rel}","templated":true}]}}