{"id":14540,"date":"2024-08-23T05:55:09","date_gmt":"2024-08-23T01:55:09","guid":{"rendered":"https:\/\/georgiavoyage.web-reflection.com\/tours\/pays-de-la-toison-dor\/"},"modified":"2025-09-03T20:14:04","modified_gmt":"2025-09-03T16:14:04","slug":"classic-tour-country-of-the-golden-fleece","status":"publish","type":"product","link":"https:\/\/georgiavoyage.ge\/fr\/product\/classic-tour-country-of-the-golden-fleece\/","title":{"rendered":"PAYS DE LA TOISON D&rsquo;OR"},"content":{"rendered":"<p><strong><em>Pr\u00e9sentation de la th\u00e9matique du tour guid\u00e9\u00a0<\/em><\/strong><\/p>\n<p><em>Les premiers \u00ab touristes \u00bb europ\u00e9ens &#8211; les Argonautes &#8211; sont venus en G\u00e9orgie (Colchide) \u00e0 la recherche de la l\u00e9gendaire Toison d&rsquo;Or, mille ans avant J\u00e9sus-Christ. Selon les mythes grecs anciens, la laine de mouton dor\u00e9e \u00e9tait obtenue lors de l&rsquo;extraction de l&rsquo;or dans les ruisseaux de montagne de G\u00e9orgie. Le royaume de Colchide existait sur le territoire de la G\u00e9orgie moderne aux XIIIe et Ier si\u00e8cles avant JC. e.<\/em><\/p>\n<p><em>L&rsquo;int\u00e9r\u00eat des sources historiques anciennes pour la G\u00e9orgie indique que m\u00eame avant notre \u00e8re, le peuple g\u00e9orgien \u00e9tait sous l&rsquo;attention du monde civilis\u00e9. Parmi les sources \u00e9crites associ\u00e9es \u00e0 la G\u00e9orgie, se distingue la l\u00e9gende de la campagne des Argonautes contre le royaume de Colchide.<\/em><\/p>\n<p><em>Dans cette c\u00e9l\u00e8bre histoire, peu importe le nombre d&rsquo;\u00e9l\u00e9ments fantastiques qu&rsquo;elle contient, une chose est claire : au milieu du deuxi\u00e8me mill\u00e9naire avant JC, les Grecs \u00e9taient bien conscients de l&rsquo;existence d&rsquo;un royaume de Colchide puissant, prosp\u00e8re et culturellement d\u00e9velopp\u00e9 sur la c\u00f4te orientale. de la mer Noire.<\/em><\/p>\n<p><span style=\"color: #0000ff;\"><em>Dans le programme du circuit que nous avons \u00e9labor\u00e9, nous avons essay\u00e9 de r\u00e9p\u00e9ter l&rsquo;itin\u00e9raire autant que possible et de s\u00e9lectionner tous les endroits possibles qui co\u00efncident avec le chemin emprunt\u00e9 par les Argonautes en G\u00e9orgie occidentale, partant du delta du fleuve Rioni et se terminant par le territoire de la ville actuelle &#8211; Kouta\u00efssi. Le programme de visite comprend \u00e9galement les attractions les plus c\u00e9l\u00e8bres situ\u00e9es \u00e0 proximit\u00e9 des points de la destination th\u00e9matique.<\/em><\/span><\/p>\n<p><strong><em>Attractions th\u00e9matiques visit\u00e9es:<\/em><\/strong><\/p>\n<ul>\n<li><em>Kouta\u00efssi (VIIIe si\u00e8cle avant JC) &#8211; L&rsquo;une des villes les plus anciennes du monde, capitale du royaume de Colchide;<\/em><\/li>\n<li><em>Vani (VIIIe si\u00e8cle avant JC) &#8211; Une ancienne ville situ\u00e9e dans l&rsquo;arri\u00e8re-pays de l&rsquo;ancien royaume de Colchide;<\/em><\/li>\n<li><em>Poti (VIIe si\u00e8cle avant JC) &#8211; La ville historique de Fazisi, centre \u00e9conomique et commercial du royaume de Colchide;<\/em><\/li>\n<li><em>Batoumi (IVe si\u00e8cle avant JC) &#8211; la premi\u00e8re mention de la ville de Batus se trouve parmi les historiens grecs;<\/em><\/li>\n<li><em>Nokalakevi (IIIe si\u00e8cle avant JC) &#8211; L&rsquo;une des plus grandes villes de l&rsquo;ancienne Colchide et la capitale du royaume de Lazique;<\/em><\/li>\n<li><em>Gonio (1er si\u00e8cle apr\u00e8s JC) &#8211; Forteresse de Gonio-Apsaros, avant-poste romain \u00e0 Lazique, sur la c\u00f4te de la mer Noire.<\/em><\/li>\n<\/ul>\n<p><em><strong>D\u00e9tails organisationnels:<\/strong><\/em><\/p>\n<ul>\n<li><em>Tarif pour une personne $ (US Dollars) <span style=\"color: #ff0000;\">\u00e0 partir de 45 USD pour un jour<\/span><\/em><\/li>\n<li><em>Le co\u00fbt de chaque excursion est discut\u00e9 individuellement, d\u00e9pend du nombre de personnes et varie <span style=\"color: #ff0000;\">(\u00b1) de 45 USD pour un jour.<\/span><\/em><\/li>\n<li><em>Le prix comprend: le type de Transport appropri\u00e9, H\u00e9bergement avec petit d\u00e9jeuner, Services d&rsquo;un guide professionnel<\/em><em>.<\/em><\/li>\n<li><em>Pour plus d\u2019informations, n\u2019h\u00e9sitez pas appeler ou \u00e9crire\u00a0<span style=\"color: #ff0000;\"><strong>Viber\/WhatsApp +995 599 25 65 19<\/strong>\u00a0<\/span>\u00a0ou par courrier: <span style=\"color: #ff0000;\"><a style=\"color: #ff0000;\" href=\"mailto:info@georgiavoyage.ge\"><strong>info@georgiavoyage.ge<\/strong><\/a><\/span><a href=\"mailto:info@georgiavoyage.ge\"><strong><img decoding=\"async\" class=\"\" src=\"\/wp-content\/uploads\/2024\/08\/Pointer.png\" width=\"23\" height=\"23\" \/><\/strong><\/a> \u00a0<\/em><\/li>\n<li><span style=\"color: #ff0000;\"><em>Horaires de circuit : sur demande.<\/em><\/span><\/li>\n<\/ul>\n<table width=\"538\">\n<tbody>\n<tr>\n<td width=\"177\"><em>Nombre de personnes<\/em><\/td>\n<td width=\"76\"><em>\u00a0 1-3 per<\/em><\/td>\n<td width=\"94\"><em>\u00a0\u00a0\u00a0 4-8 per<\/em><\/td>\n<td width=\"95\"><em>\u00a0 \u00a09-19 per<\/em><\/td>\n<td width=\"96\"><em>\u00a020-40 per<\/em><\/td>\n<\/tr>\n<tr>\n<td width=\"177\"><em>Mode de transport<\/em><\/td>\n<td width=\"76\"><em>\u00a0Berline<\/em><\/td>\n<td width=\"94\"><em>\u00a0 Minivan<\/em><\/td>\n<td width=\"95\"><em>\u00a0 \u00a0Minibus<\/em><\/td>\n<td width=\"96\"><em>\u00a0 Autobus<\/em><\/td>\n<\/tr>\n<\/tbody>\n<\/table>\n<p><span style=\"color: #0000ff;\"><span style=\"text-decoration: underline;\"><em>*<\/em><\/span><em><u>Le programme du circuit est bas\u00e9 sur notre exp\u00e9rience et les opinions de nos clients compl\u00e8tement diff\u00e9rents. Ce sont des sch\u00e9mas et des programmes semi-finis qui peuvent \u00eatre facilement refaits. <\/u><\/em><span style=\"text-decoration: underline;\"><em>Ajouter ou soustraire un certain nombre de jours d\u2019excursion.\u00a0<span lang=\"FR\">Trier ou refaire le jour d\u2019excursion, changer la succession, la dur\u00e9e,\u00a0<\/span>les prix \u2026.<\/em><\/span><\/span><\/p>\n<p><span style=\"color: #0000ff;\"><span style=\"text-decoration: underline;\"><em><u>Chaque itin\u00e9raire et attraction est discut\u00e9 au moment de la demande. <\/u>\u00a0De plus, s\u2019ils le souhaitent, les touristes peuvent modifier le programme d\u2019un circuit d\u00e9j\u00e0 r\u00e9serv\u00e9 et pay\u00e9.\u00a0 <\/em><\/span><em><u>Afin de prot\u00e9ger notre travail et nos droits, nous fournissons des itin\u00e9raires exclusifs et des points de r\u00e9ception d\u00e9velopp\u00e9s, uniquement pour les acheteurs reels.<\/u><\/em><\/span><\/p>\n","protected":false},"excerpt":{"rendered":"<p>Pr\u00e9sentation de la th\u00e9matique du tour guid\u00e9\u00a0 Les premiers \u00ab touristes \u00bb europ\u00e9ens &#8211; les Argonautes &#8211; sont venus en G\u00e9orgie (Colchide) \u00e0 la recherche de la l\u00e9gendaire Toison d&rsquo;Or, mille ans avant J\u00e9sus-Christ. Selon les mythes grecs anciens, la laine de mouton dor\u00e9e \u00e9tait obtenue lors de l&rsquo;extraction de l&rsquo;or dans les ruisseaux de [&hellip;]<\/p>\n","protected":false},"featured_media":19694,"template":"","meta":[],"product_brand":[],"product_cat":[242],"product_tag":[],"class_list":{"0":"post-14540","1":"product","2":"type-product","3":"status-publish","4":"has-post-thumbnail","6":"product_cat-thematic-tours-fr","8":"first","9":"instock","10":"shipping-taxable","11":"purchasable","12":"product-type-ovabrw_car_rental"},"_links":{"self":[{"href":"https:\/\/georgiavoyage.ge\/fr\/wp-json\/wp\/v2\/product\/14540","targetHints":{"allow":["GET"]}}],"collection":[{"href":"https:\/\/georgiavoyage.ge\/fr\/wp-json\/wp\/v2\/product"}],"about":[{"href":"https:\/\/georgiavoyage.ge\/fr\/wp-json\/wp\/v2\/types\/product"}],"version-history":[{"count":1,"href":"https:\/\/georgiavoyage.ge\/fr\/wp-json\/wp\/v2\/product\/14540\/revisions"}],"predecessor-version":[{"id":34788,"href":"https:\/\/georgiavoyage.ge\/fr\/wp-json\/wp\/v2\/product\/14540\/revisions\/34788"}],"wp:featuredmedia":[{"embeddable":true,"href":"https:\/\/georgiavoyage.ge\/fr\/wp-json\/wp\/v2\/media\/19694"}],"wp:attachment":[{"href":"https:\/\/georgiavoyage.ge\/fr\/wp-json\/wp\/v2\/media?parent=14540"}],"wp:term":[{"taxonomy":"product_brand","embeddable":true,"href":"https:\/\/georgiavoyage.ge\/fr\/wp-json\/wp\/v2\/product_brand?post=14540"},{"taxonomy":"product_cat","embeddable":true,"href":"https:\/\/georgiavoyage.ge\/fr\/wp-json\/wp\/v2\/product_cat?post=14540"},{"taxonomy":"product_tag","embeddable":true,"href":"https:\/\/georgiavoyage.ge\/fr\/wp-json\/wp\/v2\/product_tag?post=14540"}],"curies":[{"name":"wp","href":"https:\/\/api.w.org\/{rel}","templated":true}]}}