{"id":14544,"date":"2024-08-23T05:10:02","date_gmt":"2024-08-23T01:10:02","guid":{"rendered":"https:\/\/georgiavoyage.web-reflection.com\/tours\/outpost-of-georgian-civilization\/"},"modified":"2025-09-08T17:58:39","modified_gmt":"2025-09-08T13:58:39","slug":"classic-tour-outpost-of-georgian-civilization","status":"publish","type":"product","link":"https:\/\/georgiavoyage.ge\/fr\/product\/classic-tour-outpost-of-georgian-civilization\/","title":{"rendered":"CIRCUIT TH\u00c9MATIIQUE &#8211; BASTIONS DU CHRISTIANISME G\u00c9ORGIENNE"},"content":{"rendered":"<p><strong><em>Pr\u00e9sentation de la th\u00e9matique du tour guid\u00e9\u00a0<\/em><\/strong><\/p>\n<p><em>La G\u00e9orgie est c\u00e9l\u00e8bre pour ses anciens sanctuaires chr\u00e9tiens : \u00e9glises, monast\u00e8res et sites comm\u00e9moratifs directement li\u00e9s au pass\u00e9 historique du christianisme. Ces \u00e9difices religieux du christianisme ont non seulement contribu\u00e9 \u00e0 pr\u00e9server l\u2019identit\u00e9 g\u00e9orgienne en p\u00e9riode d\u2019\u00e9preuve, mais ont \u00e9galement apport\u00e9 une contribution significative au d\u00e9veloppement culturel et intellectuel du pays.<\/em><\/p>\n<p><em>Les lieux saints de G\u00e9orgie continuent d\u2019\u00eatre non seulement des lieux de pri\u00e8re, mais aussi des symboles culturels qui jouent un r\u00f4le important dans la pr\u00e9servation du patrimoine religieux et historique. Assurer leur protection et leur disponibilit\u00e9 pour les g\u00e9n\u00e9rations futures est un d\u00e9fi mondial. Nous vous invitons \u00e0 participer \u00e0 des circuits passionnants o\u00f9 vous visiterez les temples, monast\u00e8res et \u00e9glises les plus anciens de G\u00e9orgie.<\/em><\/p>\n<p><span style=\"color: #0000ff;\"><em>La visite th\u00e9matique vous fera d\u00e9couvrir les c\u00e9l\u00e8bres monast\u00e8res et temples de G\u00e9orgie et vous donnera l&rsquo;occasion de toucher la vie spirituelle du pays. Pour rendre le voyage aussi int\u00e9ressant que possible, nous vous proposons un itin\u00e9raire \u00e0 travers les monast\u00e8res et les \u00e9glises des villes et des montagnes de la G\u00e9orgie orthodoxe, o\u00f9 vous ressentirez la force de l&rsquo;esprit du peuple g\u00e9orgien et entrerez en contact avec les lieux saints, dont les plus anciens ont environ deux mille ans.<\/em><\/span><\/p>\n<p><em><strong>Attractions th\u00e9matiques visit\u00e9es:<\/strong><\/em><\/p>\n<ul>\n<li><em>Cath\u00e9drale de Sameba<\/em><\/li>\n<li><em>\u00a0L\u2019\u00e9glise de Metekhi<\/em><\/li>\n<li><em>Cath\u00e9drale de Sioni<\/em><\/li>\n<li><em>\u00a0L\u2019\u00e9glise de Jvaris Mama<\/em><\/li>\n<li><em>L\u2019\u00e9glise d&rsquo;Anchiskhati<\/em><\/li>\n<li><em>\u00a0L\u2019\u00e9glise de Kachveti<\/em><\/li>\n<li><em>Monast\u00e8re de Djvari<\/em><\/li>\n<li><em>Cath\u00e9drale de Svetitskhoveli<\/em><\/li>\n<li><em>Monast\u00e8re de Samtavro<\/em><\/li>\n<li><em>Monast\u00e8re de Shio-Mgvim\u00e9<\/em><\/li>\n<li><em>Monast\u00e8re de Dzveli \u00a0Chouamta<\/em><\/li>\n<li><em>Monast\u00e8re d&rsquo;Akhali \u00a0Chouamta<\/em><\/li>\n<li><em>Monast\u00e8re d&rsquo;Ikalto<\/em><\/li>\n<li><em>Monast\u00e8re d&rsquo;Alaverdi<\/em><\/li>\n<li><em>Complexe \u00a0Architecturale de Gremi<\/em><\/li>\n<li><em>Monast\u00e8re de Nekressi<\/em><\/li>\n<li><em>Monast\u00e8re de Martkopi<\/em><\/li>\n<li><em>Monast\u00e8re de Ninotsminda<\/em><\/li>\n<li><em>Monast\u00e8re de David Garedja<\/em><\/li>\n<li><em>Monast\u00e8re de Bodb\u00e9<\/em><\/li>\n<\/ul>\n<p><em><strong>D\u00e9tails organisationnels:<\/strong><\/em><\/p>\n<ul>\n<li><em>Tarif pour une personne $ (US Dollars) <strong><span style=\"color: #ff0000;\">\u00e0 partir de 45 USD pour un jour<\/span><\/strong><\/em><\/li>\n<li><em>Le co\u00fbt de chaque excursion est discut\u00e9 individuellement, d\u00e9pend du nombre de personnes et varie <strong><span style=\"color: #ff0000;\">(\u00b1) de 45 USD pour un jour.<\/span><\/strong><\/em><\/li>\n<li><em>Le prix comprend: le type de Transport appropri\u00e9, H\u00e9bergement avec petit d\u00e9jeuner, Services d&rsquo;un guide professionnel<\/em><em>.<\/em><\/li>\n<li><em>Pour plus d\u2019informations, n\u2019h\u00e9sitez pas appeler ou \u00e9crire\u00a0<span style=\"color: #ff0000;\"><strong>Viber\/WhatsApp +995 599 25 65 19<\/strong>\u00a0<\/span>\u00a0ou par courrier: <span style=\"color: #ff0000;\"><a style=\"color: #ff0000;\" href=\"mailto:info@georgiavoyage.ge\"><strong>info@georgiavoyage.ge<\/strong><\/a><\/span><a href=\"mailto:info@georgiavoyage.ge\"><strong><img decoding=\"async\" class=\"\" src=\"\/wp-content\/uploads\/2024\/08\/Pointer.png\" width=\"23\" height=\"23\" \/><\/strong><\/a> \u00a0<\/em><\/li>\n<li><strong><span style=\"color: #ff0000;\"><em>Horaires de circuit : sur demande.<\/em><\/span><\/strong><\/li>\n<\/ul>\n<table width=\"538\">\n<tbody>\n<tr>\n<td width=\"177\"><em>Nombre de personnes<\/em><\/td>\n<td width=\"76\"><em>\u00a0 1-3 per<\/em><\/td>\n<td width=\"94\"><em>\u00a0\u00a0\u00a0 4-8 per<\/em><\/td>\n<td width=\"95\"><em>\u00a0 \u00a09-19 per<\/em><\/td>\n<td width=\"96\"><em>\u00a020-40 per<\/em><\/td>\n<\/tr>\n<tr>\n<td width=\"177\"><em>Mode de transport<\/em><\/td>\n<td width=\"76\"><em>\u00a0Berline<\/em><\/td>\n<td width=\"94\"><em>\u00a0 Minivan<\/em><\/td>\n<td width=\"95\"><em>\u00a0 \u00a0Minibus<\/em><\/td>\n<td width=\"96\"><em>\u00a0 Autobus<\/em><\/td>\n<\/tr>\n<\/tbody>\n<\/table>\n<p><span style=\"color: #0000ff;\"><span style=\"text-decoration: underline;\"><em>*<\/em><\/span><em><u>Le programme du circuit est bas\u00e9 sur notre exp\u00e9rience et les opinions de nos clients compl\u00e8tement diff\u00e9rents. Ce sont des sch\u00e9mas et des programmes semi-finis qui peuvent \u00eatre facilement refaits. <\/u><\/em><span style=\"text-decoration: underline;\"><em>Ajouter ou soustraire un certain nombre de jours d\u2019excursion.\u00a0<span lang=\"FR\">Trier ou refaire le jour d\u2019excursion, changer la succession, la dur\u00e9e,\u00a0<\/span>les prix \u2026.<\/em><\/span><\/span><\/p>\n<p><span style=\"color: #0000ff;\"><span style=\"text-decoration: underline;\"><em><u>Chaque itin\u00e9raire et attraction est discut\u00e9 au moment de la demande. <\/u>\u00a0De plus, s\u2019ils le souhaitent, les touristes peuvent modifier le programme d\u2019un circuit d\u00e9j\u00e0 r\u00e9serv\u00e9 et pay\u00e9.\u00a0 <\/em><\/span><em><u>Afin de prot\u00e9ger notre travail et nos droits, nous fournissons des itin\u00e9raires exclusifs et des points de r\u00e9ception d\u00e9velopp\u00e9s, uniquement pour les acheteurs reels.<\/u><\/em><\/span><\/p>\n","protected":false},"excerpt":{"rendered":"<p>Pr\u00e9sentation de la th\u00e9matique du tour guid\u00e9\u00a0 La G\u00e9orgie est c\u00e9l\u00e8bre pour ses anciens sanctuaires chr\u00e9tiens : \u00e9glises, monast\u00e8res et sites comm\u00e9moratifs directement li\u00e9s au pass\u00e9 historique du christianisme. Ces \u00e9difices religieux du christianisme ont non seulement contribu\u00e9 \u00e0 pr\u00e9server l\u2019identit\u00e9 g\u00e9orgienne en p\u00e9riode d\u2019\u00e9preuve, mais ont \u00e9galement apport\u00e9 une contribution significative au d\u00e9veloppement culturel [&hellip;]<\/p>\n","protected":false},"featured_media":28757,"template":"","meta":[],"product_brand":[],"product_cat":[242],"product_tag":[],"class_list":{"0":"post-14544","1":"product","2":"type-product","3":"status-publish","4":"has-post-thumbnail","6":"product_cat-thematic-tours-fr","8":"first","9":"instock","10":"shipping-taxable","11":"purchasable","12":"product-type-ovabrw_car_rental"},"_links":{"self":[{"href":"https:\/\/georgiavoyage.ge\/fr\/wp-json\/wp\/v2\/product\/14544","targetHints":{"allow":["GET"]}}],"collection":[{"href":"https:\/\/georgiavoyage.ge\/fr\/wp-json\/wp\/v2\/product"}],"about":[{"href":"https:\/\/georgiavoyage.ge\/fr\/wp-json\/wp\/v2\/types\/product"}],"version-history":[{"count":1,"href":"https:\/\/georgiavoyage.ge\/fr\/wp-json\/wp\/v2\/product\/14544\/revisions"}],"predecessor-version":[{"id":34803,"href":"https:\/\/georgiavoyage.ge\/fr\/wp-json\/wp\/v2\/product\/14544\/revisions\/34803"}],"wp:featuredmedia":[{"embeddable":true,"href":"https:\/\/georgiavoyage.ge\/fr\/wp-json\/wp\/v2\/media\/28757"}],"wp:attachment":[{"href":"https:\/\/georgiavoyage.ge\/fr\/wp-json\/wp\/v2\/media?parent=14544"}],"wp:term":[{"taxonomy":"product_brand","embeddable":true,"href":"https:\/\/georgiavoyage.ge\/fr\/wp-json\/wp\/v2\/product_brand?post=14544"},{"taxonomy":"product_cat","embeddable":true,"href":"https:\/\/georgiavoyage.ge\/fr\/wp-json\/wp\/v2\/product_cat?post=14544"},{"taxonomy":"product_tag","embeddable":true,"href":"https:\/\/georgiavoyage.ge\/fr\/wp-json\/wp\/v2\/product_tag?post=14544"}],"curies":[{"name":"wp","href":"https:\/\/api.w.org\/{rel}","templated":true}]}}